{"id":11469,"date":"2025-03-13T19:06:27","date_gmt":"2025-03-13T19:06:27","guid":{"rendered":"https:\/\/casinoreturn.com\/?page_id=11469"},"modified":"2025-03-13T19:06:31","modified_gmt":"2025-03-13T19:06:31","slug":"unbegrenzte-willkommensbonus-casinos","status":"publish","type":"page","link":"https:\/\/casinoreturn.com\/de\/unbegrenzte-willkommensbonus-casinos\/","title":{"rendered":"Unbegrenzte Willkommensbonus-Casinos"},"content":{"rendered":"\t\t<div data-elementor-type=\"wp-page\" data-elementor-id=\"11469\" class=\"elementor elementor-11469\" data-elementor-post-type=\"page\">\n\t\t\t\t<div class=\"elementor-element elementor-element-65fa180 e-con-full e-flex e-con e-parent\" data-id=\"65fa180\" data-element_type=\"container\">\n\t\t\t\t<div class=\"elementor-element elementor-element-a7ea856 elementor-widget elementor-widget-heading\" data-id=\"a7ea856\" data-element_type=\"widget\" data-widget_type=\"heading.default\">\n\t\t\t\t<div class=\"elementor-widget-container\">\n\t\t\t\t\t<h3 class=\"elementor-heading-title elementor-size-default\">Unbegrenzte Willkommensbonus-Casinos<\/h3>\t\t\t\t<\/div>\n\t\t\t\t<\/div>\n\t\t\t\t<div class=\"elementor-element elementor-element-5b18e53 elementor-widget elementor-widget-text-editor\" data-id=\"5b18e53\" data-element_type=\"widget\" data-widget_type=\"text-editor.default\">\n\t\t\t\t<div class=\"elementor-widget-container\">\n\t\t\t\t\t\t\t\t\t<p>Unbegrenzte Willkommensbonus-Casinos sprie\u00dfen aus dem Boden. Diese neue Art von Casino-Angebot scheint eine neue Art von Spielern anzuziehen. Wir haben unbegrenzte Boni untersucht und eine Liste von Casinos zusammengestellt, die unbegrenzte Ersteinzahlungsboni anbieten. Wir vergleichen unbegrenzte mit hybriden Willkommensboni (Casino-Bonus plus Freispiele). Vor- und Nachteile von unbegrenzten Casino-Angeboten f\u00fcr Ihre erste Einzahlung.      <\/p>\n<p><strong>In diesem Artikel:  <\/strong><\/p>\n<ul>\n<li><a href=\"https:\/\/casinoreturn.com\/de\/?page_id=11469#unlim\">Unbegrenzter Bonus: Ist es zu sch\u00f6n, um wahr zu sein?  <\/a><\/li>\n<li>Wie funktioniert ein unbegrenzter Willkommensbonus?<\/li>\n<li>\n<h5><a href=\"https:\/\/casinoreturn.com\/de\/?page_id=11469#welcome\"><strong>Unbegrenzte Willkommensbonus-Casinos<\/strong><\/a><\/h5>\n<\/li>\n<li><a href=\"https:\/\/casinoreturn.com\/de\/?page_id=11469#pros\">Vor- und Nachteile von unbegrenzten Ersteinzahlungsboni<\/a><\/li>\n<li><a href=\"https:\/\/casinoreturn.com\/de\/?page_id=11469#faq\">FAQs<\/a><\/li>\n<\/ul>\n\t\t\t\t\t\t\t\t<\/div>\n\t\t\t\t<\/div>\n\t\t\t\t<\/div>\n\t\t<div class=\"elementor-element elementor-element-3649d24 e-con-full e-flex e-con e-parent\" data-id=\"3649d24\" data-element_type=\"container\" data-settings=\"{&quot;background_background&quot;:&quot;classic&quot;}\">\n\t\t\t\t<div class=\"elementor-element elementor-element-c5dc9e4 elementor-widget elementor-widget-image\" data-id=\"c5dc9e4\" data-element_type=\"widget\" data-widget_type=\"image.default\">\n\t\t\t\t<div class=\"elementor-widget-container\">\n\t\t\t\t\t\t\t\t\t\t\t\t\t\t\t<img decoding=\"async\" src=\"https:\/\/casinoreturn.com\/wp-content\/uploads\/elementor\/thumbs\/unlimited-welcome-bonus-casinos-1-r2t5vjaha6pg376pb8p6qwexae4ucxq9pqklcybqdg.png\" title=\"unlimited welcome bonus casinos\" alt=\"unlimited welcome bonus casinos\" loading=\"lazy\" \/>\t\t\t\t\t\t\t\t\t\t\t\t\t\t\t<\/div>\n\t\t\t\t<\/div>\n\t\t\t\t<\/div>\n\t\t<div class=\"elementor-element elementor-element-5307139 e-con-full e-flex e-con e-parent\" data-id=\"5307139\" data-element_type=\"container\">\n\t\t\t\t<div class=\"elementor-element elementor-element-1356946 elementor-widget elementor-widget-heading\" data-id=\"1356946\" data-element_type=\"widget\" id=\"unlim\" data-widget_type=\"heading.default\">\n\t\t\t\t<div class=\"elementor-widget-container\">\n\t\t\t\t\t<h4 class=\"elementor-heading-title elementor-size-default\">Unbegrenzter Bonus: Zu sch\u00f6n, um wahr zu sein?<\/h4>\t\t\t\t<\/div>\n\t\t\t\t<\/div>\n\t\t\t\t<div class=\"elementor-element elementor-element-0922729 elementor-widget elementor-widget-text-editor\" data-id=\"0922729\" data-element_type=\"widget\" data-widget_type=\"text-editor.default\">\n\t\t\t\t<div class=\"elementor-widget-container\">\n\t\t\t\t\t\t\t\t\t<p>Die erste Einzahlung in einem Casino ist immer spannend und aufregend. Die Casinos haben viele Funktionen und Bonusarten f\u00fcr neu registrierte Spieler entwickelt, um neue Spieler zu einer Einzahlung zu motivieren. Ein Willkommensangebot eines Casinos besteht traditionell aus einem Bonus und Freispielen, die durch die erste erfolgreiche Einzahlung eines Spielers ausgel\u00f6st werden.    <\/p>\n<p><strong>Typische Elemente eines Willkommensbonus im Casino:<\/strong><\/p>\n<ul>\n<li>Bonuslaufzeit von 7-14 Tagen (selten 21 Tage)<\/li>\n<li>Casino-Bonus 30 bis 60 Mal umsetzen<\/li>\n<li>Gratis-Spins mit bis zu 80-fachem Einsatz<\/li>\n<li>Matching Deposit Boni von 50% bis zu 400% sind bekannt<\/li>\n<li>Einzahlungen variieren von nur 1 \u20ac bis zu 4500 \u20ac.<\/li>\n<li>Es gelten einige Einschr\u00e4nkungen f\u00fcr Live-Tische und Spielautomaten.  <\/li>\n<\/ul>\n<p><strong>Unbegrenzte Willkommensangebote im Casino<\/strong><\/p>\n<p>Diese Art von Casino hat typische Elemente, bietet aber neuen Spielern eine unbegrenzte Ersteinzahlung.  <strong>Wie funktionieren also Casinos mit unbegrenztem Willkommensbonus?<\/strong><\/p>\n<p>Die Spieler k\u00f6nnen die h\u00f6chste Marge f\u00fcr ihre erste Einzahlung w\u00e4hlen. Es gelten die T&amp;Cs.   <\/p>\n\t\t\t\t\t\t\t\t<\/div>\n\t\t\t\t<\/div>\n\t\t\t\t<div class=\"elementor-element elementor-element-4971b29 elementor-widget elementor-widget-heading\" data-id=\"4971b29\" data-element_type=\"widget\" id=\"pros\" data-widget_type=\"heading.default\">\n\t\t\t\t<div class=\"elementor-widget-container\">\n\t\t\t\t\t<h4 class=\"elementor-heading-title elementor-size-default\">Vor- und Nachteile Unbegrenzter Casino-Bonus<\/h4>\t\t\t\t<\/div>\n\t\t\t\t<\/div>\n\t\t\t\t<div class=\"elementor-element elementor-element-5a2c3e3 elementor-widget elementor-widget-text-editor\" data-id=\"5a2c3e3\" data-element_type=\"widget\" data-widget_type=\"text-editor.default\">\n\t\t\t\t<div class=\"elementor-widget-container\">\n\t\t\t\t\t\t\t\t\t<p><strong>Vorteile:  <\/strong><\/p>\n<ul>\n<li>Sie haben die Wahl &#8211; Sie entscheiden \u00fcber Ihre Einzahlungslimits.<\/li>\n<li>Verbraucher mit h\u00f6heren Eins\u00e4tzen k\u00f6nnen h\u00f6here Stufen in VIP-Programmen erreichen und erhalten g\u00fcnstige Cashbacks<\/li>\n<\/ul>\n<p><strong>Nachteile:<\/strong> <\/p>\n<ul>\n<li>Bonus Lifetime kann sich selbst etwas anstrengen, um den Wetteinsatz zu erf\u00fcllen<\/li>\n<li>Fragen zum verantwortungsvollen Spielen<\/li>\n<li>Die Bedingungen sind schwieriger zu erf\u00fcllen und bergen die Gefahr, dass das restliche Bonusguthaben verf\u00e4llt.<\/li>\n<\/ul>\n\t\t\t\t\t\t\t\t<\/div>\n\t\t\t\t<\/div>\n\t\t\t\t<div class=\"elementor-element elementor-element-eacb97d elementor-widget elementor-widget-heading\" data-id=\"eacb97d\" data-element_type=\"widget\" id=\"welcome\" data-widget_type=\"heading.default\">\n\t\t\t\t<div class=\"elementor-widget-container\">\n\t\t\t\t\t<h4 class=\"elementor-heading-title elementor-size-default\">Unbegrenzte Willkommensbonus-Casinos<\/h4>\t\t\t\t<\/div>\n\t\t\t\t<\/div>\n\t\t\t\t<div class=\"elementor-element elementor-element-628dff1 elementor-widget elementor-widget-image\" data-id=\"628dff1\" data-element_type=\"widget\" data-widget_type=\"image.default\">\n\t\t\t\t<div class=\"elementor-widget-container\">\n\t\t\t\t\t\t\t\t\t\t\t\t\t\t\t<img decoding=\"async\" src=\"https:\/\/casinoreturn.com\/wp-content\/uploads\/elementor\/thumbs\/Global-Crypto-deposits-r27yw7zfpamo2ywuxdyacn3ygux8rbsfd9bht15akw.jpg\" title=\"Bonus by country\" alt=\"Bonus by country\" loading=\"lazy\" \/>\t\t\t\t\t\t\t\t\t\t\t\t\t\t\t<\/div>\n\t\t\t\t<\/div>\n\t\t\t\t<\/div>\n\t\t<div class=\"elementor-element elementor-element-4c21936 e-con-full e-flex e-con e-parent\" data-id=\"4c21936\" data-element_type=\"container\" data-settings=\"{&quot;background_background&quot;:&quot;classic&quot;}\">\n\t\t\t\t<div class=\"elementor-element elementor-element-464e37a elementor-widget elementor-widget-image\" data-id=\"464e37a\" data-element_type=\"widget\" data-widget_type=\"image.default\">\n\t\t\t\t<div class=\"elementor-widget-container\">\n\t\t\t\t\t\t\t\t\t\t\t\t\t\t\t\t<a href=\"https:\/\/drp-irrs12.com\/c56da96c3\" target=\"_blank\" rel=\"nofollow\">\n\t\t\t\t\t\t\t<img decoding=\"async\" src=\"https:\/\/casinoreturn.com\/wp-content\/uploads\/elementor\/thumbs\/Drip-Logo-quhy3morqp635l0w5yz0duvn4zr39840ni7k2iml6g.png\" title=\"Drip Logo\" alt=\"Drip No Deposit Bonus Casino\" loading=\"lazy\" \/>\t\t\t\t\t\t\t\t<\/a>\n\t\t\t\t\t\t\t\t\t\t\t\t\t\t\t<\/div>\n\t\t\t\t<\/div>\n\t\t\t\t<div class=\"elementor-element elementor-element-227afe5 elementor-widget elementor-widget-heading\" data-id=\"227afe5\" data-element_type=\"widget\" data-widget_type=\"heading.default\">\n\t\t\t\t<div class=\"elementor-widget-container\">\n\t\t\t\t\t<h4 class=\"elementor-heading-title elementor-size-default\"><a href=\"https:\/\/drp-irrs12.com\/c56da96c3\" target=\"_blank\" rel=\"nofollow\">Drip Unlimited Casino-Bonus<\/a><\/h4>\t\t\t\t<\/div>\n\t\t\t\t<\/div>\n\t\t\t\t<div class=\"elementor-element elementor-element-1a35b8f elementor-widget elementor-widget-text-editor\" data-id=\"1a35b8f\" data-element_type=\"widget\" data-widget_type=\"text-editor.default\">\n\t\t\t\t<div class=\"elementor-widget-container\">\n\t\t\t\t\t\t\t\t\t<p><strong>20 Freispiele bei Reg &#8222;RETURN50\u2033<\/strong> + <strong>50% No Limit Bonus<\/strong> Es gelten die AGBs  <\/p>\n\t\t\t\t\t\t\t\t<\/div>\n\t\t\t\t<\/div>\n\t\t\t\t<div class=\"elementor-element elementor-element-028e927 elementor-button-success elementor-align-center elementor-widget elementor-widget-button\" data-id=\"028e927\" data-element_type=\"widget\" data-widget_type=\"button.default\">\n\t\t\t\t<div class=\"elementor-widget-container\">\n\t\t\t\t\t\t\t\t\t<div class=\"elementor-button-wrapper\">\n\t\t\t\t\t<a class=\"elementor-button elementor-button-link elementor-size-sm\" href=\"https:\/\/drp-irrs12.com\/c56da96c3\" target=\"_blank\" rel=\"nofollow\">\n\t\t\t\t\t\t<span class=\"elementor-button-content-wrapper\">\n\t\t\t\t\t\t\t\t\t<span class=\"elementor-button-text\">Bonus anfordern<\/span>\n\t\t\t\t\t<\/span>\n\t\t\t\t\t<\/a>\n\t\t\t\t<\/div>\n\t\t\t\t\t\t\t\t<\/div>\n\t\t\t\t<\/div>\n\t\t\t\t<\/div>\n\t\t<div class=\"elementor-element elementor-element-8fc8257 e-con-full e-flex e-con e-parent\" data-id=\"8fc8257\" data-element_type=\"container\" data-settings=\"{&quot;background_background&quot;:&quot;classic&quot;}\">\n\t\t\t\t<div class=\"elementor-element elementor-element-ac6b3f6 elementor-widget elementor-widget-image\" data-id=\"ac6b3f6\" data-element_type=\"widget\" data-widget_type=\"image.default\">\n\t\t\t\t<div class=\"elementor-widget-container\">\n\t\t\t\t\t\t\t\t\t\t\t\t\t\t\t\t<a href=\"https:\/\/go.aff.betplays.com\/8b5wn8do?campaign_id=23369\" target=\"_blank\" rel=\"nofollow\">\n\t\t\t\t\t\t\t<img decoding=\"async\" src=\"https:\/\/casinoreturn.com\/wp-content\/uploads\/elementor\/thumbs\/betplays-sports-betting-casino-r1qidagpowuu4ny9q6nt31qg2eecy0nm053wtesv5k.png\" title=\"betplays sports betting casino\" alt=\"betplays sports betting casino\" loading=\"lazy\" \/>\t\t\t\t\t\t\t\t<\/a>\n\t\t\t\t\t\t\t\t\t\t\t\t\t\t\t<\/div>\n\t\t\t\t<\/div>\n\t\t\t\t<div class=\"elementor-element elementor-element-95d6336 elementor-widget elementor-widget-heading\" data-id=\"95d6336\" data-element_type=\"widget\" data-widget_type=\"heading.default\">\n\t\t\t\t<div class=\"elementor-widget-container\">\n\t\t\t\t\t<h4 class=\"elementor-heading-title elementor-size-default\"><a href=\"https:\/\/drp-irrs12.com\/c56da96c3\" target=\"_blank\" rel=\"nofollow\">Betplays Unbegrenzter Casino-Bonus<\/a><\/h4>\t\t\t\t<\/div>\n\t\t\t\t<\/div>\n\t\t\t\t<div class=\"elementor-element elementor-element-60f774b elementor-widget elementor-widget-text-editor\" data-id=\"60f774b\" data-element_type=\"widget\" data-widget_type=\"text-editor.default\">\n\t\t\t\t<div class=\"elementor-widget-container\">\n\t\t\t\t\t\t\t\t\t<p><b>100% Unbegrenztes Willkommensangebot f\u00fcr Casino und Sportwetten + 20% Freiwetten <\/b>Es gelten die AGBs  <\/p>\n\t\t\t\t\t\t\t\t<\/div>\n\t\t\t\t<\/div>\n\t\t\t\t<div class=\"elementor-element elementor-element-ae6ddab elementor-button-success elementor-align-center elementor-widget elementor-widget-button\" data-id=\"ae6ddab\" data-element_type=\"widget\" data-widget_type=\"button.default\">\n\t\t\t\t<div class=\"elementor-widget-container\">\n\t\t\t\t\t\t\t\t\t<div class=\"elementor-button-wrapper\">\n\t\t\t\t\t<a class=\"elementor-button elementor-button-link elementor-size-sm\" href=\"https:\/\/go.aff.betplays.com\/8b5wn8do?campaign_id=23369\" target=\"_blank\" rel=\"nofollow\">\n\t\t\t\t\t\t<span class=\"elementor-button-content-wrapper\">\n\t\t\t\t\t\t\t\t\t<span class=\"elementor-button-text\">Bonus anfordern<\/span>\n\t\t\t\t\t<\/span>\n\t\t\t\t\t<\/a>\n\t\t\t\t<\/div>\n\t\t\t\t\t\t\t\t<\/div>\n\t\t\t\t<\/div>\n\t\t\t\t<\/div>\n\t\t<div class=\"elementor-element elementor-element-32f84a5 e-con-full e-flex e-con e-parent\" data-id=\"32f84a5\" data-element_type=\"container\">\n\t\t\t\t<div class=\"elementor-element elementor-element-7967689 elementor-widget elementor-widget-heading\" data-id=\"7967689\" data-element_type=\"widget\" id=\"faq\" data-widget_type=\"heading.default\">\n\t\t\t\t<div class=\"elementor-widget-container\">\n\t\t\t\t\t<h4 class=\"elementor-heading-title elementor-size-default\">FAQs<\/h4>\t\t\t\t<\/div>\n\t\t\t\t<\/div>\n\t\t\t\t<div class=\"elementor-element elementor-element-a49e6bd elementor-widget elementor-widget-elementskit-faq\" data-id=\"a49e6bd\" data-element_type=\"widget\" data-widget_type=\"elementskit-faq.default\">\n\t\t\t\t<div class=\"elementor-widget-container\">\n\t\t\t\t\t<div class=\"ekit-wid-con\" >\n                <div class=\"elementskit-single-faq elementor-repeater-item-bc1842c\">\n            <div class=\"elementskit-faq-header\">\n                <h2 class=\"elementskit-faq-title\">What if I do not complete my Unlimited casino Bonus?  <\/h2>\n            <\/div>\n            <div class=\"elementskit-faq-body\">\n                In most cases, your bonus is voided. Once your bonus is activated, real money funds are used first, and then bonus. We recommend to read the terms and conditions, to be comfortable with bonus lifetime and wagering.            <\/div>\n        <\/div>\n                <div class=\"elementskit-single-faq elementor-repeater-item-7f5232c\">\n            <div class=\"elementskit-faq-header\">\n                <h2 class=\"elementskit-faq-title\">Are Unlimited Bonus offers available in all countries? <\/h2>\n            <\/div>\n            <div class=\"elementskit-faq-body\">\n                Certainly not. They often clash with responsible gaming regulations and Licencing authorities.            <\/div>\n        <\/div>\n                <div class=\"elementskit-single-faq elementor-repeater-item-902802a\">\n            <div class=\"elementskit-faq-header\">\n                <h2 class=\"elementskit-faq-title\">Can I use my Unlimited Bonus for Sports Betting and Casino?<\/h2>\n            <\/div>\n            <div class=\"elementskit-faq-body\">\n                The answer is no. Both casino elements are different. Odds and slots wagering are totally different from another in terms of return to player.            <\/div>\n        <\/div>\n                \n    <\/div>\t\t\t\t<\/div>\n\t\t\t\t<\/div>\n\t\t\t\t<\/div>\n\t\t\t\t<\/div>\n\t\t","protected":false},"excerpt":{"rendered":"<p>Unbegrenzte Willkommensbonus-Casinos Unbegrenzte Willkommensbonus-Casinos sprie\u00dfen aus dem Boden. Diese neue Art von Casino-Angebot scheint eine neue Art von Spielern anzuziehen. Wir haben unbegrenzte Boni untersucht und eine Liste von Casinos zusammengestellt, die unbegrenzte Ersteinzahlungsboni anbieten. Wir vergleichen unbegrenzte mit hybriden Willkommensboni (Casino-Bonus plus Freispiele). Vor- und Nachteile von unbegrenzten Casino-Angeboten f\u00fcr Ihre erste Einzahlung. In [&hellip;]<\/p>\n","protected":false},"author":1,"featured_media":11380,"parent":0,"menu_order":0,"comment_status":"closed","ping_status":"closed","template":"","meta":{"footnotes":""},"class_list":["post-11469","page","type-page","status-publish","has-post-thumbnail","hentry"],"blocksy_meta":[],"acf":[],"yoast_head":"<!-- This site is optimized with the Yoast SEO plugin v24.1 - https:\/\/yoast.com\/wordpress\/plugins\/seo\/ -->\n<title>Unbegrenzte Willkommensbonus-Casinos - casinoreturn<\/title>\n<meta name=\"description\" content=\"Unbegrenzte Willkommensbonus-Casinos sprie\u00dfen aus dem Boden. Wir untersuchen diese Art von Bonusangeboten und ihre Vor- und Nachteile.\" \/>\n<meta name=\"robots\" content=\"index, follow, max-snippet:-1, max-image-preview:large, max-video-preview:-1\" \/>\n<link rel=\"canonical\" href=\"https:\/\/casinoreturn.com\/de\/unbegrenzte-willkommensbonus-casinos\/\" \/>\n<meta property=\"og:locale\" content=\"de_DE\" \/>\n<meta property=\"og:type\" content=\"article\" \/>\n<meta property=\"og:title\" content=\"Unbegrenzte Willkommensbonus-Casinos - casinoreturn\" \/>\n<meta property=\"og:description\" content=\"Unbegrenzte Willkommensbonus-Casinos sprie\u00dfen aus dem Boden. Wir untersuchen diese Art von Bonusangeboten und ihre Vor- und Nachteile.\" \/>\n<meta property=\"og:url\" content=\"https:\/\/casinoreturn.com\/de\/unbegrenzte-willkommensbonus-casinos\/\" \/>\n<meta property=\"og:site_name\" content=\"casinoreturn\" \/>\n<meta property=\"article:modified_time\" content=\"2025-03-13T19:06:31+00:00\" \/>\n<meta property=\"og:image\" content=\"https:\/\/casinoreturn.com\/wp-content\/uploads\/2025\/03\/unlimited-welcome-bonus-casinos-1.png\" \/>\n\t<meta property=\"og:image:width\" content=\"1359\" \/>\n\t<meta property=\"og:image:height\" content=\"767\" \/>\n\t<meta property=\"og:image:type\" content=\"image\/png\" \/>\n<meta name=\"twitter:card\" content=\"summary_large_image\" \/>\n<meta name=\"twitter:label1\" content=\"Gesch\u00e4tzte Lesezeit\" \/>\n\t<meta name=\"twitter:data1\" content=\"2\u00a0Minuten\" \/>\n<script type=\"application\/ld+json\" class=\"yoast-schema-graph\">{\"@context\":\"https:\/\/schema.org\",\"@graph\":[{\"@type\":\"WebPage\",\"@id\":\"https:\/\/casinoreturn.com\/de\/unbegrenzte-willkommensbonus-casinos\/\",\"url\":\"https:\/\/casinoreturn.com\/de\/unbegrenzte-willkommensbonus-casinos\/\",\"name\":\"Unbegrenzte Willkommensbonus-Casinos - casinoreturn\",\"isPartOf\":{\"@id\":\"https:\/\/casinoreturn.com\/#website\"},\"primaryImageOfPage\":{\"@id\":\"https:\/\/casinoreturn.com\/de\/unbegrenzte-willkommensbonus-casinos\/#primaryimage\"},\"image\":{\"@id\":\"https:\/\/casinoreturn.com\/de\/unbegrenzte-willkommensbonus-casinos\/#primaryimage\"},\"thumbnailUrl\":\"https:\/\/casinoreturn.com\/wp-content\/uploads\/2025\/03\/unlimited-welcome-bonus-casinos-1.png\",\"datePublished\":\"2025-03-13T19:06:27+00:00\",\"dateModified\":\"2025-03-13T19:06:31+00:00\",\"description\":\"Unbegrenzte Willkommensbonus-Casinos sprie\u00dfen aus dem Boden. Wir untersuchen diese Art von Bonusangeboten und ihre Vor- und Nachteile.\",\"breadcrumb\":{\"@id\":\"https:\/\/casinoreturn.com\/de\/unbegrenzte-willkommensbonus-casinos\/#breadcrumb\"},\"inLanguage\":\"de\",\"potentialAction\":[{\"@type\":\"ReadAction\",\"target\":[\"https:\/\/casinoreturn.com\/de\/unbegrenzte-willkommensbonus-casinos\/\"]}]},{\"@type\":\"ImageObject\",\"inLanguage\":\"de\",\"@id\":\"https:\/\/casinoreturn.com\/de\/unbegrenzte-willkommensbonus-casinos\/#primaryimage\",\"url\":\"https:\/\/casinoreturn.com\/wp-content\/uploads\/2025\/03\/unlimited-welcome-bonus-casinos-1.png\",\"contentUrl\":\"https:\/\/casinoreturn.com\/wp-content\/uploads\/2025\/03\/unlimited-welcome-bonus-casinos-1.png\",\"width\":1359,\"height\":767,\"caption\":\"unlimited welcome bonus casinos\"},{\"@type\":\"BreadcrumbList\",\"@id\":\"https:\/\/casinoreturn.com\/de\/unbegrenzte-willkommensbonus-casinos\/#breadcrumb\",\"itemListElement\":[{\"@type\":\"ListItem\",\"position\":1,\"name\":\"Home\",\"item\":\"https:\/\/casinoreturn.com\/de\/heim\/\"},{\"@type\":\"ListItem\",\"position\":2,\"name\":\"Unbegrenzte Willkommensbonus-Casinos\"}]},{\"@type\":\"WebSite\",\"@id\":\"https:\/\/casinoreturn.com\/#website\",\"url\":\"https:\/\/casinoreturn.com\/\",\"name\":\"casinoreturn\",\"description\":\"\",\"publisher\":{\"@id\":\"https:\/\/casinoreturn.com\/#organization\"},\"potentialAction\":[{\"@type\":\"SearchAction\",\"target\":{\"@type\":\"EntryPoint\",\"urlTemplate\":\"https:\/\/casinoreturn.com\/?s={search_term_string}\"},\"query-input\":{\"@type\":\"PropertyValueSpecification\",\"valueRequired\":true,\"valueName\":\"search_term_string\"}}],\"inLanguage\":\"de\"},{\"@type\":\"Organization\",\"@id\":\"https:\/\/casinoreturn.com\/#organization\",\"name\":\"casinoreturn\",\"url\":\"https:\/\/casinoreturn.com\/\",\"logo\":{\"@type\":\"ImageObject\",\"inLanguage\":\"de\",\"@id\":\"https:\/\/casinoreturn.com\/#\/schema\/logo\/image\/\",\"url\":\"https:\/\/casinoreturn.com\/wp-content\/uploads\/2024\/09\/animal-favicon.png\",\"contentUrl\":\"https:\/\/casinoreturn.com\/wp-content\/uploads\/2024\/09\/animal-favicon.png\",\"width\":92,\"height\":92,\"caption\":\"casinoreturn\"},\"image\":{\"@id\":\"https:\/\/casinoreturn.com\/#\/schema\/logo\/image\/\"}}]}<\/script>\n<!-- \/ Yoast SEO plugin. -->","yoast_head_json":{"title":"Unbegrenzte Willkommensbonus-Casinos - casinoreturn","description":"Unbegrenzte Willkommensbonus-Casinos sprie\u00dfen aus dem Boden. Wir untersuchen diese Art von Bonusangeboten und ihre Vor- und Nachteile.","robots":{"index":"index","follow":"follow","max-snippet":"max-snippet:-1","max-image-preview":"max-image-preview:large","max-video-preview":"max-video-preview:-1"},"canonical":"https:\/\/casinoreturn.com\/de\/unbegrenzte-willkommensbonus-casinos\/","og_locale":"de_DE","og_type":"article","og_title":"Unbegrenzte Willkommensbonus-Casinos - casinoreturn","og_description":"Unbegrenzte Willkommensbonus-Casinos sprie\u00dfen aus dem Boden. Wir untersuchen diese Art von Bonusangeboten und ihre Vor- und Nachteile.","og_url":"https:\/\/casinoreturn.com\/de\/unbegrenzte-willkommensbonus-casinos\/","og_site_name":"casinoreturn","article_modified_time":"2025-03-13T19:06:31+00:00","og_image":[{"width":1359,"height":767,"url":"https:\/\/casinoreturn.com\/wp-content\/uploads\/2025\/03\/unlimited-welcome-bonus-casinos-1.png","type":"image\/png"}],"twitter_card":"summary_large_image","twitter_misc":{"Gesch\u00e4tzte Lesezeit":"2\u00a0Minuten"},"schema":{"@context":"https:\/\/schema.org","@graph":[{"@type":"WebPage","@id":"https:\/\/casinoreturn.com\/de\/unbegrenzte-willkommensbonus-casinos\/","url":"https:\/\/casinoreturn.com\/de\/unbegrenzte-willkommensbonus-casinos\/","name":"Unbegrenzte Willkommensbonus-Casinos - casinoreturn","isPartOf":{"@id":"https:\/\/casinoreturn.com\/#website"},"primaryImageOfPage":{"@id":"https:\/\/casinoreturn.com\/de\/unbegrenzte-willkommensbonus-casinos\/#primaryimage"},"image":{"@id":"https:\/\/casinoreturn.com\/de\/unbegrenzte-willkommensbonus-casinos\/#primaryimage"},"thumbnailUrl":"https:\/\/casinoreturn.com\/wp-content\/uploads\/2025\/03\/unlimited-welcome-bonus-casinos-1.png","datePublished":"2025-03-13T19:06:27+00:00","dateModified":"2025-03-13T19:06:31+00:00","description":"Unbegrenzte Willkommensbonus-Casinos sprie\u00dfen aus dem Boden. Wir untersuchen diese Art von Bonusangeboten und ihre Vor- und Nachteile.","breadcrumb":{"@id":"https:\/\/casinoreturn.com\/de\/unbegrenzte-willkommensbonus-casinos\/#breadcrumb"},"inLanguage":"de","potentialAction":[{"@type":"ReadAction","target":["https:\/\/casinoreturn.com\/de\/unbegrenzte-willkommensbonus-casinos\/"]}]},{"@type":"ImageObject","inLanguage":"de","@id":"https:\/\/casinoreturn.com\/de\/unbegrenzte-willkommensbonus-casinos\/#primaryimage","url":"https:\/\/casinoreturn.com\/wp-content\/uploads\/2025\/03\/unlimited-welcome-bonus-casinos-1.png","contentUrl":"https:\/\/casinoreturn.com\/wp-content\/uploads\/2025\/03\/unlimited-welcome-bonus-casinos-1.png","width":1359,"height":767,"caption":"unlimited welcome bonus casinos"},{"@type":"BreadcrumbList","@id":"https:\/\/casinoreturn.com\/de\/unbegrenzte-willkommensbonus-casinos\/#breadcrumb","itemListElement":[{"@type":"ListItem","position":1,"name":"Home","item":"https:\/\/casinoreturn.com\/de\/heim\/"},{"@type":"ListItem","position":2,"name":"Unbegrenzte Willkommensbonus-Casinos"}]},{"@type":"WebSite","@id":"https:\/\/casinoreturn.com\/#website","url":"https:\/\/casinoreturn.com\/","name":"casinoreturn","description":"","publisher":{"@id":"https:\/\/casinoreturn.com\/#organization"},"potentialAction":[{"@type":"SearchAction","target":{"@type":"EntryPoint","urlTemplate":"https:\/\/casinoreturn.com\/?s={search_term_string}"},"query-input":{"@type":"PropertyValueSpecification","valueRequired":true,"valueName":"search_term_string"}}],"inLanguage":"de"},{"@type":"Organization","@id":"https:\/\/casinoreturn.com\/#organization","name":"casinoreturn","url":"https:\/\/casinoreturn.com\/","logo":{"@type":"ImageObject","inLanguage":"de","@id":"https:\/\/casinoreturn.com\/#\/schema\/logo\/image\/","url":"https:\/\/casinoreturn.com\/wp-content\/uploads\/2024\/09\/animal-favicon.png","contentUrl":"https:\/\/casinoreturn.com\/wp-content\/uploads\/2024\/09\/animal-favicon.png","width":92,"height":92,"caption":"casinoreturn"},"image":{"@id":"https:\/\/casinoreturn.com\/#\/schema\/logo\/image\/"}}]}},"_links":{"self":[{"href":"https:\/\/casinoreturn.com\/de\/wp-json\/wp\/v2\/pages\/11469","targetHints":{"allow":["GET"]}}],"collection":[{"href":"https:\/\/casinoreturn.com\/de\/wp-json\/wp\/v2\/pages"}],"about":[{"href":"https:\/\/casinoreturn.com\/de\/wp-json\/wp\/v2\/types\/page"}],"author":[{"embeddable":true,"href":"https:\/\/casinoreturn.com\/de\/wp-json\/wp\/v2\/users\/1"}],"replies":[{"embeddable":true,"href":"https:\/\/casinoreturn.com\/de\/wp-json\/wp\/v2\/comments?post=11469"}],"version-history":[{"count":2,"href":"https:\/\/casinoreturn.com\/de\/wp-json\/wp\/v2\/pages\/11469\/revisions"}],"predecessor-version":[{"id":11489,"href":"https:\/\/casinoreturn.com\/de\/wp-json\/wp\/v2\/pages\/11469\/revisions\/11489"}],"wp:featuredmedia":[{"embeddable":true,"href":"https:\/\/casinoreturn.com\/de\/wp-json\/wp\/v2\/media\/11380"}],"wp:attachment":[{"href":"https:\/\/casinoreturn.com\/de\/wp-json\/wp\/v2\/media?parent=11469"}],"curies":[{"name":"wp","href":"https:\/\/api.w.org\/{rel}","templated":true}]}}