{"id":15975,"date":"2025-10-20T11:35:56","date_gmt":"2025-10-20T11:35:56","guid":{"rendered":"https:\/\/casinoreturn.com\/gewinnspiel-casinos-in-virginia\/"},"modified":"2025-10-31T14:11:19","modified_gmt":"2025-10-31T14:11:19","slug":"gewinnspiel-casinos-in-virginia","status":"publish","type":"page","link":"https:\/\/casinoreturn.com\/de\/gewinnspiel-casinos-in-virginia\/","title":{"rendered":"Gewinnspiel Casinos in Virginia"},"content":{"rendered":"\t\t<div data-elementor-type=\"wp-page\" data-elementor-id=\"15975\" class=\"elementor elementor-15975\" data-elementor-post-type=\"page\">\n\t\t\t\t<div class=\"elementor-element elementor-element-047734d e-con-full e-flex e-con e-parent\" data-id=\"047734d\" data-element_type=\"container\">\n\t\t\t\t<div class=\"elementor-element elementor-element-1de28d0 elementor-widget elementor-widget-heading\" data-id=\"1de28d0\" data-element_type=\"widget\" data-widget_type=\"heading.default\">\n\t\t\t\t<div class=\"elementor-widget-container\">\n\t\t\t\t\t<h2 class=\"elementor-heading-title elementor-size-default\">Gewinnspiel Casinos in Virginia<\/h2>\t\t\t\t<\/div>\n\t\t\t\t<\/div>\n\t\t\t\t<div class=\"elementor-element elementor-element-84aa821 elementor-widget elementor-widget-text-editor\" data-id=\"84aa821\" data-element_type=\"widget\" data-widget_type=\"text-editor.default\">\n\t\t\t\t<div class=\"elementor-widget-container\">\n\t\t\t\t\t\t\t\t\t<p>Sweepstake-Casinos in Virginia gelten aufgrund des kostenlosen Eintrittsmodells nicht als Gl\u00fccksspiel. Andere Staaten wie New York und Kalifornien haben eine h\u00e4rtere Gangart gegen\u00fcber Gewinnspiel-Casinos eingeschlagen. Lesen Sie mehr \u00fcber <a href=\"https:\/\/casinoreturn.com\/new-york-sweepstake-casinos\/\">New York und die derzeitige Rechtslage in Bezug auf Gewinnspiel-Casinos<\/a>. Und hier finden Sie einen vollst\u00e4ndigen Bericht \u00fcber die <a href=\"https:\/\/casinoreturn.com\/california-bans-social-sweepstake-games\/\">kalifornischen Sweepstake-Casinos<\/a>.<\/p>\n<p><img fetchpriority=\"high\" decoding=\"async\" class=\"alignnone size-medium wp-image-15603\" src=\"https:\/\/casinoreturn.com\/wp-content\/uploads\/2025\/10\/Sweepstake-Casinos-in-Virginia-300x300.png\" alt=\"Gewinnspiel Casinos in Virginia\" width=\"300\" height=\"300\" srcset=\"https:\/\/casinoreturn.com\/wp-content\/uploads\/2025\/10\/Sweepstake-Casinos-in-Virginia-300x300.png 300w, https:\/\/casinoreturn.com\/wp-content\/uploads\/2025\/10\/Sweepstake-Casinos-in-Virginia-150x150.png 150w, https:\/\/casinoreturn.com\/wp-content\/uploads\/2025\/10\/Sweepstake-Casinos-in-Virginia-768x768.png 768w, https:\/\/casinoreturn.com\/wp-content\/uploads\/2025\/10\/Sweepstake-Casinos-in-Virginia.png 1024w\" sizes=\"(max-width: 300px) 100vw, 300px\" \/><\/p>\n<p>In diesem Artikel:  <\/p>\n<ul>\n<li><a href=\"https:\/\/casinoreturn.com\/de\/gewinnspiel-casinos-in-virginia\/#virginia\">Gewinnspiel in Virginia  <\/a><\/li>\n<li><a href=\"https:\/\/casinoreturn.com\/de\/gewinnspiel-casinos-in-virginia\/#sport\">Sportwetten in Virginia  <\/a><\/li>\n<li><a href=\"https:\/\/casinoreturn.com\/de\/gewinnspiel-casinos-in-virginia\/#list\">Liste der Sweepstake Casinos in Virginia  <\/a><\/li>\n<li><a href=\"https:\/\/casinoreturn.com\/de\/gewinnspiel-casinos-in-virginia\/#land\">Landbasierte Real Monay Casinos in Viginia<\/a><\/li>\n<li><a href=\"https:\/\/casinoreturn.com\/de\/gewinnspiel-casinos-in-virginia\/#faq\">FQAs Gewinnspiele in Virginia<\/a><\/li>\n<\/ul>\n\t\t\t\t\t\t\t\t<\/div>\n\t\t\t\t<\/div>\n\t\t\t\t<div class=\"elementor-element elementor-element-8978e42 elementor-widget elementor-widget-heading\" data-id=\"8978e42\" data-element_type=\"widget\" data-widget_type=\"heading.default\">\n\t\t\t\t<div class=\"elementor-widget-container\">\n\t\t\t\t\t<h3 class=\"elementor-heading-title elementor-size-default\">Gewinnspiele in Virginia<\/h3>\t\t\t\t<\/div>\n\t\t\t\t<\/div>\n\t\t\t\t<div class=\"elementor-element elementor-element-48ec529 elementor-widget elementor-widget-text-editor\" data-id=\"48ec529\" data-element_type=\"widget\" id=\"virginia\" data-widget_type=\"text-editor.default\">\n\t\t\t\t<div class=\"elementor-widget-container\">\n\t\t\t\t\t\t\t\t\t<p>Gewinnspiele sind eine neue M\u00f6glichkeit, das Spielerlebnis zu verbessern, ohne echtes Geld einzusetzen. Anders als in Echtgeld-Casinos bieten Online-Gewinnspiel-Casinos den Komfort eines einfachen Zugangs zum Spiel in sozialen Casinos mit zus\u00e4tzlichen Promotionen. Es ist kein Kauf erforderlich und die so genannten Goldm\u00fcnzen gibt es kostenlos. Lesen Sie mehr \u00fcber Social Casinos in unserem Abschnitt <a href=\"https:\/\/casinoreturn.com\/sweep-stake-casino-return-usa\/\">sweepstake casino return USA<\/a>, wo Sie ausf\u00fchrliche Antworten zu Goldm\u00fcnzen, Promotionen, Bestimmungen und dem Unterschied zwischen einem Social Casino und einem Sweepstake Casino finden.  <\/p>\n<p><img decoding=\"async\" class=\"alignnone size-medium wp-image-14813\" src=\"https:\/\/casinoreturn.com\/wp-content\/uploads\/2025\/10\/Sweep-stake-casino-return-300x166.jpg\" alt=\"Sweep Einsatz Casino Rendite\" width=\"300\" height=\"166\" srcset=\"https:\/\/casinoreturn.com\/wp-content\/uploads\/2025\/10\/Sweep-stake-casino-return-300x166.jpg 300w, https:\/\/casinoreturn.com\/wp-content\/uploads\/2025\/10\/Sweep-stake-casino-return-768x424.jpg 768w, https:\/\/casinoreturn.com\/wp-content\/uploads\/2025\/10\/Sweep-stake-casino-return.jpg 906w\" sizes=\"(max-width: 300px) 100vw, 300px\" \/><\/p>\n<p>Die gute Nachricht f\u00fcr Spieler in Virginia ist also, dass es legal ist, es sei denn, die Betreiber bieten versteckte M\u00f6glichkeiten an, mit echtem Geld zu spielen, was als illegal gelten w\u00fcrde.  <\/p>\n\t\t\t\t\t\t\t\t<\/div>\n\t\t\t\t<\/div>\n\t\t\t\t<div class=\"elementor-element elementor-element-601b0c0 elementor-widget elementor-widget-heading\" data-id=\"601b0c0\" data-element_type=\"widget\" data-widget_type=\"heading.default\">\n\t\t\t\t<div class=\"elementor-widget-container\">\n\t\t\t\t\t<h3 class=\"elementor-heading-title elementor-size-default\">Sportwetten in Virginia<\/h3>\t\t\t\t<\/div>\n\t\t\t\t<\/div>\n\t\t\t\t<div class=\"elementor-element elementor-element-a402086 elementor-widget elementor-widget-text-editor\" data-id=\"a402086\" data-element_type=\"widget\" id=\"sport\" data-widget_type=\"text-editor.default\">\n\t\t\t\t<div class=\"elementor-widget-container\">\n\t\t\t\t\t\t\t\t\t<p>Sportwetten sind im Bundesstaat Virginia unter Artikel 2 von Kapitel 40 mit dem Titel Virginia Code 58.1 erlaubt. Klingt kompliziert? Nein, ist es nicht. Die Spieler m\u00fcssen 21 Jahre alt sein und ihren Wohnsitz in Virginia haben. Betreiber, die mobile Wetten anbieten, M\u00dcSSEN eine lokale (in Virginia ans\u00e4ssige) Lizenz besitzen.  <\/p>\n<p><strong>Wie in den meisten US-Bundesstaaten sind Wetten auf College-Sportveranstaltungen und alle Sportarten, an denen Minderj\u00e4hrige beteiligt sind, verboten, wenn zum Beispiel ein Team aus Virginia beteiligt ist.  <\/strong><\/p>\n<p>Die Betreiber in Virginia m\u00fcssen sich an die Sicherheitsvorschriften halten, um verantwortungsvolles Spielen zu gew\u00e4hrleisten. Ihre Lizenz schreibt auch vor, dass sie eine 15%ige Bruttosteuer auf ihre Einnahmen zahlen m\u00fcssen.  <\/p>\n\t\t\t\t\t\t\t\t<\/div>\n\t\t\t\t<\/div>\n\t\t\t\t<div class=\"elementor-element elementor-element-2f1924c elementor-widget elementor-widget-heading\" data-id=\"2f1924c\" data-element_type=\"widget\" data-widget_type=\"heading.default\">\n\t\t\t\t<div class=\"elementor-widget-container\">\n\t\t\t\t\t<h2 class=\"elementor-heading-title elementor-size-default\">Liste der Sportwettenanbieter in Virginia<\/h2>\t\t\t\t<\/div>\n\t\t\t\t<\/div>\n\t\t\t\t<div class=\"elementor-element elementor-element-72b28f4 elementor-widget elementor-widget-text-editor\" data-id=\"72b28f4\" data-element_type=\"widget\" id=\"list\" data-widget_type=\"text-editor.default\">\n\t\t\t\t<div class=\"elementor-widget-container\">\n\t\t\t\t\t\t\t\t\t<p>Liste der Sportwettenanbieter in Virginia. Wie Sie sehen k\u00f6nnen, enth\u00e4lt die folgende Liste nur wenige \u00dcberraschungen. Die drei gro\u00dfen US-Wettanbieter sind ebenso vertreten wie einige europ\u00e4ische Seiten mit gleichwertigen oder sogar besseren Wettplattformen.  <\/p>\n<p>Hier sind unsere 5 besten Virginia-Wettseiten:  <\/p>\n<ul>\n<li>Bet365 &#8211; Meister des Feldes, ein echter Spieler<\/li>\n<li>BetMGM &#8211; Gro\u00dfer Name in den USA, Platz 4 bei den Ums\u00e4tzen im Jahr 2025<\/li>\n<li>Ceasars Sportsbook &#8211; Rang 5 bei den Einnahmen, aber mit einem starken Portfolio  <\/li>\n<li>FanDuel &#8211; braucht keine weitere Vorstellung, kommt mit dem gr\u00f6\u00dften Wachstum im Jahr 2025<\/li>\n<li>Fanatics &#8211; Unter den Top 2, Marktf\u00fchrer in den USA  <\/li>\n<\/ul>\n\t\t\t\t\t\t\t\t<\/div>\n\t\t\t\t<\/div>\n\t\t\t\t<div class=\"elementor-element elementor-element-80164e0 elementor-widget elementor-widget-heading\" data-id=\"80164e0\" data-element_type=\"widget\" data-widget_type=\"heading.default\">\n\t\t\t\t<div class=\"elementor-widget-container\">\n\t\t\t\t\t<h3 class=\"elementor-heading-title elementor-size-default\">Landbasierte Kasinos in Virginia  <\/h3>\t\t\t\t<\/div>\n\t\t\t\t<\/div>\n\t\t\t\t<div class=\"elementor-element elementor-element-3d78c2a elementor-widget elementor-widget-text-editor\" data-id=\"3d78c2a\" data-element_type=\"widget\" id=\"land\" data-widget_type=\"text-editor.default\">\n\t\t\t\t<div class=\"elementor-widget-container\">\n\t\t\t\t\t\t\t\t\t<p>Landbasierte Casinos in Virginia, USA, sind sehr begrenzt. Im Jahr 2020 wurden nur 5 Lizenzen an landbasierte Casinos vergeben. 3 von 5 Casinos sind derzeit in Betrieb und zwei in der Entwicklung. Diese drei Casinos in Bristol, US, Portsmouth, US, und Danville sind f\u00fcr sich genommen schon ziemlich beeindruckend in der Statistik. Allein im Jahr 2024 werden Sie einen Gesamtumsatz von 1,4 Milliarden USD erzielen. Die Einnahmen in diesem Gesch\u00e4ft werden \u00fcber Echtgeld-Casinos erzielt: Spielautomaten, Tischspiele, Live-Dealer-Spiele, Wetten und Einzelhandels-Wettautomaten.  <\/p>\n\t\t\t\t\t\t\t\t<\/div>\n\t\t\t\t<\/div>\n\t\t\t\t<div class=\"elementor-element elementor-element-d7fd54d elementor-widget elementor-widget-heading\" data-id=\"d7fd54d\" data-element_type=\"widget\" data-widget_type=\"heading.default\">\n\t\t\t\t<div class=\"elementor-widget-container\">\n\t\t\t\t\t<h3 class=\"elementor-heading-title elementor-size-default\">FAQ's Gewinnspiel Casinos in Virgina<\/h3>\t\t\t\t<\/div>\n\t\t\t\t<\/div>\n\t\t\t\t<div class=\"elementor-element elementor-element-59fc1da elementor-widget elementor-widget-elementskit-faq\" data-id=\"59fc1da\" data-element_type=\"widget\" id=\"faq\" data-widget_type=\"elementskit-faq.default\">\n\t\t\t\t<div class=\"elementor-widget-container\">\n\t\t\t\t\t<div class=\"ekit-wid-con\" >\n                <div class=\"elementskit-single-faq elementor-repeater-item-8a3ec80\">\n            <div class=\"elementskit-faq-header\">\n                <h2 class=\"elementskit-faq-title\">What are Gold Coins in Sweepstake casinos?<\/h2>\n            <\/div>\n            <div class=\"elementskit-faq-body\">\n                Other than Real money casinos, Gold coins are a free giveaway in online Social Casinos. Gold coins are a promotional addition and can be part of a social Casino without a purchase.             <\/div>\n        <\/div>\n                <div class=\"elementskit-single-faq elementor-repeater-item-c0e40d1\">\n            <div class=\"elementskit-faq-header\">\n                <h2 class=\"elementskit-faq-title\">Can I bet on College football in Virginia, US? <\/h2>\n            <\/div>\n            <div class=\"elementskit-faq-body\">\n                The answer is NO. you can't bet on College football, or college sport events in Virginia. Same applies to any event involving minors.            <\/div>\n        <\/div>\n                <div class=\"elementskit-single-faq elementor-repeater-item-7190428\">\n            <div class=\"elementskit-faq-header\">\n                <h2 class=\"elementskit-faq-title\">Where can I play casino with real money in Virginia?<\/h2>\n            <\/div>\n            <div class=\"elementskit-faq-body\">\n                Real money casinos are land-based only. With currently 3 out of 5 land-based Casinos running, the choice is limited.             <\/div>\n        <\/div>\n                \n    <\/div>\t\t\t\t<\/div>\n\t\t\t\t<\/div>\n\t\t\t\t<\/div>\n\t\t\t\t<\/div>\n\t\t","protected":false},"excerpt":{"rendered":"<p>Gewinnspiel Casinos in Virginia Sweepstake-Casinos in Virginia gelten aufgrund des kostenlosen Eintrittsmodells nicht als Gl\u00fccksspiel. Andere Staaten wie New York und Kalifornien haben eine h\u00e4rtere Gangart gegen\u00fcber Gewinnspiel-Casinos eingeschlagen. Lesen Sie mehr \u00fcber New York und die derzeitige Rechtslage in Bezug auf Gewinnspiel-Casinos. Und hier finden Sie einen vollst\u00e4ndigen Bericht \u00fcber die kalifornischen Sweepstake-Casinos. In [&hellip;]<\/p>\n","protected":false},"author":1,"featured_media":15606,"parent":0,"menu_order":0,"comment_status":"closed","ping_status":"closed","template":"","meta":{"footnotes":""},"class_list":["post-15975","page","type-page","status-publish","has-post-thumbnail","hentry"],"blocksy_meta":[],"acf":[],"yoast_head":"<!-- This site is optimized with the Yoast SEO plugin v24.1 - https:\/\/yoast.com\/wordpress\/plugins\/seo\/ -->\n<title>Gewinnspiel Casinos in Virginia - casinoreturn<\/title>\n<meta name=\"description\" content=\"Gewinnspiel-Casinos in Virginia sind legal - vorerst. Gewinnspiele sind der Schl\u00fcssel, um ohne den Austausch von Bargeld legal zu bleiben.\" \/>\n<meta name=\"robots\" content=\"index, follow, max-snippet:-1, max-image-preview:large, max-video-preview:-1\" \/>\n<link rel=\"canonical\" href=\"https:\/\/casinoreturn.com\/de\/gewinnspiel-casinos-in-virginia\/\" \/>\n<meta property=\"og:locale\" content=\"de_DE\" \/>\n<meta property=\"og:type\" content=\"article\" \/>\n<meta property=\"og:title\" content=\"Gewinnspiel Casinos in Virginia - casinoreturn\" \/>\n<meta property=\"og:description\" content=\"Gewinnspiel-Casinos in Virginia sind legal - vorerst. Gewinnspiele sind der Schl\u00fcssel, um ohne den Austausch von Bargeld legal zu bleiben.\" \/>\n<meta property=\"og:url\" content=\"https:\/\/casinoreturn.com\/de\/gewinnspiel-casinos-in-virginia\/\" \/>\n<meta property=\"og:site_name\" content=\"casinoreturn\" \/>\n<meta property=\"article:modified_time\" content=\"2025-10-31T14:11:19+00:00\" \/>\n<meta property=\"og:image\" content=\"https:\/\/casinoreturn.com\/wp-content\/uploads\/2025\/10\/Sweepstake-Casinos-in-Virginia.png\" \/>\n\t<meta property=\"og:image:width\" content=\"1024\" \/>\n\t<meta property=\"og:image:height\" content=\"1024\" \/>\n\t<meta property=\"og:image:type\" content=\"image\/png\" \/>\n<meta name=\"twitter:card\" content=\"summary_large_image\" \/>\n<meta name=\"twitter:label1\" content=\"Gesch\u00e4tzte Lesezeit\" \/>\n\t<meta name=\"twitter:data1\" content=\"3\u00a0Minuten\" \/>\n<script type=\"application\/ld+json\" class=\"yoast-schema-graph\">{\"@context\":\"https:\/\/schema.org\",\"@graph\":[{\"@type\":\"WebPage\",\"@id\":\"https:\/\/casinoreturn.com\/de\/gewinnspiel-casinos-in-virginia\/\",\"url\":\"https:\/\/casinoreturn.com\/de\/gewinnspiel-casinos-in-virginia\/\",\"name\":\"Gewinnspiel Casinos in Virginia - casinoreturn\",\"isPartOf\":{\"@id\":\"https:\/\/casinoreturn.com\/#website\"},\"primaryImageOfPage\":{\"@id\":\"https:\/\/casinoreturn.com\/de\/gewinnspiel-casinos-in-virginia\/#primaryimage\"},\"image\":{\"@id\":\"https:\/\/casinoreturn.com\/de\/gewinnspiel-casinos-in-virginia\/#primaryimage\"},\"thumbnailUrl\":\"https:\/\/casinoreturn.com\/wp-content\/uploads\/2025\/10\/Sweepstake-Casinos-in-Virginia.png\",\"datePublished\":\"2025-10-20T11:35:56+00:00\",\"dateModified\":\"2025-10-31T14:11:19+00:00\",\"description\":\"Gewinnspiel-Casinos in Virginia sind legal - vorerst. Gewinnspiele sind der Schl\u00fcssel, um ohne den Austausch von Bargeld legal zu bleiben.\",\"breadcrumb\":{\"@id\":\"https:\/\/casinoreturn.com\/de\/gewinnspiel-casinos-in-virginia\/#breadcrumb\"},\"inLanguage\":\"de\",\"potentialAction\":[{\"@type\":\"ReadAction\",\"target\":[\"https:\/\/casinoreturn.com\/de\/gewinnspiel-casinos-in-virginia\/\"]}]},{\"@type\":\"ImageObject\",\"inLanguage\":\"de\",\"@id\":\"https:\/\/casinoreturn.com\/de\/gewinnspiel-casinos-in-virginia\/#primaryimage\",\"url\":\"https:\/\/casinoreturn.com\/wp-content\/uploads\/2025\/10\/Sweepstake-Casinos-in-Virginia.png\",\"contentUrl\":\"https:\/\/casinoreturn.com\/wp-content\/uploads\/2025\/10\/Sweepstake-Casinos-in-Virginia.png\",\"width\":1024,\"height\":1024,\"caption\":\"Sweepstake Casinos in Virginia\"},{\"@type\":\"BreadcrumbList\",\"@id\":\"https:\/\/casinoreturn.com\/de\/gewinnspiel-casinos-in-virginia\/#breadcrumb\",\"itemListElement\":[{\"@type\":\"ListItem\",\"position\":1,\"name\":\"Home\",\"item\":\"https:\/\/casinoreturn.com\/de\/heim\/\"},{\"@type\":\"ListItem\",\"position\":2,\"name\":\"Gewinnspiel Casinos in Virginia\"}]},{\"@type\":\"WebSite\",\"@id\":\"https:\/\/casinoreturn.com\/#website\",\"url\":\"https:\/\/casinoreturn.com\/\",\"name\":\"casinoreturn\",\"description\":\"\",\"publisher\":{\"@id\":\"https:\/\/casinoreturn.com\/#organization\"},\"potentialAction\":[{\"@type\":\"SearchAction\",\"target\":{\"@type\":\"EntryPoint\",\"urlTemplate\":\"https:\/\/casinoreturn.com\/?s={search_term_string}\"},\"query-input\":{\"@type\":\"PropertyValueSpecification\",\"valueRequired\":true,\"valueName\":\"search_term_string\"}}],\"inLanguage\":\"de\"},{\"@type\":\"Organization\",\"@id\":\"https:\/\/casinoreturn.com\/#organization\",\"name\":\"casinoreturn\",\"url\":\"https:\/\/casinoreturn.com\/\",\"logo\":{\"@type\":\"ImageObject\",\"inLanguage\":\"de\",\"@id\":\"https:\/\/casinoreturn.com\/#\/schema\/logo\/image\/\",\"url\":\"https:\/\/casinoreturn.com\/wp-content\/uploads\/2024\/09\/animal-favicon.png\",\"contentUrl\":\"https:\/\/casinoreturn.com\/wp-content\/uploads\/2024\/09\/animal-favicon.png\",\"width\":92,\"height\":92,\"caption\":\"casinoreturn\"},\"image\":{\"@id\":\"https:\/\/casinoreturn.com\/#\/schema\/logo\/image\/\"}}]}<\/script>\n<!-- \/ Yoast SEO plugin. -->","yoast_head_json":{"title":"Gewinnspiel Casinos in Virginia - casinoreturn","description":"Gewinnspiel-Casinos in Virginia sind legal - vorerst. Gewinnspiele sind der Schl\u00fcssel, um ohne den Austausch von Bargeld legal zu bleiben.","robots":{"index":"index","follow":"follow","max-snippet":"max-snippet:-1","max-image-preview":"max-image-preview:large","max-video-preview":"max-video-preview:-1"},"canonical":"https:\/\/casinoreturn.com\/de\/gewinnspiel-casinos-in-virginia\/","og_locale":"de_DE","og_type":"article","og_title":"Gewinnspiel Casinos in Virginia - casinoreturn","og_description":"Gewinnspiel-Casinos in Virginia sind legal - vorerst. Gewinnspiele sind der Schl\u00fcssel, um ohne den Austausch von Bargeld legal zu bleiben.","og_url":"https:\/\/casinoreturn.com\/de\/gewinnspiel-casinos-in-virginia\/","og_site_name":"casinoreturn","article_modified_time":"2025-10-31T14:11:19+00:00","og_image":[{"width":1024,"height":1024,"url":"https:\/\/casinoreturn.com\/wp-content\/uploads\/2025\/10\/Sweepstake-Casinos-in-Virginia.png","type":"image\/png"}],"twitter_card":"summary_large_image","twitter_misc":{"Gesch\u00e4tzte Lesezeit":"3\u00a0Minuten"},"schema":{"@context":"https:\/\/schema.org","@graph":[{"@type":"WebPage","@id":"https:\/\/casinoreturn.com\/de\/gewinnspiel-casinos-in-virginia\/","url":"https:\/\/casinoreturn.com\/de\/gewinnspiel-casinos-in-virginia\/","name":"Gewinnspiel Casinos in Virginia - casinoreturn","isPartOf":{"@id":"https:\/\/casinoreturn.com\/#website"},"primaryImageOfPage":{"@id":"https:\/\/casinoreturn.com\/de\/gewinnspiel-casinos-in-virginia\/#primaryimage"},"image":{"@id":"https:\/\/casinoreturn.com\/de\/gewinnspiel-casinos-in-virginia\/#primaryimage"},"thumbnailUrl":"https:\/\/casinoreturn.com\/wp-content\/uploads\/2025\/10\/Sweepstake-Casinos-in-Virginia.png","datePublished":"2025-10-20T11:35:56+00:00","dateModified":"2025-10-31T14:11:19+00:00","description":"Gewinnspiel-Casinos in Virginia sind legal - vorerst. Gewinnspiele sind der Schl\u00fcssel, um ohne den Austausch von Bargeld legal zu bleiben.","breadcrumb":{"@id":"https:\/\/casinoreturn.com\/de\/gewinnspiel-casinos-in-virginia\/#breadcrumb"},"inLanguage":"de","potentialAction":[{"@type":"ReadAction","target":["https:\/\/casinoreturn.com\/de\/gewinnspiel-casinos-in-virginia\/"]}]},{"@type":"ImageObject","inLanguage":"de","@id":"https:\/\/casinoreturn.com\/de\/gewinnspiel-casinos-in-virginia\/#primaryimage","url":"https:\/\/casinoreturn.com\/wp-content\/uploads\/2025\/10\/Sweepstake-Casinos-in-Virginia.png","contentUrl":"https:\/\/casinoreturn.com\/wp-content\/uploads\/2025\/10\/Sweepstake-Casinos-in-Virginia.png","width":1024,"height":1024,"caption":"Sweepstake Casinos in Virginia"},{"@type":"BreadcrumbList","@id":"https:\/\/casinoreturn.com\/de\/gewinnspiel-casinos-in-virginia\/#breadcrumb","itemListElement":[{"@type":"ListItem","position":1,"name":"Home","item":"https:\/\/casinoreturn.com\/de\/heim\/"},{"@type":"ListItem","position":2,"name":"Gewinnspiel Casinos in Virginia"}]},{"@type":"WebSite","@id":"https:\/\/casinoreturn.com\/#website","url":"https:\/\/casinoreturn.com\/","name":"casinoreturn","description":"","publisher":{"@id":"https:\/\/casinoreturn.com\/#organization"},"potentialAction":[{"@type":"SearchAction","target":{"@type":"EntryPoint","urlTemplate":"https:\/\/casinoreturn.com\/?s={search_term_string}"},"query-input":{"@type":"PropertyValueSpecification","valueRequired":true,"valueName":"search_term_string"}}],"inLanguage":"de"},{"@type":"Organization","@id":"https:\/\/casinoreturn.com\/#organization","name":"casinoreturn","url":"https:\/\/casinoreturn.com\/","logo":{"@type":"ImageObject","inLanguage":"de","@id":"https:\/\/casinoreturn.com\/#\/schema\/logo\/image\/","url":"https:\/\/casinoreturn.com\/wp-content\/uploads\/2024\/09\/animal-favicon.png","contentUrl":"https:\/\/casinoreturn.com\/wp-content\/uploads\/2024\/09\/animal-favicon.png","width":92,"height":92,"caption":"casinoreturn"},"image":{"@id":"https:\/\/casinoreturn.com\/#\/schema\/logo\/image\/"}}]}},"_links":{"self":[{"href":"https:\/\/casinoreturn.com\/de\/wp-json\/wp\/v2\/pages\/15975","targetHints":{"allow":["GET"]}}],"collection":[{"href":"https:\/\/casinoreturn.com\/de\/wp-json\/wp\/v2\/pages"}],"about":[{"href":"https:\/\/casinoreturn.com\/de\/wp-json\/wp\/v2\/types\/page"}],"author":[{"embeddable":true,"href":"https:\/\/casinoreturn.com\/de\/wp-json\/wp\/v2\/users\/1"}],"replies":[{"embeddable":true,"href":"https:\/\/casinoreturn.com\/de\/wp-json\/wp\/v2\/comments?post=15975"}],"version-history":[{"count":1,"href":"https:\/\/casinoreturn.com\/de\/wp-json\/wp\/v2\/pages\/15975\/revisions"}],"predecessor-version":[{"id":15976,"href":"https:\/\/casinoreturn.com\/de\/wp-json\/wp\/v2\/pages\/15975\/revisions\/15976"}],"wp:featuredmedia":[{"embeddable":true,"href":"https:\/\/casinoreturn.com\/de\/wp-json\/wp\/v2\/media\/15606"}],"wp:attachment":[{"href":"https:\/\/casinoreturn.com\/de\/wp-json\/wp\/v2\/media?parent=15975"}],"curies":[{"name":"wp","href":"https:\/\/api.w.org\/{rel}","templated":true}]}}