{"id":16029,"date":"2025-10-17T16:07:39","date_gmt":"2025-10-17T16:07:39","guid":{"rendered":"https:\/\/casinoreturn.com\/gewinnspiel-casinos-in-florida\/"},"modified":"2025-10-31T14:22:58","modified_gmt":"2025-10-31T14:22:58","slug":"gewinnspiel-casinos-in-florida","status":"publish","type":"page","link":"https:\/\/casinoreturn.com\/de\/gewinnspiel-casinos-in-florida\/","title":{"rendered":"Gewinnspiel Casinos in Florida"},"content":{"rendered":"\t\t<div data-elementor-type=\"wp-page\" data-elementor-id=\"16029\" class=\"elementor elementor-16029\" data-elementor-post-type=\"page\">\n\t\t\t\t<div class=\"elementor-element elementor-element-550cc17 e-con-full e-flex e-con e-parent\" data-id=\"550cc17\" data-element_type=\"container\">\n\t\t\t\t<div class=\"elementor-element elementor-element-5396053 elementor-widget elementor-widget-heading\" data-id=\"5396053\" data-element_type=\"widget\" data-widget_type=\"heading.default\">\n\t\t\t\t<div class=\"elementor-widget-container\">\n\t\t\t\t\t<h3 class=\"elementor-heading-title elementor-size-default\">Gewinnspiel Casinos in Florida<\/h3>\t\t\t\t<\/div>\n\t\t\t\t<\/div>\n\t\t\t\t<div class=\"elementor-element elementor-element-4383f5b elementor-widget elementor-widget-text-editor\" data-id=\"4383f5b\" data-element_type=\"widget\" data-widget_type=\"text-editor.default\">\n\t\t\t\t<div class=\"elementor-widget-container\">\n\t\t\t\t\t\t\t\t\t<p>Sweepstake-Casinos in Florida werden derzeit eher als Werbewettbewerb denn als Gl\u00fccksspiel betrachtet. Das ist die gute Nachricht. Die Florida Gaming Control Commission hat Gewinnspiele und deren Goldcoins noch nicht verboten. Aber im Jahr 2025 wurden Vorschl\u00e4ge gemacht, Gewinnspiel-Casinos als Internet-Gl\u00fccksspiel zu klassifizieren. Beide Seiten, Gewinnspielbetreiber und Regulierungsbeh\u00f6rden, arbeiten an Entw\u00fcrfen, um ihre Argumente zu untermauern. Das freie Spiel in vielen US-Bundesstaaten wird immer mehr auf den Pr\u00fcfstand gestellt. <a href=\"https:\/\/casinoreturn.com\/sweep-stake-casino-return-usa\/\">Soziale Casinos<\/a>, die in vielen Staaten noch legal sind, stehen unter Beschuss und werden von immer mehr Staaten f\u00fcr illegal erkl\u00e4rt.<\/p>\n<p><strong>In diesem Artikel:<\/strong><\/p>\n<ul>\n<li>Liste der Gewinnspiel-Casinos<\/li>\n<li>Vorschriften in Florida<\/li>\n<li>Liste der Sportwetten Casinos in Florida<\/li>\n<li>FAQs Gewinnspiel Florida Casinos<\/li>\n<\/ul>\n<p><img decoding=\"async\" class=\"alignnone wp-image-15496\" src=\"https:\/\/casinoreturn.com\/wp-content\/uploads\/2025\/10\/Sweepstake-Casinos-in-Florida.png\" alt=\"Gewinnspiel Casinos in Florida\" width=\"125\" height=\"125\" srcset=\"https:\/\/casinoreturn.com\/wp-content\/uploads\/2025\/10\/Sweepstake-Casinos-in-Florida.png 225w, https:\/\/casinoreturn.com\/wp-content\/uploads\/2025\/10\/Sweepstake-Casinos-in-Florida-150x150.png 150w\" sizes=\"(max-width: 125px) 100vw, 125px\" \/><\/p>\n\t\t\t\t\t\t\t\t<\/div>\n\t\t\t\t<\/div>\n\t\t\t\t<div class=\"elementor-element elementor-element-d15c0ae elementor-widget elementor-widget-heading\" data-id=\"d15c0ae\" data-element_type=\"widget\" data-widget_type=\"heading.default\">\n\t\t\t\t<div class=\"elementor-widget-container\">\n\t\t\t\t\t<h3 class=\"elementor-heading-title elementor-size-default\">Liste der Gewinnspiel Casinos in Florida<\/h3>\t\t\t\t<\/div>\n\t\t\t\t<\/div>\n\t\t\t\t<div class=\"elementor-element elementor-element-fe42027 elementor-widget elementor-widget-text-editor\" data-id=\"fe42027\" data-element_type=\"widget\" data-widget_type=\"text-editor.default\">\n\t\t\t\t<div class=\"elementor-widget-container\">\n\t\t\t\t\t\t\t\t\t<p>Sweepstake-Casinos in Florida sind nicht ganz so zahlreich. Es sind nicht mehr als ein Dutzend registriert, aber einige Betreiber bieten ihre Gewinnspiel-Goldm\u00fcnzen in einigen Grauzonen an. In keiner bestimmten Reihenfolge oder Rangfolge:<\/p>\n<ul>\n<li>Herr Luck, registriert  <\/li>\n<li>High5 Casino,registriert<\/li>\n<li>Hallo Millionen,registriert<\/li>\n<li>Crown Coins,registriert<\/li>\n<li>WOW Vegas, registriert<\/li>\n<li>Stake.us ,registriert<\/li>\n<\/ul>\n<p>Landbasierte Kasinos oder pers\u00f6nliche Kasinos werden von St\u00e4mmen oder Unternehmen betrieben.<\/p>\n<ul>\n<li>Seminole Hard Rock Hotel &amp; Casino (Tampa &amp; HollywoodSeminole<\/li>\n<li>Brighton Kasino Seminole<\/li>\n<li>Miccosukee Resort &amp; Spiele (Miami)<\/li>\n<li>Kasino Immokale<\/li>\n<li>Seminole Kasino Immokale<\/li>\n<\/ul>\n<p>Die Legalit\u00e4t von Echtgeld-Casinos und Online-Casinos wird in den gesamten USA debattiert und auch in Florida gibt es Bestrebungen, die auf ein vollst\u00e4ndiges Verbot von Gewinnspielen in der Zukunft abzielen.  <\/p>\n\t\t\t\t\t\t\t\t<\/div>\n\t\t\t\t<\/div>\n\t\t\t\t<div class=\"elementor-element elementor-element-c3cd23d elementor-widget elementor-widget-heading\" data-id=\"c3cd23d\" data-element_type=\"widget\" data-widget_type=\"heading.default\">\n\t\t\t\t<div class=\"elementor-widget-container\">\n\t\t\t\t\t<h3 class=\"elementor-heading-title elementor-size-default\">Vorschriften in Florida<\/h3>\t\t\t\t<\/div>\n\t\t\t\t<\/div>\n\t\t\t\t<div class=\"elementor-element elementor-element-328690d elementor-widget elementor-widget-text-editor\" data-id=\"328690d\" data-element_type=\"widget\" data-widget_type=\"text-editor.default\">\n\t\t\t\t<div class=\"elementor-widget-container\">\n\t\t\t\t\t\t\t\t\t<p>Die Vorschriften in Florida geraten immer mehr unter Druck, die Nutzung von Gewinnspiel-Casinos zu verbieten oder einzuschr\u00e4nken.  <\/p><\/p>\n\t\t\t\t\t\t\t\t<\/div>\n\t\t\t\t<\/div>\n\t\t\t\t<\/div>\n\t\t<div class=\"elementor-element elementor-element-9509de3 e-grid e-con-full e-con e-parent\" data-id=\"9509de3\" data-element_type=\"container\" data-settings=\"{&quot;background_background&quot;:&quot;classic&quot;}\">\n\t\t\t\t<div class=\"elementor-element elementor-element-a246602 elementor-widget elementor-widget-text-editor\" data-id=\"a246602\" data-element_type=\"widget\" data-widget_type=\"text-editor.default\">\n\t\t\t\t<div class=\"elementor-widget-container\">\n\t\t\t\t\t\t\t\t\t<p><strong>Echtgeld-Casinos oder Online-Casinos, die Echtgeld akzeptieren, sind in Florida illegal  <\/strong><\/p>\n<p><strong>Kann ich in landbasierten Casinos mit echtem Geld spielen?<\/strong><\/p>\n<p><strong>Ja, diese landbasierten Casinos sind legal<\/strong><\/p>\n\t\t\t\t\t\t\t\t<\/div>\n\t\t\t\t<\/div>\n\t\t\t\t<div class=\"elementor-element elementor-element-347bbf8 elementor-widget elementor-widget-image\" data-id=\"347bbf8\" data-element_type=\"widget\" data-widget_type=\"image.default\">\n\t\t\t\t<div class=\"elementor-widget-container\">\n\t\t\t\t\t\t\t\t\t\t\t\t\t\t\t<img fetchpriority=\"high\" decoding=\"async\" width=\"225\" height=\"225\" src=\"https:\/\/casinoreturn.com\/wp-content\/uploads\/2025\/10\/Sweepstake-Casinos-in-Florida.png\" class=\"attachment-large size-large wp-image-15496\" alt=\"Sweepstake Casinos in Florida\" srcset=\"https:\/\/casinoreturn.com\/wp-content\/uploads\/2025\/10\/Sweepstake-Casinos-in-Florida.png 225w, https:\/\/casinoreturn.com\/wp-content\/uploads\/2025\/10\/Sweepstake-Casinos-in-Florida-150x150.png 150w\" sizes=\"(max-width: 225px) 100vw, 225px\" \/>\t\t\t\t\t\t\t\t\t\t\t\t\t\t\t<\/div>\n\t\t\t\t<\/div>\n\t\t\t\t<div class=\"elementor-element elementor-element-eb23194 elementor-widget elementor-widget-text-editor\" data-id=\"eb23194\" data-element_type=\"widget\" data-widget_type=\"text-editor.default\">\n\t\t\t\t<div class=\"elementor-widget-container\">\n\t\t\t\t\t\t\t\t\t<p><strong>Gewinnspiel-Casinos gelten immer noch als legal, aber es gibt bereits Vorschl\u00e4ge, Goldm\u00fcnzen-Werbeaktionen und Gewinnspiele in Florida generell zu verbieten.<\/strong><\/p>\n<p>z.B. Stake.us und Chumba casino<\/p><\/p>\n\t\t\t\t\t\t\t\t<\/div>\n\t\t\t\t<\/div>\n\t\t\t\t<div class=\"elementor-element elementor-element-d7dd2e5 elementor-widget elementor-widget-text-editor\" data-id=\"d7dd2e5\" data-element_type=\"widget\" data-widget_type=\"text-editor.default\">\n\t\t\t\t<div class=\"elementor-widget-container\">\n\t\t\t\t\t\t\t\t\t<p><strong>Sind Sportwetten in Florida legal?  <\/strong><\/p>\n<p><strong>Und jetzt kommt der Clou: Es ist in Florida legal, ABER der einzige legale Betreiber ist Hard Rock Bet (betrieben vom Seminole Tribe of Florida).  <\/strong><\/p>\n<p><strong>Es gibt weniger als ein Dutzend weiterer Einzelh\u00e4ndler in Florida, die vom Stamm der Seminolen betrieben werden.  <\/strong><\/p>\n\t\t\t\t\t\t\t\t<\/div>\n\t\t\t\t<\/div>\n\t\t\t\t<div class=\"elementor-element elementor-element-e4c9e61 elementor-widget elementor-widget-image\" data-id=\"e4c9e61\" data-element_type=\"widget\" data-widget_type=\"image.default\">\n\t\t\t\t<div class=\"elementor-widget-container\">\n\t\t\t\t\t\t\t\t\t\t\t\t\t\t\t<img decoding=\"async\" width=\"906\" height=\"500\" src=\"https:\/\/casinoreturn.com\/wp-content\/uploads\/2025\/10\/Sweep-stake-casino-return.jpg\" class=\"attachment-large size-large wp-image-14813\" alt=\"Sweep stake casino return\" srcset=\"https:\/\/casinoreturn.com\/wp-content\/uploads\/2025\/10\/Sweep-stake-casino-return.jpg 906w, https:\/\/casinoreturn.com\/wp-content\/uploads\/2025\/10\/Sweep-stake-casino-return-300x166.jpg 300w, https:\/\/casinoreturn.com\/wp-content\/uploads\/2025\/10\/Sweep-stake-casino-return-768x424.jpg 768w\" sizes=\"(max-width: 906px) 100vw, 906px\" \/>\t\t\t\t\t\t\t\t\t\t\t\t\t\t\t<\/div>\n\t\t\t\t<\/div>\n\t\t\t\t<div class=\"elementor-element elementor-element-366b516 elementor-widget elementor-widget-text-editor\" data-id=\"366b516\" data-element_type=\"widget\" data-widget_type=\"text-editor.default\">\n\t\t\t\t<div class=\"elementor-widget-container\">\n\t\t\t\t\t\t\t\t\t<p><strong>Da Seminole die Monopolstellung bei Sportwetten in Florida innehat, glauben viele, dass der Markt zu eingeschr\u00e4nkt ist, und einige argumentieren, dass er zu begrenzt ist.  <\/strong><\/p>\n<p><strong>Die Gerichte haben bisher jeder Beschwerde gegen Bundesgesetze stattgegeben, und die St\u00e4mme k\u00f6nnen die Welt der Wetten in Florida beherrschen.  <\/strong><\/p>\n\t\t\t\t\t\t\t\t<\/div>\n\t\t\t\t<\/div>\n\t\t\t\t<\/div>\n\t\t\t\t<\/div>\n\t\t","protected":false},"excerpt":{"rendered":"<p>Gewinnspiel Casinos in Florida Sweepstake-Casinos in Florida werden derzeit eher als Werbewettbewerb denn als Gl\u00fccksspiel betrachtet. Das ist die gute Nachricht. Die Florida Gaming Control Commission hat Gewinnspiele und deren Goldcoins noch nicht verboten. Aber im Jahr 2025 wurden Vorschl\u00e4ge gemacht, Gewinnspiel-Casinos als Internet-Gl\u00fccksspiel zu klassifizieren. Beide Seiten, Gewinnspielbetreiber und Regulierungsbeh\u00f6rden, arbeiten an Entw\u00fcrfen, um [&hellip;]<\/p>\n","protected":false},"author":1,"featured_media":15499,"parent":0,"menu_order":0,"comment_status":"closed","ping_status":"closed","template":"","meta":{"footnotes":""},"class_list":["post-16029","page","type-page","status-publish","has-post-thumbnail","hentry"],"blocksy_meta":[],"acf":[],"yoast_head":"<!-- This site is optimized with the Yoast SEO plugin v24.1 - https:\/\/yoast.com\/wordpress\/plugins\/seo\/ -->\n<title>Gewinnspiel Casinos in Florida - casinoreturn<\/title>\n<meta name=\"description\" content=\"Sweepstake Casinos in Florida werden im Sonnenscheinstaat als Werbewettbewerb und nicht als reines Gl\u00fccksspiel betrieben, daher ist es vorerst legal.\" \/>\n<meta name=\"robots\" content=\"index, follow, max-snippet:-1, max-image-preview:large, max-video-preview:-1\" \/>\n<link rel=\"canonical\" href=\"https:\/\/casinoreturn.com\/de\/gewinnspiel-casinos-in-florida\/\" \/>\n<meta property=\"og:locale\" content=\"de_DE\" \/>\n<meta property=\"og:type\" content=\"article\" \/>\n<meta property=\"og:title\" content=\"Gewinnspiel Casinos in Florida - casinoreturn\" \/>\n<meta property=\"og:description\" content=\"Sweepstake Casinos in Florida werden im Sonnenscheinstaat als Werbewettbewerb und nicht als reines Gl\u00fccksspiel betrieben, daher ist es vorerst legal.\" \/>\n<meta property=\"og:url\" content=\"https:\/\/casinoreturn.com\/de\/gewinnspiel-casinos-in-florida\/\" \/>\n<meta property=\"og:site_name\" content=\"casinoreturn\" \/>\n<meta property=\"article:modified_time\" content=\"2025-10-31T14:22:58+00:00\" \/>\n<meta property=\"og:image\" content=\"https:\/\/casinoreturn.com\/wp-content\/uploads\/2025\/10\/Sweepstake-Casinos-in-Florida.png\" \/>\n\t<meta property=\"og:image:width\" content=\"225\" \/>\n\t<meta property=\"og:image:height\" content=\"225\" \/>\n\t<meta property=\"og:image:type\" content=\"image\/png\" \/>\n<meta name=\"twitter:card\" content=\"summary_large_image\" \/>\n<meta name=\"twitter:label1\" content=\"Gesch\u00e4tzte Lesezeit\" \/>\n\t<meta name=\"twitter:data1\" content=\"2\u00a0Minuten\" \/>\n<script type=\"application\/ld+json\" class=\"yoast-schema-graph\">{\"@context\":\"https:\/\/schema.org\",\"@graph\":[{\"@type\":\"WebPage\",\"@id\":\"https:\/\/casinoreturn.com\/de\/gewinnspiel-casinos-in-florida\/\",\"url\":\"https:\/\/casinoreturn.com\/de\/gewinnspiel-casinos-in-florida\/\",\"name\":\"Gewinnspiel Casinos in Florida - casinoreturn\",\"isPartOf\":{\"@id\":\"https:\/\/casinoreturn.com\/#website\"},\"primaryImageOfPage\":{\"@id\":\"https:\/\/casinoreturn.com\/de\/gewinnspiel-casinos-in-florida\/#primaryimage\"},\"image\":{\"@id\":\"https:\/\/casinoreturn.com\/de\/gewinnspiel-casinos-in-florida\/#primaryimage\"},\"thumbnailUrl\":\"https:\/\/casinoreturn.com\/wp-content\/uploads\/2025\/10\/Sweepstake-Casinos-in-Florida.png\",\"datePublished\":\"2025-10-17T16:07:39+00:00\",\"dateModified\":\"2025-10-31T14:22:58+00:00\",\"description\":\"Sweepstake Casinos in Florida werden im Sonnenscheinstaat als Werbewettbewerb und nicht als reines Gl\u00fccksspiel betrieben, daher ist es vorerst legal.\",\"breadcrumb\":{\"@id\":\"https:\/\/casinoreturn.com\/de\/gewinnspiel-casinos-in-florida\/#breadcrumb\"},\"inLanguage\":\"de\",\"potentialAction\":[{\"@type\":\"ReadAction\",\"target\":[\"https:\/\/casinoreturn.com\/de\/gewinnspiel-casinos-in-florida\/\"]}]},{\"@type\":\"ImageObject\",\"inLanguage\":\"de\",\"@id\":\"https:\/\/casinoreturn.com\/de\/gewinnspiel-casinos-in-florida\/#primaryimage\",\"url\":\"https:\/\/casinoreturn.com\/wp-content\/uploads\/2025\/10\/Sweepstake-Casinos-in-Florida.png\",\"contentUrl\":\"https:\/\/casinoreturn.com\/wp-content\/uploads\/2025\/10\/Sweepstake-Casinos-in-Florida.png\",\"width\":225,\"height\":225,\"caption\":\"Sweepstake Casinos in Florida\"},{\"@type\":\"BreadcrumbList\",\"@id\":\"https:\/\/casinoreturn.com\/de\/gewinnspiel-casinos-in-florida\/#breadcrumb\",\"itemListElement\":[{\"@type\":\"ListItem\",\"position\":1,\"name\":\"Home\",\"item\":\"https:\/\/casinoreturn.com\/de\/heim\/\"},{\"@type\":\"ListItem\",\"position\":2,\"name\":\"Gewinnspiel Casinos in Florida\"}]},{\"@type\":\"WebSite\",\"@id\":\"https:\/\/casinoreturn.com\/#website\",\"url\":\"https:\/\/casinoreturn.com\/\",\"name\":\"casinoreturn\",\"description\":\"\",\"publisher\":{\"@id\":\"https:\/\/casinoreturn.com\/#organization\"},\"potentialAction\":[{\"@type\":\"SearchAction\",\"target\":{\"@type\":\"EntryPoint\",\"urlTemplate\":\"https:\/\/casinoreturn.com\/?s={search_term_string}\"},\"query-input\":{\"@type\":\"PropertyValueSpecification\",\"valueRequired\":true,\"valueName\":\"search_term_string\"}}],\"inLanguage\":\"de\"},{\"@type\":\"Organization\",\"@id\":\"https:\/\/casinoreturn.com\/#organization\",\"name\":\"casinoreturn\",\"url\":\"https:\/\/casinoreturn.com\/\",\"logo\":{\"@type\":\"ImageObject\",\"inLanguage\":\"de\",\"@id\":\"https:\/\/casinoreturn.com\/#\/schema\/logo\/image\/\",\"url\":\"https:\/\/casinoreturn.com\/wp-content\/uploads\/2024\/09\/animal-favicon.png\",\"contentUrl\":\"https:\/\/casinoreturn.com\/wp-content\/uploads\/2024\/09\/animal-favicon.png\",\"width\":92,\"height\":92,\"caption\":\"casinoreturn\"},\"image\":{\"@id\":\"https:\/\/casinoreturn.com\/#\/schema\/logo\/image\/\"}}]}<\/script>\n<!-- \/ Yoast SEO plugin. -->","yoast_head_json":{"title":"Gewinnspiel Casinos in Florida - casinoreturn","description":"Sweepstake Casinos in Florida werden im Sonnenscheinstaat als Werbewettbewerb und nicht als reines Gl\u00fccksspiel betrieben, daher ist es vorerst legal.","robots":{"index":"index","follow":"follow","max-snippet":"max-snippet:-1","max-image-preview":"max-image-preview:large","max-video-preview":"max-video-preview:-1"},"canonical":"https:\/\/casinoreturn.com\/de\/gewinnspiel-casinos-in-florida\/","og_locale":"de_DE","og_type":"article","og_title":"Gewinnspiel Casinos in Florida - casinoreturn","og_description":"Sweepstake Casinos in Florida werden im Sonnenscheinstaat als Werbewettbewerb und nicht als reines Gl\u00fccksspiel betrieben, daher ist es vorerst legal.","og_url":"https:\/\/casinoreturn.com\/de\/gewinnspiel-casinos-in-florida\/","og_site_name":"casinoreturn","article_modified_time":"2025-10-31T14:22:58+00:00","og_image":[{"width":225,"height":225,"url":"https:\/\/casinoreturn.com\/wp-content\/uploads\/2025\/10\/Sweepstake-Casinos-in-Florida.png","type":"image\/png"}],"twitter_card":"summary_large_image","twitter_misc":{"Gesch\u00e4tzte Lesezeit":"2\u00a0Minuten"},"schema":{"@context":"https:\/\/schema.org","@graph":[{"@type":"WebPage","@id":"https:\/\/casinoreturn.com\/de\/gewinnspiel-casinos-in-florida\/","url":"https:\/\/casinoreturn.com\/de\/gewinnspiel-casinos-in-florida\/","name":"Gewinnspiel Casinos in Florida - casinoreturn","isPartOf":{"@id":"https:\/\/casinoreturn.com\/#website"},"primaryImageOfPage":{"@id":"https:\/\/casinoreturn.com\/de\/gewinnspiel-casinos-in-florida\/#primaryimage"},"image":{"@id":"https:\/\/casinoreturn.com\/de\/gewinnspiel-casinos-in-florida\/#primaryimage"},"thumbnailUrl":"https:\/\/casinoreturn.com\/wp-content\/uploads\/2025\/10\/Sweepstake-Casinos-in-Florida.png","datePublished":"2025-10-17T16:07:39+00:00","dateModified":"2025-10-31T14:22:58+00:00","description":"Sweepstake Casinos in Florida werden im Sonnenscheinstaat als Werbewettbewerb und nicht als reines Gl\u00fccksspiel betrieben, daher ist es vorerst legal.","breadcrumb":{"@id":"https:\/\/casinoreturn.com\/de\/gewinnspiel-casinos-in-florida\/#breadcrumb"},"inLanguage":"de","potentialAction":[{"@type":"ReadAction","target":["https:\/\/casinoreturn.com\/de\/gewinnspiel-casinos-in-florida\/"]}]},{"@type":"ImageObject","inLanguage":"de","@id":"https:\/\/casinoreturn.com\/de\/gewinnspiel-casinos-in-florida\/#primaryimage","url":"https:\/\/casinoreturn.com\/wp-content\/uploads\/2025\/10\/Sweepstake-Casinos-in-Florida.png","contentUrl":"https:\/\/casinoreturn.com\/wp-content\/uploads\/2025\/10\/Sweepstake-Casinos-in-Florida.png","width":225,"height":225,"caption":"Sweepstake Casinos in Florida"},{"@type":"BreadcrumbList","@id":"https:\/\/casinoreturn.com\/de\/gewinnspiel-casinos-in-florida\/#breadcrumb","itemListElement":[{"@type":"ListItem","position":1,"name":"Home","item":"https:\/\/casinoreturn.com\/de\/heim\/"},{"@type":"ListItem","position":2,"name":"Gewinnspiel Casinos in Florida"}]},{"@type":"WebSite","@id":"https:\/\/casinoreturn.com\/#website","url":"https:\/\/casinoreturn.com\/","name":"casinoreturn","description":"","publisher":{"@id":"https:\/\/casinoreturn.com\/#organization"},"potentialAction":[{"@type":"SearchAction","target":{"@type":"EntryPoint","urlTemplate":"https:\/\/casinoreturn.com\/?s={search_term_string}"},"query-input":{"@type":"PropertyValueSpecification","valueRequired":true,"valueName":"search_term_string"}}],"inLanguage":"de"},{"@type":"Organization","@id":"https:\/\/casinoreturn.com\/#organization","name":"casinoreturn","url":"https:\/\/casinoreturn.com\/","logo":{"@type":"ImageObject","inLanguage":"de","@id":"https:\/\/casinoreturn.com\/#\/schema\/logo\/image\/","url":"https:\/\/casinoreturn.com\/wp-content\/uploads\/2024\/09\/animal-favicon.png","contentUrl":"https:\/\/casinoreturn.com\/wp-content\/uploads\/2024\/09\/animal-favicon.png","width":92,"height":92,"caption":"casinoreturn"},"image":{"@id":"https:\/\/casinoreturn.com\/#\/schema\/logo\/image\/"}}]}},"_links":{"self":[{"href":"https:\/\/casinoreturn.com\/de\/wp-json\/wp\/v2\/pages\/16029","targetHints":{"allow":["GET"]}}],"collection":[{"href":"https:\/\/casinoreturn.com\/de\/wp-json\/wp\/v2\/pages"}],"about":[{"href":"https:\/\/casinoreturn.com\/de\/wp-json\/wp\/v2\/types\/page"}],"author":[{"embeddable":true,"href":"https:\/\/casinoreturn.com\/de\/wp-json\/wp\/v2\/users\/1"}],"replies":[{"embeddable":true,"href":"https:\/\/casinoreturn.com\/de\/wp-json\/wp\/v2\/comments?post=16029"}],"version-history":[{"count":1,"href":"https:\/\/casinoreturn.com\/de\/wp-json\/wp\/v2\/pages\/16029\/revisions"}],"predecessor-version":[{"id":16030,"href":"https:\/\/casinoreturn.com\/de\/wp-json\/wp\/v2\/pages\/16029\/revisions\/16030"}],"wp:featuredmedia":[{"embeddable":true,"href":"https:\/\/casinoreturn.com\/de\/wp-json\/wp\/v2\/media\/15499"}],"wp:attachment":[{"href":"https:\/\/casinoreturn.com\/de\/wp-json\/wp\/v2\/media?parent=16029"}],"curies":[{"name":"wp","href":"https:\/\/api.w.org\/{rel}","templated":true}]}}