{"id":16069,"date":"2025-10-15T10:15:30","date_gmt":"2025-10-15T10:15:30","guid":{"rendered":"https:\/\/casinoreturn.com\/pennsylvania-gewinnspiel-casinos\/"},"modified":"2025-10-31T14:39:05","modified_gmt":"2025-10-31T14:39:05","slug":"pennsylvania-gewinnspiel-casinos","status":"publish","type":"page","link":"https:\/\/casinoreturn.com\/de\/pennsylvania-gewinnspiel-casinos\/","title":{"rendered":"Pennsylvania Gewinnspiel Casinos"},"content":{"rendered":"\t\t<div data-elementor-type=\"wp-page\" data-elementor-id=\"16069\" class=\"elementor elementor-16069\" data-elementor-post-type=\"page\">\n\t\t\t\t<div class=\"elementor-element elementor-element-feed78d e-con-full e-flex e-con e-parent\" data-id=\"feed78d\" data-element_type=\"container\">\n\t\t\t\t<div class=\"elementor-element elementor-element-61285ac elementor-widget elementor-widget-heading\" data-id=\"61285ac\" data-element_type=\"widget\" data-widget_type=\"heading.default\">\n\t\t\t\t<div class=\"elementor-widget-container\">\n\t\t\t\t\t<h3 class=\"elementor-heading-title elementor-size-default\">Pennsylvania Gewinnspiel Casinos<\/h3>\t\t\t\t<\/div>\n\t\t\t\t<\/div>\n\t\t\t\t<div class=\"elementor-element elementor-element-d2600d4 elementor-widget elementor-widget-text-editor\" data-id=\"d2600d4\" data-element_type=\"widget\" data-widget_type=\"text-editor.default\">\n\t\t\t\t<div class=\"elementor-widget-container\">\n\t\t\t\t\t\t\t\t\t<p>Gewinnspiel-Casinos in Pennsylvania befinden sich in der Vorh\u00f6lle, nachdem die PGCB, die Gl\u00fccksspielkontrollbeh\u00f6rde von Pennsylvania, 18 aktiven Gewinnspielbetreibern eine Mitteilung zukommen lie\u00df.  <\/p>\n<p><img decoding=\"async\" class=\"alignnone size-medium wp-image-14813\" src=\"https:\/\/casinoreturn.com\/wp-content\/uploads\/2025\/10\/Sweep-stake-casino-return-300x166.jpg\" alt=\"Sweep Einsatz Casino Rendite\" width=\"300\" height=\"166\" srcset=\"https:\/\/casinoreturn.com\/wp-content\/uploads\/2025\/10\/Sweep-stake-casino-return-300x166.jpg 300w, https:\/\/casinoreturn.com\/wp-content\/uploads\/2025\/10\/Sweep-stake-casino-return-768x424.jpg 768w, https:\/\/casinoreturn.com\/wp-content\/uploads\/2025\/10\/Sweep-stake-casino-return.jpg 906w\" sizes=\"(max-width: 300px) 100vw, 300px\" \/><\/p>\n<p>Im April 2025 wurde den betreffenden Unternehmen eine Unterlassungserkl\u00e4rung f\u00fcr ihre T\u00e4tigkeit in Pennsylvania ausgestellt. Viele Betreiber haben ihr Angebot f\u00fcr die Einwohner bereits eingestellt und ihr Gesch\u00e4ft aufgegeben. Die Sprecher der PGCB betrachten Gewinnspiel-Casinos als illegal und haben eine h\u00e4rtere Gangart eingeschlagen, um die Ank\u00fcndigung durchzusetzen.  <\/p>\n<p><strong>In diesem Artikel  <\/strong><\/p>\n<ul>\n<li><a href=\"https:\/\/casinoreturn.com\/de\/pennsylvania-gewinnspiel-casinos\/#legal\">Sind Sportwetten in Pennsylvania legal?<\/a><\/li>\n<li>Mobile Einzelhandelsanbieter bieten Sportwetten in PA an<\/li>\n<li><a href=\"https:\/\/casinoreturn.com\/pennsylvania-sweepstake#list\">Liste der Casinos in Pennsylvania  <\/a><\/li>\n<li><a href=\"https:\/\/casinoreturn.com\/pennsylvania-sweepstake#real\">Kann ich in Pennsylvania mit echtem Geld spielen?<\/a><\/li>\n<li><a href=\"https:\/\/casinoreturn.com\/pennsylvania-sweepstake#faq\">FAQs Gewinnspiel Casinos in Pennsylvania  <\/a><\/li>\n<\/ul>\n<p><img decoding=\"async\" class=\"alignnone wp-image-15387\" src=\"https:\/\/casinoreturn.com\/wp-content\/uploads\/2025\/10\/Pennsylvania-Sweepstake-Casinos-300x215.jpg\" alt=\"Pennsylvania Gewinnspiel Casinos\" width=\"250\" height=\"179\" srcset=\"https:\/\/casinoreturn.com\/wp-content\/uploads\/2025\/10\/Pennsylvania-Sweepstake-Casinos-300x215.jpg 300w, https:\/\/casinoreturn.com\/wp-content\/uploads\/2025\/10\/Pennsylvania-Sweepstake-Casinos-768x549.jpg 768w, https:\/\/casinoreturn.com\/wp-content\/uploads\/2025\/10\/Pennsylvania-Sweepstake-Casinos.jpg 800w\" sizes=\"(max-width: 250px) 100vw, 250px\" \/><\/p>\n\t\t\t\t\t\t\t\t<\/div>\n\t\t\t\t<\/div>\n\t\t\t\t<div class=\"elementor-element elementor-element-3291067 elementor-widget elementor-widget-heading\" data-id=\"3291067\" data-element_type=\"widget\" id=\"legal\" data-widget_type=\"heading.default\">\n\t\t\t\t<div class=\"elementor-widget-container\">\n\t\t\t\t\t<h3 class=\"elementor-heading-title elementor-size-default\">Sind Sportwetten in Pennsylvania legal?  <\/h3>\t\t\t\t<\/div>\n\t\t\t\t<\/div>\n\t\t\t\t<div class=\"elementor-element elementor-element-5ef6b05 elementor-widget elementor-widget-text-editor\" data-id=\"5ef6b05\" data-element_type=\"widget\" data-widget_type=\"text-editor.default\">\n\t\t\t\t<div class=\"elementor-widget-container\">\n\t\t\t\t\t\t\t\t\t<p>Sportwetten in Pennsylvania sind legal und werden seit 2017 von der PGCB, der Pennsylvania Gaming Control Board, unter House Bill 271 geregelt. Um eine Lizenz f\u00fcr den Betrieb von Einzelhandels- und mobilen Sportwetten zu beantragen, muss eine Marke bei der PGCB selbst ein Sportwetten-Zertifikat beantragen und eine saftige Lizenzgeb\u00fchr in H\u00f6he von 10 Millionen USD zahlen. Die Steuern sind mit 36% ziemlich hoch, was ein Hauptgrund daf\u00fcr ist, dass nur ein Dutzend Marken die Lizenz haben.  <\/p>\n<p>Aber es gibt Einschr\u00e4nkungen. Pennsylvania erlaubt KEINE High School-Wetten, wie \u00fcbrigens auch andere US-Bundesstaaten. Dasselbe gilt f\u00fcr College-Sportveranstaltungen auf heimischem Boden.  <\/p>\n<p>Eine Einschr\u00e4nkung hebt sich von den anderen ab, n\u00e4mlich Wetten auf die Politik. Das ist in Pennsylvania ein Tabu.  <\/p>\n<p>Auch eSport-Wetten sind nach dem Gesetz und der Autorit\u00e4t der PGCB vorerst ausgeschlossen.  <\/p>\n<h4>Mobile Einzelhandelsunternehmen, die Sportwetten in PA anbieten<\/h4>\n<ul>\n<li>FanDuel, lizenziert seit 2021, Vertrauensw\u00fcrdige, seri\u00f6se Sportwettenmarke<\/li>\n<li>DraftKings, lizenziert seit 2020, US-Betreiber mit einer gro\u00dfen Fangemeinde<\/li>\n<li>BetMGM, seit 2020 lizenziert, unter den Top 5 der gr\u00f6\u00dften Anbieter in den USA<\/li>\n<li>bet365, lizenziert seit 2025, die europ\u00e4ische Antwort auf Fanduel und Co.<\/li>\n<li>Pala Interactive, lizenziert seit 2022, mittelgro\u00dfer Betreiber in PA<\/li>\n<li>UniBet, Zugelassen f\u00fcr Casino und Sportwetten<\/li>\n<li>SBTech Malta Ltd, Plattform f\u00fcr Marken, die Sportwetten anbieten  <\/li>\n<li>American Wagering, zur Genehmigung anstehend<\/li>\n<\/ul>\n\t\t\t\t\t\t\t\t<\/div>\n\t\t\t\t<\/div>\n\t\t\t\t<div class=\"elementor-element elementor-element-35f12d6 elementor-widget elementor-widget-heading\" data-id=\"35f12d6\" data-element_type=\"widget\" id=\"list\" data-widget_type=\"heading.default\">\n\t\t\t\t<div class=\"elementor-widget-container\">\n\t\t\t\t\t<h3 class=\"elementor-heading-title elementor-size-default\">Liste der Casinos in Pennsylvania<\/h3>\t\t\t\t<\/div>\n\t\t\t\t<\/div>\n\t\t\t\t<div class=\"elementor-element elementor-element-7dcb10b elementor-view-default elementor-widget elementor-widget-icon\" data-id=\"7dcb10b\" data-element_type=\"widget\" data-widget_type=\"icon.default\">\n\t\t\t\t<div class=\"elementor-widget-container\">\n\t\t\t\t\t\t\t<div class=\"elementor-icon-wrapper\">\n\t\t\t<div class=\"elementor-icon\">\n\t\t\t<i aria-hidden=\"true\" class=\"fas fa-star\"><\/i>\t\t\t<\/div>\n\t\t<\/div>\n\t\t\t\t\t\t<\/div>\n\t\t\t\t<\/div>\n\t\t\t\t<div class=\"elementor-element elementor-element-eb36c18 elementor-widget elementor-widget-text-editor\" data-id=\"eb36c18\" data-element_type=\"widget\" data-widget_type=\"text-editor.default\">\n\t\t\t\t<div class=\"elementor-widget-container\">\n\t\t\t\t\t\t\t\t\t<h4>Bet365 Sportwetten  <\/h4>\n<ul>\n<li>100% Willkommensbonus bis zu USD$1000 + 500 Spins<\/li>\n<li>Mindesteinlage USD$10  <\/li>\n<li>Niedriger Wetteinsatz von nur 25 Mal<\/li>\n<li>Eine der besten verf\u00fcgbaren Sportwetten-Apps<\/li>\n<li> <\/li>\n<\/ul>\n\t\t\t\t\t\t\t\t<\/div>\n\t\t\t\t<\/div>\n\t\t\t\t<div class=\"elementor-element elementor-element-da802c6 elementor-align-center elementor-widget elementor-widget-button\" data-id=\"da802c6\" data-element_type=\"widget\" data-widget_type=\"button.default\">\n\t\t\t\t<div class=\"elementor-widget-container\">\n\t\t\t\t\t\t\t\t\t<div class=\"elementor-button-wrapper\">\n\t\t\t\t\t<a class=\"elementor-button elementor-button-link elementor-size-sm\" href=\"#\">\n\t\t\t\t\t\t<span class=\"elementor-button-content-wrapper\">\n\t\t\t\t\t\t\t\t\t<span class=\"elementor-button-text\">Fordern Sie hier f\u00fcr Bet365  <\/span>\n\t\t\t\t\t<\/span>\n\t\t\t\t\t<\/a>\n\t\t\t\t<\/div>\n\t\t\t\t\t\t\t\t<\/div>\n\t\t\t\t<\/div>\n\t\t\t\t<div class=\"elementor-element elementor-element-ff1e285 elementor-widget elementor-widget-heading\" data-id=\"ff1e285\" data-element_type=\"widget\" id=\"real\" data-widget_type=\"heading.default\">\n\t\t\t\t<div class=\"elementor-widget-container\">\n\t\t\t\t\t<h3 class=\"elementor-heading-title elementor-size-default\">Kann ich in Pennsylvania mit echtem Geld spielen?<\/h3>\t\t\t\t<\/div>\n\t\t\t\t<\/div>\n\t\t\t\t<div class=\"elementor-element elementor-element-f23df3a elementor-widget elementor-widget-text-editor\" data-id=\"f23df3a\" data-element_type=\"widget\" data-widget_type=\"text-editor.default\">\n\t\t\t\t<div class=\"elementor-widget-container\">\n\t\t\t\t\t\t\t\t\t<p>Ja, Einwohner von Pennsylvania k\u00f6nnen in Casinos mit echtem Geld spielen. Mindestalter 21+. Wir haben eine Liste der aktuellen landbasierten Casinos in Pennsylvania zusammengestellt.  <\/p>\n<p><strong>Landbasierte Kasinos in PA, US<\/strong><\/p>\n<ul>\n<li>Harrahs PA Casino und Rennbahn, Chester<\/li>\n<li>Rivers Casino PA,  <\/li>\n<li>Parx Kasino und Rennen, Bensalem<\/li>\n<li>Live! Hotel und Kasino, PA<\/li>\n<li>Valley Forge Resort, K\u00f6nig von Preu\u00dfen<\/li>\n<li>Hollywood Casino auf der Penn National Rennbahn, Grantville<\/li>\n<li>Mohegan Sun Pocono, Wilkes-Barre<\/li>\n<li>Lady Luck Kasino, Farmington<\/li>\n<\/ul>\n\t\t\t\t\t\t\t\t<\/div>\n\t\t\t\t<\/div>\n\t\t\t\t<div class=\"elementor-element elementor-element-f9f4919 elementor-widget elementor-widget-heading\" data-id=\"f9f4919\" data-element_type=\"widget\" id=\"faq\" data-widget_type=\"heading.default\">\n\t\t\t\t<div class=\"elementor-widget-container\">\n\t\t\t\t\t<h3 class=\"elementor-heading-title elementor-size-default\">FAQs Gewinnspiel Casinos in Pennsylvania<\/h3>\t\t\t\t<\/div>\n\t\t\t\t<\/div>\n\t\t\t\t<div class=\"elementor-element elementor-element-3f14f5d elementor-widget elementor-widget-elementskit-faq\" data-id=\"3f14f5d\" data-element_type=\"widget\" data-widget_type=\"elementskit-faq.default\">\n\t\t\t\t<div class=\"elementor-widget-container\">\n\t\t\t\t\t<div class=\"ekit-wid-con\" >\n                <div class=\"elementskit-single-faq elementor-repeater-item-f98fd40\">\n            <div class=\"elementskit-faq-header\">\n                <h2 class=\"elementskit-faq-title\">Are Social Casinos legal in PA?<\/h2>\n            <\/div>\n            <div class=\"elementskit-faq-body\">\n                Social casinos offering sweepstakes promotions were prohibited in April 2025 by the PGCB. Those operators were deemed illegal and therefore faced a shutdown. 18 known brands received a letter of cease-and-desist from the board            <\/div>\n        <\/div>\n                <div class=\"elementskit-single-faq elementor-repeater-item-dde268b\">\n            <div class=\"elementskit-faq-header\">\n                <h2 class=\"elementskit-faq-title\">Which legal casinos can I visit in PA?<\/h2>\n            <\/div>\n            <div class=\"elementskit-faq-body\">\n                Player of the age of 21+ are allowed to visit land-based casinos. The PCGB also issues licences to Online Casinos, Mobile Sports Betting operators, Online Poker, and Fantasy sports.            <\/div>\n        <\/div>\n                <div class=\"elementskit-single-faq elementor-repeater-item-525abea\">\n            <div class=\"elementskit-faq-header\">\n                <h2 class=\"elementskit-faq-title\">Can I bet on Colleague Football in PA?<\/h2>\n            <\/div>\n            <div class=\"elementskit-faq-body\">\n                The answer is NO, you can't. \n\nBetting on High school events are illegal \nBetting on Colleague events are illegal\nBetting on Politics are illegal\neSports Betting is illegal             <\/div>\n        <\/div>\n                \n    <\/div>\t\t\t\t<\/div>\n\t\t\t\t<\/div>\n\t\t\t\t<\/div>\n\t\t\t\t<\/div>\n\t\t","protected":false},"excerpt":{"rendered":"<p>Pennsylvania Gewinnspiel Casinos Gewinnspiel-Casinos in Pennsylvania befinden sich in der Vorh\u00f6lle, nachdem die PGCB, die Gl\u00fccksspielkontrollbeh\u00f6rde von Pennsylvania, 18 aktiven Gewinnspielbetreibern eine Mitteilung zukommen lie\u00df. Im April 2025 wurde den betreffenden Unternehmen eine Unterlassungserkl\u00e4rung f\u00fcr ihre T\u00e4tigkeit in Pennsylvania ausgestellt. Viele Betreiber haben ihr Angebot f\u00fcr die Einwohner bereits eingestellt und ihr Gesch\u00e4ft aufgegeben. Die [&hellip;]<\/p>\n","protected":false},"author":1,"featured_media":15390,"parent":0,"menu_order":0,"comment_status":"closed","ping_status":"closed","template":"","meta":{"footnotes":""},"class_list":["post-16069","page","type-page","status-publish","has-post-thumbnail","hentry"],"blocksy_meta":[],"acf":[],"yoast_head":"<!-- This site is optimized with the Yoast SEO plugin v24.1 - https:\/\/yoast.com\/wordpress\/plugins\/seo\/ -->\n<title>Pennsylvania Gewinnspiel Casinos - casinoreturn<\/title>\n<meta name=\"description\" content=\"Pennsylvania Sweepstake Casinos unter Beobachtung der Gl\u00fccksspielkontrollbeh\u00f6rde. 18 Gewinnspielbetreibern wurde gek\u00fcndigt, um ihre Marke zur\u00fcckzuziehen.\" \/>\n<meta name=\"robots\" content=\"index, follow, max-snippet:-1, max-image-preview:large, max-video-preview:-1\" \/>\n<link rel=\"canonical\" href=\"https:\/\/casinoreturn.com\/de\/pennsylvania-gewinnspiel-casinos\/\" \/>\n<meta property=\"og:locale\" content=\"de_DE\" \/>\n<meta property=\"og:type\" content=\"article\" \/>\n<meta property=\"og:title\" content=\"Pennsylvania Gewinnspiel Casinos - casinoreturn\" \/>\n<meta property=\"og:description\" content=\"Pennsylvania Sweepstake Casinos unter Beobachtung der Gl\u00fccksspielkontrollbeh\u00f6rde. 18 Gewinnspielbetreibern wurde gek\u00fcndigt, um ihre Marke zur\u00fcckzuziehen.\" \/>\n<meta property=\"og:url\" content=\"https:\/\/casinoreturn.com\/de\/pennsylvania-gewinnspiel-casinos\/\" \/>\n<meta property=\"og:site_name\" content=\"casinoreturn\" \/>\n<meta property=\"article:modified_time\" content=\"2025-10-31T14:39:05+00:00\" \/>\n<meta property=\"og:image\" content=\"https:\/\/casinoreturn.com\/wp-content\/uploads\/2025\/10\/Pennsylvania-Sweepstake-Casinos.jpg\" \/>\n\t<meta property=\"og:image:width\" content=\"800\" \/>\n\t<meta property=\"og:image:height\" content=\"572\" \/>\n\t<meta property=\"og:image:type\" content=\"image\/jpeg\" \/>\n<meta name=\"twitter:card\" content=\"summary_large_image\" \/>\n<meta name=\"twitter:label1\" content=\"Gesch\u00e4tzte Lesezeit\" \/>\n\t<meta name=\"twitter:data1\" content=\"3\u00a0Minuten\" \/>\n<script type=\"application\/ld+json\" class=\"yoast-schema-graph\">{\"@context\":\"https:\/\/schema.org\",\"@graph\":[{\"@type\":\"WebPage\",\"@id\":\"https:\/\/casinoreturn.com\/de\/pennsylvania-gewinnspiel-casinos\/\",\"url\":\"https:\/\/casinoreturn.com\/de\/pennsylvania-gewinnspiel-casinos\/\",\"name\":\"Pennsylvania Gewinnspiel Casinos - casinoreturn\",\"isPartOf\":{\"@id\":\"https:\/\/casinoreturn.com\/#website\"},\"primaryImageOfPage\":{\"@id\":\"https:\/\/casinoreturn.com\/de\/pennsylvania-gewinnspiel-casinos\/#primaryimage\"},\"image\":{\"@id\":\"https:\/\/casinoreturn.com\/de\/pennsylvania-gewinnspiel-casinos\/#primaryimage\"},\"thumbnailUrl\":\"https:\/\/casinoreturn.com\/wp-content\/uploads\/2025\/10\/Pennsylvania-Sweepstake-Casinos.jpg\",\"datePublished\":\"2025-10-15T10:15:30+00:00\",\"dateModified\":\"2025-10-31T14:39:05+00:00\",\"description\":\"Pennsylvania Sweepstake Casinos unter Beobachtung der Gl\u00fccksspielkontrollbeh\u00f6rde. 18 Gewinnspielbetreibern wurde gek\u00fcndigt, um ihre Marke zur\u00fcckzuziehen.\",\"breadcrumb\":{\"@id\":\"https:\/\/casinoreturn.com\/de\/pennsylvania-gewinnspiel-casinos\/#breadcrumb\"},\"inLanguage\":\"de\",\"potentialAction\":[{\"@type\":\"ReadAction\",\"target\":[\"https:\/\/casinoreturn.com\/de\/pennsylvania-gewinnspiel-casinos\/\"]}]},{\"@type\":\"ImageObject\",\"inLanguage\":\"de\",\"@id\":\"https:\/\/casinoreturn.com\/de\/pennsylvania-gewinnspiel-casinos\/#primaryimage\",\"url\":\"https:\/\/casinoreturn.com\/wp-content\/uploads\/2025\/10\/Pennsylvania-Sweepstake-Casinos.jpg\",\"contentUrl\":\"https:\/\/casinoreturn.com\/wp-content\/uploads\/2025\/10\/Pennsylvania-Sweepstake-Casinos.jpg\",\"width\":800,\"height\":572,\"caption\":\"Pennsylvania Sweepstake Casinos\"},{\"@type\":\"BreadcrumbList\",\"@id\":\"https:\/\/casinoreturn.com\/de\/pennsylvania-gewinnspiel-casinos\/#breadcrumb\",\"itemListElement\":[{\"@type\":\"ListItem\",\"position\":1,\"name\":\"Home\",\"item\":\"https:\/\/casinoreturn.com\/de\/heim\/\"},{\"@type\":\"ListItem\",\"position\":2,\"name\":\"Pennsylvania Gewinnspiel Casinos\"}]},{\"@type\":\"WebSite\",\"@id\":\"https:\/\/casinoreturn.com\/#website\",\"url\":\"https:\/\/casinoreturn.com\/\",\"name\":\"casinoreturn\",\"description\":\"\",\"publisher\":{\"@id\":\"https:\/\/casinoreturn.com\/#organization\"},\"potentialAction\":[{\"@type\":\"SearchAction\",\"target\":{\"@type\":\"EntryPoint\",\"urlTemplate\":\"https:\/\/casinoreturn.com\/?s={search_term_string}\"},\"query-input\":{\"@type\":\"PropertyValueSpecification\",\"valueRequired\":true,\"valueName\":\"search_term_string\"}}],\"inLanguage\":\"de\"},{\"@type\":\"Organization\",\"@id\":\"https:\/\/casinoreturn.com\/#organization\",\"name\":\"casinoreturn\",\"url\":\"https:\/\/casinoreturn.com\/\",\"logo\":{\"@type\":\"ImageObject\",\"inLanguage\":\"de\",\"@id\":\"https:\/\/casinoreturn.com\/#\/schema\/logo\/image\/\",\"url\":\"https:\/\/casinoreturn.com\/wp-content\/uploads\/2024\/09\/animal-favicon.png\",\"contentUrl\":\"https:\/\/casinoreturn.com\/wp-content\/uploads\/2024\/09\/animal-favicon.png\",\"width\":92,\"height\":92,\"caption\":\"casinoreturn\"},\"image\":{\"@id\":\"https:\/\/casinoreturn.com\/#\/schema\/logo\/image\/\"}}]}<\/script>\n<!-- \/ Yoast SEO plugin. -->","yoast_head_json":{"title":"Pennsylvania Gewinnspiel Casinos - casinoreturn","description":"Pennsylvania Sweepstake Casinos unter Beobachtung der Gl\u00fccksspielkontrollbeh\u00f6rde. 18 Gewinnspielbetreibern wurde gek\u00fcndigt, um ihre Marke zur\u00fcckzuziehen.","robots":{"index":"index","follow":"follow","max-snippet":"max-snippet:-1","max-image-preview":"max-image-preview:large","max-video-preview":"max-video-preview:-1"},"canonical":"https:\/\/casinoreturn.com\/de\/pennsylvania-gewinnspiel-casinos\/","og_locale":"de_DE","og_type":"article","og_title":"Pennsylvania Gewinnspiel Casinos - casinoreturn","og_description":"Pennsylvania Sweepstake Casinos unter Beobachtung der Gl\u00fccksspielkontrollbeh\u00f6rde. 18 Gewinnspielbetreibern wurde gek\u00fcndigt, um ihre Marke zur\u00fcckzuziehen.","og_url":"https:\/\/casinoreturn.com\/de\/pennsylvania-gewinnspiel-casinos\/","og_site_name":"casinoreturn","article_modified_time":"2025-10-31T14:39:05+00:00","og_image":[{"width":800,"height":572,"url":"https:\/\/casinoreturn.com\/wp-content\/uploads\/2025\/10\/Pennsylvania-Sweepstake-Casinos.jpg","type":"image\/jpeg"}],"twitter_card":"summary_large_image","twitter_misc":{"Gesch\u00e4tzte Lesezeit":"3\u00a0Minuten"},"schema":{"@context":"https:\/\/schema.org","@graph":[{"@type":"WebPage","@id":"https:\/\/casinoreturn.com\/de\/pennsylvania-gewinnspiel-casinos\/","url":"https:\/\/casinoreturn.com\/de\/pennsylvania-gewinnspiel-casinos\/","name":"Pennsylvania Gewinnspiel Casinos - casinoreturn","isPartOf":{"@id":"https:\/\/casinoreturn.com\/#website"},"primaryImageOfPage":{"@id":"https:\/\/casinoreturn.com\/de\/pennsylvania-gewinnspiel-casinos\/#primaryimage"},"image":{"@id":"https:\/\/casinoreturn.com\/de\/pennsylvania-gewinnspiel-casinos\/#primaryimage"},"thumbnailUrl":"https:\/\/casinoreturn.com\/wp-content\/uploads\/2025\/10\/Pennsylvania-Sweepstake-Casinos.jpg","datePublished":"2025-10-15T10:15:30+00:00","dateModified":"2025-10-31T14:39:05+00:00","description":"Pennsylvania Sweepstake Casinos unter Beobachtung der Gl\u00fccksspielkontrollbeh\u00f6rde. 18 Gewinnspielbetreibern wurde gek\u00fcndigt, um ihre Marke zur\u00fcckzuziehen.","breadcrumb":{"@id":"https:\/\/casinoreturn.com\/de\/pennsylvania-gewinnspiel-casinos\/#breadcrumb"},"inLanguage":"de","potentialAction":[{"@type":"ReadAction","target":["https:\/\/casinoreturn.com\/de\/pennsylvania-gewinnspiel-casinos\/"]}]},{"@type":"ImageObject","inLanguage":"de","@id":"https:\/\/casinoreturn.com\/de\/pennsylvania-gewinnspiel-casinos\/#primaryimage","url":"https:\/\/casinoreturn.com\/wp-content\/uploads\/2025\/10\/Pennsylvania-Sweepstake-Casinos.jpg","contentUrl":"https:\/\/casinoreturn.com\/wp-content\/uploads\/2025\/10\/Pennsylvania-Sweepstake-Casinos.jpg","width":800,"height":572,"caption":"Pennsylvania Sweepstake Casinos"},{"@type":"BreadcrumbList","@id":"https:\/\/casinoreturn.com\/de\/pennsylvania-gewinnspiel-casinos\/#breadcrumb","itemListElement":[{"@type":"ListItem","position":1,"name":"Home","item":"https:\/\/casinoreturn.com\/de\/heim\/"},{"@type":"ListItem","position":2,"name":"Pennsylvania Gewinnspiel Casinos"}]},{"@type":"WebSite","@id":"https:\/\/casinoreturn.com\/#website","url":"https:\/\/casinoreturn.com\/","name":"casinoreturn","description":"","publisher":{"@id":"https:\/\/casinoreturn.com\/#organization"},"potentialAction":[{"@type":"SearchAction","target":{"@type":"EntryPoint","urlTemplate":"https:\/\/casinoreturn.com\/?s={search_term_string}"},"query-input":{"@type":"PropertyValueSpecification","valueRequired":true,"valueName":"search_term_string"}}],"inLanguage":"de"},{"@type":"Organization","@id":"https:\/\/casinoreturn.com\/#organization","name":"casinoreturn","url":"https:\/\/casinoreturn.com\/","logo":{"@type":"ImageObject","inLanguage":"de","@id":"https:\/\/casinoreturn.com\/#\/schema\/logo\/image\/","url":"https:\/\/casinoreturn.com\/wp-content\/uploads\/2024\/09\/animal-favicon.png","contentUrl":"https:\/\/casinoreturn.com\/wp-content\/uploads\/2024\/09\/animal-favicon.png","width":92,"height":92,"caption":"casinoreturn"},"image":{"@id":"https:\/\/casinoreturn.com\/#\/schema\/logo\/image\/"}}]}},"_links":{"self":[{"href":"https:\/\/casinoreturn.com\/de\/wp-json\/wp\/v2\/pages\/16069","targetHints":{"allow":["GET"]}}],"collection":[{"href":"https:\/\/casinoreturn.com\/de\/wp-json\/wp\/v2\/pages"}],"about":[{"href":"https:\/\/casinoreturn.com\/de\/wp-json\/wp\/v2\/types\/page"}],"author":[{"embeddable":true,"href":"https:\/\/casinoreturn.com\/de\/wp-json\/wp\/v2\/users\/1"}],"replies":[{"embeddable":true,"href":"https:\/\/casinoreturn.com\/de\/wp-json\/wp\/v2\/comments?post=16069"}],"version-history":[{"count":1,"href":"https:\/\/casinoreturn.com\/de\/wp-json\/wp\/v2\/pages\/16069\/revisions"}],"predecessor-version":[{"id":16070,"href":"https:\/\/casinoreturn.com\/de\/wp-json\/wp\/v2\/pages\/16069\/revisions\/16070"}],"wp:featuredmedia":[{"embeddable":true,"href":"https:\/\/casinoreturn.com\/de\/wp-json\/wp\/v2\/media\/15390"}],"wp:attachment":[{"href":"https:\/\/casinoreturn.com\/de\/wp-json\/wp\/v2\/media?parent=16069"}],"curies":[{"name":"wp","href":"https:\/\/api.w.org\/{rel}","templated":true}]}}