{"id":16218,"date":"2025-11-04T22:06:23","date_gmt":"2025-11-04T22:06:23","guid":{"rendered":"https:\/\/casinoreturn.com\/west-virginia-gewinnspiel-online-casino\/"},"modified":"2025-11-04T22:52:31","modified_gmt":"2025-11-04T22:52:31","slug":"west-virginia-gewinnspiel-online-casino","status":"publish","type":"page","link":"https:\/\/casinoreturn.com\/de\/west-virginia-gewinnspiel-online-casino\/","title":{"rendered":"West Virginia Gewinnspiel Online Casino"},"content":{"rendered":"\t\t<div data-elementor-type=\"wp-page\" data-elementor-id=\"16218\" class=\"elementor elementor-16218\" data-elementor-post-type=\"page\">\n\t\t\t\t<div class=\"elementor-element elementor-element-a25ba4b e-con-full e-flex e-con e-parent\" data-id=\"a25ba4b\" data-element_type=\"container\" data-settings=\"{&quot;background_background&quot;:&quot;gradient&quot;}\">\n\t\t\t\t<div class=\"elementor-element elementor-element-d034d04 elementor-widget elementor-widget-heading\" data-id=\"d034d04\" data-element_type=\"widget\" data-widget_type=\"heading.default\">\n\t\t\t\t<div class=\"elementor-widget-container\">\n\t\t\t\t\t<h3 class=\"elementor-heading-title elementor-size-default\">Virginia Gewinnspiel Online Casino<\/h3>\t\t\t\t<\/div>\n\t\t\t\t<\/div>\n\t\t\t\t<div class=\"elementor-element elementor-element-18d8fc5 elementor-widget elementor-widget-text-editor\" data-id=\"18d8fc5\" data-element_type=\"widget\" data-widget_type=\"text-editor.default\">\n\t\t\t\t<div class=\"elementor-widget-container\">\n\t\t\t\t\t\t\t\t\t<p>Die Regeln der West Virginia Sweepstake Online Casinos bewegen sich derzeit auf d\u00fcnnem Eis. Das bedeutet, dass Online-Casinos, bei denen Sie Geld einzahlen m\u00fcssen, um zu spielen und Geld zu gewinnen, in Wirklichkeit nicht legal sind. Sweepstake-Casinos arbeiten nach einem sogenannten Doppelw\u00e4hrungsmodell. Dieses Doppelw\u00e4hrungsmodell erm\u00f6glicht Spielern den Zugang zur Plattform, ohne dass eine Einzahlung erforderlich ist. Es kann kein Bargeld direkt gewonnen oder umgetauscht werden. Gewinnspiele funktionieren mit einl\u00f6sbaren M\u00fcnzen, die Sie dann eintauschen k\u00f6nnen.  <a href=\"https:\/\/casinoreturn.com\/de\/sweep-stake-casino-rueckgabe-usa\/\">Mehr Informationen zu Sweeps und Goldm\u00fcnzen finden Sie hier.  <\/a><\/p>\n<p>Spieler k\u00f6nnen auch weitere Informationen \u00fcber die Gesetzgebung f\u00fcr einzelne US-Bundesstaaten finden, wie z.B. <a href=\"https:\/\/casinoreturn.com\/new-york-sweepstake-casinos\/\">New Yorker Sweepstake Casinos<\/a> oder das <a href=\"https:\/\/casinoreturn.com\/california-bans-social-sweepstake-games\/\">Verbot in Kaliforniens Sweepstake Casinos. <\/a> <\/p>\n<p>In diesem Artikel erkl\u00e4ren wir:  <\/p>\n<ul>\n<li><a href=\"https:\/\/casinoreturn.com\/de\/west-virginia-gewinnspiel-online-casino\/#curr\">Aktuelle Gewinnspielbestimmungen in West Virginia<\/a><\/li>\n<li>Landbasierte Kasinos in West Virginia  <\/li>\n<li><a href=\"https:\/\/casinoreturn.com\/de\/west-virginia-gewinnspiel-online-casino\/#top\">Top 10 der Gewinnspiel Casinos in West Virginia<\/a> <\/li>\n<li><a href=\"https:\/\/casinoreturn.com\/de\/west-virginia-gewinnspiel-online-casino\/#sport\">Sportwetten in West Virginia<\/a><\/li>\n<li><a href=\"https:\/\/casinoreturn.com\/de\/west-virginia-gewinnspiel-online-casino\/#faq\">FAQ&#8217;s West Virginia Gewinnspiel Casinos<\/a><\/li>\n<li><a href=\"https:\/\/casinoreturn.com\/de\/west-virginia-gewinnspiel-online-casino\/#curio\">Kuriosit\u00e4ten \u00fcber West Virginia, US<\/a><\/li>\n<\/ul>\n\t\t\t\t\t\t\t\t<\/div>\n\t\t\t\t<\/div>\n\t\t\t\t<\/div>\n\t\t<div class=\"elementor-element elementor-element-920cb2f e-con-full e-flex e-con e-parent\" data-id=\"920cb2f\" data-element_type=\"container\" data-settings=\"{&quot;background_background&quot;:&quot;gradient&quot;}\">\n\t\t\t\t<div class=\"elementor-element elementor-element-5ede9b0 elementor-widget__width-initial elementor-widget elementor-widget-image\" data-id=\"5ede9b0\" data-element_type=\"widget\" data-widget_type=\"image.default\">\n\t\t\t\t<div class=\"elementor-widget-container\">\n\t\t\t\t\t\t\t\t\t\t\t\t\t\t\t<img decoding=\"async\" src=\"https:\/\/casinoreturn.com\/wp-content\/uploads\/elementor\/thumbs\/Sweep-stake-casino-return-rcsvuhhg8ru7ojla0mlxbz0ez2n9j5cipfa82r7ohw.jpg\" title=\"Sweep stake casino return\" alt=\"Sweep stake casino return\" loading=\"lazy\" \/>\t\t\t\t\t\t\t\t\t\t\t\t\t\t\t<\/div>\n\t\t\t\t<\/div>\n\t\t\t\t<div class=\"elementor-element elementor-element-21b3226 elementor-widget elementor-widget-heading\" data-id=\"21b3226\" data-element_type=\"widget\" id=\"curr\" data-widget_type=\"heading.default\">\n\t\t\t\t<div class=\"elementor-widget-container\">\n\t\t\t\t\t<h3 class=\"elementor-heading-title elementor-size-default\">Aktuelle Gewinnspielbestimmungen in West Virginia<\/h3>\t\t\t\t<\/div>\n\t\t\t\t<\/div>\n\t\t\t\t<\/div>\n\t\t<div class=\"elementor-element elementor-element-165ad87 e-con-full e-flex e-con e-parent\" data-id=\"165ad87\" data-element_type=\"container\">\n\t\t\t\t<div class=\"elementor-element elementor-element-8fc0205 elementor-widget elementor-widget-text-editor\" data-id=\"8fc0205\" data-element_type=\"widget\" data-widget_type=\"text-editor.default\">\n\t\t\t\t<div class=\"elementor-widget-container\">\n\t\t\t\t\t\t\t\t\t<p>Die derzeitige Situation f\u00fcr Gewinnspielkasinos in West Virginia steht auf wackligen Beinen, bleibt aber legal. Die Gesetzgeber in W&#8217;Virginia betrachten Betreiber von Doppelw\u00e4hrungsmodellen als Nicht-Gl\u00fccksspiel-Aktivit\u00e4ten. Dieses Modell wird von allen Seiten zunehmend kritisch be\u00e4ugt. Staaten wie Kalifornien und <a href=\"https:\/\/casinoreturn.com\/de\/pennsylvania-gewinnspiel-casinos\/\">Pennsylvania, die Gewinnspiele entweder verbieten oder untersagen.<\/a><\/p>\n<p>Die Idee des kostenlosen Eintritts in Online-Casinos wird vorerst aufrechterhalten. Spieler k\u00f6nnen die Plattformen kostenlos betreten und in Social Casinos spielen und dabei Goldm\u00fcnzen gewinnen. Diese Goldm\u00fcnzen k\u00f6nnen nicht in Bargeld umgetauscht werden und gelten daher gesetzlich nicht als Gl\u00fccksspiel. Sweepstake-Casinos sind nicht offiziell lizenziert und bleiben unter dem wachsamen Auge der staatlichen Gesetzgebung und fallen nicht unter das West Virginia Staatsgesetz Artikel 18.2-325.  <\/p>\n<p>Die Spieler m\u00fcssen mindestens 18 Jahre alt sein, um an Social Casinos teilzunehmen, und mindestens 21 Jahre alt und in West Virginia wohnhaft sein, um Sportwetten zu spielen.  <\/p>\t\t\t\t\t\t\t\t<\/div>\n\t\t\t\t<\/div>\n\t\t\t\t<div class=\"elementor-element elementor-element-5118fa1 elementor-widget elementor-widget-heading\" data-id=\"5118fa1\" data-element_type=\"widget\" id=\"top\" data-widget_type=\"heading.default\">\n\t\t\t\t<div class=\"elementor-widget-container\">\n\t\t\t\t\t<h3 class=\"elementor-heading-title elementor-size-default\">Die 10 besten Gewinnspielkasinos in West Virginia<\/h3>\t\t\t\t<\/div>\n\t\t\t\t<\/div>\n\t\t\t\t<div class=\"elementor-element elementor-element-7957e13 elementor-widget elementor-widget-image\" data-id=\"7957e13\" data-element_type=\"widget\" data-widget_type=\"image.default\">\n\t\t\t\t<div class=\"elementor-widget-container\">\n\t\t\t\t\t\t\t\t\t\t\t\t\t\t\t<img decoding=\"async\" src=\"https:\/\/casinoreturn.com\/wp-content\/uploads\/elementor\/thumbs\/West-Virginia-Sweepstake-online-Casino-re8be3avp0f8cq7oyjzacwqfm1upd5dp2x3x9hkbic.png\" title=\"West Virginia Sweepstake online Casino\" alt=\"West Virginia Sweepstake online Casino\" loading=\"lazy\" \/>\t\t\t\t\t\t\t\t\t\t\t\t\t\t\t<\/div>\n\t\t\t\t<\/div>\n\t\t\t\t<div class=\"elementor-element elementor-element-9c8bfae elementor-widget elementor-widget-text-editor\" data-id=\"9c8bfae\" data-element_type=\"widget\" data-widget_type=\"text-editor.default\">\n\t\t\t\t<div class=\"elementor-widget-container\">\n\t\t\t\t\t\t\t\t\t<p>Da Online-Casinos mit echtem Geld als illegal best\u00e4tigt wurden, bieten die folgenden Gewinnspiel-Casinos soziale Casino-M\u00f6glichkeiten. Das hei\u00dft, der Eintritt ist kostenlos und Sie m\u00fcssen keine Einzahlung leisten. Obwohl Sie Goldm\u00fcnzen gewinnen k\u00f6nnen und es daf\u00fcr Preise gibt, gibt es keinen Geldwert oder Bargeld zu gewinnen. In keiner besonderen Reihenfolge der Wichtigkeit:  <\/p>\n<p>Obwohl sie illegal sind, haben einige Casinos, die Gewinnspiel-Casinos online anbieten, den Markt verlassen. Im Jahr 2025 stellte Generalstaatsanwalt John B. McCusky knapp 50 Vorladungen an Betreiber aus. Die H\u00e4lfte hat ihren Betrieb bisher eingestellt. Einige bewegen sich noch in einer Grauzone.  <\/p>\n<h4>Landbasierte Kasinos in West Virginia<\/h4>\n<p>Die landbasierten Casinos in Virginia bieten ein lang erwartetes Spielerlebnis mit echtem Geld. Wir w\u00fcrden Ihnen gerne unsere Top 5 der landbasierten Casinos in West Virginia vorstellen, aber offiziell sind nur 3 voll in Betrieb. Die Lizenzen wurden im Jahr 2020 f\u00fcr Bristol US, Danville US, Norfolk US, Portsmouth US und Richmond US erteilt.  <\/p>\n<ul>\n<li>Das Hollywood Casino bei den Charles Town Races ist f\u00fchrend in Sachen Unterhaltung. Wir bieten Ihnen ein umfassendes Spielerlebnis mit Live-Tischpoker, Spielautomaten, Bingo und Blackjack. Einige Wettb\u00fcros sind ebenfalls vorhanden<\/li>\n<li>Mardi Gras &#8211; kombiniert den kompletten Betrieb eines Hotels und eines Casinos<\/li>\n<li>The Casino Club at The Greenbrier- Eine gro\u00dfe Marke steht hinter diesem Unterhaltungsspielzentrum<\/li>\n<\/ul>\t\t\t\t\t\t\t\t<\/div>\n\t\t\t\t<\/div>\n\t\t\t\t<div class=\"elementor-element elementor-element-0a7b52c elementor-widget elementor-widget-heading\" data-id=\"0a7b52c\" data-element_type=\"widget\" id=\"sport\" data-widget_type=\"heading.default\">\n\t\t\t\t<div class=\"elementor-widget-container\">\n\t\t\t\t\t<h3 class=\"elementor-heading-title elementor-size-default\">Sportwetten in West Virginia  <\/h3>\t\t\t\t<\/div>\n\t\t\t\t<\/div>\n\t\t\t\t<div class=\"elementor-element elementor-element-0a1012d elementor-widget elementor-widget-text-editor\" data-id=\"0a1012d\" data-element_type=\"widget\" data-widget_type=\"text-editor.default\">\n\t\t\t\t<div class=\"elementor-widget-container\">\n\t\t\t\t\t\t\t\t\t<p>Sportwetten sind in West Virginia legal und f\u00fcr Einwohner und Betreiber lizenziert. Sportwetten-Plattformen m\u00fcssen sich streng an die Altersverifikation halten, 21+ Jahre. Wetten m\u00fcssen im Bundesstaat Virginia platziert werden.  <\/p>\n<p>\u00c4hnlich wie in anderen US-Bundesstaaten sind Wetten auf Jugendsportveranstaltungen und College-Sportveranstaltungen illegal. Gro\u00dfe Namen, die Wagering-Apps f\u00fcr Wetten anbieten, sind FanDuel. DraftKings, BetMGM, und Caesars.<\/p>\t\t\t\t\t\t\t\t<\/div>\n\t\t\t\t<\/div>\n\t\t\t\t<div class=\"elementor-element elementor-element-9a3e94e elementor-widget elementor-widget-heading\" data-id=\"9a3e94e\" data-element_type=\"widget\" id=\"faq\" data-widget_type=\"heading.default\">\n\t\t\t\t<div class=\"elementor-widget-container\">\n\t\t\t\t\t<h2 class=\"elementor-heading-title elementor-size-default\">FAQ's West Virginia Gewinnspiel Casinos<\/h2>\t\t\t\t<\/div>\n\t\t\t\t<\/div>\n\t\t\t\t<div class=\"elementor-element elementor-element-6a966d4 elementor-widget elementor-widget-elementskit-faq\" data-id=\"6a966d4\" data-element_type=\"widget\" data-widget_type=\"elementskit-faq.default\">\n\t\t\t\t<div class=\"elementor-widget-container\">\n\t\t\t\t\t<div class=\"ekit-wid-con\" >\n                <div class=\"elementskit-single-faq elementor-repeater-item-e0176ff\">\n            <div class=\"elementskit-faq-header\">\n                <h2 class=\"elementskit-faq-title\">Are Sweepstake casinos legal in West Virginia?<\/h2>\n            <\/div>\n            <div class=\"elementskit-faq-body\">\n                Sweepstake casinos are not illegal. if the set up provides a complete social casino structure, without real-money. Meaning, the online casino cannot accept or reward players with anything but Goldcoins, or similar token.            <\/div>\n        <\/div>\n                <div class=\"elementskit-single-faq elementor-repeater-item-140a2d1\">\n            <div class=\"elementskit-faq-header\">\n                <h2 class=\"elementskit-faq-title\">Is sports betting legal in West Virginia?<\/h2>\n            <\/div>\n            <div class=\"elementskit-faq-body\">\n                Yes sports betting is legal. Residents older than 21+ of age can wager on sport and events.             <\/div>\n        <\/div>\n                <div class=\"elementskit-single-faq elementor-repeater-item-35c1273\">\n            <div class=\"elementskit-faq-header\">\n                <h2 class=\"elementskit-faq-title\">Can I bet on a Virginia team outside of the state of West Virginia?<\/h2>\n            <\/div>\n            <div class=\"elementskit-faq-body\">\n                If you are resident of West Virginia, and want to place a wager on a team playing outside of West Virginia, it's not possible. However, players can bet on teams from West Virginia if their residency is outside from West Virginia.             <\/div>\n        <\/div>\n                \n    <\/div>\t\t\t\t<\/div>\n\t\t\t\t<\/div>\n\t\t\t\t<div class=\"elementor-element elementor-element-6631937 elementor-widget elementor-widget-heading\" data-id=\"6631937\" data-element_type=\"widget\" id=\"curio\" data-widget_type=\"heading.default\">\n\t\t\t\t<div class=\"elementor-widget-container\">\n\t\t\t\t\t<h3 class=\"elementor-heading-title elementor-size-default\">Kuriosit\u00e4ten \u00fcber West Virginia, US<\/h3>\t\t\t\t<\/div>\n\t\t\t\t<\/div>\n\t\t\t\t<div class=\"elementor-element elementor-element-50e0b85 elementor-widget elementor-widget-text-editor\" data-id=\"50e0b85\" data-element_type=\"widget\" data-widget_type=\"text-editor.default\">\n\t\t\t\t<div class=\"elementor-widget-container\">\n\t\t\t\t\t\t\t\t\t<p>Hier finden Sie einige Kuriosit\u00e4ten \u00fcber West Virginia. Der US-Bundesstaat hat einige sehr prominente politische Namen aufzuweisen.  <\/p>\n<p><img fetchpriority=\"high\" decoding=\"async\" class=\"alignnone wp-image-16194 size-full\" src=\"https:\/\/casinoreturn.com\/wp-content\/uploads\/2025\/11\/West-Virginia-Sweepstake-online-Casino.png\" alt=\"West Virginia Gewinnspiel online Casino\" width=\"237\" height=\"212\"><\/p>\n<ul>\n<li>West Virginia ist vollst\u00e4ndig auf dem Appalachen-Plateau zu Hause.  <\/li>\n<li>Heimat des gr\u00f6\u00dften Steer-Teleskops der Welt  <\/li>\n<li>Der New River &#8211; lustigerweise einer der \u00e4ltesten Fl\u00fcsse der Welt<\/li>\n<li>In West Virginia gibt es mehr rei\u00dfende Fl\u00fcsse, Schluchten und Stromschnellen &#8211; mehr als in allen anderen US-Bundesstaaten zusammen<\/li>\n<\/ul>\n<p> <\/p>\t\t\t\t\t\t\t\t<\/div>\n\t\t\t\t<\/div>\n\t\t\t\t<\/div>\n\t\t\t\t<\/div>\n\t\t","protected":false},"excerpt":{"rendered":"<p>Virginia Gewinnspiel Online Casino Die Regeln der West Virginia Sweepstake Online Casinos bewegen sich derzeit auf d\u00fcnnem Eis. Das bedeutet, dass Online-Casinos, bei denen Sie Geld einzahlen m\u00fcssen, um zu spielen und Geld zu gewinnen, in Wirklichkeit nicht legal sind. Sweepstake-Casinos arbeiten nach einem sogenannten Doppelw\u00e4hrungsmodell. Dieses Doppelw\u00e4hrungsmodell erm\u00f6glicht Spielern den Zugang zur Plattform, ohne [&hellip;]<\/p>\n","protected":false},"author":1,"featured_media":16197,"parent":0,"menu_order":0,"comment_status":"closed","ping_status":"closed","template":"","meta":{"footnotes":""},"class_list":["post-16218","page","type-page","status-publish","has-post-thumbnail","hentry"],"blocksy_meta":[],"acf":[],"yoast_head":"<!-- This site is optimized with the Yoast SEO plugin v24.1 - https:\/\/yoast.com\/wordpress\/plugins\/seo\/ -->\n<title>West Virginia Gewinnspiel Online Casino - casinoreturn<\/title>\n<meta name=\"description\" content=\"West Virginia Sweepstake Online Casino kann vorerst operieren. Online-Casinos, die Gewinnspiele anbieten, stehen unter Beschuss, werden aber vorerst nicht als Gl\u00fccksspiel angesehen.\" \/>\n<meta name=\"robots\" content=\"index, follow, max-snippet:-1, max-image-preview:large, max-video-preview:-1\" \/>\n<link rel=\"canonical\" href=\"https:\/\/casinoreturn.com\/de\/west-virginia-gewinnspiel-online-casino\/\" \/>\n<meta property=\"og:locale\" content=\"de_DE\" \/>\n<meta property=\"og:type\" content=\"article\" \/>\n<meta property=\"og:title\" content=\"West Virginia Gewinnspiel Online Casino - casinoreturn\" \/>\n<meta property=\"og:description\" content=\"West Virginia Sweepstake Online Casino kann vorerst operieren. Online-Casinos, die Gewinnspiele anbieten, stehen unter Beschuss, werden aber vorerst nicht als Gl\u00fccksspiel angesehen.\" \/>\n<meta property=\"og:url\" content=\"https:\/\/casinoreturn.com\/de\/west-virginia-gewinnspiel-online-casino\/\" \/>\n<meta property=\"og:site_name\" content=\"casinoreturn\" \/>\n<meta property=\"article:modified_time\" content=\"2025-11-04T22:52:31+00:00\" \/>\n<meta property=\"og:image\" content=\"https:\/\/casinoreturn.com\/wp-content\/uploads\/2025\/11\/West-Virginia-Sweepstake-online-Casino.png\" \/>\n\t<meta property=\"og:image:width\" content=\"237\" \/>\n\t<meta property=\"og:image:height\" content=\"212\" \/>\n\t<meta property=\"og:image:type\" content=\"image\/png\" \/>\n<meta name=\"twitter:card\" content=\"summary_large_image\" \/>\n<meta name=\"twitter:label1\" content=\"Gesch\u00e4tzte Lesezeit\" \/>\n\t<meta name=\"twitter:data1\" content=\"4\u00a0Minuten\" \/>\n<script type=\"application\/ld+json\" class=\"yoast-schema-graph\">{\"@context\":\"https:\/\/schema.org\",\"@graph\":[{\"@type\":\"WebPage\",\"@id\":\"https:\/\/casinoreturn.com\/de\/west-virginia-gewinnspiel-online-casino\/\",\"url\":\"https:\/\/casinoreturn.com\/de\/west-virginia-gewinnspiel-online-casino\/\",\"name\":\"West Virginia Gewinnspiel Online Casino - casinoreturn\",\"isPartOf\":{\"@id\":\"https:\/\/casinoreturn.com\/#website\"},\"primaryImageOfPage\":{\"@id\":\"https:\/\/casinoreturn.com\/de\/west-virginia-gewinnspiel-online-casino\/#primaryimage\"},\"image\":{\"@id\":\"https:\/\/casinoreturn.com\/de\/west-virginia-gewinnspiel-online-casino\/#primaryimage\"},\"thumbnailUrl\":\"https:\/\/casinoreturn.com\/wp-content\/uploads\/2025\/11\/West-Virginia-Sweepstake-online-Casino.png\",\"datePublished\":\"2025-11-04T22:06:23+00:00\",\"dateModified\":\"2025-11-04T22:52:31+00:00\",\"description\":\"West Virginia Sweepstake Online Casino kann vorerst operieren. Online-Casinos, die Gewinnspiele anbieten, stehen unter Beschuss, werden aber vorerst nicht als Gl\u00fccksspiel angesehen.\",\"breadcrumb\":{\"@id\":\"https:\/\/casinoreturn.com\/de\/west-virginia-gewinnspiel-online-casino\/#breadcrumb\"},\"inLanguage\":\"de\",\"potentialAction\":[{\"@type\":\"ReadAction\",\"target\":[\"https:\/\/casinoreturn.com\/de\/west-virginia-gewinnspiel-online-casino\/\"]}]},{\"@type\":\"ImageObject\",\"inLanguage\":\"de\",\"@id\":\"https:\/\/casinoreturn.com\/de\/west-virginia-gewinnspiel-online-casino\/#primaryimage\",\"url\":\"https:\/\/casinoreturn.com\/wp-content\/uploads\/2025\/11\/West-Virginia-Sweepstake-online-Casino.png\",\"contentUrl\":\"https:\/\/casinoreturn.com\/wp-content\/uploads\/2025\/11\/West-Virginia-Sweepstake-online-Casino.png\",\"width\":237,\"height\":212,\"caption\":\"West Virginia Sweepstake online Casino\"},{\"@type\":\"BreadcrumbList\",\"@id\":\"https:\/\/casinoreturn.com\/de\/west-virginia-gewinnspiel-online-casino\/#breadcrumb\",\"itemListElement\":[{\"@type\":\"ListItem\",\"position\":1,\"name\":\"Home\",\"item\":\"https:\/\/casinoreturn.com\/de\/heim\/\"},{\"@type\":\"ListItem\",\"position\":2,\"name\":\"West Virginia Gewinnspiel Online Casino\"}]},{\"@type\":\"WebSite\",\"@id\":\"https:\/\/casinoreturn.com\/#website\",\"url\":\"https:\/\/casinoreturn.com\/\",\"name\":\"casinoreturn\",\"description\":\"\",\"publisher\":{\"@id\":\"https:\/\/casinoreturn.com\/#organization\"},\"potentialAction\":[{\"@type\":\"SearchAction\",\"target\":{\"@type\":\"EntryPoint\",\"urlTemplate\":\"https:\/\/casinoreturn.com\/?s={search_term_string}\"},\"query-input\":{\"@type\":\"PropertyValueSpecification\",\"valueRequired\":true,\"valueName\":\"search_term_string\"}}],\"inLanguage\":\"de\"},{\"@type\":\"Organization\",\"@id\":\"https:\/\/casinoreturn.com\/#organization\",\"name\":\"casinoreturn\",\"url\":\"https:\/\/casinoreturn.com\/\",\"logo\":{\"@type\":\"ImageObject\",\"inLanguage\":\"de\",\"@id\":\"https:\/\/casinoreturn.com\/#\/schema\/logo\/image\/\",\"url\":\"https:\/\/casinoreturn.com\/wp-content\/uploads\/2024\/09\/animal-favicon.png\",\"contentUrl\":\"https:\/\/casinoreturn.com\/wp-content\/uploads\/2024\/09\/animal-favicon.png\",\"width\":92,\"height\":92,\"caption\":\"casinoreturn\"},\"image\":{\"@id\":\"https:\/\/casinoreturn.com\/#\/schema\/logo\/image\/\"}}]}<\/script>\n<!-- \/ Yoast SEO plugin. -->","yoast_head_json":{"title":"West Virginia Gewinnspiel Online Casino - casinoreturn","description":"West Virginia Sweepstake Online Casino kann vorerst operieren. Online-Casinos, die Gewinnspiele anbieten, stehen unter Beschuss, werden aber vorerst nicht als Gl\u00fccksspiel angesehen.","robots":{"index":"index","follow":"follow","max-snippet":"max-snippet:-1","max-image-preview":"max-image-preview:large","max-video-preview":"max-video-preview:-1"},"canonical":"https:\/\/casinoreturn.com\/de\/west-virginia-gewinnspiel-online-casino\/","og_locale":"de_DE","og_type":"article","og_title":"West Virginia Gewinnspiel Online Casino - casinoreturn","og_description":"West Virginia Sweepstake Online Casino kann vorerst operieren. Online-Casinos, die Gewinnspiele anbieten, stehen unter Beschuss, werden aber vorerst nicht als Gl\u00fccksspiel angesehen.","og_url":"https:\/\/casinoreturn.com\/de\/west-virginia-gewinnspiel-online-casino\/","og_site_name":"casinoreturn","article_modified_time":"2025-11-04T22:52:31+00:00","og_image":[{"width":237,"height":212,"url":"https:\/\/casinoreturn.com\/wp-content\/uploads\/2025\/11\/West-Virginia-Sweepstake-online-Casino.png","type":"image\/png"}],"twitter_card":"summary_large_image","twitter_misc":{"Gesch\u00e4tzte Lesezeit":"4\u00a0Minuten"},"schema":{"@context":"https:\/\/schema.org","@graph":[{"@type":"WebPage","@id":"https:\/\/casinoreturn.com\/de\/west-virginia-gewinnspiel-online-casino\/","url":"https:\/\/casinoreturn.com\/de\/west-virginia-gewinnspiel-online-casino\/","name":"West Virginia Gewinnspiel Online Casino - casinoreturn","isPartOf":{"@id":"https:\/\/casinoreturn.com\/#website"},"primaryImageOfPage":{"@id":"https:\/\/casinoreturn.com\/de\/west-virginia-gewinnspiel-online-casino\/#primaryimage"},"image":{"@id":"https:\/\/casinoreturn.com\/de\/west-virginia-gewinnspiel-online-casino\/#primaryimage"},"thumbnailUrl":"https:\/\/casinoreturn.com\/wp-content\/uploads\/2025\/11\/West-Virginia-Sweepstake-online-Casino.png","datePublished":"2025-11-04T22:06:23+00:00","dateModified":"2025-11-04T22:52:31+00:00","description":"West Virginia Sweepstake Online Casino kann vorerst operieren. Online-Casinos, die Gewinnspiele anbieten, stehen unter Beschuss, werden aber vorerst nicht als Gl\u00fccksspiel angesehen.","breadcrumb":{"@id":"https:\/\/casinoreturn.com\/de\/west-virginia-gewinnspiel-online-casino\/#breadcrumb"},"inLanguage":"de","potentialAction":[{"@type":"ReadAction","target":["https:\/\/casinoreturn.com\/de\/west-virginia-gewinnspiel-online-casino\/"]}]},{"@type":"ImageObject","inLanguage":"de","@id":"https:\/\/casinoreturn.com\/de\/west-virginia-gewinnspiel-online-casino\/#primaryimage","url":"https:\/\/casinoreturn.com\/wp-content\/uploads\/2025\/11\/West-Virginia-Sweepstake-online-Casino.png","contentUrl":"https:\/\/casinoreturn.com\/wp-content\/uploads\/2025\/11\/West-Virginia-Sweepstake-online-Casino.png","width":237,"height":212,"caption":"West Virginia Sweepstake online Casino"},{"@type":"BreadcrumbList","@id":"https:\/\/casinoreturn.com\/de\/west-virginia-gewinnspiel-online-casino\/#breadcrumb","itemListElement":[{"@type":"ListItem","position":1,"name":"Home","item":"https:\/\/casinoreturn.com\/de\/heim\/"},{"@type":"ListItem","position":2,"name":"West Virginia Gewinnspiel Online Casino"}]},{"@type":"WebSite","@id":"https:\/\/casinoreturn.com\/#website","url":"https:\/\/casinoreturn.com\/","name":"casinoreturn","description":"","publisher":{"@id":"https:\/\/casinoreturn.com\/#organization"},"potentialAction":[{"@type":"SearchAction","target":{"@type":"EntryPoint","urlTemplate":"https:\/\/casinoreturn.com\/?s={search_term_string}"},"query-input":{"@type":"PropertyValueSpecification","valueRequired":true,"valueName":"search_term_string"}}],"inLanguage":"de"},{"@type":"Organization","@id":"https:\/\/casinoreturn.com\/#organization","name":"casinoreturn","url":"https:\/\/casinoreturn.com\/","logo":{"@type":"ImageObject","inLanguage":"de","@id":"https:\/\/casinoreturn.com\/#\/schema\/logo\/image\/","url":"https:\/\/casinoreturn.com\/wp-content\/uploads\/2024\/09\/animal-favicon.png","contentUrl":"https:\/\/casinoreturn.com\/wp-content\/uploads\/2024\/09\/animal-favicon.png","width":92,"height":92,"caption":"casinoreturn"},"image":{"@id":"https:\/\/casinoreturn.com\/#\/schema\/logo\/image\/"}}]}},"_links":{"self":[{"href":"https:\/\/casinoreturn.com\/de\/wp-json\/wp\/v2\/pages\/16218","targetHints":{"allow":["GET"]}}],"collection":[{"href":"https:\/\/casinoreturn.com\/de\/wp-json\/wp\/v2\/pages"}],"about":[{"href":"https:\/\/casinoreturn.com\/de\/wp-json\/wp\/v2\/types\/page"}],"author":[{"embeddable":true,"href":"https:\/\/casinoreturn.com\/de\/wp-json\/wp\/v2\/users\/1"}],"replies":[{"embeddable":true,"href":"https:\/\/casinoreturn.com\/de\/wp-json\/wp\/v2\/comments?post=16218"}],"version-history":[{"count":1,"href":"https:\/\/casinoreturn.com\/de\/wp-json\/wp\/v2\/pages\/16218\/revisions"}],"predecessor-version":[{"id":16219,"href":"https:\/\/casinoreturn.com\/de\/wp-json\/wp\/v2\/pages\/16218\/revisions\/16219"}],"wp:featuredmedia":[{"embeddable":true,"href":"https:\/\/casinoreturn.com\/de\/wp-json\/wp\/v2\/media\/16197"}],"wp:attachment":[{"href":"https:\/\/casinoreturn.com\/de\/wp-json\/wp\/v2\/media?parent=16218"}],"curies":[{"name":"wp","href":"https:\/\/api.w.org\/{rel}","templated":true}]}}