{"id":1857,"date":"2024-10-08T12:47:07","date_gmt":"2024-10-08T12:47:07","guid":{"rendered":"https:\/\/casinoreturn.com\/autor-domini\/"},"modified":"2024-12-02T14:04:38","modified_gmt":"2024-12-02T14:04:38","slug":"autor-domini","status":"publish","type":"page","link":"https:\/\/casinoreturn.com\/de\/autor-domini\/","title":{"rendered":"Autor domini"},"content":{"rendered":"\t\t<div data-elementor-type=\"wp-page\" data-elementor-id=\"1857\" class=\"elementor elementor-1857\" data-elementor-post-type=\"page\">\n\t\t\t\t<div class=\"elementor-element elementor-element-487b8c8 e-flex e-con-boxed e-con e-parent\" data-id=\"487b8c8\" data-element_type=\"container\" data-settings=\"{&quot;background_background&quot;:&quot;classic&quot;}\">\n\t\t\t\t\t<div class=\"e-con-inner\">\n\t\t\t\t<div class=\"elementor-element elementor-element-053e7bf elementor-widget elementor-widget-heading\" data-id=\"053e7bf\" data-element_type=\"widget\" data-widget_type=\"heading.default\">\n\t\t\t\t<div class=\"elementor-widget-container\">\n\t\t\t\t\t<h2 class=\"elementor-heading-title elementor-size-default\">Autor : Tower House Team<\/h2>\t\t\t\t<\/div>\n\t\t\t\t<\/div>\n\t\t\t\t\t<\/div>\n\t\t\t\t<\/div>\n\t\t<div class=\"elementor-element elementor-element-72c42d1 e-flex e-con-boxed e-con e-parent\" data-id=\"72c42d1\" data-element_type=\"container\">\n\t\t\t\t\t<div class=\"e-con-inner\">\n\t\t<div class=\"elementor-element elementor-element-5aafae2 e-con-full e-flex e-con e-child\" data-id=\"5aafae2\" data-element_type=\"container\">\n\t\t<div class=\"elementor-element elementor-element-b159f64 e-con-full e-flex e-con e-child\" data-id=\"b159f64\" data-element_type=\"container\" data-settings=\"{&quot;background_background&quot;:&quot;classic&quot;}\">\n\t\t<div class=\"elementor-element elementor-element-129e9d4 e-con-full e-flex e-con e-child\" data-id=\"129e9d4\" data-element_type=\"container\" data-settings=\"{&quot;background_background&quot;:&quot;classic&quot;}\">\n\t\t\t\t<div class=\"elementor-element elementor-element-b3fb6bb elementor-widget elementor-widget-heading\" data-id=\"b3fb6bb\" data-element_type=\"widget\" data-widget_type=\"heading.default\">\n\t\t\t\t<div class=\"elementor-widget-container\">\n\t\t\t\t\t<h2 class=\"elementor-heading-title elementor-size-default\">\u00dcber das Tower House Team<\/h2>\t\t\t\t<\/div>\n\t\t\t\t<\/div>\n\t\t\t\t<div class=\"elementor-element elementor-element-f33bd2e elementor-widget elementor-widget-image\" data-id=\"f33bd2e\" data-element_type=\"widget\" data-widget_type=\"image.default\">\n\t\t\t\t<div class=\"elementor-widget-container\">\n\t\t\t\t\t\t\t\t\t\t\t\t\t\t\t<img decoding=\"async\" width=\"150\" height=\"150\" src=\"https:\/\/casinoreturn.com\/wp-content\/uploads\/2024\/10\/pikaso_edit-150x150.jpeg\" class=\"attachment-thumbnail size-thumbnail wp-image-818\" alt=\"\" srcset=\"https:\/\/casinoreturn.com\/wp-content\/uploads\/2024\/10\/pikaso_edit-150x150.jpeg 150w, https:\/\/casinoreturn.com\/wp-content\/uploads\/2024\/10\/pikaso_edit-300x300.jpeg 300w, https:\/\/casinoreturn.com\/wp-content\/uploads\/2024\/10\/pikaso_edit-1024x1024.jpeg 1024w, https:\/\/casinoreturn.com\/wp-content\/uploads\/2024\/10\/pikaso_edit-768x768.jpeg 768w, https:\/\/casinoreturn.com\/wp-content\/uploads\/2024\/10\/pikaso_edit-1536x1536.jpeg 1536w, https:\/\/casinoreturn.com\/wp-content\/uploads\/2024\/10\/pikaso_edit.jpeg 2000w\" sizes=\"(max-width: 150px) 100vw, 150px\" \/>\t\t\t\t\t\t\t\t\t\t\t\t\t\t\t<\/div>\n\t\t\t\t<\/div>\n\t\t\t\t<div class=\"elementor-element elementor-element-7103dd2 elementor-widget elementor-widget-text-editor\" data-id=\"7103dd2\" data-element_type=\"widget\" data-widget_type=\"text-editor.default\">\n\t\t\t\t<div class=\"elementor-widget-container\">\n\t\t\t\t\t\t\t\t\t<div>\n<p><b>THT oder besser bekannt als Tower House Affiliate Team hat das Gute, das Schlechte und das H\u00e4ssliche des Online-Casinos geb\u00fcndelt. Wir sind nicht hier, um das Rad neu zu erfinden. Wir w\u00fcrzen unsere Beitr\u00e4ge, Kommentare und Bewertungen mit einer Prise Salz und etwas Pfeffer. Wir arbeiten mit Fakten, und wir lieben auch den Klatsch und Tratsch <a href=\"https:\/\/casinoreturn.com\/de\/premier-league-wetten\/\">HIER<\/a>. Casino-Bewertungen sind wichtig und das Schreiben einer Bewertung \u00fcber Sportwetten und Casinos ist f\u00fcr Sie, den Spieler, lebenswichtig. Lernen Sie das Casino kennen. Testen Sie das Casino im Demo-Casino-Modus. Bekommen Sie ein Gef\u00fchl daf\u00fcr, wie sich die Dinge entwickeln, wenn Ihr KYC nicht genehmigt wird. Welche Zahlungsmethode f\u00fcr Sie die beste ist. Mit anderen Worten, suchen Sie sich eine aus. Das Wichtigste im Online-Casino ist, dass Sie Ihren Lieblings-Spielautomaten genie\u00dfen. Feiern Sie Ihren Wettgewinn mit Ihren Freunden.           <\/b><\/p>\n<\/div>\n<p>Wer sind wir?<\/p>\n<p>Wir sind ein Haufen alter Kasinokollegen. Zusammen verf\u00fcgen wir \u00fcber jahrzehntelange Erfahrung und haben schon einiges gesehen. Oh ja! Wir haben einiges gesehen! Wenn Sie mehr h\u00f6ren oder mit uns in Kontakt treten m\u00f6chten, benutzen Sie bitte unseren <a href=\"https:\/\/casinoreturn.com\/contact\/\">Link<\/a>.     <\/p>\n<div> <\/div>\n\t\t\t\t\t\t\t\t<\/div>\n\t\t\t\t<\/div>\n\t\t\t\t<div class=\"elementor-element elementor-element-25ee8e0 elementor-shape-circle elementor-grid-0 e-grid-align-center elementor-widget elementor-widget-social-icons\" data-id=\"25ee8e0\" data-element_type=\"widget\" data-widget_type=\"social-icons.default\">\n\t\t\t\t<div class=\"elementor-widget-container\">\n\t\t\t\t\t\t\t<div class=\"elementor-social-icons-wrapper elementor-grid\" role=\"list\">\n\t\t\t\t\t\t\t<span class=\"elementor-grid-item\" role=\"listitem\">\n\t\t\t\t\t<a class=\"elementor-icon elementor-social-icon elementor-social-icon-facebook elementor-repeater-item-47ce264\" href=\"http:\/\/blah.com\" target=\"_blank\">\n\t\t\t\t\t\t<span class=\"elementor-screen-only\">Facebook<\/span>\n\t\t\t\t\t\t<i aria-hidden=\"true\" class=\"fab fa-facebook\"><\/i>\t\t\t\t\t<\/a>\n\t\t\t\t<\/span>\n\t\t\t\t\t\t\t<span class=\"elementor-grid-item\" role=\"listitem\">\n\t\t\t\t\t<a class=\"elementor-icon elementor-social-icon elementor-social-icon-twitter elementor-repeater-item-d400d96\" target=\"_blank\">\n\t\t\t\t\t\t<span class=\"elementor-screen-only\">Twitter<\/span>\n\t\t\t\t\t\t<i aria-hidden=\"true\" class=\"fab fa-twitter\"><\/i>\t\t\t\t\t<\/a>\n\t\t\t\t<\/span>\n\t\t\t\t\t\t\t<span class=\"elementor-grid-item\" role=\"listitem\">\n\t\t\t\t\t<a class=\"elementor-icon elementor-social-icon elementor-social-icon-youtube elementor-repeater-item-f639b0c\" target=\"_blank\">\n\t\t\t\t\t\t<span class=\"elementor-screen-only\">Youtube<\/span>\n\t\t\t\t\t\t<i aria-hidden=\"true\" class=\"fab fa-youtube\"><\/i>\t\t\t\t\t<\/a>\n\t\t\t\t<\/span>\n\t\t\t\t\t<\/div>\n\t\t\t\t\t\t<\/div>\n\t\t\t\t<\/div>\n\t\t\t\t<\/div>\n\t\t\t\t<\/div>\n\t\t<div class=\"elementor-element elementor-element-434d551 e-con-full e-flex e-con e-child\" data-id=\"434d551\" data-element_type=\"container\">\n\t\t\t\t<div class=\"elementor-element elementor-element-8becfe3 elementor-widget elementor-widget-heading\" data-id=\"8becfe3\" data-element_type=\"widget\" data-widget_type=\"heading.default\">\n\t\t\t\t<div class=\"elementor-widget-container\">\n\t\t\t\t\t<h3 class=\"elementor-heading-title elementor-size-default\">Alle Beitr\u00e4ge von THT ( Tower House Team<\/h3>\t\t\t\t<\/div>\n\t\t\t\t<\/div>\n\t\t\t\t<div class=\"elementor-element elementor-element-b50bf83 elementor-grid-1 elementor-grid-tablet-1 elementor-grid-mobile-1 elementor-posts--thumbnail-top elementor-widget elementor-widget-posts\" data-id=\"b50bf83\" data-element_type=\"widget\" data-settings=\"{&quot;classic_columns&quot;:&quot;1&quot;,&quot;classic_columns_tablet&quot;:&quot;1&quot;,&quot;classic_columns_mobile&quot;:&quot;1&quot;,&quot;classic_row_gap&quot;:{&quot;unit&quot;:&quot;px&quot;,&quot;size&quot;:35,&quot;sizes&quot;:[]},&quot;classic_row_gap_tablet&quot;:{&quot;unit&quot;:&quot;px&quot;,&quot;size&quot;:&quot;&quot;,&quot;sizes&quot;:[]},&quot;classic_row_gap_mobile&quot;:{&quot;unit&quot;:&quot;px&quot;,&quot;size&quot;:&quot;&quot;,&quot;sizes&quot;:[]}}\" data-widget_type=\"posts.classic\">\n\t\t\t\t<div class=\"elementor-widget-container\">\n\t\t\t\t\t\t\t<div class=\"elementor-posts-container elementor-posts elementor-posts--skin-classic elementor-grid\">\n\t\t\t\t<article class=\"elementor-post elementor-grid-item post-16128 post type-post status-publish format-standard has-post-thumbnail hentry category-unkategorisiert\">\n\t\t\t\t<a class=\"elementor-post__thumbnail__link\" href=\"https:\/\/casinoreturn.com\/de\/hahnenkampf-wetten-illegal-durchgefuehrt\/\" tabindex=\"-1\" >\n\t\t\t<div class=\"elementor-post__thumbnail\"><img fetchpriority=\"high\" decoding=\"async\" width=\"300\" height=\"210\" src=\"https:\/\/casinoreturn.com\/wp-content\/uploads\/2025\/10\/Cockfight-Betting-illegally-done-300x210.jpg\" class=\"attachment-medium size-medium wp-image-15873\" alt=\"Cockfight Betting illegally done\" srcset=\"https:\/\/casinoreturn.com\/wp-content\/uploads\/2025\/10\/Cockfight-Betting-illegally-done-300x210.jpg 300w, https:\/\/casinoreturn.com\/wp-content\/uploads\/2025\/10\/Cockfight-Betting-illegally-done.jpg 514w\" sizes=\"(max-width: 300px) 100vw, 300px\" \/><\/div>\n\t\t<\/a>\n\t\t\t\t<div class=\"elementor-post__text\">\n\t\t\t\t<h3 class=\"elementor-post__title\">\n\t\t\t<a href=\"https:\/\/casinoreturn.com\/de\/hahnenkampf-wetten-illegal-durchgefuehrt\/\" >\n\t\t\t\tHahnenkampf-Wetten illegal durchgef\u00fchrt\t\t\t<\/a>\n\t\t<\/h3>\n\t\t\t\t<div class=\"elementor-post__meta-data\">\n\t\t\t\t\t<span class=\"elementor-post-date\">\n\t\t\tNovember 3, 2025\t\t<\/span>\n\t\t\t\t<span class=\"elementor-post-avatar\">\n\t\t\tKeine Kommentare\t\t<\/span>\n\t\t\t\t<\/div>\n\t\t\t\t<div class=\"elementor-post__excerpt\">\n\t\t\t<p>Hahnenkampf-Wetten in Tr\u00fcmmern Die in Indien illegal durchgef\u00fchrten Hahnenkampfwetten sind<\/p>\n\t\t<\/div>\n\t\t\n\t\t<a class=\"elementor-post__read-more\" href=\"https:\/\/casinoreturn.com\/de\/hahnenkampf-wetten-illegal-durchgefuehrt\/\" aria-label=\"Read more about Hahnenkampf-Wetten illegal durchgef\u00fchrt\" tabindex=\"-1\" >\n\t\t\tMehr lesen \"\t\t<\/a>\n\n\t\t\t\t<\/div>\n\t\t\t\t<\/article>\n\t\t\t\t<article class=\"elementor-post elementor-grid-item post-15893 post type-post status-publish format-standard has-post-thumbnail hentry category-unkategorisiert\">\n\t\t\t\t<a class=\"elementor-post__thumbnail__link\" href=\"https:\/\/casinoreturn.com\/de\/gluecksspielbestimmungen-in-der-tuerkei\/\" tabindex=\"-1\" >\n\t\t\t<div class=\"elementor-post__thumbnail\"><img decoding=\"async\" width=\"300\" height=\"200\" src=\"https:\/\/casinoreturn.com\/wp-content\/uploads\/2025\/10\/Gaming-regulations-in-Turkey-300x200.jpg\" class=\"attachment-medium size-medium wp-image-15779\" alt=\"Gaming regulations in Turkey\" srcset=\"https:\/\/casinoreturn.com\/wp-content\/uploads\/2025\/10\/Gaming-regulations-in-Turkey-300x200.jpg 300w, https:\/\/casinoreturn.com\/wp-content\/uploads\/2025\/10\/Gaming-regulations-in-Turkey.jpg 740w\" sizes=\"(max-width: 300px) 100vw, 300px\" \/><\/div>\n\t\t<\/a>\n\t\t\t\t<div class=\"elementor-post__text\">\n\t\t\t\t<h3 class=\"elementor-post__title\">\n\t\t\t<a href=\"https:\/\/casinoreturn.com\/de\/gluecksspielbestimmungen-in-der-tuerkei\/\" >\n\t\t\t\tGl\u00fccksspielbestimmungen in der T\u00fcrkei\t\t\t<\/a>\n\t\t<\/h3>\n\t\t\t\t<div class=\"elementor-post__meta-data\">\n\t\t\t\t\t<span class=\"elementor-post-date\">\n\t\t\tOktober 30, 2025\t\t<\/span>\n\t\t\t\t<span class=\"elementor-post-avatar\">\n\t\t\tKeine Kommentare\t\t<\/span>\n\t\t\t\t<\/div>\n\t\t\t\t<div class=\"elementor-post__excerpt\">\n\t\t\t<p>Gl\u00fccksspielbestimmungen in der T\u00fcrkei Die Gl\u00fccksspielregelungen in der T\u00fcrkei sind<\/p>\n\t\t<\/div>\n\t\t\n\t\t<a class=\"elementor-post__read-more\" href=\"https:\/\/casinoreturn.com\/de\/gluecksspielbestimmungen-in-der-tuerkei\/\" aria-label=\"Read more about Gl\u00fccksspielbestimmungen in der T\u00fcrkei\" tabindex=\"-1\" >\n\t\t\tMehr lesen \"\t\t<\/a>\n\n\t\t\t\t<\/div>\n\t\t\t\t<\/article>\n\t\t\t\t<\/div>\n\t\t\n\t\t\t\t\t\t<\/div>\n\t\t\t\t<\/div>\n\t\t\t\t<\/div>\n\t\t\t\t<\/div>\n\t\t\t\t\t<\/div>\n\t\t\t\t<\/div>\n\t\t\t\t<\/div>\n\t\t","protected":false},"excerpt":{"rendered":"<p>Autor : Tower House Team \u00dcber das Tower House Team THT oder besser bekannt als Tower House Affiliate Team hat das Gute, das Schlechte und das H\u00e4ssliche des Online-Casinos geb\u00fcndelt. Wir sind nicht hier, um das Rad neu zu erfinden. Wir w\u00fcrzen unsere Beitr\u00e4ge, Kommentare und Bewertungen mit einer Prise Salz und etwas Pfeffer. Wir [&hellip;]<\/p>\n","protected":false},"author":2,"featured_media":3019,"parent":0,"menu_order":0,"comment_status":"closed","ping_status":"closed","template":"elementor_header_footer","meta":{"footnotes":""},"class_list":["post-1857","page","type-page","status-publish","has-post-thumbnail","hentry"],"blocksy_meta":[],"acf":[],"yoast_head":"<!-- This site is optimized with the Yoast SEO plugin v24.1 - https:\/\/yoast.com\/wordpress\/plugins\/seo\/ -->\n<title>Autor domini - casinoreturn<\/title>\n<meta name=\"description\" content=\"Ehrliche Casino-Bewertungen mit Pfiff. Wir zeigen Ihnen die gute, schlechte und h\u00e4ssliche Wahrheit \u00fcber Ihren besten Platz im Haus.\" \/>\n<meta name=\"robots\" content=\"index, follow, max-snippet:-1, max-image-preview:large, max-video-preview:-1\" \/>\n<link rel=\"canonical\" href=\"https:\/\/casinoreturn.com\/de\/autor-domini\/\" \/>\n<meta property=\"og:locale\" content=\"de_DE\" \/>\n<meta property=\"og:type\" content=\"article\" \/>\n<meta property=\"og:title\" content=\"Autor domini - casinoreturn\" \/>\n<meta property=\"og:description\" content=\"Ehrliche Casino-Bewertungen mit Pfiff. Wir zeigen Ihnen die gute, schlechte und h\u00e4ssliche Wahrheit \u00fcber Ihren besten Platz im Haus.\" \/>\n<meta property=\"og:url\" content=\"https:\/\/casinoreturn.com\/de\/autor-domini\/\" \/>\n<meta property=\"og:site_name\" content=\"casinoreturn\" \/>\n<meta property=\"article:modified_time\" content=\"2024-12-02T14:04:38+00:00\" \/>\n<meta property=\"og:image\" content=\"https:\/\/casinoreturn.com\/wp-content\/uploads\/2024\/11\/Honest-casino-review.webp\" \/>\n\t<meta property=\"og:image:width\" content=\"600\" \/>\n\t<meta property=\"og:image:height\" content=\"424\" \/>\n\t<meta property=\"og:image:type\" content=\"image\/webp\" \/>\n<meta name=\"twitter:card\" content=\"summary_large_image\" \/>\n<meta name=\"twitter:label1\" content=\"Gesch\u00e4tzte Lesezeit\" \/>\n\t<meta name=\"twitter:data1\" content=\"1\u00a0Minute\" \/>\n<script type=\"application\/ld+json\" class=\"yoast-schema-graph\">{\"@context\":\"https:\/\/schema.org\",\"@graph\":[{\"@type\":\"WebPage\",\"@id\":\"https:\/\/casinoreturn.com\/de\/autor-domini\/\",\"url\":\"https:\/\/casinoreturn.com\/de\/autor-domini\/\",\"name\":\"Autor domini - casinoreturn\",\"isPartOf\":{\"@id\":\"https:\/\/casinoreturn.com\/#website\"},\"primaryImageOfPage\":{\"@id\":\"https:\/\/casinoreturn.com\/de\/autor-domini\/#primaryimage\"},\"image\":{\"@id\":\"https:\/\/casinoreturn.com\/de\/autor-domini\/#primaryimage\"},\"thumbnailUrl\":\"https:\/\/casinoreturn.com\/wp-content\/uploads\/2024\/11\/Honest-casino-review.webp\",\"datePublished\":\"2024-10-08T12:47:07+00:00\",\"dateModified\":\"2024-12-02T14:04:38+00:00\",\"description\":\"Ehrliche Casino-Bewertungen mit Pfiff. Wir zeigen Ihnen die gute, schlechte und h\u00e4ssliche Wahrheit \u00fcber Ihren besten Platz im Haus.\",\"breadcrumb\":{\"@id\":\"https:\/\/casinoreturn.com\/de\/autor-domini\/#breadcrumb\"},\"inLanguage\":\"de\",\"potentialAction\":[{\"@type\":\"ReadAction\",\"target\":[\"https:\/\/casinoreturn.com\/de\/autor-domini\/\"]}]},{\"@type\":\"ImageObject\",\"inLanguage\":\"de\",\"@id\":\"https:\/\/casinoreturn.com\/de\/autor-domini\/#primaryimage\",\"url\":\"https:\/\/casinoreturn.com\/wp-content\/uploads\/2024\/11\/Honest-casino-review.webp\",\"contentUrl\":\"https:\/\/casinoreturn.com\/wp-content\/uploads\/2024\/11\/Honest-casino-review.webp\",\"width\":600,\"height\":424,\"caption\":\"Honest casino review\"},{\"@type\":\"BreadcrumbList\",\"@id\":\"https:\/\/casinoreturn.com\/de\/autor-domini\/#breadcrumb\",\"itemListElement\":[{\"@type\":\"ListItem\",\"position\":1,\"name\":\"Home\",\"item\":\"https:\/\/casinoreturn.com\/de\/heim\/\"},{\"@type\":\"ListItem\",\"position\":2,\"name\":\"Autor domini\"}]},{\"@type\":\"WebSite\",\"@id\":\"https:\/\/casinoreturn.com\/#website\",\"url\":\"https:\/\/casinoreturn.com\/\",\"name\":\"casinoreturn\",\"description\":\"\",\"publisher\":{\"@id\":\"https:\/\/casinoreturn.com\/#organization\"},\"potentialAction\":[{\"@type\":\"SearchAction\",\"target\":{\"@type\":\"EntryPoint\",\"urlTemplate\":\"https:\/\/casinoreturn.com\/?s={search_term_string}\"},\"query-input\":{\"@type\":\"PropertyValueSpecification\",\"valueRequired\":true,\"valueName\":\"search_term_string\"}}],\"inLanguage\":\"de\"},{\"@type\":\"Organization\",\"@id\":\"https:\/\/casinoreturn.com\/#organization\",\"name\":\"casinoreturn\",\"url\":\"https:\/\/casinoreturn.com\/\",\"logo\":{\"@type\":\"ImageObject\",\"inLanguage\":\"de\",\"@id\":\"https:\/\/casinoreturn.com\/#\/schema\/logo\/image\/\",\"url\":\"https:\/\/casinoreturn.com\/wp-content\/uploads\/2024\/09\/animal-favicon.png\",\"contentUrl\":\"https:\/\/casinoreturn.com\/wp-content\/uploads\/2024\/09\/animal-favicon.png\",\"width\":92,\"height\":92,\"caption\":\"casinoreturn\"},\"image\":{\"@id\":\"https:\/\/casinoreturn.com\/#\/schema\/logo\/image\/\"}}]}<\/script>\n<!-- \/ Yoast SEO plugin. -->","yoast_head_json":{"title":"Autor domini - casinoreturn","description":"Ehrliche Casino-Bewertungen mit Pfiff. Wir zeigen Ihnen die gute, schlechte und h\u00e4ssliche Wahrheit \u00fcber Ihren besten Platz im Haus.","robots":{"index":"index","follow":"follow","max-snippet":"max-snippet:-1","max-image-preview":"max-image-preview:large","max-video-preview":"max-video-preview:-1"},"canonical":"https:\/\/casinoreturn.com\/de\/autor-domini\/","og_locale":"de_DE","og_type":"article","og_title":"Autor domini - casinoreturn","og_description":"Ehrliche Casino-Bewertungen mit Pfiff. Wir zeigen Ihnen die gute, schlechte und h\u00e4ssliche Wahrheit \u00fcber Ihren besten Platz im Haus.","og_url":"https:\/\/casinoreturn.com\/de\/autor-domini\/","og_site_name":"casinoreturn","article_modified_time":"2024-12-02T14:04:38+00:00","og_image":[{"width":600,"height":424,"url":"https:\/\/casinoreturn.com\/wp-content\/uploads\/2024\/11\/Honest-casino-review.webp","type":"image\/webp"}],"twitter_card":"summary_large_image","twitter_misc":{"Gesch\u00e4tzte Lesezeit":"1\u00a0Minute"},"schema":{"@context":"https:\/\/schema.org","@graph":[{"@type":"WebPage","@id":"https:\/\/casinoreturn.com\/de\/autor-domini\/","url":"https:\/\/casinoreturn.com\/de\/autor-domini\/","name":"Autor domini - casinoreturn","isPartOf":{"@id":"https:\/\/casinoreturn.com\/#website"},"primaryImageOfPage":{"@id":"https:\/\/casinoreturn.com\/de\/autor-domini\/#primaryimage"},"image":{"@id":"https:\/\/casinoreturn.com\/de\/autor-domini\/#primaryimage"},"thumbnailUrl":"https:\/\/casinoreturn.com\/wp-content\/uploads\/2024\/11\/Honest-casino-review.webp","datePublished":"2024-10-08T12:47:07+00:00","dateModified":"2024-12-02T14:04:38+00:00","description":"Ehrliche Casino-Bewertungen mit Pfiff. Wir zeigen Ihnen die gute, schlechte und h\u00e4ssliche Wahrheit \u00fcber Ihren besten Platz im Haus.","breadcrumb":{"@id":"https:\/\/casinoreturn.com\/de\/autor-domini\/#breadcrumb"},"inLanguage":"de","potentialAction":[{"@type":"ReadAction","target":["https:\/\/casinoreturn.com\/de\/autor-domini\/"]}]},{"@type":"ImageObject","inLanguage":"de","@id":"https:\/\/casinoreturn.com\/de\/autor-domini\/#primaryimage","url":"https:\/\/casinoreturn.com\/wp-content\/uploads\/2024\/11\/Honest-casino-review.webp","contentUrl":"https:\/\/casinoreturn.com\/wp-content\/uploads\/2024\/11\/Honest-casino-review.webp","width":600,"height":424,"caption":"Honest casino review"},{"@type":"BreadcrumbList","@id":"https:\/\/casinoreturn.com\/de\/autor-domini\/#breadcrumb","itemListElement":[{"@type":"ListItem","position":1,"name":"Home","item":"https:\/\/casinoreturn.com\/de\/heim\/"},{"@type":"ListItem","position":2,"name":"Autor domini"}]},{"@type":"WebSite","@id":"https:\/\/casinoreturn.com\/#website","url":"https:\/\/casinoreturn.com\/","name":"casinoreturn","description":"","publisher":{"@id":"https:\/\/casinoreturn.com\/#organization"},"potentialAction":[{"@type":"SearchAction","target":{"@type":"EntryPoint","urlTemplate":"https:\/\/casinoreturn.com\/?s={search_term_string}"},"query-input":{"@type":"PropertyValueSpecification","valueRequired":true,"valueName":"search_term_string"}}],"inLanguage":"de"},{"@type":"Organization","@id":"https:\/\/casinoreturn.com\/#organization","name":"casinoreturn","url":"https:\/\/casinoreturn.com\/","logo":{"@type":"ImageObject","inLanguage":"de","@id":"https:\/\/casinoreturn.com\/#\/schema\/logo\/image\/","url":"https:\/\/casinoreturn.com\/wp-content\/uploads\/2024\/09\/animal-favicon.png","contentUrl":"https:\/\/casinoreturn.com\/wp-content\/uploads\/2024\/09\/animal-favicon.png","width":92,"height":92,"caption":"casinoreturn"},"image":{"@id":"https:\/\/casinoreturn.com\/#\/schema\/logo\/image\/"}}]}},"_links":{"self":[{"href":"https:\/\/casinoreturn.com\/de\/wp-json\/wp\/v2\/pages\/1857","targetHints":{"allow":["GET"]}}],"collection":[{"href":"https:\/\/casinoreturn.com\/de\/wp-json\/wp\/v2\/pages"}],"about":[{"href":"https:\/\/casinoreturn.com\/de\/wp-json\/wp\/v2\/types\/page"}],"author":[{"embeddable":true,"href":"https:\/\/casinoreturn.com\/de\/wp-json\/wp\/v2\/users\/2"}],"replies":[{"embeddable":true,"href":"https:\/\/casinoreturn.com\/de\/wp-json\/wp\/v2\/comments?post=1857"}],"version-history":[{"count":2,"href":"https:\/\/casinoreturn.com\/de\/wp-json\/wp\/v2\/pages\/1857\/revisions"}],"predecessor-version":[{"id":4597,"href":"https:\/\/casinoreturn.com\/de\/wp-json\/wp\/v2\/pages\/1857\/revisions\/4597"}],"wp:featuredmedia":[{"embeddable":true,"href":"https:\/\/casinoreturn.com\/de\/wp-json\/wp\/v2\/media\/3019"}],"wp:attachment":[{"href":"https:\/\/casinoreturn.com\/de\/wp-json\/wp\/v2\/media?parent=1857"}],"curies":[{"name":"wp","href":"https:\/\/api.w.org\/{rel}","templated":true}]}}