{"id":4452,"date":"2024-11-11T14:03:43","date_gmt":"2024-11-11T14:03:43","guid":{"rendered":"https:\/\/casinoreturn.com\/schwarz-gelistete-casinos\/"},"modified":"2025-03-31T17:56:01","modified_gmt":"2025-03-31T17:56:01","slug":"schwarz-gelistete-casinos","status":"publish","type":"page","link":"https:\/\/casinoreturn.com\/de\/schwarz-gelistete-casinos\/","title":{"rendered":"Schwarz gelistete Casinos"},"content":{"rendered":"\t\t<div data-elementor-type=\"wp-page\" data-elementor-id=\"4452\" class=\"elementor elementor-4452\" data-elementor-post-type=\"page\">\n\t\t\t\t<div class=\"elementor-element elementor-element-1c57588 e-con-full e-flex e-con e-parent\" data-id=\"1c57588\" data-element_type=\"container\">\n\t\t\t\t<div class=\"elementor-element elementor-element-97f3017 elementor-widget elementor-widget-image\" data-id=\"97f3017\" data-element_type=\"widget\" data-widget_type=\"image.default\">\n\t\t\t\t<div class=\"elementor-widget-container\">\n\t\t\t\t\t\t\t\t\t\t\t\t<figure class=\"wp-caption\">\n\t\t\t\t\t\t\t\t\t\t<img decoding=\"async\" width=\"200\" height=\"200\" src=\"https:\/\/casinoreturn.com\/wp-content\/uploads\/2024\/11\/Black-Listed-Casinos.png\" class=\"attachment-large size-large wp-image-3138\" alt=\"Black Listed Casinos\" srcset=\"https:\/\/casinoreturn.com\/wp-content\/uploads\/2024\/11\/Black-Listed-Casinos.png 200w, https:\/\/casinoreturn.com\/wp-content\/uploads\/2024\/11\/Black-Listed-Casinos-150x150.png 150w\" sizes=\"(max-width: 200px) 100vw, 200px\" \/>\t\t\t\t\t\t\t\t\t\t\t<figcaption class=\"widget-image-caption wp-caption-text\">Yay or Nay of Online Casinos<\/figcaption>\n\t\t\t\t\t\t\t\t\t\t<\/figure>\n\t\t\t\t\t\t\t\t\t<\/div>\n\t\t\t\t<\/div>\n\t\t\t\t<\/div>\n\t\t<div class=\"elementor-element elementor-element-1ef8313 e-con-full e-flex e-con e-parent\" data-id=\"1ef8313\" data-element_type=\"container\">\n\t\t\t\t<div class=\"elementor-element elementor-element-890a450 elementor-widget elementor-widget-heading\" data-id=\"890a450\" data-element_type=\"widget\" data-widget_type=\"heading.default\">\n\t\t\t\t<div class=\"elementor-widget-container\">\n\t\t\t\t\t<h2 class=\"elementor-heading-title elementor-size-default\">Black Listed Casinos geh\u00f6ren zu den Guten, den Schlechten und den H\u00e4sslichen unter den Casino-Betreibern.  <\/h2>\t\t\t\t<\/div>\n\t\t\t\t<\/div>\n\t\t\t\t<\/div>\n\t\t<div class=\"elementor-element elementor-element-309d100 e-con-full e-flex e-con e-parent\" data-id=\"309d100\" data-element_type=\"container\">\n\t\t\t\t<div class=\"elementor-element elementor-element-c6c5629 elementor-widget elementor-widget-text-editor\" data-id=\"c6c5629\" data-element_type=\"widget\" data-widget_type=\"text-editor.default\">\n\t\t\t\t<div class=\"elementor-widget-container\">\n\t\t\t\t\t\t\t\t\t<p><strong>Schwarz gelistete Casinos und Warum listen wir ein Casino mit weniger g\u00fcnstigen Bewertungen?<\/strong><\/p>\n\t\t\t\t\t\t\t\t<\/div>\n\t\t\t\t<\/div>\n\t\t\t\t<\/div>\n\t\t<div class=\"elementor-element elementor-element-7ca80b1 e-con-full e-flex e-con e-parent\" data-id=\"7ca80b1\" data-element_type=\"container\">\n\t\t\t\t<div class=\"elementor-element elementor-element-dcf79ac elementor-widget elementor-widget-text-editor\" data-id=\"dcf79ac\" data-element_type=\"widget\" data-widget_type=\"text-editor.default\">\n\t\t\t\t<div class=\"elementor-widget-container\">\n\t\t\t\t\t\t\t\t\t<p>Schwarz gelistete Casinos sind leider Teil des Spiels. Es gibt einige Gr\u00fcnde, warum ein Casino oder ein Anbieter von Sportwetten hier gelistet sein kann. Ethische Gr\u00fcnde, Feedback von Spielern und Gesch\u00e4ftspartnern.    <\/p>\n<ul>\n<li>z.B. Spieler haben ungel\u00f6ste und ausstehende Abhebungen  <\/li>\n<li>Kein g\u00fcltiger F\u00fchrerschein<\/li>\n<li>Konfiszierung von Geldern<\/li>\n<li>Einbehaltung vereinbarter Gesch\u00e4ftsvorf\u00e4lle  <\/li>\n<li>Die AGBs sind versteckt oder schwer zu verstehen<\/li>\n<li>Wettanforderungen in die H\u00f6he schie\u00dfen  <\/li>\n<li>Unzureichender Kundensupport, der nur noch per E-Mail erreichbar ist<\/li>\n<\/ul>\n<p>&#8230;..just, um nur einige zu nennen. Wenn Sie sich also als Betreiber hier wiederfinden, k\u00f6nnen Sie Ihr aktuelles Online-Casino hier finden. Denken Sie noch einmal nach.  <\/p>\n\t\t\t\t\t\t\t\t<\/div>\n\t\t\t\t<\/div>\n\t\t\t\t<\/div>\n\t\t<div class=\"elementor-element elementor-element-3a8e4fc e-con-full e-flex e-con e-parent\" data-id=\"3a8e4fc\" data-element_type=\"container\">\n\t\t\t\t<div class=\"elementor-element elementor-element-a1f5bba elementor-widget elementor-widget-heading\" data-id=\"a1f5bba\" data-element_type=\"widget\" data-widget_type=\"heading.default\">\n\t\t\t\t<div class=\"elementor-widget-container\">\n\t\t\t\t\t<h3 class=\"elementor-heading-title elementor-size-default\">Die Neins des Online Casinos<\/h3>\t\t\t\t<\/div>\n\t\t\t\t<\/div>\n\t\t\t\t<\/div>\n\t\t<div class=\"elementor-element elementor-element-f1d6178 e-con-full e-flex e-con e-parent\" data-id=\"f1d6178\" data-element_type=\"container\">\n\t\t\t\t<div class=\"elementor-element elementor-element-7380f5d elementor--h-position-center elementor--v-position-middle elementor-arrows-position-inside elementor-pagination-position-inside elementor-widget elementor-widget-slides\" data-id=\"7380f5d\" data-element_type=\"widget\" data-settings=\"{&quot;navigation&quot;:&quot;both&quot;,&quot;autoplay&quot;:&quot;yes&quot;,&quot;pause_on_hover&quot;:&quot;yes&quot;,&quot;pause_on_interaction&quot;:&quot;yes&quot;,&quot;autoplay_speed&quot;:5000,&quot;infinite&quot;:&quot;yes&quot;,&quot;transition&quot;:&quot;slide&quot;,&quot;transition_speed&quot;:500}\" data-widget_type=\"slides.default\">\n\t\t\t\t<div class=\"elementor-widget-container\">\n\t\t\t\t\t\t\t<div class=\"elementor-swiper\">\n\t\t\t<div class=\"elementor-slides-wrapper elementor-main-swiper swiper-container\" dir=\"ltr\" data-animation=\"fadeInUp\">\n\t\t\t\t<div class=\"swiper-wrapper elementor-slides\">\n\t\t\t\t\t\t\t\t\t\t<div class=\"elementor-repeater-item-3438376 swiper-slide\"><div class=\"swiper-slide-bg\" role=\"img\"><\/div><div class=\"swiper-slide-inner\" ><div class=\"swiper-slide-contents\"><div class=\"elementor-slide-heading\">Bovada<\/div><div class=\"elementor-slide-description\"><p>Die Zugeh\u00f6rigkeit zu einer gr\u00f6\u00dferen Schwester und einem gr\u00f6\u00dferen Casino hat dieses Casino nicht zu etwas gemacht, das wir empfehlen k\u00f6nnen<\/p>\n<\/div><div  class=\"elementor-button elementor-slide-button elementor-size-sm\">Vermeiden Sie  <\/div><\/div><\/div><\/div><div class=\"elementor-repeater-item-aa01b44 swiper-slide\"><div class=\"swiper-slide-bg\" role=\"img\"><\/div><div class=\"swiper-slide-inner\" ><div class=\"swiper-slide-contents\"><div class=\"elementor-slide-heading\">Gott55's<\/div><div class=\"elementor-slide-description\"><p>Unerlaubte Werbung mit MGA-Personen in der \u00d6ffentlichkeit verwendet.  <\/p>\n<\/div><div  class=\"elementor-button elementor-slide-button elementor-size-sm\">Vermeiden Sie<\/div><\/div><\/div><\/div><div class=\"elementor-repeater-item-6dadcaa swiper-slide\"><div class=\"swiper-slide-bg\" role=\"img\"><\/div><div class=\"swiper-slide-inner\" ><div class=\"swiper-slide-contents\"><div class=\"elementor-slide-heading\">Folie 3 \u00dcberschrift<\/div><div class=\"elementor-slide-description\"><p>Lorem ipsum dolor sit amet consectetur adipiscing elit dolor<\/p>\n<\/div><div  class=\"elementor-button elementor-slide-button elementor-size-sm\">Klicken Sie hier<\/div><\/div><\/div><\/div>\t\t\t\t<\/div>\n\t\t\t\t\t\t\t\t\t\t\t\t\t\t\t<div class=\"swiper-pagination\"><\/div>\n\t\t\t\t\t\t\t\t\t\t\t\t\t\t\t\t<div class=\"elementor-swiper-button elementor-swiper-button-prev\" role=\"button\" tabindex=\"0\">\n\t\t\t\t\t\t\t<i aria-hidden=\"true\" class=\"eicon-chevron-left\"><\/i>\t\t\t\t\t\t\t<span class=\"elementor-screen-only\">Previous slide<\/span>\n\t\t\t\t\t\t<\/div>\n\t\t\t\t\t\t<div class=\"elementor-swiper-button elementor-swiper-button-next\" role=\"button\" tabindex=\"0\">\n\t\t\t\t\t\t\t<i aria-hidden=\"true\" class=\"eicon-chevron-right\"><\/i>\t\t\t\t\t\t\t<span class=\"elementor-screen-only\">Next slide<\/span>\n\t\t\t\t\t\t<\/div>\n\t\t\t\t\t\t\t\t\t\t\t\t<\/div>\n\t\t<\/div>\n\t\t\t\t\t\t<\/div>\n\t\t\t\t<\/div>\n\t\t\t\t<\/div>\n\t\t<div class=\"elementor-element elementor-element-1bfb3b9 e-con-full e-flex e-con e-parent\" data-id=\"1bfb3b9\" data-element_type=\"container\">\n\t\t\t\t<div class=\"elementor-element elementor-element-2e4ab10 elementor-widget elementor-widget-heading\" data-id=\"2e4ab10\" data-element_type=\"widget\" data-widget_type=\"heading.default\">\n\t\t\t\t<div class=\"elementor-widget-container\">\n\t\t\t\t\t<h5 class=\"elementor-heading-title elementor-size-default\">Was sind die Folgen des Spielens in Casinos mit schwarzer Liste?<\/h5>\t\t\t\t<\/div>\n\t\t\t\t<\/div>\n\t\t\t\t<\/div>\n\t\t<div class=\"elementor-element elementor-element-9352674 e-con-full e-flex e-con e-parent\" data-id=\"9352674\" data-element_type=\"container\">\n\t\t\t\t<div class=\"elementor-element elementor-element-e9cd3ea elementor-widget elementor-widget-text-editor\" data-id=\"e9cd3ea\" data-element_type=\"widget\" data-widget_type=\"text-editor.default\">\n\t\t\t\t<div class=\"elementor-widget-container\">\n\t\t\t\t\t\t\t\t\t<p>Casinos mit schwarzer Liste neigen dazu, Ihre Auszahlungen zu verz\u00f6gern oder sogar ganz oder teilweise zur\u00fcckzuhalten. Casinos ohne g\u00fcltige Casino-Lizenzen sind anf\u00e4llig f\u00fcr Daten- und Informationsmissbrauch. Sie arbeiten oft mit betr\u00fcgerischen Softwareanbietern zusammen oder bauen ihr eigenes Netzwerk von Spielen auf. Diese Spiele neigen dazu, den Betreiber zu beg\u00fcnstigen und scheinen fast vorhersehbar zu sein.     <\/p>\n\t\t\t\t\t\t\t\t<\/div>\n\t\t\t\t<\/div>\n\t\t\t\t<\/div>\n\t\t<div class=\"elementor-element elementor-element-4c73a66 e-con-full e-flex e-con e-parent\" data-id=\"4c73a66\" data-element_type=\"container\">\n\t\t\t\t<div class=\"elementor-element elementor-element-9fff887 elementor-widget elementor-widget-heading\" data-id=\"9fff887\" data-element_type=\"widget\" data-widget_type=\"heading.default\">\n\t\t\t\t<div class=\"elementor-widget-container\">\n\t\t\t\t\t<h5 class=\"elementor-heading-title elementor-size-default\">Was kann man tun, wenn man auf ein unseri\u00f6ses Casino hereinf\u00e4llt?  <\/h5>\t\t\t\t<\/div>\n\t\t\t\t<\/div>\n\t\t\t\t<\/div>\n\t\t<div class=\"elementor-element elementor-element-f81ac85 e-con-full e-flex e-con e-parent\" data-id=\"f81ac85\" data-element_type=\"container\">\n\t\t\t\t<div class=\"elementor-element elementor-element-1e95dcf elementor-widget elementor-widget-text-editor\" data-id=\"1e95dcf\" data-element_type=\"widget\" data-widget_type=\"text-editor.default\">\n\t\t\t\t<div class=\"elementor-widget-container\">\n\t\t\t\t\t\t\t\t\t<p>Wenn Sie Opfer eines unseri\u00f6sen Casinos oder eines Datendiebstahls geworden sind oder einfach nur eine negative Erfahrung gemacht haben, k\u00f6nnen Sie sich vertrauensvoll an uns wenden. Wir haben reichlich Erfahrung und Verbindungen, um andere vor solchen Methoden zu warnen und zu zeigen, wie man solche Casinos vermeidet.   <\/p>\n\t\t\t\t\t\t\t\t<\/div>\n\t\t\t\t<\/div>\n\t\t\t\t<\/div>\n\t\t\t\t<\/div>\n\t\t","protected":false},"excerpt":{"rendered":"<p>Yay or Nay of Online Casinos Black Listed Casinos geh\u00f6ren zu den Guten, den Schlechten und den H\u00e4sslichen unter den Casino-Betreibern. Schwarz gelistete Casinos und Warum listen wir ein Casino mit weniger g\u00fcnstigen Bewertungen? Schwarz gelistete Casinos sind leider Teil des Spiels. Es gibt einige Gr\u00fcnde, warum ein Casino oder ein Anbieter von Sportwetten hier [&hellip;]<\/p>\n","protected":false},"author":1,"featured_media":3141,"parent":0,"menu_order":0,"comment_status":"closed","ping_status":"closed","template":"","meta":{"footnotes":""},"class_list":["post-4452","page","type-page","status-publish","has-post-thumbnail","hentry"],"blocksy_meta":[],"acf":[],"yoast_head":"<!-- This site is optimized with the Yoast SEO plugin v24.1 - https:\/\/yoast.com\/wordpress\/plugins\/seo\/ -->\n<title>Schwarz gelistete Casinos - casinoreturn<\/title>\n<meta name=\"description\" content=\"Casinos mit schwarzen Listen sind leider Teil des Spiels. Hier sind einige der Casinos, bei denen Sie sich vielleicht nicht anmelden m\u00f6chten.\" \/>\n<meta name=\"robots\" content=\"index, follow, max-snippet:-1, max-image-preview:large, max-video-preview:-1\" \/>\n<link rel=\"canonical\" href=\"https:\/\/casinoreturn.com\/de\/schwarz-gelistete-casinos\/\" \/>\n<meta property=\"og:locale\" content=\"de_DE\" \/>\n<meta property=\"og:type\" content=\"article\" \/>\n<meta property=\"og:title\" content=\"Schwarz gelistete Casinos - casinoreturn\" \/>\n<meta property=\"og:description\" content=\"Casinos mit schwarzen Listen sind leider Teil des Spiels. Hier sind einige der Casinos, bei denen Sie sich vielleicht nicht anmelden m\u00f6chten.\" \/>\n<meta property=\"og:url\" content=\"https:\/\/casinoreturn.com\/de\/schwarz-gelistete-casinos\/\" \/>\n<meta property=\"og:site_name\" content=\"casinoreturn\" \/>\n<meta property=\"article:modified_time\" content=\"2025-03-31T17:56:01+00:00\" \/>\n<meta property=\"og:image\" content=\"https:\/\/casinoreturn.com\/wp-content\/uploads\/2024\/11\/Black-Listed-Casinos.png\" \/>\n\t<meta property=\"og:image:width\" content=\"200\" \/>\n\t<meta property=\"og:image:height\" content=\"200\" \/>\n\t<meta property=\"og:image:type\" content=\"image\/png\" \/>\n<meta name=\"twitter:card\" content=\"summary_large_image\" \/>\n<meta name=\"twitter:label1\" content=\"Gesch\u00e4tzte Lesezeit\" \/>\n\t<meta name=\"twitter:data1\" content=\"2\u00a0Minuten\" \/>\n<script type=\"application\/ld+json\" class=\"yoast-schema-graph\">{\"@context\":\"https:\/\/schema.org\",\"@graph\":[{\"@type\":\"WebPage\",\"@id\":\"https:\/\/casinoreturn.com\/de\/schwarz-gelistete-casinos\/\",\"url\":\"https:\/\/casinoreturn.com\/de\/schwarz-gelistete-casinos\/\",\"name\":\"Schwarz gelistete Casinos - casinoreturn\",\"isPartOf\":{\"@id\":\"https:\/\/casinoreturn.com\/#website\"},\"primaryImageOfPage\":{\"@id\":\"https:\/\/casinoreturn.com\/de\/schwarz-gelistete-casinos\/#primaryimage\"},\"image\":{\"@id\":\"https:\/\/casinoreturn.com\/de\/schwarz-gelistete-casinos\/#primaryimage\"},\"thumbnailUrl\":\"https:\/\/casinoreturn.com\/wp-content\/uploads\/2024\/11\/Black-Listed-Casinos.png\",\"datePublished\":\"2024-11-11T14:03:43+00:00\",\"dateModified\":\"2025-03-31T17:56:01+00:00\",\"description\":\"Casinos mit schwarzen Listen sind leider Teil des Spiels. Hier sind einige der Casinos, bei denen Sie sich vielleicht nicht anmelden m\u00f6chten.\",\"breadcrumb\":{\"@id\":\"https:\/\/casinoreturn.com\/de\/schwarz-gelistete-casinos\/#breadcrumb\"},\"inLanguage\":\"de\",\"potentialAction\":[{\"@type\":\"ReadAction\",\"target\":[\"https:\/\/casinoreturn.com\/de\/schwarz-gelistete-casinos\/\"]}]},{\"@type\":\"ImageObject\",\"inLanguage\":\"de\",\"@id\":\"https:\/\/casinoreturn.com\/de\/schwarz-gelistete-casinos\/#primaryimage\",\"url\":\"https:\/\/casinoreturn.com\/wp-content\/uploads\/2024\/11\/Black-Listed-Casinos.png\",\"contentUrl\":\"https:\/\/casinoreturn.com\/wp-content\/uploads\/2024\/11\/Black-Listed-Casinos.png\",\"width\":200,\"height\":200,\"caption\":\"Black Listed Casinos\"},{\"@type\":\"BreadcrumbList\",\"@id\":\"https:\/\/casinoreturn.com\/de\/schwarz-gelistete-casinos\/#breadcrumb\",\"itemListElement\":[{\"@type\":\"ListItem\",\"position\":1,\"name\":\"Home\",\"item\":\"https:\/\/casinoreturn.com\/de\/heim\/\"},{\"@type\":\"ListItem\",\"position\":2,\"name\":\"Schwarz gelistete Casinos\"}]},{\"@type\":\"WebSite\",\"@id\":\"https:\/\/casinoreturn.com\/#website\",\"url\":\"https:\/\/casinoreturn.com\/\",\"name\":\"casinoreturn\",\"description\":\"\",\"publisher\":{\"@id\":\"https:\/\/casinoreturn.com\/#organization\"},\"potentialAction\":[{\"@type\":\"SearchAction\",\"target\":{\"@type\":\"EntryPoint\",\"urlTemplate\":\"https:\/\/casinoreturn.com\/?s={search_term_string}\"},\"query-input\":{\"@type\":\"PropertyValueSpecification\",\"valueRequired\":true,\"valueName\":\"search_term_string\"}}],\"inLanguage\":\"de\"},{\"@type\":\"Organization\",\"@id\":\"https:\/\/casinoreturn.com\/#organization\",\"name\":\"casinoreturn\",\"url\":\"https:\/\/casinoreturn.com\/\",\"logo\":{\"@type\":\"ImageObject\",\"inLanguage\":\"de\",\"@id\":\"https:\/\/casinoreturn.com\/#\/schema\/logo\/image\/\",\"url\":\"https:\/\/casinoreturn.com\/wp-content\/uploads\/2024\/09\/animal-favicon.png\",\"contentUrl\":\"https:\/\/casinoreturn.com\/wp-content\/uploads\/2024\/09\/animal-favicon.png\",\"width\":92,\"height\":92,\"caption\":\"casinoreturn\"},\"image\":{\"@id\":\"https:\/\/casinoreturn.com\/#\/schema\/logo\/image\/\"}}]}<\/script>\n<!-- \/ Yoast SEO plugin. -->","yoast_head_json":{"title":"Schwarz gelistete Casinos - casinoreturn","description":"Casinos mit schwarzen Listen sind leider Teil des Spiels. Hier sind einige der Casinos, bei denen Sie sich vielleicht nicht anmelden m\u00f6chten.","robots":{"index":"index","follow":"follow","max-snippet":"max-snippet:-1","max-image-preview":"max-image-preview:large","max-video-preview":"max-video-preview:-1"},"canonical":"https:\/\/casinoreturn.com\/de\/schwarz-gelistete-casinos\/","og_locale":"de_DE","og_type":"article","og_title":"Schwarz gelistete Casinos - casinoreturn","og_description":"Casinos mit schwarzen Listen sind leider Teil des Spiels. Hier sind einige der Casinos, bei denen Sie sich vielleicht nicht anmelden m\u00f6chten.","og_url":"https:\/\/casinoreturn.com\/de\/schwarz-gelistete-casinos\/","og_site_name":"casinoreturn","article_modified_time":"2025-03-31T17:56:01+00:00","og_image":[{"width":200,"height":200,"url":"https:\/\/casinoreturn.com\/wp-content\/uploads\/2024\/11\/Black-Listed-Casinos.png","type":"image\/png"}],"twitter_card":"summary_large_image","twitter_misc":{"Gesch\u00e4tzte Lesezeit":"2\u00a0Minuten"},"schema":{"@context":"https:\/\/schema.org","@graph":[{"@type":"WebPage","@id":"https:\/\/casinoreturn.com\/de\/schwarz-gelistete-casinos\/","url":"https:\/\/casinoreturn.com\/de\/schwarz-gelistete-casinos\/","name":"Schwarz gelistete Casinos - casinoreturn","isPartOf":{"@id":"https:\/\/casinoreturn.com\/#website"},"primaryImageOfPage":{"@id":"https:\/\/casinoreturn.com\/de\/schwarz-gelistete-casinos\/#primaryimage"},"image":{"@id":"https:\/\/casinoreturn.com\/de\/schwarz-gelistete-casinos\/#primaryimage"},"thumbnailUrl":"https:\/\/casinoreturn.com\/wp-content\/uploads\/2024\/11\/Black-Listed-Casinos.png","datePublished":"2024-11-11T14:03:43+00:00","dateModified":"2025-03-31T17:56:01+00:00","description":"Casinos mit schwarzen Listen sind leider Teil des Spiels. Hier sind einige der Casinos, bei denen Sie sich vielleicht nicht anmelden m\u00f6chten.","breadcrumb":{"@id":"https:\/\/casinoreturn.com\/de\/schwarz-gelistete-casinos\/#breadcrumb"},"inLanguage":"de","potentialAction":[{"@type":"ReadAction","target":["https:\/\/casinoreturn.com\/de\/schwarz-gelistete-casinos\/"]}]},{"@type":"ImageObject","inLanguage":"de","@id":"https:\/\/casinoreturn.com\/de\/schwarz-gelistete-casinos\/#primaryimage","url":"https:\/\/casinoreturn.com\/wp-content\/uploads\/2024\/11\/Black-Listed-Casinos.png","contentUrl":"https:\/\/casinoreturn.com\/wp-content\/uploads\/2024\/11\/Black-Listed-Casinos.png","width":200,"height":200,"caption":"Black Listed Casinos"},{"@type":"BreadcrumbList","@id":"https:\/\/casinoreturn.com\/de\/schwarz-gelistete-casinos\/#breadcrumb","itemListElement":[{"@type":"ListItem","position":1,"name":"Home","item":"https:\/\/casinoreturn.com\/de\/heim\/"},{"@type":"ListItem","position":2,"name":"Schwarz gelistete Casinos"}]},{"@type":"WebSite","@id":"https:\/\/casinoreturn.com\/#website","url":"https:\/\/casinoreturn.com\/","name":"casinoreturn","description":"","publisher":{"@id":"https:\/\/casinoreturn.com\/#organization"},"potentialAction":[{"@type":"SearchAction","target":{"@type":"EntryPoint","urlTemplate":"https:\/\/casinoreturn.com\/?s={search_term_string}"},"query-input":{"@type":"PropertyValueSpecification","valueRequired":true,"valueName":"search_term_string"}}],"inLanguage":"de"},{"@type":"Organization","@id":"https:\/\/casinoreturn.com\/#organization","name":"casinoreturn","url":"https:\/\/casinoreturn.com\/","logo":{"@type":"ImageObject","inLanguage":"de","@id":"https:\/\/casinoreturn.com\/#\/schema\/logo\/image\/","url":"https:\/\/casinoreturn.com\/wp-content\/uploads\/2024\/09\/animal-favicon.png","contentUrl":"https:\/\/casinoreturn.com\/wp-content\/uploads\/2024\/09\/animal-favicon.png","width":92,"height":92,"caption":"casinoreturn"},"image":{"@id":"https:\/\/casinoreturn.com\/#\/schema\/logo\/image\/"}}]}},"_links":{"self":[{"href":"https:\/\/casinoreturn.com\/de\/wp-json\/wp\/v2\/pages\/4452","targetHints":{"allow":["GET"]}}],"collection":[{"href":"https:\/\/casinoreturn.com\/de\/wp-json\/wp\/v2\/pages"}],"about":[{"href":"https:\/\/casinoreturn.com\/de\/wp-json\/wp\/v2\/types\/page"}],"author":[{"embeddable":true,"href":"https:\/\/casinoreturn.com\/de\/wp-json\/wp\/v2\/users\/1"}],"replies":[{"embeddable":true,"href":"https:\/\/casinoreturn.com\/de\/wp-json\/wp\/v2\/comments?post=4452"}],"version-history":[{"count":2,"href":"https:\/\/casinoreturn.com\/de\/wp-json\/wp\/v2\/pages\/4452\/revisions"}],"predecessor-version":[{"id":13594,"href":"https:\/\/casinoreturn.com\/de\/wp-json\/wp\/v2\/pages\/4452\/revisions\/13594"}],"wp:featuredmedia":[{"embeddable":true,"href":"https:\/\/casinoreturn.com\/de\/wp-json\/wp\/v2\/media\/3141"}],"wp:attachment":[{"href":"https:\/\/casinoreturn.com\/de\/wp-json\/wp\/v2\/media?parent=4452"}],"curies":[{"name":"wp","href":"https:\/\/api.w.org\/{rel}","templated":true}]}}