{"id":4510,"date":"2024-11-11T14:01:17","date_gmt":"2024-11-11T14:01:17","guid":{"rendered":"https:\/\/casinoreturn.com\/casino-lizenzen\/"},"modified":"2024-12-02T12:13:37","modified_gmt":"2024-12-02T12:13:37","slug":"casino-lizenzen","status":"publish","type":"page","link":"https:\/\/casinoreturn.com\/de\/casino-lizenzen\/","title":{"rendered":"Casino-Lizenzen"},"content":{"rendered":"\t\t<div data-elementor-type=\"wp-page\" data-elementor-id=\"4510\" class=\"elementor elementor-4510\" data-elementor-post-type=\"page\">\n\t\t\t\t<div class=\"elementor-element elementor-element-25ab31d e-con-full e-flex e-con e-parent\" data-id=\"25ab31d\" data-element_type=\"container\">\n\t\t\t\t<div class=\"elementor-element elementor-element-e2d7818 elementor-widget elementor-widget-image\" data-id=\"e2d7818\" data-element_type=\"widget\" data-widget_type=\"image.default\">\n\t\t\t\t<div class=\"elementor-widget-container\">\n\t\t\t\t\t\t\t\t\t\t\t\t\t\t\t<img fetchpriority=\"high\" decoding=\"async\" width=\"1024\" height=\"538\" src=\"https:\/\/casinoreturn.com\/wp-content\/uploads\/2024\/12\/Online-Casino-Licences-1024x538.png\" class=\"attachment-large size-large wp-image-4475\" alt=\"Online Casino Licences\" srcset=\"https:\/\/casinoreturn.com\/wp-content\/uploads\/2024\/12\/Online-Casino-Licences-1024x538.png 1024w, https:\/\/casinoreturn.com\/wp-content\/uploads\/2024\/12\/Online-Casino-Licences-300x158.png 300w, https:\/\/casinoreturn.com\/wp-content\/uploads\/2024\/12\/Online-Casino-Licences-768x403.png 768w, https:\/\/casinoreturn.com\/wp-content\/uploads\/2024\/12\/Online-Casino-Licences.png 1200w\" sizes=\"(max-width: 1024px) 100vw, 1024px\" \/>\t\t\t\t\t\t\t\t\t\t\t\t\t\t\t<\/div>\n\t\t\t\t<\/div>\n\t\t\t\t<div class=\"elementor-element elementor-element-91388ca elementor-widget elementor-widget-heading\" data-id=\"91388ca\" data-element_type=\"widget\" data-widget_type=\"heading.default\">\n\t\t\t\t<div class=\"elementor-widget-container\">\n\t\t\t\t\t<h3 class=\"elementor-heading-title elementor-size-default\">Online-Casino-Lizenzen f\u00fcr Gl\u00fccksspiele und Sportwetten<\/h3>\t\t\t\t<\/div>\n\t\t\t\t<\/div>\n\t\t\t\t<div class=\"elementor-element elementor-element-b90a94d elementor-widget elementor-widget-text-editor\" data-id=\"b90a94d\" data-element_type=\"widget\" data-widget_type=\"text-editor.default\">\n\t\t\t\t<div class=\"elementor-widget-container\">\n\t\t\t\t\t\t\t\t\t<p>Online-Lizenzen f\u00fcr Casinos sind unerl\u00e4sslich, um das Online-Gl\u00fccksspiel zu regulieren und einen Hafen zu bieten. Die IGaming-Branche erlebt eine Explosion der Nachfrage und Popularit\u00e4t. Es wird gesch\u00e4tzt, dass der weltweite Gl\u00fccksspielmarkt 270 Milliarden US$ \u00fcbersteigt. Die COVID-19 im Jahr 2019 hat dieser Zahl eine Delle zugef\u00fcgt, aber sie hat sich schnell erholt, und der Markt ist exponentiell gewachsen.     <\/p>\n\t\t\t\t\t\t\t\t<\/div>\n\t\t\t\t<\/div>\n\t\t\t\t<div class=\"elementor-element elementor-element-349a86e elementor-widget elementor-widget-heading\" data-id=\"349a86e\" data-element_type=\"widget\" data-widget_type=\"heading.default\">\n\t\t\t\t<div class=\"elementor-widget-container\">\n\t\t\t\t\t<h3 class=\"elementor-heading-title elementor-size-default\">Wei\u00dfe, graue und schwarze M\u00e4rkte - Die Zeit der Entscheidung f\u00fcr Spieler<\/h3>\t\t\t\t<\/div>\n\t\t\t\t<\/div>\n\t\t\t\t<div class=\"elementor-element elementor-element-fbe3b09 elementor-widget elementor-widget-text-editor\" data-id=\"fbe3b09\" data-element_type=\"widget\" data-widget_type=\"text-editor.default\">\n\t\t\t\t<div class=\"elementor-widget-container\">\n\t\t\t\t\t\t\t\t\t<p>Wenn wir \u00fcber wei\u00dfe, graue und schwarze M\u00e4rkte sprechen, dann  <span style=\"box-sizing: border-box; margin: 0px; padding: 0px;\">beziehen sich auf bestimmte Lizenzen oder, in einigen F\u00e4llen, auf keine Lizenz. Einige weitere <a href=\"https:\/\/upgaming.com\/white-grey-and-black-igaming-markets\/\" target=\"_blank\" rel=\"noopener\">Informationen<\/a> <\/span><a href=\"https:\/\/upgaming.com\/white-grey-and-black-igaming-markets\/\">  k\u00f6nnen Sie hier lesen.<\/a><\/p>\n<h4><strong>Wei\u00dfe i-Gaming M\u00e4rkte &#8211; Regulierte M\u00e4rkte f\u00fcr i-Gaming<\/strong><\/h4>\n<p>Casinos auf dem wei\u00dfen Markt gelten als sicherer und werden in L\u00e4ndern betrieben, in denen Online-Gl\u00fccksspiele erlaubt sind. In den meisten europ\u00e4ischen L\u00e4ndern gibt es Vorschriften zur Kontrolle und Regulierung von Casinos. Die Gerichte haben strenge Regeln aufgestellt und verantwortungsbewusstes Gl\u00fccksspiel eingef\u00fchrt. Die Regulierungsbeh\u00f6rden zwangen die Online-Casinos, ihre Einnahmen und ihre Ma\u00dfnahmen f\u00fcr verantwortungsvolles Spielen offen zu legen. Einige Gerichtsbarkeiten gingen sogar so weit, Sportwetten und Online-Casinos zu trennen. Die Trennung von Willkommensbonus, Gratiswetten, Freispielen und Mindesteins\u00e4tzen, die man platzieren kann.       <\/p>\n<p>Dies bedeutet hohe Kosten f\u00fcr Betreiber und Anbieter mit MGA-Lizenzen, Isle of Man, Kahnawake und UK-Lizenz.  <\/p>\n<h4><strong>Graue i-Gaming-M\u00e4rkte &#8211; Nah dran, aber nicht so nah<\/strong><\/h4>\n<p>Der Unterschied zwischen dem wei\u00dfen und dem grauen Markt ist recht einfach zu erkennen. Graue M\u00e4rkte erlauben Online-Casinos und landbasierte Gesch\u00e4fte, aber mit weniger Vorschriften und Einschr\u00e4nkungen. Casinos k\u00f6nnen mit internationalen Lizenzen arbeiten, wie z.B. Curacao-Lizenzen. Betreiber k\u00f6nnen sich daf\u00fcr entscheiden, mehr als ein Online-Casino unter einer solchen Lizenz zu betreiben, die weniger wahrscheinlich von den lokalen Gesetzgebern reguliert wird. Es gab positive Verbesserungen auf den grauen M\u00e4rkten, und immer mehr Casinos auf dem grauen Markt stellen sich freiwillig auf verantwortungsvolles Spielen ein. Nichtsdestotrotz haben die grauen M\u00e4rkte immer noch die Oberhand, was die Volatilit\u00e4t und die vollst\u00e4ndige Transparenz ihres Betriebs angeht.       <\/p>\n<h4><strong>Schwarze i-Gaming M\u00e4rkte &#8211; Was Sie beachten sollten<\/strong><\/h4>\n<p>Schwarze M\u00e4rkte sind M\u00e4rkte, auf denen Gl\u00fccksspiele oder Online-Gl\u00fccksspiele verboten sind. Dies kann aufgrund von Glaubensvorstellungen, kulturellen, ethischen oder politischen Gr\u00fcnden der Fall sein. Casinos, die in diesen M\u00e4rkten t\u00e4tig sind, werden in der Regel schnell geschlossen und k\u00f6nnen bei der Einreise in diese L\u00e4nder strafrechtlich verfolgt werden. Muslimisch gepr\u00e4gte Staaten, einige afrikanische Staaten und Asien sind wichtige Schwarzm\u00e4rkte. Verantwortungsbewusstes Spielen gibt es nicht; Bankgesch\u00e4fte, Einzahlungen und Abhebungen sind zunehmend unberechenbar geworden. Es wird nicht empfohlen, Casinos ohne Lizenz zu nutzen.       <\/p>\n\t\t\t\t\t\t\t\t<\/div>\n\t\t\t\t<\/div>\n\t\t\t\t<div class=\"elementor-element elementor-element-cbb0223 elementor-widget elementor-widget-image\" data-id=\"cbb0223\" data-element_type=\"widget\" data-widget_type=\"image.default\">\n\t\t\t\t<div class=\"elementor-widget-container\">\n\t\t\t\t\t\t\t\t\t\t\t\t\t\t\t<img decoding=\"async\" width=\"225\" height=\"225\" src=\"https:\/\/casinoreturn.com\/wp-content\/uploads\/2024\/12\/Black-market-igaming.png\" class=\"attachment-large size-large wp-image-4487\" alt=\"Black market igaming\" srcset=\"https:\/\/casinoreturn.com\/wp-content\/uploads\/2024\/12\/Black-market-igaming.png 225w, https:\/\/casinoreturn.com\/wp-content\/uploads\/2024\/12\/Black-market-igaming-150x150.png 150w\" sizes=\"(max-width: 225px) 100vw, 225px\" \/>\t\t\t\t\t\t\t\t\t\t\t\t\t\t\t<\/div>\n\t\t\t\t<\/div>\n\t\t\t\t<div class=\"elementor-element elementor-element-e5d1860 elementor-widget elementor-widget-heading\" data-id=\"e5d1860\" data-element_type=\"widget\" data-widget_type=\"heading.default\">\n\t\t\t\t<div class=\"elementor-widget-container\">\n\t\t\t\t\t<h3 class=\"elementor-heading-title elementor-size-default\">Hindernisse und Herausforderungen  <\/h3>\t\t\t\t<\/div>\n\t\t\t\t<\/div>\n\t\t\t\t<div class=\"elementor-element elementor-element-1cd3dce elementor-widget elementor-widget-text-editor\" data-id=\"1cd3dce\" data-element_type=\"widget\" data-widget_type=\"text-editor.default\">\n\t\t\t\t<div class=\"elementor-widget-container\">\n\t\t\t\t\t\t\t\t\t<p>Ohne Lizenz zu arbeiten, ist so etwas wie russisches Roulette. Das Gesetz ist Ihnen auf den Fersen, und dem Betreiber drohen Schlie\u00dfung und Geldstrafen. Strafverfolgung und Haftstrafen sind einige der zu erwartenden Verg\u00fcnstigungen. Die Kunden m\u00fcssen mit hartem Widerstand und der M\u00f6glichkeit rechnen, dass ihre Konten geschlossen werden, ohne dass sie die Angelegenheit in Frage stellen k\u00f6nnen.     <\/p>\n<p>Es ist besser, langfristig zu denken und mit einer Kasinolizenz fortzufahren, um guten Service und Markenprodukte anzubieten. Bei grauen M\u00e4rkten und wei\u00dfen Gl\u00fccksspielm\u00e4rkten ist Werbung nur in Teilen m\u00f6glich oder auf diese beschr\u00e4nkt. Die Spieler achten heutzutage auf die Lizenzen, bevor sie sich anmelden.  <\/p>\n\t\t\t\t\t\t\t\t<\/div>\n\t\t\t\t<\/div>\n\t\t\t\t<\/div>\n\t\t\t\t<\/div>\n\t\t","protected":false},"excerpt":{"rendered":"<p>Online-Casino-Lizenzen f\u00fcr Gl\u00fccksspiele und Sportwetten Online-Lizenzen f\u00fcr Casinos sind unerl\u00e4sslich, um das Online-Gl\u00fccksspiel zu regulieren und einen Hafen zu bieten. Die IGaming-Branche erlebt eine Explosion der Nachfrage und Popularit\u00e4t. Es wird gesch\u00e4tzt, dass der weltweite Gl\u00fccksspielmarkt 270 Milliarden US$ \u00fcbersteigt. Die COVID-19 im Jahr 2019 hat dieser Zahl eine Delle zugef\u00fcgt, aber sie hat sich [&hellip;]<\/p>\n","protected":false},"author":1,"featured_media":0,"parent":0,"menu_order":0,"comment_status":"closed","ping_status":"closed","template":"","meta":{"footnotes":""},"class_list":["post-4510","page","type-page","status-publish","hentry"],"blocksy_meta":[],"acf":[],"yoast_head":"<!-- This site is optimized with the Yoast SEO plugin v24.1 - https:\/\/yoast.com\/wordpress\/plugins\/seo\/ -->\n<title>Casino-Lizenzen - casinoreturn<\/title>\n<meta name=\"description\" content=\"Casinolizenzen k\u00f6nnen Ihre Entscheidung, sich zu registrieren und Online Casino zu spielen, beeinflussen. Hier sind einige Casino-Lizenzen und Casinos.\" \/>\n<meta name=\"robots\" content=\"index, follow, max-snippet:-1, max-image-preview:large, max-video-preview:-1\" \/>\n<link rel=\"canonical\" href=\"https:\/\/casinoreturn.com\/de\/casino-lizenzen\/\" \/>\n<meta property=\"og:locale\" content=\"de_DE\" \/>\n<meta property=\"og:type\" content=\"article\" \/>\n<meta property=\"og:title\" content=\"Casino-Lizenzen - casinoreturn\" \/>\n<meta property=\"og:description\" content=\"Casinolizenzen k\u00f6nnen Ihre Entscheidung, sich zu registrieren und Online Casino zu spielen, beeinflussen. Hier sind einige Casino-Lizenzen und Casinos.\" \/>\n<meta property=\"og:url\" content=\"https:\/\/casinoreturn.com\/de\/casino-lizenzen\/\" \/>\n<meta property=\"og:site_name\" content=\"casinoreturn\" \/>\n<meta property=\"article:modified_time\" content=\"2024-12-02T12:13:37+00:00\" \/>\n<meta property=\"og:image\" content=\"https:\/\/casinoreturn.com\/wp-content\/uploads\/2024\/12\/Online-Casino-Licences.png\" \/>\n\t<meta property=\"og:image:width\" content=\"1200\" \/>\n\t<meta property=\"og:image:height\" content=\"630\" \/>\n\t<meta property=\"og:image:type\" content=\"image\/png\" \/>\n<meta name=\"twitter:card\" content=\"summary_large_image\" \/>\n<meta name=\"twitter:label1\" content=\"Gesch\u00e4tzte Lesezeit\" \/>\n\t<meta name=\"twitter:data1\" content=\"3\u00a0Minuten\" \/>\n<script type=\"application\/ld+json\" class=\"yoast-schema-graph\">{\"@context\":\"https:\/\/schema.org\",\"@graph\":[{\"@type\":\"WebPage\",\"@id\":\"https:\/\/casinoreturn.com\/de\/casino-lizenzen\/\",\"url\":\"https:\/\/casinoreturn.com\/de\/casino-lizenzen\/\",\"name\":\"Casino-Lizenzen - casinoreturn\",\"isPartOf\":{\"@id\":\"https:\/\/casinoreturn.com\/#website\"},\"primaryImageOfPage\":{\"@id\":\"https:\/\/casinoreturn.com\/de\/casino-lizenzen\/#primaryimage\"},\"image\":{\"@id\":\"https:\/\/casinoreturn.com\/de\/casino-lizenzen\/#primaryimage\"},\"thumbnailUrl\":\"https:\/\/casinoreturn.com\/wp-content\/uploads\/2024\/12\/Online-Casino-Licences-1024x538.png\",\"datePublished\":\"2024-11-11T14:01:17+00:00\",\"dateModified\":\"2024-12-02T12:13:37+00:00\",\"description\":\"Casinolizenzen k\u00f6nnen Ihre Entscheidung, sich zu registrieren und Online Casino zu spielen, beeinflussen. Hier sind einige Casino-Lizenzen und Casinos.\",\"breadcrumb\":{\"@id\":\"https:\/\/casinoreturn.com\/de\/casino-lizenzen\/#breadcrumb\"},\"inLanguage\":\"de\",\"potentialAction\":[{\"@type\":\"ReadAction\",\"target\":[\"https:\/\/casinoreturn.com\/de\/casino-lizenzen\/\"]}]},{\"@type\":\"ImageObject\",\"inLanguage\":\"de\",\"@id\":\"https:\/\/casinoreturn.com\/de\/casino-lizenzen\/#primaryimage\",\"url\":\"https:\/\/casinoreturn.com\/wp-content\/uploads\/2024\/12\/Online-Casino-Licences-1024x538.png\",\"contentUrl\":\"https:\/\/casinoreturn.com\/wp-content\/uploads\/2024\/12\/Online-Casino-Licences-1024x538.png\"},{\"@type\":\"BreadcrumbList\",\"@id\":\"https:\/\/casinoreturn.com\/de\/casino-lizenzen\/#breadcrumb\",\"itemListElement\":[{\"@type\":\"ListItem\",\"position\":1,\"name\":\"Home\",\"item\":\"https:\/\/casinoreturn.com\/de\/heim\/\"},{\"@type\":\"ListItem\",\"position\":2,\"name\":\"Casino-Lizenzen\"}]},{\"@type\":\"WebSite\",\"@id\":\"https:\/\/casinoreturn.com\/#website\",\"url\":\"https:\/\/casinoreturn.com\/\",\"name\":\"casinoreturn\",\"description\":\"\",\"publisher\":{\"@id\":\"https:\/\/casinoreturn.com\/#organization\"},\"potentialAction\":[{\"@type\":\"SearchAction\",\"target\":{\"@type\":\"EntryPoint\",\"urlTemplate\":\"https:\/\/casinoreturn.com\/?s={search_term_string}\"},\"query-input\":{\"@type\":\"PropertyValueSpecification\",\"valueRequired\":true,\"valueName\":\"search_term_string\"}}],\"inLanguage\":\"de\"},{\"@type\":\"Organization\",\"@id\":\"https:\/\/casinoreturn.com\/#organization\",\"name\":\"casinoreturn\",\"url\":\"https:\/\/casinoreturn.com\/\",\"logo\":{\"@type\":\"ImageObject\",\"inLanguage\":\"de\",\"@id\":\"https:\/\/casinoreturn.com\/#\/schema\/logo\/image\/\",\"url\":\"https:\/\/casinoreturn.com\/wp-content\/uploads\/2024\/09\/animal-favicon.png\",\"contentUrl\":\"https:\/\/casinoreturn.com\/wp-content\/uploads\/2024\/09\/animal-favicon.png\",\"width\":92,\"height\":92,\"caption\":\"casinoreturn\"},\"image\":{\"@id\":\"https:\/\/casinoreturn.com\/#\/schema\/logo\/image\/\"}}]}<\/script>\n<!-- \/ Yoast SEO plugin. -->","yoast_head_json":{"title":"Casino-Lizenzen - casinoreturn","description":"Casinolizenzen k\u00f6nnen Ihre Entscheidung, sich zu registrieren und Online Casino zu spielen, beeinflussen. Hier sind einige Casino-Lizenzen und Casinos.","robots":{"index":"index","follow":"follow","max-snippet":"max-snippet:-1","max-image-preview":"max-image-preview:large","max-video-preview":"max-video-preview:-1"},"canonical":"https:\/\/casinoreturn.com\/de\/casino-lizenzen\/","og_locale":"de_DE","og_type":"article","og_title":"Casino-Lizenzen - casinoreturn","og_description":"Casinolizenzen k\u00f6nnen Ihre Entscheidung, sich zu registrieren und Online Casino zu spielen, beeinflussen. Hier sind einige Casino-Lizenzen und Casinos.","og_url":"https:\/\/casinoreturn.com\/de\/casino-lizenzen\/","og_site_name":"casinoreturn","article_modified_time":"2024-12-02T12:13:37+00:00","og_image":[{"width":1200,"height":630,"url":"https:\/\/casinoreturn.com\/wp-content\/uploads\/2024\/12\/Online-Casino-Licences.png","type":"image\/png"}],"twitter_card":"summary_large_image","twitter_misc":{"Gesch\u00e4tzte Lesezeit":"3\u00a0Minuten"},"schema":{"@context":"https:\/\/schema.org","@graph":[{"@type":"WebPage","@id":"https:\/\/casinoreturn.com\/de\/casino-lizenzen\/","url":"https:\/\/casinoreturn.com\/de\/casino-lizenzen\/","name":"Casino-Lizenzen - casinoreturn","isPartOf":{"@id":"https:\/\/casinoreturn.com\/#website"},"primaryImageOfPage":{"@id":"https:\/\/casinoreturn.com\/de\/casino-lizenzen\/#primaryimage"},"image":{"@id":"https:\/\/casinoreturn.com\/de\/casino-lizenzen\/#primaryimage"},"thumbnailUrl":"https:\/\/casinoreturn.com\/wp-content\/uploads\/2024\/12\/Online-Casino-Licences-1024x538.png","datePublished":"2024-11-11T14:01:17+00:00","dateModified":"2024-12-02T12:13:37+00:00","description":"Casinolizenzen k\u00f6nnen Ihre Entscheidung, sich zu registrieren und Online Casino zu spielen, beeinflussen. Hier sind einige Casino-Lizenzen und Casinos.","breadcrumb":{"@id":"https:\/\/casinoreturn.com\/de\/casino-lizenzen\/#breadcrumb"},"inLanguage":"de","potentialAction":[{"@type":"ReadAction","target":["https:\/\/casinoreturn.com\/de\/casino-lizenzen\/"]}]},{"@type":"ImageObject","inLanguage":"de","@id":"https:\/\/casinoreturn.com\/de\/casino-lizenzen\/#primaryimage","url":"https:\/\/casinoreturn.com\/wp-content\/uploads\/2024\/12\/Online-Casino-Licences-1024x538.png","contentUrl":"https:\/\/casinoreturn.com\/wp-content\/uploads\/2024\/12\/Online-Casino-Licences-1024x538.png"},{"@type":"BreadcrumbList","@id":"https:\/\/casinoreturn.com\/de\/casino-lizenzen\/#breadcrumb","itemListElement":[{"@type":"ListItem","position":1,"name":"Home","item":"https:\/\/casinoreturn.com\/de\/heim\/"},{"@type":"ListItem","position":2,"name":"Casino-Lizenzen"}]},{"@type":"WebSite","@id":"https:\/\/casinoreturn.com\/#website","url":"https:\/\/casinoreturn.com\/","name":"casinoreturn","description":"","publisher":{"@id":"https:\/\/casinoreturn.com\/#organization"},"potentialAction":[{"@type":"SearchAction","target":{"@type":"EntryPoint","urlTemplate":"https:\/\/casinoreturn.com\/?s={search_term_string}"},"query-input":{"@type":"PropertyValueSpecification","valueRequired":true,"valueName":"search_term_string"}}],"inLanguage":"de"},{"@type":"Organization","@id":"https:\/\/casinoreturn.com\/#organization","name":"casinoreturn","url":"https:\/\/casinoreturn.com\/","logo":{"@type":"ImageObject","inLanguage":"de","@id":"https:\/\/casinoreturn.com\/#\/schema\/logo\/image\/","url":"https:\/\/casinoreturn.com\/wp-content\/uploads\/2024\/09\/animal-favicon.png","contentUrl":"https:\/\/casinoreturn.com\/wp-content\/uploads\/2024\/09\/animal-favicon.png","width":92,"height":92,"caption":"casinoreturn"},"image":{"@id":"https:\/\/casinoreturn.com\/#\/schema\/logo\/image\/"}}]}},"_links":{"self":[{"href":"https:\/\/casinoreturn.com\/de\/wp-json\/wp\/v2\/pages\/4510","targetHints":{"allow":["GET"]}}],"collection":[{"href":"https:\/\/casinoreturn.com\/de\/wp-json\/wp\/v2\/pages"}],"about":[{"href":"https:\/\/casinoreturn.com\/de\/wp-json\/wp\/v2\/types\/page"}],"author":[{"embeddable":true,"href":"https:\/\/casinoreturn.com\/de\/wp-json\/wp\/v2\/users\/1"}],"replies":[{"embeddable":true,"href":"https:\/\/casinoreturn.com\/de\/wp-json\/wp\/v2\/comments?post=4510"}],"version-history":[{"count":1,"href":"https:\/\/casinoreturn.com\/de\/wp-json\/wp\/v2\/pages\/4510\/revisions"}],"predecessor-version":[{"id":4511,"href":"https:\/\/casinoreturn.com\/de\/wp-json\/wp\/v2\/pages\/4510\/revisions\/4511"}],"wp:attachment":[{"href":"https:\/\/casinoreturn.com\/de\/wp-json\/wp\/v2\/media?parent=4510"}],"curies":[{"name":"wp","href":"https:\/\/api.w.org\/{rel}","templated":true}]}}