{"id":4553,"date":"2024-11-02T10:47:02","date_gmt":"2024-11-02T10:47:02","guid":{"rendered":"https:\/\/casinoreturn.com\/casino-influencer\/"},"modified":"2025-03-12T10:58:39","modified_gmt":"2025-03-12T10:58:39","slug":"casino-influencer","status":"publish","type":"page","link":"https:\/\/casinoreturn.com\/de\/casino-influencer\/","title":{"rendered":"Casino Influencer"},"content":{"rendered":"\t\t<div data-elementor-type=\"wp-page\" data-elementor-id=\"4553\" class=\"elementor elementor-4553\" data-elementor-post-type=\"page\">\n\t\t\t\t<div class=\"elementor-element elementor-element-55b8a04 e-flex e-con-boxed e-con e-parent\" data-id=\"55b8a04\" data-element_type=\"container\">\n\t\t\t\t\t<div class=\"e-con-inner\">\n\t\t\t\t<div class=\"elementor-element elementor-element-56141af elementor-widget elementor-widget-text-editor\" data-id=\"56141af\" data-element_type=\"widget\" data-widget_type=\"text-editor.default\">\n\t\t\t\t<div class=\"elementor-widget-container\">\n\t\t\t\t\t\t\t\t\t<h3>Casino Influencer, die soziale Medien nutzen, erleben einen starken Aufschwung &#8211; ein Punkt, der von vielen Betreibern oft \u00fcbersehen wird.  <\/h3>\n\t\t\t\t\t\t\t\t<\/div>\n\t\t\t\t<\/div>\n\t\t\t\t\t<\/div>\n\t\t\t\t<\/div>\n\t\t<div class=\"elementor-element elementor-element-fbf2875 e-flex e-con-boxed e-con e-parent\" data-id=\"fbf2875\" data-element_type=\"container\">\n\t\t\t\t\t<div class=\"e-con-inner\">\n\t\t\t\t<div class=\"elementor-element elementor-element-c338f23 elementor-widget elementor-widget-text-editor\" data-id=\"c338f23\" data-element_type=\"widget\" data-widget_type=\"text-editor.default\">\n\t\t\t\t<div class=\"elementor-widget-container\">\n\t\t\t\t\t\t\t\t\t<p>In todays world of everchanging trends one group has become undeniably a driving force within the Online gambling industry. We are talking about the stellar rise of social online casino influencers. What role are they playing within the players community? What are the advantages of influencers in Gaming? And many other interesting facts we would like to present to you, the end consumer. Click <strong>HERE<\/strong> to engage with our streamer of the month and read our Casino return streamer review.      <\/p>\n\t\t\t\t\t\t\t\t<\/div>\n\t\t\t\t<\/div>\n\t\t\t\t\t<\/div>\n\t\t\t\t<\/div>\n\t\t<div class=\"elementor-element elementor-element-f3bb186 e-flex e-con-boxed e-con e-parent\" data-id=\"f3bb186\" data-element_type=\"container\">\n\t\t\t\t\t<div class=\"e-con-inner\">\n\t\t\t\t<div class=\"elementor-element elementor-element-0c927c6 elementor-widget elementor-widget-heading\" data-id=\"0c927c6\" data-element_type=\"widget\" data-widget_type=\"heading.default\">\n\t\t\t\t<div class=\"elementor-widget-container\">\n\t\t\t\t\t<h4 class=\"elementor-heading-title elementor-size-default\">Einflussnehmer beim Gl\u00fccksspiel<\/h4>\t\t\t\t<\/div>\n\t\t\t\t<\/div>\n\t\t\t\t\t<\/div>\n\t\t\t\t<\/div>\n\t\t<div class=\"elementor-element elementor-element-a4caf4b e-flex e-con-boxed e-con e-parent\" data-id=\"a4caf4b\" data-element_type=\"container\">\n\t\t\t\t\t<div class=\"e-con-inner\">\n\t\t\t\t<div class=\"elementor-element elementor-element-9bb9446 elementor-widget elementor-widget-text-editor\" data-id=\"9bb9446\" data-element_type=\"widget\" data-widget_type=\"text-editor.default\">\n\t\t\t\t<div class=\"elementor-widget-container\">\n\t\t\t\t\t\t\t\t\t<p>Since the meteoric rise of social media platforms a group of people have adapted and have moved away from fashion, sport and food to Online gambling. <a href=\"https:\/\/casinoreturn.com\/de\/online-casino-einflussnehmer\/\">Influencers<\/a> in marketing are nothing new and previously were often sports Icons or musicians promoting their products publicly. But times have moved on and since most of us are in possession of mobile phones and internet, a significantly higher number of influencers have stepped up their game into promoting online gambling products. This sort of endorsement of a brand has opened the door for the good, the bad and the ugly, in other words, influencer in todays time have to take their part in responsible gaming too. Therefore lets have a look at some of the advantages of influencers in gambling and maybe some challenges and often concerns we can discuss.    <\/p>\n\t\t\t\t\t\t\t\t<\/div>\n\t\t\t\t<\/div>\n\t\t\t\t\t<\/div>\n\t\t\t\t<\/div>\n\t\t<div class=\"elementor-element elementor-element-f340639 e-flex e-con-boxed e-con e-parent\" data-id=\"f340639\" data-element_type=\"container\">\n\t\t\t\t\t<div class=\"e-con-inner\">\n\t\t\t\t<div class=\"elementor-element elementor-element-42ea645 elementor-widget elementor-widget-heading\" data-id=\"42ea645\" data-element_type=\"widget\" data-widget_type=\"heading.default\">\n\t\t\t\t<div class=\"elementor-widget-container\">\n\t\t\t\t\t<h4 class=\"elementor-heading-title elementor-size-default\">Vorteile von Influencern beim Gl\u00fccksspiel<\/h4>\t\t\t\t<\/div>\n\t\t\t\t<\/div>\n\t\t\t\t\t<\/div>\n\t\t\t\t<\/div>\n\t\t<div class=\"elementor-element elementor-element-a89ec35 e-flex e-con-boxed e-con e-parent\" data-id=\"a89ec35\" data-element_type=\"container\">\n\t\t\t\t\t<div class=\"e-con-inner\">\n\t\t\t\t<div class=\"elementor-element elementor-element-8ec5cde elementor-widget elementor-widget-text-editor\" data-id=\"8ec5cde\" data-element_type=\"widget\" data-widget_type=\"text-editor.default\">\n\t\t\t\t<div class=\"elementor-widget-container\">\n\t\t\t\t\t\t\t\t\t<p>Die folgenden Vorteile machen Influencer im Allgemeinen zu einem hervorragenden Vermarkter:  <\/p>\n<ul>\n<li><strong>Influencer erh\u00f6hen den Bekanntheitsgrad der Marke.<\/strong>  Ihre Rolle bei der F\u00f6rderung einer guten Marke ist besonders wichtig, da Follower aufgrund von Empfehlungen Vertrauen aufbauen und eher bereit sind, sich mit der Marke zu besch\u00e4ftigen.  <\/li>\n<li><strong>Fachwissen und Erfahrung<\/strong> sind zwei wichtige Punkte. Influencer sind in der Regel besser \u00fcber eine Marke oder ein Produkt informiert. Der Aufbau von Glaubw\u00fcrdigkeit und Vertrauen wird mehr Follower dazu bewegen, eine beworbene Marke oder ein Produkt zu testen. Ein Beispiel: Eine ber\u00fchmte Sportpers\u00f6nlichkeit bewirbt auf ihrem Kanal eine neue Serie von Sportschuhen. Mit dem Ergebnis, dass die Verk\u00e4ufe dieser Schuhe aufgrund von Empfehlungen und der Ikone, die die gleichen Schuhe tr\u00e4gt, in die H\u00f6he schnellen. Influencer sind Vorbilder und ihre Follower k\u00f6nnen sich mit ihnen identifizieren oder ein Statement abgeben, indem sie die gleiche Marke tragen.       <\/li>\n<li><strong>Engagement und die Macht der Identifikation<\/strong>. Influencer sind oft selbst Profis auf ihrem Gebiet oder haben ein h\u00f6heres Ma\u00df an Fachwissen gesammelt und gezeigt. Zur Veranschaulichung dieses Punktes lassen Sie uns einen Blick auf Influencer aus den Bereichen Sport, Poker und Fu\u00dfball werfen. Ein Basketballstar wirbt f\u00fcr eine bestimmte Marke und ist damit einer der ersten Sportler, der 500 Millionen an Verkaufsprovisionen verdient. Pokerspieler werden nach Las Vegas eingeladen und der Aufwand, um diese Top-Pokerspieler zu gewinnen, ist atemberaubend. Ein ber\u00fchmter britischer Fu\u00dfballspieler hat seine Frisur ge\u00e4ndert und das hat dazu gef\u00fchrt, dass auch junge M\u00e4nner zum Friseur gehen, um sich mit ihm zu identifizieren.       <\/li>\n<\/ul>\n\t\t\t\t\t\t\t\t<\/div>\n\t\t\t\t<\/div>\n\t\t\t\t\t<\/div>\n\t\t\t\t<\/div>\n\t\t<div class=\"elementor-element elementor-element-49db073 e-flex e-con-boxed e-con e-parent\" data-id=\"49db073\" data-element_type=\"container\">\n\t\t\t\t\t<div class=\"e-con-inner\">\n\t\t\t\t<div class=\"elementor-element elementor-element-95ecd9c elementor-widget elementor-widget-heading\" data-id=\"95ecd9c\" data-element_type=\"widget\" data-widget_type=\"heading.default\">\n\t\t\t\t<div class=\"elementor-widget-container\">\n\t\t\t\t\t<h4 class=\"elementor-heading-title elementor-size-default\">Herausforderungen und Verantwortlichkeiten<\/h4>\t\t\t\t<\/div>\n\t\t\t\t<\/div>\n\t\t\t\t\t<\/div>\n\t\t\t\t<\/div>\n\t\t<div class=\"elementor-element elementor-element-d90b400 e-flex e-con-boxed e-con e-parent\" data-id=\"d90b400\" data-element_type=\"container\">\n\t\t\t\t\t<div class=\"e-con-inner\">\n\t\t\t\t<div class=\"elementor-element elementor-element-40c1321 elementor-widget elementor-widget-text-editor\" data-id=\"40c1321\" data-element_type=\"widget\" data-widget_type=\"text-editor.default\">\n\t\t\t\t<div class=\"elementor-widget-container\">\n\t\t\t\t\t\t\t\t\t<p>Casino-Marketing und Online-Casino-Plattformen werden reguliert und es \u00fcberrascht nicht, dass eine gr\u00f6\u00dfere Anzahl nicht reguliert wird. Welche Herausforderungen stehen f\u00fcr Casino-Influencer und Casino-Betreiber an? Die Herausforderungen, die vor uns liegen, k\u00f6nnen unterschiedlich sein, um nur einige zu nennen:  <\/p>\n\t\t\t\t\t\t\t\t<\/div>\n\t\t\t\t<\/div>\n\t\t\t\t\t<\/div>\n\t\t\t\t<\/div>\n\t\t<div class=\"elementor-element elementor-element-836bdc3 e-flex e-con-boxed e-con e-parent\" data-id=\"836bdc3\" data-element_type=\"container\">\n\t\t\t\t\t<div class=\"e-con-inner\">\n\t\t\t\t<div class=\"elementor-element elementor-element-5ecded3 elementor-widget elementor-widget-text-editor\" data-id=\"5ecded3\" data-element_type=\"widget\" data-widget_type=\"text-editor.default\">\n\t\t\t\t<div class=\"elementor-widget-container\">\n\t\t\t\t\t\t\t\t\t<ul>\n<li><strong>Promoting online gambling in public is often a red flag<\/strong> for some regulators and some countries such as Germany, Spain, Holland, parts of the US and GB have taken effective steps to know the enemy within. But time has shown, rather then to ban and throw a blanket of regulations over the players, its often more useful to engage with operators, to open a dialogue with honest intention to create a safer Gambling environment. Better the devil you know.   <\/li>\n<\/ul>\n\t\t\t\t\t\t\t\t<\/div>\n\t\t\t\t<\/div>\n\t\t\t\t\t<\/div>\n\t\t\t\t<\/div>\n\t\t<div class=\"elementor-element elementor-element-91b3109 e-flex e-con-boxed e-con e-parent\" data-id=\"91b3109\" data-element_type=\"container\">\n\t\t\t\t\t<div class=\"e-con-inner\">\n\t\t\t\t<div class=\"elementor-element elementor-element-3a1d9be elementor-widget elementor-widget-text-editor\" data-id=\"3a1d9be\" data-element_type=\"widget\" data-widget_type=\"text-editor.default\">\n\t\t\t\t<div class=\"elementor-widget-container\">\n\t\t\t\t\t\t\t\t\t<ul>\n<li><strong>Auch Influencer haben eine Verantwortung<\/strong>, ihre Follower und die Community vor der Zusammenarbeit mit Markenpartnern zu sch\u00fctzen, die nicht bereit sind, verantwortungsvolles Gl\u00fccksspiel zu unterst\u00fctzen und Marktstandards zu befolgen.  <\/li>\n<\/ul>\n\t\t\t\t\t\t\t\t<\/div>\n\t\t\t\t<\/div>\n\t\t\t\t\t<\/div>\n\t\t\t\t<\/div>\n\t\t<div class=\"elementor-element elementor-element-8138a19 e-flex e-con-boxed e-con e-parent\" data-id=\"8138a19\" data-element_type=\"container\">\n\t\t\t\t\t<div class=\"e-con-inner\">\n\t\t\t\t<div class=\"elementor-element elementor-element-f004e45 elementor-widget elementor-widget-heading\" data-id=\"f004e45\" data-element_type=\"widget\" data-widget_type=\"heading.default\">\n\t\t\t\t<div class=\"elementor-widget-container\">\n\t\t\t\t\t<h5 class=\"elementor-heading-title elementor-size-default\">Was erwartet die Influencer im Online Casino?<\/h5>\t\t\t\t<\/div>\n\t\t\t\t<\/div>\n\t\t\t\t\t<\/div>\n\t\t\t\t<\/div>\n\t\t<div class=\"elementor-element elementor-element-e26ded2 e-flex e-con-boxed e-con e-parent\" data-id=\"e26ded2\" data-element_type=\"container\">\n\t\t\t\t\t<div class=\"e-con-inner\">\n\t\t\t\t<div class=\"elementor-element elementor-element-83be952 elementor-widget elementor-widget-text-editor\" data-id=\"83be952\" data-element_type=\"widget\" data-widget_type=\"text-editor.default\">\n\t\t\t\t<div class=\"elementor-widget-container\">\n\t\t\t\t\t\t\t\t\t<p>Die Zukunft der sozialen Medien ist schnell und bunt. Es ist zu erwarten, dass fr\u00fcher oder sp\u00e4ter eine gro\u00dfe Anzahl von Influencern einfach verschwinden wird, weil die Zahl derer, die versuchen, etwas zu bewirken, \u00fcberw\u00e4ltigend ist. Das Wichtigste ist, dass die Spieler durch verantwortungsbewusste Spielpraktiken gesch\u00fctzt werden und dass ethisch korrekte Influencer ihre wichtige Rolle in der Gesellschaft ernst nehmen. In Anbetracht der obigen Ausf\u00fchrungen glauben wir, dass die Zukunft rosig ist, wenn alle Aspekte ber\u00fccksichtigt werden.     <\/p>\n\t\t\t\t\t\t\t\t<\/div>\n\t\t\t\t<\/div>\n\t\t\t\t\t<\/div>\n\t\t\t\t<\/div>\n\t\t\t\t<\/div>\n\t\t","protected":false},"excerpt":{"rendered":"<p>Casino Influencer, die soziale Medien nutzen, erleben einen starken Aufschwung &#8211; ein Punkt, der von vielen Betreibern oft \u00fcbersehen wird. In todays world of everchanging trends one group has become undeniably a driving force within the Online gambling industry. We are talking about the stellar rise of social online casino influencers. What role are they [&hellip;]<\/p>\n","protected":false},"author":1,"featured_media":0,"parent":0,"menu_order":0,"comment_status":"closed","ping_status":"closed","template":"","meta":{"footnotes":""},"class_list":["post-4553","page","type-page","status-publish","hentry"],"blocksy_meta":[],"acf":[],"yoast_head":"<!-- This site is optimized with the Yoast SEO plugin v24.1 - https:\/\/yoast.com\/wordpress\/plugins\/seo\/ -->\n<title>Casino Influencer - casinoreturn<\/title>\n<meta name=\"description\" content=\"Casino Influencer haben einen gro\u00dfen Sprung aus den sozialen Medien gemacht, um bei Online Casino anzukommen. Folgen Sie uns hier und sehen Sie das Who&#039;s Who und die Neuigkeiten auf Twitch\" \/>\n<meta name=\"robots\" content=\"index, follow, max-snippet:-1, max-image-preview:large, max-video-preview:-1\" \/>\n<link rel=\"canonical\" href=\"https:\/\/casinoreturn.com\/de\/casino-influencer\/\" \/>\n<meta property=\"og:locale\" content=\"de_DE\" \/>\n<meta property=\"og:type\" content=\"article\" \/>\n<meta property=\"og:title\" content=\"Casino Influencer - casinoreturn\" \/>\n<meta property=\"og:description\" content=\"Casino Influencer haben einen gro\u00dfen Sprung aus den sozialen Medien gemacht, um bei Online Casino anzukommen. Folgen Sie uns hier und sehen Sie das Who&#039;s Who und die Neuigkeiten auf Twitch\" \/>\n<meta property=\"og:url\" content=\"https:\/\/casinoreturn.com\/de\/casino-influencer\/\" \/>\n<meta property=\"og:site_name\" content=\"casinoreturn\" \/>\n<meta property=\"article:modified_time\" content=\"2025-03-12T10:58:39+00:00\" \/>\n<meta name=\"twitter:card\" content=\"summary_large_image\" \/>\n<meta name=\"twitter:label1\" content=\"Gesch\u00e4tzte Lesezeit\" \/>\n\t<meta name=\"twitter:data1\" content=\"4\u00a0Minuten\" \/>\n<script type=\"application\/ld+json\" class=\"yoast-schema-graph\">{\"@context\":\"https:\/\/schema.org\",\"@graph\":[{\"@type\":\"WebPage\",\"@id\":\"https:\/\/casinoreturn.com\/de\/casino-influencer\/\",\"url\":\"https:\/\/casinoreturn.com\/de\/casino-influencer\/\",\"name\":\"Casino Influencer - casinoreturn\",\"isPartOf\":{\"@id\":\"https:\/\/casinoreturn.com\/#website\"},\"datePublished\":\"2024-11-02T10:47:02+00:00\",\"dateModified\":\"2025-03-12T10:58:39+00:00\",\"description\":\"Casino Influencer haben einen gro\u00dfen Sprung aus den sozialen Medien gemacht, um bei Online Casino anzukommen. Folgen Sie uns hier und sehen Sie das Who's Who und die Neuigkeiten auf Twitch\",\"breadcrumb\":{\"@id\":\"https:\/\/casinoreturn.com\/de\/casino-influencer\/#breadcrumb\"},\"inLanguage\":\"de\",\"potentialAction\":[{\"@type\":\"ReadAction\",\"target\":[\"https:\/\/casinoreturn.com\/de\/casino-influencer\/\"]}]},{\"@type\":\"BreadcrumbList\",\"@id\":\"https:\/\/casinoreturn.com\/de\/casino-influencer\/#breadcrumb\",\"itemListElement\":[{\"@type\":\"ListItem\",\"position\":1,\"name\":\"Home\",\"item\":\"https:\/\/casinoreturn.com\/de\/heim\/\"},{\"@type\":\"ListItem\",\"position\":2,\"name\":\"Casino Influencer\"}]},{\"@type\":\"WebSite\",\"@id\":\"https:\/\/casinoreturn.com\/#website\",\"url\":\"https:\/\/casinoreturn.com\/\",\"name\":\"casinoreturn\",\"description\":\"\",\"publisher\":{\"@id\":\"https:\/\/casinoreturn.com\/#organization\"},\"potentialAction\":[{\"@type\":\"SearchAction\",\"target\":{\"@type\":\"EntryPoint\",\"urlTemplate\":\"https:\/\/casinoreturn.com\/?s={search_term_string}\"},\"query-input\":{\"@type\":\"PropertyValueSpecification\",\"valueRequired\":true,\"valueName\":\"search_term_string\"}}],\"inLanguage\":\"de\"},{\"@type\":\"Organization\",\"@id\":\"https:\/\/casinoreturn.com\/#organization\",\"name\":\"casinoreturn\",\"url\":\"https:\/\/casinoreturn.com\/\",\"logo\":{\"@type\":\"ImageObject\",\"inLanguage\":\"de\",\"@id\":\"https:\/\/casinoreturn.com\/#\/schema\/logo\/image\/\",\"url\":\"https:\/\/casinoreturn.com\/wp-content\/uploads\/2024\/09\/animal-favicon.png\",\"contentUrl\":\"https:\/\/casinoreturn.com\/wp-content\/uploads\/2024\/09\/animal-favicon.png\",\"width\":92,\"height\":92,\"caption\":\"casinoreturn\"},\"image\":{\"@id\":\"https:\/\/casinoreturn.com\/#\/schema\/logo\/image\/\"}}]}<\/script>\n<!-- \/ Yoast SEO plugin. -->","yoast_head_json":{"title":"Casino Influencer - casinoreturn","description":"Casino Influencer haben einen gro\u00dfen Sprung aus den sozialen Medien gemacht, um bei Online Casino anzukommen. Folgen Sie uns hier und sehen Sie das Who's Who und die Neuigkeiten auf Twitch","robots":{"index":"index","follow":"follow","max-snippet":"max-snippet:-1","max-image-preview":"max-image-preview:large","max-video-preview":"max-video-preview:-1"},"canonical":"https:\/\/casinoreturn.com\/de\/casino-influencer\/","og_locale":"de_DE","og_type":"article","og_title":"Casino Influencer - casinoreturn","og_description":"Casino Influencer haben einen gro\u00dfen Sprung aus den sozialen Medien gemacht, um bei Online Casino anzukommen. Folgen Sie uns hier und sehen Sie das Who's Who und die Neuigkeiten auf Twitch","og_url":"https:\/\/casinoreturn.com\/de\/casino-influencer\/","og_site_name":"casinoreturn","article_modified_time":"2025-03-12T10:58:39+00:00","twitter_card":"summary_large_image","twitter_misc":{"Gesch\u00e4tzte Lesezeit":"4\u00a0Minuten"},"schema":{"@context":"https:\/\/schema.org","@graph":[{"@type":"WebPage","@id":"https:\/\/casinoreturn.com\/de\/casino-influencer\/","url":"https:\/\/casinoreturn.com\/de\/casino-influencer\/","name":"Casino Influencer - casinoreturn","isPartOf":{"@id":"https:\/\/casinoreturn.com\/#website"},"datePublished":"2024-11-02T10:47:02+00:00","dateModified":"2025-03-12T10:58:39+00:00","description":"Casino Influencer haben einen gro\u00dfen Sprung aus den sozialen Medien gemacht, um bei Online Casino anzukommen. Folgen Sie uns hier und sehen Sie das Who's Who und die Neuigkeiten auf Twitch","breadcrumb":{"@id":"https:\/\/casinoreturn.com\/de\/casino-influencer\/#breadcrumb"},"inLanguage":"de","potentialAction":[{"@type":"ReadAction","target":["https:\/\/casinoreturn.com\/de\/casino-influencer\/"]}]},{"@type":"BreadcrumbList","@id":"https:\/\/casinoreturn.com\/de\/casino-influencer\/#breadcrumb","itemListElement":[{"@type":"ListItem","position":1,"name":"Home","item":"https:\/\/casinoreturn.com\/de\/heim\/"},{"@type":"ListItem","position":2,"name":"Casino Influencer"}]},{"@type":"WebSite","@id":"https:\/\/casinoreturn.com\/#website","url":"https:\/\/casinoreturn.com\/","name":"casinoreturn","description":"","publisher":{"@id":"https:\/\/casinoreturn.com\/#organization"},"potentialAction":[{"@type":"SearchAction","target":{"@type":"EntryPoint","urlTemplate":"https:\/\/casinoreturn.com\/?s={search_term_string}"},"query-input":{"@type":"PropertyValueSpecification","valueRequired":true,"valueName":"search_term_string"}}],"inLanguage":"de"},{"@type":"Organization","@id":"https:\/\/casinoreturn.com\/#organization","name":"casinoreturn","url":"https:\/\/casinoreturn.com\/","logo":{"@type":"ImageObject","inLanguage":"de","@id":"https:\/\/casinoreturn.com\/#\/schema\/logo\/image\/","url":"https:\/\/casinoreturn.com\/wp-content\/uploads\/2024\/09\/animal-favicon.png","contentUrl":"https:\/\/casinoreturn.com\/wp-content\/uploads\/2024\/09\/animal-favicon.png","width":92,"height":92,"caption":"casinoreturn"},"image":{"@id":"https:\/\/casinoreturn.com\/#\/schema\/logo\/image\/"}}]}},"_links":{"self":[{"href":"https:\/\/casinoreturn.com\/de\/wp-json\/wp\/v2\/pages\/4553","targetHints":{"allow":["GET"]}}],"collection":[{"href":"https:\/\/casinoreturn.com\/de\/wp-json\/wp\/v2\/pages"}],"about":[{"href":"https:\/\/casinoreturn.com\/de\/wp-json\/wp\/v2\/types\/page"}],"author":[{"embeddable":true,"href":"https:\/\/casinoreturn.com\/de\/wp-json\/wp\/v2\/users\/1"}],"replies":[{"embeddable":true,"href":"https:\/\/casinoreturn.com\/de\/wp-json\/wp\/v2\/comments?post=4553"}],"version-history":[{"count":2,"href":"https:\/\/casinoreturn.com\/de\/wp-json\/wp\/v2\/pages\/4553\/revisions"}],"predecessor-version":[{"id":11010,"href":"https:\/\/casinoreturn.com\/de\/wp-json\/wp\/v2\/pages\/4553\/revisions\/11010"}],"wp:attachment":[{"href":"https:\/\/casinoreturn.com\/de\/wp-json\/wp\/v2\/media?parent=4553"}],"curies":[{"name":"wp","href":"https:\/\/api.w.org\/{rel}","templated":true}]}}