{"id":4575,"date":"2024-11-13T01:13:25","date_gmt":"2024-11-13T01:13:25","guid":{"rendered":"https:\/\/casinoreturn.com\/cash-noire-slot-spiel\/"},"modified":"2024-12-02T13:58:18","modified_gmt":"2024-12-02T13:58:18","slug":"cash-noire-slot-spiel","status":"publish","type":"page","link":"https:\/\/casinoreturn.com\/de\/cash-noire-slot-spiel\/","title":{"rendered":"Cash Noire Slot Spiel"},"content":{"rendered":"\t\t<div data-elementor-type=\"wp-page\" data-elementor-id=\"4575\" class=\"elementor elementor-4575\" data-elementor-post-type=\"page\">\n\t\t\t\t<div class=\"elementor-element elementor-element-1d0a071 e-con-full e-flex e-con e-parent\" data-id=\"1d0a071\" data-element_type=\"container\">\n\t\t\t\t<div class=\"elementor-element elementor-element-d98a0e7 elementor-widget elementor-widget-heading\" data-id=\"d98a0e7\" data-element_type=\"widget\" data-widget_type=\"heading.default\">\n\t\t\t\t<div class=\"elementor-widget-container\">\n\t\t\t\t\t<h3 class=\"elementor-heading-title elementor-size-default\">Was m\u00fcssen Sie \u00fcber Cash Noire wissen?<\/h3>\t\t\t\t<\/div>\n\t\t\t\t<\/div>\n\t\t\t\t<\/div>\n\t\t<div class=\"elementor-element elementor-element-ece14c5 e-con-full e-flex e-con e-parent\" data-id=\"ece14c5\" data-element_type=\"container\">\n\t\t\t\t<div class=\"elementor-element elementor-element-927ac14 elementor-widget elementor-widget-text-editor\" data-id=\"927ac14\" data-element_type=\"widget\" data-widget_type=\"text-editor.default\">\n\t\t\t\t<div class=\"elementor-widget-container\">\n\t\t\t\t\t\t\t\t\t<p>Cash-Noire Slot Game ist ein innovativer Spielautomat der Spitzenklasse und \u00fcberzeugt Spieler und Gamer mit seinen Online-Slots. Der Spielautomat wurde vom seri\u00f6sen und renommierten Softwareentwickler NetEnt hergestellt und gilt daher als h\u00f6chste Qualit\u00e4t. M\u00f6chten Sie wissen, worum es bei dem Spielautomaten geht? Das Spiel \u00fcberzeugt durch seine mystische Natur, es dreht sich um einen ungekl\u00e4rten Mord. Die dunklen Nuancen im Design verleihen dem ganzen Spiel einen besonders dunklen, charakteristischen Touch. Als Spieler befinden sie sich in San Cayetano und schlie\u00dfen sich ihrem Spielkameraden an,     <\/p>\n\t\t\t\t\t\t\t\t<\/div>\n\t\t\t\t<\/div>\n\t\t\t\t<\/div>\n\t\t<div class=\"elementor-element elementor-element-a73bf5b e-con-full e-flex e-con e-parent\" data-id=\"a73bf5b\" data-element_type=\"container\">\n\t\t\t\t<div class=\"elementor-element elementor-element-ada4c5b elementor-widget elementor-widget-image\" data-id=\"ada4c5b\" data-element_type=\"widget\" data-widget_type=\"image.default\">\n\t\t\t\t<div class=\"elementor-widget-container\">\n\t\t\t\t\t\t\t\t\t\t\t\t\t\t\t<img fetchpriority=\"high\" decoding=\"async\" width=\"600\" height=\"840\" src=\"https:\/\/casinoreturn.com\/wp-content\/uploads\/2024\/11\/Cash-noire-Slot-game.jpg\" class=\"attachment-large size-large wp-image-3233\" alt=\"Cash noire Slot game\" srcset=\"https:\/\/casinoreturn.com\/wp-content\/uploads\/2024\/11\/Cash-noire-Slot-game.jpg 600w, https:\/\/casinoreturn.com\/wp-content\/uploads\/2024\/11\/Cash-noire-Slot-game-214x300.jpg 214w\" sizes=\"(max-width: 600px) 100vw, 600px\" \/>\t\t\t\t\t\t\t\t\t\t\t\t\t\t\t<\/div>\n\t\t\t\t<\/div>\n\t\t\t\t<\/div>\n\t\t<div class=\"elementor-element elementor-element-83b2661 e-con-full e-flex e-con e-parent\" data-id=\"83b2661\" data-element_type=\"container\">\n\t\t\t\t<div class=\"elementor-element elementor-element-47cf452 elementor-widget elementor-widget-heading\" data-id=\"47cf452\" data-element_type=\"widget\" data-widget_type=\"heading.default\">\n\t\t\t\t<div class=\"elementor-widget-container\">\n\t\t\t\t\t<h3 class=\"elementor-heading-title elementor-size-default\">Wer ist Detective Flint im Cash Noire Slotspiel?<\/h3>\t\t\t\t<\/div>\n\t\t\t\t<\/div>\n\t\t\t\t<\/div>\n\t\t<div class=\"elementor-element elementor-element-6e9a3d5 e-con-full e-flex e-con e-parent\" data-id=\"6e9a3d5\" data-element_type=\"container\">\n\t\t\t\t<div class=\"elementor-element elementor-element-9c661f6 elementor-widget elementor-widget-text-editor\" data-id=\"9c661f6\" data-element_type=\"widget\" data-widget_type=\"text-editor.default\">\n\t\t\t\t<div class=\"elementor-widget-container\">\n\t\t\t\t\t\t\t\t\t<p>Detektiv Flint. Gemeinsam versuchen Sie, die Verbrecher zur Strecke zu bringen, die nicht gefunden werden k\u00f6nnen. Denn er will den Schuldigen sehen, der f\u00fcr die Green-Ace-Morde verantwortlich ist. Erkunden Sie mit dem Detektiv die Stadt und machen Sie eine Pause in einer Bar. Die Bar ist so geheimnisvoll wie das Spiel, denn dort finden illegale Pokerspiele statt. Und dort treffen Sie die eine Frau&#8230; .<br \/>Sind Sie neugierig? Wollen Sie den Mord aufkl\u00e4ren? Dann bleiben Sie dran, denn wir werden Sie mit weiteren n\u00fctzlichen Informationen versorgen.         <\/p>\n\t\t\t\t\t\t\t\t<\/div>\n\t\t\t\t<\/div>\n\t\t\t\t<\/div>\n\t\t<div class=\"elementor-element elementor-element-5bb25f2 e-con-full e-flex e-con e-parent\" data-id=\"5bb25f2\" data-element_type=\"container\">\n\t\t\t\t<div class=\"elementor-element elementor-element-e08a986 elementor-widget elementor-widget-heading\" data-id=\"e08a986\" data-element_type=\"widget\" data-widget_type=\"heading.default\">\n\t\t\t\t<div class=\"elementor-widget-container\">\n\t\t\t\t\t<h3 class=\"elementor-heading-title elementor-size-default\">Cash Noire Mindestspins<\/h3>\t\t\t\t<\/div>\n\t\t\t\t<\/div>\n\t\t\t\t<\/div>\n\t\t<div class=\"elementor-element elementor-element-cd0632e e-con-full e-flex e-con e-parent\" data-id=\"cd0632e\" data-element_type=\"container\">\n\t\t\t\t<div class=\"elementor-element elementor-element-9be3876 elementor-widget elementor-widget-text-editor\" data-id=\"9be3876\" data-element_type=\"widget\" data-widget_type=\"text-editor.default\">\n\t\t\t\t<div class=\"elementor-widget-container\">\n\t\t\t\t\t\t\t\t\t<p>Inspiriert von Film Noire, \u00fcberzeugt das Spiel mit einem einzigartigen Stil. Mit \u00fcber 1024 Gewinnm\u00f6glichkeiten und f\u00fcnf Walzen bietet das Spiel viele attraktive M\u00f6glichkeiten. Sie k\u00f6nnen den Spielautomaten mit Eins\u00e4tzen ab <strong>0,20 pro<\/strong> <strong>Runde<\/strong> spielen. Ein weiterer Pluspunkt ist, dass das Spiel von vielen verschiedenen Servern unterst\u00fctzt wird. Cash Noire hat auch noch andere tolle Angebote, die das Spielerherz erfreuen. Lassen Sie sich von Freispielen, Freispielen ohne Einzahlung und Boni ohne Einzahlung \u00fcberzeugen. Holen Sie sich noch mehr Belohnungen, indem Sie das Spiel durchspielen und dem Detektiv auf seiner Reise helfen. Jede gute Tat wird belohnt!       <\/p>\n\t\t\t\t\t\t\t\t<\/div>\n\t\t\t\t<\/div>\n\t\t\t\t<\/div>\n\t\t<div class=\"elementor-element elementor-element-21d84f5 e-con-full e-flex e-con e-parent\" data-id=\"21d84f5\" data-element_type=\"container\">\n\t\t\t\t<div class=\"elementor-element elementor-element-e77fdbf elementor-widget elementor-widget-heading\" data-id=\"e77fdbf\" data-element_type=\"widget\" data-widget_type=\"heading.default\">\n\t\t\t\t<div class=\"elementor-widget-container\">\n\t\t\t\t\t<h3 class=\"elementor-heading-title elementor-size-default\">Wie spiele ich den Cash Noire Slot?<\/h3>\t\t\t\t<\/div>\n\t\t\t\t<\/div>\n\t\t\t\t<\/div>\n\t\t<div class=\"elementor-element elementor-element-8abd081 e-con-full e-flex e-con e-parent\" data-id=\"8abd081\" data-element_type=\"container\">\n\t\t\t\t<div class=\"elementor-element elementor-element-59700d3 elementor-widget elementor-widget-image\" data-id=\"59700d3\" data-element_type=\"widget\" data-widget_type=\"image.default\">\n\t\t\t\t<div class=\"elementor-widget-container\">\n\t\t\t\t\t\t\t\t\t\t\t\t\t\t\t<img decoding=\"async\" width=\"680\" height=\"280\" src=\"https:\/\/casinoreturn.com\/wp-content\/uploads\/2024\/11\/Cash-Noire-5-Reels-Spins.jpg\" class=\"attachment-large size-large wp-image-3258\" alt=\"Cash Noire 5 Reels Spins\" srcset=\"https:\/\/casinoreturn.com\/wp-content\/uploads\/2024\/11\/Cash-Noire-5-Reels-Spins.jpg 680w, https:\/\/casinoreturn.com\/wp-content\/uploads\/2024\/11\/Cash-Noire-5-Reels-Spins-300x124.jpg 300w\" sizes=\"(max-width: 680px) 100vw, 680px\" \/>\t\t\t\t\t\t\t\t\t\t\t\t\t\t\t<\/div>\n\t\t\t\t<\/div>\n\t\t\t\t<div class=\"elementor-element elementor-element-f1817fa elementor-widget elementor-widget-text-editor\" data-id=\"f1817fa\" data-element_type=\"widget\" data-widget_type=\"text-editor.default\">\n\t\t\t\t<div class=\"elementor-widget-container\">\n\t\t\t\t\t\t\t\t\t<p>Das Spiel Cash Noire ist in f\u00fcnf verschiedene Kategorien unterteilt, genauer gesagt in f\u00fcnf verschiedene Verbrechenszonen. F\u00fcr jede Gratisdrehung erhalten Sie einen Multiplikator, der bei 1x beginnt. Wenn Sie auf Karten mit speziellen Zonen landen, k\u00f6nnen Sie den Multiplikator f\u00fcr Ihre Gewinne nutzen, denn dadurch k\u00f6nnen sich Ihre Gewinne erh\u00f6hen. Sie m\u00f6chten Ihren Multiplikator erh\u00f6hen? Dann befolgen Sie diese Schritte: Wenn Sie mit dieser Karte in einer Sonderzone landen und auf einem Marker landen, k\u00f6nnen Sie den Multiplikator im Spiel zwischen 1x und 10x erh\u00f6hen. M\u00f6chten Sie mehr Freispiele? Wenn Sie mehr Freispiele wollen, setzen Sie deren Multiplikator. Wenn Sie das Gl\u00fcck auf Ihrer Seite haben, erhalten Sie eine Karte mit einem Multiplikator plus Freirunden. M\u00f6chten Sie Freispiele ohne Einzahlung? Bleiben Sie dran. Der Spielautomat Cash Noire verf\u00fcgt nicht \u00fcber ein Wild-Symbol und kann daher keinen progressiven Jackpot bieten.          <\/p>\n\t\t\t\t\t\t\t\t<\/div>\n\t\t\t\t<\/div>\n\t\t\t\t<div class=\"elementor-element elementor-element-50d6c9c elementor-widget elementor-widget-heading\" data-id=\"50d6c9c\" data-element_type=\"widget\" data-widget_type=\"heading.default\">\n\t\t\t\t<div class=\"elementor-widget-container\">\n\t\t\t\t\t<h2 class=\"elementor-heading-title elementor-size-default\">Geheimnisvolles Symbol im Cash Noire Slotspiel<\/h2>\t\t\t\t<\/div>\n\t\t\t\t<\/div>\n\t\t\t\t<div class=\"elementor-element elementor-element-6ea3519 elementor-widget elementor-widget-text-editor\" data-id=\"6ea3519\" data-element_type=\"widget\" data-widget_type=\"text-editor.default\">\n\t\t\t\t<div class=\"elementor-widget-container\">\n\t\t\t\t\t\t\t\t\t<p>Der Anbieter NetEnt ist unter den Spielen sicherlich f\u00fcr eines bekannt: viele tolle Bonusoptionen, Belohnungen wie Free No Deposit Bonus, Free Spins No Deposit und vieles mehr, von denen Sie sich \u00fcberzeugen k\u00f6nnen. Jedes Mal, wenn Sie eine so genannte Gewinnkombination bilden, l\u00f6sen Sie eine Lawine aus. Sobald dies geschieht, sind die Symbole, die ihre Kombination gebildet haben, nicht mehr auf dem Bildschirm zu sehen und werden von anderen Symbolen verdr\u00e4ngt. Haben Sie schon einmal von dem geheimnisvollen Symbol geh\u00f6rt? Wir werden es Ihnen erkl\u00e4ren. Dieses Symbol ist ein unverzichtbarer Bestandteil des Spiels. Wenn Sie bei einer Drehung keine Gewinnkombination erzielen und stattdessen auf einem R\u00e4tselsymbol landen, verwandelt es sich automatisch in ein durchschnittliches Zufallssymbol. Wenn Sie innerhalb einer Verbrechenszone landen, verdoppeln sich die Symbole und zeigen die gleichen an. Wenn Sie jedoch au\u00dferhalb dieser so genannten Verbrechenszone landen, sehen Sie ein normales Symbol. Es gibt auch eine Verbrechenszone. Wenn Sie sich in dieser Zone befinden, befinden sie sich in einer roten Zone. Diese ist voll von Hotspots und erscheint bei jeder ihrer Drehungen. Die Drehung beginnt bei drei Punkten und kann sich auf vier oder sogar f\u00fcnf erh\u00f6hen. M\u00f6chten Sie mehr Belohnungen, einen Bonus ohne Einzahlung, einen Bonus ohne Einzahlung und Freispiele ohne Einzahlung? Bleiben Sie dran, um weitere R\u00e4tsel zu l\u00f6sen, die mystischen Symbole zu entschl\u00fcsseln, viele Freispiele und Multiplikatoren zu gewinnen und so viele Belohnungen wie m\u00f6glich zu ergattern.              <\/p>\n\t\t\t\t\t\t\t\t<\/div>\n\t\t\t\t<\/div>\n\t\t\t\t<div class=\"elementor-element elementor-element-2a740a2 elementor-widget elementor-widget-heading\" data-id=\"2a740a2\" data-element_type=\"widget\" data-widget_type=\"heading.default\">\n\t\t\t\t<div class=\"elementor-widget-container\">\n\t\t\t\t\t<h3 class=\"elementor-heading-title elementor-size-default\">Cash Noire RTP - Rendite f\u00fcr den Spieler<\/h3>\t\t\t\t<\/div>\n\t\t\t\t<\/div>\n\t\t\t\t<div class=\"elementor-element elementor-element-db68b73 elementor-widget elementor-widget-text-editor\" data-id=\"db68b73\" data-element_type=\"widget\" data-widget_type=\"text-editor.default\">\n\t\t\t\t<div class=\"elementor-widget-container\">\n\t\t\t\t\t\t\t\t\t<p>Nat\u00fcrlich geh\u00f6rt zum Gewinnen im Online-Casino-Spiel auch eine geh\u00f6rige Portion Gl\u00fcck. Sie fragen sich wahrscheinlich, wie hoch die Wahrscheinlichkeit ist, einen Gewinn zu erzielen oder das Maximum zu bekommen? Diese Informationen und Fakten sind f\u00fcr Sie von besonderer Bedeutung, und deshalb m\u00f6chten wir von BestCasinoListe. Com Sie informieren m\u00f6chten.<br \/>Hier m\u00f6chten wir Ihnen die Abk\u00fcrzung RTP erkl\u00e4ren. RTP steht f\u00fcr Return to Player und bedeutet &#8222;Zur\u00fcck zum Spieler&#8220;. &#8222;Die Gewinnchancen bei einem Online-Slot werden also immer anhand des sogenannten RTP berechnet. Der RTP f\u00fcr den Spielautomaten Cash-Noire liegt bei 96. 06%. Dieser Wert liegt im Vergleich zu anderen Online-Spielautomaten leicht \u00fcber dem Durchschnitt. Sicherlich gibt es in der Online-Casino-Branche Spielautomaten, die einen viel h\u00f6heren Wert haben, aber dennoch ist auch dieser Wert sehenswert.        <\/p>\n\t\t\t\t\t\t\t\t<\/div>\n\t\t\t\t<\/div>\n\t\t\t\t<div class=\"elementor-element elementor-element-77a03b0 elementor-widget elementor-widget-heading\" data-id=\"77a03b0\" data-element_type=\"widget\" data-widget_type=\"heading.default\">\n\t\t\t\t<div class=\"elementor-widget-container\">\n\t\t\t\t\t<h2 class=\"elementor-heading-title elementor-size-default\">Zufallszahlengenerator in Cash Noire<\/h2>\t\t\t\t<\/div>\n\t\t\t\t<\/div>\n\t\t\t\t<div class=\"elementor-element elementor-element-6c337f8 elementor-widget elementor-widget-text-editor\" data-id=\"6c337f8\" data-element_type=\"widget\" data-widget_type=\"text-editor.default\">\n\t\t\t\t<div class=\"elementor-widget-container\">\n\t\t\t\t\t\t\t\t\t<p>Dann gibt es noch den so genannten RNG (Random Number Generator), was auf Deutsch bedeutet: Zufallszahlengenerator. Es ist wichtig, sich daran zu erinnern, dass ausnahmslos jeder Online Casino Slot von einem RNG gesteuert wird. Auf diese Weise werden auch Jackpots und Karten ausgeteilt.<br \/>Neue Casinos in Deutschland 2021, Casino Test Online, Book of Dead Free Spins. . und vieles mehr.     <\/p>\n\t\t\t\t\t\t\t\t<\/div>\n\t\t\t\t<\/div>\n\t\t\t\t<div class=\"elementor-element elementor-element-3c236a4 elementor-widget elementor-widget-heading\" data-id=\"3c236a4\" data-element_type=\"widget\" data-widget_type=\"heading.default\">\n\t\t\t\t<div class=\"elementor-widget-container\">\n\t\t\t\t\t<h2 class=\"elementor-heading-title elementor-size-default\">Handyfreundlicher Cash Noire Spielautomat<\/h2>\t\t\t\t<\/div>\n\t\t\t\t<\/div>\n\t\t\t\t<div class=\"elementor-element elementor-element-4d99a43 elementor-widget elementor-widget-text-editor\" data-id=\"4d99a43\" data-element_type=\"widget\" data-widget_type=\"text-editor.default\">\n\t\t\t\t<div class=\"elementor-widget-container\">\n\t\t\t\t\t\t\t\t\t<p>Sind Sie viel unterwegs? Es ist eine Tatsache, dass heutzutage fast alle Ger\u00e4te mobil sind. Sie sind immer und \u00fcberall erreichbar und k\u00f6nnen fast immer im Internet surfen. Sie sind also nicht darauf angewiesen, sich nur zu Hause zu vergn\u00fcgen, sondern k\u00f6nnen das Ganze auch von unterwegs aus erleben. Das bietet auch einen gro\u00dfen Vorteil, denn der Spielautomat Cash-Noire ist auch in der mobilen Version verf\u00fcgbar. \u00dcber die Qualit\u00e4t des Spielautomaten m\u00fcssen Sie sich keine Sorgen machen, denn der Cash Noire Slot besticht nicht nur durch sein einzigartiges Design, sondern auch durch die hochwertige Aufl\u00f6sung, selbst auf Ihrem mobilen Ger\u00e4t. Ob Handy oder Tablet, laden Sie das Spiel herunter und lassen Sie sich von der Qualit\u00e4t und dem Spa\u00df des Spiels \u00fcberzeugen.      <\/p>\n\t\t\t\t\t\t\t\t<\/div>\n\t\t\t\t<\/div>\n\t\t\t\t<\/div>\n\t\t\t\t<\/div>\n\t\t","protected":false},"excerpt":{"rendered":"<p>Was m\u00fcssen Sie \u00fcber Cash Noire wissen? Cash-Noire Slot Game ist ein innovativer Spielautomat der Spitzenklasse und \u00fcberzeugt Spieler und Gamer mit seinen Online-Slots. Der Spielautomat wurde vom seri\u00f6sen und renommierten Softwareentwickler NetEnt hergestellt und gilt daher als h\u00f6chste Qualit\u00e4t. M\u00f6chten Sie wissen, worum es bei dem Spielautomaten geht? Das Spiel \u00fcberzeugt durch seine mystische [&hellip;]<\/p>\n","protected":false},"author":1,"featured_media":0,"parent":0,"menu_order":0,"comment_status":"closed","ping_status":"closed","template":"","meta":{"footnotes":""},"class_list":["post-4575","page","type-page","status-publish","hentry"],"blocksy_meta":[],"acf":[],"yoast_head":"<!-- This site is optimized with the Yoast SEO plugin v24.1 - https:\/\/yoast.com\/wordpress\/plugins\/seo\/ -->\n<title>Cash Noire Slot Spiel - casinoreturn<\/title>\n<meta name=\"description\" content=\"Cash Noire ist einer der bekannteren Online-Casino-Spielautomaten von NetEnt. Erfahren Sie mehr \u00fcber die Funktionen von Cash Noire, den RTP und vieles mehr.\" \/>\n<meta name=\"robots\" content=\"index, follow, max-snippet:-1, max-image-preview:large, max-video-preview:-1\" \/>\n<link rel=\"canonical\" href=\"https:\/\/casinoreturn.com\/de\/cash-noire-slot-spiel\/\" \/>\n<meta property=\"og:locale\" content=\"de_DE\" \/>\n<meta property=\"og:type\" content=\"article\" \/>\n<meta property=\"og:title\" content=\"Cash Noire Slot Spiel - casinoreturn\" \/>\n<meta property=\"og:description\" content=\"Cash Noire ist einer der bekannteren Online-Casino-Spielautomaten von NetEnt. Erfahren Sie mehr \u00fcber die Funktionen von Cash Noire, den RTP und vieles mehr.\" \/>\n<meta property=\"og:url\" content=\"https:\/\/casinoreturn.com\/de\/cash-noire-slot-spiel\/\" \/>\n<meta property=\"og:site_name\" content=\"casinoreturn\" \/>\n<meta property=\"article:modified_time\" content=\"2024-12-02T13:58:18+00:00\" \/>\n<meta property=\"og:image\" content=\"https:\/\/casinoreturn.com\/wp-content\/uploads\/2024\/11\/Cash-noire-Slot-game.jpg\" \/>\n\t<meta property=\"og:image:width\" content=\"600\" \/>\n\t<meta property=\"og:image:height\" content=\"840\" \/>\n\t<meta property=\"og:image:type\" content=\"image\/jpeg\" \/>\n<meta name=\"twitter:card\" content=\"summary_large_image\" \/>\n<meta name=\"twitter:label1\" content=\"Gesch\u00e4tzte Lesezeit\" \/>\n\t<meta name=\"twitter:data1\" content=\"5\u00a0Minuten\" \/>\n<script type=\"application\/ld+json\" class=\"yoast-schema-graph\">{\"@context\":\"https:\/\/schema.org\",\"@graph\":[{\"@type\":\"WebPage\",\"@id\":\"https:\/\/casinoreturn.com\/de\/cash-noire-slot-spiel\/\",\"url\":\"https:\/\/casinoreturn.com\/de\/cash-noire-slot-spiel\/\",\"name\":\"Cash Noire Slot Spiel - casinoreturn\",\"isPartOf\":{\"@id\":\"https:\/\/casinoreturn.com\/#website\"},\"primaryImageOfPage\":{\"@id\":\"https:\/\/casinoreturn.com\/de\/cash-noire-slot-spiel\/#primaryimage\"},\"image\":{\"@id\":\"https:\/\/casinoreturn.com\/de\/cash-noire-slot-spiel\/#primaryimage\"},\"thumbnailUrl\":\"https:\/\/casinoreturn.com\/wp-content\/uploads\/2024\/11\/Cash-noire-Slot-game.jpg\",\"datePublished\":\"2024-11-13T01:13:25+00:00\",\"dateModified\":\"2024-12-02T13:58:18+00:00\",\"description\":\"Cash Noire ist einer der bekannteren Online-Casino-Spielautomaten von NetEnt. Erfahren Sie mehr \u00fcber die Funktionen von Cash Noire, den RTP und vieles mehr.\",\"breadcrumb\":{\"@id\":\"https:\/\/casinoreturn.com\/de\/cash-noire-slot-spiel\/#breadcrumb\"},\"inLanguage\":\"de\",\"potentialAction\":[{\"@type\":\"ReadAction\",\"target\":[\"https:\/\/casinoreturn.com\/de\/cash-noire-slot-spiel\/\"]}]},{\"@type\":\"ImageObject\",\"inLanguage\":\"de\",\"@id\":\"https:\/\/casinoreturn.com\/de\/cash-noire-slot-spiel\/#primaryimage\",\"url\":\"https:\/\/casinoreturn.com\/wp-content\/uploads\/2024\/11\/Cash-noire-Slot-game.jpg\",\"contentUrl\":\"https:\/\/casinoreturn.com\/wp-content\/uploads\/2024\/11\/Cash-noire-Slot-game.jpg\"},{\"@type\":\"BreadcrumbList\",\"@id\":\"https:\/\/casinoreturn.com\/de\/cash-noire-slot-spiel\/#breadcrumb\",\"itemListElement\":[{\"@type\":\"ListItem\",\"position\":1,\"name\":\"Home\",\"item\":\"https:\/\/casinoreturn.com\/de\/heim\/\"},{\"@type\":\"ListItem\",\"position\":2,\"name\":\"Cash Noire Slot Spiel\"}]},{\"@type\":\"WebSite\",\"@id\":\"https:\/\/casinoreturn.com\/#website\",\"url\":\"https:\/\/casinoreturn.com\/\",\"name\":\"casinoreturn\",\"description\":\"\",\"publisher\":{\"@id\":\"https:\/\/casinoreturn.com\/#organization\"},\"potentialAction\":[{\"@type\":\"SearchAction\",\"target\":{\"@type\":\"EntryPoint\",\"urlTemplate\":\"https:\/\/casinoreturn.com\/?s={search_term_string}\"},\"query-input\":{\"@type\":\"PropertyValueSpecification\",\"valueRequired\":true,\"valueName\":\"search_term_string\"}}],\"inLanguage\":\"de\"},{\"@type\":\"Organization\",\"@id\":\"https:\/\/casinoreturn.com\/#organization\",\"name\":\"casinoreturn\",\"url\":\"https:\/\/casinoreturn.com\/\",\"logo\":{\"@type\":\"ImageObject\",\"inLanguage\":\"de\",\"@id\":\"https:\/\/casinoreturn.com\/#\/schema\/logo\/image\/\",\"url\":\"https:\/\/casinoreturn.com\/wp-content\/uploads\/2024\/09\/animal-favicon.png\",\"contentUrl\":\"https:\/\/casinoreturn.com\/wp-content\/uploads\/2024\/09\/animal-favicon.png\",\"width\":92,\"height\":92,\"caption\":\"casinoreturn\"},\"image\":{\"@id\":\"https:\/\/casinoreturn.com\/#\/schema\/logo\/image\/\"}}]}<\/script>\n<!-- \/ Yoast SEO plugin. -->","yoast_head_json":{"title":"Cash Noire Slot Spiel - casinoreturn","description":"Cash Noire ist einer der bekannteren Online-Casino-Spielautomaten von NetEnt. Erfahren Sie mehr \u00fcber die Funktionen von Cash Noire, den RTP und vieles mehr.","robots":{"index":"index","follow":"follow","max-snippet":"max-snippet:-1","max-image-preview":"max-image-preview:large","max-video-preview":"max-video-preview:-1"},"canonical":"https:\/\/casinoreturn.com\/de\/cash-noire-slot-spiel\/","og_locale":"de_DE","og_type":"article","og_title":"Cash Noire Slot Spiel - casinoreturn","og_description":"Cash Noire ist einer der bekannteren Online-Casino-Spielautomaten von NetEnt. Erfahren Sie mehr \u00fcber die Funktionen von Cash Noire, den RTP und vieles mehr.","og_url":"https:\/\/casinoreturn.com\/de\/cash-noire-slot-spiel\/","og_site_name":"casinoreturn","article_modified_time":"2024-12-02T13:58:18+00:00","og_image":[{"width":600,"height":840,"url":"https:\/\/casinoreturn.com\/wp-content\/uploads\/2024\/11\/Cash-noire-Slot-game.jpg","type":"image\/jpeg"}],"twitter_card":"summary_large_image","twitter_misc":{"Gesch\u00e4tzte Lesezeit":"5\u00a0Minuten"},"schema":{"@context":"https:\/\/schema.org","@graph":[{"@type":"WebPage","@id":"https:\/\/casinoreturn.com\/de\/cash-noire-slot-spiel\/","url":"https:\/\/casinoreturn.com\/de\/cash-noire-slot-spiel\/","name":"Cash Noire Slot Spiel - casinoreturn","isPartOf":{"@id":"https:\/\/casinoreturn.com\/#website"},"primaryImageOfPage":{"@id":"https:\/\/casinoreturn.com\/de\/cash-noire-slot-spiel\/#primaryimage"},"image":{"@id":"https:\/\/casinoreturn.com\/de\/cash-noire-slot-spiel\/#primaryimage"},"thumbnailUrl":"https:\/\/casinoreturn.com\/wp-content\/uploads\/2024\/11\/Cash-noire-Slot-game.jpg","datePublished":"2024-11-13T01:13:25+00:00","dateModified":"2024-12-02T13:58:18+00:00","description":"Cash Noire ist einer der bekannteren Online-Casino-Spielautomaten von NetEnt. Erfahren Sie mehr \u00fcber die Funktionen von Cash Noire, den RTP und vieles mehr.","breadcrumb":{"@id":"https:\/\/casinoreturn.com\/de\/cash-noire-slot-spiel\/#breadcrumb"},"inLanguage":"de","potentialAction":[{"@type":"ReadAction","target":["https:\/\/casinoreturn.com\/de\/cash-noire-slot-spiel\/"]}]},{"@type":"ImageObject","inLanguage":"de","@id":"https:\/\/casinoreturn.com\/de\/cash-noire-slot-spiel\/#primaryimage","url":"https:\/\/casinoreturn.com\/wp-content\/uploads\/2024\/11\/Cash-noire-Slot-game.jpg","contentUrl":"https:\/\/casinoreturn.com\/wp-content\/uploads\/2024\/11\/Cash-noire-Slot-game.jpg"},{"@type":"BreadcrumbList","@id":"https:\/\/casinoreturn.com\/de\/cash-noire-slot-spiel\/#breadcrumb","itemListElement":[{"@type":"ListItem","position":1,"name":"Home","item":"https:\/\/casinoreturn.com\/de\/heim\/"},{"@type":"ListItem","position":2,"name":"Cash Noire Slot Spiel"}]},{"@type":"WebSite","@id":"https:\/\/casinoreturn.com\/#website","url":"https:\/\/casinoreturn.com\/","name":"casinoreturn","description":"","publisher":{"@id":"https:\/\/casinoreturn.com\/#organization"},"potentialAction":[{"@type":"SearchAction","target":{"@type":"EntryPoint","urlTemplate":"https:\/\/casinoreturn.com\/?s={search_term_string}"},"query-input":{"@type":"PropertyValueSpecification","valueRequired":true,"valueName":"search_term_string"}}],"inLanguage":"de"},{"@type":"Organization","@id":"https:\/\/casinoreturn.com\/#organization","name":"casinoreturn","url":"https:\/\/casinoreturn.com\/","logo":{"@type":"ImageObject","inLanguage":"de","@id":"https:\/\/casinoreturn.com\/#\/schema\/logo\/image\/","url":"https:\/\/casinoreturn.com\/wp-content\/uploads\/2024\/09\/animal-favicon.png","contentUrl":"https:\/\/casinoreturn.com\/wp-content\/uploads\/2024\/09\/animal-favicon.png","width":92,"height":92,"caption":"casinoreturn"},"image":{"@id":"https:\/\/casinoreturn.com\/#\/schema\/logo\/image\/"}}]}},"_links":{"self":[{"href":"https:\/\/casinoreturn.com\/de\/wp-json\/wp\/v2\/pages\/4575","targetHints":{"allow":["GET"]}}],"collection":[{"href":"https:\/\/casinoreturn.com\/de\/wp-json\/wp\/v2\/pages"}],"about":[{"href":"https:\/\/casinoreturn.com\/de\/wp-json\/wp\/v2\/types\/page"}],"author":[{"embeddable":true,"href":"https:\/\/casinoreturn.com\/de\/wp-json\/wp\/v2\/users\/1"}],"replies":[{"embeddable":true,"href":"https:\/\/casinoreturn.com\/de\/wp-json\/wp\/v2\/comments?post=4575"}],"version-history":[{"count":1,"href":"https:\/\/casinoreturn.com\/de\/wp-json\/wp\/v2\/pages\/4575\/revisions"}],"predecessor-version":[{"id":4576,"href":"https:\/\/casinoreturn.com\/de\/wp-json\/wp\/v2\/pages\/4575\/revisions\/4576"}],"wp:attachment":[{"href":"https:\/\/casinoreturn.com\/de\/wp-json\/wp\/v2\/media?parent=4575"}],"curies":[{"name":"wp","href":"https:\/\/api.w.org\/{rel}","templated":true}]}}