{"id":4625,"date":"2024-11-20T13:24:12","date_gmt":"2024-11-20T13:24:12","guid":{"rendered":"https:\/\/casinoreturn.com\/esport-kasinos\/"},"modified":"2024-12-02T14:24:01","modified_gmt":"2024-12-02T14:24:01","slug":"esport-kasinos","status":"publish","type":"page","link":"https:\/\/casinoreturn.com\/de\/esport-kasinos\/","title":{"rendered":"eSport-Kasinos"},"content":{"rendered":"\t\t<div data-elementor-type=\"wp-page\" data-elementor-id=\"4625\" class=\"elementor elementor-4625\" data-elementor-post-type=\"page\">\n\t\t\t\t<div class=\"elementor-element elementor-element-fdf3628 e-con-full e-flex e-con e-parent\" data-id=\"fdf3628\" data-element_type=\"container\">\n\t\t\t\t<div class=\"elementor-element elementor-element-d39e98f elementor-widget elementor-widget-heading\" data-id=\"d39e98f\" data-element_type=\"widget\" data-widget_type=\"heading.default\">\n\t\t\t\t<div class=\"elementor-widget-container\">\n\t\t\t\t\t<h1 class=\"elementor-heading-title elementor-size-default\">ESport Casinos und Esport Casino Wetten<\/h1>\t\t\t\t<\/div>\n\t\t\t\t<\/div>\n\t\t\t\t<div class=\"elementor-element elementor-element-f722aef elementor-widget elementor-widget-image\" data-id=\"f722aef\" data-element_type=\"widget\" data-widget_type=\"image.default\">\n\t\t\t\t<div class=\"elementor-widget-container\">\n\t\t\t\t\t\t\t\t\t\t\t\t\t\t\t<img fetchpriority=\"high\" decoding=\"async\" width=\"360\" height=\"360\" src=\"https:\/\/casinoreturn.com\/wp-content\/uploads\/2024\/11\/esport-casinos.jpg\" class=\"attachment-large size-large wp-image-3671\" alt=\"esport casinos\" srcset=\"https:\/\/casinoreturn.com\/wp-content\/uploads\/2024\/11\/esport-casinos.jpg 360w, https:\/\/casinoreturn.com\/wp-content\/uploads\/2024\/11\/esport-casinos-300x300.jpg 300w, https:\/\/casinoreturn.com\/wp-content\/uploads\/2024\/11\/esport-casinos-150x150.jpg 150w\" sizes=\"(max-width: 360px) 100vw, 360px\" \/>\t\t\t\t\t\t\t\t\t\t\t\t\t\t\t<\/div>\n\t\t\t\t<\/div>\n\t\t\t\t<div class=\"elementor-element elementor-element-edb1ad6 elementor-widget elementor-widget-text-editor\" data-id=\"edb1ad6\" data-element_type=\"widget\" data-widget_type=\"text-editor.default\">\n\t\t\t\t<div class=\"elementor-widget-container\">\n\t\t\t\t\t\t\t\t\t<h3><strong>eSport-Casinos und Esports-Wetten &#8211; Eine schnelllebige mobile App-Welt  <\/strong><\/h3>\n\t\t\t\t\t\t\t\t<\/div>\n\t\t\t\t<\/div>\n\t\t\t\t<div class=\"elementor-element elementor-element-16e733a elementor-widget elementor-widget-text-editor\" data-id=\"16e733a\" data-element_type=\"widget\" data-widget_type=\"text-editor.default\">\n\t\t\t\t<div class=\"elementor-widget-container\">\n\t\t\t\t\t\t\t\t\t<p>eSport Casinos Wetten &#8211; f\u00fcr die meisten von uns nicht nur ein Hobby und eine Leidenschaft, sondern gleichzeitig, wenn Sie es gut k\u00f6nnen, eine gro\u00dfartige M\u00f6glichkeit, ein Nebeneinkommen zu erzielen.<\/p>\n<p>Im eSport gibt es sogenannte Turniere, bei denen die besten Spieler ausgezeichnet werden. Sogar Weltmeisterschaften finden regelm\u00e4\u00dfig in solchen eSports statt. So k\u00f6nnen eSports-Fans online auf ihre Lieblingsteams und -spieler wetten.  <\/p>\n<p>Im folgenden Artikel erfahren Sie alles, was Sie \u00fcber eSports-Wetten wissen m\u00fcssen, z.B. auf welche Spieler Sie im eSports wetten k\u00f6nnen, worauf Sie achten m\u00fcssen, usw. Von uns erhalten Sie exklusive Informationen dar\u00fcber, worauf Sie achten m\u00fcssen. Wir m\u00f6chten Ihnen die Tipps geben, die Ihren Erfolg in der Welt der eSports-Wetten vorantreiben, damit Sie erfolgreich sein k\u00f6nnen.  <\/p>\n\t\t\t\t\t\t\t\t<\/div>\n\t\t\t\t<\/div>\n\t\t\t\t<div class=\"elementor-element elementor-element-9bc958b elementor-button-success elementor-widget elementor-widget-button\" data-id=\"9bc958b\" data-element_type=\"widget\" data-widget_type=\"button.default\">\n\t\t\t\t<div class=\"elementor-widget-container\">\n\t\t\t\t\t\t\t\t\t<div class=\"elementor-button-wrapper\">\n\t\t\t\t\t<a class=\"elementor-button elementor-button-link elementor-size-sm\" href=\"https:\/\/lvbet.com\/sports\/en\/esport\/\" target=\"_blank\">\n\t\t\t\t\t\t<span class=\"elementor-button-content-wrapper\">\n\t\t\t\t\t\t\t\t\t<span class=\"elementor-button-text\">Epsort Wetten mit LVBet  <\/span>\n\t\t\t\t\t<\/span>\n\t\t\t\t\t<\/a>\n\t\t\t\t<\/div>\n\t\t\t\t\t\t\t\t<\/div>\n\t\t\t\t<\/div>\n\t\t\t\t<div class=\"elementor-element elementor-element-bcac7df elementor-widget elementor-widget-heading\" data-id=\"bcac7df\" data-element_type=\"widget\" data-widget_type=\"heading.default\">\n\t\t\t\t<div class=\"elementor-widget-container\">\n\t\t\t\t\t<h3 class=\"elementor-heading-title elementor-size-default\">Was genau sind eSports-Wetten?<\/h3>\t\t\t\t<\/div>\n\t\t\t\t<\/div>\n\t\t\t\t<div class=\"elementor-element elementor-element-3426893 elementor-widget elementor-widget-text-editor\" data-id=\"3426893\" data-element_type=\"widget\" data-widget_type=\"text-editor.default\">\n\t\t\t\t<div class=\"elementor-widget-container\">\n\t\t\t\t\t\t\t\t\t<p>ESport-Wetten in eSport-Casinos geh\u00f6ren zu den neueren Arten von Online-Wetten. In den letzten Jahren hat das Interesse an eSports stetig zugenommen und ist heute eine der beliebtesten Varianten von Online-Wetten. Infolgedessen w\u00e4chst die Zahl der Anbieter von eSports-Wetten st\u00e4ndig. Vielleicht kennen Sie bereits jemanden, der ein eSports-Fanatiker ist oder sich intensiv mit dem Thema besch\u00e4ftigt und sich sehr daf\u00fcr interessiert.   <\/p>\n\t\t\t\t\t\t\t\t<\/div>\n\t\t\t\t<\/div>\n\t\t\t\t<div class=\"elementor-element elementor-element-c3b9f87 elementor-widget elementor-widget-button\" data-id=\"c3b9f87\" data-element_type=\"widget\" data-widget_type=\"button.default\">\n\t\t\t\t<div class=\"elementor-widget-container\">\n\t\t\t\t\t\t\t\t\t<div class=\"elementor-button-wrapper\">\n\t\t\t\t\t<a class=\"elementor-button elementor-button-link elementor-size-sm\" href=\"#\">\n\t\t\t\t\t\t<span class=\"elementor-button-content-wrapper\">\n\t\t\t\t\t\t\t\t\t<span class=\"elementor-button-text\">Esport-Wetten mit Bitkingz<\/span>\n\t\t\t\t\t<\/span>\n\t\t\t\t\t<\/a>\n\t\t\t\t<\/div>\n\t\t\t\t\t\t\t\t<\/div>\n\t\t\t\t<\/div>\n\t\t\t\t<div class=\"elementor-element elementor-element-9d858c2 elementor-widget elementor-widget-heading\" data-id=\"9d858c2\" data-element_type=\"widget\" data-widget_type=\"heading.default\">\n\t\t\t\t<div class=\"elementor-widget-container\">\n\t\t\t\t\t<h3 class=\"elementor-heading-title elementor-size-default\">Welche Spiele sind bei eSports verf\u00fcgbar?<\/h3>\t\t\t\t<\/div>\n\t\t\t\t<\/div>\n\t\t\t\t<div class=\"elementor-element elementor-element-7ba9fd5 elementor-widget elementor-widget-text-editor\" data-id=\"7ba9fd5\" data-element_type=\"widget\" data-widget_type=\"text-editor.default\">\n\t\t\t\t<div class=\"elementor-widget-container\">\n\t\t\t\t\t\t\t\t\t<p>CS: GO-Wetten sind eines der beliebtesten Spiele im Bereich der <strong>eSports-Wetten<\/strong>. Dies \u00e4ndert sich jedoch aufgrund des exponentiellen Wachstums und der stetig wachsenden Konkurrenz st\u00e4ndig. Es kommen st\u00e4ndig neue Spiele wie das Battle-Royale-Genre, darunter Fortnite und PUBG, hinzu. Auch die MOBA-Spiele haben sich ihren Glanz bewahrt und ziehen die Spieler in ihren Bann. So erzielen LoL und DotA immer noch gute Kritiken.    <\/p>\n<p><strong>Counterstrike Global Offensive,<\/strong> oder kurz<strong> CSGO<\/strong>, ist ein Shooter-Spiel, das von Valve und Hidden Path Entertainment entwickelt wurde. Das Spiel geh\u00f6rt zu den Multiplayer-Spielen. Spielen Sie das Spiel auf Windows, OS X, Xbox 360 und PlayStation 3. Das Spiel wurde im Jahr 2012 entwickelt.   <\/p>\n<p><strong>Epic Games ver\u00f6ffentlichte und entwickelte Fortnite im Jahr 2017<\/strong>. Das Online-Videospiel enth\u00e4lt kooperative Shooter-Survival-Elemente und ist f\u00fcr Windows, Mac OS, Nintendo Switch, PlayStation 4, PlayStation 5, Xbox One, Xbox Series X und Android erh\u00e4ltlich. <\/p>\n<p>Unser letztes Beispiel ist das Spiel <strong>LoL-League of Legends<\/strong>, das von Riot Games entwickelt und ver\u00f6ffentlicht wurde. Bei diesem Spiel handelt es sich um ein Online-Multiplayer-Spiel, das in einer Kampfarena stattfindet und f\u00fcr Windows- und Mac OS-Software verf\u00fcgbar ist. <\/p>\n\t\t\t\t\t\t\t\t<\/div>\n\t\t\t\t<\/div>\n\t\t\t\t<\/div>\n\t\t<div class=\"elementor-element elementor-element-22f6be3 e-con-full e-flex e-con e-parent\" data-id=\"22f6be3\" data-element_type=\"container\">\n\t\t\t\t<div class=\"elementor-element elementor-element-78d5df1 elementor-widget elementor-widget-heading\" data-id=\"78d5df1\" data-element_type=\"widget\" data-widget_type=\"heading.default\">\n\t\t\t\t<div class=\"elementor-widget-container\">\n\t\t\t\t\t<h3 class=\"elementor-heading-title elementor-size-default\">eSports-Wetten vs. Sportwetten?<\/h3>\t\t\t\t<\/div>\n\t\t\t\t<\/div>\n\t\t\t\t<div class=\"elementor-element elementor-element-007718b elementor-widget elementor-widget-text-editor\" data-id=\"007718b\" data-element_type=\"widget\" data-widget_type=\"text-editor.default\">\n\t\t\t\t<div class=\"elementor-widget-container\">\n\t\t\t\t\t\t\t\t\t<p>Wenn Sie eSports-Wetten mit anderen beliebten Sportwetten vergleichen, sehen diese beiden Arten von Wetten auf den ersten Blick sehr \u00e4hnlich aus. Beide beziehen sich auf eine bestimmte Sportart, aber Sie sollten mehr \u00fcber das Genre erfahren, bevor Sie beginnen, denn es gibt Turniere, Meisterschaften und Pokalspiele. Sie k\u00f6nnten also denken, dass es keine gro\u00dfen Unterschiede zwischen ihnen gibt. Die Online-Wetten eSports sollten auf die gleiche Weise gespielt werden wie alle anderen Online-Wettarten, mit einem m\u00f6glichen kleinen Unterschied in der Finanzierung und den einzelnen Anbietern, der jedoch f\u00fcr sie als Spieler keinen gro\u00dfen Unterschied darstellt.   <\/p>\n\t\t\t\t\t\t\t\t<\/div>\n\t\t\t\t<\/div>\n\t\t\t\t<div class=\"elementor-element elementor-element-049f4af elementor-widget elementor-widget-heading\" data-id=\"049f4af\" data-element_type=\"widget\" data-widget_type=\"heading.default\">\n\t\t\t\t<div class=\"elementor-widget-container\">\n\t\t\t\t\t<h3 class=\"elementor-heading-title elementor-size-default\">Die bekanntesten Spiele zum Wetten<\/h3>\t\t\t\t<\/div>\n\t\t\t\t<\/div>\n\t\t\t\t<\/div>\n\t\t<div class=\"elementor-element elementor-element-4257928 e-con-full e-flex e-con e-parent\" data-id=\"4257928\" data-element_type=\"container\">\n\t\t\t\t<div class=\"elementor-element elementor-element-0a1e3a9 elementor-widget elementor-widget-text-editor\" data-id=\"0a1e3a9\" data-element_type=\"widget\" data-widget_type=\"text-editor.default\">\n\t\t\t\t<div class=\"elementor-widget-container\">\n\t\t\t\t\t\t\t\t\t<p>Im n\u00e4chsten Artikel erfahren Sie ein wenig mehr \u00fcber Ihre beiden liebsten eSports-Spiele. Wir haben versucht, unsere Auswahl einzugrenzen, um Ihnen die Entscheidung zu erleichtern. Wir werden uns daher auf die Spiele CS: GO und LoL beziehen. Die technischen Eckdaten des Spiels haben Sie bereits erhalten, so dass wir nun auf detailliertere Informationen \u00fcber das Spiel eingehen k\u00f6nnen.   <\/p>\n<p>Bei den bevorstehenden Ligaspielen, der Riot Games LCS und den Spring Playoffs der LCS k\u00f6nnen Sie verschiedene Arten von Wetten abschlie\u00dfen. Nat\u00fcrlich haben Sie mehrere Optionen, so k\u00f6nnen Sie eine Gewinnwette auf das siegreiche Team oder auf bestimmte Personen abgeben. <\/p>\n<p>In eSport Casinos k\u00f6nnen Sie Wetten auf verschiedene Ereignisse platzieren, die im Spiel LoL auftreten k\u00f6nnen: Welches Team bekommt &#8222;First Blood&#8220;? Welches Team besiegt Team Baron Nashor zuerst oder gewinnt das Spiel mit einem Bleistift? Zus\u00e4tzlich zu den \u00fcblichen Wetten k\u00f6nnen Sie w\u00e4hrend gro\u00dfer Turniere wie der League of Legends-Weltmeisterschaft oder der MSI auch Sonderwetten abschlie\u00dfen.  <\/p>\n<p>Die professionelle Szene der CS: GO-Wetten ist weithin bekannt und hat sich zu einem der einflussreichsten Wettunternehmen der Branche entwickelt. Hochkar\u00e4tige Teams und ihre Spieler sind zu Kultfiguren in der Community geworden, und immer mehr Turniere haben gr\u00f6\u00dfere Preispools als je zuvor. Die ESL One Cologne ist derzeit das Hauptthema f\u00fcr alle CS GO-Fans. Aber das wird sich bald in das FACEIT Major London verwandeln, das definitiv ein Spektakel sein wird. Es besteht kein Zweifel daran, dass das CS: GO-Spiel sehr schwierig ist, die Transfers sind h\u00e4ufig und wechselhaft, das Spiel ist nervenaufreibend und die Ergebnisse sind schwer vorherzusagen.    <\/p>\n\t\t\t\t\t\t\t\t<\/div>\n\t\t\t\t<\/div>\n\t\t\t\t<\/div>\n\t\t\t\t<\/div>\n\t\t","protected":false},"excerpt":{"rendered":"<p>ESport Casinos und Esport Casino Wetten eSport-Casinos und Esports-Wetten &#8211; Eine schnelllebige mobile App-Welt eSport Casinos Wetten &#8211; f\u00fcr die meisten von uns nicht nur ein Hobby und eine Leidenschaft, sondern gleichzeitig, wenn Sie es gut k\u00f6nnen, eine gro\u00dfartige M\u00f6glichkeit, ein Nebeneinkommen zu erzielen. Im eSport gibt es sogenannte Turniere, bei denen die besten Spieler [&hellip;]<\/p>\n","protected":false},"author":1,"featured_media":0,"parent":0,"menu_order":0,"comment_status":"closed","ping_status":"closed","template":"","meta":{"footnotes":""},"class_list":["post-4625","page","type-page","status-publish","hentry"],"blocksy_meta":[],"acf":[],"yoast_head":"<!-- This site is optimized with the Yoast SEO plugin v24.1 - https:\/\/yoast.com\/wordpress\/plugins\/seo\/ -->\n<title>eSport-Kasinos - casinoreturn<\/title>\n<meta name=\"description\" content=\"eSport Casinos sind eine eigene kleine Einheit. Eine wachsende mobile eSport-Community mit fantastischen Spielen und sozialen Interaktionen.\" \/>\n<meta name=\"robots\" content=\"index, follow, max-snippet:-1, max-image-preview:large, max-video-preview:-1\" \/>\n<link rel=\"canonical\" href=\"https:\/\/casinoreturn.com\/de\/esport-kasinos\/\" \/>\n<meta property=\"og:locale\" content=\"de_DE\" \/>\n<meta property=\"og:type\" content=\"article\" \/>\n<meta property=\"og:title\" content=\"eSport-Kasinos - casinoreturn\" \/>\n<meta property=\"og:description\" content=\"eSport Casinos sind eine eigene kleine Einheit. Eine wachsende mobile eSport-Community mit fantastischen Spielen und sozialen Interaktionen.\" \/>\n<meta property=\"og:url\" content=\"https:\/\/casinoreturn.com\/de\/esport-kasinos\/\" \/>\n<meta property=\"og:site_name\" content=\"casinoreturn\" \/>\n<meta property=\"article:modified_time\" content=\"2024-12-02T14:24:01+00:00\" \/>\n<meta property=\"og:image\" content=\"https:\/\/casinoreturn.com\/wp-content\/uploads\/2024\/11\/esport-casinos.jpg\" \/>\n\t<meta property=\"og:image:width\" content=\"360\" \/>\n\t<meta property=\"og:image:height\" content=\"360\" \/>\n\t<meta property=\"og:image:type\" content=\"image\/jpeg\" \/>\n<meta name=\"twitter:card\" content=\"summary_large_image\" \/>\n<meta name=\"twitter:label1\" content=\"Gesch\u00e4tzte Lesezeit\" \/>\n\t<meta name=\"twitter:data1\" content=\"4\u00a0Minuten\" \/>\n<script type=\"application\/ld+json\" class=\"yoast-schema-graph\">{\"@context\":\"https:\/\/schema.org\",\"@graph\":[{\"@type\":\"WebPage\",\"@id\":\"https:\/\/casinoreturn.com\/de\/esport-kasinos\/\",\"url\":\"https:\/\/casinoreturn.com\/de\/esport-kasinos\/\",\"name\":\"eSport-Kasinos - casinoreturn\",\"isPartOf\":{\"@id\":\"https:\/\/casinoreturn.com\/#website\"},\"primaryImageOfPage\":{\"@id\":\"https:\/\/casinoreturn.com\/de\/esport-kasinos\/#primaryimage\"},\"image\":{\"@id\":\"https:\/\/casinoreturn.com\/de\/esport-kasinos\/#primaryimage\"},\"thumbnailUrl\":\"https:\/\/casinoreturn.com\/wp-content\/uploads\/2024\/11\/esport-casinos.jpg\",\"datePublished\":\"2024-11-20T13:24:12+00:00\",\"dateModified\":\"2024-12-02T14:24:01+00:00\",\"description\":\"eSport Casinos sind eine eigene kleine Einheit. Eine wachsende mobile eSport-Community mit fantastischen Spielen und sozialen Interaktionen.\",\"breadcrumb\":{\"@id\":\"https:\/\/casinoreturn.com\/de\/esport-kasinos\/#breadcrumb\"},\"inLanguage\":\"de\",\"potentialAction\":[{\"@type\":\"ReadAction\",\"target\":[\"https:\/\/casinoreturn.com\/de\/esport-kasinos\/\"]}]},{\"@type\":\"ImageObject\",\"inLanguage\":\"de\",\"@id\":\"https:\/\/casinoreturn.com\/de\/esport-kasinos\/#primaryimage\",\"url\":\"https:\/\/casinoreturn.com\/wp-content\/uploads\/2024\/11\/esport-casinos.jpg\",\"contentUrl\":\"https:\/\/casinoreturn.com\/wp-content\/uploads\/2024\/11\/esport-casinos.jpg\"},{\"@type\":\"BreadcrumbList\",\"@id\":\"https:\/\/casinoreturn.com\/de\/esport-kasinos\/#breadcrumb\",\"itemListElement\":[{\"@type\":\"ListItem\",\"position\":1,\"name\":\"Home\",\"item\":\"https:\/\/casinoreturn.com\/de\/heim\/\"},{\"@type\":\"ListItem\",\"position\":2,\"name\":\"eSport-Kasinos\"}]},{\"@type\":\"WebSite\",\"@id\":\"https:\/\/casinoreturn.com\/#website\",\"url\":\"https:\/\/casinoreturn.com\/\",\"name\":\"casinoreturn\",\"description\":\"\",\"publisher\":{\"@id\":\"https:\/\/casinoreturn.com\/#organization\"},\"potentialAction\":[{\"@type\":\"SearchAction\",\"target\":{\"@type\":\"EntryPoint\",\"urlTemplate\":\"https:\/\/casinoreturn.com\/?s={search_term_string}\"},\"query-input\":{\"@type\":\"PropertyValueSpecification\",\"valueRequired\":true,\"valueName\":\"search_term_string\"}}],\"inLanguage\":\"de\"},{\"@type\":\"Organization\",\"@id\":\"https:\/\/casinoreturn.com\/#organization\",\"name\":\"casinoreturn\",\"url\":\"https:\/\/casinoreturn.com\/\",\"logo\":{\"@type\":\"ImageObject\",\"inLanguage\":\"de\",\"@id\":\"https:\/\/casinoreturn.com\/#\/schema\/logo\/image\/\",\"url\":\"https:\/\/casinoreturn.com\/wp-content\/uploads\/2024\/09\/animal-favicon.png\",\"contentUrl\":\"https:\/\/casinoreturn.com\/wp-content\/uploads\/2024\/09\/animal-favicon.png\",\"width\":92,\"height\":92,\"caption\":\"casinoreturn\"},\"image\":{\"@id\":\"https:\/\/casinoreturn.com\/#\/schema\/logo\/image\/\"}}]}<\/script>\n<!-- \/ Yoast SEO plugin. -->","yoast_head_json":{"title":"eSport-Kasinos - casinoreturn","description":"eSport Casinos sind eine eigene kleine Einheit. Eine wachsende mobile eSport-Community mit fantastischen Spielen und sozialen Interaktionen.","robots":{"index":"index","follow":"follow","max-snippet":"max-snippet:-1","max-image-preview":"max-image-preview:large","max-video-preview":"max-video-preview:-1"},"canonical":"https:\/\/casinoreturn.com\/de\/esport-kasinos\/","og_locale":"de_DE","og_type":"article","og_title":"eSport-Kasinos - casinoreturn","og_description":"eSport Casinos sind eine eigene kleine Einheit. Eine wachsende mobile eSport-Community mit fantastischen Spielen und sozialen Interaktionen.","og_url":"https:\/\/casinoreturn.com\/de\/esport-kasinos\/","og_site_name":"casinoreturn","article_modified_time":"2024-12-02T14:24:01+00:00","og_image":[{"width":360,"height":360,"url":"https:\/\/casinoreturn.com\/wp-content\/uploads\/2024\/11\/esport-casinos.jpg","type":"image\/jpeg"}],"twitter_card":"summary_large_image","twitter_misc":{"Gesch\u00e4tzte Lesezeit":"4\u00a0Minuten"},"schema":{"@context":"https:\/\/schema.org","@graph":[{"@type":"WebPage","@id":"https:\/\/casinoreturn.com\/de\/esport-kasinos\/","url":"https:\/\/casinoreturn.com\/de\/esport-kasinos\/","name":"eSport-Kasinos - casinoreturn","isPartOf":{"@id":"https:\/\/casinoreturn.com\/#website"},"primaryImageOfPage":{"@id":"https:\/\/casinoreturn.com\/de\/esport-kasinos\/#primaryimage"},"image":{"@id":"https:\/\/casinoreturn.com\/de\/esport-kasinos\/#primaryimage"},"thumbnailUrl":"https:\/\/casinoreturn.com\/wp-content\/uploads\/2024\/11\/esport-casinos.jpg","datePublished":"2024-11-20T13:24:12+00:00","dateModified":"2024-12-02T14:24:01+00:00","description":"eSport Casinos sind eine eigene kleine Einheit. Eine wachsende mobile eSport-Community mit fantastischen Spielen und sozialen Interaktionen.","breadcrumb":{"@id":"https:\/\/casinoreturn.com\/de\/esport-kasinos\/#breadcrumb"},"inLanguage":"de","potentialAction":[{"@type":"ReadAction","target":["https:\/\/casinoreturn.com\/de\/esport-kasinos\/"]}]},{"@type":"ImageObject","inLanguage":"de","@id":"https:\/\/casinoreturn.com\/de\/esport-kasinos\/#primaryimage","url":"https:\/\/casinoreturn.com\/wp-content\/uploads\/2024\/11\/esport-casinos.jpg","contentUrl":"https:\/\/casinoreturn.com\/wp-content\/uploads\/2024\/11\/esport-casinos.jpg"},{"@type":"BreadcrumbList","@id":"https:\/\/casinoreturn.com\/de\/esport-kasinos\/#breadcrumb","itemListElement":[{"@type":"ListItem","position":1,"name":"Home","item":"https:\/\/casinoreturn.com\/de\/heim\/"},{"@type":"ListItem","position":2,"name":"eSport-Kasinos"}]},{"@type":"WebSite","@id":"https:\/\/casinoreturn.com\/#website","url":"https:\/\/casinoreturn.com\/","name":"casinoreturn","description":"","publisher":{"@id":"https:\/\/casinoreturn.com\/#organization"},"potentialAction":[{"@type":"SearchAction","target":{"@type":"EntryPoint","urlTemplate":"https:\/\/casinoreturn.com\/?s={search_term_string}"},"query-input":{"@type":"PropertyValueSpecification","valueRequired":true,"valueName":"search_term_string"}}],"inLanguage":"de"},{"@type":"Organization","@id":"https:\/\/casinoreturn.com\/#organization","name":"casinoreturn","url":"https:\/\/casinoreturn.com\/","logo":{"@type":"ImageObject","inLanguage":"de","@id":"https:\/\/casinoreturn.com\/#\/schema\/logo\/image\/","url":"https:\/\/casinoreturn.com\/wp-content\/uploads\/2024\/09\/animal-favicon.png","contentUrl":"https:\/\/casinoreturn.com\/wp-content\/uploads\/2024\/09\/animal-favicon.png","width":92,"height":92,"caption":"casinoreturn"},"image":{"@id":"https:\/\/casinoreturn.com\/#\/schema\/logo\/image\/"}}]}},"_links":{"self":[{"href":"https:\/\/casinoreturn.com\/de\/wp-json\/wp\/v2\/pages\/4625","targetHints":{"allow":["GET"]}}],"collection":[{"href":"https:\/\/casinoreturn.com\/de\/wp-json\/wp\/v2\/pages"}],"about":[{"href":"https:\/\/casinoreturn.com\/de\/wp-json\/wp\/v2\/types\/page"}],"author":[{"embeddable":true,"href":"https:\/\/casinoreturn.com\/de\/wp-json\/wp\/v2\/users\/1"}],"replies":[{"embeddable":true,"href":"https:\/\/casinoreturn.com\/de\/wp-json\/wp\/v2\/comments?post=4625"}],"version-history":[{"count":1,"href":"https:\/\/casinoreturn.com\/de\/wp-json\/wp\/v2\/pages\/4625\/revisions"}],"predecessor-version":[{"id":4626,"href":"https:\/\/casinoreturn.com\/de\/wp-json\/wp\/v2\/pages\/4625\/revisions\/4626"}],"wp:attachment":[{"href":"https:\/\/casinoreturn.com\/de\/wp-json\/wp\/v2\/media?parent=4625"}],"curies":[{"name":"wp","href":"https:\/\/api.w.org\/{rel}","templated":true}]}}