{"id":4650,"date":"2024-11-21T14:27:34","date_gmt":"2024-11-21T14:27:34","guid":{"rendered":"https:\/\/casinoreturn.com\/online-bakkarat\/"},"modified":"2024-12-02T18:00:35","modified_gmt":"2024-12-02T18:00:35","slug":"online-bakkarat","status":"publish","type":"page","link":"https:\/\/casinoreturn.com\/de\/online-bakkarat\/","title":{"rendered":"Online Bakkarat"},"content":{"rendered":"\t\t<div data-elementor-type=\"wp-page\" data-elementor-id=\"4650\" class=\"elementor elementor-4650\" data-elementor-post-type=\"page\">\n\t\t\t\t<div class=\"elementor-element elementor-element-54716bf e-con-full e-flex e-con e-parent\" data-id=\"54716bf\" data-element_type=\"container\">\n\t\t\t\t<div class=\"elementor-element elementor-element-e1d0de2 elementor-widget elementor-widget-image\" data-id=\"e1d0de2\" data-element_type=\"widget\" data-widget_type=\"image.default\">\n\t\t\t\t<div class=\"elementor-widget-container\">\n\t\t\t\t\t\t\t\t\t\t\t\t\t\t\t<img fetchpriority=\"high\" decoding=\"async\" width=\"376\" height=\"250\" src=\"https:\/\/casinoreturn.com\/wp-content\/uploads\/2024\/11\/Online-Baccarat.png\" class=\"attachment-large size-large wp-image-3744\" alt=\"Online Baccarat\" srcset=\"https:\/\/casinoreturn.com\/wp-content\/uploads\/2024\/11\/Online-Baccarat.png 376w, https:\/\/casinoreturn.com\/wp-content\/uploads\/2024\/11\/Online-Baccarat-300x199.png 300w\" sizes=\"(max-width: 376px) 100vw, 376px\" \/>\t\t\t\t\t\t\t\t\t\t\t\t\t\t\t<\/div>\n\t\t\t\t<\/div>\n\t\t\t\t<div class=\"elementor-element elementor-element-94a1cbc elementor-widget elementor-widget-heading\" data-id=\"94a1cbc\" data-element_type=\"widget\" data-widget_type=\"heading.default\">\n\t\t\t\t<div class=\"elementor-widget-container\">\n\t\t\t\t\t<h2 class=\"elementor-heading-title elementor-size-default\">Online Bakkarat Regeln und Infos<\/h2>\t\t\t\t<\/div>\n\t\t\t\t<\/div>\n\t\t\t\t<div class=\"elementor-element elementor-element-0c38f38 elementor-button-success elementor-align-center elementor-widget elementor-widget-button\" data-id=\"0c38f38\" data-element_type=\"widget\" data-widget_type=\"button.default\">\n\t\t\t\t<div class=\"elementor-widget-container\">\n\t\t\t\t\t\t\t\t\t<div class=\"elementor-button-wrapper\">\n\t\t\t\t\t<a class=\"elementor-button elementor-button-link elementor-size-sm\" href=\"#\">\n\t\t\t\t\t\t<span class=\"elementor-button-content-wrapper\">\n\t\t\t\t\t\t\t\t\t<span class=\"elementor-button-text\">Spielen Sie Baccarat hier  <\/span>\n\t\t\t\t\t<\/span>\n\t\t\t\t\t<\/a>\n\t\t\t\t<\/div>\n\t\t\t\t\t\t\t\t<\/div>\n\t\t\t\t<\/div>\n\t\t\t\t<\/div>\n\t\t<div class=\"elementor-element elementor-element-8c4d838 e-con-full e-flex e-con e-parent\" data-id=\"8c4d838\" data-element_type=\"container\">\n\t\t\t\t<div class=\"elementor-element elementor-element-e7305df elementor-widget elementor-widget-text-editor\" data-id=\"e7305df\" data-element_type=\"widget\" data-widget_type=\"text-editor.default\">\n\t\t\t\t<div class=\"elementor-widget-container\">\n\t\t\t\t\t\t\t\t\t<p>Online Bakkarat Regeln. Dieser Artikel stellt Ihnen das beliebte Automatenspiel Baccarat Online vor. Es wird angenommen, dass dieses Spiel seinen Ursprung im 16. Jahrhundert in Neapel hat. Von da an hat sich das Spiel jedoch rund um den Globus verbreitet und ist heute einer der beliebtesten klassischen Spielautomaten. Besonders im asiatischen Raum ist das Spiel Baccarat sehr bekannt und geh\u00f6rt zu den Favoriten in den Spielhallen. Die meisten Baccarat-Tische finden Sie in Macau.     <\/p>\n<p>Der Vorteil von Baccarat ist, dass es leicht zu erlernen ist und eine gro\u00dfe Gewinnchance bietet. Da Sie nur auf den Ausgang des Baccarat-Spiels setzen, m\u00fcssen Sie selbst keine komplexen Strategien erlernen, um von einer guten Auszahlungsquote zu profitieren &#8211; anders als z.B. bei Blackjack, wo Sie nur die M\u00f6glichkeit haben, zumindest den Grundplan zu verinnerlichen. Im Laufe der Zeit haben sich viele Online-Casino-Baccarat-Varianten entwickelt, und heute wollen wir nur die beliebteste Variante, &#8222;Punto Banco&#8220;, vorstellen, da sie bei weitem die am h\u00e4ufigsten verwendete Variante von     <\/p>\n\t\t\t\t\t\t\t\t<\/div>\n\t\t\t\t<\/div>\n\t\t\t\t<div class=\"elementor-element elementor-element-4ab8244 elementor-widget elementor-widget-heading\" data-id=\"4ab8244\" data-element_type=\"widget\" data-widget_type=\"heading.default\">\n\t\t\t\t<div class=\"elementor-widget-container\">\n\t\t\t\t\t<h2 class=\"elementor-heading-title elementor-size-default\">Wie spielt man Bakkarat?<\/h2>\t\t\t\t<\/div>\n\t\t\t\t<\/div>\n\t\t\t\t<\/div>\n\t\t<div class=\"elementor-element elementor-element-2538271 e-con-full e-flex e-con e-parent\" data-id=\"2538271\" data-element_type=\"container\">\n\t\t\t\t<div class=\"elementor-element elementor-element-c07f515 elementor-widget elementor-widget-text-editor\" data-id=\"c07f515\" data-element_type=\"widget\" data-widget_type=\"text-editor.default\">\n\t\t\t\t<div class=\"elementor-widget-container\">\n\t\t\t\t\t\t\t\t\t<p>Es ist sehr stumpf, online Baccarat zu spielen, denn dieser k\u00fcnstlerische Leiter macht die ganze Arbeit noch mehr, so dass Sie miteinander entscheiden m\u00fcssen, wer diese Meisterschaft von nun an auf den Hund bekommt, Finanzinstitut oder Spieler. Die Bezeichnungen sind zu einem kleinen Teil irref\u00fchrend, zumal es sich bei dem Spieler nicht um einen echten Baccarat-Spieler handelt, sondern um einen virtuellen Spieler. Also, an sich wettet man beim Baccarat darauf, ob die Eins oder die Option den Vorteil gewinnt. Der einzige Unterschied in Bezug auf die beiden Parteien besteht darin, zu welchem Zeitpunkt die Option gezogen werden muss oder nicht.   <\/p>\n<p>Um Baccarat zu verfolgen, m\u00fcssen Sie verfolgen, wie viel ein solcher Schein wert ist. Der Experte hat im Rahmen von Baccarat immer die Zahl 1 &#8211; ansonsten identisch mit Blackjack, wo dieser Experte auch die Zahl 11 akzeptieren kann. Die Zahl 2 wird nur bei 9 im Baccarat angezeigt; daneben jedoch. . die aufgedruckte Zahl (identisch im Rahmen von Blackjack). Die Bildkarten (Bube, Dame, K\u00f6nig) sind beim Baccarat 0 Punkte wert &#8211; beim Blackjack bringen solche Karten jedes Mal eine Zahl auf der Seite 10 ein.      <\/p>\n\t\t\t\t\t\t\t\t<\/div>\n\t\t\t\t<\/div>\n\t\t\t\t<div class=\"elementor-element elementor-element-e180f40 elementor-widget elementor-widget-heading\" data-id=\"e180f40\" data-element_type=\"widget\" data-widget_type=\"heading.default\">\n\t\t\t\t<div class=\"elementor-widget-container\">\n\t\t\t\t\t<h3 class=\"elementor-heading-title elementor-size-default\">Baccarat Wahrscheinlichkeiten und Regeln:<\/h3>\t\t\t\t<\/div>\n\t\t\t\t<\/div>\n\t\t\t\t<div class=\"elementor-element elementor-element-189f9a7 elementor-widget elementor-widget-text-editor\" data-id=\"189f9a7\" data-element_type=\"widget\" data-widget_type=\"text-editor.default\">\n\t\t\t\t<div class=\"elementor-widget-container\">\n\t\t\t\t\t\t\t\t\t<p>Beginnen wir mit den Quoten. Die Wahrscheinlichkeit, dass ein Spiel mit einem Unentschieden endet, betr\u00e4gt 14. 12%. Wenn Sie mit dieser Wette richtig liegen, wird Ihr Einsatz mit 8:1 ausgezahlt &#8211; ein beeindruckender Betrag, eher zum Nachteil des Spielers, w\u00e4hrend andere Wetten eine langfristige Gewinnchance haben. Die Quoten f\u00fcr die beiden anderen Spieler liegen bei etwa 50%, so dass die Bank hier einen kleinen Vorteil hat. Der Hausvorteil beim Baccarat wird nur durch eine 5%ige Provision garantiert, wenn das Haus gewinnt, ansonsten ist das Spiel ziemlich fair. Die h\u00f6chste Gewinnchance haben Sie definitiv, wenn Sie auf die &#8222;Banco&#8220; setzen, denn hier sinkt der Hausvorteil auf 1,06% &#8211; dies ist eine der besten Quoten aller Automatenspiele.       <\/p>\n<p>Kommen wir nun zu den Regeln. Das Spiel beginnt in der Regel nach dem Setzen der Eins\u00e4tze, wobei alle Entscheidungen vollautomatisch getroffen werden, so dass der Spieler die Runde mit Begeisterung verfolgen kann. Einige Regeln legen fest, wann welcher Spieler eine weitere Karte erh\u00e4lt und wann nicht. Das Verfahren ist dem von Blackjack sehr \u00e4hnlich &#8211; der einzige Unterschied ist, dass beim Baccarat beide Spieler ben\u00f6tigt werden. Da die Regeln des Draw zwischen den Baccarat-Varianten leicht variieren und f\u00fcr ein echtes Verst\u00e4ndnis des Spiels nicht notwendig sind, lassen wir die Erkl\u00e4rungen vorerst beiseite.    <\/p>\n\t\t\t\t\t\t\t\t<\/div>\n\t\t\t\t<\/div>\n\t\t\t\t<div class=\"elementor-element elementor-element-e0a4023 elementor-widget elementor-widget-heading\" data-id=\"e0a4023\" data-element_type=\"widget\" data-widget_type=\"heading.default\">\n\t\t\t\t<div class=\"elementor-widget-container\">\n\t\t\t\t\t<h3 class=\"elementor-heading-title elementor-size-default\">Bakkarat Tipps f\u00fcr Anf\u00e4nger<\/h3>\t\t\t\t<\/div>\n\t\t\t\t<\/div>\n\t\t\t\t<div class=\"elementor-element elementor-element-f5ddc21 elementor-widget elementor-widget-text-editor\" data-id=\"f5ddc21\" data-element_type=\"widget\" data-widget_type=\"text-editor.default\">\n\t\t\t\t<div class=\"elementor-widget-container\">\n\t\t\t\t\t\t\t\t\t<p>Wenn Sie ein blutiger Neuling beim Baccarat-Spiel sind, finden Sie die besten Tipps und Tricks hier bei BestCasinoListe. com. <\/p>\n<p>Sie werden die besten Tipps und Tricks sammeln, wenn Sie am Baccarat-Tisch sitzen und zun\u00e4chst einen kleinen Mindesteinsatz setzen, um gro\u00dfe Verluste zu vermeiden. Durch die Erfahrung k\u00f6nnen Sie auch ein Gef\u00fchl f\u00fcr Baccarat entwickeln. Ein Tipp von uns: Setzen Sie nicht auf ein Unentschieden, denn hier sind die Gewinnchancen am geringsten. Wenn Sie die alten James Bond-Filme sehen, k\u00f6nnen Sie sich auch ein paar Tipps holen.   <\/p>\n\t\t\t\t\t\t\t\t<\/div>\n\t\t\t\t<\/div>\n\t\t\t\t<div class=\"elementor-element elementor-element-1a432e1 elementor-widget elementor-widget-heading\" data-id=\"1a432e1\" data-element_type=\"widget\" data-widget_type=\"heading.default\">\n\t\t\t\t<div class=\"elementor-widget-container\">\n\t\t\t\t\t<h3 class=\"elementor-heading-title elementor-size-default\">Die besten Bakkarat-Strategien:<\/h3>\t\t\t\t<\/div>\n\t\t\t\t<\/div>\n\t\t\t\t<div class=\"elementor-element elementor-element-00a0cfd elementor-widget elementor-widget-text-editor\" data-id=\"00a0cfd\" data-element_type=\"widget\" data-widget_type=\"text-editor.default\">\n\t\t\t\t<div class=\"elementor-widget-container\">\n\t\t\t\t\t\t\t\t\t<p>Das Alter des Baccarats hat im Laufe der Zeit zur Entwicklung interessanter Strategien gef\u00fchrt. Insbesondere die leichte Verst\u00e4ndlichkeit des Baccarats und die klaren Wettm\u00f6glichkeiten haben seine Entwicklung beg\u00fcnstigt, da die Wette auf einen der beiden Spieler fast identisch mit einer 50:50-Wette ist, k\u00f6nnen Sie beim Baccarat fast jede Strategie anwenden.<\/p>\n\t\t\t\t\t\t\t\t<\/div>\n\t\t\t\t<\/div>\n\t\t\t\t<div class=\"elementor-element elementor-element-d7ac299 elementor-widget elementor-widget-heading\" data-id=\"d7ac299\" data-element_type=\"widget\" data-widget_type=\"heading.default\">\n\t\t\t\t<div class=\"elementor-widget-container\">\n\t\t\t\t\t<h3 class=\"elementor-heading-title elementor-size-default\">Bakkarat Martingale Strategie  <\/h3>\t\t\t\t<\/div>\n\t\t\t\t<\/div>\n\t\t\t\t<div class=\"elementor-element elementor-element-c070242 elementor-widget elementor-widget-text-editor\" data-id=\"c070242\" data-element_type=\"widget\" data-widget_type=\"text-editor.default\">\n\t\t\t\t<div class=\"elementor-widget-container\">\n\t\t\t\t\t\t\t\t\t<p>Mit der Martingale-Strategie verdoppeln Sie Ihren Einsatz bei jedem Verlust. Mit diesem schrittweisen Ansatz k\u00f6nnen Sie im Falle eines Gewinns das gesamte verlorene Geld auf einmal zur\u00fcckerhalten. Dieses System wird als mittelm\u00e4\u00dfig sicher eingestuft und hat den Nachteil, dass Sie unter Umst\u00e4nden sehr schnell gro\u00dfe Summen ben\u00f6tigen, um Ihren Einsatz verdoppeln zu k\u00f6nnen.  <\/p>\n<p><strong>System-W\u00f6rter:<\/strong><\/p>\n<p>Das Paroli-System ist dem Martingale-System relativ \u00e4hnlich, mit dem entscheidenden Unterschied, dass Sie hier Ihren Einsatz erh\u00f6hen, wenn Sie gewinnen, wenn Sie eine Runde verlieren, verringern Sie Ihren Einsatz als Folge des Gewinns, wie bei Double Words. Das Gewinnziel sollte nicht zu hoch sein, da Sie es sonst selten oder nie erreichen werden. Ein dreifaches Wort sollte die Obergrenze f\u00fcr moderate Spieler sein.  <\/p>\n\t\t\t\t\t\t\t\t<\/div>\n\t\t\t\t<\/div>\n\t\t\t\t<div class=\"elementor-element elementor-element-564c748 elementor-widget elementor-widget-heading\" data-id=\"564c748\" data-element_type=\"widget\" data-widget_type=\"heading.default\">\n\t\t\t\t<div class=\"elementor-widget-container\">\n\t\t\t\t\t<h3 class=\"elementor-heading-title elementor-size-default\">Baccarat D'Lamberet System:<\/h3>\t\t\t\t<\/div>\n\t\t\t\t<\/div>\n\t\t\t\t<div class=\"elementor-element elementor-element-5db5e79 elementor-widget elementor-widget-text-editor\" data-id=\"5db5e79\" data-element_type=\"widget\" data-widget_type=\"text-editor.default\">\n\t\t\t\t<div class=\"elementor-widget-container\">\n\t\t\t\t\t\t\t\t\t<p>Das Lamberet-System gilt als eines der sichersten Systeme f\u00fcr Gl\u00fccksspiele, aber es bedeutet auch, dass es nicht m\u00f6glich ist, schnell gro\u00dfe Gewinne zu erzielen. Bei diesem System \u00e4ndern Sie Ihren Einsatz sogar nach jeder Drehung. Wenn Sie gewinnen, erh\u00f6hen Sie den Einsatz um eine Einheit. Wenn Sie verlieren, verringern Sie den Einsatz um eine Einheit, so dass Sie eine sehr ausgeglichene Bankroll erhalten und lange im Spiel bleiben.   <\/p>\n\t\t\t\t\t\t\t\t<\/div>\n\t\t\t\t<\/div>\n\t\t\t\t<div class=\"elementor-element elementor-element-93e79b3 elementor-widget elementor-widget-text-editor\" data-id=\"93e79b3\" data-element_type=\"widget\" data-widget_type=\"text-editor.default\">\n\t\t\t\t<div class=\"elementor-widget-container\">\n\t\t\t\t\t\t\t\t\t<p><strong>Fazit<\/strong>:<\/p>\n<p>Wir hoffen, dass Ihnen unser Artikel \u00fcber Baccarat gefallen hat und Sie nun die Grundlagen des Spiels verstanden haben. Glauben Sie uns, es gibt kein unkomplizierteres Automatenspiel. Wenn Sie also das n\u00e4chste Mal den Spielsalon besuchen, trauen Sie sich an den Baccarat-Tisch und nutzen Sie den minimalen Hausvorteil, der Ihnen die Chance auf einen gro\u00dfen Gewinn gibt. Dasselbe gilt f\u00fcr das Online-Baccarat-Spiel &#8211; Sie sollten Live-Baccarat online ausprobieren!   <\/p>\n\t\t\t\t\t\t\t\t<\/div>\n\t\t\t\t<\/div>\n\t\t\t\t<div class=\"elementor-element elementor-element-f5f08ad elementor-button-success elementor-align-center elementor-widget elementor-widget-button\" data-id=\"f5f08ad\" data-element_type=\"widget\" data-widget_type=\"button.default\">\n\t\t\t\t<div class=\"elementor-widget-container\">\n\t\t\t\t\t\t\t\t\t<div class=\"elementor-button-wrapper\">\n\t\t\t\t\t<a class=\"elementor-button elementor-button-link elementor-size-sm\" href=\"#\">\n\t\t\t\t\t\t<span class=\"elementor-button-content-wrapper\">\n\t\t\t\t\t\t\t\t\t<span class=\"elementor-button-text\">Spielen Sie Baccarat hier<\/span>\n\t\t\t\t\t<\/span>\n\t\t\t\t\t<\/a>\n\t\t\t\t<\/div>\n\t\t\t\t\t\t\t\t<\/div>\n\t\t\t\t<\/div>\n\t\t\t\t<div class=\"elementor-element elementor-element-7fe8f30 elementor-headline--style-highlight elementor-widget elementor-widget-animated-headline\" data-id=\"7fe8f30\" data-element_type=\"widget\" data-settings=\"{&quot;highlighted_text&quot;:&quot;Zinkra Casino&quot;,&quot;headline_style&quot;:&quot;highlight&quot;,&quot;marker&quot;:&quot;circle&quot;,&quot;loop&quot;:&quot;yes&quot;,&quot;highlight_animation_duration&quot;:1200,&quot;highlight_iteration_delay&quot;:8000}\" data-widget_type=\"animated-headline.default\">\n\t\t\t\t<div class=\"elementor-widget-container\">\n\t\t\t\t\t\t\t\t<a href=\"https:\/\/zinkra.com\/en\/home\" target=\"_blank\">\n\n\t\t\t\t\t<h3 class=\"elementor-headline\">\n\t\t\t\t\t<span class=\"elementor-headline-plain-text elementor-headline-text-wrapper\">Redakteure Top Baccarat Casino :  <\/span>\n\t\t\t\t<span class=\"elementor-headline-dynamic-wrapper elementor-headline-text-wrapper\">\n\t\t\t\t\t<span class=\"elementor-headline-dynamic-text elementor-headline-text-active\">Zinkra Casino<\/span>\n\t\t\t\t<\/span>\n\t\t\t\t<\/h3>\n\t\t<\/a>\t\t\t\t<\/div>\n\t\t\t\t<\/div>\n\t\t\t\t<\/div>\n\t\t\t\t<\/div>\n\t\t","protected":false},"excerpt":{"rendered":"<p>Online Bakkarat Regeln und Infos Spielen Sie Baccarat hier Online Bakkarat Regeln. Dieser Artikel stellt Ihnen das beliebte Automatenspiel Baccarat Online vor. Es wird angenommen, dass dieses Spiel seinen Ursprung im 16. Jahrhundert in Neapel hat. Von da an hat sich das Spiel jedoch rund um den Globus verbreitet und ist heute einer der beliebtesten [&hellip;]<\/p>\n","protected":false},"author":1,"featured_media":0,"parent":0,"menu_order":0,"comment_status":"closed","ping_status":"closed","template":"","meta":{"footnotes":""},"class_list":["post-4650","page","type-page","status-publish","hentry"],"blocksy_meta":[],"acf":[],"yoast_head":"<!-- This site is optimized with the Yoast SEO plugin v24.1 - https:\/\/yoast.com\/wordpress\/plugins\/seo\/ -->\n<title>Online Bakkarat - casinoreturn<\/title>\n<meta name=\"description\" content=\"Online Baccarat ist eines der \u00e4ltesten bekannten Spiele, das urspr\u00fcnglich aus Neapel stammt. Lesen Sie hier, wie Sie Baccarat online spielen k\u00f6nnen.\" \/>\n<meta name=\"robots\" content=\"index, follow, max-snippet:-1, max-image-preview:large, max-video-preview:-1\" \/>\n<link rel=\"canonical\" href=\"https:\/\/casinoreturn.com\/de\/online-bakkarat\/\" \/>\n<meta property=\"og:locale\" content=\"de_DE\" \/>\n<meta property=\"og:type\" content=\"article\" \/>\n<meta property=\"og:title\" content=\"Online Bakkarat - casinoreturn\" \/>\n<meta property=\"og:description\" content=\"Online Baccarat ist eines der \u00e4ltesten bekannten Spiele, das urspr\u00fcnglich aus Neapel stammt. Lesen Sie hier, wie Sie Baccarat online spielen k\u00f6nnen.\" \/>\n<meta property=\"og:url\" content=\"https:\/\/casinoreturn.com\/de\/online-bakkarat\/\" \/>\n<meta property=\"og:site_name\" content=\"casinoreturn\" \/>\n<meta property=\"article:modified_time\" content=\"2024-12-02T18:00:35+00:00\" \/>\n<meta property=\"og:image\" content=\"https:\/\/casinoreturn.com\/wp-content\/uploads\/2024\/11\/Online-Baccarat.png\" \/>\n\t<meta property=\"og:image:width\" content=\"376\" \/>\n\t<meta property=\"og:image:height\" content=\"250\" \/>\n\t<meta property=\"og:image:type\" content=\"image\/png\" \/>\n<meta name=\"twitter:card\" content=\"summary_large_image\" \/>\n<meta name=\"twitter:label1\" content=\"Gesch\u00e4tzte Lesezeit\" \/>\n\t<meta name=\"twitter:data1\" content=\"5\u00a0Minuten\" \/>\n<script type=\"application\/ld+json\" class=\"yoast-schema-graph\">{\"@context\":\"https:\/\/schema.org\",\"@graph\":[{\"@type\":\"WebPage\",\"@id\":\"https:\/\/casinoreturn.com\/de\/online-bakkarat\/\",\"url\":\"https:\/\/casinoreturn.com\/de\/online-bakkarat\/\",\"name\":\"Online Bakkarat - casinoreturn\",\"isPartOf\":{\"@id\":\"https:\/\/casinoreturn.com\/#website\"},\"primaryImageOfPage\":{\"@id\":\"https:\/\/casinoreturn.com\/de\/online-bakkarat\/#primaryimage\"},\"image\":{\"@id\":\"https:\/\/casinoreturn.com\/de\/online-bakkarat\/#primaryimage\"},\"thumbnailUrl\":\"https:\/\/casinoreturn.com\/wp-content\/uploads\/2024\/11\/Online-Baccarat.png\",\"datePublished\":\"2024-11-21T14:27:34+00:00\",\"dateModified\":\"2024-12-02T18:00:35+00:00\",\"description\":\"Online Baccarat ist eines der \u00e4ltesten bekannten Spiele, das urspr\u00fcnglich aus Neapel stammt. Lesen Sie hier, wie Sie Baccarat online spielen k\u00f6nnen.\",\"breadcrumb\":{\"@id\":\"https:\/\/casinoreturn.com\/de\/online-bakkarat\/#breadcrumb\"},\"inLanguage\":\"de\",\"potentialAction\":[{\"@type\":\"ReadAction\",\"target\":[\"https:\/\/casinoreturn.com\/de\/online-bakkarat\/\"]}]},{\"@type\":\"ImageObject\",\"inLanguage\":\"de\",\"@id\":\"https:\/\/casinoreturn.com\/de\/online-bakkarat\/#primaryimage\",\"url\":\"https:\/\/casinoreturn.com\/wp-content\/uploads\/2024\/11\/Online-Baccarat.png\",\"contentUrl\":\"https:\/\/casinoreturn.com\/wp-content\/uploads\/2024\/11\/Online-Baccarat.png\"},{\"@type\":\"BreadcrumbList\",\"@id\":\"https:\/\/casinoreturn.com\/de\/online-bakkarat\/#breadcrumb\",\"itemListElement\":[{\"@type\":\"ListItem\",\"position\":1,\"name\":\"Home\",\"item\":\"https:\/\/casinoreturn.com\/de\/heim\/\"},{\"@type\":\"ListItem\",\"position\":2,\"name\":\"Online Bakkarat\"}]},{\"@type\":\"WebSite\",\"@id\":\"https:\/\/casinoreturn.com\/#website\",\"url\":\"https:\/\/casinoreturn.com\/\",\"name\":\"casinoreturn\",\"description\":\"\",\"publisher\":{\"@id\":\"https:\/\/casinoreturn.com\/#organization\"},\"potentialAction\":[{\"@type\":\"SearchAction\",\"target\":{\"@type\":\"EntryPoint\",\"urlTemplate\":\"https:\/\/casinoreturn.com\/?s={search_term_string}\"},\"query-input\":{\"@type\":\"PropertyValueSpecification\",\"valueRequired\":true,\"valueName\":\"search_term_string\"}}],\"inLanguage\":\"de\"},{\"@type\":\"Organization\",\"@id\":\"https:\/\/casinoreturn.com\/#organization\",\"name\":\"casinoreturn\",\"url\":\"https:\/\/casinoreturn.com\/\",\"logo\":{\"@type\":\"ImageObject\",\"inLanguage\":\"de\",\"@id\":\"https:\/\/casinoreturn.com\/#\/schema\/logo\/image\/\",\"url\":\"https:\/\/casinoreturn.com\/wp-content\/uploads\/2024\/09\/animal-favicon.png\",\"contentUrl\":\"https:\/\/casinoreturn.com\/wp-content\/uploads\/2024\/09\/animal-favicon.png\",\"width\":92,\"height\":92,\"caption\":\"casinoreturn\"},\"image\":{\"@id\":\"https:\/\/casinoreturn.com\/#\/schema\/logo\/image\/\"}}]}<\/script>\n<!-- \/ Yoast SEO plugin. -->","yoast_head_json":{"title":"Online Bakkarat - casinoreturn","description":"Online Baccarat ist eines der \u00e4ltesten bekannten Spiele, das urspr\u00fcnglich aus Neapel stammt. Lesen Sie hier, wie Sie Baccarat online spielen k\u00f6nnen.","robots":{"index":"index","follow":"follow","max-snippet":"max-snippet:-1","max-image-preview":"max-image-preview:large","max-video-preview":"max-video-preview:-1"},"canonical":"https:\/\/casinoreturn.com\/de\/online-bakkarat\/","og_locale":"de_DE","og_type":"article","og_title":"Online Bakkarat - casinoreturn","og_description":"Online Baccarat ist eines der \u00e4ltesten bekannten Spiele, das urspr\u00fcnglich aus Neapel stammt. Lesen Sie hier, wie Sie Baccarat online spielen k\u00f6nnen.","og_url":"https:\/\/casinoreturn.com\/de\/online-bakkarat\/","og_site_name":"casinoreturn","article_modified_time":"2024-12-02T18:00:35+00:00","og_image":[{"width":376,"height":250,"url":"https:\/\/casinoreturn.com\/wp-content\/uploads\/2024\/11\/Online-Baccarat.png","type":"image\/png"}],"twitter_card":"summary_large_image","twitter_misc":{"Gesch\u00e4tzte Lesezeit":"5\u00a0Minuten"},"schema":{"@context":"https:\/\/schema.org","@graph":[{"@type":"WebPage","@id":"https:\/\/casinoreturn.com\/de\/online-bakkarat\/","url":"https:\/\/casinoreturn.com\/de\/online-bakkarat\/","name":"Online Bakkarat - casinoreturn","isPartOf":{"@id":"https:\/\/casinoreturn.com\/#website"},"primaryImageOfPage":{"@id":"https:\/\/casinoreturn.com\/de\/online-bakkarat\/#primaryimage"},"image":{"@id":"https:\/\/casinoreturn.com\/de\/online-bakkarat\/#primaryimage"},"thumbnailUrl":"https:\/\/casinoreturn.com\/wp-content\/uploads\/2024\/11\/Online-Baccarat.png","datePublished":"2024-11-21T14:27:34+00:00","dateModified":"2024-12-02T18:00:35+00:00","description":"Online Baccarat ist eines der \u00e4ltesten bekannten Spiele, das urspr\u00fcnglich aus Neapel stammt. Lesen Sie hier, wie Sie Baccarat online spielen k\u00f6nnen.","breadcrumb":{"@id":"https:\/\/casinoreturn.com\/de\/online-bakkarat\/#breadcrumb"},"inLanguage":"de","potentialAction":[{"@type":"ReadAction","target":["https:\/\/casinoreturn.com\/de\/online-bakkarat\/"]}]},{"@type":"ImageObject","inLanguage":"de","@id":"https:\/\/casinoreturn.com\/de\/online-bakkarat\/#primaryimage","url":"https:\/\/casinoreturn.com\/wp-content\/uploads\/2024\/11\/Online-Baccarat.png","contentUrl":"https:\/\/casinoreturn.com\/wp-content\/uploads\/2024\/11\/Online-Baccarat.png"},{"@type":"BreadcrumbList","@id":"https:\/\/casinoreturn.com\/de\/online-bakkarat\/#breadcrumb","itemListElement":[{"@type":"ListItem","position":1,"name":"Home","item":"https:\/\/casinoreturn.com\/de\/heim\/"},{"@type":"ListItem","position":2,"name":"Online Bakkarat"}]},{"@type":"WebSite","@id":"https:\/\/casinoreturn.com\/#website","url":"https:\/\/casinoreturn.com\/","name":"casinoreturn","description":"","publisher":{"@id":"https:\/\/casinoreturn.com\/#organization"},"potentialAction":[{"@type":"SearchAction","target":{"@type":"EntryPoint","urlTemplate":"https:\/\/casinoreturn.com\/?s={search_term_string}"},"query-input":{"@type":"PropertyValueSpecification","valueRequired":true,"valueName":"search_term_string"}}],"inLanguage":"de"},{"@type":"Organization","@id":"https:\/\/casinoreturn.com\/#organization","name":"casinoreturn","url":"https:\/\/casinoreturn.com\/","logo":{"@type":"ImageObject","inLanguage":"de","@id":"https:\/\/casinoreturn.com\/#\/schema\/logo\/image\/","url":"https:\/\/casinoreturn.com\/wp-content\/uploads\/2024\/09\/animal-favicon.png","contentUrl":"https:\/\/casinoreturn.com\/wp-content\/uploads\/2024\/09\/animal-favicon.png","width":92,"height":92,"caption":"casinoreturn"},"image":{"@id":"https:\/\/casinoreturn.com\/#\/schema\/logo\/image\/"}}]}},"_links":{"self":[{"href":"https:\/\/casinoreturn.com\/de\/wp-json\/wp\/v2\/pages\/4650","targetHints":{"allow":["GET"]}}],"collection":[{"href":"https:\/\/casinoreturn.com\/de\/wp-json\/wp\/v2\/pages"}],"about":[{"href":"https:\/\/casinoreturn.com\/de\/wp-json\/wp\/v2\/types\/page"}],"author":[{"embeddable":true,"href":"https:\/\/casinoreturn.com\/de\/wp-json\/wp\/v2\/users\/1"}],"replies":[{"embeddable":true,"href":"https:\/\/casinoreturn.com\/de\/wp-json\/wp\/v2\/comments?post=4650"}],"version-history":[{"count":1,"href":"https:\/\/casinoreturn.com\/de\/wp-json\/wp\/v2\/pages\/4650\/revisions"}],"predecessor-version":[{"id":4651,"href":"https:\/\/casinoreturn.com\/de\/wp-json\/wp\/v2\/pages\/4650\/revisions\/4651"}],"wp:attachment":[{"href":"https:\/\/casinoreturn.com\/de\/wp-json\/wp\/v2\/media?parent=4650"}],"curies":[{"name":"wp","href":"https:\/\/api.w.org\/{rel}","templated":true}]}}