{"id":4964,"date":"2024-11-13T14:22:59","date_gmt":"2024-11-13T14:22:59","guid":{"rendered":"https:\/\/casinoreturn.com\/fantasy-football-wetten-casinos\/"},"modified":"2025-10-31T13:17:55","modified_gmt":"2025-10-31T13:17:55","slug":"fantasy-football-wetten-casinos","status":"publish","type":"page","link":"https:\/\/casinoreturn.com\/de\/fantasy-football-wetten-casinos\/","title":{"rendered":"Fantasy Football Wetten Casinos"},"content":{"rendered":"\t\t<div data-elementor-type=\"wp-page\" data-elementor-id=\"4964\" class=\"elementor elementor-4964\" data-elementor-post-type=\"page\">\n\t\t\t\t<div class=\"elementor-element elementor-element-642d999 e-con-full e-flex e-con e-parent\" data-id=\"642d999\" data-element_type=\"container\">\n\t\t\t\t<div class=\"elementor-element elementor-element-d027b58 elementor-widget elementor-widget-image\" data-id=\"d027b58\" data-element_type=\"widget\" data-widget_type=\"image.default\">\n\t\t\t\t<div class=\"elementor-widget-container\">\n\t\t\t\t\t\t\t\t\t\t\t\t\t\t\t<img decoding=\"async\" src=\"https:\/\/casinoreturn.com\/wp-content\/uploads\/elementor\/thumbs\/Fantasy-Football-Casino-qx0213mld26kmw2y2bvw2cqpmcar1kh6oms60z1sr4.jpg\" title=\"Fantasy Football Casino\" alt=\"Fantasy Football Casino Betting\" loading=\"lazy\" \/>\t\t\t\t\t\t\t\t\t\t\t\t\t\t\t<\/div>\n\t\t\t\t<\/div>\n\t\t\t\t<div class=\"elementor-element elementor-element-1095682 elementor-widget elementor-widget-heading\" data-id=\"1095682\" data-element_type=\"widget\" data-widget_type=\"heading.default\">\n\t\t\t\t<div class=\"elementor-widget-container\">\n\t\t\t\t\t<h2 class=\"elementor-heading-title elementor-size-default\">Fantasy Football Casino Wetten<\/h2>\t\t\t\t<\/div>\n\t\t\t\t<\/div>\n\t\t\t\t<div class=\"elementor-element elementor-element-77d5a60 elementor-widget elementor-widget-text-editor\" data-id=\"77d5a60\" data-element_type=\"widget\" data-widget_type=\"text-editor.default\">\n\t\t\t\t<div class=\"elementor-widget-container\">\n\t\t\t\t\t\t\t\t\t<h3>Was ist Fantasy Football?<\/h3>\n<p>Was genau ist Fantasy Football? Auf diese Weise werden Sie zum General Manager Ihres Fu\u00dfballteams, bei dem Sie &#8211; und nur Sie &#8211; entscheiden, welche Spieler Sie wollen. <\/p>\n<h5>Auswahl Ihrer eigenen Spieler<\/h5>\n<p>Sie w\u00e4hlen eine Liste von NFL-Spielern f\u00fcr Ihr Team aus und nutzen deren reale Daten, um mit anderen \u00e4hnlich ausgew\u00e4hlten Teams zu konkurrieren und zu ermitteln, welcher Boss besser abschneidet. In jeder Woche der Football-Saison entscheidet die Leistung der Spieler, die Sie in die Startaufstellung stellen, \u00fcber Erfolg oder Misserfolg Ihres Fantasy-Teams. <\/p>\n<h5>Ersetzen Sie Ihre Spieler<\/h5>\n<p>Sie k\u00f6nnen Ersatzspieler ausw\u00e4hlen, die auf der Bank sitzen, an der freien Linie arbeiten, um hei\u00dfe Teile zu bekommen, oder versuchen, einen alternden Veteranen loszuwerden, bevor das Rad abf\u00e4llt, im Austausch f\u00fcr einen Neuling, der kurz davor ist, Feuer zu fangen. Sobald Sie sich in Ihrer Online-Spielothek registriert haben, w\u00e4hlen Sie zun\u00e4chst Ihre Lieblingsliga aus, und Ihrer ersten Wette im Fantasy Football steht nichts mehr im Wege! Bei der Wahl einer Liga sollten Sie auch die folgenden Punkte ber\u00fccksichtigen:  <\/p>\n<h4>Dinge, die Sie beim Fantasy Football beachten sollten<\/h4>\n<p>Es gibt Ligen in allen Gr\u00f6\u00dfen und Sie k\u00f6nnen w\u00e4hlen, ob Sie nur an vier Teams oder an bis zu 30 Teams teilnehmen m\u00f6chten. Je weniger Besitzer, desto mehr Superstars in jeder Mannschaft. Wenn Ihre Liga jedoch zu viele Teams hat und Sie einmal pro Woche einen Kader zusammenstellen wollen, m\u00fcssen Sie vielleicht den Namen des Close Ends in der vierten Reihe kennen. Das kann leichter zu kauen sein als bei normalen Fans.   <\/p>\n<h5>Liga der 12 Mannschaften<\/h5>\n<p>F\u00fcr mich sind 12 die perfekte Gr\u00f6\u00dfe f\u00fcr die Fantasy Football League. Auf diese Weise wird jedes Team schlie\u00dflich eine gute Mischung aus Talenten haben. Jedes Team wird nicht nur mehrere Spieler haben, sondern der Besitzer muss auch tiefer in den Spielerpool greifen, um die Spielerliste zu vervollst\u00e4ndigen. Allerdings wird es wahrscheinlich gute Spieler geben, wenn alle Spielerlisten gef\u00fcllt sind. Wenn die Saison also in vollem Gange ist, k\u00f6nnen die Bosse ihr Gebiet verbessern.   <\/p>\n\t\t\t\t\t\t\t\t<\/div>\n\t\t\t\t<\/div>\n\t\t\t\t<div class=\"elementor-element elementor-element-b8c877b elementor-widget elementor-widget-heading\" data-id=\"b8c877b\" data-element_type=\"widget\" data-widget_type=\"heading.default\">\n\t\t\t\t<div class=\"elementor-widget-container\">\n\t\t\t\t\t<h3 class=\"elementor-heading-title elementor-size-default\">Wie wettet man auf Fantasy Football?<\/h3>\t\t\t\t<\/div>\n\t\t\t\t<\/div>\n\t\t\t\t<div class=\"elementor-element elementor-element-65d3835 elementor-widget elementor-widget-text-editor\" data-id=\"65d3835\" data-element_type=\"widget\" data-widget_type=\"text-editor.default\">\n\t\t\t\t<div class=\"elementor-widget-container\">\n\t\t\t\t\t\t\t\t\t<p>Im folgenden Artikel werden wir uns mit der Frage besch\u00e4ftigen, wie Fantasy Football funktioniert oder &#8222;Wie funktioniert NFL Fantasy Football&#8220;? Oder &#8222;Wie funktioniert Fantasy Football Draft&#8220;? Dar\u00fcber hinaus gehen wir der Frage nach, inwieweit ein Fantasy-Besitzer einem bestimmten Spieler zugeordnet wird.  <\/p>\n<h5>Wie funktioniert der NFL Fantasy Draft?<\/h5>\n<p>In den meisten Ligen gibt es Drafts, bei denen der Chef abwechselnd Spieler ausw\u00e4hlt, die noch nicht dem Team zugewiesen wurden. Normalerweise wird der Entwurf in einer Warteschlange erstellt, wobei das Team in einer Runde zuerst und in der n\u00e4chsten Runde zuletzt abstimmt, um die Ausgewogenheit des Teams zu gew\u00e4hrleisten. Eine weitere M\u00f6glichkeit der Verbreitung sind Auktionen.<\/p>\n<h5>Was passiert bei einer Auktion f\u00fcr Teamspieler?<\/h5>\n<p>Beim Auktionsformat beginnen alle Teams mit dem gleichen Betrag an Fantasiegeld und nominieren dann einen Spieler. Das h\u00f6chste Gebot f\u00fcr einen bestimmten Spieler gewinnt, aber nat\u00fcrlich hat der siegreiche Besitzer nun weniger Geld zur Verf\u00fcgung, um auf nachfolgende Spieler zu bieten. Obwohl also die Auktion es jedem Boss erm\u00f6glicht, sich um die Spieler zu k\u00fcmmern, die er m\u00f6chte, muss jeder Boss auf ein vern\u00fcnftiges Budget achten, sonst hat er vielleicht drei Kandidaten neben einem Haufen &#8222;Busch&#8220;. &#8220;  <\/p>\n\t\t\t\t\t\t\t\t<\/div>\n\t\t\t\t<\/div>\n\t\t\t\t<div class=\"elementor-element elementor-element-f39cfac elementor-widget elementor-widget-image\" data-id=\"f39cfac\" data-element_type=\"widget\" data-widget_type=\"image.default\">\n\t\t\t\t<div class=\"elementor-widget-container\">\n\t\t\t\t\t\t\t\t\t\t\t\t\t\t\t<img decoding=\"async\" src=\"https:\/\/casinoreturn.com\/wp-content\/uploads\/elementor\/thumbs\/Fantasy-Football-Betting-qx02bndcu9ujrxxwe1uggpwkyijm1f47ij8zsbghxs.jpg\" title=\"Fantasy Football Betting\" alt=\"Fantasy Football Betting\" loading=\"lazy\" \/>\t\t\t\t\t\t\t\t\t\t\t\t\t\t\t<\/div>\n\t\t\t\t<\/div>\n\t\t\t\t<div class=\"elementor-element elementor-element-9a86ccb elementor-widget elementor-widget-heading\" data-id=\"9a86ccb\" data-element_type=\"widget\" data-widget_type=\"heading.default\">\n\t\t\t\t<div class=\"elementor-widget-container\">\n\t\t\t\t\t<h3 class=\"elementor-heading-title elementor-size-default\">Die besten Tipps f\u00fcr Wetten auf Fantasy Football:<\/h3>\t\t\t\t<\/div>\n\t\t\t\t<\/div>\n\t\t\t\t<div class=\"elementor-element elementor-element-74ad2b2 elementor-widget elementor-widget-text-editor\" data-id=\"74ad2b2\" data-element_type=\"widget\" data-widget_type=\"text-editor.default\">\n\t\t\t\t<div class=\"elementor-widget-container\">\n\t\t\t\t\t\t\t\t\t<p>In einigen Ligen gibt es zu Beginn jeder Saison einen neuen Draft. Andere hingegen bieten den Besitzern die M\u00f6glichkeit, Spieler f\u00fcr mehrere Saisons in ihren Teams zu behalten. <\/p>\n<h5>Zeit der Entscheidung in Fantasy Foofball<\/h5>\n<p>Die Entscheidung sollte jedoch so fr\u00fch wie m\u00f6glich getroffen werden, da Sie dann wissen, ob ein Spieler lange oder kurz im Team bleiben wird. Unabh\u00e4ngig davon, f\u00fcr welche Methode Sie sich am Ende entscheiden, sollten Sie generell ein Gef\u00fchl daf\u00fcr bekommen, wie ein Draft aussieht und funktioniert, und zwar am besten, bevor Sie ihn starten. <\/p>\n\t\t\t\t\t\t\t\t<\/div>\n\t\t\t\t<\/div>\n\t\t\t\t<div class=\"elementor-element elementor-element-f389443 elementor-widget elementor-widget-heading\" data-id=\"f389443\" data-element_type=\"widget\" data-widget_type=\"heading.default\">\n\t\t\t\t<div class=\"elementor-widget-container\">\n\t\t\t\t\t<h3 class=\"elementor-heading-title elementor-size-default\">Beste Wett-Casinos f\u00fcr Fantasy Football?<\/h3>\t\t\t\t<\/div>\n\t\t\t\t<\/div>\n\t\t\t\t<div class=\"elementor-element elementor-element-44ba9f8 elementor-widget elementor-widget-text-editor\" data-id=\"44ba9f8\" data-element_type=\"widget\" data-widget_type=\"text-editor.default\">\n\t\t\t\t<div class=\"elementor-widget-container\">\n\t\t\t\t\t\t\t\t\t<ul>\n<li>Lorem ipsum dolor sit amet, consectetur adipiscing elit. Ut elit tellus, luctus nec ullamcorper mattis, pulvinar dapibus leo. <\/li>\n<\/ul>\n\t\t\t\t\t\t\t\t<\/div>\n\t\t\t\t<\/div>\n\t\t\t\t<\/div>\n\t\t\t\t<\/div>\n\t\t","protected":false},"excerpt":{"rendered":"<p>Fantasy Football Casino Wetten Was ist Fantasy Football? Was genau ist Fantasy Football? Auf diese Weise werden Sie zum General Manager Ihres Fu\u00dfballteams, bei dem Sie &#8211; und nur Sie &#8211; entscheiden, welche Spieler Sie wollen. Auswahl Ihrer eigenen Spieler Sie w\u00e4hlen eine Liste von NFL-Spielern f\u00fcr Ihr Team aus und nutzen deren reale Daten, [&hellip;]<\/p>\n","protected":false},"author":1,"featured_media":0,"parent":0,"menu_order":0,"comment_status":"closed","ping_status":"closed","template":"","meta":{"footnotes":""},"class_list":["post-4964","page","type-page","status-publish","hentry"],"blocksy_meta":[],"acf":[],"yoast_head":"<!-- This site is optimized with the Yoast SEO plugin v24.1 - https:\/\/yoast.com\/wordpress\/plugins\/seo\/ -->\n<title>Fantasy Football Wetten Casinos - casinoreturn<\/title>\n<meta name=\"description\" content=\"Fantasy Football Wett-Casinos sind nicht sehr verbreitet. F\u00fcr die Spieler ist es wichtig, sich zu beteiligen, Ergebnisse auszutauschen und dar\u00fcber zu sprechen.\" \/>\n<meta name=\"robots\" content=\"index, follow, max-snippet:-1, max-image-preview:large, max-video-preview:-1\" \/>\n<link rel=\"canonical\" href=\"https:\/\/casinoreturn.com\/de\/fantasy-football-wetten-casinos\/\" \/>\n<meta property=\"og:locale\" content=\"de_DE\" \/>\n<meta property=\"og:type\" content=\"article\" \/>\n<meta property=\"og:title\" content=\"Fantasy Football Wetten Casinos - casinoreturn\" \/>\n<meta property=\"og:description\" content=\"Fantasy Football Wett-Casinos sind nicht sehr verbreitet. F\u00fcr die Spieler ist es wichtig, sich zu beteiligen, Ergebnisse auszutauschen und dar\u00fcber zu sprechen.\" \/>\n<meta property=\"og:url\" content=\"https:\/\/casinoreturn.com\/de\/fantasy-football-wetten-casinos\/\" \/>\n<meta property=\"og:site_name\" content=\"casinoreturn\" \/>\n<meta property=\"article:modified_time\" content=\"2025-10-31T13:17:55+00:00\" \/>\n<meta property=\"og:image\" content=\"https:\/\/casinoreturn.com\/wp-content\/uploads\/elementor\/thumbs\/Fantasy-Football-Casino-qx0213mld26kmw2y2bvw2cqpmcar1kh6oms60z1sr4.jpg\" \/>\n<meta name=\"twitter:card\" content=\"summary_large_image\" \/>\n<meta name=\"twitter:label1\" content=\"Gesch\u00e4tzte Lesezeit\" \/>\n\t<meta name=\"twitter:data1\" content=\"3\u00a0Minuten\" \/>\n<script type=\"application\/ld+json\" class=\"yoast-schema-graph\">{\"@context\":\"https:\/\/schema.org\",\"@graph\":[{\"@type\":\"WebPage\",\"@id\":\"https:\/\/casinoreturn.com\/de\/fantasy-football-wetten-casinos\/\",\"url\":\"https:\/\/casinoreturn.com\/de\/fantasy-football-wetten-casinos\/\",\"name\":\"Fantasy Football Wetten Casinos - casinoreturn\",\"isPartOf\":{\"@id\":\"https:\/\/casinoreturn.com\/#website\"},\"primaryImageOfPage\":{\"@id\":\"https:\/\/casinoreturn.com\/de\/fantasy-football-wetten-casinos\/#primaryimage\"},\"image\":{\"@id\":\"https:\/\/casinoreturn.com\/de\/fantasy-football-wetten-casinos\/#primaryimage\"},\"thumbnailUrl\":\"https:\/\/casinoreturn.com\/wp-content\/uploads\/elementor\/thumbs\/Fantasy-Football-Casino-qx0213mld26kmw2y2bvw2cqpmcar1kh6oms60z1sr4.jpg\",\"datePublished\":\"2024-11-13T14:22:59+00:00\",\"dateModified\":\"2025-10-31T13:17:55+00:00\",\"description\":\"Fantasy Football Wett-Casinos sind nicht sehr verbreitet. F\u00fcr die Spieler ist es wichtig, sich zu beteiligen, Ergebnisse auszutauschen und dar\u00fcber zu sprechen.\",\"breadcrumb\":{\"@id\":\"https:\/\/casinoreturn.com\/de\/fantasy-football-wetten-casinos\/#breadcrumb\"},\"inLanguage\":\"de\",\"potentialAction\":[{\"@type\":\"ReadAction\",\"target\":[\"https:\/\/casinoreturn.com\/de\/fantasy-football-wetten-casinos\/\"]}]},{\"@type\":\"ImageObject\",\"inLanguage\":\"de\",\"@id\":\"https:\/\/casinoreturn.com\/de\/fantasy-football-wetten-casinos\/#primaryimage\",\"url\":\"https:\/\/casinoreturn.com\/wp-content\/uploads\/elementor\/thumbs\/Fantasy-Football-Casino-qx0213mld26kmw2y2bvw2cqpmcar1kh6oms60z1sr4.jpg\",\"contentUrl\":\"https:\/\/casinoreturn.com\/wp-content\/uploads\/elementor\/thumbs\/Fantasy-Football-Casino-qx0213mld26kmw2y2bvw2cqpmcar1kh6oms60z1sr4.jpg\"},{\"@type\":\"BreadcrumbList\",\"@id\":\"https:\/\/casinoreturn.com\/de\/fantasy-football-wetten-casinos\/#breadcrumb\",\"itemListElement\":[{\"@type\":\"ListItem\",\"position\":1,\"name\":\"Home\",\"item\":\"https:\/\/casinoreturn.com\/de\/heim\/\"},{\"@type\":\"ListItem\",\"position\":2,\"name\":\"Fantasy Football Wetten Casinos\"}]},{\"@type\":\"WebSite\",\"@id\":\"https:\/\/casinoreturn.com\/#website\",\"url\":\"https:\/\/casinoreturn.com\/\",\"name\":\"casinoreturn\",\"description\":\"\",\"publisher\":{\"@id\":\"https:\/\/casinoreturn.com\/#organization\"},\"potentialAction\":[{\"@type\":\"SearchAction\",\"target\":{\"@type\":\"EntryPoint\",\"urlTemplate\":\"https:\/\/casinoreturn.com\/?s={search_term_string}\"},\"query-input\":{\"@type\":\"PropertyValueSpecification\",\"valueRequired\":true,\"valueName\":\"search_term_string\"}}],\"inLanguage\":\"de\"},{\"@type\":\"Organization\",\"@id\":\"https:\/\/casinoreturn.com\/#organization\",\"name\":\"casinoreturn\",\"url\":\"https:\/\/casinoreturn.com\/\",\"logo\":{\"@type\":\"ImageObject\",\"inLanguage\":\"de\",\"@id\":\"https:\/\/casinoreturn.com\/#\/schema\/logo\/image\/\",\"url\":\"https:\/\/casinoreturn.com\/wp-content\/uploads\/2024\/09\/animal-favicon.png\",\"contentUrl\":\"https:\/\/casinoreturn.com\/wp-content\/uploads\/2024\/09\/animal-favicon.png\",\"width\":92,\"height\":92,\"caption\":\"casinoreturn\"},\"image\":{\"@id\":\"https:\/\/casinoreturn.com\/#\/schema\/logo\/image\/\"}}]}<\/script>\n<!-- \/ Yoast SEO plugin. -->","yoast_head_json":{"title":"Fantasy Football Wetten Casinos - casinoreturn","description":"Fantasy Football Wett-Casinos sind nicht sehr verbreitet. F\u00fcr die Spieler ist es wichtig, sich zu beteiligen, Ergebnisse auszutauschen und dar\u00fcber zu sprechen.","robots":{"index":"index","follow":"follow","max-snippet":"max-snippet:-1","max-image-preview":"max-image-preview:large","max-video-preview":"max-video-preview:-1"},"canonical":"https:\/\/casinoreturn.com\/de\/fantasy-football-wetten-casinos\/","og_locale":"de_DE","og_type":"article","og_title":"Fantasy Football Wetten Casinos - casinoreturn","og_description":"Fantasy Football Wett-Casinos sind nicht sehr verbreitet. F\u00fcr die Spieler ist es wichtig, sich zu beteiligen, Ergebnisse auszutauschen und dar\u00fcber zu sprechen.","og_url":"https:\/\/casinoreturn.com\/de\/fantasy-football-wetten-casinos\/","og_site_name":"casinoreturn","article_modified_time":"2025-10-31T13:17:55+00:00","og_image":[{"url":"https:\/\/casinoreturn.com\/wp-content\/uploads\/elementor\/thumbs\/Fantasy-Football-Casino-qx0213mld26kmw2y2bvw2cqpmcar1kh6oms60z1sr4.jpg","type":"","width":"","height":""}],"twitter_card":"summary_large_image","twitter_misc":{"Gesch\u00e4tzte Lesezeit":"3\u00a0Minuten"},"schema":{"@context":"https:\/\/schema.org","@graph":[{"@type":"WebPage","@id":"https:\/\/casinoreturn.com\/de\/fantasy-football-wetten-casinos\/","url":"https:\/\/casinoreturn.com\/de\/fantasy-football-wetten-casinos\/","name":"Fantasy Football Wetten Casinos - casinoreturn","isPartOf":{"@id":"https:\/\/casinoreturn.com\/#website"},"primaryImageOfPage":{"@id":"https:\/\/casinoreturn.com\/de\/fantasy-football-wetten-casinos\/#primaryimage"},"image":{"@id":"https:\/\/casinoreturn.com\/de\/fantasy-football-wetten-casinos\/#primaryimage"},"thumbnailUrl":"https:\/\/casinoreturn.com\/wp-content\/uploads\/elementor\/thumbs\/Fantasy-Football-Casino-qx0213mld26kmw2y2bvw2cqpmcar1kh6oms60z1sr4.jpg","datePublished":"2024-11-13T14:22:59+00:00","dateModified":"2025-10-31T13:17:55+00:00","description":"Fantasy Football Wett-Casinos sind nicht sehr verbreitet. F\u00fcr die Spieler ist es wichtig, sich zu beteiligen, Ergebnisse auszutauschen und dar\u00fcber zu sprechen.","breadcrumb":{"@id":"https:\/\/casinoreturn.com\/de\/fantasy-football-wetten-casinos\/#breadcrumb"},"inLanguage":"de","potentialAction":[{"@type":"ReadAction","target":["https:\/\/casinoreturn.com\/de\/fantasy-football-wetten-casinos\/"]}]},{"@type":"ImageObject","inLanguage":"de","@id":"https:\/\/casinoreturn.com\/de\/fantasy-football-wetten-casinos\/#primaryimage","url":"https:\/\/casinoreturn.com\/wp-content\/uploads\/elementor\/thumbs\/Fantasy-Football-Casino-qx0213mld26kmw2y2bvw2cqpmcar1kh6oms60z1sr4.jpg","contentUrl":"https:\/\/casinoreturn.com\/wp-content\/uploads\/elementor\/thumbs\/Fantasy-Football-Casino-qx0213mld26kmw2y2bvw2cqpmcar1kh6oms60z1sr4.jpg"},{"@type":"BreadcrumbList","@id":"https:\/\/casinoreturn.com\/de\/fantasy-football-wetten-casinos\/#breadcrumb","itemListElement":[{"@type":"ListItem","position":1,"name":"Home","item":"https:\/\/casinoreturn.com\/de\/heim\/"},{"@type":"ListItem","position":2,"name":"Fantasy Football Wetten Casinos"}]},{"@type":"WebSite","@id":"https:\/\/casinoreturn.com\/#website","url":"https:\/\/casinoreturn.com\/","name":"casinoreturn","description":"","publisher":{"@id":"https:\/\/casinoreturn.com\/#organization"},"potentialAction":[{"@type":"SearchAction","target":{"@type":"EntryPoint","urlTemplate":"https:\/\/casinoreturn.com\/?s={search_term_string}"},"query-input":{"@type":"PropertyValueSpecification","valueRequired":true,"valueName":"search_term_string"}}],"inLanguage":"de"},{"@type":"Organization","@id":"https:\/\/casinoreturn.com\/#organization","name":"casinoreturn","url":"https:\/\/casinoreturn.com\/","logo":{"@type":"ImageObject","inLanguage":"de","@id":"https:\/\/casinoreturn.com\/#\/schema\/logo\/image\/","url":"https:\/\/casinoreturn.com\/wp-content\/uploads\/2024\/09\/animal-favicon.png","contentUrl":"https:\/\/casinoreturn.com\/wp-content\/uploads\/2024\/09\/animal-favicon.png","width":92,"height":92,"caption":"casinoreturn"},"image":{"@id":"https:\/\/casinoreturn.com\/#\/schema\/logo\/image\/"}}]}},"_links":{"self":[{"href":"https:\/\/casinoreturn.com\/de\/wp-json\/wp\/v2\/pages\/4964","targetHints":{"allow":["GET"]}}],"collection":[{"href":"https:\/\/casinoreturn.com\/de\/wp-json\/wp\/v2\/pages"}],"about":[{"href":"https:\/\/casinoreturn.com\/de\/wp-json\/wp\/v2\/types\/page"}],"author":[{"embeddable":true,"href":"https:\/\/casinoreturn.com\/de\/wp-json\/wp\/v2\/users\/1"}],"replies":[{"embeddable":true,"href":"https:\/\/casinoreturn.com\/de\/wp-json\/wp\/v2\/comments?post=4964"}],"version-history":[{"count":3,"href":"https:\/\/casinoreturn.com\/de\/wp-json\/wp\/v2\/pages\/4964\/revisions"}],"predecessor-version":[{"id":15862,"href":"https:\/\/casinoreturn.com\/de\/wp-json\/wp\/v2\/pages\/4964\/revisions\/15862"}],"wp:attachment":[{"href":"https:\/\/casinoreturn.com\/de\/wp-json\/wp\/v2\/media?parent=4964"}],"curies":[{"name":"wp","href":"https:\/\/api.w.org\/{rel}","templated":true}]}}