{"id":4986,"date":"2024-11-03T10:12:19","date_gmt":"2024-11-03T10:12:19","guid":{"rendered":"https:\/\/casinoreturn.com\/american-football-kanada-fuer-anfaenger\/"},"modified":"2025-02-12T12:53:46","modified_gmt":"2025-02-12T12:53:46","slug":"american-football-kanada-fuer-anfaenger","status":"publish","type":"page","link":"https:\/\/casinoreturn.com\/de\/american-football-kanada-fuer-anfaenger\/","title":{"rendered":"American Football Kanada f\u00fcr Anf\u00e4nger"},"content":{"rendered":"\t\t<div data-elementor-type=\"wp-page\" data-elementor-id=\"4986\" class=\"elementor elementor-4986\" data-elementor-post-type=\"page\">\n\t\t\t\t<div class=\"elementor-element elementor-element-192ee5b7 e-flex e-con-boxed e-con e-parent\" data-id=\"192ee5b7\" data-element_type=\"container\">\n\t\t\t\t\t<div class=\"e-con-inner\">\n\t\t\t\t<div class=\"elementor-element elementor-element-266bc16c elementor-widget elementor-widget-text-editor\" data-id=\"266bc16c\" data-element_type=\"widget\" data-widget_type=\"text-editor.default\">\n\t\t\t\t<div class=\"elementor-widget-container\">\n\t\t\t\t\t\t\t\t\t<h4 class=\"wp-block-heading\">American Football Kanada und seine Grundregeln.<\/h4>\n<p><strong>Aber das Wichtigste zuerst: Schauen Sie sich das Lucky Days Casino und seine Casino Review an.<\/strong> <\/p>\n<div id=\"element-384\" class=\"widget item-absolute headline \" data-at=\"headline\">\n<div class=\"contents\">\n<h1><span class=\"x_949eba9a x_7911f47e\"><span class=\"x_f2074b6c\">Bis zu 1500 CAD$<\/span><span class=\"x_f2074b6c\"> BONUS + 100 Freispiele <\/span> <\/span><\/h1>\n<p><a href=\"https:\/\/media.luckydaysaffiliates.com\/redirect.aspx?pid=13114&amp;bid=1586\" target=\"_blank\" rel=\"noopener\"><strong>Fordern Sie HIER Ihren exklusiven Lucky Days Bonus an<\/strong><\/a><\/p>\n<p>T&amp;Cs gelten  <\/p>\n<\/div>\n<\/div>\n<p><img fetchpriority=\"high\" decoding=\"async\" class=\"size-medium wp-image-6372\" src=\"https:\/\/casinoreturn.com\/wp-content\/uploads\/2024\/12\/Lucky-Days-casino-300x300.png\" alt=\"Lucky-Days-Casino\" width=\"300\" height=\"300\" srcset=\"https:\/\/casinoreturn.com\/wp-content\/uploads\/2024\/12\/Lucky-Days-casino-300x300.png 300w, https:\/\/casinoreturn.com\/wp-content\/uploads\/2024\/12\/Lucky-Days-casino-150x150.png 150w, https:\/\/casinoreturn.com\/wp-content\/uploads\/2024\/12\/Lucky-Days-casino.png 500w\" sizes=\"(max-width: 300px) 100vw, 300px\" \/><\/p>\n<h5>Wie lauten die Bonusbedingungen f\u00fcr den Lucky Days Casino Bonus?<\/h5>\n<p>Zahlen Sie CAD$20 oder mehr ein. 30x Wetteinsatz. Maximaler Einsatz CAD$5 pro Wette. Eigene Mittel werden zuerst verwendet. 30 Tage Verfallsdatum. Free Spins verfallen nach 24 Stunden. M\u00fcssen 25x auf ausgew\u00e4hlte Spiele gesetzt werden.      <\/p>\n<h5>Was sind die Grundlagen von American Football Canada?<\/h5>\n<p>American Football ist eine der beliebtesten Sportarten in Kanada. Wir werden Ihnen erkl\u00e4ren, wie das Spiel aufgebaut ist.<br \/>Beginnen wir mit dem Ziel des Spiels. Das Spiel hat ein Hauptziel: Die Spieler versuchen, den Ball in die Endzone des Gegners zu bringen, um Punkte zu erzielen. Wer am Ende des Spiels die meisten Punkte hat, gewinnt.   <\/p>\n<h4 class=\"wp-block-heading\">Wie funktioniert ein Fu\u00dfballspiel?<\/h4>\n<p>Die Dauer eines Spiels betr\u00e4gt in der Regel 2,5-3 Stunden. W\u00e4hrend des Spiels hat immer ein Team das sogenannte &#8222;Angriffsrecht&#8220; und das andere Team ist in der &#8222;Verteidigung&#8220;. &#8222;Das sogenannte &#8222;Angriffsrecht&#8220; wechselt immer ab. Zu Beginn eines Spiels wird eine M\u00fcnze geworfen, um den Anf\u00e4nger zu bestimmen. Der Spielball wird auf der Spielfeldlinie platziert und die Anf\u00e4ngermannschaft muss ihn so weit wie m\u00f6glich wegkicken. Nach dem ersten Schuss versucht die gegnerische Mannschaft, den Ball zu fangen und weit zur\u00fcckzutragen. An dem Punkt, an dem die gegnerische Mannschaft es mit dem Ball schafft, beginnt auch das Spiel auf dem Feld.<br \/>Offense. . . Passspiel. . . Laufen            <\/p>\n<h4 class=\"wp-block-heading\">Jetzt hat das amerikanische Lieblingsspiel begonnen, aber wie wird es weitergehen?<\/h4>\n<p>Die Mannschaft, die den Ball besitzt, wird als Angreifer (Offense) bezeichnet. Sie versuchen, Raum zu gewinnen, indem sie werfen und zu den anderen Mitspielern rennen. Im besten Fall endet dies in der sogenannten Endzone. W\u00e4hrend die Angreifer mit dem Spielball rennen, muss das gegnerische Team die Angreifer so gut wie m\u00f6glich daran hindern, Raum zu gewinnen und versuchen, den Ball zu schnappen. Die Angreifer haben insgesamt vier Versuche und m\u00fcssen einen Raumgewinn von zehn Yards erzielen. Bei einem Fehlschlag werden die Positionen getauscht.     <\/p>\n<h4 class=\"wp-block-heading\">Was bedeutet Touchdown im American Football?<\/h4>\n<p>Ein Touchdown im American Football Canada und NFL ( US ) ist die bekannteste Methode, um im American Football Punkte zu erzielen. Der Touchdown bringt dem Team insgesamt sechs Punkte ein. Er wird erreicht, wenn der Football \u00fcber die Ziellinie der gegnerischen Mannschaft getragen oder in der so genannten Endzone gefangen wird.<br \/>Wenn es der Mannschaft gelingt, den Ball nach einem Touchdown durch das Tor zu werfen, kann sie einen weiteren Punkt erzielen.<br \/>Wenn ein Touchdown aus einem bestimmten Stand nicht m\u00f6glich ist, kann die Mannschaft aus dem Spiel aussteigen und versuchen, den Football ins Tor zu kicken. Das bringt einen weiteren Punkt.   <\/p>\n<h4 class=\"wp-block-heading\">Was bedeutet Sicherheit bei einem Fu\u00dfballspiel?<\/h4>\n<p>Safety ist auch eine Methode, um w\u00e4hrend des Spiels Punkte zu sammeln. Dazu muss das verteidigende Team, die angreifende Mannschaft, die angreifende Mannschaft in ihrer Endzone besiegen. In diesem Fall erh\u00e4lt das Team zwei zus\u00e4tzliche Punkte.  <\/p>\n<h3 class=\"wp-block-heading\">American Football Wetten Kanada. . was Sie wissen sollten?   <\/h3>\n<h4 class=\"wp-block-heading\">Was sind Handicap- und Spread-Wetten im American Football Kanada?<\/h4>\n<p>Im Online Casino gibt es zwei Hauptarten von Wetten im American Football. Es gibt die sogenannte Handicap-Wette oder Spread-Wette. Diese Art von Wette geh\u00f6rt zu den beliebtesten Wettformen im American Football. Hier ist es ganz einfach, ein bestimmtes Ergebnis zu differenzieren. Mit anderen Worten: Sie wetten auf die Differenz zwischen den Angaben des Wettanbieters und dem Ergebnis.   Es gilt: &#8222;Je gr\u00f6\u00dfer die Differenz, desto h\u00f6her die Quote und damit der Gewinn oder Verlust. &#8222;Finden Sie Ihren besten Bookie f\u00fcr <a href=\"https:\/\/casinoreturn.com\/american-football-betting-canada\/\">American Football Wetten Kanada HIER<\/a><br \/>Daher legt der Wettanbieter eine bestimmte Spanne fest, die die maximale und minimale Quote nutzt, die den Ausgang des Sportereignisses beschreibt, auf das die Wette gesetzt wird. Der Wetter spekuliert darauf, ob das Ergebnis h\u00f6her oder niedriger ausf\u00e4llt als die vom Buchmacher festgelegte Spanne, die auf seiner Wettposition basiert. Es wird keine Wette platziert, wenn die Vorhersage des Souffleurs mit der Vorhersage des Buchmachers \u00fcbereinstimmt. Bei der Spread-Wette handelt es sich also um eine Wetterbewertung des Ergebnisses oder Ereignisses eines Sportereignisses, z. B. die Bewertung einer bestimmten Anzahl von Punkten, Toren, gelben Karten oder Fouls.  Wenn Ihr Tipp au\u00dferhalb der Reichweite des Wettanbieters, dem so genannten Limit, liegt, dann tippen Sie. Wenn die Quoten das vom Buchmacher festgelegte Limit \u00fcberschreiten, werden Gewinn und Verlust wie folgt berechnet:<\/p>\n<h5 class=\"wp-block-heading\">Wie berechnet man die Summe?<\/h5>\n<p>Die Summe von oben = Wettbonus = Anzahl der Wetten (die Summe der Aktionen minus das Limit). Die Summe des Folgenden = Wettverlust = Anzahl der Hauptgewinner (das Limit minus die Summe der Aktionen). Liegt der eingegebene Wert unter der Reichweite des Buchmachers, wird die Berechnung umgekehrt: Die Summe der folgenden Betr\u00e4ge: = Wettbonus = Anzahl der Wetten (Untergrenze minus Aktionssumme) Die Summe der oben genannten = Wettverlust = Anzahl der Hauptgewinner (Obergrenze minus Aktionssumme)  <\/p>\n<h4 class=\"wp-block-heading\">Wie hoch ist die Gesamtwette f\u00fcr American Football Canada?<\/h4>\n<p>Auch beim American Football bieten alle bekannten Buchmacher die M\u00f6glichkeit, mit hohen\/niedrigen Eins\u00e4tzen auf das Endergebnis des Spiels zu wetten. Dabei geht es nicht darum, vorherzusagen, wie viele Punkte ein Team erzielen wird, sondern um die Gesamtpunktzahl, die beide Seiten am Ende des Spiels erreichen werden. Ein Buchmacher kann z. B. ein Limit von 49,5 Punkten festlegen, und Sie m\u00fcssen dann entscheiden, ob Sie mehr oder weniger Punkte erhalten m\u00f6chten. Bei dieser Art von Wette liegt die jeweilige Quote in der Regel bei 1. 90.<br \/>Nat\u00fcrlich k\u00f6nnen Sie beim American Football auch auf die F\u00fchrung der Mannschaft am Ende des Spiels wetten. Die Buchmacher bieten in der Regel verschiedene Wetten auf den Vorsprung der beiden Mannschaften an. Sie k\u00f6nnen zum Beispiel darauf wetten, dass Mannschaft A das Spiel mit 1-6 Punkten Vorsprung gewinnt. Es ist aber auch m\u00f6glich, auf einen Vorsprung von 19-24 Punkten f\u00fcr die favorisierte Mannschaft zu setzen. Der Buchmacher geht davon aus, dass die Wettquoten umso h\u00f6her sind, je unwahrscheinlicher die Gewinnspanne der Mannschaft ist.         <\/p>\n<h4 class=\"wp-block-heading\">American Football Wetten mit Top-Quoten<\/h4>\n<p>Wie finden Sie die besten Quoten f\u00fcr American Football-Wetten?<\/p>\n<p>Besuchen Sie noch heute unsere Website, Casinoreturn.com, und finden Sie die besten Online-Wetten mit Top-Wettquoten. Wir als Team bei Casinoreturn versuchen immer, die besten Anbieter f\u00fcr Sie zu finden, um Ihnen das bestm\u00f6gliche Spielerlebnis zu bieten.<br \/>Wetten sind in der modernen Welt heutzutage nicht neu, aber sie scheinen so beliebt und popul\u00e4r wie eh und je zu sein. Ob es sich um eine freundschaftliche Wette unter Freunden handelt, eine Wette im Stadion mit Fremden, die mit dem Herzen auf dem Leib zu Freunden werden, oder was heutzutage unverzichtbar ist: online.<br \/>Der Nervenkitzel und die Freude sind dieselben. Es wird nie langweilig, denn es gibt immer etwas Neues, auf das Sie wetten k\u00f6nnen. Dank der sozialen Medien und der zahlreichen Online-Plattformen, auf denen man sich heutzutage registrieren kann, ist das Angebot so reichhaltig wie schon lange nicht mehr. Der Unterhaltungswert steigt erheblich, denn mit der Anzahl der Plattformen w\u00e4chst nicht nur das Angebot an Wettm\u00f6glichkeiten, sondern auch die Anzahl der Anbieter.     <\/p>\n<h4 class=\"wp-block-heading\">American Football Sozialer Status<\/h4>\n<p>Wie wichtig sind die NFL und die Canadian Football League?<\/p>\n<p>Sport bedeutet Rivalit\u00e4t und Wettbewerb, aber auch Freundschaft und Allianz. Er ist eine Sache, die die Menschen vereint, aber andererseits auch in Meinungen spalten kann. Spieler von Einzelereignissen und Rekordergebnisse faszinieren uns seit jeher und ziehen uns in den Bann.<br \/>Als eine der beliebtesten Freizeitbesch\u00e4ftigungen ist das Online-Casino durch eine Vielzahl von Anbietern vertreten. Das Angebot ist sehr vielf\u00e4ltig, und wir als Team sind hier, um Ihnen zu helfen, Ihr bestes Online-Casino unter der Vielzahl zu finden.<br \/>Werfen Sie einen Blick auf Casinoreturn.com, unsere Top 10 haben Sie alle guten Casinos auf einen Blick. Die Top 10 Casino-Liste, zeigt Ihnen die besten und seri\u00f6sesten Online-Casinos, die sich durch hervorragende Sport- und Casino-Angebote auszeichnen.<br \/>Eine detaillierte Liste der besten Wettanbieter und Wettangebote f\u00fcr 2025 finden Sie in unserer Top 10-Liste.<br \/>Die besten Online-Casinos sollten einen 24\/7-Service haben, bei dem Sie per Chat, E-Mail oder Telefon Kontakt aufnehmen k\u00f6nnen. Eine Ein- und Auszahlungsmethode sollte klar gekennzeichnet sein. Klare Umsatzbedingungen sowie Transparenz geh\u00f6ren ebenfalls dazu. Au\u00dferdem sollten auf dem Portal ausreichend Informationen und Hinweise aufgef\u00fchrt sein.       <\/p>\n\t\t\t\t\t\t\t\t<\/div>\n\t\t\t\t<\/div>\n\t\t\t\t\t<\/div>\n\t\t\t\t<\/div>\n\t\t\t\t<\/div>\n\t\t","protected":false},"excerpt":{"rendered":"<p>American Football Kanada und seine Grundregeln. Aber das Wichtigste zuerst: Schauen Sie sich das Lucky Days Casino und seine Casino Review an. Bis zu 1500 CAD$ BONUS + 100 Freispiele Fordern Sie HIER Ihren exklusiven Lucky Days Bonus an T&amp;Cs gelten Wie lauten die Bonusbedingungen f\u00fcr den Lucky Days Casino Bonus? Zahlen Sie CAD$20 oder [&hellip;]<\/p>\n","protected":false},"author":1,"featured_media":0,"parent":0,"menu_order":0,"comment_status":"closed","ping_status":"closed","template":"","meta":{"footnotes":""},"class_list":["post-4986","page","type-page","status-publish","hentry"],"blocksy_meta":[],"acf":[],"yoast_head":"<!-- This site is optimized with the Yoast SEO plugin v24.1 - https:\/\/yoast.com\/wordpress\/plugins\/seo\/ -->\n<title>American Football Kanada f\u00fcr Anf\u00e4nger - casinoreturn<\/title>\n<meta name=\"description\" content=\"American Football Canada f\u00fcr Anf\u00e4nger ist das unverzichtbare American Football ABC oder American Football Rules for Dummies. Lehnen Sie sich zur\u00fcck und genie\u00dfen Sie.\" \/>\n<meta name=\"robots\" content=\"index, follow, max-snippet:-1, max-image-preview:large, max-video-preview:-1\" \/>\n<link rel=\"canonical\" href=\"https:\/\/casinoreturn.com\/de\/american-football-kanada-fuer-anfaenger\/\" \/>\n<meta property=\"og:locale\" content=\"de_DE\" \/>\n<meta property=\"og:type\" content=\"article\" \/>\n<meta property=\"og:title\" content=\"American Football Kanada f\u00fcr Anf\u00e4nger - casinoreturn\" \/>\n<meta property=\"og:description\" content=\"American Football Canada f\u00fcr Anf\u00e4nger ist das unverzichtbare American Football ABC oder American Football Rules for Dummies. Lehnen Sie sich zur\u00fcck und genie\u00dfen Sie.\" \/>\n<meta property=\"og:url\" content=\"https:\/\/casinoreturn.com\/de\/american-football-kanada-fuer-anfaenger\/\" \/>\n<meta property=\"og:site_name\" content=\"casinoreturn\" \/>\n<meta property=\"article:modified_time\" content=\"2025-02-12T12:53:46+00:00\" \/>\n<meta property=\"og:image\" content=\"https:\/\/casinoreturn.com\/wp-content\/uploads\/2024\/12\/Lucky-Days-casino.png\" \/>\n\t<meta property=\"og:image:width\" content=\"500\" \/>\n\t<meta property=\"og:image:height\" content=\"500\" \/>\n\t<meta property=\"og:image:type\" content=\"image\/png\" \/>\n<meta name=\"twitter:card\" content=\"summary_large_image\" \/>\n<meta name=\"twitter:label1\" content=\"Gesch\u00e4tzte Lesezeit\" \/>\n\t<meta name=\"twitter:data1\" content=\"7\u00a0Minuten\" \/>\n<script type=\"application\/ld+json\" class=\"yoast-schema-graph\">{\"@context\":\"https:\/\/schema.org\",\"@graph\":[{\"@type\":\"WebPage\",\"@id\":\"https:\/\/casinoreturn.com\/de\/american-football-kanada-fuer-anfaenger\/\",\"url\":\"https:\/\/casinoreturn.com\/de\/american-football-kanada-fuer-anfaenger\/\",\"name\":\"American Football Kanada f\u00fcr Anf\u00e4nger - casinoreturn\",\"isPartOf\":{\"@id\":\"https:\/\/casinoreturn.com\/#website\"},\"primaryImageOfPage\":{\"@id\":\"https:\/\/casinoreturn.com\/de\/american-football-kanada-fuer-anfaenger\/#primaryimage\"},\"image\":{\"@id\":\"https:\/\/casinoreturn.com\/de\/american-football-kanada-fuer-anfaenger\/#primaryimage\"},\"thumbnailUrl\":\"https:\/\/casinoreturn.com\/wp-content\/uploads\/2024\/12\/Lucky-Days-casino-300x300.png\",\"datePublished\":\"2024-11-03T10:12:19+00:00\",\"dateModified\":\"2025-02-12T12:53:46+00:00\",\"description\":\"American Football Canada f\u00fcr Anf\u00e4nger ist das unverzichtbare American Football ABC oder American Football Rules for Dummies. Lehnen Sie sich zur\u00fcck und genie\u00dfen Sie.\",\"breadcrumb\":{\"@id\":\"https:\/\/casinoreturn.com\/de\/american-football-kanada-fuer-anfaenger\/#breadcrumb\"},\"inLanguage\":\"de\",\"potentialAction\":[{\"@type\":\"ReadAction\",\"target\":[\"https:\/\/casinoreturn.com\/de\/american-football-kanada-fuer-anfaenger\/\"]}]},{\"@type\":\"ImageObject\",\"inLanguage\":\"de\",\"@id\":\"https:\/\/casinoreturn.com\/de\/american-football-kanada-fuer-anfaenger\/#primaryimage\",\"url\":\"https:\/\/casinoreturn.com\/wp-content\/uploads\/2024\/12\/Lucky-Days-casino-300x300.png\",\"contentUrl\":\"https:\/\/casinoreturn.com\/wp-content\/uploads\/2024\/12\/Lucky-Days-casino-300x300.png\"},{\"@type\":\"BreadcrumbList\",\"@id\":\"https:\/\/casinoreturn.com\/de\/american-football-kanada-fuer-anfaenger\/#breadcrumb\",\"itemListElement\":[{\"@type\":\"ListItem\",\"position\":1,\"name\":\"Home\",\"item\":\"https:\/\/casinoreturn.com\/de\/heim\/\"},{\"@type\":\"ListItem\",\"position\":2,\"name\":\"American Football Kanada f\u00fcr Anf\u00e4nger\"}]},{\"@type\":\"WebSite\",\"@id\":\"https:\/\/casinoreturn.com\/#website\",\"url\":\"https:\/\/casinoreturn.com\/\",\"name\":\"casinoreturn\",\"description\":\"\",\"publisher\":{\"@id\":\"https:\/\/casinoreturn.com\/#organization\"},\"potentialAction\":[{\"@type\":\"SearchAction\",\"target\":{\"@type\":\"EntryPoint\",\"urlTemplate\":\"https:\/\/casinoreturn.com\/?s={search_term_string}\"},\"query-input\":{\"@type\":\"PropertyValueSpecification\",\"valueRequired\":true,\"valueName\":\"search_term_string\"}}],\"inLanguage\":\"de\"},{\"@type\":\"Organization\",\"@id\":\"https:\/\/casinoreturn.com\/#organization\",\"name\":\"casinoreturn\",\"url\":\"https:\/\/casinoreturn.com\/\",\"logo\":{\"@type\":\"ImageObject\",\"inLanguage\":\"de\",\"@id\":\"https:\/\/casinoreturn.com\/#\/schema\/logo\/image\/\",\"url\":\"https:\/\/casinoreturn.com\/wp-content\/uploads\/2024\/09\/animal-favicon.png\",\"contentUrl\":\"https:\/\/casinoreturn.com\/wp-content\/uploads\/2024\/09\/animal-favicon.png\",\"width\":92,\"height\":92,\"caption\":\"casinoreturn\"},\"image\":{\"@id\":\"https:\/\/casinoreturn.com\/#\/schema\/logo\/image\/\"}}]}<\/script>\n<!-- \/ Yoast SEO plugin. -->","yoast_head_json":{"title":"American Football Kanada f\u00fcr Anf\u00e4nger - casinoreturn","description":"American Football Canada f\u00fcr Anf\u00e4nger ist das unverzichtbare American Football ABC oder American Football Rules for Dummies. Lehnen Sie sich zur\u00fcck und genie\u00dfen Sie.","robots":{"index":"index","follow":"follow","max-snippet":"max-snippet:-1","max-image-preview":"max-image-preview:large","max-video-preview":"max-video-preview:-1"},"canonical":"https:\/\/casinoreturn.com\/de\/american-football-kanada-fuer-anfaenger\/","og_locale":"de_DE","og_type":"article","og_title":"American Football Kanada f\u00fcr Anf\u00e4nger - casinoreturn","og_description":"American Football Canada f\u00fcr Anf\u00e4nger ist das unverzichtbare American Football ABC oder American Football Rules for Dummies. Lehnen Sie sich zur\u00fcck und genie\u00dfen Sie.","og_url":"https:\/\/casinoreturn.com\/de\/american-football-kanada-fuer-anfaenger\/","og_site_name":"casinoreturn","article_modified_time":"2025-02-12T12:53:46+00:00","og_image":[{"width":500,"height":500,"url":"https:\/\/casinoreturn.com\/wp-content\/uploads\/2024\/12\/Lucky-Days-casino.png","type":"image\/png"}],"twitter_card":"summary_large_image","twitter_misc":{"Gesch\u00e4tzte Lesezeit":"7\u00a0Minuten"},"schema":{"@context":"https:\/\/schema.org","@graph":[{"@type":"WebPage","@id":"https:\/\/casinoreturn.com\/de\/american-football-kanada-fuer-anfaenger\/","url":"https:\/\/casinoreturn.com\/de\/american-football-kanada-fuer-anfaenger\/","name":"American Football Kanada f\u00fcr Anf\u00e4nger - casinoreturn","isPartOf":{"@id":"https:\/\/casinoreturn.com\/#website"},"primaryImageOfPage":{"@id":"https:\/\/casinoreturn.com\/de\/american-football-kanada-fuer-anfaenger\/#primaryimage"},"image":{"@id":"https:\/\/casinoreturn.com\/de\/american-football-kanada-fuer-anfaenger\/#primaryimage"},"thumbnailUrl":"https:\/\/casinoreturn.com\/wp-content\/uploads\/2024\/12\/Lucky-Days-casino-300x300.png","datePublished":"2024-11-03T10:12:19+00:00","dateModified":"2025-02-12T12:53:46+00:00","description":"American Football Canada f\u00fcr Anf\u00e4nger ist das unverzichtbare American Football ABC oder American Football Rules for Dummies. Lehnen Sie sich zur\u00fcck und genie\u00dfen Sie.","breadcrumb":{"@id":"https:\/\/casinoreturn.com\/de\/american-football-kanada-fuer-anfaenger\/#breadcrumb"},"inLanguage":"de","potentialAction":[{"@type":"ReadAction","target":["https:\/\/casinoreturn.com\/de\/american-football-kanada-fuer-anfaenger\/"]}]},{"@type":"ImageObject","inLanguage":"de","@id":"https:\/\/casinoreturn.com\/de\/american-football-kanada-fuer-anfaenger\/#primaryimage","url":"https:\/\/casinoreturn.com\/wp-content\/uploads\/2024\/12\/Lucky-Days-casino-300x300.png","contentUrl":"https:\/\/casinoreturn.com\/wp-content\/uploads\/2024\/12\/Lucky-Days-casino-300x300.png"},{"@type":"BreadcrumbList","@id":"https:\/\/casinoreturn.com\/de\/american-football-kanada-fuer-anfaenger\/#breadcrumb","itemListElement":[{"@type":"ListItem","position":1,"name":"Home","item":"https:\/\/casinoreturn.com\/de\/heim\/"},{"@type":"ListItem","position":2,"name":"American Football Kanada f\u00fcr Anf\u00e4nger"}]},{"@type":"WebSite","@id":"https:\/\/casinoreturn.com\/#website","url":"https:\/\/casinoreturn.com\/","name":"casinoreturn","description":"","publisher":{"@id":"https:\/\/casinoreturn.com\/#organization"},"potentialAction":[{"@type":"SearchAction","target":{"@type":"EntryPoint","urlTemplate":"https:\/\/casinoreturn.com\/?s={search_term_string}"},"query-input":{"@type":"PropertyValueSpecification","valueRequired":true,"valueName":"search_term_string"}}],"inLanguage":"de"},{"@type":"Organization","@id":"https:\/\/casinoreturn.com\/#organization","name":"casinoreturn","url":"https:\/\/casinoreturn.com\/","logo":{"@type":"ImageObject","inLanguage":"de","@id":"https:\/\/casinoreturn.com\/#\/schema\/logo\/image\/","url":"https:\/\/casinoreturn.com\/wp-content\/uploads\/2024\/09\/animal-favicon.png","contentUrl":"https:\/\/casinoreturn.com\/wp-content\/uploads\/2024\/09\/animal-favicon.png","width":92,"height":92,"caption":"casinoreturn"},"image":{"@id":"https:\/\/casinoreturn.com\/#\/schema\/logo\/image\/"}}]}},"_links":{"self":[{"href":"https:\/\/casinoreturn.com\/de\/wp-json\/wp\/v2\/pages\/4986","targetHints":{"allow":["GET"]}}],"collection":[{"href":"https:\/\/casinoreturn.com\/de\/wp-json\/wp\/v2\/pages"}],"about":[{"href":"https:\/\/casinoreturn.com\/de\/wp-json\/wp\/v2\/types\/page"}],"author":[{"embeddable":true,"href":"https:\/\/casinoreturn.com\/de\/wp-json\/wp\/v2\/users\/1"}],"replies":[{"embeddable":true,"href":"https:\/\/casinoreturn.com\/de\/wp-json\/wp\/v2\/comments?post=4986"}],"version-history":[{"count":2,"href":"https:\/\/casinoreturn.com\/de\/wp-json\/wp\/v2\/pages\/4986\/revisions"}],"predecessor-version":[{"id":7860,"href":"https:\/\/casinoreturn.com\/de\/wp-json\/wp\/v2\/pages\/4986\/revisions\/7860"}],"wp:attachment":[{"href":"https:\/\/casinoreturn.com\/de\/wp-json\/wp\/v2\/media?parent=4986"}],"curies":[{"name":"wp","href":"https:\/\/api.w.org\/{rel}","templated":true}]}}