{"id":5008,"date":"2024-11-13T17:29:31","date_gmt":"2024-11-13T17:29:31","guid":{"rendered":"https:\/\/casinoreturn.com\/online-keno-regeln\/"},"modified":"2024-12-04T13:39:01","modified_gmt":"2024-12-04T13:39:01","slug":"online-keno-regeln","status":"publish","type":"page","link":"https:\/\/casinoreturn.com\/de\/online-keno-regeln\/","title":{"rendered":"Online Keno Regeln"},"content":{"rendered":"\t\t<div data-elementor-type=\"wp-page\" data-elementor-id=\"5008\" class=\"elementor elementor-5008\" data-elementor-post-type=\"page\">\n\t\t\t\t<div class=\"elementor-element elementor-element-e950284 e-con-full e-flex e-con e-parent\" data-id=\"e950284\" data-element_type=\"container\">\n\t\t\t\t<div class=\"elementor-element elementor-element-274b4dc elementor-widget elementor-widget-image\" data-id=\"274b4dc\" data-element_type=\"widget\" data-widget_type=\"image.default\">\n\t\t\t\t<div class=\"elementor-widget-container\">\n\t\t\t\t\t\t\t\t\t\t\t\t\t\t\t<img decoding=\"async\" width=\"200\" height=\"200\" src=\"https:\/\/casinoreturn.com\/wp-content\/uploads\/2024\/11\/Online-Keno-Rules.png\" class=\"attachment-large size-large wp-image-3310\" alt=\"Online Keno Rules\" srcset=\"https:\/\/casinoreturn.com\/wp-content\/uploads\/2024\/11\/Online-Keno-Rules.png 200w, https:\/\/casinoreturn.com\/wp-content\/uploads\/2024\/11\/Online-Keno-Rules-150x150.png 150w\" sizes=\"(max-width: 200px) 100vw, 200px\" \/>\t\t\t\t\t\t\t\t\t\t\t\t\t\t\t<\/div>\n\t\t\t\t<\/div>\n\t\t\t\t<div class=\"elementor-element elementor-element-c6bc008 elementor-widget elementor-widget-heading\" data-id=\"c6bc008\" data-element_type=\"widget\" data-widget_type=\"heading.default\">\n\t\t\t\t<div class=\"elementor-widget-container\">\n\t\t\t\t\t<h2 class=\"elementor-heading-title elementor-size-default\">Online-Keno-Regeln und Keno-Strategien<\/h2>\t\t\t\t<\/div>\n\t\t\t\t<\/div>\n\t\t\t\t<div class=\"elementor-element elementor-element-04d6c59 elementor-widget elementor-widget-text-editor\" data-id=\"04d6c59\" data-element_type=\"widget\" data-widget_type=\"text-editor.default\">\n\t\t\t\t<div class=\"elementor-widget-container\">\n\t\t\t\t\t\t\t\t\t<p><strong>Online Keno Regeln und seine Geschichte<\/strong><\/p>\n<p>Das in China entwickelte Spiel Keno wurde von chinesischen Einwanderern in den sp\u00e4ten 1800er Jahren in die Vereinigten Staaten gebracht. Urspr\u00fcnglich wurde Keno mit 80 chinesischen Schriftzeichen gespielt, die sp\u00e4ter in den Vereinigten Staaten durch 80 arabische Ziffern ersetzt wurden. <\/p>\n<p><strong>Rennpferd namens Keno!<\/strong><\/p>\n<p>Eine Zeit lang wurden in Nevada die einzelnen Zahlen mit dem Namen eines Rennpferdes betitelt. Infolgedessen wurde das Spiel als &#8222;Racehorse Keno&#8220; bekannt. &#8222;Im Jahr 1951 wurden die Pferdenamen zur\u00fcckgenommen. Ein Grund daf\u00fcr war, dass eine Steuer auf Wetten au\u00dferhalb der Rennbahn eingef\u00fchrt worden war. Logischerweise wollten die damaligen Betreiber das Spiel nicht mit klassischen Pferdewetten verwechseln. Heutzutage k\u00f6nnen Sie immer noch \u00dcberreste des Keno-Rennpferdspiels finden. Wenn Sie der Sache auf den Grund gehen, werden Sie feststellen, dass viele Spiele immer noch &#8222;Rennen&#8220; genannt werden, wenn Sie auf mehr als ein Spiel gleichzeitig setzen. So kaufen Sie ein Ticket f\u00fcr mehr als ein Rennen.      <\/p>\n\t\t\t\t\t\t\t\t<\/div>\n\t\t\t\t<\/div>\n\t\t\t\t<div class=\"elementor-element elementor-element-c14ad00 elementor-widget elementor-widget-heading\" data-id=\"c14ad00\" data-element_type=\"widget\" data-widget_type=\"heading.default\">\n\t\t\t\t<div class=\"elementor-widget-container\">\n\t\t\t\t\t<h3 class=\"elementor-heading-title elementor-size-default\">Wie spielen Sie Keno?<\/h3>\t\t\t\t<\/div>\n\t\t\t\t<\/div>\n\t\t\t\t<div class=\"elementor-element elementor-element-1f3affb elementor-widget elementor-widget-text-editor\" data-id=\"1f3affb\" data-element_type=\"widget\" data-widget_type=\"text-editor.default\">\n\t\t\t\t<div class=\"elementor-widget-container\">\n\t\t\t\t\t\t\t\t\t<p>Das Spiel ist einfach zu verstehen und zu spielen, was es zu einer gro\u00dfartigen Gelegenheit f\u00fcr Online-Anf\u00e4nger macht. Wenn Sie Keno spielen, k\u00f6nnen Sie eine oder mehrere Zahlen aus einem Feld mit 80 Ziffern ausw\u00e4hlen. Ziel ist es, dass eine der ausgew\u00e4hlten Zahlen mit den angerufenen Zahlen \u00fcbereinstimmt und so Ihren Einsatz gewinnt.  <\/p>\n<p>Heutzutage werden in Online-Gl\u00fccksspielhallen, wie z.B. Digibet, die Zahlen nach dem Zufallsprinzip mit dem sogenannten RNG-Wert ausgew\u00e4hlt. Wenn Sie eine Zahl richtig ausw\u00e4hlen und diese mit der von Ihnen genannten Zahl \u00fcbereinstimmt, wird dies beim Keno auch als &#8222;Catch&#8220; bezeichnet. <\/p>\n<p>Wenn Sie sich f\u00fcr ein Spiel entschieden haben, ist es sinnvoll, zuerst eine Online-Arcade und dann ein Online-Keno-Spiel zu w\u00e4hlen. Im n\u00e4chsten Schritt w\u00e4hlen Sie die Zahlen aus, auf die Sie setzen m\u00f6chten, und warten, bis sie aufgerufen werden. <\/p>\n\t\t\t\t\t\t\t\t<\/div>\n\t\t\t\t<\/div>\n\t\t\t\t<div class=\"elementor-element elementor-element-8424c0b elementor-widget elementor-widget-heading\" data-id=\"8424c0b\" data-element_type=\"widget\" data-widget_type=\"heading.default\">\n\t\t\t\t<div class=\"elementor-widget-container\">\n\t\t\t\t\t<h2 class=\"elementor-heading-title elementor-size-default\">Wie hoch sind die Gewinnchancen bei Keno?<\/h2>\t\t\t\t<\/div>\n\t\t\t\t<\/div>\n\t\t\t\t<div class=\"elementor-element elementor-element-4c6c49a elementor-widget elementor-widget-text-editor\" data-id=\"4c6c49a\" data-element_type=\"widget\" data-widget_type=\"text-editor.default\">\n\t\t\t\t<div class=\"elementor-widget-container\">\n\t\t\t\t\t\t\t\t\t<p>Keno ist auch eines der klassischen Gl\u00fccksspiele. Das bedeutet, dass Sie die Zahlen w\u00e4hlen k\u00f6nnen, die Ihnen gefallen. Egal, welche Zahl Sie w\u00e4hlen, die Chancen bleiben dieselben. Ein interessanter Punkt, der Sie interessieren k\u00f6nnte: Die Wahrscheinlichkeit, alle 20 Zahlen zu gewinnen, betr\u00e4gt genau 1 zu 3.535.316.142.212.174.320. Erfahrene Spieler wissen, dass der Hausvorteil beim Keno-Spiel sehr hoch ist und bei etwa 35% liegt. Aus diesem Grund entscheiden sich viele Spieler auch f\u00fcr andere Spiele, bei denen die Spielothek einen geringeren Hausvorteil hat.     <\/p>\n\t\t\t\t\t\t\t\t<\/div>\n\t\t\t\t<\/div>\n\t\t\t\t<div class=\"elementor-element elementor-element-81cfd46 elementor-widget elementor-widget-heading\" data-id=\"81cfd46\" data-element_type=\"widget\" data-widget_type=\"heading.default\">\n\t\t\t\t<div class=\"elementor-widget-container\">\n\t\t\t\t\t<h2 class=\"elementor-heading-title elementor-size-default\">Wie hoch sind die Gewinnchancen bei Online Keno?<\/h2>\t\t\t\t<\/div>\n\t\t\t\t<\/div>\n\t\t\t\t<div class=\"elementor-element elementor-element-fa4acd0 elementor-widget elementor-widget-text-editor\" data-id=\"fa4acd0\" data-element_type=\"widget\" data-widget_type=\"text-editor.default\">\n\t\t\t\t<div class=\"elementor-widget-container\">\n\t\t\t\t\t\t\t\t\t<p>Um die Gewinnchancen bei Keno zu verstehen, m\u00fcssen Sie zun\u00e4chst die kombinatorische Funktion vollst\u00e4ndig verstehen. Bei einer Lotterie zum Beispiel w\u00e4hlt der Spieler 6 aus 49 Zahlen aus. Dann zieht die Lotterie 6 Zahlen aus 49, und wenn alle 6 Zahlen \u00fcbereinstimmen (die Reihenfolge spielt keine Rolle), gewinnt der Spieler. Wenn Sie nicht wissen, dass die Gewinnchancen 1 zu 13.983.816 betragen, m\u00fcssen Sie die Kombinator-Funktion \u00fcberpr\u00fcfen, bevor Sie weiterspielen. Bei Keno zieht der Spielautomat 20 der 80 Zahlen ohne Ersetzung. Zuvor k\u00f6nnen die Spieler 1 bis 15 (oder mehr) Zahlen ziehen. &#8222;Catch&#8220; ist die Zahl, die der Spieler w\u00e4hlt und aus der Spielbibliothek zieht. &#8222;Miss&#8220; ist eine vom Spieler gew\u00e4hlte Zahl, die nicht aus der Spielothek gezogen wird. Die Spieler werden nach der Anzahl der gezogenen und gefangenen Zahlen bezahlt.        <\/p>\n<p>Kombinationen (80. 20) = 3.535.316.142.212.180.000 M\u00f6glichkeiten Wie zieht das Casino 20 aus 80 Zahlen? Viele Rechner unterst\u00fctzen keine so gro\u00dfen Zahlen. Um die Gr\u00f6\u00dfe der Kombinationen zu reduzieren, gehen wir davon aus, dass die Spielothek zuerst die Preise zieht, die Zahlen aber geheim h\u00e4lt und die Spieler versuchen, die bereits gezogenen Zahlen zu treffen.  <\/p>\n\t\t\t\t\t\t\t\t<\/div>\n\t\t\t\t<\/div>\n\t\t\t\t<div class=\"elementor-element elementor-element-ddd17b4 elementor-widget elementor-widget-heading\" data-id=\"ddd17b4\" data-element_type=\"widget\" data-widget_type=\"heading.default\">\n\t\t\t\t<div class=\"elementor-widget-container\">\n\t\t\t\t\t<h2 class=\"elementor-heading-title elementor-size-default\">Arten von Online-Keno - Einzelspiel-Keno:<\/h2>\t\t\t\t<\/div>\n\t\t\t\t<\/div>\n\t\t\t\t<div class=\"elementor-element elementor-element-6082c88 elementor-widget elementor-widget-text-editor\" data-id=\"6082c88\" data-element_type=\"widget\" data-widget_type=\"text-editor.default\">\n\t\t\t\t<div class=\"elementor-widget-container\">\n\t\t\t\t\t\t\t\t\t<p>Einzelspiel Keno: Danach m\u00fcssen Sie den Gewinn einfordern, bevor Sie ein weiteres Spiel beginnen, sonst k\u00f6nnen Sie das Spiel verlieren. In landbasierten Casinos vergehen nur etwa f\u00fcnf Minuten zwischen dem Ende eines Keno-Spiels und dem Beginn des n\u00e4chsten Keno-Spiels. Wenn Sie Ihren Lottoschein nicht rechtzeitig abgeben, verlieren Sie in der Regel Ihren Gewinn. Deshalb hat die Spielothek Multi-Race Keno entwickelt, mit dem Sie mehr als ein Keno-Spiel hintereinander spielen k\u00f6nnen, ohne am Ende jedes Spiels aufstehen zu m\u00fcssen. Bonus.    <\/p>\n<p>Keno mit mehreren Ethnien\/ Die Multi Keno Gewinnwahrscheinlichkeit<\/p>\n\t\t\t\t\t\t\t\t<\/div>\n\t\t\t\t<\/div>\n\t\t\t\t<div class=\"elementor-element elementor-element-90e71a5 elementor-widget elementor-widget-heading\" data-id=\"90e71a5\" data-element_type=\"widget\" data-widget_type=\"heading.default\">\n\t\t\t\t<div class=\"elementor-widget-container\">\n\t\t\t\t\t<h3 class=\"elementor-heading-title elementor-size-default\">Keno Auszahlungen<\/h3>\t\t\t\t<\/div>\n\t\t\t\t<\/div>\n\t\t\t\t<div class=\"elementor-element elementor-element-4de6a37 elementor-widget elementor-widget-text-editor\" data-id=\"4de6a37\" data-element_type=\"widget\" data-widget_type=\"text-editor.default\">\n\t\t\t\t<div class=\"elementor-widget-container\">\n\t\t\t\t\t\t\t\t\t<p>Beim Multi-Race-Keno m\u00fcssen Sie dieselbe Zahl in einer Reihe von aufeinanderfolgenden Spielen spielen, zwischen 2 und 20 Spielen, und (in der Regel) k\u00f6nnen Sie Ihre Gewinne erst nach dem letzten Spiel der Serie einfordern. Au\u00dferdem m\u00fcssen Sie f\u00fcr jedes Spiel den Mindestbetrag einzahlen. F\u00fcr ein Keno-Spiel mit 15 Spielen m\u00fcssen Sie zum Beispiel 2,30 \u20ac zahlen.  <\/p>\n\t\t\t\t\t\t\t\t<\/div>\n\t\t\t\t<\/div>\n\t\t\t\t<div class=\"elementor-element elementor-element-04b4d1b elementor-widget elementor-widget-heading\" data-id=\"04b4d1b\" data-element_type=\"widget\" data-widget_type=\"heading.default\">\n\t\t\t\t<div class=\"elementor-widget-container\">\n\t\t\t\t\t<h3 class=\"elementor-heading-title elementor-size-default\">Unsere Keno Tipps und Tricks:<\/h3>\t\t\t\t<\/div>\n\t\t\t\t<\/div>\n\t\t\t\t<div class=\"elementor-element elementor-element-b3019bf elementor-widget elementor-widget-text-editor\" data-id=\"b3019bf\" data-element_type=\"widget\" data-widget_type=\"text-editor.default\">\n\t\t\t\t<div class=\"elementor-widget-container\">\n\t\t\t\t\t\t\t\t\t<p>Keno ist ein reines Gl\u00fccksspiel. Es gibt keine echte &#8222;Strategie&#8220;, mit der Sie Ihre Chancen auf eine Ziehung von Zahlen verbessern k\u00f6nnen. Sie k\u00f6nnen jedoch Ihren Gewinn erh\u00f6hen, indem Sie weniger Zahlen w\u00e4hlen und hoffen, dass Sie einen h\u00f6heren Prozentsatz der richtigen Keno-Zahlen ziehen.  <\/p>\n<p>F\u00fcr den Anfang ist es eine gute Idee, die kostenlose Online-Version von Keno in einer <a href=\"https:\/\/casinoreturn.com\/de\/demo-casino-spielautomaten\/\">Keno-Demoversion<\/a> zu spielen. Auf diese Weise k\u00f6nnen Sie die Online-Spielesammlung kennenlernen, und wenn Sie kostenlos spielen, k\u00f6nnen Sie verschiedene Online-Keno-Varianten ausprobieren. Die meisten Spielautomaten haben eine kostenlose Version oder einen \u00dcbungsmodus. Dieser soll es neuen Spielern erm\u00f6glichen, das Spiel zu spielen, ohne mit echtem Geld spielen zu m\u00fcssen. Sobald Sie sich mit der Online-Plattform vertraut gemacht haben, k\u00f6nnen Sie anfangen, Keno-Spiele mit echtem Geld zu spielen. Um den Spielspa\u00df zu maximieren, sollten Sie Ihren Kontostand genau im Auge behalten und nie mehr setzen, als Sie bereit sind zu verlieren. Bei Keno werden Sie vielleicht mehrere Spiele spielen wollen, also setzen Sie bitte entsprechend, damit der Spa\u00df erhalten bleibt. Sie sollten auch die verschiedenen Bonusangebote in der Spielothek pr\u00fcfen, die den Unterhaltungswert erh\u00f6hen k\u00f6nnen. Was Sie nicht vergessen sollten, ist, dass Keno ein Gl\u00fccksspiel ist. Das bedeutet f\u00fcr Sie, dass die Gewinnchancen immer \u00e4hnlich sind.         <\/p>\n\t\t\t\t\t\t\t\t<\/div>\n\t\t\t\t<\/div>\n\t\t\t\t<\/div>\n\t\t\t\t<\/div>\n\t\t","protected":false},"excerpt":{"rendered":"<p>Online-Keno-Regeln und Keno-Strategien Online Keno Regeln und seine Geschichte Das in China entwickelte Spiel Keno wurde von chinesischen Einwanderern in den sp\u00e4ten 1800er Jahren in die Vereinigten Staaten gebracht. Urspr\u00fcnglich wurde Keno mit 80 chinesischen Schriftzeichen gespielt, die sp\u00e4ter in den Vereinigten Staaten durch 80 arabische Ziffern ersetzt wurden. Rennpferd namens Keno! Eine Zeit lang [&hellip;]<\/p>\n","protected":false},"author":1,"featured_media":0,"parent":0,"menu_order":0,"comment_status":"closed","ping_status":"closed","template":"","meta":{"footnotes":""},"class_list":["post-5008","page","type-page","status-publish","hentry"],"blocksy_meta":[],"acf":[],"yoast_head":"<!-- This site is optimized with the Yoast SEO plugin v24.1 - https:\/\/yoast.com\/wordpress\/plugins\/seo\/ -->\n<title>Online Keno Regeln - casinoreturn<\/title>\n<meta name=\"description\" content=\"Online Keno Regeln und seine Geschichte. Eines der beliebtesten Spiele der letzten Jahre. Machen Sie mit und lesen Sie mehr \u00fcber Strategien und Keno-Strategien.\" \/>\n<meta name=\"robots\" content=\"index, follow, max-snippet:-1, max-image-preview:large, max-video-preview:-1\" \/>\n<link rel=\"canonical\" href=\"https:\/\/casinoreturn.com\/de\/online-keno-regeln\/\" \/>\n<meta property=\"og:locale\" content=\"de_DE\" \/>\n<meta property=\"og:type\" content=\"article\" \/>\n<meta property=\"og:title\" content=\"Online Keno Regeln - casinoreturn\" \/>\n<meta property=\"og:description\" content=\"Online Keno Regeln und seine Geschichte. Eines der beliebtesten Spiele der letzten Jahre. Machen Sie mit und lesen Sie mehr \u00fcber Strategien und Keno-Strategien.\" \/>\n<meta property=\"og:url\" content=\"https:\/\/casinoreturn.com\/de\/online-keno-regeln\/\" \/>\n<meta property=\"og:site_name\" content=\"casinoreturn\" \/>\n<meta property=\"article:modified_time\" content=\"2024-12-04T13:39:01+00:00\" \/>\n<meta property=\"og:image\" content=\"https:\/\/casinoreturn.com\/wp-content\/uploads\/2024\/11\/Online-Keno-Rules.png\" \/>\n\t<meta property=\"og:image:width\" content=\"200\" \/>\n\t<meta property=\"og:image:height\" content=\"200\" \/>\n\t<meta property=\"og:image:type\" content=\"image\/png\" \/>\n<meta name=\"twitter:card\" content=\"summary_large_image\" \/>\n<meta name=\"twitter:label1\" content=\"Gesch\u00e4tzte Lesezeit\" \/>\n\t<meta name=\"twitter:data1\" content=\"5\u00a0Minuten\" \/>\n<script type=\"application\/ld+json\" class=\"yoast-schema-graph\">{\"@context\":\"https:\/\/schema.org\",\"@graph\":[{\"@type\":\"WebPage\",\"@id\":\"https:\/\/casinoreturn.com\/de\/online-keno-regeln\/\",\"url\":\"https:\/\/casinoreturn.com\/de\/online-keno-regeln\/\",\"name\":\"Online Keno Regeln - casinoreturn\",\"isPartOf\":{\"@id\":\"https:\/\/casinoreturn.com\/#website\"},\"primaryImageOfPage\":{\"@id\":\"https:\/\/casinoreturn.com\/de\/online-keno-regeln\/#primaryimage\"},\"image\":{\"@id\":\"https:\/\/casinoreturn.com\/de\/online-keno-regeln\/#primaryimage\"},\"thumbnailUrl\":\"https:\/\/casinoreturn.com\/wp-content\/uploads\/2024\/11\/Online-Keno-Rules.png\",\"datePublished\":\"2024-11-13T17:29:31+00:00\",\"dateModified\":\"2024-12-04T13:39:01+00:00\",\"description\":\"Online Keno Regeln und seine Geschichte. Eines der beliebtesten Spiele der letzten Jahre. Machen Sie mit und lesen Sie mehr \u00fcber Strategien und Keno-Strategien.\",\"breadcrumb\":{\"@id\":\"https:\/\/casinoreturn.com\/de\/online-keno-regeln\/#breadcrumb\"},\"inLanguage\":\"de\",\"potentialAction\":[{\"@type\":\"ReadAction\",\"target\":[\"https:\/\/casinoreturn.com\/de\/online-keno-regeln\/\"]}]},{\"@type\":\"ImageObject\",\"inLanguage\":\"de\",\"@id\":\"https:\/\/casinoreturn.com\/de\/online-keno-regeln\/#primaryimage\",\"url\":\"https:\/\/casinoreturn.com\/wp-content\/uploads\/2024\/11\/Online-Keno-Rules.png\",\"contentUrl\":\"https:\/\/casinoreturn.com\/wp-content\/uploads\/2024\/11\/Online-Keno-Rules.png\"},{\"@type\":\"BreadcrumbList\",\"@id\":\"https:\/\/casinoreturn.com\/de\/online-keno-regeln\/#breadcrumb\",\"itemListElement\":[{\"@type\":\"ListItem\",\"position\":1,\"name\":\"Home\",\"item\":\"https:\/\/casinoreturn.com\/de\/heim\/\"},{\"@type\":\"ListItem\",\"position\":2,\"name\":\"Online Keno Regeln\"}]},{\"@type\":\"WebSite\",\"@id\":\"https:\/\/casinoreturn.com\/#website\",\"url\":\"https:\/\/casinoreturn.com\/\",\"name\":\"casinoreturn\",\"description\":\"\",\"publisher\":{\"@id\":\"https:\/\/casinoreturn.com\/#organization\"},\"potentialAction\":[{\"@type\":\"SearchAction\",\"target\":{\"@type\":\"EntryPoint\",\"urlTemplate\":\"https:\/\/casinoreturn.com\/?s={search_term_string}\"},\"query-input\":{\"@type\":\"PropertyValueSpecification\",\"valueRequired\":true,\"valueName\":\"search_term_string\"}}],\"inLanguage\":\"de\"},{\"@type\":\"Organization\",\"@id\":\"https:\/\/casinoreturn.com\/#organization\",\"name\":\"casinoreturn\",\"url\":\"https:\/\/casinoreturn.com\/\",\"logo\":{\"@type\":\"ImageObject\",\"inLanguage\":\"de\",\"@id\":\"https:\/\/casinoreturn.com\/#\/schema\/logo\/image\/\",\"url\":\"https:\/\/casinoreturn.com\/wp-content\/uploads\/2024\/09\/animal-favicon.png\",\"contentUrl\":\"https:\/\/casinoreturn.com\/wp-content\/uploads\/2024\/09\/animal-favicon.png\",\"width\":92,\"height\":92,\"caption\":\"casinoreturn\"},\"image\":{\"@id\":\"https:\/\/casinoreturn.com\/#\/schema\/logo\/image\/\"}}]}<\/script>\n<!-- \/ Yoast SEO plugin. -->","yoast_head_json":{"title":"Online Keno Regeln - casinoreturn","description":"Online Keno Regeln und seine Geschichte. Eines der beliebtesten Spiele der letzten Jahre. Machen Sie mit und lesen Sie mehr \u00fcber Strategien und Keno-Strategien.","robots":{"index":"index","follow":"follow","max-snippet":"max-snippet:-1","max-image-preview":"max-image-preview:large","max-video-preview":"max-video-preview:-1"},"canonical":"https:\/\/casinoreturn.com\/de\/online-keno-regeln\/","og_locale":"de_DE","og_type":"article","og_title":"Online Keno Regeln - casinoreturn","og_description":"Online Keno Regeln und seine Geschichte. Eines der beliebtesten Spiele der letzten Jahre. Machen Sie mit und lesen Sie mehr \u00fcber Strategien und Keno-Strategien.","og_url":"https:\/\/casinoreturn.com\/de\/online-keno-regeln\/","og_site_name":"casinoreturn","article_modified_time":"2024-12-04T13:39:01+00:00","og_image":[{"width":200,"height":200,"url":"https:\/\/casinoreturn.com\/wp-content\/uploads\/2024\/11\/Online-Keno-Rules.png","type":"image\/png"}],"twitter_card":"summary_large_image","twitter_misc":{"Gesch\u00e4tzte Lesezeit":"5\u00a0Minuten"},"schema":{"@context":"https:\/\/schema.org","@graph":[{"@type":"WebPage","@id":"https:\/\/casinoreturn.com\/de\/online-keno-regeln\/","url":"https:\/\/casinoreturn.com\/de\/online-keno-regeln\/","name":"Online Keno Regeln - casinoreturn","isPartOf":{"@id":"https:\/\/casinoreturn.com\/#website"},"primaryImageOfPage":{"@id":"https:\/\/casinoreturn.com\/de\/online-keno-regeln\/#primaryimage"},"image":{"@id":"https:\/\/casinoreturn.com\/de\/online-keno-regeln\/#primaryimage"},"thumbnailUrl":"https:\/\/casinoreturn.com\/wp-content\/uploads\/2024\/11\/Online-Keno-Rules.png","datePublished":"2024-11-13T17:29:31+00:00","dateModified":"2024-12-04T13:39:01+00:00","description":"Online Keno Regeln und seine Geschichte. Eines der beliebtesten Spiele der letzten Jahre. Machen Sie mit und lesen Sie mehr \u00fcber Strategien und Keno-Strategien.","breadcrumb":{"@id":"https:\/\/casinoreturn.com\/de\/online-keno-regeln\/#breadcrumb"},"inLanguage":"de","potentialAction":[{"@type":"ReadAction","target":["https:\/\/casinoreturn.com\/de\/online-keno-regeln\/"]}]},{"@type":"ImageObject","inLanguage":"de","@id":"https:\/\/casinoreturn.com\/de\/online-keno-regeln\/#primaryimage","url":"https:\/\/casinoreturn.com\/wp-content\/uploads\/2024\/11\/Online-Keno-Rules.png","contentUrl":"https:\/\/casinoreturn.com\/wp-content\/uploads\/2024\/11\/Online-Keno-Rules.png"},{"@type":"BreadcrumbList","@id":"https:\/\/casinoreturn.com\/de\/online-keno-regeln\/#breadcrumb","itemListElement":[{"@type":"ListItem","position":1,"name":"Home","item":"https:\/\/casinoreturn.com\/de\/heim\/"},{"@type":"ListItem","position":2,"name":"Online Keno Regeln"}]},{"@type":"WebSite","@id":"https:\/\/casinoreturn.com\/#website","url":"https:\/\/casinoreturn.com\/","name":"casinoreturn","description":"","publisher":{"@id":"https:\/\/casinoreturn.com\/#organization"},"potentialAction":[{"@type":"SearchAction","target":{"@type":"EntryPoint","urlTemplate":"https:\/\/casinoreturn.com\/?s={search_term_string}"},"query-input":{"@type":"PropertyValueSpecification","valueRequired":true,"valueName":"search_term_string"}}],"inLanguage":"de"},{"@type":"Organization","@id":"https:\/\/casinoreturn.com\/#organization","name":"casinoreturn","url":"https:\/\/casinoreturn.com\/","logo":{"@type":"ImageObject","inLanguage":"de","@id":"https:\/\/casinoreturn.com\/#\/schema\/logo\/image\/","url":"https:\/\/casinoreturn.com\/wp-content\/uploads\/2024\/09\/animal-favicon.png","contentUrl":"https:\/\/casinoreturn.com\/wp-content\/uploads\/2024\/09\/animal-favicon.png","width":92,"height":92,"caption":"casinoreturn"},"image":{"@id":"https:\/\/casinoreturn.com\/#\/schema\/logo\/image\/"}}]}},"_links":{"self":[{"href":"https:\/\/casinoreturn.com\/de\/wp-json\/wp\/v2\/pages\/5008","targetHints":{"allow":["GET"]}}],"collection":[{"href":"https:\/\/casinoreturn.com\/de\/wp-json\/wp\/v2\/pages"}],"about":[{"href":"https:\/\/casinoreturn.com\/de\/wp-json\/wp\/v2\/types\/page"}],"author":[{"embeddable":true,"href":"https:\/\/casinoreturn.com\/de\/wp-json\/wp\/v2\/users\/1"}],"replies":[{"embeddable":true,"href":"https:\/\/casinoreturn.com\/de\/wp-json\/wp\/v2\/comments?post=5008"}],"version-history":[{"count":1,"href":"https:\/\/casinoreturn.com\/de\/wp-json\/wp\/v2\/pages\/5008\/revisions"}],"predecessor-version":[{"id":5009,"href":"https:\/\/casinoreturn.com\/de\/wp-json\/wp\/v2\/pages\/5008\/revisions\/5009"}],"wp:attachment":[{"href":"https:\/\/casinoreturn.com\/de\/wp-json\/wp\/v2\/media?parent=5008"}],"curies":[{"name":"wp","href":"https:\/\/api.w.org\/{rel}","templated":true}]}}