{"id":5052,"date":"2024-11-20T16:41:12","date_gmt":"2024-11-20T16:41:12","guid":{"rendered":"https:\/\/casinoreturn.com\/royal-flush-beim-poker\/"},"modified":"2024-12-04T13:59:05","modified_gmt":"2024-12-04T13:59:05","slug":"royal-flush-beim-poker","status":"publish","type":"page","link":"https:\/\/casinoreturn.com\/de\/royal-flush-beim-poker\/","title":{"rendered":"Royal Flush beim Poker"},"content":{"rendered":"\t\t<div data-elementor-type=\"wp-page\" data-elementor-id=\"5052\" class=\"elementor elementor-5052\" data-elementor-post-type=\"page\">\n\t\t\t\t<div class=\"elementor-element elementor-element-544c1d6 e-con-full e-flex e-con e-parent\" data-id=\"544c1d6\" data-element_type=\"container\">\n\t\t\t\t<div class=\"elementor-element elementor-element-7598f05 elementor-widget elementor-widget-heading\" data-id=\"7598f05\" data-element_type=\"widget\" data-widget_type=\"heading.default\">\n\t\t\t\t<div class=\"elementor-widget-container\">\n\t\t\t\t\t<h2 class=\"elementor-heading-title elementor-size-default\">Royal Flush beim Poker - \"Die eine Hand beim Poker\"<\/h2>\t\t\t\t<\/div>\n\t\t\t\t<\/div>\n\t\t\t\t<div class=\"elementor-element elementor-element-c8fb580 elementor-widget elementor-widget-image\" data-id=\"c8fb580\" data-element_type=\"widget\" data-widget_type=\"image.default\">\n\t\t\t\t<div class=\"elementor-widget-container\">\n\t\t\t\t\t\t\t\t\t\t\t\t\t\t\t<img fetchpriority=\"high\" decoding=\"async\" width=\"522\" height=\"360\" src=\"https:\/\/casinoreturn.com\/wp-content\/uploads\/2024\/11\/Royal-Flush-in-Poker.jpg\" class=\"attachment-large size-large wp-image-3699\" alt=\"creator-television-and-poker-world-tour-align\" srcset=\"https:\/\/casinoreturn.com\/wp-content\/uploads\/2024\/11\/Royal-Flush-in-Poker.jpg 522w, https:\/\/casinoreturn.com\/wp-content\/uploads\/2024\/11\/Royal-Flush-in-Poker-300x207.jpg 300w\" sizes=\"(max-width: 522px) 100vw, 522px\" \/>\t\t\t\t\t\t\t\t\t\t\t\t\t\t\t<\/div>\n\t\t\t\t<\/div>\n\t\t\t\t<div class=\"elementor-element elementor-element-4a45df4 elementor-widget elementor-widget-heading\" data-id=\"4a45df4\" data-element_type=\"widget\" data-widget_type=\"heading.default\">\n\t\t\t\t<div class=\"elementor-widget-container\">\n\t\t\t\t\t<h2 class=\"elementor-heading-title elementor-size-default\">Was ist ein Royal Flush beim Poker?<\/h2>\t\t\t\t<\/div>\n\t\t\t\t<\/div>\n\t\t\t\t<div class=\"elementor-element elementor-element-91fa191 elementor-button-success elementor-align-center elementor-widget elementor-widget-button\" data-id=\"91fa191\" data-element_type=\"widget\" data-widget_type=\"button.default\">\n\t\t\t\t<div class=\"elementor-widget-container\">\n\t\t\t\t\t\t\t\t\t<div class=\"elementor-button-wrapper\">\n\t\t\t\t\t<a class=\"elementor-button elementor-button-link elementor-size-sm\" href=\"https:\/\/casinoreturn.com\/de\/online-poker-casinos\/\">\n\t\t\t\t\t\t<span class=\"elementor-button-content-wrapper\">\n\t\t\t\t\t\t\t\t\t<span class=\"elementor-button-text\">Spielen Sie hier Poker<\/span>\n\t\t\t\t\t<\/span>\n\t\t\t\t\t<\/a>\n\t\t\t\t<\/div>\n\t\t\t\t\t\t\t\t<\/div>\n\t\t\t\t<\/div>\n\t\t\t\t<div class=\"elementor-element elementor-element-ffeecd1 elementor-widget elementor-widget-text-editor\" data-id=\"ffeecd1\" data-element_type=\"widget\" data-widget_type=\"text-editor.default\">\n\t\t\t\t<div class=\"elementor-widget-container\">\n\t\t\t\t\t\t\t\t\t<p>Der Royal Flush beim Poker, die Mutter aller Pokerh\u00e4nde. Es ist eine bestimmte Kombination von Karten, die beim Poker verwendet werden kann. Wie bereits erw\u00e4hnt, handelt es sich dabei nicht um irgendeine Kombination; es gewinnt immer die Kombination mit dem h\u00f6chsten Wert. Ein Royal Flush oder K\u00f6niglicher Flush besteht aus f\u00fcnf aufeinanderfolgenden Karten, wie 6, 7, 8, 9 und 10. Das Besondere an einem Royal Flush ist, dass die Reihenfolge (auch Straight oder Street) die h\u00f6chste Ordnung ist: 10, Bube, Dame, K\u00f6nig und Ass. Und als ob das noch nicht genug w\u00e4re, m\u00fcssen die Royal Flush-Karten auch noch dieselbe Farbe haben, egal welche Farbe. In der Tat ist der Royal Flush der beste. Ein Flush besteht immer aus f\u00fcnf Karten der gleichen Farbe. Wenn diese Karten also alle die h\u00f6chsten Karten einer Farbe sind, haben Sie einen Royal Flush.       <\/p>\n\t\t\t\t\t\t\t\t<\/div>\n\t\t\t\t<\/div>\n\t\t\t\t<div class=\"elementor-element elementor-element-83611db elementor-widget elementor-widget-heading\" data-id=\"83611db\" data-element_type=\"widget\" data-widget_type=\"heading.default\">\n\t\t\t\t<div class=\"elementor-widget-container\">\n\t\t\t\t\t<h3 class=\"elementor-heading-title elementor-size-default\">Bewertung der Royal Flush Hand<\/h3>\t\t\t\t<\/div>\n\t\t\t\t<\/div>\n\t\t\t\t<div class=\"elementor-element elementor-element-59a7e45 elementor-widget elementor-widget-text-editor\" data-id=\"59a7e45\" data-element_type=\"widget\" data-widget_type=\"text-editor.default\">\n\t\t\t\t<div class=\"elementor-widget-container\">\n\t\t\t\t\t\t\t\t\t<p>Mit einer Royal Flush Hand k\u00f6nnen Sie nichts falsch machen. Das liegt daran, dass Sie bereits die bestm\u00f6gliche Kombination haben. Aber bei einem Royal Flush gibt es ein paar Dinge zu beachten, auch wenn Sie bereits vier Karten der gleichen Farbe in einer Reihe haben. Es bedeutet nicht, dass die entsprechende f\u00fcnfte Karte am Ende hinzugef\u00fcgt wird. Wenn die richtige Karte es nicht bis zum Ende schafft, f\u00fchrt der Versuch, beim Poker einen Royal Flush zu erhalten, oft zu einem st\u00fcrmischen letzten Blatt. Das Risiko ist gro\u00df.     <\/p>\n\t\t\t\t\t\t\t\t<\/div>\n\t\t\t\t<\/div>\n\t\t\t\t<div class=\"elementor-element elementor-element-fc7dee4 elementor-widget elementor-widget-heading\" data-id=\"fc7dee4\" data-element_type=\"widget\" data-widget_type=\"heading.default\">\n\t\t\t\t<div class=\"elementor-widget-container\">\n\t\t\t\t\t<h3 class=\"elementor-heading-title elementor-size-default\">Die optimale Strategie f\u00fcr einen Royal Flush<\/h3>\t\t\t\t<\/div>\n\t\t\t\t<\/div>\n\t\t\t\t<div class=\"elementor-element elementor-element-8889405 elementor-widget elementor-widget-text-editor\" data-id=\"8889405\" data-element_type=\"widget\" data-widget_type=\"text-editor.default\">\n\t\t\t\t<div class=\"elementor-widget-container\">\n\t\t\t\t\t\t\t\t\t<p>Wenn Sie einen Royal Flush wollen, w\u00e4re es am profitabelsten, nur vielversprechende Royal Flush-H\u00e4nde zu spielen. Alle anderen Karten aussteigen zu lassen, ist jedoch nicht die beste Strategie. Oft ist es vielversprechender, auf eine andere Kartenkombination zu setzen, die wahrscheinlicher ist. Es ist auch wichtig, das Verhalten der anderen Spieler im Auge zu behalten. Dazu m\u00fcssen Sie deren Spielverhalten sehr genau analysieren. Letztendlich brauchen Sie einen Royal Flush nur einmal zu haben und andere gute H\u00e4nde zu schlagen. Da diese auch recht selten sind, ist der Royal Flush nur selten notwendig. Wichtig ist auch, dass Ihr Gegner mit hoher Wahrscheinlichkeit nicht zu unsicher f\u00fcr einen Royal Flush ist und mitgeht, denn leider n\u00fctzt Ihnen Ihr Royal Flush nichts, wenn Ihre Gegner vorzeitig aussteigen. Beim Videopoker ist das nat\u00fcrlich anders. Da Sie beim Videopoker mit einem Royal Flush einen \u00fcberproportionalen Gewinn erzielen k\u00f6nnen, sollten Sie immer mit einem Royal Flush spielen. Da Sie hier keine Feinde haben, sollten Sie diese Rolle nicht spielen.          <\/p>\n\t\t\t\t\t\t\t\t<\/div>\n\t\t\t\t<\/div>\n\t\t\t\t<div class=\"elementor-element elementor-element-863e8de elementor-widget elementor-widget-heading\" data-id=\"863e8de\" data-element_type=\"widget\" data-widget_type=\"heading.default\">\n\t\t\t\t<div class=\"elementor-widget-container\">\n\t\t\t\t\t<h3 class=\"elementor-heading-title elementor-size-default\">Poker-Varianten in Royal Flush?<\/h3>\t\t\t\t<\/div>\n\t\t\t\t<\/div>\n\t\t\t\t<div class=\"elementor-element elementor-element-80672b1 elementor-widget elementor-widget-text-editor\" data-id=\"80672b1\" data-element_type=\"widget\" data-widget_type=\"text-editor.default\">\n\t\t\t\t<div class=\"elementor-widget-container\">\n\t\t\t\t\t\t\t\t\t<p>Der Royal Flush kommt in allen Pokervarianten vor, die heute noch h\u00e4ufig gespielt werden, wie Texas Hold&#8217;em, Five Card Draw und Seven Card Stud. Wie bereits erw\u00e4hnt, ist es fast genauso schwierig, eine Pokervariante ohne Royal Flush zu finden, wie einen zu bekommen. <\/p>\n\t\t\t\t\t\t\t\t<\/div>\n\t\t\t\t<\/div>\n\t\t\t\t<\/div>\n\t\t\t\t<\/div>\n\t\t","protected":false},"excerpt":{"rendered":"<p>Royal Flush beim Poker &#8211; &#8222;Die eine Hand beim Poker&#8220; Was ist ein Royal Flush beim Poker? Spielen Sie hier Poker Der Royal Flush beim Poker, die Mutter aller Pokerh\u00e4nde. Es ist eine bestimmte Kombination von Karten, die beim Poker verwendet werden kann. Wie bereits erw\u00e4hnt, handelt es sich dabei nicht um irgendeine Kombination; es [&hellip;]<\/p>\n","protected":false},"author":1,"featured_media":0,"parent":0,"menu_order":0,"comment_status":"closed","ping_status":"closed","template":"","meta":{"footnotes":""},"class_list":["post-5052","page","type-page","status-publish","hentry"],"blocksy_meta":[],"acf":[],"yoast_head":"<!-- This site is optimized with the Yoast SEO plugin v24.1 - https:\/\/yoast.com\/wordpress\/plugins\/seo\/ -->\n<title>Royal Flush beim Poker - casinoreturn<\/title>\n<meta name=\"description\" content=\"Royal Flush beim Poker, die Grande Dame unter den H\u00e4nden. Vergessen Sie Vierlinge und Asse. Unser kleiner Leitfaden gibt Ihnen einige Infos.\" \/>\n<meta name=\"robots\" content=\"index, follow, max-snippet:-1, max-image-preview:large, max-video-preview:-1\" \/>\n<link rel=\"canonical\" href=\"https:\/\/casinoreturn.com\/de\/royal-flush-beim-poker\/\" \/>\n<meta property=\"og:locale\" content=\"de_DE\" \/>\n<meta property=\"og:type\" content=\"article\" \/>\n<meta property=\"og:title\" content=\"Royal Flush beim Poker - casinoreturn\" \/>\n<meta property=\"og:description\" content=\"Royal Flush beim Poker, die Grande Dame unter den H\u00e4nden. Vergessen Sie Vierlinge und Asse. Unser kleiner Leitfaden gibt Ihnen einige Infos.\" \/>\n<meta property=\"og:url\" content=\"https:\/\/casinoreturn.com\/de\/royal-flush-beim-poker\/\" \/>\n<meta property=\"og:site_name\" content=\"casinoreturn\" \/>\n<meta property=\"article:modified_time\" content=\"2024-12-04T13:59:05+00:00\" \/>\n<meta property=\"og:image\" content=\"https:\/\/casinoreturn.com\/wp-content\/uploads\/2024\/11\/Royal-Flush-in-Poker.jpg\" \/>\n\t<meta property=\"og:image:width\" content=\"522\" \/>\n\t<meta property=\"og:image:height\" content=\"360\" \/>\n\t<meta property=\"og:image:type\" content=\"image\/jpeg\" \/>\n<meta name=\"twitter:card\" content=\"summary_large_image\" \/>\n<meta name=\"twitter:label1\" content=\"Gesch\u00e4tzte Lesezeit\" \/>\n\t<meta name=\"twitter:data1\" content=\"2\u00a0Minuten\" \/>\n<script type=\"application\/ld+json\" class=\"yoast-schema-graph\">{\"@context\":\"https:\/\/schema.org\",\"@graph\":[{\"@type\":\"WebPage\",\"@id\":\"https:\/\/casinoreturn.com\/de\/royal-flush-beim-poker\/\",\"url\":\"https:\/\/casinoreturn.com\/de\/royal-flush-beim-poker\/\",\"name\":\"Royal Flush beim Poker - casinoreturn\",\"isPartOf\":{\"@id\":\"https:\/\/casinoreturn.com\/#website\"},\"primaryImageOfPage\":{\"@id\":\"https:\/\/casinoreturn.com\/de\/royal-flush-beim-poker\/#primaryimage\"},\"image\":{\"@id\":\"https:\/\/casinoreturn.com\/de\/royal-flush-beim-poker\/#primaryimage\"},\"thumbnailUrl\":\"https:\/\/casinoreturn.com\/wp-content\/uploads\/2024\/11\/Royal-Flush-in-Poker.jpg\",\"datePublished\":\"2024-11-20T16:41:12+00:00\",\"dateModified\":\"2024-12-04T13:59:05+00:00\",\"description\":\"Royal Flush beim Poker, die Grande Dame unter den H\u00e4nden. Vergessen Sie Vierlinge und Asse. Unser kleiner Leitfaden gibt Ihnen einige Infos.\",\"breadcrumb\":{\"@id\":\"https:\/\/casinoreturn.com\/de\/royal-flush-beim-poker\/#breadcrumb\"},\"inLanguage\":\"de\",\"potentialAction\":[{\"@type\":\"ReadAction\",\"target\":[\"https:\/\/casinoreturn.com\/de\/royal-flush-beim-poker\/\"]}]},{\"@type\":\"ImageObject\",\"inLanguage\":\"de\",\"@id\":\"https:\/\/casinoreturn.com\/de\/royal-flush-beim-poker\/#primaryimage\",\"url\":\"https:\/\/casinoreturn.com\/wp-content\/uploads\/2024\/11\/Royal-Flush-in-Poker.jpg\",\"contentUrl\":\"https:\/\/casinoreturn.com\/wp-content\/uploads\/2024\/11\/Royal-Flush-in-Poker.jpg\"},{\"@type\":\"BreadcrumbList\",\"@id\":\"https:\/\/casinoreturn.com\/de\/royal-flush-beim-poker\/#breadcrumb\",\"itemListElement\":[{\"@type\":\"ListItem\",\"position\":1,\"name\":\"Home\",\"item\":\"https:\/\/casinoreturn.com\/de\/heim\/\"},{\"@type\":\"ListItem\",\"position\":2,\"name\":\"Royal Flush beim Poker\"}]},{\"@type\":\"WebSite\",\"@id\":\"https:\/\/casinoreturn.com\/#website\",\"url\":\"https:\/\/casinoreturn.com\/\",\"name\":\"casinoreturn\",\"description\":\"\",\"publisher\":{\"@id\":\"https:\/\/casinoreturn.com\/#organization\"},\"potentialAction\":[{\"@type\":\"SearchAction\",\"target\":{\"@type\":\"EntryPoint\",\"urlTemplate\":\"https:\/\/casinoreturn.com\/?s={search_term_string}\"},\"query-input\":{\"@type\":\"PropertyValueSpecification\",\"valueRequired\":true,\"valueName\":\"search_term_string\"}}],\"inLanguage\":\"de\"},{\"@type\":\"Organization\",\"@id\":\"https:\/\/casinoreturn.com\/#organization\",\"name\":\"casinoreturn\",\"url\":\"https:\/\/casinoreturn.com\/\",\"logo\":{\"@type\":\"ImageObject\",\"inLanguage\":\"de\",\"@id\":\"https:\/\/casinoreturn.com\/#\/schema\/logo\/image\/\",\"url\":\"https:\/\/casinoreturn.com\/wp-content\/uploads\/2024\/09\/animal-favicon.png\",\"contentUrl\":\"https:\/\/casinoreturn.com\/wp-content\/uploads\/2024\/09\/animal-favicon.png\",\"width\":92,\"height\":92,\"caption\":\"casinoreturn\"},\"image\":{\"@id\":\"https:\/\/casinoreturn.com\/#\/schema\/logo\/image\/\"}}]}<\/script>\n<!-- \/ Yoast SEO plugin. -->","yoast_head_json":{"title":"Royal Flush beim Poker - casinoreturn","description":"Royal Flush beim Poker, die Grande Dame unter den H\u00e4nden. Vergessen Sie Vierlinge und Asse. Unser kleiner Leitfaden gibt Ihnen einige Infos.","robots":{"index":"index","follow":"follow","max-snippet":"max-snippet:-1","max-image-preview":"max-image-preview:large","max-video-preview":"max-video-preview:-1"},"canonical":"https:\/\/casinoreturn.com\/de\/royal-flush-beim-poker\/","og_locale":"de_DE","og_type":"article","og_title":"Royal Flush beim Poker - casinoreturn","og_description":"Royal Flush beim Poker, die Grande Dame unter den H\u00e4nden. Vergessen Sie Vierlinge und Asse. Unser kleiner Leitfaden gibt Ihnen einige Infos.","og_url":"https:\/\/casinoreturn.com\/de\/royal-flush-beim-poker\/","og_site_name":"casinoreturn","article_modified_time":"2024-12-04T13:59:05+00:00","og_image":[{"width":522,"height":360,"url":"https:\/\/casinoreturn.com\/wp-content\/uploads\/2024\/11\/Royal-Flush-in-Poker.jpg","type":"image\/jpeg"}],"twitter_card":"summary_large_image","twitter_misc":{"Gesch\u00e4tzte Lesezeit":"2\u00a0Minuten"},"schema":{"@context":"https:\/\/schema.org","@graph":[{"@type":"WebPage","@id":"https:\/\/casinoreturn.com\/de\/royal-flush-beim-poker\/","url":"https:\/\/casinoreturn.com\/de\/royal-flush-beim-poker\/","name":"Royal Flush beim Poker - casinoreturn","isPartOf":{"@id":"https:\/\/casinoreturn.com\/#website"},"primaryImageOfPage":{"@id":"https:\/\/casinoreturn.com\/de\/royal-flush-beim-poker\/#primaryimage"},"image":{"@id":"https:\/\/casinoreturn.com\/de\/royal-flush-beim-poker\/#primaryimage"},"thumbnailUrl":"https:\/\/casinoreturn.com\/wp-content\/uploads\/2024\/11\/Royal-Flush-in-Poker.jpg","datePublished":"2024-11-20T16:41:12+00:00","dateModified":"2024-12-04T13:59:05+00:00","description":"Royal Flush beim Poker, die Grande Dame unter den H\u00e4nden. Vergessen Sie Vierlinge und Asse. Unser kleiner Leitfaden gibt Ihnen einige Infos.","breadcrumb":{"@id":"https:\/\/casinoreturn.com\/de\/royal-flush-beim-poker\/#breadcrumb"},"inLanguage":"de","potentialAction":[{"@type":"ReadAction","target":["https:\/\/casinoreturn.com\/de\/royal-flush-beim-poker\/"]}]},{"@type":"ImageObject","inLanguage":"de","@id":"https:\/\/casinoreturn.com\/de\/royal-flush-beim-poker\/#primaryimage","url":"https:\/\/casinoreturn.com\/wp-content\/uploads\/2024\/11\/Royal-Flush-in-Poker.jpg","contentUrl":"https:\/\/casinoreturn.com\/wp-content\/uploads\/2024\/11\/Royal-Flush-in-Poker.jpg"},{"@type":"BreadcrumbList","@id":"https:\/\/casinoreturn.com\/de\/royal-flush-beim-poker\/#breadcrumb","itemListElement":[{"@type":"ListItem","position":1,"name":"Home","item":"https:\/\/casinoreturn.com\/de\/heim\/"},{"@type":"ListItem","position":2,"name":"Royal Flush beim Poker"}]},{"@type":"WebSite","@id":"https:\/\/casinoreturn.com\/#website","url":"https:\/\/casinoreturn.com\/","name":"casinoreturn","description":"","publisher":{"@id":"https:\/\/casinoreturn.com\/#organization"},"potentialAction":[{"@type":"SearchAction","target":{"@type":"EntryPoint","urlTemplate":"https:\/\/casinoreturn.com\/?s={search_term_string}"},"query-input":{"@type":"PropertyValueSpecification","valueRequired":true,"valueName":"search_term_string"}}],"inLanguage":"de"},{"@type":"Organization","@id":"https:\/\/casinoreturn.com\/#organization","name":"casinoreturn","url":"https:\/\/casinoreturn.com\/","logo":{"@type":"ImageObject","inLanguage":"de","@id":"https:\/\/casinoreturn.com\/#\/schema\/logo\/image\/","url":"https:\/\/casinoreturn.com\/wp-content\/uploads\/2024\/09\/animal-favicon.png","contentUrl":"https:\/\/casinoreturn.com\/wp-content\/uploads\/2024\/09\/animal-favicon.png","width":92,"height":92,"caption":"casinoreturn"},"image":{"@id":"https:\/\/casinoreturn.com\/#\/schema\/logo\/image\/"}}]}},"_links":{"self":[{"href":"https:\/\/casinoreturn.com\/de\/wp-json\/wp\/v2\/pages\/5052","targetHints":{"allow":["GET"]}}],"collection":[{"href":"https:\/\/casinoreturn.com\/de\/wp-json\/wp\/v2\/pages"}],"about":[{"href":"https:\/\/casinoreturn.com\/de\/wp-json\/wp\/v2\/types\/page"}],"author":[{"embeddable":true,"href":"https:\/\/casinoreturn.com\/de\/wp-json\/wp\/v2\/users\/1"}],"replies":[{"embeddable":true,"href":"https:\/\/casinoreturn.com\/de\/wp-json\/wp\/v2\/comments?post=5052"}],"version-history":[{"count":1,"href":"https:\/\/casinoreturn.com\/de\/wp-json\/wp\/v2\/pages\/5052\/revisions"}],"predecessor-version":[{"id":5053,"href":"https:\/\/casinoreturn.com\/de\/wp-json\/wp\/v2\/pages\/5052\/revisions\/5053"}],"wp:attachment":[{"href":"https:\/\/casinoreturn.com\/de\/wp-json\/wp\/v2\/media?parent=5052"}],"curies":[{"name":"wp","href":"https:\/\/api.w.org\/{rel}","templated":true}]}}