{"id":6150,"date":"2024-11-12T22:30:29","date_gmt":"2024-11-12T22:30:29","guid":{"rendered":"https:\/\/casinoreturn.com\/casino-bonusse-ohne-wetteinsatz-kanada\/"},"modified":"2024-12-20T00:42:03","modified_gmt":"2024-12-20T00:42:03","slug":"casino-bonusse-ohne-wetteinsatz-kanada","status":"publish","type":"page","link":"https:\/\/casinoreturn.com\/de\/casino-bonusse-ohne-wetteinsatz-kanada\/","title":{"rendered":"Casino-Bonusse ohne Wetteinsatz Kanada"},"content":{"rendered":"\t\t<div data-elementor-type=\"wp-page\" data-elementor-id=\"6150\" class=\"elementor elementor-6150\" data-elementor-post-type=\"page\">\n\t\t\t\t<div class=\"elementor-element elementor-element-099340e e-con-full e-flex e-con e-parent\" data-id=\"099340e\" data-element_type=\"container\">\n\t\t\t\t<div class=\"elementor-element elementor-element-9452dd6 elementor-widget elementor-widget-heading\" data-id=\"9452dd6\" data-element_type=\"widget\" data-widget_type=\"heading.default\">\n\t\t\t\t<div class=\"elementor-widget-container\">\n\t\t\t\t\t<h4 class=\"elementor-heading-title elementor-size-default\">Casino-Boni ohne Wetteinsatz in Kanada haben es in sich. Wir haben eine Handvoll dieser umsatzfreien Boni f\u00fcr Sie aufgelistet.   <\/h4>\t\t\t\t<\/div>\n\t\t\t\t<\/div>\n\t\t\t\t<div class=\"elementor-element elementor-element-206107d elementor-widget elementor-widget-image\" data-id=\"206107d\" data-element_type=\"widget\" data-widget_type=\"image.default\">\n\t\t\t\t<div class=\"elementor-widget-container\">\n\t\t\t\t\t\t\t\t\t\t\t\t\t\t\t<img fetchpriority=\"high\" decoding=\"async\" width=\"300\" height=\"300\" src=\"https:\/\/casinoreturn.com\/wp-content\/uploads\/2024\/11\/No-Wagering-Casino-Bonuses.png\" class=\"attachment-large size-large wp-image-3189\" alt=\"No Wagering Casino Bonuses\" srcset=\"https:\/\/casinoreturn.com\/wp-content\/uploads\/2024\/11\/No-Wagering-Casino-Bonuses.png 300w, https:\/\/casinoreturn.com\/wp-content\/uploads\/2024\/11\/No-Wagering-Casino-Bonuses-150x150.png 150w\" sizes=\"(max-width: 300px) 100vw, 300px\" \/>\t\t\t\t\t\t\t\t\t\t\t\t\t\t\t<\/div>\n\t\t\t\t<\/div>\n\t\t\t\t<div class=\"elementor-element elementor-element-a282737 elementor-widget elementor-widget-heading\" data-id=\"a282737\" data-element_type=\"widget\" data-widget_type=\"heading.default\">\n\t\t\t\t<div class=\"elementor-widget-container\">\n\t\t\t\t\t<h4 class=\"elementor-heading-title elementor-size-default\">Unsere Top-Auswahl f\u00fcr Bonusse ohne Wetteinsatz in Kanada.  <\/h4>\t\t\t\t<\/div>\n\t\t\t\t<\/div>\n\t\t\t\t<div class=\"elementor-element elementor-element-a7c48aa elementor-button-success elementor-align-center elementor-widget elementor-widget-button\" data-id=\"a7c48aa\" data-element_type=\"widget\" data-widget_type=\"button.default\">\n\t\t\t\t<div class=\"elementor-widget-container\">\n\t\t\t\t\t\t\t\t\t<div class=\"elementor-button-wrapper\">\n\t\t\t\t\t<a class=\"elementor-button elementor-button-link elementor-size-sm\" href=\"#\">\n\t\t\t\t\t\t<span class=\"elementor-button-content-wrapper\">\n\t\t\t\t\t\t\t\t\t<span class=\"elementor-button-text\">50 Freispiele ohne Einsatz bei THOR - Spielen Sie noch heute im OJO Casino!<\/span>\n\t\t\t\t\t<\/span>\n\t\t\t\t\t<\/a>\n\t\t\t\t<\/div>\n\t\t\t\t\t\t\t\t<\/div>\n\t\t\t\t<\/div>\n\t\t\t\t<div class=\"elementor-element elementor-element-4236979 elementor-countdown--label-block elementor-widget elementor-widget-countdown\" data-id=\"4236979\" data-element_type=\"widget\" data-widget_type=\"countdown.default\">\n\t\t\t\t<div class=\"elementor-widget-container\">\n\t\t\t\t\t\t\t<div data-expire-actions=\"[{&quot;type&quot;:&quot;message&quot;}]\" class=\"elementor-countdown-wrapper\" data-date=\"1767224100\">\n\t\t\t<div class=\"elementor-countdown-item\"><span class=\"elementor-countdown-digits elementor-countdown-days\"><\/span> <span class=\"elementor-countdown-label\">Tage<\/span><\/div><div class=\"elementor-countdown-item\"><span class=\"elementor-countdown-digits elementor-countdown-hours\"><\/span> <span class=\"elementor-countdown-label\">Stunden<\/span><\/div><div class=\"elementor-countdown-item\"><span class=\"elementor-countdown-digits elementor-countdown-minutes\"><\/span> <span class=\"elementor-countdown-label\">Protokoll<\/span><\/div><div class=\"elementor-countdown-item\"><span class=\"elementor-countdown-digits elementor-countdown-seconds\"><\/span> <span class=\"elementor-countdown-label\">Sekunden<\/span><\/div>\t\t<\/div>\n\t\t\t\t\t\t<div class=\"elementor-countdown-expire--message\">\n\t\t\t\t\tFordern Sie 50 Freispiele ohne Wetteinsatz f\u00fcr THOR an - Spielen Sie noch heute im OJO Casino NO Wagering Free Spins\t\t\t\t<\/div>\n\t\t\t\t\t\t\t\t<\/div>\n\t\t\t\t<\/div>\n\t\t\t\t<div class=\"elementor-element elementor-element-a9b8b0a elementor-widget elementor-widget-image\" data-id=\"a9b8b0a\" data-element_type=\"widget\" data-widget_type=\"image.default\">\n\t\t\t\t<div class=\"elementor-widget-container\">\n\t\t\t\t\t\t\t\t\t\t\t\t\t\t\t<img decoding=\"async\" width=\"300\" height=\"150\" src=\"https:\/\/casinoreturn.com\/wp-content\/uploads\/2024\/12\/Play-Ojo-no-wagering-free-spins.png\" class=\"attachment-large size-large wp-image-6119\" alt=\"Play Ojo no wagering free spins\" \/>\t\t\t\t\t\t\t\t\t\t\t\t\t\t\t<\/div>\n\t\t\t\t<\/div>\n\t\t\t\t<div class=\"elementor-element elementor-element-ccbe21f elementor-widget elementor-widget-heading\" data-id=\"ccbe21f\" data-element_type=\"widget\" data-widget_type=\"heading.default\">\n\t\t\t\t<div class=\"elementor-widget-container\">\n\t\t\t\t\t<h4 class=\"elementor-heading-title elementor-size-default\">Mehr \u00fcber No Wagering, Free Spins ohne Einzahlung und No Deposit Bonus in Kanada und Ontario.<\/h4>\t\t\t\t<\/div>\n\t\t\t\t<\/div>\n\t\t\t\t<div class=\"elementor-element elementor-element-e56fee4 elementor-widget elementor-widget-text-editor\" data-id=\"e56fee4\" data-element_type=\"widget\" data-widget_type=\"text-editor.default\">\n\t\t\t\t<div class=\"elementor-widget-container\">\n\t\t\t\t\t\t\t\t\t<h5><strong>Wie kann ich 50 Freispiele ohne Einsatz beanspruchen?<\/strong><\/h5>\n<p>Um diese 50 Freispiele ohne Einsatz zu erhalten, m\u00fcssen Sie nur ein paar Schritte ausf\u00fchren.<\/p>\n<ul>\n<li>Registrieren Sie sich bei PlayOJO<\/li>\n<li>Ihre Telefonnummer und Ihr Geburtsdatum sind nur erforderlich, um ein Konto bei PlayOJO Casino zu er\u00f6ffnen.<\/li>\n<li>Zahlen Sie ein und spielen Sie Ihre Freispiele ( <a href=\"https:\/\/www.playojo.com\/en\/reward-policy\/?appName=PlayOJO\">T&amp;C&#8217;s Apply<\/a>)<\/li>\n<\/ul>\n\t\t\t\t\t\t\t\t<\/div>\n\t\t\t\t<\/div>\n\t\t\t\t<div class=\"elementor-element elementor-element-8ab4dfd elementor-widget elementor-widget-image\" data-id=\"8ab4dfd\" data-element_type=\"widget\" data-widget_type=\"image.default\">\n\t\t\t\t<div class=\"elementor-widget-container\">\n\t\t\t\t\t\t\t\t\t\t\t\t\t\t\t<img decoding=\"async\" width=\"514\" height=\"388\" src=\"https:\/\/casinoreturn.com\/wp-content\/uploads\/2024\/12\/50-No-Wagering-Free-Spins.png\" class=\"attachment-large size-large wp-image-6131\" alt=\"50 No Wagering Free Spins\" srcset=\"https:\/\/casinoreturn.com\/wp-content\/uploads\/2024\/12\/50-No-Wagering-Free-Spins.png 514w, https:\/\/casinoreturn.com\/wp-content\/uploads\/2024\/12\/50-No-Wagering-Free-Spins-300x226.png 300w\" sizes=\"(max-width: 514px) 100vw, 514px\" \/>\t\t\t\t\t\t\t\t\t\t\t\t\t\t\t<\/div>\n\t\t\t\t<\/div>\n\t\t\t\t<div class=\"elementor-element elementor-element-f04881c elementor-widget elementor-widget-heading\" data-id=\"f04881c\" data-element_type=\"widget\" data-widget_type=\"heading.default\">\n\t\t\t\t<div class=\"elementor-widget-container\">\n\t\t\t\t\t<h4 class=\"elementor-heading-title elementor-size-default\">Was sind Wetteins\u00e4tze im Casino?<\/h4>\t\t\t\t<\/div>\n\t\t\t\t<\/div>\n\t\t\t\t<div class=\"elementor-element elementor-element-380aa18 elementor-widget elementor-widget-text-editor\" data-id=\"380aa18\" data-element_type=\"widget\" data-widget_type=\"text-editor.default\">\n\t\t\t\t<div class=\"elementor-widget-container\">\n\t\t\t\t\t\t\t\t\t<p>Der Einsatz im Casino ist der Vorgang, bei dem Sie die Bedingungen f\u00fcr einen Gratisbonus oder einen allgemeinen Casino-Bonus erf\u00fcllen m\u00fcssen. Hier sind ein paar Beispiele, wie der Einsatz in einem Online-Casino funktioniert. Beginnen wir mit den 50 umsatzfreien Freispielen von PlayOJO. In den Allgemeinen Gesch\u00e4ftsbedingungen steht, dass 50 Freispiele gew\u00e4hrt werden:     <\/p>\n<ul>\n<li>Eine qualifizierte erste Einzahlung muss get\u00e4tigt werden<\/li>\n<li>THOR &#8211; Spielautomat nur mit Mindesteins\u00e4tzen von CAD$0,10 zu verwenden<\/li>\n<li><a href=\"https:\/\/www.playojo.com\/en\/reward-policy\/?appName=PlayOJO\">T&amp;C&#8217;s gelten  <\/a><\/li>\n<\/ul>\n<p>Da es keine Wettanforderungen gibt, kann jedes der f\u00fcnfzig Spins in einen Bargeldgewinn umgewandelt werden.  <\/p>\n<p><strong>Z.B. f\u00fcr einen 50-fachen Spieleinsatz.<\/strong><\/p>\n<ul>\n<li>Eine qualifizierte erste Einzahlung muss get\u00e4tigt werden<\/li>\n<li>THOR &#8211; Spielautomat nur mit Mindesteins\u00e4tzen von CAD$0,10 zu verwenden<\/li>\n<li>T&amp;C&#8217;s gelten  <\/li>\n<li>Wettanforderung 50 Mal<\/li>\n<\/ul>\n<p>Um den Einsatz zu vervollst\u00e4ndigen und die erzielten Gewinne abheben zu k\u00f6nnen, muss ein Spieler den Gewinn 50 Mal setzen.  <strong>Der Gesamtgewinn aller 50 Freispiele betr\u00e4gt z.B. 50 Credits. Ein Spieler muss 50 x 50 Credits = 250 Credits mit einem Mindesteinsatz von \u20ac0,10 setzen. <\/strong>  Alle verbleibenden Gewinne werden automatisch in echtes Geld umgewandelt.<\/p>\n\t\t\t\t\t\t\t\t<\/div>\n\t\t\t\t<\/div>\n\t\t\t\t<div class=\"elementor-element elementor-element-859f500 elementor-widget elementor-widget-heading\" data-id=\"859f500\" data-element_type=\"widget\" data-widget_type=\"heading.default\">\n\t\t\t\t<div class=\"elementor-widget-container\">\n\t\t\t\t\t<h4 class=\"elementor-heading-title elementor-size-default\">Was sind die Vorteile eines Bonus ohne Eins\u00e4tze?<\/h4>\t\t\t\t<\/div>\n\t\t\t\t<\/div>\n\t\t\t\t<div class=\"elementor-element elementor-element-ad45116 elementor-widget elementor-widget-text-editor\" data-id=\"ad45116\" data-element_type=\"widget\" data-widget_type=\"text-editor.default\">\n\t\t\t\t<div class=\"elementor-widget-container\">\n\t\t\t\t\t\t\t\t\t<p>Der Vorteil eines Bonus ohne Einsatz ist, dass er sich sofort in echtes Geld verwandelt. Er ist nicht sehr verbreitet und verursacht den Online-Casinos erhebliche Kosten. Er wird zu Werbezwecken eingesetzt, z.B. als Geburtstagsgeschenk oder um neue Spieler anzulocken.    <\/p>\n<p><strong><span style=\"text-decoration: underline;\">Pro&#8217;s von Bonus ohne Wetteinsatz<\/span><\/strong><\/p>\n<p>Geringeres Risiko f\u00fcr Spieler<\/p>\n<p>Sofortige Gewinne<\/p>\n<p><strong><span style=\"text-decoration: underline;\">Contra&#8217;s f\u00fcr keine Wettanforderungen<\/span><\/strong><\/p>\n<p>Die mit dem Bonus verbundenen Bedingungen sollten Sie unbedingt lesen  <\/p>\n<p>Eine Mindesteinlage ist erforderlich<\/p>\n<p>Die Abhebung ist oft mit dem KYC-Prozess verbunden  <\/p>\n\t\t\t\t\t\t\t\t<\/div>\n\t\t\t\t<\/div>\n\t\t\t\t<\/div>\n\t\t\t\t<\/div>\n\t\t","protected":false},"excerpt":{"rendered":"<p>Casino-Boni ohne Wetteinsatz in Kanada haben es in sich. Wir haben eine Handvoll dieser umsatzfreien Boni f\u00fcr Sie aufgelistet. Unsere Top-Auswahl f\u00fcr Bonusse ohne Wetteinsatz in Kanada. 50 Freispiele ohne Einsatz bei THOR &#8211; Spielen Sie noch heute im OJO Casino! Tage Stunden Protokoll Sekunden Fordern Sie 50 Freispiele ohne Wetteinsatz f\u00fcr THOR an &#8211; [&hellip;]<\/p>\n","protected":false},"author":1,"featured_media":0,"parent":0,"menu_order":0,"comment_status":"closed","ping_status":"closed","template":"","meta":{"footnotes":""},"class_list":["post-6150","page","type-page","status-publish","hentry"],"blocksy_meta":[],"acf":[],"yoast_head":"<!-- This site is optimized with the Yoast SEO plugin v24.1 - https:\/\/yoast.com\/wordpress\/plugins\/seo\/ -->\n<title>Casino-Bonusse ohne Wetteinsatz Kanada - casinoreturn<\/title>\n<meta name=\"description\" content=\"Casino-Boni ohne Eins\u00e4tze in Kanada sind eine gro\u00dfartige M\u00f6glichkeit, neue Spieler anzulocken. Verst\u00e4rkt entweder mit einem No Deposit Bonus oder No Deposit Freispielen.\" \/>\n<meta name=\"robots\" content=\"index, follow, max-snippet:-1, max-image-preview:large, max-video-preview:-1\" \/>\n<link rel=\"canonical\" href=\"https:\/\/casinoreturn.com\/de\/casino-bonusse-ohne-wetteinsatz-kanada\/\" \/>\n<meta property=\"og:locale\" content=\"de_DE\" \/>\n<meta property=\"og:type\" content=\"article\" \/>\n<meta property=\"og:title\" content=\"Casino-Bonusse ohne Wetteinsatz Kanada - casinoreturn\" \/>\n<meta property=\"og:description\" content=\"Casino-Boni ohne Eins\u00e4tze in Kanada sind eine gro\u00dfartige M\u00f6glichkeit, neue Spieler anzulocken. Verst\u00e4rkt entweder mit einem No Deposit Bonus oder No Deposit Freispielen.\" \/>\n<meta property=\"og:url\" content=\"https:\/\/casinoreturn.com\/de\/casino-bonusse-ohne-wetteinsatz-kanada\/\" \/>\n<meta property=\"og:site_name\" content=\"casinoreturn\" \/>\n<meta property=\"article:modified_time\" content=\"2024-12-20T00:42:03+00:00\" \/>\n<meta property=\"og:image\" content=\"https:\/\/casinoreturn.com\/wp-content\/uploads\/2024\/11\/No-Wagering-Casino-Bonuses.png\" \/>\n\t<meta property=\"og:image:width\" content=\"300\" \/>\n\t<meta property=\"og:image:height\" content=\"300\" \/>\n\t<meta property=\"og:image:type\" content=\"image\/png\" \/>\n<meta name=\"twitter:card\" content=\"summary_large_image\" \/>\n<meta name=\"twitter:label1\" content=\"Gesch\u00e4tzte Lesezeit\" \/>\n\t<meta name=\"twitter:data1\" content=\"2\u00a0Minuten\" \/>\n<script type=\"application\/ld+json\" class=\"yoast-schema-graph\">{\"@context\":\"https:\/\/schema.org\",\"@graph\":[{\"@type\":\"WebPage\",\"@id\":\"https:\/\/casinoreturn.com\/de\/casino-bonusse-ohne-wetteinsatz-kanada\/\",\"url\":\"https:\/\/casinoreturn.com\/de\/casino-bonusse-ohne-wetteinsatz-kanada\/\",\"name\":\"Casino-Bonusse ohne Wetteinsatz Kanada - casinoreturn\",\"isPartOf\":{\"@id\":\"https:\/\/casinoreturn.com\/#website\"},\"primaryImageOfPage\":{\"@id\":\"https:\/\/casinoreturn.com\/de\/casino-bonusse-ohne-wetteinsatz-kanada\/#primaryimage\"},\"image\":{\"@id\":\"https:\/\/casinoreturn.com\/de\/casino-bonusse-ohne-wetteinsatz-kanada\/#primaryimage\"},\"thumbnailUrl\":\"https:\/\/casinoreturn.com\/wp-content\/uploads\/2024\/11\/No-Wagering-Casino-Bonuses.png\",\"datePublished\":\"2024-11-12T22:30:29+00:00\",\"dateModified\":\"2024-12-20T00:42:03+00:00\",\"description\":\"Casino-Boni ohne Eins\u00e4tze in Kanada sind eine gro\u00dfartige M\u00f6glichkeit, neue Spieler anzulocken. Verst\u00e4rkt entweder mit einem No Deposit Bonus oder No Deposit Freispielen.\",\"breadcrumb\":{\"@id\":\"https:\/\/casinoreturn.com\/de\/casino-bonusse-ohne-wetteinsatz-kanada\/#breadcrumb\"},\"inLanguage\":\"de\",\"potentialAction\":[{\"@type\":\"ReadAction\",\"target\":[\"https:\/\/casinoreturn.com\/de\/casino-bonusse-ohne-wetteinsatz-kanada\/\"]}]},{\"@type\":\"ImageObject\",\"inLanguage\":\"de\",\"@id\":\"https:\/\/casinoreturn.com\/de\/casino-bonusse-ohne-wetteinsatz-kanada\/#primaryimage\",\"url\":\"https:\/\/casinoreturn.com\/wp-content\/uploads\/2024\/11\/No-Wagering-Casino-Bonuses.png\",\"contentUrl\":\"https:\/\/casinoreturn.com\/wp-content\/uploads\/2024\/11\/No-Wagering-Casino-Bonuses.png\"},{\"@type\":\"BreadcrumbList\",\"@id\":\"https:\/\/casinoreturn.com\/de\/casino-bonusse-ohne-wetteinsatz-kanada\/#breadcrumb\",\"itemListElement\":[{\"@type\":\"ListItem\",\"position\":1,\"name\":\"Home\",\"item\":\"https:\/\/casinoreturn.com\/de\/heim\/\"},{\"@type\":\"ListItem\",\"position\":2,\"name\":\"Casino-Bonusse ohne Wetteinsatz Kanada\"}]},{\"@type\":\"WebSite\",\"@id\":\"https:\/\/casinoreturn.com\/#website\",\"url\":\"https:\/\/casinoreturn.com\/\",\"name\":\"casinoreturn\",\"description\":\"\",\"publisher\":{\"@id\":\"https:\/\/casinoreturn.com\/#organization\"},\"potentialAction\":[{\"@type\":\"SearchAction\",\"target\":{\"@type\":\"EntryPoint\",\"urlTemplate\":\"https:\/\/casinoreturn.com\/?s={search_term_string}\"},\"query-input\":{\"@type\":\"PropertyValueSpecification\",\"valueRequired\":true,\"valueName\":\"search_term_string\"}}],\"inLanguage\":\"de\"},{\"@type\":\"Organization\",\"@id\":\"https:\/\/casinoreturn.com\/#organization\",\"name\":\"casinoreturn\",\"url\":\"https:\/\/casinoreturn.com\/\",\"logo\":{\"@type\":\"ImageObject\",\"inLanguage\":\"de\",\"@id\":\"https:\/\/casinoreturn.com\/#\/schema\/logo\/image\/\",\"url\":\"https:\/\/casinoreturn.com\/wp-content\/uploads\/2024\/09\/animal-favicon.png\",\"contentUrl\":\"https:\/\/casinoreturn.com\/wp-content\/uploads\/2024\/09\/animal-favicon.png\",\"width\":92,\"height\":92,\"caption\":\"casinoreturn\"},\"image\":{\"@id\":\"https:\/\/casinoreturn.com\/#\/schema\/logo\/image\/\"}}]}<\/script>\n<!-- \/ Yoast SEO plugin. -->","yoast_head_json":{"title":"Casino-Bonusse ohne Wetteinsatz Kanada - casinoreturn","description":"Casino-Boni ohne Eins\u00e4tze in Kanada sind eine gro\u00dfartige M\u00f6glichkeit, neue Spieler anzulocken. Verst\u00e4rkt entweder mit einem No Deposit Bonus oder No Deposit Freispielen.","robots":{"index":"index","follow":"follow","max-snippet":"max-snippet:-1","max-image-preview":"max-image-preview:large","max-video-preview":"max-video-preview:-1"},"canonical":"https:\/\/casinoreturn.com\/de\/casino-bonusse-ohne-wetteinsatz-kanada\/","og_locale":"de_DE","og_type":"article","og_title":"Casino-Bonusse ohne Wetteinsatz Kanada - casinoreturn","og_description":"Casino-Boni ohne Eins\u00e4tze in Kanada sind eine gro\u00dfartige M\u00f6glichkeit, neue Spieler anzulocken. Verst\u00e4rkt entweder mit einem No Deposit Bonus oder No Deposit Freispielen.","og_url":"https:\/\/casinoreturn.com\/de\/casino-bonusse-ohne-wetteinsatz-kanada\/","og_site_name":"casinoreturn","article_modified_time":"2024-12-20T00:42:03+00:00","og_image":[{"width":300,"height":300,"url":"https:\/\/casinoreturn.com\/wp-content\/uploads\/2024\/11\/No-Wagering-Casino-Bonuses.png","type":"image\/png"}],"twitter_card":"summary_large_image","twitter_misc":{"Gesch\u00e4tzte Lesezeit":"2\u00a0Minuten"},"schema":{"@context":"https:\/\/schema.org","@graph":[{"@type":"WebPage","@id":"https:\/\/casinoreturn.com\/de\/casino-bonusse-ohne-wetteinsatz-kanada\/","url":"https:\/\/casinoreturn.com\/de\/casino-bonusse-ohne-wetteinsatz-kanada\/","name":"Casino-Bonusse ohne Wetteinsatz Kanada - casinoreturn","isPartOf":{"@id":"https:\/\/casinoreturn.com\/#website"},"primaryImageOfPage":{"@id":"https:\/\/casinoreturn.com\/de\/casino-bonusse-ohne-wetteinsatz-kanada\/#primaryimage"},"image":{"@id":"https:\/\/casinoreturn.com\/de\/casino-bonusse-ohne-wetteinsatz-kanada\/#primaryimage"},"thumbnailUrl":"https:\/\/casinoreturn.com\/wp-content\/uploads\/2024\/11\/No-Wagering-Casino-Bonuses.png","datePublished":"2024-11-12T22:30:29+00:00","dateModified":"2024-12-20T00:42:03+00:00","description":"Casino-Boni ohne Eins\u00e4tze in Kanada sind eine gro\u00dfartige M\u00f6glichkeit, neue Spieler anzulocken. Verst\u00e4rkt entweder mit einem No Deposit Bonus oder No Deposit Freispielen.","breadcrumb":{"@id":"https:\/\/casinoreturn.com\/de\/casino-bonusse-ohne-wetteinsatz-kanada\/#breadcrumb"},"inLanguage":"de","potentialAction":[{"@type":"ReadAction","target":["https:\/\/casinoreturn.com\/de\/casino-bonusse-ohne-wetteinsatz-kanada\/"]}]},{"@type":"ImageObject","inLanguage":"de","@id":"https:\/\/casinoreturn.com\/de\/casino-bonusse-ohne-wetteinsatz-kanada\/#primaryimage","url":"https:\/\/casinoreturn.com\/wp-content\/uploads\/2024\/11\/No-Wagering-Casino-Bonuses.png","contentUrl":"https:\/\/casinoreturn.com\/wp-content\/uploads\/2024\/11\/No-Wagering-Casino-Bonuses.png"},{"@type":"BreadcrumbList","@id":"https:\/\/casinoreturn.com\/de\/casino-bonusse-ohne-wetteinsatz-kanada\/#breadcrumb","itemListElement":[{"@type":"ListItem","position":1,"name":"Home","item":"https:\/\/casinoreturn.com\/de\/heim\/"},{"@type":"ListItem","position":2,"name":"Casino-Bonusse ohne Wetteinsatz Kanada"}]},{"@type":"WebSite","@id":"https:\/\/casinoreturn.com\/#website","url":"https:\/\/casinoreturn.com\/","name":"casinoreturn","description":"","publisher":{"@id":"https:\/\/casinoreturn.com\/#organization"},"potentialAction":[{"@type":"SearchAction","target":{"@type":"EntryPoint","urlTemplate":"https:\/\/casinoreturn.com\/?s={search_term_string}"},"query-input":{"@type":"PropertyValueSpecification","valueRequired":true,"valueName":"search_term_string"}}],"inLanguage":"de"},{"@type":"Organization","@id":"https:\/\/casinoreturn.com\/#organization","name":"casinoreturn","url":"https:\/\/casinoreturn.com\/","logo":{"@type":"ImageObject","inLanguage":"de","@id":"https:\/\/casinoreturn.com\/#\/schema\/logo\/image\/","url":"https:\/\/casinoreturn.com\/wp-content\/uploads\/2024\/09\/animal-favicon.png","contentUrl":"https:\/\/casinoreturn.com\/wp-content\/uploads\/2024\/09\/animal-favicon.png","width":92,"height":92,"caption":"casinoreturn"},"image":{"@id":"https:\/\/casinoreturn.com\/#\/schema\/logo\/image\/"}}]}},"_links":{"self":[{"href":"https:\/\/casinoreturn.com\/de\/wp-json\/wp\/v2\/pages\/6150","targetHints":{"allow":["GET"]}}],"collection":[{"href":"https:\/\/casinoreturn.com\/de\/wp-json\/wp\/v2\/pages"}],"about":[{"href":"https:\/\/casinoreturn.com\/de\/wp-json\/wp\/v2\/types\/page"}],"author":[{"embeddable":true,"href":"https:\/\/casinoreturn.com\/de\/wp-json\/wp\/v2\/users\/1"}],"replies":[{"embeddable":true,"href":"https:\/\/casinoreturn.com\/de\/wp-json\/wp\/v2\/comments?post=6150"}],"version-history":[{"count":1,"href":"https:\/\/casinoreturn.com\/de\/wp-json\/wp\/v2\/pages\/6150\/revisions"}],"predecessor-version":[{"id":6151,"href":"https:\/\/casinoreturn.com\/de\/wp-json\/wp\/v2\/pages\/6150\/revisions\/6151"}],"wp:attachment":[{"href":"https:\/\/casinoreturn.com\/de\/wp-json\/wp\/v2\/media?parent=6150"}],"curies":[{"name":"wp","href":"https:\/\/api.w.org\/{rel}","templated":true}]}}