{"id":7907,"date":"2024-11-11T14:31:40","date_gmt":"2024-11-11T14:31:40","guid":{"rendered":"https:\/\/casinoreturn.com\/ontario-kasinos-kanada\/"},"modified":"2025-03-13T17:09:17","modified_gmt":"2025-03-13T17:09:17","slug":"ontario-kasinos-kanada","status":"publish","type":"page","link":"https:\/\/casinoreturn.com\/de\/ontario-kasinos-kanada\/","title":{"rendered":"Ontario Kasinos Kanada"},"content":{"rendered":"\t\t<div data-elementor-type=\"wp-page\" data-elementor-id=\"7907\" class=\"elementor elementor-7907\" data-elementor-post-type=\"page\">\n\t\t\t\t<div class=\"elementor-element elementor-element-0319f61 e-con-full e-flex e-con e-parent\" data-id=\"0319f61\" data-element_type=\"container\">\n\t\t\t\t<div class=\"elementor-element elementor-element-c9a4faf elementor-widget elementor-widget-heading\" data-id=\"c9a4faf\" data-element_type=\"widget\" data-widget_type=\"heading.default\">\n\t\t\t\t<div class=\"elementor-widget-container\">\n\t\t\t\t\t<h3 class=\"elementor-heading-title elementor-size-default\">Ontario Casinos Kanada - Was Sie wissen m\u00fcssen<\/h3>\t\t\t\t<\/div>\n\t\t\t\t<\/div>\n\t\t\t\t<div class=\"elementor-element elementor-element-69ae674 elementor-widget elementor-widget-text-editor\" data-id=\"69ae674\" data-element_type=\"widget\" data-widget_type=\"text-editor.default\">\n\t\t\t\t<div class=\"elementor-widget-container\">\n\t\t\t\t\t\t\t\t\t<p>Ontario Gl\u00fccksspielbeh\u00f6rde und Vorschriften. AGCO &amp; OLG und iGaming Ontario <\/p>\n<ol>\n<li>Was ist die AGCO? AGCO steht f\u00fcr Alcohol and Gaming Commission of Ontario, die Regulierungsbeh\u00f6rde, die Alkohol, Gl\u00fccksspiele und Rennen beaufsichtigt. <\/li>\n<li>Was ist OLG? Ontario Lottery and Gaming Corporation, die f\u00fcr landbasierte Kasinos und Lotterien zust\u00e4ndig ist. <\/li>\n<li>Was ist iGaming Ontario? Eine Organisation, die Lizenzen und legale Spiele in Ontario beaufsichtigt. <\/li>\n<\/ol>\n\t\t\t\t\t\t\t\t<\/div>\n\t\t\t\t<\/div>\n\t\t\t\t<div class=\"elementor-element elementor-element-4bf69de elementor-button-success elementor-align-center elementor-widget elementor-widget-button\" data-id=\"4bf69de\" data-element_type=\"widget\" data-widget_type=\"button.default\">\n\t\t\t\t<div class=\"elementor-widget-container\">\n\t\t\t\t\t\t\t\t\t<div class=\"elementor-button-wrapper\">\n\t\t\t\t\t<a class=\"elementor-button elementor-button-link elementor-size-sm\" href=\"https:\/\/casinoreturn.com\/de\/ontario-kasinos-kanada\/#topten\">\n\t\t\t\t\t\t<span class=\"elementor-button-content-wrapper\">\n\t\t\t\t\t\t\t\t\t<span class=\"elementor-button-text\">Top 10 Ontario Casinos - Lizensierte Ontario Casinos<\/span>\n\t\t\t\t\t<\/span>\n\t\t\t\t\t<\/a>\n\t\t\t\t<\/div>\n\t\t\t\t\t\t\t\t<\/div>\n\t\t\t\t<\/div>\n\t\t\t\t<div class=\"elementor-element elementor-element-9081e7f elementor-button-success elementor-align-center elementor-widget elementor-widget-button\" data-id=\"9081e7f\" data-element_type=\"widget\" data-widget_type=\"button.default\">\n\t\t\t\t<div class=\"elementor-widget-container\">\n\t\t\t\t\t\t\t\t\t<div class=\"elementor-button-wrapper\">\n\t\t\t\t\t<a class=\"elementor-button elementor-button-link elementor-size-sm\" href=\"https:\/\/casinoreturn.com\/de\/kanada-kasino\/\">\n\t\t\t\t\t\t<span class=\"elementor-button-content-wrapper\">\n\t\t\t\t\t\t\t\t\t<span class=\"elementor-button-text\">Kanada Casino - Sportwetten und Online-Casino-Alternativen<\/span>\n\t\t\t\t\t<\/span>\n\t\t\t\t\t<\/a>\n\t\t\t\t<\/div>\n\t\t\t\t\t\t\t\t<\/div>\n\t\t\t\t<\/div>\n\t\t\t\t<div class=\"elementor-element elementor-element-6f15be7 elementor-widget elementor-widget-image\" data-id=\"6f15be7\" data-element_type=\"widget\" data-widget_type=\"image.default\">\n\t\t\t\t<div class=\"elementor-widget-container\">\n\t\t\t\t\t\t\t\t\t\t\t\t\t\t\t<img fetchpriority=\"high\" decoding=\"async\" width=\"548\" height=\"300\" src=\"https:\/\/casinoreturn.com\/wp-content\/uploads\/2024\/12\/Alcohol-and-Gaming-Commission-of-Ontario.jpg\" class=\"attachment-large size-large wp-image-6360\" alt=\"Alcohol-and-Gaming-Commission-of-Ontario\" srcset=\"https:\/\/casinoreturn.com\/wp-content\/uploads\/2024\/12\/Alcohol-and-Gaming-Commission-of-Ontario.jpg 548w, https:\/\/casinoreturn.com\/wp-content\/uploads\/2024\/12\/Alcohol-and-Gaming-Commission-of-Ontario-300x164.jpg 300w\" sizes=\"(max-width: 548px) 100vw, 548px\" \/>\t\t\t\t\t\t\t\t\t\t\t\t\t\t\t<\/div>\n\t\t\t\t<\/div>\n\t\t\t\t<div class=\"elementor-element elementor-element-336ae12 elementor-widget elementor-widget-heading\" data-id=\"336ae12\" data-element_type=\"widget\" id=\"who\" data-widget_type=\"heading.default\">\n\t\t\t\t<div class=\"elementor-widget-container\">\n\t\t\t\t\t<h3 class=\"elementor-heading-title elementor-size-default\">Wer kann in Ontario Casinos spielen?<\/h3>\t\t\t\t<\/div>\n\t\t\t\t<\/div>\n\t\t\t\t<div class=\"elementor-element elementor-element-6cea1ba elementor-widget elementor-widget-text-editor\" data-id=\"6cea1ba\" data-element_type=\"widget\" data-widget_type=\"text-editor.default\">\n\t\t\t\t<div class=\"elementor-widget-container\">\n\t\t\t\t\t\t\t\t\t<p>Spieler, die Ontario Casinos nutzen, m\u00fcssen einen g\u00fcltigen Ausweis vorlegen. Alter \u00fcber 19 Jahre und \u00e4lter. Sie m\u00fcssen ihren Wohnsitz in der Provinz Ontario haben. Ein strenges KYC-Verfahren ist eine gesetzliche Voraussetzung f\u00fcr den Betrieb von Ontario Online Casinos. Der Wohnsitz muss von den Spielern durch legale Dokumente wie Adressnachweis, Nachweis der Zahlungsmethode CAD$, legaler Ausweis, Verifizierung von E-Mail und Wohnort nachgewiesen werden.      <\/p>\n\t\t\t\t\t\t\t\t<\/div>\n\t\t\t\t<\/div>\n\t\t\t\t<div class=\"elementor-element elementor-element-8efa135 elementor-widget elementor-widget-heading\" data-id=\"8efa135\" data-element_type=\"widget\" data-widget_type=\"heading.default\">\n\t\t\t\t<div class=\"elementor-widget-container\">\n\t\t\t\t\t<h4 class=\"elementor-heading-title elementor-size-default\">Welche Zahlungsmethoden werden in Ontario Online Casinos akzeptiert?<\/h4>\t\t\t\t<\/div>\n\t\t\t\t<\/div>\n\t\t\t\t<div class=\"elementor-element elementor-element-9d2e2ad elementor-widget elementor-widget-text-editor\" data-id=\"9d2e2ad\" data-element_type=\"widget\" data-widget_type=\"text-editor.default\">\n\t\t\t\t<div class=\"elementor-widget-container\">\n\t\t\t\t\t\t\t\t\t<p>Ontario hat seine Zahlungsm\u00f6glichkeiten eingeschr\u00e4nkt und Cryptocurrencies ausgeschlossen. Pr\u00fcfen Sie unbedingt zuerst, ob das von Ihnen gew\u00e4hlte Ontario Casino eine g\u00fcltige Ontario-Lizenz hat (klicken Sie auf das Lizenz-Logo und pr\u00fcfen Sie die Nummer und die G\u00fcltigkeit &#8211; schwarze Schafe zeigen eine Lizenz an, haben aber keine g\u00fcltige Lizenz).   <\/p>\n\t\t\t\t\t\t\t\t<\/div>\n\t\t\t\t<\/div>\n\t\t\t\t<div class=\"elementor-element elementor-element-7e6ad6e elementor-widget elementor-widget-text-editor\" data-id=\"7e6ad6e\" data-element_type=\"widget\" data-widget_type=\"text-editor.default\">\n\t\t\t\t<div class=\"elementor-widget-container\">\n\t\t\t\t\t\t\t\t\t<ul>\n<li>e-Geldb\u00f6rsen<\/li>\n<li>Debitkarten  <\/li>\n<li>Online Banking \u00dcberweisungen<\/li>\n<li>Prepaid-Karten<\/li>\n<li><strong>Interac ( Die beliebteste Zahlungsmethode in Ontario)<\/strong><\/li>\n<li>Instadebit<\/li>\n<\/ul>\n\t\t\t\t\t\t\t\t<\/div>\n\t\t\t\t<\/div>\n\t\t\t\t<div class=\"elementor-element elementor-element-98ea00d elementor-widget elementor-widget-heading\" data-id=\"98ea00d\" data-element_type=\"widget\" data-widget_type=\"heading.default\">\n\t\t\t\t<div class=\"elementor-widget-container\">\n\t\t\t\t\t<h4 class=\"elementor-heading-title elementor-size-default\">Welche Spiele sind in den Casinos von Ontario zugelassen?<\/h4>\t\t\t\t<\/div>\n\t\t\t\t<\/div>\n\t\t\t\t<div class=\"elementor-element elementor-element-f8e0ae3 elementor-widget elementor-widget-text-editor\" data-id=\"f8e0ae3\" data-element_type=\"widget\" data-widget_type=\"text-editor.default\">\n\t\t\t\t<div class=\"elementor-widget-container\">\n\t\t\t\t\t\t\t\t\t<p>Gesetzlich lizenzierte Spiele in Ontario:<\/p>\n<ul>\n<li>Kasino und Spielautomaten  <\/li>\n<li>Sportwetten und Rennwetten<\/li>\n<li>Lotterie  <\/li>\n<li>Bingo<\/li>\n<\/ul>\n\t\t\t\t\t\t\t\t<\/div>\n\t\t\t\t<\/div>\n\t\t\t\t<div class=\"elementor-element elementor-element-67a6ce0 elementor-widget elementor-widget-heading\" data-id=\"67a6ce0\" data-element_type=\"widget\" id=\"topten\" data-widget_type=\"heading.default\">\n\t\t\t\t<div class=\"elementor-widget-container\">\n\t\t\t\t\t<h4 class=\"elementor-heading-title elementor-size-default\">Top 10 Ontario Casinos - Lizensierte Ontario Casinos<\/h4>\t\t\t\t<\/div>\n\t\t\t\t<\/div>\n\t\t<div class=\"elementor-element elementor-element-3d369fc e-flex e-con-boxed e-con e-child\" data-id=\"3d369fc\" data-element_type=\"container\" data-settings=\"{&quot;background_background&quot;:&quot;classic&quot;}\">\n\t\t\t\t\t<div class=\"e-con-inner\">\n\t\t\t\t<div class=\"elementor-element elementor-element-ce9e79b elementor-widget elementor-widget-image\" data-id=\"ce9e79b\" data-element_type=\"widget\" data-widget_type=\"image.default\">\n\t\t\t\t<div class=\"elementor-widget-container\">\n\t\t\t\t\t\t\t\t\t\t\t\t\t\t\t\t<a href=\"https:\/\/site.knightslots.com\/index.php?aname=slotstarscookiedough\" target=\"_blank\" rel=\"nofollow\">\n\t\t\t\t\t\t\t<img decoding=\"async\" src=\"https:\/\/casinoreturn.com\/wp-content\/uploads\/elementor\/thumbs\/knight-slots-casino-r2snv7434tcarz5s9r23sgqpqwcr7hq6i81txtjtms.png\" title=\"knight slots casino\" alt=\"knight slots casino\" loading=\"lazy\" \/>\t\t\t\t\t\t\t\t<\/a>\n\t\t\t\t\t\t\t\t\t\t\t\t\t\t\t<\/div>\n\t\t\t\t<\/div>\n\t\t\t\t<div class=\"elementor-element elementor-element-4985015 elementor-widget elementor-widget-heading\" data-id=\"4985015\" data-element_type=\"widget\" data-widget_type=\"heading.default\">\n\t\t\t\t<div class=\"elementor-widget-container\">\n\t\t\t\t\t<h4 class=\"elementor-heading-title elementor-size-default\"><a href=\"https:\/\/site.knightslots.com\/index.php?aname=slotstarscookiedough\" target=\"_blank\" rel=\"nofollow\">Ritter Spielautomaten Casino Ontario<\/a><\/h4>\t\t\t\t<\/div>\n\t\t\t\t<\/div>\n\t\t\t\t<div class=\"elementor-element elementor-element-414ba18 elementor-widget elementor-widget-text-editor\" data-id=\"414ba18\" data-element_type=\"widget\" data-widget_type=\"text-editor.default\">\n\t\t\t\t<div class=\"elementor-widget-container\">\n\t\t\t\t\t\t\t\t\t<ul>\n<li>Ontario Gl\u00fccksspiel-Lizenz<\/li>\n<li>100% Willkommens-Casino-Bonus bis zu C$100 + 50 FS auf BOD<\/li>\n<li>Guter Casino Bonus mit 30x Wetteinsatz  <\/li>\n<li>Einfaches Navigieren auf dem Handy<\/li>\n<\/ul>\n\t\t\t\t\t\t\t\t<\/div>\n\t\t\t\t<\/div>\n\t\t\t\t<div class=\"elementor-element elementor-element-1add6c2 elementor-button-success elementor-align-center elementor-widget elementor-widget-button\" data-id=\"1add6c2\" data-element_type=\"widget\" data-widget_type=\"button.default\">\n\t\t\t\t<div class=\"elementor-widget-container\">\n\t\t\t\t\t\t\t\t\t<div class=\"elementor-button-wrapper\">\n\t\t\t\t\t<a class=\"elementor-button elementor-button-link elementor-size-sm\" href=\"https:\/\/site.knightslots.com\/index.php?aname=slotstarscookiedough\" target=\"_blank\" rel=\"nofollow\">\n\t\t\t\t\t\t<span class=\"elementor-button-content-wrapper\">\n\t\t\t\t\t\t\t\t\t<span class=\"elementor-button-text\">Bonus anfordern<\/span>\n\t\t\t\t\t<\/span>\n\t\t\t\t\t<\/a>\n\t\t\t\t<\/div>\n\t\t\t\t\t\t\t\t<\/div>\n\t\t\t\t<\/div>\n\t\t\t\t\t<\/div>\n\t\t\t\t<\/div>\n\t\t<div class=\"elementor-element elementor-element-069cd3c e-flex e-con-boxed e-con e-child\" data-id=\"069cd3c\" data-element_type=\"container\" data-settings=\"{&quot;background_background&quot;:&quot;classic&quot;}\">\n\t\t\t\t\t<div class=\"e-con-inner\">\n\t\t\t\t<div class=\"elementor-element elementor-element-d13329e elementor-widget elementor-widget-image\" data-id=\"d13329e\" data-element_type=\"widget\" data-widget_type=\"image.default\">\n\t\t\t\t<div class=\"elementor-widget-container\">\n\t\t\t\t\t\t\t\t\t\t\t\t\t\t\t<img decoding=\"async\" src=\"https:\/\/casinoreturn.com\/wp-content\/uploads\/elementor\/thumbs\/TonyBet-Sports-Betting-r1eg3fpu53a27qlbupycfxl1sclsvc5hnnnlt3cuhs.jpg\" title=\"TonyBet Sports Betting\" alt=\"TonyBet Sports Betting\" loading=\"lazy\" \/>\t\t\t\t\t\t\t\t\t\t\t\t\t\t\t<\/div>\n\t\t\t\t<\/div>\n\t\t\t\t<div class=\"elementor-element elementor-element-583b62f elementor-widget elementor-widget-heading\" data-id=\"583b62f\" data-element_type=\"widget\" data-widget_type=\"heading.default\">\n\t\t\t\t<div class=\"elementor-widget-container\">\n\t\t\t\t\t<h4 class=\"elementor-heading-title elementor-size-default\">ToniBet Casino und Sportwetten Ontario<\/h4>\t\t\t\t<\/div>\n\t\t\t\t<\/div>\n\t\t\t\t<div class=\"elementor-element elementor-element-16861cd elementor-widget elementor-widget-text-editor\" data-id=\"16861cd\" data-element_type=\"widget\" data-widget_type=\"text-editor.default\">\n\t\t\t\t<div class=\"elementor-widget-container\">\n\t\t\t\t\t\t\t\t\t<ul>\n<li>Ontario Gl\u00fccksspiel-Lizenz<\/li>\n<li>100% Willkommens-Casino-Bonus bis zu C$350 + 50 FS auf BOD<\/li>\n<li>Guter Casino Bonus mit 30x Wetteinsatz  <\/li>\n<li>Einfaches Navigieren auf dem Handy<\/li>\n<\/ul>\n\t\t\t\t\t\t\t\t<\/div>\n\t\t\t\t<\/div>\n\t\t\t\t<div class=\"elementor-element elementor-element-71fba47 elementor-button-success elementor-align-center elementor-widget elementor-widget-button\" data-id=\"71fba47\" data-element_type=\"widget\" data-widget_type=\"button.default\">\n\t\t\t\t<div class=\"elementor-widget-container\">\n\t\t\t\t\t\t\t\t\t<div class=\"elementor-button-wrapper\">\n\t\t\t\t\t<a class=\"elementor-button elementor-size-sm\" role=\"button\">\n\t\t\t\t\t\t<span class=\"elementor-button-content-wrapper\">\n\t\t\t\t\t\t\t\t\t<span class=\"elementor-button-text\">Bonus anfordern<\/span>\n\t\t\t\t\t<\/span>\n\t\t\t\t\t<\/a>\n\t\t\t\t<\/div>\n\t\t\t\t\t\t\t\t<\/div>\n\t\t\t\t<\/div>\n\t\t\t\t\t<\/div>\n\t\t\t\t<\/div>\n\t\t\t\t<\/div>\n\t\t<div class=\"elementor-element elementor-element-2cd1199 e-flex e-con-boxed e-con e-parent\" data-id=\"2cd1199\" data-element_type=\"container\">\n\t\t\t\t\t<div class=\"e-con-inner\">\n\t\t\t\t<div class=\"elementor-element elementor-element-87de80c elementor-widget elementor-widget-video\" data-id=\"87de80c\" data-element_type=\"widget\" data-settings=\"{&quot;youtube_url&quot;:&quot;https:\\\/\\\/www.youtube.com\\\/watch?v=XHOmBV4js_E&quot;,&quot;video_type&quot;:&quot;youtube&quot;,&quot;controls&quot;:&quot;yes&quot;}\" data-widget_type=\"video.default\">\n\t\t\t\t<div class=\"elementor-widget-container\">\n\t\t\t\t\t\t\t<div class=\"elementor-wrapper elementor-open-inline\">\n\t\t\t<div class=\"elementor-video\"><\/div>\t\t<\/div>\n\t\t\t\t\t\t<\/div>\n\t\t\t\t<\/div>\n\t\t\t\t\t<\/div>\n\t\t\t\t<\/div>\n\t\t\t\t<\/div>\n\t\t","protected":false},"excerpt":{"rendered":"<p>Ontario Casinos Kanada &#8211; Was Sie wissen m\u00fcssen Ontario Gl\u00fccksspielbeh\u00f6rde und Vorschriften. AGCO &amp; OLG und iGaming Ontario Was ist die AGCO? AGCO steht f\u00fcr Alcohol and Gaming Commission of Ontario, die Regulierungsbeh\u00f6rde, die Alkohol, Gl\u00fccksspiele und Rennen beaufsichtigt. Was ist OLG? Ontario Lottery and Gaming Corporation, die f\u00fcr landbasierte Kasinos und Lotterien zust\u00e4ndig ist. [&hellip;]<\/p>\n","protected":false},"author":1,"featured_media":0,"parent":0,"menu_order":0,"comment_status":"closed","ping_status":"closed","template":"","meta":{"footnotes":""},"class_list":["post-7907","page","type-page","status-publish","hentry"],"blocksy_meta":[],"acf":[],"yoast_head":"<!-- This site is optimized with the Yoast SEO plugin v24.1 - https:\/\/yoast.com\/wordpress\/plugins\/seo\/ -->\n<title>Ontario Kasinos Kanada - casinoreturn<\/title>\n<meta name=\"description\" content=\"Ontario Casinos Canada hat eine Liste von Online-Casinos, die eine Ontario Casino-Lizenz besitzen. Lassen Sie uns herausfinden, wer wer in Ontario ist?\" \/>\n<meta name=\"robots\" content=\"index, follow, max-snippet:-1, max-image-preview:large, max-video-preview:-1\" \/>\n<link rel=\"canonical\" href=\"https:\/\/casinoreturn.com\/de\/ontario-kasinos-kanada\/\" \/>\n<meta property=\"og:locale\" content=\"de_DE\" \/>\n<meta property=\"og:type\" content=\"article\" \/>\n<meta property=\"og:title\" content=\"Ontario Kasinos Kanada - casinoreturn\" \/>\n<meta property=\"og:description\" content=\"Ontario Casinos Canada hat eine Liste von Online-Casinos, die eine Ontario Casino-Lizenz besitzen. Lassen Sie uns herausfinden, wer wer in Ontario ist?\" \/>\n<meta property=\"og:url\" content=\"https:\/\/casinoreturn.com\/de\/ontario-kasinos-kanada\/\" \/>\n<meta property=\"og:site_name\" content=\"casinoreturn\" \/>\n<meta property=\"article:modified_time\" content=\"2025-03-13T17:09:17+00:00\" \/>\n<meta property=\"og:image\" content=\"https:\/\/casinoreturn.com\/wp-content\/uploads\/2024\/12\/Alcohol-and-Gaming-Commission-of-Ontario.jpg\" \/>\n\t<meta property=\"og:image:width\" content=\"548\" \/>\n\t<meta property=\"og:image:height\" content=\"300\" \/>\n\t<meta property=\"og:image:type\" content=\"image\/jpeg\" \/>\n<meta name=\"twitter:card\" content=\"summary_large_image\" \/>\n<meta name=\"twitter:label1\" content=\"Gesch\u00e4tzte Lesezeit\" \/>\n\t<meta name=\"twitter:data1\" content=\"2\u00a0Minuten\" \/>\n<script type=\"application\/ld+json\" class=\"yoast-schema-graph\">{\"@context\":\"https:\/\/schema.org\",\"@graph\":[{\"@type\":\"WebPage\",\"@id\":\"https:\/\/casinoreturn.com\/de\/ontario-kasinos-kanada\/\",\"url\":\"https:\/\/casinoreturn.com\/de\/ontario-kasinos-kanada\/\",\"name\":\"Ontario Kasinos Kanada - casinoreturn\",\"isPartOf\":{\"@id\":\"https:\/\/casinoreturn.com\/#website\"},\"primaryImageOfPage\":{\"@id\":\"https:\/\/casinoreturn.com\/de\/ontario-kasinos-kanada\/#primaryimage\"},\"image\":{\"@id\":\"https:\/\/casinoreturn.com\/de\/ontario-kasinos-kanada\/#primaryimage\"},\"thumbnailUrl\":\"https:\/\/casinoreturn.com\/wp-content\/uploads\/2024\/12\/Alcohol-and-Gaming-Commission-of-Ontario.jpg\",\"datePublished\":\"2024-11-11T14:31:40+00:00\",\"dateModified\":\"2025-03-13T17:09:17+00:00\",\"description\":\"Ontario Casinos Canada hat eine Liste von Online-Casinos, die eine Ontario Casino-Lizenz besitzen. Lassen Sie uns herausfinden, wer wer in Ontario ist?\",\"breadcrumb\":{\"@id\":\"https:\/\/casinoreturn.com\/de\/ontario-kasinos-kanada\/#breadcrumb\"},\"inLanguage\":\"de\",\"potentialAction\":[{\"@type\":\"ReadAction\",\"target\":[\"https:\/\/casinoreturn.com\/de\/ontario-kasinos-kanada\/\"]}]},{\"@type\":\"ImageObject\",\"inLanguage\":\"de\",\"@id\":\"https:\/\/casinoreturn.com\/de\/ontario-kasinos-kanada\/#primaryimage\",\"url\":\"https:\/\/casinoreturn.com\/wp-content\/uploads\/2024\/12\/Alcohol-and-Gaming-Commission-of-Ontario.jpg\",\"contentUrl\":\"https:\/\/casinoreturn.com\/wp-content\/uploads\/2024\/12\/Alcohol-and-Gaming-Commission-of-Ontario.jpg\"},{\"@type\":\"BreadcrumbList\",\"@id\":\"https:\/\/casinoreturn.com\/de\/ontario-kasinos-kanada\/#breadcrumb\",\"itemListElement\":[{\"@type\":\"ListItem\",\"position\":1,\"name\":\"Home\",\"item\":\"https:\/\/casinoreturn.com\/de\/heim\/\"},{\"@type\":\"ListItem\",\"position\":2,\"name\":\"Ontario Kasinos Kanada\"}]},{\"@type\":\"WebSite\",\"@id\":\"https:\/\/casinoreturn.com\/#website\",\"url\":\"https:\/\/casinoreturn.com\/\",\"name\":\"casinoreturn\",\"description\":\"\",\"publisher\":{\"@id\":\"https:\/\/casinoreturn.com\/#organization\"},\"potentialAction\":[{\"@type\":\"SearchAction\",\"target\":{\"@type\":\"EntryPoint\",\"urlTemplate\":\"https:\/\/casinoreturn.com\/?s={search_term_string}\"},\"query-input\":{\"@type\":\"PropertyValueSpecification\",\"valueRequired\":true,\"valueName\":\"search_term_string\"}}],\"inLanguage\":\"de\"},{\"@type\":\"Organization\",\"@id\":\"https:\/\/casinoreturn.com\/#organization\",\"name\":\"casinoreturn\",\"url\":\"https:\/\/casinoreturn.com\/\",\"logo\":{\"@type\":\"ImageObject\",\"inLanguage\":\"de\",\"@id\":\"https:\/\/casinoreturn.com\/#\/schema\/logo\/image\/\",\"url\":\"https:\/\/casinoreturn.com\/wp-content\/uploads\/2024\/09\/animal-favicon.png\",\"contentUrl\":\"https:\/\/casinoreturn.com\/wp-content\/uploads\/2024\/09\/animal-favicon.png\",\"width\":92,\"height\":92,\"caption\":\"casinoreturn\"},\"image\":{\"@id\":\"https:\/\/casinoreturn.com\/#\/schema\/logo\/image\/\"}}]}<\/script>\n<!-- \/ Yoast SEO plugin. -->","yoast_head_json":{"title":"Ontario Kasinos Kanada - casinoreturn","description":"Ontario Casinos Canada hat eine Liste von Online-Casinos, die eine Ontario Casino-Lizenz besitzen. Lassen Sie uns herausfinden, wer wer in Ontario ist?","robots":{"index":"index","follow":"follow","max-snippet":"max-snippet:-1","max-image-preview":"max-image-preview:large","max-video-preview":"max-video-preview:-1"},"canonical":"https:\/\/casinoreturn.com\/de\/ontario-kasinos-kanada\/","og_locale":"de_DE","og_type":"article","og_title":"Ontario Kasinos Kanada - casinoreturn","og_description":"Ontario Casinos Canada hat eine Liste von Online-Casinos, die eine Ontario Casino-Lizenz besitzen. Lassen Sie uns herausfinden, wer wer in Ontario ist?","og_url":"https:\/\/casinoreturn.com\/de\/ontario-kasinos-kanada\/","og_site_name":"casinoreturn","article_modified_time":"2025-03-13T17:09:17+00:00","og_image":[{"width":548,"height":300,"url":"https:\/\/casinoreturn.com\/wp-content\/uploads\/2024\/12\/Alcohol-and-Gaming-Commission-of-Ontario.jpg","type":"image\/jpeg"}],"twitter_card":"summary_large_image","twitter_misc":{"Gesch\u00e4tzte Lesezeit":"2\u00a0Minuten"},"schema":{"@context":"https:\/\/schema.org","@graph":[{"@type":"WebPage","@id":"https:\/\/casinoreturn.com\/de\/ontario-kasinos-kanada\/","url":"https:\/\/casinoreturn.com\/de\/ontario-kasinos-kanada\/","name":"Ontario Kasinos Kanada - casinoreturn","isPartOf":{"@id":"https:\/\/casinoreturn.com\/#website"},"primaryImageOfPage":{"@id":"https:\/\/casinoreturn.com\/de\/ontario-kasinos-kanada\/#primaryimage"},"image":{"@id":"https:\/\/casinoreturn.com\/de\/ontario-kasinos-kanada\/#primaryimage"},"thumbnailUrl":"https:\/\/casinoreturn.com\/wp-content\/uploads\/2024\/12\/Alcohol-and-Gaming-Commission-of-Ontario.jpg","datePublished":"2024-11-11T14:31:40+00:00","dateModified":"2025-03-13T17:09:17+00:00","description":"Ontario Casinos Canada hat eine Liste von Online-Casinos, die eine Ontario Casino-Lizenz besitzen. Lassen Sie uns herausfinden, wer wer in Ontario ist?","breadcrumb":{"@id":"https:\/\/casinoreturn.com\/de\/ontario-kasinos-kanada\/#breadcrumb"},"inLanguage":"de","potentialAction":[{"@type":"ReadAction","target":["https:\/\/casinoreturn.com\/de\/ontario-kasinos-kanada\/"]}]},{"@type":"ImageObject","inLanguage":"de","@id":"https:\/\/casinoreturn.com\/de\/ontario-kasinos-kanada\/#primaryimage","url":"https:\/\/casinoreturn.com\/wp-content\/uploads\/2024\/12\/Alcohol-and-Gaming-Commission-of-Ontario.jpg","contentUrl":"https:\/\/casinoreturn.com\/wp-content\/uploads\/2024\/12\/Alcohol-and-Gaming-Commission-of-Ontario.jpg"},{"@type":"BreadcrumbList","@id":"https:\/\/casinoreturn.com\/de\/ontario-kasinos-kanada\/#breadcrumb","itemListElement":[{"@type":"ListItem","position":1,"name":"Home","item":"https:\/\/casinoreturn.com\/de\/heim\/"},{"@type":"ListItem","position":2,"name":"Ontario Kasinos Kanada"}]},{"@type":"WebSite","@id":"https:\/\/casinoreturn.com\/#website","url":"https:\/\/casinoreturn.com\/","name":"casinoreturn","description":"","publisher":{"@id":"https:\/\/casinoreturn.com\/#organization"},"potentialAction":[{"@type":"SearchAction","target":{"@type":"EntryPoint","urlTemplate":"https:\/\/casinoreturn.com\/?s={search_term_string}"},"query-input":{"@type":"PropertyValueSpecification","valueRequired":true,"valueName":"search_term_string"}}],"inLanguage":"de"},{"@type":"Organization","@id":"https:\/\/casinoreturn.com\/#organization","name":"casinoreturn","url":"https:\/\/casinoreturn.com\/","logo":{"@type":"ImageObject","inLanguage":"de","@id":"https:\/\/casinoreturn.com\/#\/schema\/logo\/image\/","url":"https:\/\/casinoreturn.com\/wp-content\/uploads\/2024\/09\/animal-favicon.png","contentUrl":"https:\/\/casinoreturn.com\/wp-content\/uploads\/2024\/09\/animal-favicon.png","width":92,"height":92,"caption":"casinoreturn"},"image":{"@id":"https:\/\/casinoreturn.com\/#\/schema\/logo\/image\/"}}]}},"_links":{"self":[{"href":"https:\/\/casinoreturn.com\/de\/wp-json\/wp\/v2\/pages\/7907","targetHints":{"allow":["GET"]}}],"collection":[{"href":"https:\/\/casinoreturn.com\/de\/wp-json\/wp\/v2\/pages"}],"about":[{"href":"https:\/\/casinoreturn.com\/de\/wp-json\/wp\/v2\/types\/page"}],"author":[{"embeddable":true,"href":"https:\/\/casinoreturn.com\/de\/wp-json\/wp\/v2\/users\/1"}],"replies":[{"embeddable":true,"href":"https:\/\/casinoreturn.com\/de\/wp-json\/wp\/v2\/comments?post=7907"}],"version-history":[{"count":5,"href":"https:\/\/casinoreturn.com\/de\/wp-json\/wp\/v2\/pages\/7907\/revisions"}],"predecessor-version":[{"id":11344,"href":"https:\/\/casinoreturn.com\/de\/wp-json\/wp\/v2\/pages\/7907\/revisions\/11344"}],"wp:attachment":[{"href":"https:\/\/casinoreturn.com\/de\/wp-json\/wp\/v2\/media?parent=7907"}],"curies":[{"name":"wp","href":"https:\/\/api.w.org\/{rel}","templated":true}]}}