{"id":11481,"date":"2025-03-13T19:06:28","date_gmt":"2025-03-13T19:06:28","guid":{"rendered":"https:\/\/casinoreturn.com\/?page_id=11481"},"modified":"2025-03-13T19:06:31","modified_gmt":"2025-03-13T19:06:31","slug":"casinos-con-bonos-de-bienvenida-ilimitados","status":"publish","type":"page","link":"https:\/\/casinoreturn.com\/es\/casinos-con-bonos-de-bienvenida-ilimitados\/","title":{"rendered":"Casinos con bonos de bienvenida ilimitados"},"content":{"rendered":"\t\t<div data-elementor-type=\"wp-page\" data-elementor-id=\"11481\" class=\"elementor elementor-11481\" data-elementor-post-type=\"page\">\n\t\t\t\t<div class=\"elementor-element elementor-element-65fa180 e-con-full e-flex e-con e-parent\" data-id=\"65fa180\" data-element_type=\"container\">\n\t\t\t\t<div class=\"elementor-element elementor-element-a7ea856 elementor-widget elementor-widget-heading\" data-id=\"a7ea856\" data-element_type=\"widget\" data-widget_type=\"heading.default\">\n\t\t\t\t<div class=\"elementor-widget-container\">\n\t\t\t\t\t<h3 class=\"elementor-heading-title elementor-size-default\">Casinos con bonos de bienvenida ilimitados<\/h3>\t\t\t\t<\/div>\n\t\t\t\t<\/div>\n\t\t\t\t<div class=\"elementor-element elementor-element-5b18e53 elementor-widget elementor-widget-text-editor\" data-id=\"5b18e53\" data-element_type=\"widget\" data-widget_type=\"text-editor.default\">\n\t\t\t\t<div class=\"elementor-widget-container\">\n\t\t\t\t\t\t\t\t\t<p>Los Casinos con Bonos de Bienvenida Ilimitados est\u00e1n brotando. Este nuevo tipo de oferta de casino parece atraer a un nuevo tipo de jugador. Hemos examinado los bonos ilimitados y hemos recopilado una lista de casinos que ofrecen bonos de primer dep\u00f3sito ilimitados. Comparamos los bonos de bienvenida ilimitados frente a los h\u00edbridos ( bono de casino m\u00e1s tiradas gratis ). Pros y contras de las ofertas de casino ilimitadas para tu primer dep\u00f3sito.      <\/p>\n<p><strong>En este art\u00edculo:  <\/strong><\/p>\n<ul>\n<li><a href=\"https:\/\/casinoreturn.com\/es\/?page_id=11481#unlim\">Bonificaci\u00f3n ilimitada: \u00bfEs demasiado bueno para ser verdad?  <\/a><\/li>\n<li>\u00bfC\u00f3mo funciona un Bono de Bienvenida Ilimitado?<\/li>\n<li>\n<h5><a href=\"https:\/\/casinoreturn.com\/es\/?page_id=11481#welcome\"><strong>Casinos con bonos de bienvenida ilimitados<\/strong><\/a><\/h5>\n<\/li>\n<li><a href=\"https:\/\/casinoreturn.com\/es\/?page_id=11481#pros\">Pros y contras de las bonificaciones ilimitadas por primer dep\u00f3sito<\/a><\/li>\n<li><a href=\"https:\/\/casinoreturn.com\/es\/?page_id=11481#faq\">Preguntas frecuentes<\/a><\/li>\n<\/ul>\n\t\t\t\t\t\t\t\t<\/div>\n\t\t\t\t<\/div>\n\t\t\t\t<\/div>\n\t\t<div class=\"elementor-element elementor-element-3649d24 e-con-full e-flex e-con e-parent\" data-id=\"3649d24\" data-element_type=\"container\" data-settings=\"{&quot;background_background&quot;:&quot;classic&quot;}\">\n\t\t\t\t<div class=\"elementor-element elementor-element-c5dc9e4 elementor-widget elementor-widget-image\" data-id=\"c5dc9e4\" data-element_type=\"widget\" data-widget_type=\"image.default\">\n\t\t\t\t<div class=\"elementor-widget-container\">\n\t\t\t\t\t\t\t\t\t\t\t\t\t\t\t<img decoding=\"async\" src=\"https:\/\/casinoreturn.com\/wp-content\/uploads\/elementor\/thumbs\/unlimited-welcome-bonus-casinos-1-r2t5vjaha6pg376pb8p6qwexae4ucxq9pqklcybqdg.png\" title=\"unlimited welcome bonus casinos\" alt=\"unlimited welcome bonus casinos\" loading=\"lazy\" \/>\t\t\t\t\t\t\t\t\t\t\t\t\t\t\t<\/div>\n\t\t\t\t<\/div>\n\t\t\t\t<\/div>\n\t\t<div class=\"elementor-element elementor-element-5307139 e-con-full e-flex e-con e-parent\" data-id=\"5307139\" data-element_type=\"container\">\n\t\t\t\t<div class=\"elementor-element elementor-element-1356946 elementor-widget elementor-widget-heading\" data-id=\"1356946\" data-element_type=\"widget\" id=\"unlim\" data-widget_type=\"heading.default\">\n\t\t\t\t<div class=\"elementor-widget-container\">\n\t\t\t\t\t<h4 class=\"elementor-heading-title elementor-size-default\">Bonificaci\u00f3n ilimitada: \u00bfEs demasiado bueno para ser verdad?<\/h4>\t\t\t\t<\/div>\n\t\t\t\t<\/div>\n\t\t\t\t<div class=\"elementor-element elementor-element-0922729 elementor-widget elementor-widget-text-editor\" data-id=\"0922729\" data-element_type=\"widget\" data-widget_type=\"text-editor.default\">\n\t\t\t\t<div class=\"elementor-widget-container\">\n\t\t\t\t\t\t\t\t\t<p>Realizar tu primer dep\u00f3sito en un casino siempre es emocionante. Los casinos han creado un mont\u00f3n de caracter\u00edsticas y tipos de bonificaci\u00f3n para los jugadores reci\u00e9n registrados, con el fin de incentivar a los nuevos jugadores para que depositen. La oferta de bienvenida de un casino consiste tradicionalmente en una bonificaci\u00f3n y tiradas gratuitas que se activan con el primer dep\u00f3sito realizado por el jugador.    <\/p>\n<p><strong>Elementos t\u00edpicos de un Bono de Bienvenida de Casino:<\/strong><\/p>\n<ul>\n<li>Bonificaci\u00f3n de por vida de 7-14 d\u00edas (raramente 21 d\u00edas)<\/li>\n<li>Apuesta del Bono de Casino de 30 a 60 veces<\/li>\n<li>Apuesta de tiradas gratuitas hasta 80 veces<\/li>\n<li>Se conocen bonificaciones por Dep\u00f3sito Igualado desde el 50% hasta el 400%.<\/li>\n<li>Los dep\u00f3sitos var\u00edan desde tan s\u00f3lo 1 euro hasta 4500 euros<\/li>\n<li>Se aplican algunas limitaciones a las mesas y tragaperras en vivo.  <\/li>\n<\/ul>\n<p><strong>Ofertas de bienvenida ilimitadas<\/strong><\/p>\n<p>Este tipo de casino tiene elementos t\u00edpicos, pero ofrece a los nuevos jugadores un primer dep\u00f3sito ilimitado.  <strong>Entonces, \u00bfc\u00f3mo funcionan los casinos con bonos de bienvenida ilimitados?<\/strong><\/p>\n<p>Los jugadores pueden elegir el margen m\u00e1ximo para su primer dep\u00f3sito. Se aplican los T&amp;C.   <\/p>\n\t\t\t\t\t\t\t\t<\/div>\n\t\t\t\t<\/div>\n\t\t\t\t<div class=\"elementor-element elementor-element-4971b29 elementor-widget elementor-widget-heading\" data-id=\"4971b29\" data-element_type=\"widget\" id=\"pros\" data-widget_type=\"heading.default\">\n\t\t\t\t<div class=\"elementor-widget-container\">\n\t\t\t\t\t<h4 class=\"elementor-heading-title elementor-size-default\">Pros y contras de los bonos de casino ilimitados<\/h4>\t\t\t\t<\/div>\n\t\t\t\t<\/div>\n\t\t\t\t<div class=\"elementor-element elementor-element-5a2c3e3 elementor-widget elementor-widget-text-editor\" data-id=\"5a2c3e3\" data-element_type=\"widget\" data-widget_type=\"text-editor.default\">\n\t\t\t\t<div class=\"elementor-widget-container\">\n\t\t\t\t\t\t\t\t\t<p><strong>Pros:  <\/strong><\/p>\n<ul>\n<li>La elecci\u00f3n es tuya &#8211; T\u00fa decides tus l\u00edmites para los dep\u00f3sitos.<\/li>\n<li>Los consumidores con apuestas m\u00e1s altas pueden alcanzar niveles m\u00e1s altos en los Programas VIP, obteniendo Cashbacks favorables<\/li>\n<\/ul>\n<p><strong>Contras:<\/strong> <\/p>\n<ul>\n<li>Bono Toda la vida puede esforzarse para completar las apuestas<\/li>\n<li>Cuestiones de juego responsable<\/li>\n<li>Los T\u00e9rminos y Condiciones son m\u00e1s dif\u00edciles de cumplir, con el riesgo de anular el saldo restante de la bonificaci\u00f3n<\/li>\n<\/ul>\n\t\t\t\t\t\t\t\t<\/div>\n\t\t\t\t<\/div>\n\t\t\t\t<div class=\"elementor-element elementor-element-eacb97d elementor-widget elementor-widget-heading\" data-id=\"eacb97d\" data-element_type=\"widget\" id=\"welcome\" data-widget_type=\"heading.default\">\n\t\t\t\t<div class=\"elementor-widget-container\">\n\t\t\t\t\t<h4 class=\"elementor-heading-title elementor-size-default\">Casinos con bonos de bienvenida ilimitados<\/h4>\t\t\t\t<\/div>\n\t\t\t\t<\/div>\n\t\t\t\t<div class=\"elementor-element elementor-element-628dff1 elementor-widget elementor-widget-image\" data-id=\"628dff1\" data-element_type=\"widget\" data-widget_type=\"image.default\">\n\t\t\t\t<div class=\"elementor-widget-container\">\n\t\t\t\t\t\t\t\t\t\t\t\t\t\t\t<img decoding=\"async\" src=\"https:\/\/casinoreturn.com\/wp-content\/uploads\/elementor\/thumbs\/Global-Crypto-deposits-r27yw7zfpamo2ywuxdyacn3ygux8rbsfd9bht15akw.jpg\" title=\"Bonus by country\" alt=\"Bonus by country\" loading=\"lazy\" \/>\t\t\t\t\t\t\t\t\t\t\t\t\t\t\t<\/div>\n\t\t\t\t<\/div>\n\t\t\t\t<\/div>\n\t\t<div class=\"elementor-element elementor-element-4c21936 e-con-full e-flex e-con e-parent\" data-id=\"4c21936\" data-element_type=\"container\" data-settings=\"{&quot;background_background&quot;:&quot;classic&quot;}\">\n\t\t\t\t<div class=\"elementor-element elementor-element-464e37a elementor-widget elementor-widget-image\" data-id=\"464e37a\" data-element_type=\"widget\" data-widget_type=\"image.default\">\n\t\t\t\t<div class=\"elementor-widget-container\">\n\t\t\t\t\t\t\t\t\t\t\t\t\t\t\t\t<a href=\"https:\/\/drp-irrs12.com\/c56da96c3\" target=\"_blank\" rel=\"nofollow\">\n\t\t\t\t\t\t\t<img decoding=\"async\" src=\"https:\/\/casinoreturn.com\/wp-content\/uploads\/elementor\/thumbs\/Drip-Logo-quhy3morqp635l0w5yz0duvn4zr39840ni7k2iml6g.png\" title=\"Drip Logo\" alt=\"Drip No Deposit Bonus Casino\" loading=\"lazy\" \/>\t\t\t\t\t\t\t\t<\/a>\n\t\t\t\t\t\t\t\t\t\t\t\t\t\t\t<\/div>\n\t\t\t\t<\/div>\n\t\t\t\t<div class=\"elementor-element elementor-element-227afe5 elementor-widget elementor-widget-heading\" data-id=\"227afe5\" data-element_type=\"widget\" data-widget_type=\"heading.default\">\n\t\t\t\t<div class=\"elementor-widget-container\">\n\t\t\t\t\t<h4 class=\"elementor-heading-title elementor-size-default\"><a href=\"https:\/\/drp-irrs12.com\/c56da96c3\" target=\"_blank\" rel=\"nofollow\">Bono de Casino Drip Unlimited<\/a><\/h4>\t\t\t\t<\/div>\n\t\t\t\t<\/div>\n\t\t\t\t<div class=\"elementor-element elementor-element-1a35b8f elementor-widget elementor-widget-text-editor\" data-id=\"1a35b8f\" data-element_type=\"widget\" data-widget_type=\"text-editor.default\">\n\t\t\t\t<div class=\"elementor-widget-container\">\n\t\t\t\t\t\t\t\t\t<p><strong>20 Tiradas Gratis en Reg \u00abDEVOLUCI\u00d3N50\u2033<\/strong> + <strong>50% Bono Sin L\u00edmite<\/strong> Se aplican los C&amp;Cs.  <\/p>\n\t\t\t\t\t\t\t\t<\/div>\n\t\t\t\t<\/div>\n\t\t\t\t<div class=\"elementor-element elementor-element-028e927 elementor-button-success elementor-align-center elementor-widget elementor-widget-button\" data-id=\"028e927\" data-element_type=\"widget\" data-widget_type=\"button.default\">\n\t\t\t\t<div class=\"elementor-widget-container\">\n\t\t\t\t\t\t\t\t\t<div class=\"elementor-button-wrapper\">\n\t\t\t\t\t<a class=\"elementor-button elementor-button-link elementor-size-sm\" href=\"https:\/\/drp-irrs12.com\/c56da96c3\" target=\"_blank\" rel=\"nofollow\">\n\t\t\t\t\t\t<span class=\"elementor-button-content-wrapper\">\n\t\t\t\t\t\t\t\t\t<span class=\"elementor-button-text\">Reclamar bonificaci\u00f3n<\/span>\n\t\t\t\t\t<\/span>\n\t\t\t\t\t<\/a>\n\t\t\t\t<\/div>\n\t\t\t\t\t\t\t\t<\/div>\n\t\t\t\t<\/div>\n\t\t\t\t<\/div>\n\t\t<div class=\"elementor-element elementor-element-8fc8257 e-con-full e-flex e-con e-parent\" data-id=\"8fc8257\" data-element_type=\"container\" data-settings=\"{&quot;background_background&quot;:&quot;classic&quot;}\">\n\t\t\t\t<div class=\"elementor-element elementor-element-ac6b3f6 elementor-widget elementor-widget-image\" data-id=\"ac6b3f6\" data-element_type=\"widget\" data-widget_type=\"image.default\">\n\t\t\t\t<div class=\"elementor-widget-container\">\n\t\t\t\t\t\t\t\t\t\t\t\t\t\t\t\t<a href=\"https:\/\/go.aff.betplays.com\/8b5wn8do?campaign_id=23369\" target=\"_blank\" rel=\"nofollow\">\n\t\t\t\t\t\t\t<img decoding=\"async\" src=\"https:\/\/casinoreturn.com\/wp-content\/uploads\/elementor\/thumbs\/betplays-sports-betting-casino-r1qidagpowuu4ny9q6nt31qg2eecy0nm053wtesv5k.png\" title=\"betplays sports betting casino\" alt=\"betplays sports betting casino\" loading=\"lazy\" \/>\t\t\t\t\t\t\t\t<\/a>\n\t\t\t\t\t\t\t\t\t\t\t\t\t\t\t<\/div>\n\t\t\t\t<\/div>\n\t\t\t\t<div class=\"elementor-element elementor-element-95d6336 elementor-widget elementor-widget-heading\" data-id=\"95d6336\" data-element_type=\"widget\" data-widget_type=\"heading.default\">\n\t\t\t\t<div class=\"elementor-widget-container\">\n\t\t\t\t\t<h4 class=\"elementor-heading-title elementor-size-default\"><a href=\"https:\/\/drp-irrs12.com\/c56da96c3\" target=\"_blank\" rel=\"nofollow\">Bono de casino ilimitado Betplays<\/a><\/h4>\t\t\t\t<\/div>\n\t\t\t\t<\/div>\n\t\t\t\t<div class=\"elementor-element elementor-element-60f774b elementor-widget elementor-widget-text-editor\" data-id=\"60f774b\" data-element_type=\"widget\" data-widget_type=\"text-editor.default\">\n\t\t\t\t<div class=\"elementor-widget-container\">\n\t\t\t\t\t\t\t\t\t<p><b>100% de Bienvenida Ilimitada en Casino y Apuestas Deportivas + 20% de Apuestas <\/b>Gratis Se aplican los C&amp;Cs  <\/p>\n\t\t\t\t\t\t\t\t<\/div>\n\t\t\t\t<\/div>\n\t\t\t\t<div class=\"elementor-element elementor-element-ae6ddab elementor-button-success elementor-align-center elementor-widget elementor-widget-button\" data-id=\"ae6ddab\" data-element_type=\"widget\" data-widget_type=\"button.default\">\n\t\t\t\t<div class=\"elementor-widget-container\">\n\t\t\t\t\t\t\t\t\t<div class=\"elementor-button-wrapper\">\n\t\t\t\t\t<a class=\"elementor-button elementor-button-link elementor-size-sm\" href=\"https:\/\/go.aff.betplays.com\/8b5wn8do?campaign_id=23369\" target=\"_blank\" rel=\"nofollow\">\n\t\t\t\t\t\t<span class=\"elementor-button-content-wrapper\">\n\t\t\t\t\t\t\t\t\t<span class=\"elementor-button-text\">Reclamar bonificaci\u00f3n<\/span>\n\t\t\t\t\t<\/span>\n\t\t\t\t\t<\/a>\n\t\t\t\t<\/div>\n\t\t\t\t\t\t\t\t<\/div>\n\t\t\t\t<\/div>\n\t\t\t\t<\/div>\n\t\t<div class=\"elementor-element elementor-element-32f84a5 e-con-full e-flex e-con e-parent\" data-id=\"32f84a5\" data-element_type=\"container\">\n\t\t\t\t<div class=\"elementor-element elementor-element-7967689 elementor-widget elementor-widget-heading\" data-id=\"7967689\" data-element_type=\"widget\" id=\"faq\" data-widget_type=\"heading.default\">\n\t\t\t\t<div class=\"elementor-widget-container\">\n\t\t\t\t\t<h4 class=\"elementor-heading-title elementor-size-default\">Preguntas frecuentes<\/h4>\t\t\t\t<\/div>\n\t\t\t\t<\/div>\n\t\t\t\t<div class=\"elementor-element elementor-element-a49e6bd elementor-widget elementor-widget-elementskit-faq\" data-id=\"a49e6bd\" data-element_type=\"widget\" data-widget_type=\"elementskit-faq.default\">\n\t\t\t\t<div class=\"elementor-widget-container\">\n\t\t\t\t\t<div class=\"ekit-wid-con\" >\n                <div class=\"elementskit-single-faq elementor-repeater-item-bc1842c\">\n            <div class=\"elementskit-faq-header\">\n                <h2 class=\"elementskit-faq-title\">What if I do not complete my Unlimited casino Bonus?  <\/h2>\n            <\/div>\n            <div class=\"elementskit-faq-body\">\n                In most cases, your bonus is voided. Once your bonus is activated, real money funds are used first, and then bonus. We recommend to read the terms and conditions, to be comfortable with bonus lifetime and wagering.            <\/div>\n        <\/div>\n                <div class=\"elementskit-single-faq elementor-repeater-item-7f5232c\">\n            <div class=\"elementskit-faq-header\">\n                <h2 class=\"elementskit-faq-title\">Are Unlimited Bonus offers available in all countries? <\/h2>\n            <\/div>\n            <div class=\"elementskit-faq-body\">\n                Certainly not. They often clash with responsible gaming regulations and Licencing authorities.            <\/div>\n        <\/div>\n                <div class=\"elementskit-single-faq elementor-repeater-item-902802a\">\n            <div class=\"elementskit-faq-header\">\n                <h2 class=\"elementskit-faq-title\">Can I use my Unlimited Bonus for Sports Betting and Casino?<\/h2>\n            <\/div>\n            <div class=\"elementskit-faq-body\">\n                The answer is no. Both casino elements are different. Odds and slots wagering are totally different from another in terms of return to player.            <\/div>\n        <\/div>\n                \n    <\/div>\t\t\t\t<\/div>\n\t\t\t\t<\/div>\n\t\t\t\t<\/div>\n\t\t\t\t<\/div>\n\t\t","protected":false},"excerpt":{"rendered":"<p>Casinos con bonos de bienvenida ilimitados Los Casinos con Bonos de Bienvenida Ilimitados est\u00e1n brotando. Este nuevo tipo de oferta de casino parece atraer a un nuevo tipo de jugador. Hemos examinado los bonos ilimitados y hemos recopilado una lista de casinos que ofrecen bonos de primer dep\u00f3sito ilimitados. Comparamos los bonos de bienvenida ilimitados [&hellip;]<\/p>\n","protected":false},"author":1,"featured_media":11386,"parent":0,"menu_order":0,"comment_status":"closed","ping_status":"closed","template":"","meta":{"footnotes":""},"class_list":["post-11481","page","type-page","status-publish","has-post-thumbnail","hentry"],"blocksy_meta":[],"acf":[],"yoast_head":"<!-- This site is optimized with the Yoast SEO plugin v24.1 - https:\/\/yoast.com\/wordpress\/plugins\/seo\/ -->\n<title>Casinos con bonos de bienvenida ilimitados - casinoreturn<\/title>\n<meta name=\"description\" content=\"Est\u00e1n brotando los Casinos con Bonos de Bienvenida Ilimitados. Examinamos ese tipo de oferta de bonificaci\u00f3n y sus pros y sus contras.\" \/>\n<meta name=\"robots\" content=\"index, follow, max-snippet:-1, max-image-preview:large, max-video-preview:-1\" \/>\n<link rel=\"canonical\" href=\"https:\/\/casinoreturn.com\/es\/casinos-con-bonos-de-bienvenida-ilimitados\/\" \/>\n<meta property=\"og:locale\" content=\"es_ES\" \/>\n<meta property=\"og:type\" content=\"article\" \/>\n<meta property=\"og:title\" content=\"Casinos con bonos de bienvenida ilimitados - casinoreturn\" \/>\n<meta property=\"og:description\" content=\"Est\u00e1n brotando los Casinos con Bonos de Bienvenida Ilimitados. Examinamos ese tipo de oferta de bonificaci\u00f3n y sus pros y sus contras.\" \/>\n<meta property=\"og:url\" content=\"https:\/\/casinoreturn.com\/es\/casinos-con-bonos-de-bienvenida-ilimitados\/\" \/>\n<meta property=\"og:site_name\" content=\"casinoreturn\" \/>\n<meta property=\"article:modified_time\" content=\"2025-03-13T19:06:31+00:00\" \/>\n<meta property=\"og:image\" content=\"https:\/\/casinoreturn.com\/wp-content\/uploads\/2025\/03\/unlimited-welcome-bonus-casinos-1.png\" \/>\n\t<meta property=\"og:image:width\" content=\"1359\" \/>\n\t<meta property=\"og:image:height\" content=\"767\" \/>\n\t<meta property=\"og:image:type\" content=\"image\/png\" \/>\n<meta name=\"twitter:card\" content=\"summary_large_image\" \/>\n<meta name=\"twitter:label1\" content=\"Tiempo de lectura\" \/>\n\t<meta name=\"twitter:data1\" content=\"3 minutos\" \/>\n<script type=\"application\/ld+json\" class=\"yoast-schema-graph\">{\"@context\":\"https:\/\/schema.org\",\"@graph\":[{\"@type\":\"WebPage\",\"@id\":\"https:\/\/casinoreturn.com\/es\/casinos-con-bonos-de-bienvenida-ilimitados\/\",\"url\":\"https:\/\/casinoreturn.com\/es\/casinos-con-bonos-de-bienvenida-ilimitados\/\",\"name\":\"Casinos con bonos de bienvenida ilimitados - casinoreturn\",\"isPartOf\":{\"@id\":\"https:\/\/casinoreturn.com\/#website\"},\"primaryImageOfPage\":{\"@id\":\"https:\/\/casinoreturn.com\/es\/casinos-con-bonos-de-bienvenida-ilimitados\/#primaryimage\"},\"image\":{\"@id\":\"https:\/\/casinoreturn.com\/es\/casinos-con-bonos-de-bienvenida-ilimitados\/#primaryimage\"},\"thumbnailUrl\":\"https:\/\/casinoreturn.com\/wp-content\/uploads\/2025\/03\/unlimited-welcome-bonus-casinos-1.png\",\"datePublished\":\"2025-03-13T19:06:28+00:00\",\"dateModified\":\"2025-03-13T19:06:31+00:00\",\"description\":\"Est\u00e1n brotando los Casinos con Bonos de Bienvenida Ilimitados. Examinamos ese tipo de oferta de bonificaci\u00f3n y sus pros y sus contras.\",\"breadcrumb\":{\"@id\":\"https:\/\/casinoreturn.com\/es\/casinos-con-bonos-de-bienvenida-ilimitados\/#breadcrumb\"},\"inLanguage\":\"es\",\"potentialAction\":[{\"@type\":\"ReadAction\",\"target\":[\"https:\/\/casinoreturn.com\/es\/casinos-con-bonos-de-bienvenida-ilimitados\/\"]}]},{\"@type\":\"ImageObject\",\"inLanguage\":\"es\",\"@id\":\"https:\/\/casinoreturn.com\/es\/casinos-con-bonos-de-bienvenida-ilimitados\/#primaryimage\",\"url\":\"https:\/\/casinoreturn.com\/wp-content\/uploads\/2025\/03\/unlimited-welcome-bonus-casinos-1.png\",\"contentUrl\":\"https:\/\/casinoreturn.com\/wp-content\/uploads\/2025\/03\/unlimited-welcome-bonus-casinos-1.png\",\"width\":1359,\"height\":767,\"caption\":\"unlimited welcome bonus casinos\"},{\"@type\":\"BreadcrumbList\",\"@id\":\"https:\/\/casinoreturn.com\/es\/casinos-con-bonos-de-bienvenida-ilimitados\/#breadcrumb\",\"itemListElement\":[{\"@type\":\"ListItem\",\"position\":1,\"name\":\"Home\",\"item\":\"https:\/\/casinoreturn.com\/es\/hogar\/\"},{\"@type\":\"ListItem\",\"position\":2,\"name\":\"Casinos con bonos de bienvenida ilimitados\"}]},{\"@type\":\"WebSite\",\"@id\":\"https:\/\/casinoreturn.com\/#website\",\"url\":\"https:\/\/casinoreturn.com\/\",\"name\":\"casinoreturn\",\"description\":\"\",\"publisher\":{\"@id\":\"https:\/\/casinoreturn.com\/#organization\"},\"potentialAction\":[{\"@type\":\"SearchAction\",\"target\":{\"@type\":\"EntryPoint\",\"urlTemplate\":\"https:\/\/casinoreturn.com\/?s={search_term_string}\"},\"query-input\":{\"@type\":\"PropertyValueSpecification\",\"valueRequired\":true,\"valueName\":\"search_term_string\"}}],\"inLanguage\":\"es\"},{\"@type\":\"Organization\",\"@id\":\"https:\/\/casinoreturn.com\/#organization\",\"name\":\"casinoreturn\",\"url\":\"https:\/\/casinoreturn.com\/\",\"logo\":{\"@type\":\"ImageObject\",\"inLanguage\":\"es\",\"@id\":\"https:\/\/casinoreturn.com\/#\/schema\/logo\/image\/\",\"url\":\"https:\/\/casinoreturn.com\/wp-content\/uploads\/2024\/09\/animal-favicon.png\",\"contentUrl\":\"https:\/\/casinoreturn.com\/wp-content\/uploads\/2024\/09\/animal-favicon.png\",\"width\":92,\"height\":92,\"caption\":\"casinoreturn\"},\"image\":{\"@id\":\"https:\/\/casinoreturn.com\/#\/schema\/logo\/image\/\"}}]}<\/script>\n<!-- \/ Yoast SEO plugin. -->","yoast_head_json":{"title":"Casinos con bonos de bienvenida ilimitados - casinoreturn","description":"Est\u00e1n brotando los Casinos con Bonos de Bienvenida Ilimitados. Examinamos ese tipo de oferta de bonificaci\u00f3n y sus pros y sus contras.","robots":{"index":"index","follow":"follow","max-snippet":"max-snippet:-1","max-image-preview":"max-image-preview:large","max-video-preview":"max-video-preview:-1"},"canonical":"https:\/\/casinoreturn.com\/es\/casinos-con-bonos-de-bienvenida-ilimitados\/","og_locale":"es_ES","og_type":"article","og_title":"Casinos con bonos de bienvenida ilimitados - casinoreturn","og_description":"Est\u00e1n brotando los Casinos con Bonos de Bienvenida Ilimitados. Examinamos ese tipo de oferta de bonificaci\u00f3n y sus pros y sus contras.","og_url":"https:\/\/casinoreturn.com\/es\/casinos-con-bonos-de-bienvenida-ilimitados\/","og_site_name":"casinoreturn","article_modified_time":"2025-03-13T19:06:31+00:00","og_image":[{"width":1359,"height":767,"url":"https:\/\/casinoreturn.com\/wp-content\/uploads\/2025\/03\/unlimited-welcome-bonus-casinos-1.png","type":"image\/png"}],"twitter_card":"summary_large_image","twitter_misc":{"Tiempo de lectura":"3 minutos"},"schema":{"@context":"https:\/\/schema.org","@graph":[{"@type":"WebPage","@id":"https:\/\/casinoreturn.com\/es\/casinos-con-bonos-de-bienvenida-ilimitados\/","url":"https:\/\/casinoreturn.com\/es\/casinos-con-bonos-de-bienvenida-ilimitados\/","name":"Casinos con bonos de bienvenida ilimitados - casinoreturn","isPartOf":{"@id":"https:\/\/casinoreturn.com\/#website"},"primaryImageOfPage":{"@id":"https:\/\/casinoreturn.com\/es\/casinos-con-bonos-de-bienvenida-ilimitados\/#primaryimage"},"image":{"@id":"https:\/\/casinoreturn.com\/es\/casinos-con-bonos-de-bienvenida-ilimitados\/#primaryimage"},"thumbnailUrl":"https:\/\/casinoreturn.com\/wp-content\/uploads\/2025\/03\/unlimited-welcome-bonus-casinos-1.png","datePublished":"2025-03-13T19:06:28+00:00","dateModified":"2025-03-13T19:06:31+00:00","description":"Est\u00e1n brotando los Casinos con Bonos de Bienvenida Ilimitados. Examinamos ese tipo de oferta de bonificaci\u00f3n y sus pros y sus contras.","breadcrumb":{"@id":"https:\/\/casinoreturn.com\/es\/casinos-con-bonos-de-bienvenida-ilimitados\/#breadcrumb"},"inLanguage":"es","potentialAction":[{"@type":"ReadAction","target":["https:\/\/casinoreturn.com\/es\/casinos-con-bonos-de-bienvenida-ilimitados\/"]}]},{"@type":"ImageObject","inLanguage":"es","@id":"https:\/\/casinoreturn.com\/es\/casinos-con-bonos-de-bienvenida-ilimitados\/#primaryimage","url":"https:\/\/casinoreturn.com\/wp-content\/uploads\/2025\/03\/unlimited-welcome-bonus-casinos-1.png","contentUrl":"https:\/\/casinoreturn.com\/wp-content\/uploads\/2025\/03\/unlimited-welcome-bonus-casinos-1.png","width":1359,"height":767,"caption":"unlimited welcome bonus casinos"},{"@type":"BreadcrumbList","@id":"https:\/\/casinoreturn.com\/es\/casinos-con-bonos-de-bienvenida-ilimitados\/#breadcrumb","itemListElement":[{"@type":"ListItem","position":1,"name":"Home","item":"https:\/\/casinoreturn.com\/es\/hogar\/"},{"@type":"ListItem","position":2,"name":"Casinos con bonos de bienvenida ilimitados"}]},{"@type":"WebSite","@id":"https:\/\/casinoreturn.com\/#website","url":"https:\/\/casinoreturn.com\/","name":"casinoreturn","description":"","publisher":{"@id":"https:\/\/casinoreturn.com\/#organization"},"potentialAction":[{"@type":"SearchAction","target":{"@type":"EntryPoint","urlTemplate":"https:\/\/casinoreturn.com\/?s={search_term_string}"},"query-input":{"@type":"PropertyValueSpecification","valueRequired":true,"valueName":"search_term_string"}}],"inLanguage":"es"},{"@type":"Organization","@id":"https:\/\/casinoreturn.com\/#organization","name":"casinoreturn","url":"https:\/\/casinoreturn.com\/","logo":{"@type":"ImageObject","inLanguage":"es","@id":"https:\/\/casinoreturn.com\/#\/schema\/logo\/image\/","url":"https:\/\/casinoreturn.com\/wp-content\/uploads\/2024\/09\/animal-favicon.png","contentUrl":"https:\/\/casinoreturn.com\/wp-content\/uploads\/2024\/09\/animal-favicon.png","width":92,"height":92,"caption":"casinoreturn"},"image":{"@id":"https:\/\/casinoreturn.com\/#\/schema\/logo\/image\/"}}]}},"_links":{"self":[{"href":"https:\/\/casinoreturn.com\/es\/wp-json\/wp\/v2\/pages\/11481","targetHints":{"allow":["GET"]}}],"collection":[{"href":"https:\/\/casinoreturn.com\/es\/wp-json\/wp\/v2\/pages"}],"about":[{"href":"https:\/\/casinoreturn.com\/es\/wp-json\/wp\/v2\/types\/page"}],"author":[{"embeddable":true,"href":"https:\/\/casinoreturn.com\/es\/wp-json\/wp\/v2\/users\/1"}],"replies":[{"embeddable":true,"href":"https:\/\/casinoreturn.com\/es\/wp-json\/wp\/v2\/comments?post=11481"}],"version-history":[{"count":2,"href":"https:\/\/casinoreturn.com\/es\/wp-json\/wp\/v2\/pages\/11481\/revisions"}],"predecessor-version":[{"id":11495,"href":"https:\/\/casinoreturn.com\/es\/wp-json\/wp\/v2\/pages\/11481\/revisions\/11495"}],"wp:featuredmedia":[{"embeddable":true,"href":"https:\/\/casinoreturn.com\/es\/wp-json\/wp\/v2\/media\/11386"}],"wp:attachment":[{"href":"https:\/\/casinoreturn.com\/es\/wp-json\/wp\/v2\/media?parent=11481"}],"curies":[{"name":"wp","href":"https:\/\/api.w.org\/{rel}","templated":true}]}}