{"id":15997,"date":"2025-10-20T11:35:56","date_gmt":"2025-10-20T11:35:56","guid":{"rendered":"https:\/\/casinoreturn.com\/casinos-con-sorteo-en-virginia\/"},"modified":"2025-10-31T14:14:59","modified_gmt":"2025-10-31T14:14:59","slug":"casinos-con-sorteo-en-virginia","status":"publish","type":"page","link":"https:\/\/casinoreturn.com\/es\/casinos-con-sorteo-en-virginia\/","title":{"rendered":"Casinos con Sorteo en Virginia"},"content":{"rendered":"\t\t<div data-elementor-type=\"wp-page\" data-elementor-id=\"15997\" class=\"elementor elementor-15997\" data-elementor-post-type=\"page\">\n\t\t\t\t<div class=\"elementor-element elementor-element-047734d e-con-full e-flex e-con e-parent\" data-id=\"047734d\" data-element_type=\"container\">\n\t\t\t\t<div class=\"elementor-element elementor-element-1de28d0 elementor-widget elementor-widget-heading\" data-id=\"1de28d0\" data-element_type=\"widget\" data-widget_type=\"heading.default\">\n\t\t\t\t<div class=\"elementor-widget-container\">\n\t\t\t\t\t<h2 class=\"elementor-heading-title elementor-size-default\">Casinos con Sorteo en Virginia<\/h2>\t\t\t\t<\/div>\n\t\t\t\t<\/div>\n\t\t\t\t<div class=\"elementor-element elementor-element-84aa821 elementor-widget elementor-widget-text-editor\" data-id=\"84aa821\" data-element_type=\"widget\" data-widget_type=\"text-editor.default\">\n\t\t\t\t<div class=\"elementor-widget-container\">\n\t\t\t\t\t\t\t\t\t<p>Se considera que los Casinos de Sorteo de Virginia no son juegos de azar debido al modelo de v\u00eda de entrada gratuita. Otros estados, como Nueva York y California, han adoptado una postura m\u00e1s firme respecto a los casinos con sorteos. Lee m\u00e1s sobre <a href=\"https:\/\/casinoreturn.com\/new-york-sweepstake-casinos\/\">Nueva York y su actual enfoque legal de los casinos con sorteos<\/a>. Y aqu\u00ed tienes una rese\u00f1a completa sobre <a href=\"https:\/\/casinoreturn.com\/california-bans-social-sweepstake-games\/\">los casinos de apuestas de California<\/a>.<\/p>\n<p><img fetchpriority=\"high\" decoding=\"async\" class=\"alignnone size-medium wp-image-15603\" src=\"https:\/\/casinoreturn.com\/wp-content\/uploads\/2025\/10\/Sweepstake-Casinos-in-Virginia-300x300.png\" alt=\"Casinos con Sorteo en Virginia\" width=\"300\" height=\"300\" srcset=\"https:\/\/casinoreturn.com\/wp-content\/uploads\/2025\/10\/Sweepstake-Casinos-in-Virginia-300x300.png 300w, https:\/\/casinoreturn.com\/wp-content\/uploads\/2025\/10\/Sweepstake-Casinos-in-Virginia-150x150.png 150w, https:\/\/casinoreturn.com\/wp-content\/uploads\/2025\/10\/Sweepstake-Casinos-in-Virginia-768x768.png 768w, https:\/\/casinoreturn.com\/wp-content\/uploads\/2025\/10\/Sweepstake-Casinos-in-Virginia.png 1024w\" sizes=\"(max-width: 300px) 100vw, 300px\" \/><\/p>\n<p>En este art\u00edculo:  <\/p>\n<ul>\n<li><a href=\"https:\/\/casinoreturn.com\/es\/casinos-con-sorteo-en-virginia\/#virginia\">Sorteo en Virginia  <\/a><\/li>\n<li><a href=\"https:\/\/casinoreturn.com\/es\/casinos-con-sorteo-en-virginia\/#sport\">Apuestas deportivas en Virginia  <\/a><\/li>\n<li><a href=\"https:\/\/casinoreturn.com\/es\/casinos-con-sorteo-en-virginia\/#list\">Lista de casinos Sweepstake en Virginia  <\/a><\/li>\n<li><a href=\"https:\/\/casinoreturn.com\/es\/casinos-con-sorteo-en-virginia\/#land\">Casinos terrestres Real Monay en Viginia<\/a><\/li>\n<li><a href=\"https:\/\/casinoreturn.com\/es\/casinos-con-sorteo-en-virginia\/#faq\">Sorteo de la FQA en Virginia<\/a><\/li>\n<\/ul>\n\t\t\t\t\t\t\t\t<\/div>\n\t\t\t\t<\/div>\n\t\t\t\t<div class=\"elementor-element elementor-element-8978e42 elementor-widget elementor-widget-heading\" data-id=\"8978e42\" data-element_type=\"widget\" data-widget_type=\"heading.default\">\n\t\t\t\t<div class=\"elementor-widget-container\">\n\t\t\t\t\t<h3 class=\"elementor-heading-title elementor-size-default\">Sorteos en Virginia<\/h3>\t\t\t\t<\/div>\n\t\t\t\t<\/div>\n\t\t\t\t<div class=\"elementor-element elementor-element-48ec529 elementor-widget elementor-widget-text-editor\" data-id=\"48ec529\" data-element_type=\"widget\" id=\"virginia\" data-widget_type=\"text-editor.default\">\n\t\t\t\t<div class=\"elementor-widget-container\">\n\t\t\t\t\t\t\t\t\t<p>Los sorteos son una nueva forma de mejorar la experiencia de juego sin desembolsar dinero real. Aparte de en los casinos online de dinero real, los casinos de sorteo ofrecen la comodidad de entrar f\u00e1cilmente a jugar en los casinos sociales con promociones a\u00f1adidas. No es necesario comprar nada y las llamadas monedas de Oro se dan gratis. Lee m\u00e1s sobre los casinos sociales en nuestra secci\u00f3n <a href=\"https:\/\/casinoreturn.com\/es\/sweep-stake-casino-retorno-usa\/\">Devoluci\u00f3n del casino por sorteo en EE.UU.<\/a>, donde encontrar\u00e1s respuestas detalladas sobre las monedas de oro, las promociones, la normativa y la diferencia entre un casino social y un casino por sorteo.  <\/p>\n<p><img decoding=\"async\" class=\"alignnone size-medium wp-image-14813\" src=\"https:\/\/casinoreturn.com\/wp-content\/uploads\/2025\/10\/Sweep-stake-casino-return-300x166.jpg\" alt=\"Devoluci\u00f3n de la apuesta de barrido del casino\" width=\"300\" height=\"166\" srcset=\"https:\/\/casinoreturn.com\/wp-content\/uploads\/2025\/10\/Sweep-stake-casino-return-300x166.jpg 300w, https:\/\/casinoreturn.com\/wp-content\/uploads\/2025\/10\/Sweep-stake-casino-return-768x424.jpg 768w, https:\/\/casinoreturn.com\/wp-content\/uploads\/2025\/10\/Sweep-stake-casino-return.jpg 906w\" sizes=\"(max-width: 300px) 100vw, 300px\" \/><\/p>\n<p>As\u00ed que la buena noticia para los jugadores de Virginia es que es legal, a menos que los operadores ofrezcan formas ocultas de jugar con dinero real, lo que se considerar\u00eda ilegal.  <\/p>\n\t\t\t\t\t\t\t\t<\/div>\n\t\t\t\t<\/div>\n\t\t\t\t<div class=\"elementor-element elementor-element-601b0c0 elementor-widget elementor-widget-heading\" data-id=\"601b0c0\" data-element_type=\"widget\" data-widget_type=\"heading.default\">\n\t\t\t\t<div class=\"elementor-widget-container\">\n\t\t\t\t\t<h3 class=\"elementor-heading-title elementor-size-default\">Apuestas deportivas en Virginia<\/h3>\t\t\t\t<\/div>\n\t\t\t\t<\/div>\n\t\t\t\t<div class=\"elementor-element elementor-element-a402086 elementor-widget elementor-widget-text-editor\" data-id=\"a402086\" data-element_type=\"widget\" id=\"sport\" data-widget_type=\"text-editor.default\">\n\t\t\t\t<div class=\"elementor-widget-container\">\n\t\t\t\t\t\t\t\t\t<p>Las apuestas deportivas est\u00e1n permitidas en el estado de Virginia en virtud del Art\u00edculo 2 del cap\u00edtulo 40, con el T\u00edtulo C\u00f3digo de Virginia 58.1. \u00bfTe parece complicado? No, no lo es. Los jugadores deben tener 21 a\u00f1os y estar ubicados en Virginia. Los operadores que ofrezcan apuestas por m\u00f3vil DEBEN ser titulares de una licencia local (con sede en Virginia).  <\/p>\n<p><strong>Como en la mayor\u00eda de los estados de EE.UU., est\u00e1n prohibidas las apuestas en acontecimientos deportivos universitarios y en cualquier deporte en el que participen menores, si, por ejemplo, est\u00e1 implicado un equipo de Virginia.  <\/strong><\/p>\n<p>Los operadores de Virginia tienen que seguir las normas y reglamentos de seguridad para garantizar un juego responsable. Su licencia tambi\u00e9n dicta que paguen un 15% de impuesto GGR sobre los beneficios.  <\/p>\n\t\t\t\t\t\t\t\t<\/div>\n\t\t\t\t<\/div>\n\t\t\t\t<div class=\"elementor-element elementor-element-2f1924c elementor-widget elementor-widget-heading\" data-id=\"2f1924c\" data-element_type=\"widget\" data-widget_type=\"heading.default\">\n\t\t\t\t<div class=\"elementor-widget-container\">\n\t\t\t\t\t<h2 class=\"elementor-heading-title elementor-size-default\">Lista de operadores de apuestas deportivas en Virginia<\/h2>\t\t\t\t<\/div>\n\t\t\t\t<\/div>\n\t\t\t\t<div class=\"elementor-element elementor-element-72b28f4 elementor-widget elementor-widget-text-editor\" data-id=\"72b28f4\" data-element_type=\"widget\" id=\"list\" data-widget_type=\"text-editor.default\">\n\t\t\t\t<div class=\"elementor-widget-container\">\n\t\t\t\t\t\t\t\t\t<p>Lista de operadores de apuestas deportivas en Virginia. Como puedes ver, la siguiente lista contiene muy pocas sorpresas. Los tres grandes de las apuestas en EE.UU. est\u00e1n presentes, as\u00ed como algunos sitios europeos con plataformas de apuestas iguales o incluso mejores.  <\/p>\n<p>Aqu\u00ed est\u00e1n nuestros 5 mejores sitios de apuestas en Virginia:  <\/p>\n<ul>\n<li>Bet365 &#8211; Maestro del campo, un verdadero jugador<\/li>\n<li>BetMGM &#8211; Gran nombre en EE.UU., 4\u00ba en ingresos en 2025<\/li>\n<li>Ceasars Sportsbook &#8211; Ocupa el 5\u00ba lugar en ingresos, pero tiene una cartera s\u00f3lida  <\/li>\n<li>FanDuel &#8211; no necesita m\u00e1s presentaci\u00f3n, pr\u00f3ximo con mayor crecimiento en 2025<\/li>\n<li>Fanatics &#8211; Clasificado entre los 2 primeros , l\u00edder del mercado en EE.UU.  <\/li>\n<\/ul>\n\t\t\t\t\t\t\t\t<\/div>\n\t\t\t\t<\/div>\n\t\t\t\t<div class=\"elementor-element elementor-element-80164e0 elementor-widget elementor-widget-heading\" data-id=\"80164e0\" data-element_type=\"widget\" data-widget_type=\"heading.default\">\n\t\t\t\t<div class=\"elementor-widget-container\">\n\t\t\t\t\t<h3 class=\"elementor-heading-title elementor-size-default\">Casinos terrestres en Virginia  <\/h3>\t\t\t\t<\/div>\n\t\t\t\t<\/div>\n\t\t\t\t<div class=\"elementor-element elementor-element-3d78c2a elementor-widget elementor-widget-text-editor\" data-id=\"3d78c2a\" data-element_type=\"widget\" id=\"land\" data-widget_type=\"text-editor.default\">\n\t\t\t\t<div class=\"elementor-widget-container\">\n\t\t\t\t\t\t\t\t\t<p>Los casinos terrestres en Virginia, EE.UU., son muy limitados. En 2020 s\u00f3lo se concedieron 5 licencias a casinos terrestres. 3 de los 5 est\u00e1n funcionando actualmente, y dos casinos est\u00e1n en fase de desarrollo. Esos tres casinos de Bristol (EE.UU.), Portsmouth (EE.UU.) y Danville ya son, por derecho propio, bastante impresionantes en cuanto a estad\u00edsticas. S\u00f3lo en 2024, los ingresos totales del juego ascender\u00e1n a 1.400 millones de d\u00f3lares. Los ingresos en estas operaciones se crean a trav\u00e9s de los casinos de dinero real: M\u00e1quinas tragaperras, juegos de mesa, juegos con crupier en vivo, apuestas y m\u00e1quinas de apuestas al por menor.  <\/p>\n\t\t\t\t\t\t\t\t<\/div>\n\t\t\t\t<\/div>\n\t\t\t\t<div class=\"elementor-element elementor-element-d7fd54d elementor-widget elementor-widget-heading\" data-id=\"d7fd54d\" data-element_type=\"widget\" data-widget_type=\"heading.default\">\n\t\t\t\t<div class=\"elementor-widget-container\">\n\t\t\t\t\t<h3 class=\"elementor-heading-title elementor-size-default\">FAQ's Sorteo casinos en Virgina<\/h3>\t\t\t\t<\/div>\n\t\t\t\t<\/div>\n\t\t\t\t<div class=\"elementor-element elementor-element-59fc1da elementor-widget elementor-widget-elementskit-faq\" data-id=\"59fc1da\" data-element_type=\"widget\" id=\"faq\" data-widget_type=\"elementskit-faq.default\">\n\t\t\t\t<div class=\"elementor-widget-container\">\n\t\t\t\t\t<div class=\"ekit-wid-con\" >\n                <div class=\"elementskit-single-faq elementor-repeater-item-8a3ec80\">\n            <div class=\"elementskit-faq-header\">\n                <h2 class=\"elementskit-faq-title\">What are Gold Coins in Sweepstake casinos?<\/h2>\n            <\/div>\n            <div class=\"elementskit-faq-body\">\n                Other than Real money casinos, Gold coins are a free giveaway in online Social Casinos. Gold coins are a promotional addition and can be part of a social Casino without a purchase.             <\/div>\n        <\/div>\n                <div class=\"elementskit-single-faq elementor-repeater-item-c0e40d1\">\n            <div class=\"elementskit-faq-header\">\n                <h2 class=\"elementskit-faq-title\">Can I bet on College football in Virginia, US? <\/h2>\n            <\/div>\n            <div class=\"elementskit-faq-body\">\n                The answer is NO. you can't bet on College football, or college sport events in Virginia. Same applies to any event involving minors.            <\/div>\n        <\/div>\n                <div class=\"elementskit-single-faq elementor-repeater-item-7190428\">\n            <div class=\"elementskit-faq-header\">\n                <h2 class=\"elementskit-faq-title\">Where can I play casino with real money in Virginia?<\/h2>\n            <\/div>\n            <div class=\"elementskit-faq-body\">\n                Real money casinos are land-based only. With currently 3 out of 5 land-based Casinos running, the choice is limited.             <\/div>\n        <\/div>\n                \n    <\/div>\t\t\t\t<\/div>\n\t\t\t\t<\/div>\n\t\t\t\t<\/div>\n\t\t\t\t<\/div>\n\t\t","protected":false},"excerpt":{"rendered":"<p>Casinos con Sorteo en Virginia Se considera que los Casinos de Sorteo de Virginia no son juegos de azar debido al modelo de v\u00eda de entrada gratuita. Otros estados, como Nueva York y California, han adoptado una postura m\u00e1s firme respecto a los casinos con sorteos. Lee m\u00e1s sobre Nueva York y su actual enfoque [&hellip;]<\/p>\n","protected":false},"author":1,"featured_media":15612,"parent":0,"menu_order":0,"comment_status":"closed","ping_status":"closed","template":"","meta":{"footnotes":""},"class_list":["post-15997","page","type-page","status-publish","has-post-thumbnail","hentry"],"blocksy_meta":[],"acf":[],"yoast_head":"<!-- This site is optimized with the Yoast SEO plugin v24.1 - https:\/\/yoast.com\/wordpress\/plugins\/seo\/ -->\n<title>Casinos con Sorteo en Virginia - casinoreturn<\/title>\n<meta name=\"description\" content=\"Los Casinos de Sorteo en Virginia son legales, por ahora. Los sorteos promocionales son clave para seguir siendo legales sin intercambio de dinero.\" \/>\n<meta name=\"robots\" content=\"index, follow, max-snippet:-1, max-image-preview:large, max-video-preview:-1\" \/>\n<link rel=\"canonical\" href=\"https:\/\/casinoreturn.com\/es\/casinos-con-sorteo-en-virginia\/\" \/>\n<meta property=\"og:locale\" content=\"es_ES\" \/>\n<meta property=\"og:type\" content=\"article\" \/>\n<meta property=\"og:title\" content=\"Casinos con Sorteo en Virginia - casinoreturn\" \/>\n<meta property=\"og:description\" content=\"Los Casinos de Sorteo en Virginia son legales, por ahora. Los sorteos promocionales son clave para seguir siendo legales sin intercambio de dinero.\" \/>\n<meta property=\"og:url\" content=\"https:\/\/casinoreturn.com\/es\/casinos-con-sorteo-en-virginia\/\" \/>\n<meta property=\"og:site_name\" content=\"casinoreturn\" \/>\n<meta property=\"article:modified_time\" content=\"2025-10-31T14:14:59+00:00\" \/>\n<meta property=\"og:image\" content=\"https:\/\/casinoreturn.com\/wp-content\/uploads\/2025\/10\/Sweepstake-Casinos-in-Virginia.png\" \/>\n\t<meta property=\"og:image:width\" content=\"1024\" \/>\n\t<meta property=\"og:image:height\" content=\"1024\" \/>\n\t<meta property=\"og:image:type\" content=\"image\/png\" \/>\n<meta name=\"twitter:card\" content=\"summary_large_image\" \/>\n<meta name=\"twitter:label1\" content=\"Tiempo de lectura\" \/>\n\t<meta name=\"twitter:data1\" content=\"4 minutos\" \/>\n<script type=\"application\/ld+json\" class=\"yoast-schema-graph\">{\"@context\":\"https:\/\/schema.org\",\"@graph\":[{\"@type\":\"WebPage\",\"@id\":\"https:\/\/casinoreturn.com\/es\/casinos-con-sorteo-en-virginia\/\",\"url\":\"https:\/\/casinoreturn.com\/es\/casinos-con-sorteo-en-virginia\/\",\"name\":\"Casinos con Sorteo en Virginia - casinoreturn\",\"isPartOf\":{\"@id\":\"https:\/\/casinoreturn.com\/#website\"},\"primaryImageOfPage\":{\"@id\":\"https:\/\/casinoreturn.com\/es\/casinos-con-sorteo-en-virginia\/#primaryimage\"},\"image\":{\"@id\":\"https:\/\/casinoreturn.com\/es\/casinos-con-sorteo-en-virginia\/#primaryimage\"},\"thumbnailUrl\":\"https:\/\/casinoreturn.com\/wp-content\/uploads\/2025\/10\/Sweepstake-Casinos-in-Virginia.png\",\"datePublished\":\"2025-10-20T11:35:56+00:00\",\"dateModified\":\"2025-10-31T14:14:59+00:00\",\"description\":\"Los Casinos de Sorteo en Virginia son legales, por ahora. Los sorteos promocionales son clave para seguir siendo legales sin intercambio de dinero.\",\"breadcrumb\":{\"@id\":\"https:\/\/casinoreturn.com\/es\/casinos-con-sorteo-en-virginia\/#breadcrumb\"},\"inLanguage\":\"es\",\"potentialAction\":[{\"@type\":\"ReadAction\",\"target\":[\"https:\/\/casinoreturn.com\/es\/casinos-con-sorteo-en-virginia\/\"]}]},{\"@type\":\"ImageObject\",\"inLanguage\":\"es\",\"@id\":\"https:\/\/casinoreturn.com\/es\/casinos-con-sorteo-en-virginia\/#primaryimage\",\"url\":\"https:\/\/casinoreturn.com\/wp-content\/uploads\/2025\/10\/Sweepstake-Casinos-in-Virginia.png\",\"contentUrl\":\"https:\/\/casinoreturn.com\/wp-content\/uploads\/2025\/10\/Sweepstake-Casinos-in-Virginia.png\",\"width\":1024,\"height\":1024,\"caption\":\"Sweepstake Casinos in Virginia\"},{\"@type\":\"BreadcrumbList\",\"@id\":\"https:\/\/casinoreturn.com\/es\/casinos-con-sorteo-en-virginia\/#breadcrumb\",\"itemListElement\":[{\"@type\":\"ListItem\",\"position\":1,\"name\":\"Home\",\"item\":\"https:\/\/casinoreturn.com\/es\/hogar\/\"},{\"@type\":\"ListItem\",\"position\":2,\"name\":\"Casinos con Sorteo en Virginia\"}]},{\"@type\":\"WebSite\",\"@id\":\"https:\/\/casinoreturn.com\/#website\",\"url\":\"https:\/\/casinoreturn.com\/\",\"name\":\"casinoreturn\",\"description\":\"\",\"publisher\":{\"@id\":\"https:\/\/casinoreturn.com\/#organization\"},\"potentialAction\":[{\"@type\":\"SearchAction\",\"target\":{\"@type\":\"EntryPoint\",\"urlTemplate\":\"https:\/\/casinoreturn.com\/?s={search_term_string}\"},\"query-input\":{\"@type\":\"PropertyValueSpecification\",\"valueRequired\":true,\"valueName\":\"search_term_string\"}}],\"inLanguage\":\"es\"},{\"@type\":\"Organization\",\"@id\":\"https:\/\/casinoreturn.com\/#organization\",\"name\":\"casinoreturn\",\"url\":\"https:\/\/casinoreturn.com\/\",\"logo\":{\"@type\":\"ImageObject\",\"inLanguage\":\"es\",\"@id\":\"https:\/\/casinoreturn.com\/#\/schema\/logo\/image\/\",\"url\":\"https:\/\/casinoreturn.com\/wp-content\/uploads\/2024\/09\/animal-favicon.png\",\"contentUrl\":\"https:\/\/casinoreturn.com\/wp-content\/uploads\/2024\/09\/animal-favicon.png\",\"width\":92,\"height\":92,\"caption\":\"casinoreturn\"},\"image\":{\"@id\":\"https:\/\/casinoreturn.com\/#\/schema\/logo\/image\/\"}}]}<\/script>\n<!-- \/ Yoast SEO plugin. -->","yoast_head_json":{"title":"Casinos con Sorteo en Virginia - casinoreturn","description":"Los Casinos de Sorteo en Virginia son legales, por ahora. Los sorteos promocionales son clave para seguir siendo legales sin intercambio de dinero.","robots":{"index":"index","follow":"follow","max-snippet":"max-snippet:-1","max-image-preview":"max-image-preview:large","max-video-preview":"max-video-preview:-1"},"canonical":"https:\/\/casinoreturn.com\/es\/casinos-con-sorteo-en-virginia\/","og_locale":"es_ES","og_type":"article","og_title":"Casinos con Sorteo en Virginia - casinoreturn","og_description":"Los Casinos de Sorteo en Virginia son legales, por ahora. Los sorteos promocionales son clave para seguir siendo legales sin intercambio de dinero.","og_url":"https:\/\/casinoreturn.com\/es\/casinos-con-sorteo-en-virginia\/","og_site_name":"casinoreturn","article_modified_time":"2025-10-31T14:14:59+00:00","og_image":[{"width":1024,"height":1024,"url":"https:\/\/casinoreturn.com\/wp-content\/uploads\/2025\/10\/Sweepstake-Casinos-in-Virginia.png","type":"image\/png"}],"twitter_card":"summary_large_image","twitter_misc":{"Tiempo de lectura":"4 minutos"},"schema":{"@context":"https:\/\/schema.org","@graph":[{"@type":"WebPage","@id":"https:\/\/casinoreturn.com\/es\/casinos-con-sorteo-en-virginia\/","url":"https:\/\/casinoreturn.com\/es\/casinos-con-sorteo-en-virginia\/","name":"Casinos con Sorteo en Virginia - casinoreturn","isPartOf":{"@id":"https:\/\/casinoreturn.com\/#website"},"primaryImageOfPage":{"@id":"https:\/\/casinoreturn.com\/es\/casinos-con-sorteo-en-virginia\/#primaryimage"},"image":{"@id":"https:\/\/casinoreturn.com\/es\/casinos-con-sorteo-en-virginia\/#primaryimage"},"thumbnailUrl":"https:\/\/casinoreturn.com\/wp-content\/uploads\/2025\/10\/Sweepstake-Casinos-in-Virginia.png","datePublished":"2025-10-20T11:35:56+00:00","dateModified":"2025-10-31T14:14:59+00:00","description":"Los Casinos de Sorteo en Virginia son legales, por ahora. Los sorteos promocionales son clave para seguir siendo legales sin intercambio de dinero.","breadcrumb":{"@id":"https:\/\/casinoreturn.com\/es\/casinos-con-sorteo-en-virginia\/#breadcrumb"},"inLanguage":"es","potentialAction":[{"@type":"ReadAction","target":["https:\/\/casinoreturn.com\/es\/casinos-con-sorteo-en-virginia\/"]}]},{"@type":"ImageObject","inLanguage":"es","@id":"https:\/\/casinoreturn.com\/es\/casinos-con-sorteo-en-virginia\/#primaryimage","url":"https:\/\/casinoreturn.com\/wp-content\/uploads\/2025\/10\/Sweepstake-Casinos-in-Virginia.png","contentUrl":"https:\/\/casinoreturn.com\/wp-content\/uploads\/2025\/10\/Sweepstake-Casinos-in-Virginia.png","width":1024,"height":1024,"caption":"Sweepstake Casinos in Virginia"},{"@type":"BreadcrumbList","@id":"https:\/\/casinoreturn.com\/es\/casinos-con-sorteo-en-virginia\/#breadcrumb","itemListElement":[{"@type":"ListItem","position":1,"name":"Home","item":"https:\/\/casinoreturn.com\/es\/hogar\/"},{"@type":"ListItem","position":2,"name":"Casinos con Sorteo en Virginia"}]},{"@type":"WebSite","@id":"https:\/\/casinoreturn.com\/#website","url":"https:\/\/casinoreturn.com\/","name":"casinoreturn","description":"","publisher":{"@id":"https:\/\/casinoreturn.com\/#organization"},"potentialAction":[{"@type":"SearchAction","target":{"@type":"EntryPoint","urlTemplate":"https:\/\/casinoreturn.com\/?s={search_term_string}"},"query-input":{"@type":"PropertyValueSpecification","valueRequired":true,"valueName":"search_term_string"}}],"inLanguage":"es"},{"@type":"Organization","@id":"https:\/\/casinoreturn.com\/#organization","name":"casinoreturn","url":"https:\/\/casinoreturn.com\/","logo":{"@type":"ImageObject","inLanguage":"es","@id":"https:\/\/casinoreturn.com\/#\/schema\/logo\/image\/","url":"https:\/\/casinoreturn.com\/wp-content\/uploads\/2024\/09\/animal-favicon.png","contentUrl":"https:\/\/casinoreturn.com\/wp-content\/uploads\/2024\/09\/animal-favicon.png","width":92,"height":92,"caption":"casinoreturn"},"image":{"@id":"https:\/\/casinoreturn.com\/#\/schema\/logo\/image\/"}}]}},"_links":{"self":[{"href":"https:\/\/casinoreturn.com\/es\/wp-json\/wp\/v2\/pages\/15997","targetHints":{"allow":["GET"]}}],"collection":[{"href":"https:\/\/casinoreturn.com\/es\/wp-json\/wp\/v2\/pages"}],"about":[{"href":"https:\/\/casinoreturn.com\/es\/wp-json\/wp\/v2\/types\/page"}],"author":[{"embeddable":true,"href":"https:\/\/casinoreturn.com\/es\/wp-json\/wp\/v2\/users\/1"}],"replies":[{"embeddable":true,"href":"https:\/\/casinoreturn.com\/es\/wp-json\/wp\/v2\/comments?post=15997"}],"version-history":[{"count":1,"href":"https:\/\/casinoreturn.com\/es\/wp-json\/wp\/v2\/pages\/15997\/revisions"}],"predecessor-version":[{"id":15998,"href":"https:\/\/casinoreturn.com\/es\/wp-json\/wp\/v2\/pages\/15997\/revisions\/15998"}],"wp:featuredmedia":[{"embeddable":true,"href":"https:\/\/casinoreturn.com\/es\/wp-json\/wp\/v2\/media\/15612"}],"wp:attachment":[{"href":"https:\/\/casinoreturn.com\/es\/wp-json\/wp\/v2\/media?parent=15997"}],"curies":[{"name":"wp","href":"https:\/\/api.w.org\/{rel}","templated":true}]}}