{"id":16041,"date":"2025-10-17T16:07:39","date_gmt":"2025-10-17T16:07:39","guid":{"rendered":"https:\/\/casinoreturn.com\/casinos-con-sorteo-en-florida\/"},"modified":"2025-10-31T14:30:32","modified_gmt":"2025-10-31T14:30:32","slug":"casinos-con-sorteo-en-florida","status":"publish","type":"page","link":"https:\/\/casinoreturn.com\/es\/casinos-con-sorteo-en-florida\/","title":{"rendered":"Casinos con Sorteo en Florida"},"content":{"rendered":"\t\t<div data-elementor-type=\"wp-page\" data-elementor-id=\"16041\" class=\"elementor elementor-16041\" data-elementor-post-type=\"page\">\n\t\t\t\t<div class=\"elementor-element elementor-element-550cc17 e-con-full e-flex e-con e-parent\" data-id=\"550cc17\" data-element_type=\"container\">\n\t\t\t\t<div class=\"elementor-element elementor-element-5396053 elementor-widget elementor-widget-heading\" data-id=\"5396053\" data-element_type=\"widget\" data-widget_type=\"heading.default\">\n\t\t\t\t<div class=\"elementor-widget-container\">\n\t\t\t\t\t<h3 class=\"elementor-heading-title elementor-size-default\">Casinos con Sorteo en Florida<\/h3>\t\t\t\t<\/div>\n\t\t\t\t<\/div>\n\t\t\t\t<div class=\"elementor-element elementor-element-4383f5b elementor-widget elementor-widget-text-editor\" data-id=\"4383f5b\" data-element_type=\"widget\" data-widget_type=\"text-editor.default\">\n\t\t\t\t<div class=\"elementor-widget-container\">\n\t\t\t\t\t\t\t\t\t<p>Los Casinos de Sorteo en Florida se consideran actualmente concursos promocionales, m\u00e1s que juegos de azar. \u00c9sa es la buena noticia. La Comisi\u00f3n de Control del Juego de Florida a\u00fan no ha prohibido los sorteos y sus Goldcoins. Pero en 2025 se presentaron propuestas para clasificar los casinos de loter\u00eda como juegos de azar por Internet. Ambas partes, operadores de sorteos y Reguladores, est\u00e1n elaborando borradores para apoyar sus argumentos. El juego libre en muchos estados de EE.UU. est\u00e1 siendo objeto de escrutinio. <a href=\"https:\/\/casinoreturn.com\/es\/sweep-stake-casino-retorno-usa\/\">Los casinos<\/a> sociales, que en muchos estados siguen siendo legales, est\u00e1n en el punto de mira para ser declarados ilegales por cada vez m\u00e1s estados.<\/p>\n<p><strong>En este art\u00edculo:<\/strong><\/p>\n<ul>\n<li>Lista de Casinos de loter\u00eda<\/li>\n<li>Normativa en Florida<\/li>\n<li>Lista de casinos de apuestas deportivas en Florida<\/li>\n<li>FAQs Sorteo Casinos Florida<\/li>\n<\/ul>\n<p><img decoding=\"async\" class=\"alignnone wp-image-15496\" src=\"https:\/\/casinoreturn.com\/wp-content\/uploads\/2025\/10\/Sweepstake-Casinos-in-Florida.png\" alt=\"Casinos con Sorteo en Florida\" width=\"125\" height=\"125\" srcset=\"https:\/\/casinoreturn.com\/wp-content\/uploads\/2025\/10\/Sweepstake-Casinos-in-Florida.png 225w, https:\/\/casinoreturn.com\/wp-content\/uploads\/2025\/10\/Sweepstake-Casinos-in-Florida-150x150.png 150w\" sizes=\"(max-width: 125px) 100vw, 125px\" \/><\/p>\n\t\t\t\t\t\t\t\t<\/div>\n\t\t\t\t<\/div>\n\t\t\t\t<div class=\"elementor-element elementor-element-d15c0ae elementor-widget elementor-widget-heading\" data-id=\"d15c0ae\" data-element_type=\"widget\" data-widget_type=\"heading.default\">\n\t\t\t\t<div class=\"elementor-widget-container\">\n\t\t\t\t\t<h3 class=\"elementor-heading-title elementor-size-default\">Lista de Casinos con Sorteo en Florida<\/h3>\t\t\t\t<\/div>\n\t\t\t\t<\/div>\n\t\t\t\t<div class=\"elementor-element elementor-element-fe42027 elementor-widget elementor-widget-text-editor\" data-id=\"fe42027\" data-element_type=\"widget\" data-widget_type=\"text-editor.default\">\n\t\t\t\t<div class=\"elementor-widget-container\">\n\t\t\t\t\t\t\t\t\t<p>Los Casinos de Sorteo de Florida no son tan abundantes. No hay m\u00e1s registrados que una docena, pero algunos operadores ofrecen sus monedas de oro para sorteos dentro de algunas zonas grises. Sin ning\u00fan orden ni clasificaci\u00f3n en particular:<\/p>\n<ul>\n<li>Sr. Suerte, registrado  <\/li>\n<li>Casino High5,registrado<\/li>\n<li>Hola Millones,registrados<\/li>\n<li>Monedas de la Corona, registradas<\/li>\n<li>WOW Vegas, registrado<\/li>\n<li>Stake.us ,registrado<\/li>\n<\/ul>\n<p>Los casinos terrestres, o casinos presenciales, est\u00e1n gestionados por Tribus o empresas como tales<\/p>\n<ul>\n<li>Seminole Hard Rock Hotel &amp; Casino (Tampa y HollywoodSeminole<\/li>\n<li>Brighton Casino Seminole<\/li>\n<li>Miccosukee Resort &amp; Gaming (Miami)<\/li>\n<li>Casino Immokale<\/li>\n<li>Casino Seminole Immokale<\/li>\n<\/ul>\n<p>La legalidad de los casinos con dinero real y de los casinos online se debate en todo EEUU y Florida ha mostrado movimientos similares hacia una prohibici\u00f3n total de los sorteos en el futuro.  <\/p>\n\t\t\t\t\t\t\t\t<\/div>\n\t\t\t\t<\/div>\n\t\t\t\t<div class=\"elementor-element elementor-element-c3cd23d elementor-widget elementor-widget-heading\" data-id=\"c3cd23d\" data-element_type=\"widget\" data-widget_type=\"heading.default\">\n\t\t\t\t<div class=\"elementor-widget-container\">\n\t\t\t\t\t<h3 class=\"elementor-heading-title elementor-size-default\">Normativa en Florida<\/h3>\t\t\t\t<\/div>\n\t\t\t\t<\/div>\n\t\t\t\t<div class=\"elementor-element elementor-element-328690d elementor-widget elementor-widget-text-editor\" data-id=\"328690d\" data-element_type=\"widget\" data-widget_type=\"text-editor.default\">\n\t\t\t\t<div class=\"elementor-widget-container\">\n\t\t\t\t\t\t\t\t\t<p>Las normativas de Florida est\u00e1n recibiendo m\u00e1s presiones para prohibir o restringir el uso de los casinos de loter\u00eda.  <\/p><\/p>\n\t\t\t\t\t\t\t\t<\/div>\n\t\t\t\t<\/div>\n\t\t\t\t<\/div>\n\t\t<div class=\"elementor-element elementor-element-9509de3 e-grid e-con-full e-con e-parent\" data-id=\"9509de3\" data-element_type=\"container\" data-settings=\"{&quot;background_background&quot;:&quot;classic&quot;}\">\n\t\t\t\t<div class=\"elementor-element elementor-element-a246602 elementor-widget elementor-widget-text-editor\" data-id=\"a246602\" data-element_type=\"widget\" data-widget_type=\"text-editor.default\">\n\t\t\t\t<div class=\"elementor-widget-container\">\n\t\t\t\t\t\t\t\t\t<p><strong>Los Casinos de Dinero Real o Casinos Online que aceptan Dinero Real son ilegales en Florida  <\/strong><\/p>\n<p><strong>\u00bfPuedo jugar con dinero real en casinos f\u00edsicos?<\/strong><\/p>\n<p><strong>S\u00ed, esos casinos terrestres son legales<\/strong><\/p>\n\t\t\t\t\t\t\t\t<\/div>\n\t\t\t\t<\/div>\n\t\t\t\t<div class=\"elementor-element elementor-element-347bbf8 elementor-widget elementor-widget-image\" data-id=\"347bbf8\" data-element_type=\"widget\" data-widget_type=\"image.default\">\n\t\t\t\t<div class=\"elementor-widget-container\">\n\t\t\t\t\t\t\t\t\t\t\t\t\t\t\t<img fetchpriority=\"high\" decoding=\"async\" width=\"225\" height=\"225\" src=\"https:\/\/casinoreturn.com\/wp-content\/uploads\/2025\/10\/Sweepstake-Casinos-in-Florida.png\" class=\"attachment-large size-large wp-image-15496\" alt=\"Sweepstake Casinos in Florida\" srcset=\"https:\/\/casinoreturn.com\/wp-content\/uploads\/2025\/10\/Sweepstake-Casinos-in-Florida.png 225w, https:\/\/casinoreturn.com\/wp-content\/uploads\/2025\/10\/Sweepstake-Casinos-in-Florida-150x150.png 150w\" sizes=\"(max-width: 225px) 100vw, 225px\" \/>\t\t\t\t\t\t\t\t\t\t\t\t\t\t\t<\/div>\n\t\t\t\t<\/div>\n\t\t\t\t<div class=\"elementor-element elementor-element-eb23194 elementor-widget elementor-widget-text-editor\" data-id=\"eb23194\" data-element_type=\"widget\" data-widget_type=\"text-editor.default\">\n\t\t\t\t<div class=\"elementor-widget-container\">\n\t\t\t\t\t\t\t\t\t<p><strong>Los casinos de sorteos siguen consider\u00e1ndose legales, pero ya hay propuestas para prohibir las promociones de monedas de oro y los sorteos en general en Florida.<\/strong><\/p>\n<p>Por ejemplo, Stake.us y Chumba casino<\/p><\/p>\n\t\t\t\t\t\t\t\t<\/div>\n\t\t\t\t<\/div>\n\t\t\t\t<div class=\"elementor-element elementor-element-d7dd2e5 elementor-widget elementor-widget-text-editor\" data-id=\"d7dd2e5\" data-element_type=\"widget\" data-widget_type=\"text-editor.default\">\n\t\t\t\t<div class=\"elementor-widget-container\">\n\t\t\t\t\t\t\t\t\t<p><strong>\u00bfSon legales las apuestas deportivas en Florida?  <\/strong><\/p>\n<p><strong>Aqu\u00ed est\u00e1 el truco, es legal en Florida, PERO el \u00fanico operador legal es Hard Rock Bet ( operado por la Tribu Seminole de Florida) .  <\/strong><\/p>\n<p><strong>Hay menos de una docena de otros comercios terrestres regentados por la tribu seminola en toda Florida.  <\/strong><\/p>\n\t\t\t\t\t\t\t\t<\/div>\n\t\t\t\t<\/div>\n\t\t\t\t<div class=\"elementor-element elementor-element-e4c9e61 elementor-widget elementor-widget-image\" data-id=\"e4c9e61\" data-element_type=\"widget\" data-widget_type=\"image.default\">\n\t\t\t\t<div class=\"elementor-widget-container\">\n\t\t\t\t\t\t\t\t\t\t\t\t\t\t\t<img decoding=\"async\" width=\"906\" height=\"500\" src=\"https:\/\/casinoreturn.com\/wp-content\/uploads\/2025\/10\/Sweep-stake-casino-return.jpg\" class=\"attachment-large size-large wp-image-14813\" alt=\"Sweep stake casino return\" srcset=\"https:\/\/casinoreturn.com\/wp-content\/uploads\/2025\/10\/Sweep-stake-casino-return.jpg 906w, https:\/\/casinoreturn.com\/wp-content\/uploads\/2025\/10\/Sweep-stake-casino-return-300x166.jpg 300w, https:\/\/casinoreturn.com\/wp-content\/uploads\/2025\/10\/Sweep-stake-casino-return-768x424.jpg 768w\" sizes=\"(max-width: 906px) 100vw, 906px\" \/>\t\t\t\t\t\t\t\t\t\t\t\t\t\t\t<\/div>\n\t\t\t\t<\/div>\n\t\t\t\t<div class=\"elementor-element elementor-element-366b516 elementor-widget elementor-widget-text-editor\" data-id=\"366b516\" data-element_type=\"widget\" data-widget_type=\"text-editor.default\">\n\t\t\t\t<div class=\"elementor-widget-container\">\n\t\t\t\t\t\t\t\t\t<p><strong>Dado que Seminole tiene el monopolio de las apuestas deportivas en Florida, muchos creen que el mercado est\u00e1 demasiado restringido y algunos argumentan que est\u00e1 demasiado limitado.  <\/strong><\/p>\n<p><strong>Los tribunales han estimado hasta ahora cualquier reclamaci\u00f3n a la ley federal, y las tribus pueden gobernar el mundo de las apuestas en Florida.  <\/strong><\/p>\n\t\t\t\t\t\t\t\t<\/div>\n\t\t\t\t<\/div>\n\t\t\t\t<\/div>\n\t\t\t\t<\/div>\n\t\t","protected":false},"excerpt":{"rendered":"<p>Casinos con Sorteo en Florida Los Casinos de Sorteo en Florida se consideran actualmente concursos promocionales, m\u00e1s que juegos de azar. \u00c9sa es la buena noticia. La Comisi\u00f3n de Control del Juego de Florida a\u00fan no ha prohibido los sorteos y sus Goldcoins. Pero en 2025 se presentaron propuestas para clasificar los casinos de loter\u00eda [&hellip;]<\/p>\n","protected":false},"author":1,"featured_media":15505,"parent":0,"menu_order":0,"comment_status":"closed","ping_status":"closed","template":"","meta":{"footnotes":""},"class_list":["post-16041","page","type-page","status-publish","has-post-thumbnail","hentry"],"blocksy_meta":[],"acf":[],"yoast_head":"<!-- This site is optimized with the Yoast SEO plugin v24.1 - https:\/\/yoast.com\/wordpress\/plugins\/seo\/ -->\n<title>Casinos con Sorteo en Florida - casinoreturn<\/title>\n<meta name=\"description\" content=\"Los Casinos de Sorteo de Florida funcionan en el estado del sol como concursos promocionales, m\u00e1s que como juegos de azar puros, por lo que son legales, por ahora.\" \/>\n<meta name=\"robots\" content=\"index, follow, max-snippet:-1, max-image-preview:large, max-video-preview:-1\" \/>\n<link rel=\"canonical\" href=\"https:\/\/casinoreturn.com\/es\/casinos-con-sorteo-en-florida\/\" \/>\n<meta property=\"og:locale\" content=\"es_ES\" \/>\n<meta property=\"og:type\" content=\"article\" \/>\n<meta property=\"og:title\" content=\"Casinos con Sorteo en Florida - casinoreturn\" \/>\n<meta property=\"og:description\" content=\"Los Casinos de Sorteo de Florida funcionan en el estado del sol como concursos promocionales, m\u00e1s que como juegos de azar puros, por lo que son legales, por ahora.\" \/>\n<meta property=\"og:url\" content=\"https:\/\/casinoreturn.com\/es\/casinos-con-sorteo-en-florida\/\" \/>\n<meta property=\"og:site_name\" content=\"casinoreturn\" \/>\n<meta property=\"article:modified_time\" content=\"2025-10-31T14:30:32+00:00\" \/>\n<meta property=\"og:image\" content=\"https:\/\/casinoreturn.com\/wp-content\/uploads\/2025\/10\/Sweepstake-Casinos-in-Florida.png\" \/>\n\t<meta property=\"og:image:width\" content=\"225\" \/>\n\t<meta property=\"og:image:height\" content=\"225\" \/>\n\t<meta property=\"og:image:type\" content=\"image\/png\" \/>\n<meta name=\"twitter:card\" content=\"summary_large_image\" \/>\n<meta name=\"twitter:label1\" content=\"Tiempo de lectura\" \/>\n\t<meta name=\"twitter:data1\" content=\"2 minutos\" \/>\n<script type=\"application\/ld+json\" class=\"yoast-schema-graph\">{\"@context\":\"https:\/\/schema.org\",\"@graph\":[{\"@type\":\"WebPage\",\"@id\":\"https:\/\/casinoreturn.com\/es\/casinos-con-sorteo-en-florida\/\",\"url\":\"https:\/\/casinoreturn.com\/es\/casinos-con-sorteo-en-florida\/\",\"name\":\"Casinos con Sorteo en Florida - casinoreturn\",\"isPartOf\":{\"@id\":\"https:\/\/casinoreturn.com\/#website\"},\"primaryImageOfPage\":{\"@id\":\"https:\/\/casinoreturn.com\/es\/casinos-con-sorteo-en-florida\/#primaryimage\"},\"image\":{\"@id\":\"https:\/\/casinoreturn.com\/es\/casinos-con-sorteo-en-florida\/#primaryimage\"},\"thumbnailUrl\":\"https:\/\/casinoreturn.com\/wp-content\/uploads\/2025\/10\/Sweepstake-Casinos-in-Florida.png\",\"datePublished\":\"2025-10-17T16:07:39+00:00\",\"dateModified\":\"2025-10-31T14:30:32+00:00\",\"description\":\"Los Casinos de Sorteo de Florida funcionan en el estado del sol como concursos promocionales, m\u00e1s que como juegos de azar puros, por lo que son legales, por ahora.\",\"breadcrumb\":{\"@id\":\"https:\/\/casinoreturn.com\/es\/casinos-con-sorteo-en-florida\/#breadcrumb\"},\"inLanguage\":\"es\",\"potentialAction\":[{\"@type\":\"ReadAction\",\"target\":[\"https:\/\/casinoreturn.com\/es\/casinos-con-sorteo-en-florida\/\"]}]},{\"@type\":\"ImageObject\",\"inLanguage\":\"es\",\"@id\":\"https:\/\/casinoreturn.com\/es\/casinos-con-sorteo-en-florida\/#primaryimage\",\"url\":\"https:\/\/casinoreturn.com\/wp-content\/uploads\/2025\/10\/Sweepstake-Casinos-in-Florida.png\",\"contentUrl\":\"https:\/\/casinoreturn.com\/wp-content\/uploads\/2025\/10\/Sweepstake-Casinos-in-Florida.png\",\"width\":225,\"height\":225,\"caption\":\"Sweepstake Casinos in Florida\"},{\"@type\":\"BreadcrumbList\",\"@id\":\"https:\/\/casinoreturn.com\/es\/casinos-con-sorteo-en-florida\/#breadcrumb\",\"itemListElement\":[{\"@type\":\"ListItem\",\"position\":1,\"name\":\"Home\",\"item\":\"https:\/\/casinoreturn.com\/es\/hogar\/\"},{\"@type\":\"ListItem\",\"position\":2,\"name\":\"Casinos con Sorteo en Florida\"}]},{\"@type\":\"WebSite\",\"@id\":\"https:\/\/casinoreturn.com\/#website\",\"url\":\"https:\/\/casinoreturn.com\/\",\"name\":\"casinoreturn\",\"description\":\"\",\"publisher\":{\"@id\":\"https:\/\/casinoreturn.com\/#organization\"},\"potentialAction\":[{\"@type\":\"SearchAction\",\"target\":{\"@type\":\"EntryPoint\",\"urlTemplate\":\"https:\/\/casinoreturn.com\/?s={search_term_string}\"},\"query-input\":{\"@type\":\"PropertyValueSpecification\",\"valueRequired\":true,\"valueName\":\"search_term_string\"}}],\"inLanguage\":\"es\"},{\"@type\":\"Organization\",\"@id\":\"https:\/\/casinoreturn.com\/#organization\",\"name\":\"casinoreturn\",\"url\":\"https:\/\/casinoreturn.com\/\",\"logo\":{\"@type\":\"ImageObject\",\"inLanguage\":\"es\",\"@id\":\"https:\/\/casinoreturn.com\/#\/schema\/logo\/image\/\",\"url\":\"https:\/\/casinoreturn.com\/wp-content\/uploads\/2024\/09\/animal-favicon.png\",\"contentUrl\":\"https:\/\/casinoreturn.com\/wp-content\/uploads\/2024\/09\/animal-favicon.png\",\"width\":92,\"height\":92,\"caption\":\"casinoreturn\"},\"image\":{\"@id\":\"https:\/\/casinoreturn.com\/#\/schema\/logo\/image\/\"}}]}<\/script>\n<!-- \/ Yoast SEO plugin. -->","yoast_head_json":{"title":"Casinos con Sorteo en Florida - casinoreturn","description":"Los Casinos de Sorteo de Florida funcionan en el estado del sol como concursos promocionales, m\u00e1s que como juegos de azar puros, por lo que son legales, por ahora.","robots":{"index":"index","follow":"follow","max-snippet":"max-snippet:-1","max-image-preview":"max-image-preview:large","max-video-preview":"max-video-preview:-1"},"canonical":"https:\/\/casinoreturn.com\/es\/casinos-con-sorteo-en-florida\/","og_locale":"es_ES","og_type":"article","og_title":"Casinos con Sorteo en Florida - casinoreturn","og_description":"Los Casinos de Sorteo de Florida funcionan en el estado del sol como concursos promocionales, m\u00e1s que como juegos de azar puros, por lo que son legales, por ahora.","og_url":"https:\/\/casinoreturn.com\/es\/casinos-con-sorteo-en-florida\/","og_site_name":"casinoreturn","article_modified_time":"2025-10-31T14:30:32+00:00","og_image":[{"width":225,"height":225,"url":"https:\/\/casinoreturn.com\/wp-content\/uploads\/2025\/10\/Sweepstake-Casinos-in-Florida.png","type":"image\/png"}],"twitter_card":"summary_large_image","twitter_misc":{"Tiempo de lectura":"2 minutos"},"schema":{"@context":"https:\/\/schema.org","@graph":[{"@type":"WebPage","@id":"https:\/\/casinoreturn.com\/es\/casinos-con-sorteo-en-florida\/","url":"https:\/\/casinoreturn.com\/es\/casinos-con-sorteo-en-florida\/","name":"Casinos con Sorteo en Florida - casinoreturn","isPartOf":{"@id":"https:\/\/casinoreturn.com\/#website"},"primaryImageOfPage":{"@id":"https:\/\/casinoreturn.com\/es\/casinos-con-sorteo-en-florida\/#primaryimage"},"image":{"@id":"https:\/\/casinoreturn.com\/es\/casinos-con-sorteo-en-florida\/#primaryimage"},"thumbnailUrl":"https:\/\/casinoreturn.com\/wp-content\/uploads\/2025\/10\/Sweepstake-Casinos-in-Florida.png","datePublished":"2025-10-17T16:07:39+00:00","dateModified":"2025-10-31T14:30:32+00:00","description":"Los Casinos de Sorteo de Florida funcionan en el estado del sol como concursos promocionales, m\u00e1s que como juegos de azar puros, por lo que son legales, por ahora.","breadcrumb":{"@id":"https:\/\/casinoreturn.com\/es\/casinos-con-sorteo-en-florida\/#breadcrumb"},"inLanguage":"es","potentialAction":[{"@type":"ReadAction","target":["https:\/\/casinoreturn.com\/es\/casinos-con-sorteo-en-florida\/"]}]},{"@type":"ImageObject","inLanguage":"es","@id":"https:\/\/casinoreturn.com\/es\/casinos-con-sorteo-en-florida\/#primaryimage","url":"https:\/\/casinoreturn.com\/wp-content\/uploads\/2025\/10\/Sweepstake-Casinos-in-Florida.png","contentUrl":"https:\/\/casinoreturn.com\/wp-content\/uploads\/2025\/10\/Sweepstake-Casinos-in-Florida.png","width":225,"height":225,"caption":"Sweepstake Casinos in Florida"},{"@type":"BreadcrumbList","@id":"https:\/\/casinoreturn.com\/es\/casinos-con-sorteo-en-florida\/#breadcrumb","itemListElement":[{"@type":"ListItem","position":1,"name":"Home","item":"https:\/\/casinoreturn.com\/es\/hogar\/"},{"@type":"ListItem","position":2,"name":"Casinos con Sorteo en Florida"}]},{"@type":"WebSite","@id":"https:\/\/casinoreturn.com\/#website","url":"https:\/\/casinoreturn.com\/","name":"casinoreturn","description":"","publisher":{"@id":"https:\/\/casinoreturn.com\/#organization"},"potentialAction":[{"@type":"SearchAction","target":{"@type":"EntryPoint","urlTemplate":"https:\/\/casinoreturn.com\/?s={search_term_string}"},"query-input":{"@type":"PropertyValueSpecification","valueRequired":true,"valueName":"search_term_string"}}],"inLanguage":"es"},{"@type":"Organization","@id":"https:\/\/casinoreturn.com\/#organization","name":"casinoreturn","url":"https:\/\/casinoreturn.com\/","logo":{"@type":"ImageObject","inLanguage":"es","@id":"https:\/\/casinoreturn.com\/#\/schema\/logo\/image\/","url":"https:\/\/casinoreturn.com\/wp-content\/uploads\/2024\/09\/animal-favicon.png","contentUrl":"https:\/\/casinoreturn.com\/wp-content\/uploads\/2024\/09\/animal-favicon.png","width":92,"height":92,"caption":"casinoreturn"},"image":{"@id":"https:\/\/casinoreturn.com\/#\/schema\/logo\/image\/"}}]}},"_links":{"self":[{"href":"https:\/\/casinoreturn.com\/es\/wp-json\/wp\/v2\/pages\/16041","targetHints":{"allow":["GET"]}}],"collection":[{"href":"https:\/\/casinoreturn.com\/es\/wp-json\/wp\/v2\/pages"}],"about":[{"href":"https:\/\/casinoreturn.com\/es\/wp-json\/wp\/v2\/types\/page"}],"author":[{"embeddable":true,"href":"https:\/\/casinoreturn.com\/es\/wp-json\/wp\/v2\/users\/1"}],"replies":[{"embeddable":true,"href":"https:\/\/casinoreturn.com\/es\/wp-json\/wp\/v2\/comments?post=16041"}],"version-history":[{"count":1,"href":"https:\/\/casinoreturn.com\/es\/wp-json\/wp\/v2\/pages\/16041\/revisions"}],"predecessor-version":[{"id":16042,"href":"https:\/\/casinoreturn.com\/es\/wp-json\/wp\/v2\/pages\/16041\/revisions\/16042"}],"wp:featuredmedia":[{"embeddable":true,"href":"https:\/\/casinoreturn.com\/es\/wp-json\/wp\/v2\/media\/15505"}],"wp:attachment":[{"href":"https:\/\/casinoreturn.com\/es\/wp-json\/wp\/v2\/media?parent=16041"}],"curies":[{"name":"wp","href":"https:\/\/api.w.org\/{rel}","templated":true}]}}