{"id":16077,"date":"2025-10-15T10:15:30","date_gmt":"2025-10-15T10:15:30","guid":{"rendered":"https:\/\/casinoreturn.com\/casinos-de-loteria-de-pensilvania\/"},"modified":"2025-10-31T14:42:20","modified_gmt":"2025-10-31T14:42:20","slug":"casinos-de-loteria-de-pensilvania","status":"publish","type":"page","link":"https:\/\/casinoreturn.com\/es\/casinos-de-loteria-de-pensilvania\/","title":{"rendered":"Casinos de Loter\u00eda de Pensilvania"},"content":{"rendered":"\t\t<div data-elementor-type=\"wp-page\" data-elementor-id=\"16077\" class=\"elementor elementor-16077\" data-elementor-post-type=\"page\">\n\t\t\t\t<div class=\"elementor-element elementor-element-feed78d e-con-full e-flex e-con e-parent\" data-id=\"feed78d\" data-element_type=\"container\">\n\t\t\t\t<div class=\"elementor-element elementor-element-61285ac elementor-widget elementor-widget-heading\" data-id=\"61285ac\" data-element_type=\"widget\" data-widget_type=\"heading.default\">\n\t\t\t\t<div class=\"elementor-widget-container\">\n\t\t\t\t\t<h3 class=\"elementor-heading-title elementor-size-default\">Casinos de Loter\u00eda de Pensilvania<\/h3>\t\t\t\t<\/div>\n\t\t\t\t<\/div>\n\t\t\t\t<div class=\"elementor-element elementor-element-d2600d4 elementor-widget elementor-widget-text-editor\" data-id=\"d2600d4\" data-element_type=\"widget\" data-widget_type=\"text-editor.default\">\n\t\t\t\t<div class=\"elementor-widget-container\">\n\t\t\t\t\t\t\t\t\t<p>Los casinos de sorteos de Pensilvania est\u00e1n en el limbo despu\u00e9s de que la PGCB, Junta de Control del Juego de Pensilvania, emitiera un aviso a 18 operadores de sorteos activos.  <\/p>\n<p><img decoding=\"async\" class=\"alignnone size-medium wp-image-14813\" src=\"https:\/\/casinoreturn.com\/wp-content\/uploads\/2025\/10\/Sweep-stake-casino-return-300x166.jpg\" alt=\"Devoluci\u00f3n de la apuesta de barrido del casino\" width=\"300\" height=\"166\" srcset=\"https:\/\/casinoreturn.com\/wp-content\/uploads\/2025\/10\/Sweep-stake-casino-return-300x166.jpg 300w, https:\/\/casinoreturn.com\/wp-content\/uploads\/2025\/10\/Sweep-stake-casino-return-768x424.jpg 768w, https:\/\/casinoreturn.com\/wp-content\/uploads\/2025\/10\/Sweep-stake-casino-return.jpg 906w\" sizes=\"(max-width: 300px) 100vw, 300px\" \/><\/p>\n<p>En abril de 2025, se envi\u00f3 a los implicados una carta de cese de sus operaciones en Pensilvania. Muchos operadores ya han puesto fin a su oferta a los residentes y han cesado su actividad. Los portavoces de la PGCB consideran que los casinos de sorteo son ilegales y han adoptado una postura m\u00e1s firme para hacer cumplir el anuncio.  <\/p>\n<p><strong>En este art\u00edculo  <\/strong><\/p>\n<ul>\n<li><a href=\"https:\/\/casinoreturn.com\/es\/casinos-de-loteria-de-pensilvania\/#legal\">\u00bfSon legales las apuestas deportivas en Pensilvania?<\/a><\/li>\n<li>Operadores m\u00f3viles minoristas que ofrecen apuestas deportivas en AP<\/li>\n<li><a href=\"https:\/\/casinoreturn.com\/pennsylvania-sweepstake#list\">Lista de casinos en Pensilvania  <\/a><\/li>\n<li><a href=\"https:\/\/casinoreturn.com\/pennsylvania-sweepstake#real\">\u00bfPuedo jugar con dinero real en Pensilvania?<\/a><\/li>\n<li><a href=\"https:\/\/casinoreturn.com\/pennsylvania-sweepstake#faq\">Preguntas frecuentes Casinos con sorteo en Pensilvania  <\/a><\/li>\n<\/ul>\n<p><img decoding=\"async\" class=\"alignnone wp-image-15387\" src=\"https:\/\/casinoreturn.com\/wp-content\/uploads\/2025\/10\/Pennsylvania-Sweepstake-Casinos-300x215.jpg\" alt=\"Casinos de Loter\u00eda de Pensilvania\" width=\"250\" height=\"179\" srcset=\"https:\/\/casinoreturn.com\/wp-content\/uploads\/2025\/10\/Pennsylvania-Sweepstake-Casinos-300x215.jpg 300w, https:\/\/casinoreturn.com\/wp-content\/uploads\/2025\/10\/Pennsylvania-Sweepstake-Casinos-768x549.jpg 768w, https:\/\/casinoreturn.com\/wp-content\/uploads\/2025\/10\/Pennsylvania-Sweepstake-Casinos.jpg 800w\" sizes=\"(max-width: 250px) 100vw, 250px\" \/><\/p>\n\t\t\t\t\t\t\t\t<\/div>\n\t\t\t\t<\/div>\n\t\t\t\t<div class=\"elementor-element elementor-element-3291067 elementor-widget elementor-widget-heading\" data-id=\"3291067\" data-element_type=\"widget\" id=\"legal\" data-widget_type=\"heading.default\">\n\t\t\t\t<div class=\"elementor-widget-container\">\n\t\t\t\t\t<h3 class=\"elementor-heading-title elementor-size-default\">\u00bfSon legales las apuestas deportivas en Pensilvania?  <\/h3>\t\t\t\t<\/div>\n\t\t\t\t<\/div>\n\t\t\t\t<div class=\"elementor-element elementor-element-5ef6b05 elementor-widget elementor-widget-text-editor\" data-id=\"5ef6b05\" data-element_type=\"widget\" data-widget_type=\"text-editor.default\">\n\t\t\t\t<div class=\"elementor-widget-container\">\n\t\t\t\t\t\t\t\t\t<p>Las apuestas deportivas en Pensilvania son legales y est\u00e1n reguladas por la PGCB, Junta de Control del Juego de Pensilvania, desde 2017, en virtud de la Ley 271 de la C\u00e1mara de Representantes. Para solicitar una licencia para dirigir operaciones de apuestas deportivas minoristas y m\u00f3viles, una marca tiene que solicitar un certificado de apuestas deportivas a la propia PGCB, y pagar una cuantiosa tasa de licencia de 10 millones de USD. Los impuestos son un 36% bastante elevados, raz\u00f3n principal por la que s\u00f3lo una docena de marcas tienen la licencia.  <\/p>\n<p>Pero hay restricciones. Pensilvania NO permite las apuestas en los institutos, al igual que otros estados de EEUU, por cierto. Lo mismo se aplica a los acontecimientos deportivos universitarios en territorio nacional.  <\/p>\n<p>Una restricci\u00f3n destaca sobre las dem\u00e1s, que es apostar por la pol\u00edtica. Esto es imposible en Pensilvania.  <\/p>\n<p>Las Apuestas eSport por ahora tambi\u00e9n est\u00e1n excluidas bajo la ley y la autoridad de la PGCB.  <\/p>\n<h4>Operadores m\u00f3viles minoristas que ofrecen apuestas deportivas en PA<\/h4>\n<ul>\n<li>FanDuel, con licencia desde 2021, Marca de apuestas deportivas de confianza y buena reputaci\u00f3n<\/li>\n<li>DraftKings, con licencia desde 2020, operador estadounidense con muchos seguidores<\/li>\n<li>BetMGM, con licencia desde 2020, entre los 5 mayores jugadores de EE.UU.<\/li>\n<li>bet365, con licencia desde 2025, la respuesta europea a Fanduel y Co<\/li>\n<li>Pala Interactive, con licencia desde 2022, operador de tama\u00f1o medio en PA<\/li>\n<li>UniBet, aprobado para casino y apuestas deportivas<\/li>\n<li>SBTech Malta Ltd, plataforma para Marcas que ofrecen Apuestas Deportivas  <\/li>\n<li>American Wagering, pendiente de aprobaci\u00f3n<\/li>\n<\/ul>\n\t\t\t\t\t\t\t\t<\/div>\n\t\t\t\t<\/div>\n\t\t\t\t<div class=\"elementor-element elementor-element-35f12d6 elementor-widget elementor-widget-heading\" data-id=\"35f12d6\" data-element_type=\"widget\" id=\"list\" data-widget_type=\"heading.default\">\n\t\t\t\t<div class=\"elementor-widget-container\">\n\t\t\t\t\t<h3 class=\"elementor-heading-title elementor-size-default\">Lista de casinos en Pensilvania<\/h3>\t\t\t\t<\/div>\n\t\t\t\t<\/div>\n\t\t\t\t<div class=\"elementor-element elementor-element-7dcb10b elementor-view-default elementor-widget elementor-widget-icon\" data-id=\"7dcb10b\" data-element_type=\"widget\" data-widget_type=\"icon.default\">\n\t\t\t\t<div class=\"elementor-widget-container\">\n\t\t\t\t\t\t\t<div class=\"elementor-icon-wrapper\">\n\t\t\t<div class=\"elementor-icon\">\n\t\t\t<i aria-hidden=\"true\" class=\"fas fa-star\"><\/i>\t\t\t<\/div>\n\t\t<\/div>\n\t\t\t\t\t\t<\/div>\n\t\t\t\t<\/div>\n\t\t\t\t<div class=\"elementor-element elementor-element-eb36c18 elementor-widget elementor-widget-text-editor\" data-id=\"eb36c18\" data-element_type=\"widget\" data-widget_type=\"text-editor.default\">\n\t\t\t\t<div class=\"elementor-widget-container\">\n\t\t\t\t\t\t\t\t\t<h4>Bet365 Apuestas deportivas  <\/h4>\n<ul>\n<li>Bono de bienvenida del 100% hasta 1000 USD + 500 tiradas<\/li>\n<li>Dep\u00f3sito m\u00ednimo 10 USD  <\/li>\n<li>Apuesta baja de s\u00f3lo 25 veces<\/li>\n<li>Una de las mejores aplicaciones de apuestas deportivas disponibles<\/li>\n<li> <\/li>\n<\/ul>\n\t\t\t\t\t\t\t\t<\/div>\n\t\t\t\t<\/div>\n\t\t\t\t<div class=\"elementor-element elementor-element-da802c6 elementor-align-center elementor-widget elementor-widget-button\" data-id=\"da802c6\" data-element_type=\"widget\" data-widget_type=\"button.default\">\n\t\t\t\t<div class=\"elementor-widget-container\">\n\t\t\t\t\t\t\t\t\t<div class=\"elementor-button-wrapper\">\n\t\t\t\t\t<a class=\"elementor-button elementor-button-link elementor-size-sm\" href=\"#\">\n\t\t\t\t\t\t<span class=\"elementor-button-content-wrapper\">\n\t\t\t\t\t\t\t\t\t<span class=\"elementor-button-text\">Reclama aqu\u00ed para Bet365  <\/span>\n\t\t\t\t\t<\/span>\n\t\t\t\t\t<\/a>\n\t\t\t\t<\/div>\n\t\t\t\t\t\t\t\t<\/div>\n\t\t\t\t<\/div>\n\t\t\t\t<div class=\"elementor-element elementor-element-ff1e285 elementor-widget elementor-widget-heading\" data-id=\"ff1e285\" data-element_type=\"widget\" id=\"real\" data-widget_type=\"heading.default\">\n\t\t\t\t<div class=\"elementor-widget-container\">\n\t\t\t\t\t<h3 class=\"elementor-heading-title elementor-size-default\">\u00bfPuedo jugar con dinero real en Pensilvania?<\/h3>\t\t\t\t<\/div>\n\t\t\t\t<\/div>\n\t\t\t\t<div class=\"elementor-element elementor-element-f23df3a elementor-widget elementor-widget-text-editor\" data-id=\"f23df3a\" data-element_type=\"widget\" data-widget_type=\"text-editor.default\">\n\t\t\t\t<div class=\"elementor-widget-container\">\n\t\t\t\t\t\t\t\t\t<p>S\u00ed, los residentes en Pensilvania pueden jugar con dinero real en los casinos. Edad m\u00ednima 21+. Hemos recopilado una lista de los casinos terrestres actuales en Pensilvania.  <\/p>\n<p><strong>Casinos terrestres en PA, EE.UU.<\/strong><\/p>\n<ul>\n<li>Casino e hip\u00f3dromo Harrahs PA, Chester<\/li>\n<li>Rivers Casino PA,  <\/li>\n<li>Casino y carreras Parx, Bensalem<\/li>\n<li>\u00a1En directo! Hotel y Casino, PA<\/li>\n<li>Valley Forge Resort, Rey de Prusia<\/li>\n<li>Hollywood Casino en el hip\u00f3dromo Penn National, Grantville<\/li>\n<li>Mohegan Sun Pocono, Wilkes-Barre<\/li>\n<li>Casino Lady Luck, Farmington<\/li>\n<\/ul>\n\t\t\t\t\t\t\t\t<\/div>\n\t\t\t\t<\/div>\n\t\t\t\t<div class=\"elementor-element elementor-element-f9f4919 elementor-widget elementor-widget-heading\" data-id=\"f9f4919\" data-element_type=\"widget\" id=\"faq\" data-widget_type=\"heading.default\">\n\t\t\t\t<div class=\"elementor-widget-container\">\n\t\t\t\t\t<h3 class=\"elementor-heading-title elementor-size-default\">Preguntas frecuentes Casinos con sorteo en Pensilvania<\/h3>\t\t\t\t<\/div>\n\t\t\t\t<\/div>\n\t\t\t\t<div class=\"elementor-element elementor-element-3f14f5d elementor-widget elementor-widget-elementskit-faq\" data-id=\"3f14f5d\" data-element_type=\"widget\" data-widget_type=\"elementskit-faq.default\">\n\t\t\t\t<div class=\"elementor-widget-container\">\n\t\t\t\t\t<div class=\"ekit-wid-con\" >\n                <div class=\"elementskit-single-faq elementor-repeater-item-f98fd40\">\n            <div class=\"elementskit-faq-header\">\n                <h2 class=\"elementskit-faq-title\">Are Social Casinos legal in PA?<\/h2>\n            <\/div>\n            <div class=\"elementskit-faq-body\">\n                Social casinos offering sweepstakes promotions were prohibited in April 2025 by the PGCB. Those operators were deemed illegal and therefore faced a shutdown. 18 known brands received a letter of cease-and-desist from the board            <\/div>\n        <\/div>\n                <div class=\"elementskit-single-faq elementor-repeater-item-dde268b\">\n            <div class=\"elementskit-faq-header\">\n                <h2 class=\"elementskit-faq-title\">Which legal casinos can I visit in PA?<\/h2>\n            <\/div>\n            <div class=\"elementskit-faq-body\">\n                Player of the age of 21+ are allowed to visit land-based casinos. The PCGB also issues licences to Online Casinos, Mobile Sports Betting operators, Online Poker, and Fantasy sports.            <\/div>\n        <\/div>\n                <div class=\"elementskit-single-faq elementor-repeater-item-525abea\">\n            <div class=\"elementskit-faq-header\">\n                <h2 class=\"elementskit-faq-title\">Can I bet on Colleague Football in PA?<\/h2>\n            <\/div>\n            <div class=\"elementskit-faq-body\">\n                The answer is NO, you can't. \n\nBetting on High school events are illegal \nBetting on Colleague events are illegal\nBetting on Politics are illegal\neSports Betting is illegal             <\/div>\n        <\/div>\n                \n    <\/div>\t\t\t\t<\/div>\n\t\t\t\t<\/div>\n\t\t\t\t<\/div>\n\t\t\t\t<\/div>\n\t\t","protected":false},"excerpt":{"rendered":"<p>Casinos de Loter\u00eda de Pensilvania Los casinos de sorteos de Pensilvania est\u00e1n en el limbo despu\u00e9s de que la PGCB, Junta de Control del Juego de Pensilvania, emitiera un aviso a 18 operadores de sorteos activos. En abril de 2025, se envi\u00f3 a los implicados una carta de cese de sus operaciones en Pensilvania. Muchos [&hellip;]<\/p>\n","protected":false},"author":1,"featured_media":15396,"parent":0,"menu_order":0,"comment_status":"closed","ping_status":"closed","template":"","meta":{"footnotes":""},"class_list":["post-16077","page","type-page","status-publish","has-post-thumbnail","hentry"],"blocksy_meta":[],"acf":[],"yoast_head":"<!-- This site is optimized with the Yoast SEO plugin v24.1 - https:\/\/yoast.com\/wordpress\/plugins\/seo\/ -->\n<title>Casinos de Loter\u00eda de Pensilvania - casinoreturn<\/title>\n<meta name=\"description\" content=\"Los Casinos de Loter\u00eda de Pensilvania bajo la lupa de la Junta de Control del Juego. Se avis\u00f3 a 18 operadores de sorteos para que retiraran su marca.\" \/>\n<meta name=\"robots\" content=\"index, follow, max-snippet:-1, max-image-preview:large, max-video-preview:-1\" \/>\n<link rel=\"canonical\" href=\"https:\/\/casinoreturn.com\/es\/casinos-de-loteria-de-pensilvania\/\" \/>\n<meta property=\"og:locale\" content=\"es_ES\" \/>\n<meta property=\"og:type\" content=\"article\" \/>\n<meta property=\"og:title\" content=\"Casinos de Loter\u00eda de Pensilvania - casinoreturn\" \/>\n<meta property=\"og:description\" content=\"Los Casinos de Loter\u00eda de Pensilvania bajo la lupa de la Junta de Control del Juego. Se avis\u00f3 a 18 operadores de sorteos para que retiraran su marca.\" \/>\n<meta property=\"og:url\" content=\"https:\/\/casinoreturn.com\/es\/casinos-de-loteria-de-pensilvania\/\" \/>\n<meta property=\"og:site_name\" content=\"casinoreturn\" \/>\n<meta property=\"article:modified_time\" content=\"2025-10-31T14:42:20+00:00\" \/>\n<meta property=\"og:image\" content=\"https:\/\/casinoreturn.com\/wp-content\/uploads\/2025\/10\/Pennsylvania-Sweepstake-Casinos.jpg\" \/>\n\t<meta property=\"og:image:width\" content=\"800\" \/>\n\t<meta property=\"og:image:height\" content=\"572\" \/>\n\t<meta property=\"og:image:type\" content=\"image\/jpeg\" \/>\n<meta name=\"twitter:card\" content=\"summary_large_image\" \/>\n<meta name=\"twitter:label1\" content=\"Tiempo de lectura\" \/>\n\t<meta name=\"twitter:data1\" content=\"3 minutos\" \/>\n<script type=\"application\/ld+json\" class=\"yoast-schema-graph\">{\"@context\":\"https:\/\/schema.org\",\"@graph\":[{\"@type\":\"WebPage\",\"@id\":\"https:\/\/casinoreturn.com\/es\/casinos-de-loteria-de-pensilvania\/\",\"url\":\"https:\/\/casinoreturn.com\/es\/casinos-de-loteria-de-pensilvania\/\",\"name\":\"Casinos de Loter\u00eda de Pensilvania - casinoreturn\",\"isPartOf\":{\"@id\":\"https:\/\/casinoreturn.com\/#website\"},\"primaryImageOfPage\":{\"@id\":\"https:\/\/casinoreturn.com\/es\/casinos-de-loteria-de-pensilvania\/#primaryimage\"},\"image\":{\"@id\":\"https:\/\/casinoreturn.com\/es\/casinos-de-loteria-de-pensilvania\/#primaryimage\"},\"thumbnailUrl\":\"https:\/\/casinoreturn.com\/wp-content\/uploads\/2025\/10\/Pennsylvania-Sweepstake-Casinos.jpg\",\"datePublished\":\"2025-10-15T10:15:30+00:00\",\"dateModified\":\"2025-10-31T14:42:20+00:00\",\"description\":\"Los Casinos de Loter\u00eda de Pensilvania bajo la lupa de la Junta de Control del Juego. Se avis\u00f3 a 18 operadores de sorteos para que retiraran su marca.\",\"breadcrumb\":{\"@id\":\"https:\/\/casinoreturn.com\/es\/casinos-de-loteria-de-pensilvania\/#breadcrumb\"},\"inLanguage\":\"es\",\"potentialAction\":[{\"@type\":\"ReadAction\",\"target\":[\"https:\/\/casinoreturn.com\/es\/casinos-de-loteria-de-pensilvania\/\"]}]},{\"@type\":\"ImageObject\",\"inLanguage\":\"es\",\"@id\":\"https:\/\/casinoreturn.com\/es\/casinos-de-loteria-de-pensilvania\/#primaryimage\",\"url\":\"https:\/\/casinoreturn.com\/wp-content\/uploads\/2025\/10\/Pennsylvania-Sweepstake-Casinos.jpg\",\"contentUrl\":\"https:\/\/casinoreturn.com\/wp-content\/uploads\/2025\/10\/Pennsylvania-Sweepstake-Casinos.jpg\",\"width\":800,\"height\":572,\"caption\":\"Pennsylvania Sweepstake Casinos\"},{\"@type\":\"BreadcrumbList\",\"@id\":\"https:\/\/casinoreturn.com\/es\/casinos-de-loteria-de-pensilvania\/#breadcrumb\",\"itemListElement\":[{\"@type\":\"ListItem\",\"position\":1,\"name\":\"Home\",\"item\":\"https:\/\/casinoreturn.com\/es\/hogar\/\"},{\"@type\":\"ListItem\",\"position\":2,\"name\":\"Casinos de Loter\u00eda de Pensilvania\"}]},{\"@type\":\"WebSite\",\"@id\":\"https:\/\/casinoreturn.com\/#website\",\"url\":\"https:\/\/casinoreturn.com\/\",\"name\":\"casinoreturn\",\"description\":\"\",\"publisher\":{\"@id\":\"https:\/\/casinoreturn.com\/#organization\"},\"potentialAction\":[{\"@type\":\"SearchAction\",\"target\":{\"@type\":\"EntryPoint\",\"urlTemplate\":\"https:\/\/casinoreturn.com\/?s={search_term_string}\"},\"query-input\":{\"@type\":\"PropertyValueSpecification\",\"valueRequired\":true,\"valueName\":\"search_term_string\"}}],\"inLanguage\":\"es\"},{\"@type\":\"Organization\",\"@id\":\"https:\/\/casinoreturn.com\/#organization\",\"name\":\"casinoreturn\",\"url\":\"https:\/\/casinoreturn.com\/\",\"logo\":{\"@type\":\"ImageObject\",\"inLanguage\":\"es\",\"@id\":\"https:\/\/casinoreturn.com\/#\/schema\/logo\/image\/\",\"url\":\"https:\/\/casinoreturn.com\/wp-content\/uploads\/2024\/09\/animal-favicon.png\",\"contentUrl\":\"https:\/\/casinoreturn.com\/wp-content\/uploads\/2024\/09\/animal-favicon.png\",\"width\":92,\"height\":92,\"caption\":\"casinoreturn\"},\"image\":{\"@id\":\"https:\/\/casinoreturn.com\/#\/schema\/logo\/image\/\"}}]}<\/script>\n<!-- \/ Yoast SEO plugin. -->","yoast_head_json":{"title":"Casinos de Loter\u00eda de Pensilvania - casinoreturn","description":"Los Casinos de Loter\u00eda de Pensilvania bajo la lupa de la Junta de Control del Juego. Se avis\u00f3 a 18 operadores de sorteos para que retiraran su marca.","robots":{"index":"index","follow":"follow","max-snippet":"max-snippet:-1","max-image-preview":"max-image-preview:large","max-video-preview":"max-video-preview:-1"},"canonical":"https:\/\/casinoreturn.com\/es\/casinos-de-loteria-de-pensilvania\/","og_locale":"es_ES","og_type":"article","og_title":"Casinos de Loter\u00eda de Pensilvania - casinoreturn","og_description":"Los Casinos de Loter\u00eda de Pensilvania bajo la lupa de la Junta de Control del Juego. Se avis\u00f3 a 18 operadores de sorteos para que retiraran su marca.","og_url":"https:\/\/casinoreturn.com\/es\/casinos-de-loteria-de-pensilvania\/","og_site_name":"casinoreturn","article_modified_time":"2025-10-31T14:42:20+00:00","og_image":[{"width":800,"height":572,"url":"https:\/\/casinoreturn.com\/wp-content\/uploads\/2025\/10\/Pennsylvania-Sweepstake-Casinos.jpg","type":"image\/jpeg"}],"twitter_card":"summary_large_image","twitter_misc":{"Tiempo de lectura":"3 minutos"},"schema":{"@context":"https:\/\/schema.org","@graph":[{"@type":"WebPage","@id":"https:\/\/casinoreturn.com\/es\/casinos-de-loteria-de-pensilvania\/","url":"https:\/\/casinoreturn.com\/es\/casinos-de-loteria-de-pensilvania\/","name":"Casinos de Loter\u00eda de Pensilvania - casinoreturn","isPartOf":{"@id":"https:\/\/casinoreturn.com\/#website"},"primaryImageOfPage":{"@id":"https:\/\/casinoreturn.com\/es\/casinos-de-loteria-de-pensilvania\/#primaryimage"},"image":{"@id":"https:\/\/casinoreturn.com\/es\/casinos-de-loteria-de-pensilvania\/#primaryimage"},"thumbnailUrl":"https:\/\/casinoreturn.com\/wp-content\/uploads\/2025\/10\/Pennsylvania-Sweepstake-Casinos.jpg","datePublished":"2025-10-15T10:15:30+00:00","dateModified":"2025-10-31T14:42:20+00:00","description":"Los Casinos de Loter\u00eda de Pensilvania bajo la lupa de la Junta de Control del Juego. Se avis\u00f3 a 18 operadores de sorteos para que retiraran su marca.","breadcrumb":{"@id":"https:\/\/casinoreturn.com\/es\/casinos-de-loteria-de-pensilvania\/#breadcrumb"},"inLanguage":"es","potentialAction":[{"@type":"ReadAction","target":["https:\/\/casinoreturn.com\/es\/casinos-de-loteria-de-pensilvania\/"]}]},{"@type":"ImageObject","inLanguage":"es","@id":"https:\/\/casinoreturn.com\/es\/casinos-de-loteria-de-pensilvania\/#primaryimage","url":"https:\/\/casinoreturn.com\/wp-content\/uploads\/2025\/10\/Pennsylvania-Sweepstake-Casinos.jpg","contentUrl":"https:\/\/casinoreturn.com\/wp-content\/uploads\/2025\/10\/Pennsylvania-Sweepstake-Casinos.jpg","width":800,"height":572,"caption":"Pennsylvania Sweepstake Casinos"},{"@type":"BreadcrumbList","@id":"https:\/\/casinoreturn.com\/es\/casinos-de-loteria-de-pensilvania\/#breadcrumb","itemListElement":[{"@type":"ListItem","position":1,"name":"Home","item":"https:\/\/casinoreturn.com\/es\/hogar\/"},{"@type":"ListItem","position":2,"name":"Casinos de Loter\u00eda de Pensilvania"}]},{"@type":"WebSite","@id":"https:\/\/casinoreturn.com\/#website","url":"https:\/\/casinoreturn.com\/","name":"casinoreturn","description":"","publisher":{"@id":"https:\/\/casinoreturn.com\/#organization"},"potentialAction":[{"@type":"SearchAction","target":{"@type":"EntryPoint","urlTemplate":"https:\/\/casinoreturn.com\/?s={search_term_string}"},"query-input":{"@type":"PropertyValueSpecification","valueRequired":true,"valueName":"search_term_string"}}],"inLanguage":"es"},{"@type":"Organization","@id":"https:\/\/casinoreturn.com\/#organization","name":"casinoreturn","url":"https:\/\/casinoreturn.com\/","logo":{"@type":"ImageObject","inLanguage":"es","@id":"https:\/\/casinoreturn.com\/#\/schema\/logo\/image\/","url":"https:\/\/casinoreturn.com\/wp-content\/uploads\/2024\/09\/animal-favicon.png","contentUrl":"https:\/\/casinoreturn.com\/wp-content\/uploads\/2024\/09\/animal-favicon.png","width":92,"height":92,"caption":"casinoreturn"},"image":{"@id":"https:\/\/casinoreturn.com\/#\/schema\/logo\/image\/"}}]}},"_links":{"self":[{"href":"https:\/\/casinoreturn.com\/es\/wp-json\/wp\/v2\/pages\/16077","targetHints":{"allow":["GET"]}}],"collection":[{"href":"https:\/\/casinoreturn.com\/es\/wp-json\/wp\/v2\/pages"}],"about":[{"href":"https:\/\/casinoreturn.com\/es\/wp-json\/wp\/v2\/types\/page"}],"author":[{"embeddable":true,"href":"https:\/\/casinoreturn.com\/es\/wp-json\/wp\/v2\/users\/1"}],"replies":[{"embeddable":true,"href":"https:\/\/casinoreturn.com\/es\/wp-json\/wp\/v2\/comments?post=16077"}],"version-history":[{"count":1,"href":"https:\/\/casinoreturn.com\/es\/wp-json\/wp\/v2\/pages\/16077\/revisions"}],"predecessor-version":[{"id":16078,"href":"https:\/\/casinoreturn.com\/es\/wp-json\/wp\/v2\/pages\/16077\/revisions\/16078"}],"wp:featuredmedia":[{"embeddable":true,"href":"https:\/\/casinoreturn.com\/es\/wp-json\/wp\/v2\/media\/15396"}],"wp:attachment":[{"href":"https:\/\/casinoreturn.com\/es\/wp-json\/wp\/v2\/media?parent=16077"}],"curies":[{"name":"wp","href":"https:\/\/api.w.org\/{rel}","templated":true}]}}