{"id":16228,"date":"2025-11-04T22:06:23","date_gmt":"2025-11-04T22:06:23","guid":{"rendered":"https:\/\/casinoreturn.com\/sorteo-de-virginia-occidental-casino-en-linea\/"},"modified":"2025-11-04T22:55:23","modified_gmt":"2025-11-04T22:55:23","slug":"sorteo-de-virginia-occidental-casino-en-linea","status":"publish","type":"page","link":"https:\/\/casinoreturn.com\/es\/sorteo-de-virginia-occidental-casino-en-linea\/","title":{"rendered":"Sorteo de Virginia Occidental Casino en l\u00ednea"},"content":{"rendered":"\t\t<div data-elementor-type=\"wp-page\" data-elementor-id=\"16228\" class=\"elementor elementor-16228\" data-elementor-post-type=\"page\">\n\t\t\t\t<div class=\"elementor-element elementor-element-a25ba4b e-con-full e-flex e-con e-parent\" data-id=\"a25ba4b\" data-element_type=\"container\" data-settings=\"{&quot;background_background&quot;:&quot;gradient&quot;}\">\n\t\t\t\t<div class=\"elementor-element elementor-element-d034d04 elementor-widget elementor-widget-heading\" data-id=\"d034d04\" data-element_type=\"widget\" data-widget_type=\"heading.default\">\n\t\t\t\t<div class=\"elementor-widget-container\">\n\t\t\t\t\t<h3 class=\"elementor-heading-title elementor-size-default\">Casino en l\u00ednea Virginia Sweepstake<\/h3>\t\t\t\t<\/div>\n\t\t\t\t<\/div>\n\t\t\t\t<div class=\"elementor-element elementor-element-18d8fc5 elementor-widget elementor-widget-text-editor\" data-id=\"18d8fc5\" data-element_type=\"widget\" data-widget_type=\"text-editor.default\">\n\t\t\t\t<div class=\"elementor-widget-container\">\n\t\t\t\t\t\t\t\t\t<p>Las normas de los casinos en l\u00ednea con sorteos de Virginia Occidental est\u00e1n por ahora en la cuerda floja. Es decir, que los casinos online que ofrecen la posibilidad de entrar depositando dinero para jugar y ganar dinero no son legales. Los casinos de loter\u00eda funcionan con el llamado modelo de doble moneda. Este modelo de doble moneda permite a los jugadores acceder a la plataforma, pero sin necesidad de realizar ning\u00fan dep\u00f3sito. No se puede ganar dinero directamente ni canjearlo. Los sorteos funcionan con monedas canjeables, que luego se pueden intercambiar.  <a href=\"https:\/\/casinoreturn.com\/es\/sweep-stake-casino-retorno-usa\/\">Puedes encontrar m\u00e1s informaci\u00f3n sobre barridos y monedas de oro aqu\u00ed.  <\/a><\/p>\n<p>Los jugadores tambi\u00e9n pueden encontrar m\u00e1s informaci\u00f3n sobre la legislaci\u00f3n de los distintos Estados de EE.UU., como los <a href=\"https:\/\/casinoreturn.com\/california-bans-social-sweepstake-games\/\">casinos con sorteo de <\/a> <a href=\"https:\/\/casinoreturn.com\/new-york-sweepstake-casinos\/\">Nueva York<\/a> o la prohibici\u00f3n de los casinos con sorteo de California.  <\/p>\n<p>En este art\u00edculo te lo explicamos:  <\/p>\n<ul>\n<li><a href=\"https:\/\/casinoreturn.com\/es\/sorteo-de-virginia-occidental-casino-en-linea\/#curr\">Normativa vigente sobre sorteos en Virginia Occidental<\/a><\/li>\n<li>Casinos terrestres en Virginia Occidental  <\/li>\n<li><a href=\"https:\/\/casinoreturn.com\/es\/sorteo-de-virginia-occidental-casino-en-linea\/#top\">Top 10 de Casinos con Sorteo en Virginia Occidental<\/a> <\/li>\n<li><a href=\"https:\/\/casinoreturn.com\/es\/sorteo-de-virginia-occidental-casino-en-linea\/#sport\">Apuestas deportivas en Virginia Occidental<\/a><\/li>\n<li><a href=\"https:\/\/casinoreturn.com\/es\/sorteo-de-virginia-occidental-casino-en-linea\/#faq\">FAQ&#8217;s Casinos con Sorteo de Virginia Occidental<\/a><\/li>\n<li><a href=\"https:\/\/casinoreturn.com\/es\/sorteo-de-virginia-occidental-casino-en-linea\/#curio\">Curiosidades sobre Virginia Occidental, EE.UU.<\/a><\/li>\n<\/ul>\n\t\t\t\t\t\t\t\t<\/div>\n\t\t\t\t<\/div>\n\t\t\t\t<\/div>\n\t\t<div class=\"elementor-element elementor-element-920cb2f e-con-full e-flex e-con e-parent\" data-id=\"920cb2f\" data-element_type=\"container\" data-settings=\"{&quot;background_background&quot;:&quot;gradient&quot;}\">\n\t\t\t\t<div class=\"elementor-element elementor-element-5ede9b0 elementor-widget__width-initial elementor-widget elementor-widget-image\" data-id=\"5ede9b0\" data-element_type=\"widget\" data-widget_type=\"image.default\">\n\t\t\t\t<div class=\"elementor-widget-container\">\n\t\t\t\t\t\t\t\t\t\t\t\t\t\t\t<img decoding=\"async\" src=\"https:\/\/casinoreturn.com\/wp-content\/uploads\/elementor\/thumbs\/Sweep-stake-casino-return-rcsvuhhg8ru7ojla0mlxbz0ez2n9j5cipfa82r7ohw.jpg\" title=\"Sweep stake casino return\" alt=\"Sweep stake casino return\" loading=\"lazy\" \/>\t\t\t\t\t\t\t\t\t\t\t\t\t\t\t<\/div>\n\t\t\t\t<\/div>\n\t\t\t\t<div class=\"elementor-element elementor-element-21b3226 elementor-widget elementor-widget-heading\" data-id=\"21b3226\" data-element_type=\"widget\" id=\"curr\" data-widget_type=\"heading.default\">\n\t\t\t\t<div class=\"elementor-widget-container\">\n\t\t\t\t\t<h3 class=\"elementor-heading-title elementor-size-default\">Normativa actual sobre sorteos en Virginia Occidental<\/h3>\t\t\t\t<\/div>\n\t\t\t\t<\/div>\n\t\t\t\t<\/div>\n\t\t<div class=\"elementor-element elementor-element-165ad87 e-con-full e-flex e-con e-parent\" data-id=\"165ad87\" data-element_type=\"container\">\n\t\t\t\t<div class=\"elementor-element elementor-element-8fc0205 elementor-widget elementor-widget-text-editor\" data-id=\"8fc0205\" data-element_type=\"widget\" data-widget_type=\"text-editor.default\">\n\t\t\t\t<div class=\"elementor-widget-container\">\n\t\t\t\t\t\t\t\t\t<p>La situaci\u00f3n actual de los casinos de loter\u00eda en Virginia Occidental es poco clara, pero sigue siendo legal. Los legisladores de W&#8217;Virginia est\u00e1n considerando a los operadores del modelo de doble moneda como actividades no relacionadas con el juego. Este modelo est\u00e1 sometido a un escrutinio cada vez mayor por parte de todos. Estados como California y <a href=\"https:\/\/casinoreturn.com\/es\/casinos-de-loteria-de-pensilvania\/\">Pensilvania, prohibiendo o prohibiendo los sorteos .<\/a><\/p>\n<p>La idea de la entrada gratuita en los casinos Online se mantiene por ahora. Los jugadores pueden entrar gratis en las plataformas y jugar a los juegos de los casinos sociales, ganando monedas de oro. Esos Goldcoins no se pueden cambiar por dinero y, por tanto, la ley no los considera juegos de azar. Los casinos de sorteo no tienen licencia oficial y permanecen bajo la vigilancia de la ley estatal, y no entran en el \u00e1mbito de aplicaci\u00f3n del art\u00edculo 18.2-325 de la ley estatal de Virginia Occidental.  <\/p>\n<p>Los jugadores deben ser mayores de 18 a\u00f1os para los casinos sociales y mayores de 21 a\u00f1os y residentes en Virginia Occidental para las apuestas deportivas.  <\/p>\t\t\t\t\t\t\t\t<\/div>\n\t\t\t\t<\/div>\n\t\t\t\t<div class=\"elementor-element elementor-element-5118fa1 elementor-widget elementor-widget-heading\" data-id=\"5118fa1\" data-element_type=\"widget\" id=\"top\" data-widget_type=\"heading.default\">\n\t\t\t\t<div class=\"elementor-widget-container\">\n\t\t\t\t\t<h3 class=\"elementor-heading-title elementor-size-default\">Los 10 mejores casinos de Loter\u00eda en Virginia Occidental<\/h3>\t\t\t\t<\/div>\n\t\t\t\t<\/div>\n\t\t\t\t<div class=\"elementor-element elementor-element-7957e13 elementor-widget elementor-widget-image\" data-id=\"7957e13\" data-element_type=\"widget\" data-widget_type=\"image.default\">\n\t\t\t\t<div class=\"elementor-widget-container\">\n\t\t\t\t\t\t\t\t\t\t\t\t\t\t\t<img decoding=\"async\" src=\"https:\/\/casinoreturn.com\/wp-content\/uploads\/elementor\/thumbs\/West-Virginia-Sweepstake-online-Casino-re8be3avp0f8cq7oyjzacwqfm1upd5dp2x3x9hkbic.png\" title=\"West Virginia Sweepstake online Casino\" alt=\"West Virginia Sweepstake online Casino\" loading=\"lazy\" \/>\t\t\t\t\t\t\t\t\t\t\t\t\t\t\t<\/div>\n\t\t\t\t<\/div>\n\t\t\t\t<div class=\"elementor-element elementor-element-9c8bfae elementor-widget elementor-widget-text-editor\" data-id=\"9c8bfae\" data-element_type=\"widget\" data-widget_type=\"text-editor.default\">\n\t\t\t\t<div class=\"elementor-widget-container\">\n\t\t\t\t\t\t\t\t\t<p>Una vez confirmada la ilegalidad de los casinos online de dinero real, los siguientes casinos de loter\u00eda ofrecen oportunidades de casino social. lo que significa que la entrada es gratuita y no hay que hacer ning\u00fan dep\u00f3sito. Aunque se pueden ganar Goldcoins, y hay premios disponibles a cambio, no hay valor monetario ni dinero en met\u00e1lico que ganar. Sin ning\u00fan orden de importancia en particular:  <\/p>\n<p>Aunque se considera ilegal, varios casinos que ofrecen Casinos Sorteo en l\u00ednea han abandonado el mercado. En 2025, el fiscal general John B. McCusky emiti\u00f3 algo menos de 50 citaciones a operadores. La mitad detuvo sus operaciones hasta ahora. Algunos siguen operando en una zona gris.  <\/p>\n<h4>Casinos terrestres en Virginia Occidental<\/h4>\n<p>Los casinos terrestres de Virginia ofrecen una experiencia de juego con dinero real muy esperada. Nos gustar\u00eda darte nuestros 5 mejores casinos terrestres de Virginia Occidental, pero oficialmente s\u00f3lo 3 funcionan a pleno rendimiento. En 2020 se concedieron licencias para Bristol (EEUU), Danville (EEUU), Norfolk (EEUU), Portsmouth (EEUU) y Richmond (EEUU).  <\/p>\n<ul>\n<li>El Casino Hollywood de las Carreras de Charles Town es l\u00edder en entretenimiento. Ofrece una experiencia de juego completa, desde p\u00f3quer de mesa en vivo, tragaperras, bingo y Blackjack. Tambi\u00e9n hay algunos puestos de apuestas<\/li>\n<li>Mardi Gras &#8211; combina el funcionamiento completo de un Hotel y un casino<\/li>\n<li>The Casino Club at The Greenbrier- Una gran marca respalda este centro de juegos de entretenimiento<\/li>\n<\/ul>\t\t\t\t\t\t\t\t<\/div>\n\t\t\t\t<\/div>\n\t\t\t\t<div class=\"elementor-element elementor-element-0a7b52c elementor-widget elementor-widget-heading\" data-id=\"0a7b52c\" data-element_type=\"widget\" id=\"sport\" data-widget_type=\"heading.default\">\n\t\t\t\t<div class=\"elementor-widget-container\">\n\t\t\t\t\t<h3 class=\"elementor-heading-title elementor-size-default\">Apuestas deportivas en Virginia Occidental  <\/h3>\t\t\t\t<\/div>\n\t\t\t\t<\/div>\n\t\t\t\t<div class=\"elementor-element elementor-element-0a1012d elementor-widget elementor-widget-text-editor\" data-id=\"0a1012d\" data-element_type=\"widget\" data-widget_type=\"text-editor.default\">\n\t\t\t\t<div class=\"elementor-widget-container\">\n\t\t\t\t\t\t\t\t\t<p>Las Apuestas Deportivas en Virginia Occidental son legales y para los residentes y operadores tienen licencia. Las plataformas de apuestas deportivas deben cumplir estrictamente la verificaci\u00f3n de edad, 21+ a\u00f1os. Las apuestas deben realizarse en el Estado de Virginia.  <\/p>\n<p>Al igual que en otros Estados de EEUU, las apuestas en acontecimientos deportivos juveniles y universitarios son ilegales. Los grandes nombres que ofrecen aplicaciones para apostar son FanDuel. DraftKings, BetMGM y Caesars.<\/p>\t\t\t\t\t\t\t\t<\/div>\n\t\t\t\t<\/div>\n\t\t\t\t<div class=\"elementor-element elementor-element-9a3e94e elementor-widget elementor-widget-heading\" data-id=\"9a3e94e\" data-element_type=\"widget\" id=\"faq\" data-widget_type=\"heading.default\">\n\t\t\t\t<div class=\"elementor-widget-container\">\n\t\t\t\t\t<h2 class=\"elementor-heading-title elementor-size-default\">FAQ's Casinos con Sorteo de Virginia Occidental<\/h2>\t\t\t\t<\/div>\n\t\t\t\t<\/div>\n\t\t\t\t<div class=\"elementor-element elementor-element-6a966d4 elementor-widget elementor-widget-elementskit-faq\" data-id=\"6a966d4\" data-element_type=\"widget\" data-widget_type=\"elementskit-faq.default\">\n\t\t\t\t<div class=\"elementor-widget-container\">\n\t\t\t\t\t<div class=\"ekit-wid-con\" >\n                <div class=\"elementskit-single-faq elementor-repeater-item-e0176ff\">\n            <div class=\"elementskit-faq-header\">\n                <h2 class=\"elementskit-faq-title\">Are Sweepstake casinos legal in West Virginia?<\/h2>\n            <\/div>\n            <div class=\"elementskit-faq-body\">\n                Sweepstake casinos are not illegal. if the set up provides a complete social casino structure, without real-money. Meaning, the online casino cannot accept or reward players with anything but Goldcoins, or similar token.            <\/div>\n        <\/div>\n                <div class=\"elementskit-single-faq elementor-repeater-item-140a2d1\">\n            <div class=\"elementskit-faq-header\">\n                <h2 class=\"elementskit-faq-title\">Is sports betting legal in West Virginia?<\/h2>\n            <\/div>\n            <div class=\"elementskit-faq-body\">\n                Yes sports betting is legal. Residents older than 21+ of age can wager on sport and events.             <\/div>\n        <\/div>\n                <div class=\"elementskit-single-faq elementor-repeater-item-35c1273\">\n            <div class=\"elementskit-faq-header\">\n                <h2 class=\"elementskit-faq-title\">Can I bet on a Virginia team outside of the state of West Virginia?<\/h2>\n            <\/div>\n            <div class=\"elementskit-faq-body\">\n                If you are resident of West Virginia, and want to place a wager on a team playing outside of West Virginia, it's not possible. However, players can bet on teams from West Virginia if their residency is outside from West Virginia.             <\/div>\n        <\/div>\n                \n    <\/div>\t\t\t\t<\/div>\n\t\t\t\t<\/div>\n\t\t\t\t<div class=\"elementor-element elementor-element-6631937 elementor-widget elementor-widget-heading\" data-id=\"6631937\" data-element_type=\"widget\" id=\"curio\" data-widget_type=\"heading.default\">\n\t\t\t\t<div class=\"elementor-widget-container\">\n\t\t\t\t\t<h3 class=\"elementor-heading-title elementor-size-default\">Curiosidades sobre Virginia Occidental, EE.UU.<\/h3>\t\t\t\t<\/div>\n\t\t\t\t<\/div>\n\t\t\t\t<div class=\"elementor-element elementor-element-50e0b85 elementor-widget elementor-widget-text-editor\" data-id=\"50e0b85\" data-element_type=\"widget\" data-widget_type=\"text-editor.default\">\n\t\t\t\t<div class=\"elementor-widget-container\">\n\t\t\t\t\t\t\t\t\t<p>Aqu\u00ed tienes algunas curiosidades sobre Virginia Occidental. El estado estadounidense tiene en su haber algunos nombres pol\u00edticos muy destacados.  <\/p>\n<p><img fetchpriority=\"high\" decoding=\"async\" class=\"alignnone wp-image-16194 size-full\" src=\"https:\/\/casinoreturn.com\/wp-content\/uploads\/2025\/11\/West-Virginia-Sweepstake-online-Casino.png\" alt=\"Casino en l\u00ednea del Sorteo de Virginia Occidental\" width=\"237\" height=\"212\"><\/p>\n<ul>\n<li>La de Virginia Occidental es completamente Hogar de la meseta de los Apalaches.  <\/li>\n<li>Sede del Steer-telescopio m\u00e1s grande del mundo  <\/li>\n<li>El r\u00edo Nuevo &#8211; curiosamente es uno de los r\u00edos m\u00e1s antiguos del mundo<\/li>\n<li>Virginia Occidental tiene m\u00e1s r\u00edos caudalosos, gargantas y r\u00e1pidos, m\u00e1s que el n\u00famero combinado de todos los estados de EE.UU.<\/li>\n<\/ul>\n<p> <\/p>\t\t\t\t\t\t\t\t<\/div>\n\t\t\t\t<\/div>\n\t\t\t\t<\/div>\n\t\t\t\t<\/div>\n\t\t","protected":false},"excerpt":{"rendered":"<p>Casino en l\u00ednea Virginia Sweepstake Las normas de los casinos en l\u00ednea con sorteos de Virginia Occidental est\u00e1n por ahora en la cuerda floja. Es decir, que los casinos online que ofrecen la posibilidad de entrar depositando dinero para jugar y ganar dinero no son legales. Los casinos de loter\u00eda funcionan con el llamado modelo [&hellip;]<\/p>\n","protected":false},"author":1,"featured_media":16203,"parent":0,"menu_order":0,"comment_status":"closed","ping_status":"closed","template":"","meta":{"footnotes":""},"class_list":["post-16228","page","type-page","status-publish","has-post-thumbnail","hentry"],"blocksy_meta":[],"acf":[],"yoast_head":"<!-- This site is optimized with the Yoast SEO plugin v24.1 - https:\/\/yoast.com\/wordpress\/plugins\/seo\/ -->\n<title>Sorteo de Virginia Occidental Casino en l\u00ednea - casinoreturn<\/title>\n<meta name=\"description\" content=\"El casino en l\u00ednea Sweepstake de Virginia Occidental puede operar por ahora. Los Casinos Online que ofrecen sorteos est\u00e1n en el punto de mira, pero por ahora no se consideran juegos de azar.\" \/>\n<meta name=\"robots\" content=\"index, follow, max-snippet:-1, max-image-preview:large, max-video-preview:-1\" \/>\n<link rel=\"canonical\" href=\"https:\/\/casinoreturn.com\/es\/sorteo-de-virginia-occidental-casino-en-linea\/\" \/>\n<meta property=\"og:locale\" content=\"es_ES\" \/>\n<meta property=\"og:type\" content=\"article\" \/>\n<meta property=\"og:title\" content=\"Sorteo de Virginia Occidental Casino en l\u00ednea - casinoreturn\" \/>\n<meta property=\"og:description\" content=\"El casino en l\u00ednea Sweepstake de Virginia Occidental puede operar por ahora. Los Casinos Online que ofrecen sorteos est\u00e1n en el punto de mira, pero por ahora no se consideran juegos de azar.\" \/>\n<meta property=\"og:url\" content=\"https:\/\/casinoreturn.com\/es\/sorteo-de-virginia-occidental-casino-en-linea\/\" \/>\n<meta property=\"og:site_name\" content=\"casinoreturn\" \/>\n<meta property=\"article:modified_time\" content=\"2025-11-04T22:55:23+00:00\" \/>\n<meta property=\"og:image\" content=\"https:\/\/casinoreturn.com\/wp-content\/uploads\/2025\/11\/West-Virginia-Sweepstake-online-Casino.png\" \/>\n\t<meta property=\"og:image:width\" content=\"237\" \/>\n\t<meta property=\"og:image:height\" content=\"212\" \/>\n\t<meta property=\"og:image:type\" content=\"image\/png\" \/>\n<meta name=\"twitter:card\" content=\"summary_large_image\" \/>\n<meta name=\"twitter:label1\" content=\"Tiempo de lectura\" \/>\n\t<meta name=\"twitter:data1\" content=\"5 minutos\" \/>\n<script type=\"application\/ld+json\" class=\"yoast-schema-graph\">{\"@context\":\"https:\/\/schema.org\",\"@graph\":[{\"@type\":\"WebPage\",\"@id\":\"https:\/\/casinoreturn.com\/es\/sorteo-de-virginia-occidental-casino-en-linea\/\",\"url\":\"https:\/\/casinoreturn.com\/es\/sorteo-de-virginia-occidental-casino-en-linea\/\",\"name\":\"Sorteo de Virginia Occidental Casino en l\u00ednea - casinoreturn\",\"isPartOf\":{\"@id\":\"https:\/\/casinoreturn.com\/#website\"},\"primaryImageOfPage\":{\"@id\":\"https:\/\/casinoreturn.com\/es\/sorteo-de-virginia-occidental-casino-en-linea\/#primaryimage\"},\"image\":{\"@id\":\"https:\/\/casinoreturn.com\/es\/sorteo-de-virginia-occidental-casino-en-linea\/#primaryimage\"},\"thumbnailUrl\":\"https:\/\/casinoreturn.com\/wp-content\/uploads\/2025\/11\/West-Virginia-Sweepstake-online-Casino.png\",\"datePublished\":\"2025-11-04T22:06:23+00:00\",\"dateModified\":\"2025-11-04T22:55:23+00:00\",\"description\":\"El casino en l\u00ednea Sweepstake de Virginia Occidental puede operar por ahora. Los Casinos Online que ofrecen sorteos est\u00e1n en el punto de mira, pero por ahora no se consideran juegos de azar.\",\"breadcrumb\":{\"@id\":\"https:\/\/casinoreturn.com\/es\/sorteo-de-virginia-occidental-casino-en-linea\/#breadcrumb\"},\"inLanguage\":\"es\",\"potentialAction\":[{\"@type\":\"ReadAction\",\"target\":[\"https:\/\/casinoreturn.com\/es\/sorteo-de-virginia-occidental-casino-en-linea\/\"]}]},{\"@type\":\"ImageObject\",\"inLanguage\":\"es\",\"@id\":\"https:\/\/casinoreturn.com\/es\/sorteo-de-virginia-occidental-casino-en-linea\/#primaryimage\",\"url\":\"https:\/\/casinoreturn.com\/wp-content\/uploads\/2025\/11\/West-Virginia-Sweepstake-online-Casino.png\",\"contentUrl\":\"https:\/\/casinoreturn.com\/wp-content\/uploads\/2025\/11\/West-Virginia-Sweepstake-online-Casino.png\",\"width\":237,\"height\":212,\"caption\":\"West Virginia Sweepstake online Casino\"},{\"@type\":\"BreadcrumbList\",\"@id\":\"https:\/\/casinoreturn.com\/es\/sorteo-de-virginia-occidental-casino-en-linea\/#breadcrumb\",\"itemListElement\":[{\"@type\":\"ListItem\",\"position\":1,\"name\":\"Home\",\"item\":\"https:\/\/casinoreturn.com\/es\/hogar\/\"},{\"@type\":\"ListItem\",\"position\":2,\"name\":\"Sorteo de Virginia Occidental Casino en l\u00ednea\"}]},{\"@type\":\"WebSite\",\"@id\":\"https:\/\/casinoreturn.com\/#website\",\"url\":\"https:\/\/casinoreturn.com\/\",\"name\":\"casinoreturn\",\"description\":\"\",\"publisher\":{\"@id\":\"https:\/\/casinoreturn.com\/#organization\"},\"potentialAction\":[{\"@type\":\"SearchAction\",\"target\":{\"@type\":\"EntryPoint\",\"urlTemplate\":\"https:\/\/casinoreturn.com\/?s={search_term_string}\"},\"query-input\":{\"@type\":\"PropertyValueSpecification\",\"valueRequired\":true,\"valueName\":\"search_term_string\"}}],\"inLanguage\":\"es\"},{\"@type\":\"Organization\",\"@id\":\"https:\/\/casinoreturn.com\/#organization\",\"name\":\"casinoreturn\",\"url\":\"https:\/\/casinoreturn.com\/\",\"logo\":{\"@type\":\"ImageObject\",\"inLanguage\":\"es\",\"@id\":\"https:\/\/casinoreturn.com\/#\/schema\/logo\/image\/\",\"url\":\"https:\/\/casinoreturn.com\/wp-content\/uploads\/2024\/09\/animal-favicon.png\",\"contentUrl\":\"https:\/\/casinoreturn.com\/wp-content\/uploads\/2024\/09\/animal-favicon.png\",\"width\":92,\"height\":92,\"caption\":\"casinoreturn\"},\"image\":{\"@id\":\"https:\/\/casinoreturn.com\/#\/schema\/logo\/image\/\"}}]}<\/script>\n<!-- \/ Yoast SEO plugin. -->","yoast_head_json":{"title":"Sorteo de Virginia Occidental Casino en l\u00ednea - casinoreturn","description":"El casino en l\u00ednea Sweepstake de Virginia Occidental puede operar por ahora. Los Casinos Online que ofrecen sorteos est\u00e1n en el punto de mira, pero por ahora no se consideran juegos de azar.","robots":{"index":"index","follow":"follow","max-snippet":"max-snippet:-1","max-image-preview":"max-image-preview:large","max-video-preview":"max-video-preview:-1"},"canonical":"https:\/\/casinoreturn.com\/es\/sorteo-de-virginia-occidental-casino-en-linea\/","og_locale":"es_ES","og_type":"article","og_title":"Sorteo de Virginia Occidental Casino en l\u00ednea - casinoreturn","og_description":"El casino en l\u00ednea Sweepstake de Virginia Occidental puede operar por ahora. Los Casinos Online que ofrecen sorteos est\u00e1n en el punto de mira, pero por ahora no se consideran juegos de azar.","og_url":"https:\/\/casinoreturn.com\/es\/sorteo-de-virginia-occidental-casino-en-linea\/","og_site_name":"casinoreturn","article_modified_time":"2025-11-04T22:55:23+00:00","og_image":[{"width":237,"height":212,"url":"https:\/\/casinoreturn.com\/wp-content\/uploads\/2025\/11\/West-Virginia-Sweepstake-online-Casino.png","type":"image\/png"}],"twitter_card":"summary_large_image","twitter_misc":{"Tiempo de lectura":"5 minutos"},"schema":{"@context":"https:\/\/schema.org","@graph":[{"@type":"WebPage","@id":"https:\/\/casinoreturn.com\/es\/sorteo-de-virginia-occidental-casino-en-linea\/","url":"https:\/\/casinoreturn.com\/es\/sorteo-de-virginia-occidental-casino-en-linea\/","name":"Sorteo de Virginia Occidental Casino en l\u00ednea - casinoreturn","isPartOf":{"@id":"https:\/\/casinoreturn.com\/#website"},"primaryImageOfPage":{"@id":"https:\/\/casinoreturn.com\/es\/sorteo-de-virginia-occidental-casino-en-linea\/#primaryimage"},"image":{"@id":"https:\/\/casinoreturn.com\/es\/sorteo-de-virginia-occidental-casino-en-linea\/#primaryimage"},"thumbnailUrl":"https:\/\/casinoreturn.com\/wp-content\/uploads\/2025\/11\/West-Virginia-Sweepstake-online-Casino.png","datePublished":"2025-11-04T22:06:23+00:00","dateModified":"2025-11-04T22:55:23+00:00","description":"El casino en l\u00ednea Sweepstake de Virginia Occidental puede operar por ahora. Los Casinos Online que ofrecen sorteos est\u00e1n en el punto de mira, pero por ahora no se consideran juegos de azar.","breadcrumb":{"@id":"https:\/\/casinoreturn.com\/es\/sorteo-de-virginia-occidental-casino-en-linea\/#breadcrumb"},"inLanguage":"es","potentialAction":[{"@type":"ReadAction","target":["https:\/\/casinoreturn.com\/es\/sorteo-de-virginia-occidental-casino-en-linea\/"]}]},{"@type":"ImageObject","inLanguage":"es","@id":"https:\/\/casinoreturn.com\/es\/sorteo-de-virginia-occidental-casino-en-linea\/#primaryimage","url":"https:\/\/casinoreturn.com\/wp-content\/uploads\/2025\/11\/West-Virginia-Sweepstake-online-Casino.png","contentUrl":"https:\/\/casinoreturn.com\/wp-content\/uploads\/2025\/11\/West-Virginia-Sweepstake-online-Casino.png","width":237,"height":212,"caption":"West Virginia Sweepstake online Casino"},{"@type":"BreadcrumbList","@id":"https:\/\/casinoreturn.com\/es\/sorteo-de-virginia-occidental-casino-en-linea\/#breadcrumb","itemListElement":[{"@type":"ListItem","position":1,"name":"Home","item":"https:\/\/casinoreturn.com\/es\/hogar\/"},{"@type":"ListItem","position":2,"name":"Sorteo de Virginia Occidental Casino en l\u00ednea"}]},{"@type":"WebSite","@id":"https:\/\/casinoreturn.com\/#website","url":"https:\/\/casinoreturn.com\/","name":"casinoreturn","description":"","publisher":{"@id":"https:\/\/casinoreturn.com\/#organization"},"potentialAction":[{"@type":"SearchAction","target":{"@type":"EntryPoint","urlTemplate":"https:\/\/casinoreturn.com\/?s={search_term_string}"},"query-input":{"@type":"PropertyValueSpecification","valueRequired":true,"valueName":"search_term_string"}}],"inLanguage":"es"},{"@type":"Organization","@id":"https:\/\/casinoreturn.com\/#organization","name":"casinoreturn","url":"https:\/\/casinoreturn.com\/","logo":{"@type":"ImageObject","inLanguage":"es","@id":"https:\/\/casinoreturn.com\/#\/schema\/logo\/image\/","url":"https:\/\/casinoreturn.com\/wp-content\/uploads\/2024\/09\/animal-favicon.png","contentUrl":"https:\/\/casinoreturn.com\/wp-content\/uploads\/2024\/09\/animal-favicon.png","width":92,"height":92,"caption":"casinoreturn"},"image":{"@id":"https:\/\/casinoreturn.com\/#\/schema\/logo\/image\/"}}]}},"_links":{"self":[{"href":"https:\/\/casinoreturn.com\/es\/wp-json\/wp\/v2\/pages\/16228","targetHints":{"allow":["GET"]}}],"collection":[{"href":"https:\/\/casinoreturn.com\/es\/wp-json\/wp\/v2\/pages"}],"about":[{"href":"https:\/\/casinoreturn.com\/es\/wp-json\/wp\/v2\/types\/page"}],"author":[{"embeddable":true,"href":"https:\/\/casinoreturn.com\/es\/wp-json\/wp\/v2\/users\/1"}],"replies":[{"embeddable":true,"href":"https:\/\/casinoreturn.com\/es\/wp-json\/wp\/v2\/comments?post=16228"}],"version-history":[{"count":1,"href":"https:\/\/casinoreturn.com\/es\/wp-json\/wp\/v2\/pages\/16228\/revisions"}],"predecessor-version":[{"id":16229,"href":"https:\/\/casinoreturn.com\/es\/wp-json\/wp\/v2\/pages\/16228\/revisions\/16229"}],"wp:featuredmedia":[{"embeddable":true,"href":"https:\/\/casinoreturn.com\/es\/wp-json\/wp\/v2\/media\/16203"}],"wp:attachment":[{"href":"https:\/\/casinoreturn.com\/es\/wp-json\/wp\/v2\/media?parent=16228"}],"curies":[{"name":"wp","href":"https:\/\/api.w.org\/{rel}","templated":true}]}}