{"id":4464,"date":"2024-11-11T14:03:43","date_gmt":"2024-11-11T14:03:43","guid":{"rendered":"https:\/\/casinoreturn.com\/casinos-listados-en-negro\/"},"modified":"2025-03-31T17:57:40","modified_gmt":"2025-03-31T17:57:40","slug":"casinos-listados-en-negro","status":"publish","type":"page","link":"https:\/\/casinoreturn.com\/es\/casinos-listados-en-negro\/","title":{"rendered":"Casinos listados en negro"},"content":{"rendered":"\t\t<div data-elementor-type=\"wp-page\" data-elementor-id=\"4464\" class=\"elementor elementor-4464\" data-elementor-post-type=\"page\">\n\t\t\t\t<div class=\"elementor-element elementor-element-1c57588 e-con-full e-flex e-con e-parent\" data-id=\"1c57588\" data-element_type=\"container\">\n\t\t\t\t<div class=\"elementor-element elementor-element-97f3017 elementor-widget elementor-widget-image\" data-id=\"97f3017\" data-element_type=\"widget\" data-widget_type=\"image.default\">\n\t\t\t\t<div class=\"elementor-widget-container\">\n\t\t\t\t\t\t\t\t\t\t\t\t<figure class=\"wp-caption\">\n\t\t\t\t\t\t\t\t\t\t<img decoding=\"async\" width=\"200\" height=\"200\" src=\"https:\/\/casinoreturn.com\/wp-content\/uploads\/2024\/11\/Black-Listed-Casinos.png\" class=\"attachment-large size-large wp-image-3138\" alt=\"Black Listed Casinos\" srcset=\"https:\/\/casinoreturn.com\/wp-content\/uploads\/2024\/11\/Black-Listed-Casinos.png 200w, https:\/\/casinoreturn.com\/wp-content\/uploads\/2024\/11\/Black-Listed-Casinos-150x150.png 150w\" sizes=\"(max-width: 200px) 100vw, 200px\" \/>\t\t\t\t\t\t\t\t\t\t\t<figcaption class=\"widget-image-caption wp-caption-text\">Yay or Nay of Online Casinos<\/figcaption>\n\t\t\t\t\t\t\t\t\t\t<\/figure>\n\t\t\t\t\t\t\t\t\t<\/div>\n\t\t\t\t<\/div>\n\t\t\t\t<\/div>\n\t\t<div class=\"elementor-element elementor-element-1ef8313 e-con-full e-flex e-con e-parent\" data-id=\"1ef8313\" data-element_type=\"container\">\n\t\t\t\t<div class=\"elementor-element elementor-element-890a450 elementor-widget elementor-widget-heading\" data-id=\"890a450\" data-element_type=\"widget\" data-widget_type=\"heading.default\">\n\t\t\t\t<div class=\"elementor-widget-container\">\n\t\t\t\t\t<h2 class=\"elementor-heading-title elementor-size-default\">Los Casinos Listos en Negro forman parte del grupo de operadores de casinos \"El bueno, el malo y el feo\".  <\/h2>\t\t\t\t<\/div>\n\t\t\t\t<\/div>\n\t\t\t\t<\/div>\n\t\t<div class=\"elementor-element elementor-element-309d100 e-con-full e-flex e-con e-parent\" data-id=\"309d100\" data-element_type=\"container\">\n\t\t\t\t<div class=\"elementor-element elementor-element-c6c5629 elementor-widget elementor-widget-text-editor\" data-id=\"c6c5629\" data-element_type=\"widget\" data-widget_type=\"text-editor.default\">\n\t\t\t\t<div class=\"elementor-widget-container\">\n\t\t\t\t\t\t\t\t\t<p><strong>Casinos en la Lista Negra y \u00bfPor qu\u00e9 incluimos en la lista un casino con Rese\u00f1as menos favorables?<\/strong><\/p>\n\t\t\t\t\t\t\t\t<\/div>\n\t\t\t\t<\/div>\n\t\t\t\t<\/div>\n\t\t<div class=\"elementor-element elementor-element-7ca80b1 e-con-full e-flex e-con e-parent\" data-id=\"7ca80b1\" data-element_type=\"container\">\n\t\t\t\t<div class=\"elementor-element elementor-element-dcf79ac elementor-widget elementor-widget-text-editor\" data-id=\"dcf79ac\" data-element_type=\"widget\" data-widget_type=\"text-editor.default\">\n\t\t\t\t<div class=\"elementor-widget-container\">\n\t\t\t\t\t\t\t\t\t<p>Los Casinos Listados en Negro son, por desgracia, parte del juego. Hay algunas razones por las que un casino o proveedor de apuestas deportivas puede aparecer en esta lista. Razones \u00e9ticas, opiniones de los jugadores y socios comerciales.    <\/p>\n<ul>\n<li>Por ejemplo, los jugadores tienen retiradas pendientes y sin resolver  <\/li>\n<li>Licencia no v\u00e1lida<\/li>\n<li>Confiscaci\u00f3n de fondos<\/li>\n<li>Retenci\u00f3n de operaciones comerciales acordadas  <\/li>\n<li>Las condiciones generales est\u00e1n ocultas o son dif\u00edciles de entender<\/li>\n<li>Requisitos de apuesta por las nubes  <\/li>\n<li>El deficiente servicio de atenci\u00f3n al cliente se reduce a s\u00f3lo correo electr\u00f3nico<\/li>\n<\/ul>\n<p>&#8230;..just por nombrar algunos. As\u00ed que si te encuentras como operador aqu\u00ed, puedes tu actual casino online aqu\u00ed. Pi\u00e9nsatelo otra vez.  <\/p>\n\t\t\t\t\t\t\t\t<\/div>\n\t\t\t\t<\/div>\n\t\t\t\t<\/div>\n\t\t<div class=\"elementor-element elementor-element-3a8e4fc e-con-full e-flex e-con e-parent\" data-id=\"3a8e4fc\" data-element_type=\"container\">\n\t\t\t\t<div class=\"elementor-element elementor-element-a1f5bba elementor-widget elementor-widget-heading\" data-id=\"a1f5bba\" data-element_type=\"widget\" data-widget_type=\"heading.default\">\n\t\t\t\t<div class=\"elementor-widget-container\">\n\t\t\t\t\t<h3 class=\"elementor-heading-title elementor-size-default\">Lo malo del Casino Online<\/h3>\t\t\t\t<\/div>\n\t\t\t\t<\/div>\n\t\t\t\t<\/div>\n\t\t<div class=\"elementor-element elementor-element-f1d6178 e-con-full e-flex e-con e-parent\" data-id=\"f1d6178\" data-element_type=\"container\">\n\t\t\t\t<div class=\"elementor-element elementor-element-7380f5d elementor--h-position-center elementor--v-position-middle elementor-arrows-position-inside elementor-pagination-position-inside elementor-widget elementor-widget-slides\" data-id=\"7380f5d\" data-element_type=\"widget\" data-settings=\"{&quot;navigation&quot;:&quot;both&quot;,&quot;autoplay&quot;:&quot;yes&quot;,&quot;pause_on_hover&quot;:&quot;yes&quot;,&quot;pause_on_interaction&quot;:&quot;yes&quot;,&quot;autoplay_speed&quot;:5000,&quot;infinite&quot;:&quot;yes&quot;,&quot;transition&quot;:&quot;slide&quot;,&quot;transition_speed&quot;:500}\" data-widget_type=\"slides.default\">\n\t\t\t\t<div class=\"elementor-widget-container\">\n\t\t\t\t\t\t\t<div class=\"elementor-swiper\">\n\t\t\t<div class=\"elementor-slides-wrapper elementor-main-swiper swiper-container\" dir=\"ltr\" data-animation=\"fadeInUp\">\n\t\t\t\t<div class=\"swiper-wrapper elementor-slides\">\n\t\t\t\t\t\t\t\t\t\t<div class=\"elementor-repeater-item-3438376 swiper-slide\"><div class=\"swiper-slide-bg\" role=\"img\"><\/div><div class=\"swiper-slide-inner\" ><div class=\"swiper-slide-contents\"><div class=\"elementor-slide-heading\">Bovada<\/div><div class=\"elementor-slide-description\"><p>Formar parte de una hermana mayor y de un Casino m\u00e1s grande no ha convertido a ese casino en algo que podamos recomendar<\/p>\n<\/div><div  class=\"elementor-button elementor-slide-button elementor-size-sm\">Evita  <\/div><\/div><\/div><\/div><div class=\"elementor-repeater-item-aa01b44 swiper-slide\"><div class=\"swiper-slide-bg\" role=\"img\"><\/div><div class=\"swiper-slide-inner\" ><div class=\"swiper-slide-contents\"><div class=\"elementor-slide-heading\">Dios55<\/div><div class=\"elementor-slide-description\"><p>Utiliz\u00f3 Publicidad no autorizada con gente de MGA en p\u00fablico.  <\/p>\n<\/div><div  class=\"elementor-button elementor-slide-button elementor-size-sm\">Evita<\/div><\/div><\/div><\/div><div class=\"elementor-repeater-item-6dadcaa swiper-slide\"><div class=\"swiper-slide-bg\" role=\"img\"><\/div><div class=\"swiper-slide-inner\" ><div class=\"swiper-slide-contents\"><div class=\"elementor-slide-heading\">Diapositiva 3 Encabezamiento<\/div><div class=\"elementor-slide-description\"><p>Lorem ipsum dolor sit amet consectetur adipiscing elit dolor<\/p>\n<\/div><div  class=\"elementor-button elementor-slide-button elementor-size-sm\">Haz clic aqu\u00ed<\/div><\/div><\/div><\/div>\t\t\t\t<\/div>\n\t\t\t\t\t\t\t\t\t\t\t\t\t\t\t<div class=\"swiper-pagination\"><\/div>\n\t\t\t\t\t\t\t\t\t\t\t\t\t\t\t\t<div class=\"elementor-swiper-button elementor-swiper-button-prev\" role=\"button\" tabindex=\"0\">\n\t\t\t\t\t\t\t<i aria-hidden=\"true\" class=\"eicon-chevron-left\"><\/i>\t\t\t\t\t\t\t<span class=\"elementor-screen-only\">Previous slide<\/span>\n\t\t\t\t\t\t<\/div>\n\t\t\t\t\t\t<div class=\"elementor-swiper-button elementor-swiper-button-next\" role=\"button\" tabindex=\"0\">\n\t\t\t\t\t\t\t<i aria-hidden=\"true\" class=\"eicon-chevron-right\"><\/i>\t\t\t\t\t\t\t<span class=\"elementor-screen-only\">Next slide<\/span>\n\t\t\t\t\t\t<\/div>\n\t\t\t\t\t\t\t\t\t\t\t\t<\/div>\n\t\t<\/div>\n\t\t\t\t\t\t<\/div>\n\t\t\t\t<\/div>\n\t\t\t\t<\/div>\n\t\t<div class=\"elementor-element elementor-element-1bfb3b9 e-con-full e-flex e-con e-parent\" data-id=\"1bfb3b9\" data-element_type=\"container\">\n\t\t\t\t<div class=\"elementor-element elementor-element-2e4ab10 elementor-widget elementor-widget-heading\" data-id=\"2e4ab10\" data-element_type=\"widget\" data-widget_type=\"heading.default\">\n\t\t\t\t<div class=\"elementor-widget-container\">\n\t\t\t\t\t<h5 class=\"elementor-heading-title elementor-size-default\">\u00bfCu\u00e1les son las consecuencias de jugar en Casinos de la Lista Negra?<\/h5>\t\t\t\t<\/div>\n\t\t\t\t<\/div>\n\t\t\t\t<\/div>\n\t\t<div class=\"elementor-element elementor-element-9352674 e-con-full e-flex e-con e-parent\" data-id=\"9352674\" data-element_type=\"container\">\n\t\t\t\t<div class=\"elementor-element elementor-element-e9cd3ea elementor-widget elementor-widget-text-editor\" data-id=\"e9cd3ea\" data-element_type=\"widget\" data-widget_type=\"text-editor.default\">\n\t\t\t\t<div class=\"elementor-widget-container\">\n\t\t\t\t\t\t\t\t\t<p>Los Casinos Listados en Negro tienden a retrasar o incluso retener tus fondos parcial o totalmente. Los casinos sin licencia v\u00e1lida son propensos a aprovecharse de los datos y la informaci\u00f3n. A menudo trabajan con proveedores de software estafadores o crean su propia red de juegos. Esos juegos tienden a favorecer al operador y parecen casi predecibles.     <\/p>\n\t\t\t\t\t\t\t\t<\/div>\n\t\t\t\t<\/div>\n\t\t\t\t<\/div>\n\t\t<div class=\"elementor-element elementor-element-4c73a66 e-con-full e-flex e-con e-parent\" data-id=\"4c73a66\" data-element_type=\"container\">\n\t\t\t\t<div class=\"elementor-element elementor-element-9fff887 elementor-widget elementor-widget-heading\" data-id=\"9fff887\" data-element_type=\"widget\" data-widget_type=\"heading.default\">\n\t\t\t\t<div class=\"elementor-widget-container\">\n\t\t\t\t\t<h5 class=\"elementor-heading-title elementor-size-default\">\u00bfQu\u00e9 se puede hacer si caes en un casino fraudulento?  <\/h5>\t\t\t\t<\/div>\n\t\t\t\t<\/div>\n\t\t\t\t<\/div>\n\t\t<div class=\"elementor-element elementor-element-f81ac85 e-con-full e-flex e-con e-parent\" data-id=\"f81ac85\" data-element_type=\"container\">\n\t\t\t\t<div class=\"elementor-element elementor-element-1e95dcf elementor-widget elementor-widget-text-editor\" data-id=\"1e95dcf\" data-element_type=\"widget\" data-widget_type=\"text-editor.default\">\n\t\t\t\t<div class=\"elementor-widget-container\">\n\t\t\t\t\t\t\t\t\t<p>Si has sido v\u00edctima de un casino fraudulento, de un robo de datos o simplemente has tenido una experiencia negativa, no dudes en ponerte en contacto con nosotros con toda confianza. Tenemos mucha experiencia y contactos para advertir a otros de tales m\u00e9todos y de c\u00f3mo evitar esos casinos.   <\/p>\n\t\t\t\t\t\t\t\t<\/div>\n\t\t\t\t<\/div>\n\t\t\t\t<\/div>\n\t\t\t\t<\/div>\n\t\t","protected":false},"excerpt":{"rendered":"<p>Yay or Nay of Online Casinos Los Casinos Listos en Negro forman parte del grupo de operadores de casinos \u00abEl bueno, el malo y el feo\u00bb. Casinos en la Lista Negra y \u00bfPor qu\u00e9 incluimos en la lista un casino con Rese\u00f1as menos favorables? Los Casinos Listados en Negro son, por desgracia, parte del juego. [&hellip;]<\/p>\n","protected":false},"author":1,"featured_media":3147,"parent":0,"menu_order":0,"comment_status":"closed","ping_status":"closed","template":"","meta":{"footnotes":""},"class_list":["post-4464","page","type-page","status-publish","has-post-thumbnail","hentry"],"blocksy_meta":[],"acf":[],"yoast_head":"<!-- This site is optimized with the Yoast SEO plugin v24.1 - https:\/\/yoast.com\/wordpress\/plugins\/seo\/ -->\n<title>Casinos listados en negro - casinoreturn<\/title>\n<meta name=\"description\" content=\"Desgraciadamente, los casinos con listas negras forman parte del juego. \u00c9stos son algunos de los Casinos en los que quiz\u00e1s no quieras registrarte.\" \/>\n<meta name=\"robots\" content=\"index, follow, max-snippet:-1, max-image-preview:large, max-video-preview:-1\" \/>\n<link rel=\"canonical\" href=\"https:\/\/casinoreturn.com\/es\/casinos-listados-en-negro\/\" \/>\n<meta property=\"og:locale\" content=\"es_ES\" \/>\n<meta property=\"og:type\" content=\"article\" \/>\n<meta property=\"og:title\" content=\"Casinos listados en negro - casinoreturn\" \/>\n<meta property=\"og:description\" content=\"Desgraciadamente, los casinos con listas negras forman parte del juego. \u00c9stos son algunos de los Casinos en los que quiz\u00e1s no quieras registrarte.\" \/>\n<meta property=\"og:url\" content=\"https:\/\/casinoreturn.com\/es\/casinos-listados-en-negro\/\" \/>\n<meta property=\"og:site_name\" content=\"casinoreturn\" \/>\n<meta property=\"article:modified_time\" content=\"2025-03-31T17:57:40+00:00\" \/>\n<meta property=\"og:image\" content=\"https:\/\/casinoreturn.com\/wp-content\/uploads\/2024\/11\/Black-Listed-Casinos.png\" \/>\n\t<meta property=\"og:image:width\" content=\"200\" \/>\n\t<meta property=\"og:image:height\" content=\"200\" \/>\n\t<meta property=\"og:image:type\" content=\"image\/png\" \/>\n<meta name=\"twitter:card\" content=\"summary_large_image\" \/>\n<meta name=\"twitter:label1\" content=\"Tiempo de lectura\" \/>\n\t<meta name=\"twitter:data1\" content=\"2 minutos\" \/>\n<script type=\"application\/ld+json\" class=\"yoast-schema-graph\">{\"@context\":\"https:\/\/schema.org\",\"@graph\":[{\"@type\":\"WebPage\",\"@id\":\"https:\/\/casinoreturn.com\/es\/casinos-listados-en-negro\/\",\"url\":\"https:\/\/casinoreturn.com\/es\/casinos-listados-en-negro\/\",\"name\":\"Casinos listados en negro - casinoreturn\",\"isPartOf\":{\"@id\":\"https:\/\/casinoreturn.com\/#website\"},\"primaryImageOfPage\":{\"@id\":\"https:\/\/casinoreturn.com\/es\/casinos-listados-en-negro\/#primaryimage\"},\"image\":{\"@id\":\"https:\/\/casinoreturn.com\/es\/casinos-listados-en-negro\/#primaryimage\"},\"thumbnailUrl\":\"https:\/\/casinoreturn.com\/wp-content\/uploads\/2024\/11\/Black-Listed-Casinos.png\",\"datePublished\":\"2024-11-11T14:03:43+00:00\",\"dateModified\":\"2025-03-31T17:57:40+00:00\",\"description\":\"Desgraciadamente, los casinos con listas negras forman parte del juego. \u00c9stos son algunos de los Casinos en los que quiz\u00e1s no quieras registrarte.\",\"breadcrumb\":{\"@id\":\"https:\/\/casinoreturn.com\/es\/casinos-listados-en-negro\/#breadcrumb\"},\"inLanguage\":\"es\",\"potentialAction\":[{\"@type\":\"ReadAction\",\"target\":[\"https:\/\/casinoreturn.com\/es\/casinos-listados-en-negro\/\"]}]},{\"@type\":\"ImageObject\",\"inLanguage\":\"es\",\"@id\":\"https:\/\/casinoreturn.com\/es\/casinos-listados-en-negro\/#primaryimage\",\"url\":\"https:\/\/casinoreturn.com\/wp-content\/uploads\/2024\/11\/Black-Listed-Casinos.png\",\"contentUrl\":\"https:\/\/casinoreturn.com\/wp-content\/uploads\/2024\/11\/Black-Listed-Casinos.png\",\"width\":200,\"height\":200,\"caption\":\"Black Listed Casinos\"},{\"@type\":\"BreadcrumbList\",\"@id\":\"https:\/\/casinoreturn.com\/es\/casinos-listados-en-negro\/#breadcrumb\",\"itemListElement\":[{\"@type\":\"ListItem\",\"position\":1,\"name\":\"Home\",\"item\":\"https:\/\/casinoreturn.com\/es\/hogar\/\"},{\"@type\":\"ListItem\",\"position\":2,\"name\":\"Casinos listados en negro\"}]},{\"@type\":\"WebSite\",\"@id\":\"https:\/\/casinoreturn.com\/#website\",\"url\":\"https:\/\/casinoreturn.com\/\",\"name\":\"casinoreturn\",\"description\":\"\",\"publisher\":{\"@id\":\"https:\/\/casinoreturn.com\/#organization\"},\"potentialAction\":[{\"@type\":\"SearchAction\",\"target\":{\"@type\":\"EntryPoint\",\"urlTemplate\":\"https:\/\/casinoreturn.com\/?s={search_term_string}\"},\"query-input\":{\"@type\":\"PropertyValueSpecification\",\"valueRequired\":true,\"valueName\":\"search_term_string\"}}],\"inLanguage\":\"es\"},{\"@type\":\"Organization\",\"@id\":\"https:\/\/casinoreturn.com\/#organization\",\"name\":\"casinoreturn\",\"url\":\"https:\/\/casinoreturn.com\/\",\"logo\":{\"@type\":\"ImageObject\",\"inLanguage\":\"es\",\"@id\":\"https:\/\/casinoreturn.com\/#\/schema\/logo\/image\/\",\"url\":\"https:\/\/casinoreturn.com\/wp-content\/uploads\/2024\/09\/animal-favicon.png\",\"contentUrl\":\"https:\/\/casinoreturn.com\/wp-content\/uploads\/2024\/09\/animal-favicon.png\",\"width\":92,\"height\":92,\"caption\":\"casinoreturn\"},\"image\":{\"@id\":\"https:\/\/casinoreturn.com\/#\/schema\/logo\/image\/\"}}]}<\/script>\n<!-- \/ Yoast SEO plugin. -->","yoast_head_json":{"title":"Casinos listados en negro - casinoreturn","description":"Desgraciadamente, los casinos con listas negras forman parte del juego. \u00c9stos son algunos de los Casinos en los que quiz\u00e1s no quieras registrarte.","robots":{"index":"index","follow":"follow","max-snippet":"max-snippet:-1","max-image-preview":"max-image-preview:large","max-video-preview":"max-video-preview:-1"},"canonical":"https:\/\/casinoreturn.com\/es\/casinos-listados-en-negro\/","og_locale":"es_ES","og_type":"article","og_title":"Casinos listados en negro - casinoreturn","og_description":"Desgraciadamente, los casinos con listas negras forman parte del juego. \u00c9stos son algunos de los Casinos en los que quiz\u00e1s no quieras registrarte.","og_url":"https:\/\/casinoreturn.com\/es\/casinos-listados-en-negro\/","og_site_name":"casinoreturn","article_modified_time":"2025-03-31T17:57:40+00:00","og_image":[{"width":200,"height":200,"url":"https:\/\/casinoreturn.com\/wp-content\/uploads\/2024\/11\/Black-Listed-Casinos.png","type":"image\/png"}],"twitter_card":"summary_large_image","twitter_misc":{"Tiempo de lectura":"2 minutos"},"schema":{"@context":"https:\/\/schema.org","@graph":[{"@type":"WebPage","@id":"https:\/\/casinoreturn.com\/es\/casinos-listados-en-negro\/","url":"https:\/\/casinoreturn.com\/es\/casinos-listados-en-negro\/","name":"Casinos listados en negro - casinoreturn","isPartOf":{"@id":"https:\/\/casinoreturn.com\/#website"},"primaryImageOfPage":{"@id":"https:\/\/casinoreturn.com\/es\/casinos-listados-en-negro\/#primaryimage"},"image":{"@id":"https:\/\/casinoreturn.com\/es\/casinos-listados-en-negro\/#primaryimage"},"thumbnailUrl":"https:\/\/casinoreturn.com\/wp-content\/uploads\/2024\/11\/Black-Listed-Casinos.png","datePublished":"2024-11-11T14:03:43+00:00","dateModified":"2025-03-31T17:57:40+00:00","description":"Desgraciadamente, los casinos con listas negras forman parte del juego. \u00c9stos son algunos de los Casinos en los que quiz\u00e1s no quieras registrarte.","breadcrumb":{"@id":"https:\/\/casinoreturn.com\/es\/casinos-listados-en-negro\/#breadcrumb"},"inLanguage":"es","potentialAction":[{"@type":"ReadAction","target":["https:\/\/casinoreturn.com\/es\/casinos-listados-en-negro\/"]}]},{"@type":"ImageObject","inLanguage":"es","@id":"https:\/\/casinoreturn.com\/es\/casinos-listados-en-negro\/#primaryimage","url":"https:\/\/casinoreturn.com\/wp-content\/uploads\/2024\/11\/Black-Listed-Casinos.png","contentUrl":"https:\/\/casinoreturn.com\/wp-content\/uploads\/2024\/11\/Black-Listed-Casinos.png","width":200,"height":200,"caption":"Black Listed Casinos"},{"@type":"BreadcrumbList","@id":"https:\/\/casinoreturn.com\/es\/casinos-listados-en-negro\/#breadcrumb","itemListElement":[{"@type":"ListItem","position":1,"name":"Home","item":"https:\/\/casinoreturn.com\/es\/hogar\/"},{"@type":"ListItem","position":2,"name":"Casinos listados en negro"}]},{"@type":"WebSite","@id":"https:\/\/casinoreturn.com\/#website","url":"https:\/\/casinoreturn.com\/","name":"casinoreturn","description":"","publisher":{"@id":"https:\/\/casinoreturn.com\/#organization"},"potentialAction":[{"@type":"SearchAction","target":{"@type":"EntryPoint","urlTemplate":"https:\/\/casinoreturn.com\/?s={search_term_string}"},"query-input":{"@type":"PropertyValueSpecification","valueRequired":true,"valueName":"search_term_string"}}],"inLanguage":"es"},{"@type":"Organization","@id":"https:\/\/casinoreturn.com\/#organization","name":"casinoreturn","url":"https:\/\/casinoreturn.com\/","logo":{"@type":"ImageObject","inLanguage":"es","@id":"https:\/\/casinoreturn.com\/#\/schema\/logo\/image\/","url":"https:\/\/casinoreturn.com\/wp-content\/uploads\/2024\/09\/animal-favicon.png","contentUrl":"https:\/\/casinoreturn.com\/wp-content\/uploads\/2024\/09\/animal-favicon.png","width":92,"height":92,"caption":"casinoreturn"},"image":{"@id":"https:\/\/casinoreturn.com\/#\/schema\/logo\/image\/"}}]}},"_links":{"self":[{"href":"https:\/\/casinoreturn.com\/es\/wp-json\/wp\/v2\/pages\/4464","targetHints":{"allow":["GET"]}}],"collection":[{"href":"https:\/\/casinoreturn.com\/es\/wp-json\/wp\/v2\/pages"}],"about":[{"href":"https:\/\/casinoreturn.com\/es\/wp-json\/wp\/v2\/types\/page"}],"author":[{"embeddable":true,"href":"https:\/\/casinoreturn.com\/es\/wp-json\/wp\/v2\/users\/1"}],"replies":[{"embeddable":true,"href":"https:\/\/casinoreturn.com\/es\/wp-json\/wp\/v2\/comments?post=4464"}],"version-history":[{"count":2,"href":"https:\/\/casinoreturn.com\/es\/wp-json\/wp\/v2\/pages\/4464\/revisions"}],"predecessor-version":[{"id":13600,"href":"https:\/\/casinoreturn.com\/es\/wp-json\/wp\/v2\/pages\/4464\/revisions\/13600"}],"wp:featuredmedia":[{"embeddable":true,"href":"https:\/\/casinoreturn.com\/es\/wp-json\/wp\/v2\/media\/3147"}],"wp:attachment":[{"href":"https:\/\/casinoreturn.com\/es\/wp-json\/wp\/v2\/media?parent=4464"}],"curies":[{"name":"wp","href":"https:\/\/api.w.org\/{rel}","templated":true}]}}