{"id":4522,"date":"2024-11-11T14:01:17","date_gmt":"2024-11-11T14:01:17","guid":{"rendered":"https:\/\/casinoreturn.com\/licencias-de-casino\/"},"modified":"2024-12-02T12:15:16","modified_gmt":"2024-12-02T12:15:16","slug":"licencias-de-casino","status":"publish","type":"page","link":"https:\/\/casinoreturn.com\/es\/licencias-de-casino\/","title":{"rendered":"Licencias de casino"},"content":{"rendered":"\t\t<div data-elementor-type=\"wp-page\" data-elementor-id=\"4522\" class=\"elementor elementor-4522\" data-elementor-post-type=\"page\">\n\t\t\t\t<div class=\"elementor-element elementor-element-25ab31d e-con-full e-flex e-con e-parent\" data-id=\"25ab31d\" data-element_type=\"container\">\n\t\t\t\t<div class=\"elementor-element elementor-element-e2d7818 elementor-widget elementor-widget-image\" data-id=\"e2d7818\" data-element_type=\"widget\" data-widget_type=\"image.default\">\n\t\t\t\t<div class=\"elementor-widget-container\">\n\t\t\t\t\t\t\t\t\t\t\t\t\t\t\t<img fetchpriority=\"high\" decoding=\"async\" width=\"1024\" height=\"538\" src=\"https:\/\/casinoreturn.com\/wp-content\/uploads\/2024\/12\/Online-Casino-Licences-1024x538.png\" class=\"attachment-large size-large wp-image-4475\" alt=\"Online Casino Licences\" srcset=\"https:\/\/casinoreturn.com\/wp-content\/uploads\/2024\/12\/Online-Casino-Licences-1024x538.png 1024w, https:\/\/casinoreturn.com\/wp-content\/uploads\/2024\/12\/Online-Casino-Licences-300x158.png 300w, https:\/\/casinoreturn.com\/wp-content\/uploads\/2024\/12\/Online-Casino-Licences-768x403.png 768w, https:\/\/casinoreturn.com\/wp-content\/uploads\/2024\/12\/Online-Casino-Licences.png 1200w\" sizes=\"(max-width: 1024px) 100vw, 1024px\" \/>\t\t\t\t\t\t\t\t\t\t\t\t\t\t\t<\/div>\n\t\t\t\t<\/div>\n\t\t\t\t<div class=\"elementor-element elementor-element-91388ca elementor-widget elementor-widget-heading\" data-id=\"91388ca\" data-element_type=\"widget\" data-widget_type=\"heading.default\">\n\t\t\t\t<div class=\"elementor-widget-container\">\n\t\t\t\t\t<h3 class=\"elementor-heading-title elementor-size-default\">Licencias de Casino Online en Juegos de Azar y Apuestas Deportivas<\/h3>\t\t\t\t<\/div>\n\t\t\t\t<\/div>\n\t\t\t\t<div class=\"elementor-element elementor-element-b90a94d elementor-widget elementor-widget-text-editor\" data-id=\"b90a94d\" data-element_type=\"widget\" data-widget_type=\"text-editor.default\">\n\t\t\t\t<div class=\"elementor-widget-container\">\n\t\t\t\t\t\t\t\t\t<p>Las licencias online para casinos son vitales para regular y ofrecer un refugio al juego online. La industria del IGaming ha experimentado una explosi\u00f3n de demanda y popularidad. Se calcula que el mercado mundial del juego supera los 270.000 millones de d\u00f3lares. El COVID-19 de 2019 hizo mella en esta cifra, pero la recuperaci\u00f3n fue r\u00e1pida y el mercado creci\u00f3 exponencialmente.     <\/p>\n\t\t\t\t\t\t\t\t<\/div>\n\t\t\t\t<\/div>\n\t\t\t\t<div class=\"elementor-element elementor-element-349a86e elementor-widget elementor-widget-heading\" data-id=\"349a86e\" data-element_type=\"widget\" data-widget_type=\"heading.default\">\n\t\t\t\t<div class=\"elementor-widget-container\">\n\t\t\t\t\t<h3 class=\"elementor-heading-title elementor-size-default\">Mercados Blanco, Gris y Negro - Es el momento de decidir para los jugadores<\/h3>\t\t\t\t<\/div>\n\t\t\t\t<\/div>\n\t\t\t\t<div class=\"elementor-element elementor-element-fbe3b09 elementor-widget elementor-widget-text-editor\" data-id=\"fbe3b09\" data-element_type=\"widget\" data-widget_type=\"text-editor.default\">\n\t\t\t\t<div class=\"elementor-widget-container\">\n\t\t\t\t\t\t\t\t\t<p>Cuando hablamos de mercados blancos, grises y negros  <span style=\"box-sizing: border-box; margin: 0px; padding: 0px;\">se refieren a determinadas licencias o, en algunos casos, a ninguna licencia. M\u00e1s <a href=\"https:\/\/upgaming.com\/white-grey-and-black-igaming-markets\/\" target=\"_blank\" rel=\"noopener\">informaci\u00f3n<\/a> <\/span><a href=\"https:\/\/upgaming.com\/white-grey-and-black-igaming-markets\/\">  puede leerse aqu\u00ed.<\/a><\/p>\n<h4><strong>Mercados blancos de i-Gaming &#8211; Mercados regulados de i-Gaming<\/strong><\/h4>\n<p>Los casinos del mercado blanco se consideran m\u00e1s seguros y operan en pa\u00edses donde se ha permitido el juego online. En la mayor parte de Europa existen normativas para controlar y regular los casinos. Las jurisdicciones impusieron normas estrictas e introdujeron el juego responsable. Los reguladores obligaron a los casinos online a poner al descubierto sus ganancias, sus medidas proactivas de juego responsable. Algunas jurisdicciones llegaron a separar las apuestas deportivas de los casinos online. Separando los bonos de bienvenida, las apuestas gratuitas, las tiradas gratuitas y las apuestas m\u00ednimas que se pueden hacer.       <\/p>\n<p>Esto supone un alto coste para los operadores y los que utilizan licencias MGA, de la Isla de Man, de Kahnawake y del Reino Unido.  <\/p>\n<h4><strong>Mercados grises de i-Gaming &#8211; Cerca, pero no tanto<\/strong><\/h4>\n<p>La diferencia entre los mercados blanco y gris es bastante f\u00e1cil de discernir. Los mercados grises permiten operaciones de casino online y en tierra, pero con menos normas y restricciones. Los casinos pueden operar con licencias internacionales, como las de Cura\u00e7ao. Los operadores pueden optar por gestionar m\u00e1s de un casino online con una licencia de este tipo, que es menos probable que est\u00e9 regulada por sus legisladores locales. Se han producido mejoras positivas en los mercados grises, y cada vez m\u00e1s casinos de mercados grises se est\u00e1n adaptando voluntariamente al juego responsable. No obstante, los mercados grises siguen teniendo las de ganar en cuanto a volatilidad y a ofrecer una visi\u00f3n totalmente transparente de su funcionamiento.       <\/p>\n<h4><strong>Mercados negros de i-Gaming &#8211; Cosas que debes tener en cuenta<\/strong><\/h4>\n<p>Se consideran mercados negros aquellos en los que el juego o las apuestas online est\u00e1n prohibidos. Esto puede deberse a creencias, razones culturales, \u00e9ticas o pol\u00edticas. Los casinos que operan en esos mercados suelen ser clausurados r\u00e1pidamente y pueden enfrentarse a cargos penales al entrar en esos pa\u00edses. Los estados de orientaci\u00f3n musulmana, algunos estados africanos y Asia son los principales mercados negros. El Juego Responsable es inexistente; las operaciones bancarias, los dep\u00f3sitos y las retiradas se han vuelto cada vez m\u00e1s vol\u00e1tiles. No se recomienda utilizar casinos sin licencia.       <\/p>\n\t\t\t\t\t\t\t\t<\/div>\n\t\t\t\t<\/div>\n\t\t\t\t<div class=\"elementor-element elementor-element-cbb0223 elementor-widget elementor-widget-image\" data-id=\"cbb0223\" data-element_type=\"widget\" data-widget_type=\"image.default\">\n\t\t\t\t<div class=\"elementor-widget-container\">\n\t\t\t\t\t\t\t\t\t\t\t\t\t\t\t<img decoding=\"async\" width=\"225\" height=\"225\" src=\"https:\/\/casinoreturn.com\/wp-content\/uploads\/2024\/12\/Black-market-igaming.png\" class=\"attachment-large size-large wp-image-4487\" alt=\"Black market igaming\" srcset=\"https:\/\/casinoreturn.com\/wp-content\/uploads\/2024\/12\/Black-market-igaming.png 225w, https:\/\/casinoreturn.com\/wp-content\/uploads\/2024\/12\/Black-market-igaming-150x150.png 150w\" sizes=\"(max-width: 225px) 100vw, 225px\" \/>\t\t\t\t\t\t\t\t\t\t\t\t\t\t\t<\/div>\n\t\t\t\t<\/div>\n\t\t\t\t<div class=\"elementor-element elementor-element-e5d1860 elementor-widget elementor-widget-heading\" data-id=\"e5d1860\" data-element_type=\"widget\" data-widget_type=\"heading.default\">\n\t\t\t\t<div class=\"elementor-widget-container\">\n\t\t\t\t\t<h3 class=\"elementor-heading-title elementor-size-default\">Obst\u00e1culos y desaf\u00edos  <\/h3>\t\t\t\t<\/div>\n\t\t\t\t<\/div>\n\t\t\t\t<div class=\"elementor-element elementor-element-1cd3dce elementor-widget elementor-widget-text-editor\" data-id=\"1cd3dce\" data-element_type=\"widget\" data-widget_type=\"text-editor.default\">\n\t\t\t\t<div class=\"elementor-widget-container\">\n\t\t\t\t\t\t\t\t\t<p>Estar sin licencia es como jugar a la ruleta rusa. La ley te pisa los talones, y el operador se enfrenta al cierre y a multas penales. El procesamiento y el encarcelamiento son algunas de las ventajas que cabe esperar. Los clientes se enfrentan a una dura resistencia y a la posibilidad de que les cierren sus cuentas sin poder cuestionar el asunto.     <\/p>\n<p>Es mejor pensar a largo plazo y proceder con una licencia de casino para ofrecer un buen servicio y productos de marca. Con los mercados grises y los mercados blancos de juego, la publicidad es posible o est\u00e1 restringida s\u00f3lo a algunas partes. Hoy en d\u00eda, los jugadores se fijan en las licencias antes de inscribirse.  <\/p>\n\t\t\t\t\t\t\t\t<\/div>\n\t\t\t\t<\/div>\n\t\t\t\t<\/div>\n\t\t\t\t<\/div>\n\t\t","protected":false},"excerpt":{"rendered":"<p>Licencias de Casino Online en Juegos de Azar y Apuestas Deportivas Las licencias online para casinos son vitales para regular y ofrecer un refugio al juego online. La industria del IGaming ha experimentado una explosi\u00f3n de demanda y popularidad. Se calcula que el mercado mundial del juego supera los 270.000 millones de d\u00f3lares. El COVID-19 [&hellip;]<\/p>\n","protected":false},"author":1,"featured_media":0,"parent":0,"menu_order":0,"comment_status":"closed","ping_status":"closed","template":"","meta":{"footnotes":""},"class_list":["post-4522","page","type-page","status-publish","hentry"],"blocksy_meta":[],"acf":[],"yoast_head":"<!-- This site is optimized with the Yoast SEO plugin v24.1 - https:\/\/yoast.com\/wordpress\/plugins\/seo\/ -->\n<title>Licencias de casino - casinoreturn<\/title>\n<meta name=\"description\" content=\"Las Licencias de Casino pueden determinar tu decisi\u00f3n de registrarte y jugar al Casino Online. Aqu\u00ed tienes algunas Licencias de Casino y casinos.\" \/>\n<meta name=\"robots\" content=\"index, follow, max-snippet:-1, max-image-preview:large, max-video-preview:-1\" \/>\n<link rel=\"canonical\" href=\"https:\/\/casinoreturn.com\/es\/licencias-de-casino\/\" \/>\n<meta property=\"og:locale\" content=\"es_ES\" \/>\n<meta property=\"og:type\" content=\"article\" \/>\n<meta property=\"og:title\" content=\"Licencias de casino - casinoreturn\" \/>\n<meta property=\"og:description\" content=\"Las Licencias de Casino pueden determinar tu decisi\u00f3n de registrarte y jugar al Casino Online. Aqu\u00ed tienes algunas Licencias de Casino y casinos.\" \/>\n<meta property=\"og:url\" content=\"https:\/\/casinoreturn.com\/es\/licencias-de-casino\/\" \/>\n<meta property=\"og:site_name\" content=\"casinoreturn\" \/>\n<meta property=\"article:modified_time\" content=\"2024-12-02T12:15:16+00:00\" \/>\n<meta property=\"og:image\" content=\"https:\/\/casinoreturn.com\/wp-content\/uploads\/2024\/12\/Online-Casino-Licences.png\" \/>\n\t<meta property=\"og:image:width\" content=\"1200\" \/>\n\t<meta property=\"og:image:height\" content=\"630\" \/>\n\t<meta property=\"og:image:type\" content=\"image\/png\" \/>\n<meta name=\"twitter:card\" content=\"summary_large_image\" \/>\n<meta name=\"twitter:label1\" content=\"Tiempo de lectura\" \/>\n\t<meta name=\"twitter:data1\" content=\"3 minutos\" \/>\n<script type=\"application\/ld+json\" class=\"yoast-schema-graph\">{\"@context\":\"https:\/\/schema.org\",\"@graph\":[{\"@type\":\"WebPage\",\"@id\":\"https:\/\/casinoreturn.com\/es\/licencias-de-casino\/\",\"url\":\"https:\/\/casinoreturn.com\/es\/licencias-de-casino\/\",\"name\":\"Licencias de casino - casinoreturn\",\"isPartOf\":{\"@id\":\"https:\/\/casinoreturn.com\/#website\"},\"primaryImageOfPage\":{\"@id\":\"https:\/\/casinoreturn.com\/es\/licencias-de-casino\/#primaryimage\"},\"image\":{\"@id\":\"https:\/\/casinoreturn.com\/es\/licencias-de-casino\/#primaryimage\"},\"thumbnailUrl\":\"https:\/\/casinoreturn.com\/wp-content\/uploads\/2024\/12\/Online-Casino-Licences-1024x538.png\",\"datePublished\":\"2024-11-11T14:01:17+00:00\",\"dateModified\":\"2024-12-02T12:15:16+00:00\",\"description\":\"Las Licencias de Casino pueden determinar tu decisi\u00f3n de registrarte y jugar al Casino Online. Aqu\u00ed tienes algunas Licencias de Casino y casinos.\",\"breadcrumb\":{\"@id\":\"https:\/\/casinoreturn.com\/es\/licencias-de-casino\/#breadcrumb\"},\"inLanguage\":\"es\",\"potentialAction\":[{\"@type\":\"ReadAction\",\"target\":[\"https:\/\/casinoreturn.com\/es\/licencias-de-casino\/\"]}]},{\"@type\":\"ImageObject\",\"inLanguage\":\"es\",\"@id\":\"https:\/\/casinoreturn.com\/es\/licencias-de-casino\/#primaryimage\",\"url\":\"https:\/\/casinoreturn.com\/wp-content\/uploads\/2024\/12\/Online-Casino-Licences-1024x538.png\",\"contentUrl\":\"https:\/\/casinoreturn.com\/wp-content\/uploads\/2024\/12\/Online-Casino-Licences-1024x538.png\"},{\"@type\":\"BreadcrumbList\",\"@id\":\"https:\/\/casinoreturn.com\/es\/licencias-de-casino\/#breadcrumb\",\"itemListElement\":[{\"@type\":\"ListItem\",\"position\":1,\"name\":\"Home\",\"item\":\"https:\/\/casinoreturn.com\/es\/hogar\/\"},{\"@type\":\"ListItem\",\"position\":2,\"name\":\"Licencias de casino\"}]},{\"@type\":\"WebSite\",\"@id\":\"https:\/\/casinoreturn.com\/#website\",\"url\":\"https:\/\/casinoreturn.com\/\",\"name\":\"casinoreturn\",\"description\":\"\",\"publisher\":{\"@id\":\"https:\/\/casinoreturn.com\/#organization\"},\"potentialAction\":[{\"@type\":\"SearchAction\",\"target\":{\"@type\":\"EntryPoint\",\"urlTemplate\":\"https:\/\/casinoreturn.com\/?s={search_term_string}\"},\"query-input\":{\"@type\":\"PropertyValueSpecification\",\"valueRequired\":true,\"valueName\":\"search_term_string\"}}],\"inLanguage\":\"es\"},{\"@type\":\"Organization\",\"@id\":\"https:\/\/casinoreturn.com\/#organization\",\"name\":\"casinoreturn\",\"url\":\"https:\/\/casinoreturn.com\/\",\"logo\":{\"@type\":\"ImageObject\",\"inLanguage\":\"es\",\"@id\":\"https:\/\/casinoreturn.com\/#\/schema\/logo\/image\/\",\"url\":\"https:\/\/casinoreturn.com\/wp-content\/uploads\/2024\/09\/animal-favicon.png\",\"contentUrl\":\"https:\/\/casinoreturn.com\/wp-content\/uploads\/2024\/09\/animal-favicon.png\",\"width\":92,\"height\":92,\"caption\":\"casinoreturn\"},\"image\":{\"@id\":\"https:\/\/casinoreturn.com\/#\/schema\/logo\/image\/\"}}]}<\/script>\n<!-- \/ Yoast SEO plugin. -->","yoast_head_json":{"title":"Licencias de casino - casinoreturn","description":"Las Licencias de Casino pueden determinar tu decisi\u00f3n de registrarte y jugar al Casino Online. Aqu\u00ed tienes algunas Licencias de Casino y casinos.","robots":{"index":"index","follow":"follow","max-snippet":"max-snippet:-1","max-image-preview":"max-image-preview:large","max-video-preview":"max-video-preview:-1"},"canonical":"https:\/\/casinoreturn.com\/es\/licencias-de-casino\/","og_locale":"es_ES","og_type":"article","og_title":"Licencias de casino - casinoreturn","og_description":"Las Licencias de Casino pueden determinar tu decisi\u00f3n de registrarte y jugar al Casino Online. Aqu\u00ed tienes algunas Licencias de Casino y casinos.","og_url":"https:\/\/casinoreturn.com\/es\/licencias-de-casino\/","og_site_name":"casinoreturn","article_modified_time":"2024-12-02T12:15:16+00:00","og_image":[{"width":1200,"height":630,"url":"https:\/\/casinoreturn.com\/wp-content\/uploads\/2024\/12\/Online-Casino-Licences.png","type":"image\/png"}],"twitter_card":"summary_large_image","twitter_misc":{"Tiempo de lectura":"3 minutos"},"schema":{"@context":"https:\/\/schema.org","@graph":[{"@type":"WebPage","@id":"https:\/\/casinoreturn.com\/es\/licencias-de-casino\/","url":"https:\/\/casinoreturn.com\/es\/licencias-de-casino\/","name":"Licencias de casino - casinoreturn","isPartOf":{"@id":"https:\/\/casinoreturn.com\/#website"},"primaryImageOfPage":{"@id":"https:\/\/casinoreturn.com\/es\/licencias-de-casino\/#primaryimage"},"image":{"@id":"https:\/\/casinoreturn.com\/es\/licencias-de-casino\/#primaryimage"},"thumbnailUrl":"https:\/\/casinoreturn.com\/wp-content\/uploads\/2024\/12\/Online-Casino-Licences-1024x538.png","datePublished":"2024-11-11T14:01:17+00:00","dateModified":"2024-12-02T12:15:16+00:00","description":"Las Licencias de Casino pueden determinar tu decisi\u00f3n de registrarte y jugar al Casino Online. Aqu\u00ed tienes algunas Licencias de Casino y casinos.","breadcrumb":{"@id":"https:\/\/casinoreturn.com\/es\/licencias-de-casino\/#breadcrumb"},"inLanguage":"es","potentialAction":[{"@type":"ReadAction","target":["https:\/\/casinoreturn.com\/es\/licencias-de-casino\/"]}]},{"@type":"ImageObject","inLanguage":"es","@id":"https:\/\/casinoreturn.com\/es\/licencias-de-casino\/#primaryimage","url":"https:\/\/casinoreturn.com\/wp-content\/uploads\/2024\/12\/Online-Casino-Licences-1024x538.png","contentUrl":"https:\/\/casinoreturn.com\/wp-content\/uploads\/2024\/12\/Online-Casino-Licences-1024x538.png"},{"@type":"BreadcrumbList","@id":"https:\/\/casinoreturn.com\/es\/licencias-de-casino\/#breadcrumb","itemListElement":[{"@type":"ListItem","position":1,"name":"Home","item":"https:\/\/casinoreturn.com\/es\/hogar\/"},{"@type":"ListItem","position":2,"name":"Licencias de casino"}]},{"@type":"WebSite","@id":"https:\/\/casinoreturn.com\/#website","url":"https:\/\/casinoreturn.com\/","name":"casinoreturn","description":"","publisher":{"@id":"https:\/\/casinoreturn.com\/#organization"},"potentialAction":[{"@type":"SearchAction","target":{"@type":"EntryPoint","urlTemplate":"https:\/\/casinoreturn.com\/?s={search_term_string}"},"query-input":{"@type":"PropertyValueSpecification","valueRequired":true,"valueName":"search_term_string"}}],"inLanguage":"es"},{"@type":"Organization","@id":"https:\/\/casinoreturn.com\/#organization","name":"casinoreturn","url":"https:\/\/casinoreturn.com\/","logo":{"@type":"ImageObject","inLanguage":"es","@id":"https:\/\/casinoreturn.com\/#\/schema\/logo\/image\/","url":"https:\/\/casinoreturn.com\/wp-content\/uploads\/2024\/09\/animal-favicon.png","contentUrl":"https:\/\/casinoreturn.com\/wp-content\/uploads\/2024\/09\/animal-favicon.png","width":92,"height":92,"caption":"casinoreturn"},"image":{"@id":"https:\/\/casinoreturn.com\/#\/schema\/logo\/image\/"}}]}},"_links":{"self":[{"href":"https:\/\/casinoreturn.com\/es\/wp-json\/wp\/v2\/pages\/4522","targetHints":{"allow":["GET"]}}],"collection":[{"href":"https:\/\/casinoreturn.com\/es\/wp-json\/wp\/v2\/pages"}],"about":[{"href":"https:\/\/casinoreturn.com\/es\/wp-json\/wp\/v2\/types\/page"}],"author":[{"embeddable":true,"href":"https:\/\/casinoreturn.com\/es\/wp-json\/wp\/v2\/users\/1"}],"replies":[{"embeddable":true,"href":"https:\/\/casinoreturn.com\/es\/wp-json\/wp\/v2\/comments?post=4522"}],"version-history":[{"count":1,"href":"https:\/\/casinoreturn.com\/es\/wp-json\/wp\/v2\/pages\/4522\/revisions"}],"predecessor-version":[{"id":4523,"href":"https:\/\/casinoreturn.com\/es\/wp-json\/wp\/v2\/pages\/4522\/revisions\/4523"}],"wp:attachment":[{"href":"https:\/\/casinoreturn.com\/es\/wp-json\/wp\/v2\/media?parent=4522"}],"curies":[{"name":"wp","href":"https:\/\/api.w.org\/{rel}","templated":true}]}}