{"id":4565,"date":"2024-11-02T10:47:02","date_gmt":"2024-11-02T10:47:02","guid":{"rendered":"https:\/\/casinoreturn.com\/casino-influencer\/"},"modified":"2024-12-02T13:47:47","modified_gmt":"2024-12-02T13:47:47","slug":"casino-influencer","status":"publish","type":"page","link":"https:\/\/casinoreturn.com\/es\/casino-influencer\/","title":{"rendered":"Casino Influencer"},"content":{"rendered":"\t\t<div data-elementor-type=\"wp-page\" data-elementor-id=\"4565\" class=\"elementor elementor-4565\" data-elementor-post-type=\"page\">\n\t\t\t\t<div class=\"elementor-element elementor-element-55b8a04 e-flex e-con-boxed e-con e-parent\" data-id=\"55b8a04\" data-element_type=\"container\">\n\t\t\t\t\t<div class=\"e-con-inner\">\n\t\t\t\t<div class=\"elementor-element elementor-element-56141af elementor-widget elementor-widget-text-editor\" data-id=\"56141af\" data-element_type=\"widget\" data-widget_type=\"text-editor.default\">\n\t\t\t\t<div class=\"elementor-widget-container\">\n\t\t\t\t\t\t\t\t\t<h3>Los Influenciadores de Casinos que utilizan las redes sociales est\u00e1n experimentando un fuerte ascenso a la fama, un punto que a menudo pasan por alto muchos operadores.  <\/h3>\n\t\t\t\t\t\t\t\t<\/div>\n\t\t\t\t<\/div>\n\t\t\t\t\t<\/div>\n\t\t\t\t<\/div>\n\t\t<div class=\"elementor-element elementor-element-fbf2875 e-flex e-con-boxed e-con e-parent\" data-id=\"fbf2875\" data-element_type=\"container\">\n\t\t\t\t\t<div class=\"e-con-inner\">\n\t\t\t\t<div class=\"elementor-element elementor-element-c338f23 elementor-widget elementor-widget-text-editor\" data-id=\"c338f23\" data-element_type=\"widget\" data-widget_type=\"text-editor.default\">\n\t\t\t\t<div class=\"elementor-widget-container\">\n\t\t\t\t\t\t\t\t\t<p>En el mundo actual de tendencias en constante cambio, hay un grupo que se ha convertido en una fuerza motriz innegable dentro de la industria del juego online. Hablamos del ascenso estelar de los influenciadores sociales de los casinos online. \u00bfQu\u00e9 papel desempe\u00f1an dentro de la comunidad de jugadores? \u00bfCu\u00e1les son las ventajas de los influencers en el Juego? Y muchos otros datos interesantes que nos gustar\u00eda presentarte a ti, el consumidor final. Haz clic en <a href=\"http:\/\/HTTP:\/\/twitch.tv\/Rectotio\" data-wplink-url-error=\"true\"><strong>AQU\u00cd<\/strong><\/a> para interactuar con nuestro streamer del mes y leer nuestra rese\u00f1a sobre el streamer de Casino return.       <\/p>\n\t\t\t\t\t\t\t\t<\/div>\n\t\t\t\t<\/div>\n\t\t\t\t\t<\/div>\n\t\t\t\t<\/div>\n\t\t<div class=\"elementor-element elementor-element-f3bb186 e-flex e-con-boxed e-con e-parent\" data-id=\"f3bb186\" data-element_type=\"container\">\n\t\t\t\t\t<div class=\"e-con-inner\">\n\t\t\t\t<div class=\"elementor-element elementor-element-0c927c6 elementor-widget elementor-widget-heading\" data-id=\"0c927c6\" data-element_type=\"widget\" data-widget_type=\"heading.default\">\n\t\t\t\t<div class=\"elementor-widget-container\">\n\t\t\t\t\t<h4 class=\"elementor-heading-title elementor-size-default\">Influyentes en el juego<\/h4>\t\t\t\t<\/div>\n\t\t\t\t<\/div>\n\t\t\t\t\t<\/div>\n\t\t\t\t<\/div>\n\t\t<div class=\"elementor-element elementor-element-a4caf4b e-flex e-con-boxed e-con e-parent\" data-id=\"a4caf4b\" data-element_type=\"container\">\n\t\t\t\t\t<div class=\"e-con-inner\">\n\t\t\t\t<div class=\"elementor-element elementor-element-9bb9446 elementor-widget elementor-widget-text-editor\" data-id=\"9bb9446\" data-element_type=\"widget\" data-widget_type=\"text-editor.default\">\n\t\t\t\t<div class=\"elementor-widget-container\">\n\t\t\t\t\t\t\t\t\t<p>Desde el mete\u00f3rico ascenso de las plataformas de medios sociales, un grupo de personas se ha adaptado y ha pasado de la moda, el deporte y la comida a los juegos de azar en l\u00ednea. <a href=\"https:\/\/casinoreturn.com\/es\/asi-son-las-cosas-asi-son-las-cosas\/\">Los influencers<\/a> en marketing no son nada nuevo y antes sol\u00edan ser iconos del deporte o m\u00fasicos que promocionaban sus productos p\u00fablicamente. Pero los tiempos han cambiado y, dado que la mayor\u00eda de nosotros disponemos de tel\u00e9fonos m\u00f3viles e Internet, un n\u00famero significativamente mayor de influencers ha intensificado su juego para promocionar productos de juego online. Este tipo de respaldo a una marca ha abierto la puerta a lo bueno, lo malo y lo feo, en otras palabras, los influencers de hoy en d\u00eda tambi\u00e9n tienen que asumir su parte en el juego responsable. Por lo tanto, echemos un vistazo a algunas de las ventajas de los influencers en el juego y quiz\u00e1s a algunos retos y, a menudo, preocupaciones que podemos debatir.     <\/p>\n\t\t\t\t\t\t\t\t<\/div>\n\t\t\t\t<\/div>\n\t\t\t\t\t<\/div>\n\t\t\t\t<\/div>\n\t\t<div class=\"elementor-element elementor-element-f340639 e-flex e-con-boxed e-con e-parent\" data-id=\"f340639\" data-element_type=\"container\">\n\t\t\t\t\t<div class=\"e-con-inner\">\n\t\t\t\t<div class=\"elementor-element elementor-element-42ea645 elementor-widget elementor-widget-heading\" data-id=\"42ea645\" data-element_type=\"widget\" data-widget_type=\"heading.default\">\n\t\t\t\t<div class=\"elementor-widget-container\">\n\t\t\t\t\t<h4 class=\"elementor-heading-title elementor-size-default\">Ventajas de los influencers en el juego<\/h4>\t\t\t\t<\/div>\n\t\t\t\t<\/div>\n\t\t\t\t\t<\/div>\n\t\t\t\t<\/div>\n\t\t<div class=\"elementor-element elementor-element-a89ec35 e-flex e-con-boxed e-con e-parent\" data-id=\"a89ec35\" data-element_type=\"container\">\n\t\t\t\t\t<div class=\"e-con-inner\">\n\t\t\t\t<div class=\"elementor-element elementor-element-8ec5cde elementor-widget elementor-widget-text-editor\" data-id=\"8ec5cde\" data-element_type=\"widget\" data-widget_type=\"text-editor.default\">\n\t\t\t\t<div class=\"elementor-widget-container\">\n\t\t\t\t\t\t\t\t\t<p>Los siguientes puntos de ventajas est\u00e1n haciendo de los influencers, en t\u00e9rminos generales, un vendedor excepcional:  <\/p>\n<ul>\n<li><strong>Los influencers est\u00e1n dando a conocer la marca.<\/strong>  Su papel en la promoci\u00f3n de una buena marca es especialmente importante, ya que los seguidores generan confianza a partir de las recomendaciones y es m\u00e1s probable que se comprometan con la marca  <\/li>\n<li>Los <strong>conocimientos y la experiencia<\/strong> son dos puntos vitales. Los influencers suelen tener m\u00e1s conocimientos sobre una marca o producto. Crear credibilidad y confianza har\u00e1 que m\u00e1s seguidores prueben una marca o producto promocionado. Por ejemplo, una personalidad deportiva famosa promocionando en su canal una nueva serie de zapatillas deportivas. El resultado es que las ventas de estas zapatillas se disparan, gracias a la recomendaci\u00f3n y a que el icono las lleva puestas. Los influencers son modelos a seguir y los seguidores pueden identificarse o hacer declaraciones llevando la misma marca.       <\/li>\n<li><strong>El compromiso y el poder de la identificaci\u00f3n<\/strong>. A menudo, los propios influencers son profesionales en su campo o han reunido y demostrado un mayor nivel de experiencia. Para ilustrar este punto, echemos un vistazo a los influencers del deporte, el p\u00f3quer y el f\u00fatbol. Las estrellas del baloncesto promocionan una determinada marca, lo que le convierte en uno de los primeros deportistas en ganar 500 millones en comisiones por ventas. Se invita a jugadores de p\u00f3quer en Las Vegas y el cortejo para conseguir que entren esos jugadores de p\u00f3quer de primera es asombroso. Un famoso jugador de f\u00fatbol brit\u00e1nico se ha cambiado el peinado y, como consecuencia de ello, los chicos j\u00f3venes tambi\u00e9n van a la peluquer\u00eda para identificarse con \u00e9l.       <\/li>\n<\/ul>\n\t\t\t\t\t\t\t\t<\/div>\n\t\t\t\t<\/div>\n\t\t\t\t\t<\/div>\n\t\t\t\t<\/div>\n\t\t<div class=\"elementor-element elementor-element-49db073 e-flex e-con-boxed e-con e-parent\" data-id=\"49db073\" data-element_type=\"container\">\n\t\t\t\t\t<div class=\"e-con-inner\">\n\t\t\t\t<div class=\"elementor-element elementor-element-95ecd9c elementor-widget elementor-widget-heading\" data-id=\"95ecd9c\" data-element_type=\"widget\" data-widget_type=\"heading.default\">\n\t\t\t\t<div class=\"elementor-widget-container\">\n\t\t\t\t\t<h4 class=\"elementor-heading-title elementor-size-default\">Retos y responsabilidades<\/h4>\t\t\t\t<\/div>\n\t\t\t\t<\/div>\n\t\t\t\t\t<\/div>\n\t\t\t\t<\/div>\n\t\t<div class=\"elementor-element elementor-element-d90b400 e-flex e-con-boxed e-con e-parent\" data-id=\"d90b400\" data-element_type=\"container\">\n\t\t\t\t\t<div class=\"e-con-inner\">\n\t\t\t\t<div class=\"elementor-element elementor-element-40c1321 elementor-widget elementor-widget-text-editor\" data-id=\"40c1321\" data-element_type=\"widget\" data-widget_type=\"text-editor.default\">\n\t\t\t\t<div class=\"elementor-widget-container\">\n\t\t\t\t\t\t\t\t\t<p>El marketing de casinos y las plataformas de casinos online est\u00e1n regulados y no es sorprendente que un n\u00famero mayor no lo est\u00e9. \u00bfQu\u00e9 retos tienen por delante los influencers y los operadores de casinos? Los retos que se avecinan pueden variar, por se\u00f1alar algunos:  <\/p>\n\t\t\t\t\t\t\t\t<\/div>\n\t\t\t\t<\/div>\n\t\t\t\t\t<\/div>\n\t\t\t\t<\/div>\n\t\t<div class=\"elementor-element elementor-element-836bdc3 e-flex e-con-boxed e-con e-parent\" data-id=\"836bdc3\" data-element_type=\"container\">\n\t\t\t\t\t<div class=\"e-con-inner\">\n\t\t\t\t<div class=\"elementor-element elementor-element-5ecded3 elementor-widget elementor-widget-text-editor\" data-id=\"5ecded3\" data-element_type=\"widget\" data-widget_type=\"text-editor.default\">\n\t\t\t\t<div class=\"elementor-widget-container\">\n\t\t\t\t\t\t\t\t\t<ul>\n<li><strong>Promover el juego online en p\u00fablico suele ser una se\u00f1al de alarma<\/strong> para algunos reguladores y algunos pa\u00edses como Alemania, Espa\u00f1a, Holanda, partes de EE.UU. y GB han tomado medidas eficaces para conocer al enemigo interior. Pero el tiempo ha demostrado que, en lugar de prohibir y echar un manto de regulaciones sobre los jugadores, a menudo es m\u00e1s \u00fatil entablar un di\u00e1logo con los operadores, con la intenci\u00f3n sincera de crear un entorno de juego m\u00e1s seguro. M\u00e1s vale malo conocido.    <\/li>\n<\/ul>\n\t\t\t\t\t\t\t\t<\/div>\n\t\t\t\t<\/div>\n\t\t\t\t\t<\/div>\n\t\t\t\t<\/div>\n\t\t<div class=\"elementor-element elementor-element-91b3109 e-flex e-con-boxed e-con e-parent\" data-id=\"91b3109\" data-element_type=\"container\">\n\t\t\t\t\t<div class=\"e-con-inner\">\n\t\t\t\t<div class=\"elementor-element elementor-element-3a1d9be elementor-widget elementor-widget-text-editor\" data-id=\"3a1d9be\" data-element_type=\"widget\" data-widget_type=\"text-editor.default\">\n\t\t\t\t<div class=\"elementor-widget-container\">\n\t\t\t\t\t\t\t\t\t<ul>\n<li><strong>Los influencers tambi\u00e9n tienen responsabilidades<\/strong> a la hora de proteger a sus seguidores y a la comunidad de colaboraciones con socios de marca que no est\u00e9n dispuestos a apoyar el Juego Responsable y a seguir las normas del mercado.  <\/li>\n<\/ul>\n\t\t\t\t\t\t\t\t<\/div>\n\t\t\t\t<\/div>\n\t\t\t\t\t<\/div>\n\t\t\t\t<\/div>\n\t\t<div class=\"elementor-element elementor-element-8138a19 e-flex e-con-boxed e-con e-parent\" data-id=\"8138a19\" data-element_type=\"container\">\n\t\t\t\t\t<div class=\"e-con-inner\">\n\t\t\t\t<div class=\"elementor-element elementor-element-f004e45 elementor-widget elementor-widget-heading\" data-id=\"f004e45\" data-element_type=\"widget\" data-widget_type=\"heading.default\">\n\t\t\t\t<div class=\"elementor-widget-container\">\n\t\t\t\t\t<h5 class=\"elementor-heading-title elementor-size-default\">\u00bfQu\u00e9 les espera a los influencers en el Casino Online?<\/h5>\t\t\t\t<\/div>\n\t\t\t\t<\/div>\n\t\t\t\t\t<\/div>\n\t\t\t\t<\/div>\n\t\t<div class=\"elementor-element elementor-element-e26ded2 e-flex e-con-boxed e-con e-parent\" data-id=\"e26ded2\" data-element_type=\"container\">\n\t\t\t\t\t<div class=\"e-con-inner\">\n\t\t\t\t<div class=\"elementor-element elementor-element-83be952 elementor-widget elementor-widget-text-editor\" data-id=\"83be952\" data-element_type=\"widget\" data-widget_type=\"text-editor.default\">\n\t\t\t\t<div class=\"elementor-widget-container\">\n\t\t\t\t\t\t\t\t\t<p>El futuro de las redes sociales es r\u00e1pido y colorido. Se espera que tarde o temprano un gran n\u00famero de ellos desaparezca debido a la cantidad abrumadora de personas que intentan tener un impacto significativo. Lo m\u00e1s importante, y para enfatizarlo con fuerza, es mantener a salvo a los jugadores con pr\u00e1cticas de juego responsables y a las personas influyentes \u00e9ticamente cuestionadas que se toman en serio su importante papel en la sociedad. Teniendo en cuenta todo lo anterior, creemos que el futuro ser\u00e1 brillante si se tienen en cuenta todos los aspectos.     <\/p>\n\t\t\t\t\t\t\t\t<\/div>\n\t\t\t\t<\/div>\n\t\t\t\t\t<\/div>\n\t\t\t\t<\/div>\n\t\t\t\t<\/div>\n\t\t","protected":false},"excerpt":{"rendered":"<p>Los Influenciadores de Casinos que utilizan las redes sociales est\u00e1n experimentando un fuerte ascenso a la fama, un punto que a menudo pasan por alto muchos operadores. En el mundo actual de tendencias en constante cambio, hay un grupo que se ha convertido en una fuerza motriz innegable dentro de la industria del juego online. [&hellip;]<\/p>\n","protected":false},"author":1,"featured_media":0,"parent":0,"menu_order":0,"comment_status":"closed","ping_status":"closed","template":"","meta":{"footnotes":""},"class_list":["post-4565","page","type-page","status-publish","hentry"],"blocksy_meta":[],"acf":[],"yoast_head":"<!-- This site is optimized with the Yoast SEO plugin v24.1 - https:\/\/yoast.com\/wordpress\/plugins\/seo\/ -->\n<title>Casino Influencer - casinoreturn<\/title>\n<meta name=\"description\" content=\"Los Casino Influencer han dado un gran salto desde las redes sociales para llegar al Casino Online. S\u00edguenos aqu\u00ed y mira Qui\u00e9n es Qui\u00e9n y qu\u00e9 hay de nuevo en Twitch\" \/>\n<meta name=\"robots\" content=\"index, follow, max-snippet:-1, max-image-preview:large, max-video-preview:-1\" \/>\n<link rel=\"canonical\" href=\"https:\/\/casinoreturn.com\/es\/casino-influencer\/\" \/>\n<meta property=\"og:locale\" content=\"es_ES\" \/>\n<meta property=\"og:type\" content=\"article\" \/>\n<meta property=\"og:title\" content=\"Casino Influencer - casinoreturn\" \/>\n<meta property=\"og:description\" content=\"Los Casino Influencer han dado un gran salto desde las redes sociales para llegar al Casino Online. S\u00edguenos aqu\u00ed y mira Qui\u00e9n es Qui\u00e9n y qu\u00e9 hay de nuevo en Twitch\" \/>\n<meta property=\"og:url\" content=\"https:\/\/casinoreturn.com\/es\/casino-influencer\/\" \/>\n<meta property=\"og:site_name\" content=\"casinoreturn\" \/>\n<meta property=\"article:modified_time\" content=\"2024-12-02T13:47:47+00:00\" \/>\n<meta name=\"twitter:card\" content=\"summary_large_image\" \/>\n<meta name=\"twitter:label1\" content=\"Tiempo de lectura\" \/>\n\t<meta name=\"twitter:data1\" content=\"4 minutos\" \/>\n<script type=\"application\/ld+json\" class=\"yoast-schema-graph\">{\"@context\":\"https:\/\/schema.org\",\"@graph\":[{\"@type\":\"WebPage\",\"@id\":\"https:\/\/casinoreturn.com\/es\/casino-influencer\/\",\"url\":\"https:\/\/casinoreturn.com\/es\/casino-influencer\/\",\"name\":\"Casino Influencer - casinoreturn\",\"isPartOf\":{\"@id\":\"https:\/\/casinoreturn.com\/#website\"},\"datePublished\":\"2024-11-02T10:47:02+00:00\",\"dateModified\":\"2024-12-02T13:47:47+00:00\",\"description\":\"Los Casino Influencer han dado un gran salto desde las redes sociales para llegar al Casino Online. S\u00edguenos aqu\u00ed y mira Qui\u00e9n es Qui\u00e9n y qu\u00e9 hay de nuevo en Twitch\",\"breadcrumb\":{\"@id\":\"https:\/\/casinoreturn.com\/es\/casino-influencer\/#breadcrumb\"},\"inLanguage\":\"es\",\"potentialAction\":[{\"@type\":\"ReadAction\",\"target\":[\"https:\/\/casinoreturn.com\/es\/casino-influencer\/\"]}]},{\"@type\":\"BreadcrumbList\",\"@id\":\"https:\/\/casinoreturn.com\/es\/casino-influencer\/#breadcrumb\",\"itemListElement\":[{\"@type\":\"ListItem\",\"position\":1,\"name\":\"Home\",\"item\":\"https:\/\/casinoreturn.com\/es\/hogar\/\"},{\"@type\":\"ListItem\",\"position\":2,\"name\":\"Casino Influencer\"}]},{\"@type\":\"WebSite\",\"@id\":\"https:\/\/casinoreturn.com\/#website\",\"url\":\"https:\/\/casinoreturn.com\/\",\"name\":\"casinoreturn\",\"description\":\"\",\"publisher\":{\"@id\":\"https:\/\/casinoreturn.com\/#organization\"},\"potentialAction\":[{\"@type\":\"SearchAction\",\"target\":{\"@type\":\"EntryPoint\",\"urlTemplate\":\"https:\/\/casinoreturn.com\/?s={search_term_string}\"},\"query-input\":{\"@type\":\"PropertyValueSpecification\",\"valueRequired\":true,\"valueName\":\"search_term_string\"}}],\"inLanguage\":\"es\"},{\"@type\":\"Organization\",\"@id\":\"https:\/\/casinoreturn.com\/#organization\",\"name\":\"casinoreturn\",\"url\":\"https:\/\/casinoreturn.com\/\",\"logo\":{\"@type\":\"ImageObject\",\"inLanguage\":\"es\",\"@id\":\"https:\/\/casinoreturn.com\/#\/schema\/logo\/image\/\",\"url\":\"https:\/\/casinoreturn.com\/wp-content\/uploads\/2024\/09\/animal-favicon.png\",\"contentUrl\":\"https:\/\/casinoreturn.com\/wp-content\/uploads\/2024\/09\/animal-favicon.png\",\"width\":92,\"height\":92,\"caption\":\"casinoreturn\"},\"image\":{\"@id\":\"https:\/\/casinoreturn.com\/#\/schema\/logo\/image\/\"}}]}<\/script>\n<!-- \/ Yoast SEO plugin. -->","yoast_head_json":{"title":"Casino Influencer - casinoreturn","description":"Los Casino Influencer han dado un gran salto desde las redes sociales para llegar al Casino Online. S\u00edguenos aqu\u00ed y mira Qui\u00e9n es Qui\u00e9n y qu\u00e9 hay de nuevo en Twitch","robots":{"index":"index","follow":"follow","max-snippet":"max-snippet:-1","max-image-preview":"max-image-preview:large","max-video-preview":"max-video-preview:-1"},"canonical":"https:\/\/casinoreturn.com\/es\/casino-influencer\/","og_locale":"es_ES","og_type":"article","og_title":"Casino Influencer - casinoreturn","og_description":"Los Casino Influencer han dado un gran salto desde las redes sociales para llegar al Casino Online. S\u00edguenos aqu\u00ed y mira Qui\u00e9n es Qui\u00e9n y qu\u00e9 hay de nuevo en Twitch","og_url":"https:\/\/casinoreturn.com\/es\/casino-influencer\/","og_site_name":"casinoreturn","article_modified_time":"2024-12-02T13:47:47+00:00","twitter_card":"summary_large_image","twitter_misc":{"Tiempo de lectura":"4 minutos"},"schema":{"@context":"https:\/\/schema.org","@graph":[{"@type":"WebPage","@id":"https:\/\/casinoreturn.com\/es\/casino-influencer\/","url":"https:\/\/casinoreturn.com\/es\/casino-influencer\/","name":"Casino Influencer - casinoreturn","isPartOf":{"@id":"https:\/\/casinoreturn.com\/#website"},"datePublished":"2024-11-02T10:47:02+00:00","dateModified":"2024-12-02T13:47:47+00:00","description":"Los Casino Influencer han dado un gran salto desde las redes sociales para llegar al Casino Online. S\u00edguenos aqu\u00ed y mira Qui\u00e9n es Qui\u00e9n y qu\u00e9 hay de nuevo en Twitch","breadcrumb":{"@id":"https:\/\/casinoreturn.com\/es\/casino-influencer\/#breadcrumb"},"inLanguage":"es","potentialAction":[{"@type":"ReadAction","target":["https:\/\/casinoreturn.com\/es\/casino-influencer\/"]}]},{"@type":"BreadcrumbList","@id":"https:\/\/casinoreturn.com\/es\/casino-influencer\/#breadcrumb","itemListElement":[{"@type":"ListItem","position":1,"name":"Home","item":"https:\/\/casinoreturn.com\/es\/hogar\/"},{"@type":"ListItem","position":2,"name":"Casino Influencer"}]},{"@type":"WebSite","@id":"https:\/\/casinoreturn.com\/#website","url":"https:\/\/casinoreturn.com\/","name":"casinoreturn","description":"","publisher":{"@id":"https:\/\/casinoreturn.com\/#organization"},"potentialAction":[{"@type":"SearchAction","target":{"@type":"EntryPoint","urlTemplate":"https:\/\/casinoreturn.com\/?s={search_term_string}"},"query-input":{"@type":"PropertyValueSpecification","valueRequired":true,"valueName":"search_term_string"}}],"inLanguage":"es"},{"@type":"Organization","@id":"https:\/\/casinoreturn.com\/#organization","name":"casinoreturn","url":"https:\/\/casinoreturn.com\/","logo":{"@type":"ImageObject","inLanguage":"es","@id":"https:\/\/casinoreturn.com\/#\/schema\/logo\/image\/","url":"https:\/\/casinoreturn.com\/wp-content\/uploads\/2024\/09\/animal-favicon.png","contentUrl":"https:\/\/casinoreturn.com\/wp-content\/uploads\/2024\/09\/animal-favicon.png","width":92,"height":92,"caption":"casinoreturn"},"image":{"@id":"https:\/\/casinoreturn.com\/#\/schema\/logo\/image\/"}}]}},"_links":{"self":[{"href":"https:\/\/casinoreturn.com\/es\/wp-json\/wp\/v2\/pages\/4565","targetHints":{"allow":["GET"]}}],"collection":[{"href":"https:\/\/casinoreturn.com\/es\/wp-json\/wp\/v2\/pages"}],"about":[{"href":"https:\/\/casinoreturn.com\/es\/wp-json\/wp\/v2\/types\/page"}],"author":[{"embeddable":true,"href":"https:\/\/casinoreturn.com\/es\/wp-json\/wp\/v2\/users\/1"}],"replies":[{"embeddable":true,"href":"https:\/\/casinoreturn.com\/es\/wp-json\/wp\/v2\/comments?post=4565"}],"version-history":[{"count":1,"href":"https:\/\/casinoreturn.com\/es\/wp-json\/wp\/v2\/pages\/4565\/revisions"}],"predecessor-version":[{"id":4566,"href":"https:\/\/casinoreturn.com\/es\/wp-json\/wp\/v2\/pages\/4565\/revisions\/4566"}],"wp:attachment":[{"href":"https:\/\/casinoreturn.com\/es\/wp-json\/wp\/v2\/media?parent=4565"}],"curies":[{"name":"wp","href":"https:\/\/api.w.org\/{rel}","templated":true}]}}