{"id":4587,"date":"2024-11-13T01:13:25","date_gmt":"2024-11-13T01:13:25","guid":{"rendered":"https:\/\/casinoreturn.com\/tragaperras-cash-noire\/"},"modified":"2024-12-02T14:00:44","modified_gmt":"2024-12-02T14:00:44","slug":"tragaperras-cash-noire","status":"publish","type":"page","link":"https:\/\/casinoreturn.com\/es\/tragaperras-cash-noire\/","title":{"rendered":"Tragaperras Cash Noire"},"content":{"rendered":"\t\t<div data-elementor-type=\"wp-page\" data-elementor-id=\"4587\" class=\"elementor elementor-4587\" data-elementor-post-type=\"page\">\n\t\t\t\t<div class=\"elementor-element elementor-element-1d0a071 e-con-full e-flex e-con e-parent\" data-id=\"1d0a071\" data-element_type=\"container\">\n\t\t\t\t<div class=\"elementor-element elementor-element-d98a0e7 elementor-widget elementor-widget-heading\" data-id=\"d98a0e7\" data-element_type=\"widget\" data-widget_type=\"heading.default\">\n\t\t\t\t<div class=\"elementor-widget-container\">\n\t\t\t\t\t<h3 class=\"elementor-heading-title elementor-size-default\">\u00bfQu\u00e9 necesitas saber sobre Cash Noire?<\/h3>\t\t\t\t<\/div>\n\t\t\t\t<\/div>\n\t\t\t\t<\/div>\n\t\t<div class=\"elementor-element elementor-element-ece14c5 e-con-full e-flex e-con e-parent\" data-id=\"ece14c5\" data-element_type=\"container\">\n\t\t\t\t<div class=\"elementor-element elementor-element-927ac14 elementor-widget elementor-widget-text-editor\" data-id=\"927ac14\" data-element_type=\"widget\" data-widget_type=\"text-editor.default\">\n\t\t\t\t<div class=\"elementor-widget-container\">\n\t\t\t\t\t\t\t\t\t<p>Cash-Noire Slot Game es una innovadora m\u00e1quina tragaperras de la m\u00e1s alta categor\u00eda y convence a jugadores y jugadores con sus tragaperras online. La m\u00e1quina tragaperras ha sido fabricada por el reputado y renombrado desarrollador de software NetEnt, por lo que se considera de la m\u00e1s alta calidad. \u00bfQuieres saber de qu\u00e9 va la tragaperras? El juego convence por su naturaleza m\u00edstica, gira en torno a un asesinato sin resolver. Los matices oscuros del dise\u00f1o dan a todo el juego un toque caracter\u00edstico especialmente tenebroso. Como jugador, se encuentra en San Cayetano y se une a su compa\u00f1ero de juego,     <\/p>\n\t\t\t\t\t\t\t\t<\/div>\n\t\t\t\t<\/div>\n\t\t\t\t<\/div>\n\t\t<div class=\"elementor-element elementor-element-a73bf5b e-con-full e-flex e-con e-parent\" data-id=\"a73bf5b\" data-element_type=\"container\">\n\t\t\t\t<div class=\"elementor-element elementor-element-ada4c5b elementor-widget elementor-widget-image\" data-id=\"ada4c5b\" data-element_type=\"widget\" data-widget_type=\"image.default\">\n\t\t\t\t<div class=\"elementor-widget-container\">\n\t\t\t\t\t\t\t\t\t\t\t\t\t\t\t<img fetchpriority=\"high\" decoding=\"async\" width=\"600\" height=\"840\" src=\"https:\/\/casinoreturn.com\/wp-content\/uploads\/2024\/11\/Cash-noire-Slot-game.jpg\" class=\"attachment-large size-large wp-image-3233\" alt=\"Cash noire Slot game\" srcset=\"https:\/\/casinoreturn.com\/wp-content\/uploads\/2024\/11\/Cash-noire-Slot-game.jpg 600w, https:\/\/casinoreturn.com\/wp-content\/uploads\/2024\/11\/Cash-noire-Slot-game-214x300.jpg 214w\" sizes=\"(max-width: 600px) 100vw, 600px\" \/>\t\t\t\t\t\t\t\t\t\t\t\t\t\t\t<\/div>\n\t\t\t\t<\/div>\n\t\t\t\t<\/div>\n\t\t<div class=\"elementor-element elementor-element-83b2661 e-con-full e-flex e-con e-parent\" data-id=\"83b2661\" data-element_type=\"container\">\n\t\t\t\t<div class=\"elementor-element elementor-element-47cf452 elementor-widget elementor-widget-heading\" data-id=\"47cf452\" data-element_type=\"widget\" data-widget_type=\"heading.default\">\n\t\t\t\t<div class=\"elementor-widget-container\">\n\t\t\t\t\t<h3 class=\"elementor-heading-title elementor-size-default\">\u00bfQui\u00e9n es el detective Flint en la tragaperras Cash Noire?<\/h3>\t\t\t\t<\/div>\n\t\t\t\t<\/div>\n\t\t\t\t<\/div>\n\t\t<div class=\"elementor-element elementor-element-6e9a3d5 e-con-full e-flex e-con e-parent\" data-id=\"6e9a3d5\" data-element_type=\"container\">\n\t\t\t\t<div class=\"elementor-element elementor-element-9c661f6 elementor-widget elementor-widget-text-editor\" data-id=\"9c661f6\" data-element_type=\"widget\" data-widget_type=\"text-editor.default\">\n\t\t\t\t<div class=\"elementor-widget-container\">\n\t\t\t\t\t\t\t\t\t<p>Detective Flint. Juntos, intent\u00e1is dar caza a los criminales que no pueden ser encontrados. Porque quiere ver al culpable de los asesinatos de Green-Ace. Explora la ciudad con el detective y t\u00f3mate un descanso en un bar. El bar es tan misterioso como el juego, porque hay partidas ilegales de p\u00f3quer. Y all\u00ed conocer\u00e1s a la \u00fanica mujer. . .<br \/>\u00bfTienes curiosidad? \u00bfQuieres resolver el asesinato? Entonces permanece atento, porque te proporcionaremos m\u00e1s informaci\u00f3n \u00fatil.         <\/p>\n\t\t\t\t\t\t\t\t<\/div>\n\t\t\t\t<\/div>\n\t\t\t\t<\/div>\n\t\t<div class=\"elementor-element elementor-element-5bb25f2 e-con-full e-flex e-con e-parent\" data-id=\"5bb25f2\" data-element_type=\"container\">\n\t\t\t\t<div class=\"elementor-element elementor-element-e08a986 elementor-widget elementor-widget-heading\" data-id=\"e08a986\" data-element_type=\"widget\" data-widget_type=\"heading.default\">\n\t\t\t\t<div class=\"elementor-widget-container\">\n\t\t\t\t\t<h3 class=\"elementor-heading-title elementor-size-default\">Tiradas m\u00ednimas de Cash Noire<\/h3>\t\t\t\t<\/div>\n\t\t\t\t<\/div>\n\t\t\t\t<\/div>\n\t\t<div class=\"elementor-element elementor-element-cd0632e e-con-full e-flex e-con e-parent\" data-id=\"cd0632e\" data-element_type=\"container\">\n\t\t\t\t<div class=\"elementor-element elementor-element-9be3876 elementor-widget elementor-widget-text-editor\" data-id=\"9be3876\" data-element_type=\"widget\" data-widget_type=\"text-editor.default\">\n\t\t\t\t<div class=\"elementor-widget-container\">\n\t\t\t\t\t\t\t\t\t<p>Inspirado en el Film Noire, el juego nos convence con un estilo \u00fanico. Con m\u00e1s de 1024 oportunidades de ganar y cinco rodillos, el juego ofrece muchas oportunidades atractivas. Puedes jugar a la tragaperras con apuestas a partir de <strong>0,20 por<\/strong> <strong>tirada<\/strong>. Otro punto a favor es que el juego es compatible con muchos servidores diferentes. Cash Noire tambi\u00e9n tiene otras grandes ofertas que deleitan el coraz\u00f3n del jugador. D\u00e9jate convencer por las tiradas gratis, las tiradas gratis sin dep\u00f3sito y los bonos sin dep\u00f3sito. Consigue a\u00fan m\u00e1s recompensas jugando al juego y ayudando al detective en su viaje. \u00a1Toda buena acci\u00f3n tiene su recompensa!       <\/p>\n\t\t\t\t\t\t\t\t<\/div>\n\t\t\t\t<\/div>\n\t\t\t\t<\/div>\n\t\t<div class=\"elementor-element elementor-element-21d84f5 e-con-full e-flex e-con e-parent\" data-id=\"21d84f5\" data-element_type=\"container\">\n\t\t\t\t<div class=\"elementor-element elementor-element-e77fdbf elementor-widget elementor-widget-heading\" data-id=\"e77fdbf\" data-element_type=\"widget\" data-widget_type=\"heading.default\">\n\t\t\t\t<div class=\"elementor-widget-container\">\n\t\t\t\t\t<h3 class=\"elementor-heading-title elementor-size-default\">\u00bfC\u00f3mo jugar a la tragaperras Cash Noire?<\/h3>\t\t\t\t<\/div>\n\t\t\t\t<\/div>\n\t\t\t\t<\/div>\n\t\t<div class=\"elementor-element elementor-element-8abd081 e-con-full e-flex e-con e-parent\" data-id=\"8abd081\" data-element_type=\"container\">\n\t\t\t\t<div class=\"elementor-element elementor-element-59700d3 elementor-widget elementor-widget-image\" data-id=\"59700d3\" data-element_type=\"widget\" data-widget_type=\"image.default\">\n\t\t\t\t<div class=\"elementor-widget-container\">\n\t\t\t\t\t\t\t\t\t\t\t\t\t\t\t<img decoding=\"async\" width=\"680\" height=\"280\" src=\"https:\/\/casinoreturn.com\/wp-content\/uploads\/2024\/11\/Cash-Noire-5-Reels-Spins.jpg\" class=\"attachment-large size-large wp-image-3258\" alt=\"Cash Noire 5 Reels Spins\" srcset=\"https:\/\/casinoreturn.com\/wp-content\/uploads\/2024\/11\/Cash-Noire-5-Reels-Spins.jpg 680w, https:\/\/casinoreturn.com\/wp-content\/uploads\/2024\/11\/Cash-Noire-5-Reels-Spins-300x124.jpg 300w\" sizes=\"(max-width: 680px) 100vw, 680px\" \/>\t\t\t\t\t\t\t\t\t\t\t\t\t\t\t<\/div>\n\t\t\t\t<\/div>\n\t\t\t\t<div class=\"elementor-element elementor-element-f1817fa elementor-widget elementor-widget-text-editor\" data-id=\"f1817fa\" data-element_type=\"widget\" data-widget_type=\"text-editor.default\">\n\t\t\t\t<div class=\"elementor-widget-container\">\n\t\t\t\t\t\t\t\t\t<p>El juego Cash Noire est\u00e1 dividido en cinco categor\u00edas diferentes, m\u00e1s concretamente en cinco zonas delictivas diferentes. Recibes un multiplicador por cada tirada gratuita, que empieza en 1x. Si caes en cartas de zonas especiales, puedes utilizar el multiplicador para tus ganancias, ya que esto puede aumentar tus ganancias. \u00bfQuieres aumentar tu multiplicador? Entonces sigue estos pasos: Si caes con esta carta en una zona especial, y caes sobre un marcador, puedes aumentar su multiplicador entre 1x y 10x en el juego. \u00bfQuieres m\u00e1s tiradas gratuitas? Si quieres m\u00e1s tiradas gratuitas, aumenta su multiplicador. Si la suerte est\u00e1 de tu lado, obtendr\u00e1s una carta con multiplicador m\u00e1s rondas gratis. \u00bfQuieres tiradas gratis sin dep\u00f3sito? Permanece atento. La tragaperras Cash Noire no tiene s\u00edmbolo comod\u00edn y, por tanto, no puede ofrecer un bote progresivo.          <\/p>\n\t\t\t\t\t\t\t\t<\/div>\n\t\t\t\t<\/div>\n\t\t\t\t<div class=\"elementor-element elementor-element-50d6c9c elementor-widget elementor-widget-heading\" data-id=\"50d6c9c\" data-element_type=\"widget\" data-widget_type=\"heading.default\">\n\t\t\t\t<div class=\"elementor-widget-container\">\n\t\t\t\t\t<h2 class=\"elementor-heading-title elementor-size-default\">S\u00edmbolo Misterioso en la Tragaperras Cash Noire<\/h2>\t\t\t\t<\/div>\n\t\t\t\t<\/div>\n\t\t\t\t<div class=\"elementor-element elementor-element-6ea3519 elementor-widget elementor-widget-text-editor\" data-id=\"6ea3519\" data-element_type=\"widget\" data-widget_type=\"text-editor.default\">\n\t\t\t\t<div class=\"elementor-widget-container\">\n\t\t\t\t\t\t\t\t\t<p>El proveedor NetEnt es ciertamente conocido entre los juegos por una cosa: un mont\u00f3n de magn\u00edficas opciones de bonificaci\u00f3n, recompensas como Bonos Gratis Sin Dep\u00f3sito, Tiradas Gratis Sin Dep\u00f3sito, y mucho m\u00e1s para convencerte. Cada vez que haces una de las llamadas combinaciones ganadoras, desencadenas una avalancha. Cuando esto ocurra, los s\u00edmbolos que formaban su combinaci\u00f3n dejar\u00e1n de ser visibles en la pantalla y ser\u00e1n desplazados por otros s\u00edmbolos. \u00bfHas o\u00eddo hablar alguna vez del s\u00edmbolo misterioso? Te lo explicamos. Este s\u00edmbolo es una parte ineludible del juego. Si no consigues una combinaci\u00f3n ganadora en una tirada y en su lugar caes en un s\u00edmbolo de enigma, \u00e9ste se convierte autom\u00e1ticamente en un s\u00edmbolo aleatorio medio. Si caes dentro de una zona de delito, los s\u00edmbolos se duplican y aparecen los mismos. Sin embargo, si caes fuera de esta llamada zona del crimen, ver\u00e1s un s\u00edmbolo normal. Tambi\u00e9n hay una zona de crimen. Si est\u00e1s en esta zona, aparecer\u00e1n en una zona roja. \u00c9sta est\u00e1 llena de puntos calientes y aparece en cada una de sus tiradas. La tirada comienza con tres puntos y puede aumentar hasta cuatro o incluso cinco. \u00bfQuieres m\u00e1s recompensas, bonos sin dep\u00f3sito, bonos sin dep\u00f3sito, tiradas gratis sin dep\u00f3sito? Permanece atento para resolver m\u00e1s enigmas, descifrar los s\u00edmbolos m\u00edsticos, ganar un mont\u00f3n de tiradas gratuitas y multiplicadores, y conseguir tantas recompensas como puedas.              <\/p>\n\t\t\t\t\t\t\t\t<\/div>\n\t\t\t\t<\/div>\n\t\t\t\t<div class=\"elementor-element elementor-element-2a740a2 elementor-widget elementor-widget-heading\" data-id=\"2a740a2\" data-element_type=\"widget\" data-widget_type=\"heading.default\">\n\t\t\t\t<div class=\"elementor-widget-container\">\n\t\t\t\t\t<h3 class=\"elementor-heading-title elementor-size-default\">Cash Noire RTP - Retorno al Jugador<\/h3>\t\t\t\t<\/div>\n\t\t\t\t<\/div>\n\t\t\t\t<div class=\"elementor-element elementor-element-db68b73 elementor-widget elementor-widget-text-editor\" data-id=\"db68b73\" data-element_type=\"widget\" data-widget_type=\"text-editor.default\">\n\t\t\t\t<div class=\"elementor-widget-container\">\n\t\t\t\t\t\t\t\t\t<p>Por supuesto, para ganar en el juego del casino online interviene una gran dosis de suerte. Seguramente te estar\u00e1s preguntando qu\u00e9 probabilidad hay, pero \u00bfes para obtener beneficios o para conseguir el m\u00e1ximo? Esta informaci\u00f3n y estos hechos son de especial importancia para ti, y por eso en BestCasinoListe. Com nos gustar\u00eda informarte.<br \/>Aqu\u00ed nos gustar\u00eda explicarte la abreviatura RTP. RTP son las siglas de Return to Player y significa \u00abVuelta al Jugador\u00bb. \u00abPor tanto, las posibilidades de ganar en una tragaperras online se calculan siempre utilizando el llamado RTP. El RTP de la tragaperras Cash-Noire es de alrededor del 96. 06%. Este valor est\u00e1 ligeramente por encima de la media en comparaci\u00f3n con otras tragaperras online. Aunque seguro que hay m\u00e1quinas tragaperras en la industria de los casinos online que tienen un valor mucho m\u00e1s alto, tambi\u00e9n merece la pena verlo.        <\/p>\n\t\t\t\t\t\t\t\t<\/div>\n\t\t\t\t<\/div>\n\t\t\t\t<div class=\"elementor-element elementor-element-77a03b0 elementor-widget elementor-widget-heading\" data-id=\"77a03b0\" data-element_type=\"widget\" data-widget_type=\"heading.default\">\n\t\t\t\t<div class=\"elementor-widget-container\">\n\t\t\t\t\t<h2 class=\"elementor-heading-title elementor-size-default\">Generador de n\u00fameros aleatorios en Cash Noire<\/h2>\t\t\t\t<\/div>\n\t\t\t\t<\/div>\n\t\t\t\t<div class=\"elementor-element elementor-element-6c337f8 elementor-widget elementor-widget-text-editor\" data-id=\"6c337f8\" data-element_type=\"widget\" data-widget_type=\"text-editor.default\">\n\t\t\t\t<div class=\"elementor-widget-container\">\n\t\t\t\t\t\t\t\t\t<p>Luego est\u00e1 el llamado RNG (Generador de N\u00fameros Aleatorios), que significa en alem\u00e1n Generador de N\u00fameros Aleatorios. Es importante recordar que, sin excepci\u00f3n, todas las tragaperras de los casinos online est\u00e1n controladas por un RNG. De este modo, tambi\u00e9n se reparten los botes y las cartas.<br \/>Nuevos Casinos en Alemania 2021, Casino Test Online, Book of Dead Free Spins. . y mucho m\u00e1s.     <\/p>\n\t\t\t\t\t\t\t\t<\/div>\n\t\t\t\t<\/div>\n\t\t\t\t<div class=\"elementor-element elementor-element-3c236a4 elementor-widget elementor-widget-heading\" data-id=\"3c236a4\" data-element_type=\"widget\" data-widget_type=\"heading.default\">\n\t\t\t\t<div class=\"elementor-widget-container\">\n\t\t\t\t\t<h2 class=\"elementor-heading-title elementor-size-default\">Tragaperras m\u00f3vil Cash Noire<\/h2>\t\t\t\t<\/div>\n\t\t\t\t<\/div>\n\t\t\t\t<div class=\"elementor-element elementor-element-4d99a43 elementor-widget elementor-widget-text-editor\" data-id=\"4d99a43\" data-element_type=\"widget\" data-widget_type=\"text-editor.default\">\n\t\t\t\t<div class=\"elementor-widget-container\">\n\t\t\t\t\t\t\t\t\t<p>\u00bfViajas mucho? Es un hecho que hoy en d\u00eda casi todos los dispositivos est\u00e1n movilizados. Siempre est\u00e1s disponible en cualquier lugar y casi siempre puedes navegar por Internet. As\u00ed que no est\u00e1s obligado a poder divertirte s\u00f3lo en casa, sino que tambi\u00e9n puedes experimentarlo todo en la carretera. Esto tambi\u00e9n supone una gran ventaja, porque la tragaperras Cash-Noire tambi\u00e9n est\u00e1 disponible en versi\u00f3n m\u00f3vil. No tienes que preocuparte por la calidad de la tragaperras, porque la tragaperras Cash Noire no s\u00f3lo impresiona por su dise\u00f1o \u00fanico, sino tambi\u00e9n por su resoluci\u00f3n de alta calidad, incluso en tu dispositivo m\u00f3vil. Tanto en el m\u00f3vil como en la tableta, descarga el juego y d\u00e9jate convencer por su calidad y diversi\u00f3n.      <\/p>\n\t\t\t\t\t\t\t\t<\/div>\n\t\t\t\t<\/div>\n\t\t\t\t<\/div>\n\t\t\t\t<\/div>\n\t\t","protected":false},"excerpt":{"rendered":"<p>\u00bfQu\u00e9 necesitas saber sobre Cash Noire? Cash-Noire Slot Game es una innovadora m\u00e1quina tragaperras de la m\u00e1s alta categor\u00eda y convence a jugadores y jugadores con sus tragaperras online. La m\u00e1quina tragaperras ha sido fabricada por el reputado y renombrado desarrollador de software NetEnt, por lo que se considera de la m\u00e1s alta calidad. \u00bfQuieres [&hellip;]<\/p>\n","protected":false},"author":1,"featured_media":0,"parent":0,"menu_order":0,"comment_status":"closed","ping_status":"closed","template":"","meta":{"footnotes":""},"class_list":["post-4587","page","type-page","status-publish","hentry"],"blocksy_meta":[],"acf":[],"yoast_head":"<!-- This site is optimized with the Yoast SEO plugin v24.1 - https:\/\/yoast.com\/wordpress\/plugins\/seo\/ -->\n<title>Tragaperras Cash Noire - casinoreturn<\/title>\n<meta name=\"description\" content=\"La tragaperras Cash Noire es una de las m\u00e1s conocidas de NetEnt. Inf\u00f3rmate sobre las caracter\u00edsticas de Cash Noire, RTP y mucho m\u00e1s.\" \/>\n<meta name=\"robots\" content=\"index, follow, max-snippet:-1, max-image-preview:large, max-video-preview:-1\" \/>\n<link rel=\"canonical\" href=\"https:\/\/casinoreturn.com\/es\/tragaperras-cash-noire\/\" \/>\n<meta property=\"og:locale\" content=\"es_ES\" \/>\n<meta property=\"og:type\" content=\"article\" \/>\n<meta property=\"og:title\" content=\"Tragaperras Cash Noire - casinoreturn\" \/>\n<meta property=\"og:description\" content=\"La tragaperras Cash Noire es una de las m\u00e1s conocidas de NetEnt. Inf\u00f3rmate sobre las caracter\u00edsticas de Cash Noire, RTP y mucho m\u00e1s.\" \/>\n<meta property=\"og:url\" content=\"https:\/\/casinoreturn.com\/es\/tragaperras-cash-noire\/\" \/>\n<meta property=\"og:site_name\" content=\"casinoreturn\" \/>\n<meta property=\"article:modified_time\" content=\"2024-12-02T14:00:44+00:00\" \/>\n<meta property=\"og:image\" content=\"https:\/\/casinoreturn.com\/wp-content\/uploads\/2024\/11\/Cash-noire-Slot-game.jpg\" \/>\n\t<meta property=\"og:image:width\" content=\"600\" \/>\n\t<meta property=\"og:image:height\" content=\"840\" \/>\n\t<meta property=\"og:image:type\" content=\"image\/jpeg\" \/>\n<meta name=\"twitter:card\" content=\"summary_large_image\" \/>\n<meta name=\"twitter:label1\" content=\"Tiempo de lectura\" \/>\n\t<meta name=\"twitter:data1\" content=\"6 minutos\" \/>\n<script type=\"application\/ld+json\" class=\"yoast-schema-graph\">{\"@context\":\"https:\/\/schema.org\",\"@graph\":[{\"@type\":\"WebPage\",\"@id\":\"https:\/\/casinoreturn.com\/es\/tragaperras-cash-noire\/\",\"url\":\"https:\/\/casinoreturn.com\/es\/tragaperras-cash-noire\/\",\"name\":\"Tragaperras Cash Noire - casinoreturn\",\"isPartOf\":{\"@id\":\"https:\/\/casinoreturn.com\/#website\"},\"primaryImageOfPage\":{\"@id\":\"https:\/\/casinoreturn.com\/es\/tragaperras-cash-noire\/#primaryimage\"},\"image\":{\"@id\":\"https:\/\/casinoreturn.com\/es\/tragaperras-cash-noire\/#primaryimage\"},\"thumbnailUrl\":\"https:\/\/casinoreturn.com\/wp-content\/uploads\/2024\/11\/Cash-noire-Slot-game.jpg\",\"datePublished\":\"2024-11-13T01:13:25+00:00\",\"dateModified\":\"2024-12-02T14:00:44+00:00\",\"description\":\"La tragaperras Cash Noire es una de las m\u00e1s conocidas de NetEnt. Inf\u00f3rmate sobre las caracter\u00edsticas de Cash Noire, RTP y mucho m\u00e1s.\",\"breadcrumb\":{\"@id\":\"https:\/\/casinoreturn.com\/es\/tragaperras-cash-noire\/#breadcrumb\"},\"inLanguage\":\"es\",\"potentialAction\":[{\"@type\":\"ReadAction\",\"target\":[\"https:\/\/casinoreturn.com\/es\/tragaperras-cash-noire\/\"]}]},{\"@type\":\"ImageObject\",\"inLanguage\":\"es\",\"@id\":\"https:\/\/casinoreturn.com\/es\/tragaperras-cash-noire\/#primaryimage\",\"url\":\"https:\/\/casinoreturn.com\/wp-content\/uploads\/2024\/11\/Cash-noire-Slot-game.jpg\",\"contentUrl\":\"https:\/\/casinoreturn.com\/wp-content\/uploads\/2024\/11\/Cash-noire-Slot-game.jpg\"},{\"@type\":\"BreadcrumbList\",\"@id\":\"https:\/\/casinoreturn.com\/es\/tragaperras-cash-noire\/#breadcrumb\",\"itemListElement\":[{\"@type\":\"ListItem\",\"position\":1,\"name\":\"Home\",\"item\":\"https:\/\/casinoreturn.com\/es\/hogar\/\"},{\"@type\":\"ListItem\",\"position\":2,\"name\":\"Tragaperras Cash Noire\"}]},{\"@type\":\"WebSite\",\"@id\":\"https:\/\/casinoreturn.com\/#website\",\"url\":\"https:\/\/casinoreturn.com\/\",\"name\":\"casinoreturn\",\"description\":\"\",\"publisher\":{\"@id\":\"https:\/\/casinoreturn.com\/#organization\"},\"potentialAction\":[{\"@type\":\"SearchAction\",\"target\":{\"@type\":\"EntryPoint\",\"urlTemplate\":\"https:\/\/casinoreturn.com\/?s={search_term_string}\"},\"query-input\":{\"@type\":\"PropertyValueSpecification\",\"valueRequired\":true,\"valueName\":\"search_term_string\"}}],\"inLanguage\":\"es\"},{\"@type\":\"Organization\",\"@id\":\"https:\/\/casinoreturn.com\/#organization\",\"name\":\"casinoreturn\",\"url\":\"https:\/\/casinoreturn.com\/\",\"logo\":{\"@type\":\"ImageObject\",\"inLanguage\":\"es\",\"@id\":\"https:\/\/casinoreturn.com\/#\/schema\/logo\/image\/\",\"url\":\"https:\/\/casinoreturn.com\/wp-content\/uploads\/2024\/09\/animal-favicon.png\",\"contentUrl\":\"https:\/\/casinoreturn.com\/wp-content\/uploads\/2024\/09\/animal-favicon.png\",\"width\":92,\"height\":92,\"caption\":\"casinoreturn\"},\"image\":{\"@id\":\"https:\/\/casinoreturn.com\/#\/schema\/logo\/image\/\"}}]}<\/script>\n<!-- \/ Yoast SEO plugin. -->","yoast_head_json":{"title":"Tragaperras Cash Noire - casinoreturn","description":"La tragaperras Cash Noire es una de las m\u00e1s conocidas de NetEnt. Inf\u00f3rmate sobre las caracter\u00edsticas de Cash Noire, RTP y mucho m\u00e1s.","robots":{"index":"index","follow":"follow","max-snippet":"max-snippet:-1","max-image-preview":"max-image-preview:large","max-video-preview":"max-video-preview:-1"},"canonical":"https:\/\/casinoreturn.com\/es\/tragaperras-cash-noire\/","og_locale":"es_ES","og_type":"article","og_title":"Tragaperras Cash Noire - casinoreturn","og_description":"La tragaperras Cash Noire es una de las m\u00e1s conocidas de NetEnt. Inf\u00f3rmate sobre las caracter\u00edsticas de Cash Noire, RTP y mucho m\u00e1s.","og_url":"https:\/\/casinoreturn.com\/es\/tragaperras-cash-noire\/","og_site_name":"casinoreturn","article_modified_time":"2024-12-02T14:00:44+00:00","og_image":[{"width":600,"height":840,"url":"https:\/\/casinoreturn.com\/wp-content\/uploads\/2024\/11\/Cash-noire-Slot-game.jpg","type":"image\/jpeg"}],"twitter_card":"summary_large_image","twitter_misc":{"Tiempo de lectura":"6 minutos"},"schema":{"@context":"https:\/\/schema.org","@graph":[{"@type":"WebPage","@id":"https:\/\/casinoreturn.com\/es\/tragaperras-cash-noire\/","url":"https:\/\/casinoreturn.com\/es\/tragaperras-cash-noire\/","name":"Tragaperras Cash Noire - casinoreturn","isPartOf":{"@id":"https:\/\/casinoreturn.com\/#website"},"primaryImageOfPage":{"@id":"https:\/\/casinoreturn.com\/es\/tragaperras-cash-noire\/#primaryimage"},"image":{"@id":"https:\/\/casinoreturn.com\/es\/tragaperras-cash-noire\/#primaryimage"},"thumbnailUrl":"https:\/\/casinoreturn.com\/wp-content\/uploads\/2024\/11\/Cash-noire-Slot-game.jpg","datePublished":"2024-11-13T01:13:25+00:00","dateModified":"2024-12-02T14:00:44+00:00","description":"La tragaperras Cash Noire es una de las m\u00e1s conocidas de NetEnt. Inf\u00f3rmate sobre las caracter\u00edsticas de Cash Noire, RTP y mucho m\u00e1s.","breadcrumb":{"@id":"https:\/\/casinoreturn.com\/es\/tragaperras-cash-noire\/#breadcrumb"},"inLanguage":"es","potentialAction":[{"@type":"ReadAction","target":["https:\/\/casinoreturn.com\/es\/tragaperras-cash-noire\/"]}]},{"@type":"ImageObject","inLanguage":"es","@id":"https:\/\/casinoreturn.com\/es\/tragaperras-cash-noire\/#primaryimage","url":"https:\/\/casinoreturn.com\/wp-content\/uploads\/2024\/11\/Cash-noire-Slot-game.jpg","contentUrl":"https:\/\/casinoreturn.com\/wp-content\/uploads\/2024\/11\/Cash-noire-Slot-game.jpg"},{"@type":"BreadcrumbList","@id":"https:\/\/casinoreturn.com\/es\/tragaperras-cash-noire\/#breadcrumb","itemListElement":[{"@type":"ListItem","position":1,"name":"Home","item":"https:\/\/casinoreturn.com\/es\/hogar\/"},{"@type":"ListItem","position":2,"name":"Tragaperras Cash Noire"}]},{"@type":"WebSite","@id":"https:\/\/casinoreturn.com\/#website","url":"https:\/\/casinoreturn.com\/","name":"casinoreturn","description":"","publisher":{"@id":"https:\/\/casinoreturn.com\/#organization"},"potentialAction":[{"@type":"SearchAction","target":{"@type":"EntryPoint","urlTemplate":"https:\/\/casinoreturn.com\/?s={search_term_string}"},"query-input":{"@type":"PropertyValueSpecification","valueRequired":true,"valueName":"search_term_string"}}],"inLanguage":"es"},{"@type":"Organization","@id":"https:\/\/casinoreturn.com\/#organization","name":"casinoreturn","url":"https:\/\/casinoreturn.com\/","logo":{"@type":"ImageObject","inLanguage":"es","@id":"https:\/\/casinoreturn.com\/#\/schema\/logo\/image\/","url":"https:\/\/casinoreturn.com\/wp-content\/uploads\/2024\/09\/animal-favicon.png","contentUrl":"https:\/\/casinoreturn.com\/wp-content\/uploads\/2024\/09\/animal-favicon.png","width":92,"height":92,"caption":"casinoreturn"},"image":{"@id":"https:\/\/casinoreturn.com\/#\/schema\/logo\/image\/"}}]}},"_links":{"self":[{"href":"https:\/\/casinoreturn.com\/es\/wp-json\/wp\/v2\/pages\/4587","targetHints":{"allow":["GET"]}}],"collection":[{"href":"https:\/\/casinoreturn.com\/es\/wp-json\/wp\/v2\/pages"}],"about":[{"href":"https:\/\/casinoreturn.com\/es\/wp-json\/wp\/v2\/types\/page"}],"author":[{"embeddable":true,"href":"https:\/\/casinoreturn.com\/es\/wp-json\/wp\/v2\/users\/1"}],"replies":[{"embeddable":true,"href":"https:\/\/casinoreturn.com\/es\/wp-json\/wp\/v2\/comments?post=4587"}],"version-history":[{"count":1,"href":"https:\/\/casinoreturn.com\/es\/wp-json\/wp\/v2\/pages\/4587\/revisions"}],"predecessor-version":[{"id":4588,"href":"https:\/\/casinoreturn.com\/es\/wp-json\/wp\/v2\/pages\/4587\/revisions\/4588"}],"wp:attachment":[{"href":"https:\/\/casinoreturn.com\/es\/wp-json\/wp\/v2\/media?parent=4587"}],"curies":[{"name":"wp","href":"https:\/\/api.w.org\/{rel}","templated":true}]}}