{"id":4637,"date":"2024-11-20T13:24:12","date_gmt":"2024-11-20T13:24:12","guid":{"rendered":"https:\/\/casinoreturn.com\/casinos-esport\/"},"modified":"2024-12-02T14:26:17","modified_gmt":"2024-12-02T14:26:17","slug":"casinos-esport","status":"publish","type":"page","link":"https:\/\/casinoreturn.com\/es\/casinos-esport\/","title":{"rendered":"Casinos eSport"},"content":{"rendered":"\t\t<div data-elementor-type=\"wp-page\" data-elementor-id=\"4637\" class=\"elementor elementor-4637\" data-elementor-post-type=\"page\">\n\t\t\t\t<div class=\"elementor-element elementor-element-fdf3628 e-con-full e-flex e-con e-parent\" data-id=\"fdf3628\" data-element_type=\"container\">\n\t\t\t\t<div class=\"elementor-element elementor-element-d39e98f elementor-widget elementor-widget-heading\" data-id=\"d39e98f\" data-element_type=\"widget\" data-widget_type=\"heading.default\">\n\t\t\t\t<div class=\"elementor-widget-container\">\n\t\t\t\t\t<h1 class=\"elementor-heading-title elementor-size-default\">ESport Casinos y Esport Casino Apuestas<\/h1>\t\t\t\t<\/div>\n\t\t\t\t<\/div>\n\t\t\t\t<div class=\"elementor-element elementor-element-f722aef elementor-widget elementor-widget-image\" data-id=\"f722aef\" data-element_type=\"widget\" data-widget_type=\"image.default\">\n\t\t\t\t<div class=\"elementor-widget-container\">\n\t\t\t\t\t\t\t\t\t\t\t\t\t\t\t<img fetchpriority=\"high\" decoding=\"async\" width=\"360\" height=\"360\" src=\"https:\/\/casinoreturn.com\/wp-content\/uploads\/2024\/11\/esport-casinos.jpg\" class=\"attachment-large size-large wp-image-3671\" alt=\"esport casinos\" srcset=\"https:\/\/casinoreturn.com\/wp-content\/uploads\/2024\/11\/esport-casinos.jpg 360w, https:\/\/casinoreturn.com\/wp-content\/uploads\/2024\/11\/esport-casinos-300x300.jpg 300w, https:\/\/casinoreturn.com\/wp-content\/uploads\/2024\/11\/esport-casinos-150x150.jpg 150w\" sizes=\"(max-width: 360px) 100vw, 360px\" \/>\t\t\t\t\t\t\t\t\t\t\t\t\t\t\t<\/div>\n\t\t\t\t<\/div>\n\t\t\t\t<div class=\"elementor-element elementor-element-edb1ad6 elementor-widget elementor-widget-text-editor\" data-id=\"edb1ad6\" data-element_type=\"widget\" data-widget_type=\"text-editor.default\">\n\t\t\t\t<div class=\"elementor-widget-container\">\n\t\t\t\t\t\t\t\t\t<h3><strong>Casinos eSport y Apuestas Esports &#8211; Un mundo de aplicaciones m\u00f3viles en r\u00e1pida evoluci\u00f3n  <\/strong><\/h3>\n\t\t\t\t\t\t\t\t<\/div>\n\t\t\t\t<\/div>\n\t\t\t\t<div class=\"elementor-element elementor-element-16e733a elementor-widget elementor-widget-text-editor\" data-id=\"16e733a\" data-element_type=\"widget\" data-widget_type=\"text-editor.default\">\n\t\t\t\t<div class=\"elementor-widget-container\">\n\t\t\t\t\t\t\t\t\t<p>eSport Casinos apuestas &#8211; No s\u00f3lo es un hobby y una pasi\u00f3n para la mayor\u00eda de nosotros, sino al mismo tiempo, si lo conoces bien, una forma estupenda de obtener ingresos secundarios si lo sabes hacer.<\/p>\n<p>En los deportes electr\u00f3nicos existen los llamados torneos, en los que se premia a los mejores jugadores. Incluso los campeonatos mundiales se celebran regularmente en este tipo de eSports. Esto permite a los fan\u00e1ticos de los eSports apostar online por sus equipos y jugadores favoritos.  <\/p>\n<p>En el siguiente art\u00edculo, aprender\u00e1s todo lo que necesitas saber sobre las apuestas en eSports, como por ejemplo a qu\u00e9 jugadores puedes apostar en eSports, a qu\u00e9 debes prestar atenci\u00f3n, etc. De nosotros recibir\u00e1s informaci\u00f3n exclusiva sobre aquello a lo que debes prestar atenci\u00f3n. Queremos darte los consejos que impulsar\u00e1n tu \u00e9xito en el mundo de las apuestas de eSports para que puedas tener \u00e9xito.  <\/p>\n\t\t\t\t\t\t\t\t<\/div>\n\t\t\t\t<\/div>\n\t\t\t\t<div class=\"elementor-element elementor-element-9bc958b elementor-button-success elementor-widget elementor-widget-button\" data-id=\"9bc958b\" data-element_type=\"widget\" data-widget_type=\"button.default\">\n\t\t\t\t<div class=\"elementor-widget-container\">\n\t\t\t\t\t\t\t\t\t<div class=\"elementor-button-wrapper\">\n\t\t\t\t\t<a class=\"elementor-button elementor-button-link elementor-size-sm\" href=\"https:\/\/lvbet.com\/sports\/en\/esport\/\" target=\"_blank\">\n\t\t\t\t\t\t<span class=\"elementor-button-content-wrapper\">\n\t\t\t\t\t\t\t\t\t<span class=\"elementor-button-text\">Apuestas Epsort con LVBet  <\/span>\n\t\t\t\t\t<\/span>\n\t\t\t\t\t<\/a>\n\t\t\t\t<\/div>\n\t\t\t\t\t\t\t\t<\/div>\n\t\t\t\t<\/div>\n\t\t\t\t<div class=\"elementor-element elementor-element-bcac7df elementor-widget elementor-widget-heading\" data-id=\"bcac7df\" data-element_type=\"widget\" data-widget_type=\"heading.default\">\n\t\t\t\t<div class=\"elementor-widget-container\">\n\t\t\t\t\t<h3 class=\"elementor-heading-title elementor-size-default\">\u00bfQu\u00e9 son exactamente las apuestas eSports?<\/h3>\t\t\t\t<\/div>\n\t\t\t\t<\/div>\n\t\t\t\t<div class=\"elementor-element elementor-element-3426893 elementor-widget elementor-widget-text-editor\" data-id=\"3426893\" data-element_type=\"widget\" data-widget_type=\"text-editor.default\">\n\t\t\t\t<div class=\"elementor-widget-container\">\n\t\t\t\t\t\t\t\t\t<p>Las apuestas ESport en los Casinos eSport pertenecen a los tipos m\u00e1s nuevos de apuestas online. En los \u00faltimos a\u00f1os, el inter\u00e9s por los eSports ha aumentado constantemente, y ahora es una de las versiones m\u00e1s populares de las apuestas online. Como resultado, el n\u00famero de proveedores de apuestas de eSports crece constantemente. A estas alturas, puede que ya conozcas a alguien que sea un fan\u00e1tico de los eSports o que est\u00e9 muy metido en el tema y le interese mucho.   <\/p>\n\t\t\t\t\t\t\t\t<\/div>\n\t\t\t\t<\/div>\n\t\t\t\t<div class=\"elementor-element elementor-element-c3b9f87 elementor-widget elementor-widget-button\" data-id=\"c3b9f87\" data-element_type=\"widget\" data-widget_type=\"button.default\">\n\t\t\t\t<div class=\"elementor-widget-container\">\n\t\t\t\t\t\t\t\t\t<div class=\"elementor-button-wrapper\">\n\t\t\t\t\t<a class=\"elementor-button elementor-button-link elementor-size-sm\" href=\"#\">\n\t\t\t\t\t\t<span class=\"elementor-button-content-wrapper\">\n\t\t\t\t\t\t\t\t\t<span class=\"elementor-button-text\">Apuestas deportivas con Bitkingz<\/span>\n\t\t\t\t\t<\/span>\n\t\t\t\t\t<\/a>\n\t\t\t\t<\/div>\n\t\t\t\t\t\t\t\t<\/div>\n\t\t\t\t<\/div>\n\t\t\t\t<div class=\"elementor-element elementor-element-9d858c2 elementor-widget elementor-widget-heading\" data-id=\"9d858c2\" data-element_type=\"widget\" data-widget_type=\"heading.default\">\n\t\t\t\t<div class=\"elementor-widget-container\">\n\t\t\t\t\t<h3 class=\"elementor-heading-title elementor-size-default\">\u00bfQu\u00e9 juegos est\u00e1n disponibles en eSports?<\/h3>\t\t\t\t<\/div>\n\t\t\t\t<\/div>\n\t\t\t\t<div class=\"elementor-element elementor-element-7ba9fd5 elementor-widget elementor-widget-text-editor\" data-id=\"7ba9fd5\" data-element_type=\"widget\" data-widget_type=\"text-editor.default\">\n\t\t\t\t<div class=\"elementor-widget-container\">\n\t\t\t\t\t\t\t\t\t<p>CS: GO es uno de los juegos m\u00e1s populares en <strong>las apuestas de<\/strong> eSports. Sin embargo, esto cambia constantemente debido al crecimiento exponencial y al aumento constante de la competencia. Continuamente se a\u00f1aden nuevos juegos, como el g\u00e9nero Battle-Royale, que incluye Fortnite y PUBG. Los juegos MOBA tambi\u00e9n han conservado su glamour y han cautivado a los jugadores. As\u00ed, LoL y DotA siguen cosechando buenas cr\u00edticas.    <\/p>\n<p><strong>Counterstrike Global Offensive,<\/strong> o<strong> CSGO<\/strong> para abreviar, es un juego de disparos desarrollado por Valve y Hidden Path Entertainment. El juego es uno de los juegos multijugador. Se puede jugar en Windows, OS X, Xbox 360 y PlayStation 3. El juego se desarroll\u00f3 en 2012.   <\/p>\n<p><strong>Epic Games lanz\u00f3 y desarroll\u00f3 Fortnite en 2017<\/strong>. El videojuego online incluye elementos cooperativos de shooter de supervivencia y est\u00e1 disponible en Windows, Mac OS, Nintendo Switch, PlayStation 4, PlayStation 5, Xbox One, Xbox Series X y Android. <\/p>\n<p>Nuestro \u00faltimo ejemplo es el juego <strong>LoL-League of Legends<\/strong>, desarrollado y publicado por Riot Games. Este juego es un multijugador online que se desarrolla en una arena de combate y est\u00e1 disponible en Windows y Mac OS. <\/p>\n\t\t\t\t\t\t\t\t<\/div>\n\t\t\t\t<\/div>\n\t\t\t\t<\/div>\n\t\t<div class=\"elementor-element elementor-element-22f6be3 e-con-full e-flex e-con e-parent\" data-id=\"22f6be3\" data-element_type=\"container\">\n\t\t\t\t<div class=\"elementor-element elementor-element-78d5df1 elementor-widget elementor-widget-heading\" data-id=\"78d5df1\" data-element_type=\"widget\" data-widget_type=\"heading.default\">\n\t\t\t\t<div class=\"elementor-widget-container\">\n\t\t\t\t\t<h3 class=\"elementor-heading-title elementor-size-default\">\u00bfApuestas de eSports frente a apuestas deportivas?<\/h3>\t\t\t\t<\/div>\n\t\t\t\t<\/div>\n\t\t\t\t<div class=\"elementor-element elementor-element-007718b elementor-widget elementor-widget-text-editor\" data-id=\"007718b\" data-element_type=\"widget\" data-widget_type=\"text-editor.default\">\n\t\t\t\t<div class=\"elementor-widget-container\">\n\t\t\t\t\t\t\t\t\t<p>Si comparas las apuestas de eSports con otras apuestas deportivas populares, estos dos tipos de apuestas parecen muy similares a primera vista. Ambas est\u00e1n relacionadas con un deporte concreto, pero antes de empezar debes informarte sobre el g\u00e9nero, ya que existen torneos, campeonatos y partidos de copa. As\u00ed que podr\u00edas pensar que no hay grandes diferencias entre ellas. Las apuestas online eSports deben jugarse de la misma manera que todos los dem\u00e1s tipos de apuestas online, con una posible peque\u00f1a diferencia en la financiaci\u00f3n y los proveedores individuales, que sin embargo no representa una gran diferencia para ellos como apostantes.   <\/p>\n\t\t\t\t\t\t\t\t<\/div>\n\t\t\t\t<\/div>\n\t\t\t\t<div class=\"elementor-element elementor-element-049f4af elementor-widget elementor-widget-heading\" data-id=\"049f4af\" data-element_type=\"widget\" data-widget_type=\"heading.default\">\n\t\t\t\t<div class=\"elementor-widget-container\">\n\t\t\t\t\t<h3 class=\"elementor-heading-title elementor-size-default\">Los juegos m\u00e1s famosos para apostar<\/h3>\t\t\t\t<\/div>\n\t\t\t\t<\/div>\n\t\t\t\t<\/div>\n\t\t<div class=\"elementor-element elementor-element-4257928 e-con-full e-flex e-con e-parent\" data-id=\"4257928\" data-element_type=\"container\">\n\t\t\t\t<div class=\"elementor-element elementor-element-0a1e3a9 elementor-widget elementor-widget-text-editor\" data-id=\"0a1e3a9\" data-element_type=\"widget\" data-widget_type=\"text-editor.default\">\n\t\t\t\t<div class=\"elementor-widget-container\">\n\t\t\t\t\t\t\t\t\t<p>En el siguiente art\u00edculo, podr\u00e1s saber un poco m\u00e1s sobre tus dos juegos favoritos de eSports. Hemos intentado reducir nuestra selecci\u00f3n para que te resulte m\u00e1s f\u00e1cil decidirte. Por lo tanto, nos referiremos a los juegos CS: GO y LoL. Ya has recibido los datos t\u00e9cnicos clave del juego, as\u00ed que ahora podemos entrar en informaci\u00f3n m\u00e1s detallada sobre el juego.   <\/p>\n<p>Los pr\u00f3ximos partidos de liga, la LCS de Riot Games y los Playoffs de Primavera de la LCS permiten diferentes tipos de apuestas para los jugadores. Por supuesto, tienes varias opciones, as\u00ed que puedes hacer una apuesta ganadora sobre qu\u00e9 equipo gana o sobre determinadas personas. <\/p>\n<p>En los Casinos eSport puedes hacer apuestas sobre diferentes eventos que pueden ocurrir en el juego LoL: \u00bfQu\u00e9 equipo consigue la \u00abPrimera Sangre\u00bb? \u00bfQu\u00e9 equipo vencer\u00e1 primero al Equipo Bar\u00f3n Nashor o ganar\u00e1 la partida con un l\u00e1piz? Adem\u00e1s de las apuestas habituales, hay disponibles apuestas especiales durante los grandes torneos, como el Campeonato Mundial de League of Legends o el MSI.  <\/p>\n<p>La escena profesional de las apuestas de CS: GO es bien conocida y se ha convertido en una de las m\u00e1s influyentes del sector. Los equipos de primera clase y sus jugadores se han convertido en figuras de culto en la comunidad, y cada vez hay m\u00e1s torneos con mayores bolsas de premios que nunca. ESL One Colonia es actualmente el tema principal para todos los aficionados a CS GO. Pero pronto se cambiar\u00e1 por el FACEIT Major de Londres, que sin duda ser\u00e1 todo un espect\u00e1culo. No hay duda de que el juego de CS: GO es muy dif\u00edcil, los fichajes son frecuentes y cambiantes, el juego es angustioso y los resultados dif\u00edciles de predecir.    <\/p>\n\t\t\t\t\t\t\t\t<\/div>\n\t\t\t\t<\/div>\n\t\t\t\t<\/div>\n\t\t\t\t<\/div>\n\t\t","protected":false},"excerpt":{"rendered":"<p>ESport Casinos y Esport Casino Apuestas Casinos eSport y Apuestas Esports &#8211; Un mundo de aplicaciones m\u00f3viles en r\u00e1pida evoluci\u00f3n eSport Casinos apuestas &#8211; No s\u00f3lo es un hobby y una pasi\u00f3n para la mayor\u00eda de nosotros, sino al mismo tiempo, si lo conoces bien, una forma estupenda de obtener ingresos secundarios si lo sabes [&hellip;]<\/p>\n","protected":false},"author":1,"featured_media":0,"parent":0,"menu_order":0,"comment_status":"closed","ping_status":"closed","template":"","meta":{"footnotes":""},"class_list":["post-4637","page","type-page","status-publish","hentry"],"blocksy_meta":[],"acf":[],"yoast_head":"<!-- This site is optimized with the Yoast SEO plugin v24.1 - https:\/\/yoast.com\/wordpress\/plugins\/seo\/ -->\n<title>Casinos eSport - casinoreturn<\/title>\n<meta name=\"description\" content=\"Los Casinos eSport son una peque\u00f1a entidad propia. Una creciente comunidad m\u00f3vil de eSport con fant\u00e1sticos juegos e interacciones sociales.\" \/>\n<meta name=\"robots\" content=\"index, follow, max-snippet:-1, max-image-preview:large, max-video-preview:-1\" \/>\n<link rel=\"canonical\" href=\"https:\/\/casinoreturn.com\/es\/casinos-esport\/\" \/>\n<meta property=\"og:locale\" content=\"es_ES\" \/>\n<meta property=\"og:type\" content=\"article\" \/>\n<meta property=\"og:title\" content=\"Casinos eSport - casinoreturn\" \/>\n<meta property=\"og:description\" content=\"Los Casinos eSport son una peque\u00f1a entidad propia. Una creciente comunidad m\u00f3vil de eSport con fant\u00e1sticos juegos e interacciones sociales.\" \/>\n<meta property=\"og:url\" content=\"https:\/\/casinoreturn.com\/es\/casinos-esport\/\" \/>\n<meta property=\"og:site_name\" content=\"casinoreturn\" \/>\n<meta property=\"article:modified_time\" content=\"2024-12-02T14:26:17+00:00\" \/>\n<meta property=\"og:image\" content=\"https:\/\/casinoreturn.com\/wp-content\/uploads\/2024\/11\/esport-casinos.jpg\" \/>\n\t<meta property=\"og:image:width\" content=\"360\" \/>\n\t<meta property=\"og:image:height\" content=\"360\" \/>\n\t<meta property=\"og:image:type\" content=\"image\/jpeg\" \/>\n<meta name=\"twitter:card\" content=\"summary_large_image\" \/>\n<meta name=\"twitter:label1\" content=\"Tiempo de lectura\" \/>\n\t<meta name=\"twitter:data1\" content=\"4 minutos\" \/>\n<script type=\"application\/ld+json\" class=\"yoast-schema-graph\">{\"@context\":\"https:\/\/schema.org\",\"@graph\":[{\"@type\":\"WebPage\",\"@id\":\"https:\/\/casinoreturn.com\/es\/casinos-esport\/\",\"url\":\"https:\/\/casinoreturn.com\/es\/casinos-esport\/\",\"name\":\"Casinos eSport - casinoreturn\",\"isPartOf\":{\"@id\":\"https:\/\/casinoreturn.com\/#website\"},\"primaryImageOfPage\":{\"@id\":\"https:\/\/casinoreturn.com\/es\/casinos-esport\/#primaryimage\"},\"image\":{\"@id\":\"https:\/\/casinoreturn.com\/es\/casinos-esport\/#primaryimage\"},\"thumbnailUrl\":\"https:\/\/casinoreturn.com\/wp-content\/uploads\/2024\/11\/esport-casinos.jpg\",\"datePublished\":\"2024-11-20T13:24:12+00:00\",\"dateModified\":\"2024-12-02T14:26:17+00:00\",\"description\":\"Los Casinos eSport son una peque\u00f1a entidad propia. Una creciente comunidad m\u00f3vil de eSport con fant\u00e1sticos juegos e interacciones sociales.\",\"breadcrumb\":{\"@id\":\"https:\/\/casinoreturn.com\/es\/casinos-esport\/#breadcrumb\"},\"inLanguage\":\"es\",\"potentialAction\":[{\"@type\":\"ReadAction\",\"target\":[\"https:\/\/casinoreturn.com\/es\/casinos-esport\/\"]}]},{\"@type\":\"ImageObject\",\"inLanguage\":\"es\",\"@id\":\"https:\/\/casinoreturn.com\/es\/casinos-esport\/#primaryimage\",\"url\":\"https:\/\/casinoreturn.com\/wp-content\/uploads\/2024\/11\/esport-casinos.jpg\",\"contentUrl\":\"https:\/\/casinoreturn.com\/wp-content\/uploads\/2024\/11\/esport-casinos.jpg\"},{\"@type\":\"BreadcrumbList\",\"@id\":\"https:\/\/casinoreturn.com\/es\/casinos-esport\/#breadcrumb\",\"itemListElement\":[{\"@type\":\"ListItem\",\"position\":1,\"name\":\"Home\",\"item\":\"https:\/\/casinoreturn.com\/es\/hogar\/\"},{\"@type\":\"ListItem\",\"position\":2,\"name\":\"Casinos eSport\"}]},{\"@type\":\"WebSite\",\"@id\":\"https:\/\/casinoreturn.com\/#website\",\"url\":\"https:\/\/casinoreturn.com\/\",\"name\":\"casinoreturn\",\"description\":\"\",\"publisher\":{\"@id\":\"https:\/\/casinoreturn.com\/#organization\"},\"potentialAction\":[{\"@type\":\"SearchAction\",\"target\":{\"@type\":\"EntryPoint\",\"urlTemplate\":\"https:\/\/casinoreturn.com\/?s={search_term_string}\"},\"query-input\":{\"@type\":\"PropertyValueSpecification\",\"valueRequired\":true,\"valueName\":\"search_term_string\"}}],\"inLanguage\":\"es\"},{\"@type\":\"Organization\",\"@id\":\"https:\/\/casinoreturn.com\/#organization\",\"name\":\"casinoreturn\",\"url\":\"https:\/\/casinoreturn.com\/\",\"logo\":{\"@type\":\"ImageObject\",\"inLanguage\":\"es\",\"@id\":\"https:\/\/casinoreturn.com\/#\/schema\/logo\/image\/\",\"url\":\"https:\/\/casinoreturn.com\/wp-content\/uploads\/2024\/09\/animal-favicon.png\",\"contentUrl\":\"https:\/\/casinoreturn.com\/wp-content\/uploads\/2024\/09\/animal-favicon.png\",\"width\":92,\"height\":92,\"caption\":\"casinoreturn\"},\"image\":{\"@id\":\"https:\/\/casinoreturn.com\/#\/schema\/logo\/image\/\"}}]}<\/script>\n<!-- \/ Yoast SEO plugin. -->","yoast_head_json":{"title":"Casinos eSport - casinoreturn","description":"Los Casinos eSport son una peque\u00f1a entidad propia. Una creciente comunidad m\u00f3vil de eSport con fant\u00e1sticos juegos e interacciones sociales.","robots":{"index":"index","follow":"follow","max-snippet":"max-snippet:-1","max-image-preview":"max-image-preview:large","max-video-preview":"max-video-preview:-1"},"canonical":"https:\/\/casinoreturn.com\/es\/casinos-esport\/","og_locale":"es_ES","og_type":"article","og_title":"Casinos eSport - casinoreturn","og_description":"Los Casinos eSport son una peque\u00f1a entidad propia. Una creciente comunidad m\u00f3vil de eSport con fant\u00e1sticos juegos e interacciones sociales.","og_url":"https:\/\/casinoreturn.com\/es\/casinos-esport\/","og_site_name":"casinoreturn","article_modified_time":"2024-12-02T14:26:17+00:00","og_image":[{"width":360,"height":360,"url":"https:\/\/casinoreturn.com\/wp-content\/uploads\/2024\/11\/esport-casinos.jpg","type":"image\/jpeg"}],"twitter_card":"summary_large_image","twitter_misc":{"Tiempo de lectura":"4 minutos"},"schema":{"@context":"https:\/\/schema.org","@graph":[{"@type":"WebPage","@id":"https:\/\/casinoreturn.com\/es\/casinos-esport\/","url":"https:\/\/casinoreturn.com\/es\/casinos-esport\/","name":"Casinos eSport - casinoreturn","isPartOf":{"@id":"https:\/\/casinoreturn.com\/#website"},"primaryImageOfPage":{"@id":"https:\/\/casinoreturn.com\/es\/casinos-esport\/#primaryimage"},"image":{"@id":"https:\/\/casinoreturn.com\/es\/casinos-esport\/#primaryimage"},"thumbnailUrl":"https:\/\/casinoreturn.com\/wp-content\/uploads\/2024\/11\/esport-casinos.jpg","datePublished":"2024-11-20T13:24:12+00:00","dateModified":"2024-12-02T14:26:17+00:00","description":"Los Casinos eSport son una peque\u00f1a entidad propia. Una creciente comunidad m\u00f3vil de eSport con fant\u00e1sticos juegos e interacciones sociales.","breadcrumb":{"@id":"https:\/\/casinoreturn.com\/es\/casinos-esport\/#breadcrumb"},"inLanguage":"es","potentialAction":[{"@type":"ReadAction","target":["https:\/\/casinoreturn.com\/es\/casinos-esport\/"]}]},{"@type":"ImageObject","inLanguage":"es","@id":"https:\/\/casinoreturn.com\/es\/casinos-esport\/#primaryimage","url":"https:\/\/casinoreturn.com\/wp-content\/uploads\/2024\/11\/esport-casinos.jpg","contentUrl":"https:\/\/casinoreturn.com\/wp-content\/uploads\/2024\/11\/esport-casinos.jpg"},{"@type":"BreadcrumbList","@id":"https:\/\/casinoreturn.com\/es\/casinos-esport\/#breadcrumb","itemListElement":[{"@type":"ListItem","position":1,"name":"Home","item":"https:\/\/casinoreturn.com\/es\/hogar\/"},{"@type":"ListItem","position":2,"name":"Casinos eSport"}]},{"@type":"WebSite","@id":"https:\/\/casinoreturn.com\/#website","url":"https:\/\/casinoreturn.com\/","name":"casinoreturn","description":"","publisher":{"@id":"https:\/\/casinoreturn.com\/#organization"},"potentialAction":[{"@type":"SearchAction","target":{"@type":"EntryPoint","urlTemplate":"https:\/\/casinoreturn.com\/?s={search_term_string}"},"query-input":{"@type":"PropertyValueSpecification","valueRequired":true,"valueName":"search_term_string"}}],"inLanguage":"es"},{"@type":"Organization","@id":"https:\/\/casinoreturn.com\/#organization","name":"casinoreturn","url":"https:\/\/casinoreturn.com\/","logo":{"@type":"ImageObject","inLanguage":"es","@id":"https:\/\/casinoreturn.com\/#\/schema\/logo\/image\/","url":"https:\/\/casinoreturn.com\/wp-content\/uploads\/2024\/09\/animal-favicon.png","contentUrl":"https:\/\/casinoreturn.com\/wp-content\/uploads\/2024\/09\/animal-favicon.png","width":92,"height":92,"caption":"casinoreturn"},"image":{"@id":"https:\/\/casinoreturn.com\/#\/schema\/logo\/image\/"}}]}},"_links":{"self":[{"href":"https:\/\/casinoreturn.com\/es\/wp-json\/wp\/v2\/pages\/4637","targetHints":{"allow":["GET"]}}],"collection":[{"href":"https:\/\/casinoreturn.com\/es\/wp-json\/wp\/v2\/pages"}],"about":[{"href":"https:\/\/casinoreturn.com\/es\/wp-json\/wp\/v2\/types\/page"}],"author":[{"embeddable":true,"href":"https:\/\/casinoreturn.com\/es\/wp-json\/wp\/v2\/users\/1"}],"replies":[{"embeddable":true,"href":"https:\/\/casinoreturn.com\/es\/wp-json\/wp\/v2\/comments?post=4637"}],"version-history":[{"count":1,"href":"https:\/\/casinoreturn.com\/es\/wp-json\/wp\/v2\/pages\/4637\/revisions"}],"predecessor-version":[{"id":4638,"href":"https:\/\/casinoreturn.com\/es\/wp-json\/wp\/v2\/pages\/4637\/revisions\/4638"}],"wp:attachment":[{"href":"https:\/\/casinoreturn.com\/es\/wp-json\/wp\/v2\/media?parent=4637"}],"curies":[{"name":"wp","href":"https:\/\/api.w.org\/{rel}","templated":true}]}}