{"id":4662,"date":"2024-11-21T14:27:34","date_gmt":"2024-11-21T14:27:34","guid":{"rendered":"https:\/\/casinoreturn.com\/baccarat-en-linea\/"},"modified":"2024-12-02T18:02:50","modified_gmt":"2024-12-02T18:02:50","slug":"baccarat-en-linea","status":"publish","type":"page","link":"https:\/\/casinoreturn.com\/es\/baccarat-en-linea\/","title":{"rendered":"Baccarat en l\u00ednea"},"content":{"rendered":"\t\t<div data-elementor-type=\"wp-page\" data-elementor-id=\"4662\" class=\"elementor elementor-4662\" data-elementor-post-type=\"page\">\n\t\t\t\t<div class=\"elementor-element elementor-element-54716bf e-con-full e-flex e-con e-parent\" data-id=\"54716bf\" data-element_type=\"container\">\n\t\t\t\t<div class=\"elementor-element elementor-element-e1d0de2 elementor-widget elementor-widget-image\" data-id=\"e1d0de2\" data-element_type=\"widget\" data-widget_type=\"image.default\">\n\t\t\t\t<div class=\"elementor-widget-container\">\n\t\t\t\t\t\t\t\t\t\t\t\t\t\t\t<img fetchpriority=\"high\" decoding=\"async\" width=\"376\" height=\"250\" src=\"https:\/\/casinoreturn.com\/wp-content\/uploads\/2024\/11\/Online-Baccarat.png\" class=\"attachment-large size-large wp-image-3744\" alt=\"Online Baccarat\" srcset=\"https:\/\/casinoreturn.com\/wp-content\/uploads\/2024\/11\/Online-Baccarat.png 376w, https:\/\/casinoreturn.com\/wp-content\/uploads\/2024\/11\/Online-Baccarat-300x199.png 300w\" sizes=\"(max-width: 376px) 100vw, 376px\" \/>\t\t\t\t\t\t\t\t\t\t\t\t\t\t\t<\/div>\n\t\t\t\t<\/div>\n\t\t\t\t<div class=\"elementor-element elementor-element-94a1cbc elementor-widget elementor-widget-heading\" data-id=\"94a1cbc\" data-element_type=\"widget\" data-widget_type=\"heading.default\">\n\t\t\t\t<div class=\"elementor-widget-container\">\n\t\t\t\t\t<h2 class=\"elementor-heading-title elementor-size-default\">Reglas e Informaci\u00f3n del Baccarat Online<\/h2>\t\t\t\t<\/div>\n\t\t\t\t<\/div>\n\t\t\t\t<div class=\"elementor-element elementor-element-0c38f38 elementor-button-success elementor-align-center elementor-widget elementor-widget-button\" data-id=\"0c38f38\" data-element_type=\"widget\" data-widget_type=\"button.default\">\n\t\t\t\t<div class=\"elementor-widget-container\">\n\t\t\t\t\t\t\t\t\t<div class=\"elementor-button-wrapper\">\n\t\t\t\t\t<a class=\"elementor-button elementor-button-link elementor-size-sm\" href=\"#\">\n\t\t\t\t\t\t<span class=\"elementor-button-content-wrapper\">\n\t\t\t\t\t\t\t\t\t<span class=\"elementor-button-text\">Juega al Baccarat Aqu\u00ed  <\/span>\n\t\t\t\t\t<\/span>\n\t\t\t\t\t<\/a>\n\t\t\t\t<\/div>\n\t\t\t\t\t\t\t\t<\/div>\n\t\t\t\t<\/div>\n\t\t\t\t<\/div>\n\t\t<div class=\"elementor-element elementor-element-8c4d838 e-con-full e-flex e-con e-parent\" data-id=\"8c4d838\" data-element_type=\"container\">\n\t\t\t\t<div class=\"elementor-element elementor-element-e7305df elementor-widget elementor-widget-text-editor\" data-id=\"e7305df\" data-element_type=\"widget\" data-widget_type=\"text-editor.default\">\n\t\t\t\t<div class=\"elementor-widget-container\">\n\t\t\t\t\t\t\t\t\t<p>Reglas del Baccarat Online. Este art\u00edculo te presenta el popular juego de tragaperras Baccarat Online. Se cree que este juego se origin\u00f3 en el siglo XVI en N\u00e1poles. Desde entonces, sin embargo, el juego se ha extendido por todo el mundo y es una de las m\u00e1quinas tragaperras cl\u00e1sicas m\u00e1s populares. Especialmente en la regi\u00f3n asi\u00e1tica, el juego del Baccarat es muy conocido y es uno de los favoritos en los salones recreativos. La mayor\u00eda de las mesas de Baccarat se encuentran en Macao.     <\/p>\n<p>La ventaja del baccarat es que es f\u00e1cil de aprender y tiene grandes posibilidades de ganar. Como s\u00f3lo apuestas al resultado del juego de baccarat, no tienes que aprender por ti mismo estrategias complejas para beneficiarte de una buena tasa de pagos, a diferencia del blackjack, por ejemplo, donde s\u00f3lo tienes la oportunidad de interiorizar el plan b\u00e1sico como m\u00ednimo. Con el tiempo, han evolucionado muchas variantes de baccarat de casino online, y hoy queremos presentarte s\u00f3lo la variante m\u00e1s popular, el \u00abPunto Banco\u00bb, ya que es, con diferencia, la variante m\u00e1s utilizada de     <\/p>\n\t\t\t\t\t\t\t\t<\/div>\n\t\t\t\t<\/div>\n\t\t\t\t<div class=\"elementor-element elementor-element-4ab8244 elementor-widget elementor-widget-heading\" data-id=\"4ab8244\" data-element_type=\"widget\" data-widget_type=\"heading.default\">\n\t\t\t\t<div class=\"elementor-widget-container\">\n\t\t\t\t\t<h2 class=\"elementor-heading-title elementor-size-default\">\u00bfC\u00f3mo jugar al baccarat?<\/h2>\t\t\t\t<\/div>\n\t\t\t\t<\/div>\n\t\t\t\t<\/div>\n\t\t<div class=\"elementor-element elementor-element-2538271 e-con-full e-flex e-con e-parent\" data-id=\"2538271\" data-element_type=\"container\">\n\t\t\t\t<div class=\"elementor-element elementor-element-c07f515 elementor-widget elementor-widget-text-editor\" data-id=\"c07f515\" data-element_type=\"widget\" data-widget_type=\"text-editor.default\">\n\t\t\t\t<div class=\"elementor-widget-container\">\n\t\t\t\t\t\t\t\t\t<p>Es muy contundente jugar al baccarat online porque ese director art\u00edstico hace que todo el trabajo sea a\u00fan mayor, as\u00ed que tienes que decidir con cada uno de los dem\u00e1s qu\u00e9 persona se va a llevar al perro este campeonato a partir de ahora, la instituci\u00f3n financiera o los jugadores. Los identificadores son un poco enga\u00f1osos, sobre todo porque el jugador no es un verdadero jugador de bacar\u00e1, sino un jugador virtual. Por lo tanto, en s\u00ed mismo, una apuesta con el bacar\u00e1 a cabo sobre si el uno o la opci\u00f3n gana el borde. La \u00fanica disparidad en relaci\u00f3n con las dos partes es en qu\u00e9 momento, si hay que sacar o no la opci\u00f3n.   <\/p>\n<p>Para hacer un seguimiento del bacar\u00e1, debes hacer un seguimiento de cu\u00e1nto vale un boleto de este tipo. El experto siempre tiene el n\u00famero 1 en el contexto del bacar\u00e1 &#8211; por lo dem\u00e1s, id\u00e9ntico al blackjack, donde este experto tambi\u00e9n puede aceptar el n\u00famero 11. El n\u00famero 2 s\u00f3lo aparece cuando es el 9 en el bacar\u00e1; sin embargo, Adem\u00e1s. . el n\u00famero impreso (id\u00e9ntico en el contexto del blackjack). Las cartas de la cara (sota, reina, rey) valen 0 puntos en el bacar\u00e1 &#8211; en el blackjack, dichas cartas punt\u00faan cada vez un n\u00famero del lado 10.      <\/p>\n\t\t\t\t\t\t\t\t<\/div>\n\t\t\t\t<\/div>\n\t\t\t\t<div class=\"elementor-element elementor-element-e180f40 elementor-widget elementor-widget-heading\" data-id=\"e180f40\" data-element_type=\"widget\" data-widget_type=\"heading.default\">\n\t\t\t\t<div class=\"elementor-widget-container\">\n\t\t\t\t\t<h3 class=\"elementor-heading-title elementor-size-default\">Probabilidades y reglas del bacar\u00e1:<\/h3>\t\t\t\t<\/div>\n\t\t\t\t<\/div>\n\t\t\t\t<div class=\"elementor-element elementor-element-189f9a7 elementor-widget elementor-widget-text-editor\" data-id=\"189f9a7\" data-element_type=\"widget\" data-widget_type=\"text-editor.default\">\n\t\t\t\t<div class=\"elementor-widget-container\">\n\t\t\t\t\t\t\t\t\t<p>Empecemos por las probabilidades. La probabilidad de que una partida termine en empate es del 14. 12%. Si aciertas con esta apuesta, tu apuesta se paga a 8:1, una cantidad impresionante, m\u00e1s bien en perjuicio del jugador, mientras que otras apuestas tienen una probabilidad de ganar a largo plazo. Las probabilidades para los otros dos jugadores rondan el 50%, por lo que la banca tiene aqu\u00ed una peque\u00f1a ventaja. La ventaja de la casa en el bacar\u00e1 s\u00f3lo est\u00e1 garantizada por una comisi\u00f3n del 5% si gana la casa, de lo contrario el juego ser\u00eda bastante justo. La mayor probabilidad de ganar es, sin duda, cuando apuestas al \u00abBanco\u00bb, porque la ventaja de la casa aqu\u00ed baja al 1,06%, una de las mejores probabilidades de todos los juegos de tragaperras.       <\/p>\n<p>Pasemos a las reglas. Por lo general, el juego comienza tras realizar las apuestas, por lo que todas las decisiones se toman de forma totalmente autom\u00e1tica para que el jugador pueda seguir la ronda con entusiasmo. Algunas reglas determinan cu\u00e1ndo un jugador recibe otra carta y cu\u00e1ndo no. Tambi\u00e9n es muy similar al procedimiento del blackjack; la \u00fanica diferencia es que el bacar\u00e1 requiere ambos jugadores. Dado que las reglas del sorteo var\u00edan ligeramente entre las variantes del bacar\u00e1 y no son necesarias para una verdadera comprensi\u00f3n del juego, dejaremos de lado las explicaciones por ahora.    <\/p>\n\t\t\t\t\t\t\t\t<\/div>\n\t\t\t\t<\/div>\n\t\t\t\t<div class=\"elementor-element elementor-element-e0a4023 elementor-widget elementor-widget-heading\" data-id=\"e0a4023\" data-element_type=\"widget\" data-widget_type=\"heading.default\">\n\t\t\t\t<div class=\"elementor-widget-container\">\n\t\t\t\t\t<h3 class=\"elementor-heading-title elementor-size-default\">Consejos de Baccarat para principiantes<\/h3>\t\t\t\t<\/div>\n\t\t\t\t<\/div>\n\t\t\t\t<div class=\"elementor-element elementor-element-f5ddc21 elementor-widget elementor-widget-text-editor\" data-id=\"f5ddc21\" data-element_type=\"widget\" data-widget_type=\"text-editor.default\">\n\t\t\t\t<div class=\"elementor-widget-container\">\n\t\t\t\t\t\t\t\t\t<p>Si eres un novato en el juego del baccarat, aqu\u00ed en BestCasinoListe.com encontrar\u00e1s los mejores consejos y trucos. <\/p>\n<p>Recoger\u00e1s los mejores consejos y trucos cuando te sientes en la mesa de baccarat y pongas inicialmente una peque\u00f1a apuesta m\u00ednima para evitar grandes p\u00e9rdidas. Tambi\u00e9n puedes desarrollar un sentimiento por el baccarat a trav\u00e9s de la experiencia. Un consejo nuestro: No apuestes al empate, ya que es donde las posibilidades de ganar son m\u00e1s bajas. Si ves las viejas pel\u00edculas de James Bond, tambi\u00e9n puedes seguir algunos consejos.   <\/p>\n\t\t\t\t\t\t\t\t<\/div>\n\t\t\t\t<\/div>\n\t\t\t\t<div class=\"elementor-element elementor-element-1a432e1 elementor-widget elementor-widget-heading\" data-id=\"1a432e1\" data-element_type=\"widget\" data-widget_type=\"heading.default\">\n\t\t\t\t<div class=\"elementor-widget-container\">\n\t\t\t\t\t<h3 class=\"elementor-heading-title elementor-size-default\">Las mejores estrategias de baccarat:<\/h3>\t\t\t\t<\/div>\n\t\t\t\t<\/div>\n\t\t\t\t<div class=\"elementor-element elementor-element-00a0cfd elementor-widget elementor-widget-text-editor\" data-id=\"00a0cfd\" data-element_type=\"widget\" data-widget_type=\"text-editor.default\">\n\t\t\t\t<div class=\"elementor-widget-container\">\n\t\t\t\t\t\t\t\t\t<p>La antig\u00fcedad del baccarat ha propiciado el desarrollo de estrategias interesantes a lo largo del tiempo; en particular, la facilidad de comprensi\u00f3n del baccarat y las claras posibilidades de apuesta han favorecido su desarrollo, ya que apostar por uno de los dos jugadores es casi id\u00e9ntico a una apuesta 50:50, puedes utilizar casi cualquier estrategia en el baccarat.<\/p>\n\t\t\t\t\t\t\t\t<\/div>\n\t\t\t\t<\/div>\n\t\t\t\t<div class=\"elementor-element elementor-element-d7ac299 elementor-widget elementor-widget-heading\" data-id=\"d7ac299\" data-element_type=\"widget\" data-widget_type=\"heading.default\">\n\t\t\t\t<div class=\"elementor-widget-container\">\n\t\t\t\t\t<h3 class=\"elementor-heading-title elementor-size-default\">Estrategia de Baccarat Martingala  <\/h3>\t\t\t\t<\/div>\n\t\t\t\t<\/div>\n\t\t\t\t<div class=\"elementor-element elementor-element-c070242 elementor-widget elementor-widget-text-editor\" data-id=\"c070242\" data-element_type=\"widget\" data-widget_type=\"text-editor.default\">\n\t\t\t\t<div class=\"elementor-widget-container\">\n\t\t\t\t\t\t\t\t\t<p>Con la estrategia Martingala, duplicar\u00e1s tu apuesta con cada p\u00e9rdida. Con este enfoque gradual, puedes recuperar todo el dinero perdido de una vez si ganas. Este sistema est\u00e1 clasificado como medianamente seguro y tiene la desventaja de que puedes necesitar grandes sumas muy r\u00e1pidamente para poder doblar tu apuesta.  <\/p>\n<p><strong>Palabras del sistema:<\/strong><\/p>\n<p>El sistema Paroli es relativamente similar al sistema Martingala, con la diferencia crucial de que aqu\u00ed aumentas tu apuesta si ganas, si pierdes una ronda, disminuyes tu apuesta como resultado de ganar, como las palabras dobles. El objetivo de ganancia no debe ser demasiado alto, de lo contrario rara vez o nunca lo alcanzar\u00e1s. Una palabra triple deber\u00eda ser el l\u00edmite superior para los jugadores moderados.  <\/p>\n\t\t\t\t\t\t\t\t<\/div>\n\t\t\t\t<\/div>\n\t\t\t\t<div class=\"elementor-element elementor-element-564c748 elementor-widget elementor-widget-heading\" data-id=\"564c748\" data-element_type=\"widget\" data-widget_type=\"heading.default\">\n\t\t\t\t<div class=\"elementor-widget-container\">\n\t\t\t\t\t<h3 class=\"elementor-heading-title elementor-size-default\">Sistema Baccarat D'Lamberet:<\/h3>\t\t\t\t<\/div>\n\t\t\t\t<\/div>\n\t\t\t\t<div class=\"elementor-element elementor-element-5db5e79 elementor-widget elementor-widget-text-editor\" data-id=\"5db5e79\" data-element_type=\"widget\" data-widget_type=\"text-editor.default\">\n\t\t\t\t<div class=\"elementor-widget-container\">\n\t\t\t\t\t\t\t\t\t<p>El sistema Lamberet se considera uno de los sistemas m\u00e1s seguros para apostar, pero tambi\u00e9n significa que no es posible obtener grandes beneficios r\u00e1pidamente. Con este sistema, cambias tu apuesta incluso despu\u00e9s de cada giro. Si ganas, aumentas la apuesta en una unidad. Si pierdes, reduces la apuesta en una unidad, de modo que consigues un bankroll muy equilibrado y te mantienes en el juego durante mucho tiempo.   <\/p>\n\t\t\t\t\t\t\t\t<\/div>\n\t\t\t\t<\/div>\n\t\t\t\t<div class=\"elementor-element elementor-element-93e79b3 elementor-widget elementor-widget-text-editor\" data-id=\"93e79b3\" data-element_type=\"widget\" data-widget_type=\"text-editor.default\">\n\t\t\t\t<div class=\"elementor-widget-container\">\n\t\t\t\t\t\t\t\t\t<p><strong>Conclusi\u00f3n<\/strong>:<\/p>\n<p>Esperamos que te haya gustado nuestro art\u00edculo sobre el bacar\u00e1 y que ahora hayas comprendido los fundamentos del juego. Conf\u00eda en nosotros, no hay juego m\u00e1s sencillo. As\u00ed que la pr\u00f3xima vez que visites la sala de juego, atr\u00e9vete con la mesa de baccarat y aprovecha la m\u00ednima ventaja de la casa, que te da la oportunidad de obtener grandes beneficios. Lo mismo ocurre con el juego de baccarat online: \u00a1deber\u00edas probar el baccarat online en vivo!   <\/p>\n\t\t\t\t\t\t\t\t<\/div>\n\t\t\t\t<\/div>\n\t\t\t\t<div class=\"elementor-element elementor-element-f5f08ad elementor-button-success elementor-align-center elementor-widget elementor-widget-button\" data-id=\"f5f08ad\" data-element_type=\"widget\" data-widget_type=\"button.default\">\n\t\t\t\t<div class=\"elementor-widget-container\">\n\t\t\t\t\t\t\t\t\t<div class=\"elementor-button-wrapper\">\n\t\t\t\t\t<a class=\"elementor-button elementor-button-link elementor-size-sm\" href=\"#\">\n\t\t\t\t\t\t<span class=\"elementor-button-content-wrapper\">\n\t\t\t\t\t\t\t\t\t<span class=\"elementor-button-text\">Juega al Baccarat Aqu\u00ed<\/span>\n\t\t\t\t\t<\/span>\n\t\t\t\t\t<\/a>\n\t\t\t\t<\/div>\n\t\t\t\t\t\t\t\t<\/div>\n\t\t\t\t<\/div>\n\t\t\t\t<div class=\"elementor-element elementor-element-7fe8f30 elementor-headline--style-highlight elementor-widget elementor-widget-animated-headline\" data-id=\"7fe8f30\" data-element_type=\"widget\" data-settings=\"{&quot;highlighted_text&quot;:&quot;Casino Zinkra&quot;,&quot;headline_style&quot;:&quot;highlight&quot;,&quot;marker&quot;:&quot;circle&quot;,&quot;loop&quot;:&quot;yes&quot;,&quot;highlight_animation_duration&quot;:1200,&quot;highlight_iteration_delay&quot;:8000}\" data-widget_type=\"animated-headline.default\">\n\t\t\t\t<div class=\"elementor-widget-container\">\n\t\t\t\t\t\t\t\t<a href=\"https:\/\/zinkra.com\/en\/home\" target=\"_blank\">\n\n\t\t\t\t\t<h3 class=\"elementor-headline\">\n\t\t\t\t\t<span class=\"elementor-headline-plain-text elementor-headline-text-wrapper\">Editores Top Baccarat Casino :  <\/span>\n\t\t\t\t<span class=\"elementor-headline-dynamic-wrapper elementor-headline-text-wrapper\">\n\t\t\t\t\t<span class=\"elementor-headline-dynamic-text elementor-headline-text-active\">Casino Zinkra<\/span>\n\t\t\t\t<\/span>\n\t\t\t\t<\/h3>\n\t\t<\/a>\t\t\t\t<\/div>\n\t\t\t\t<\/div>\n\t\t\t\t<\/div>\n\t\t\t\t<\/div>\n\t\t","protected":false},"excerpt":{"rendered":"<p>Reglas e Informaci\u00f3n del Baccarat Online Juega al Baccarat Aqu\u00ed Reglas del Baccarat Online. Este art\u00edculo te presenta el popular juego de tragaperras Baccarat Online. Se cree que este juego se origin\u00f3 en el siglo XVI en N\u00e1poles. Desde entonces, sin embargo, el juego se ha extendido por todo el mundo y es una de [&hellip;]<\/p>\n","protected":false},"author":1,"featured_media":0,"parent":0,"menu_order":0,"comment_status":"closed","ping_status":"closed","template":"","meta":{"footnotes":""},"class_list":["post-4662","page","type-page","status-publish","hentry"],"blocksy_meta":[],"acf":[],"yoast_head":"<!-- This site is optimized with the Yoast SEO plugin v24.1 - https:\/\/yoast.com\/wordpress\/plugins\/seo\/ -->\n<title>Baccarat en l\u00ednea - casinoreturn<\/title>\n<meta name=\"description\" content=\"El Baccarat online es uno de los juegos m\u00e1s antiguos que se conocen, originario de N\u00e1poles. Lee aqu\u00ed c\u00f3mo jugar al Baccarat online.\" \/>\n<meta name=\"robots\" content=\"index, follow, max-snippet:-1, max-image-preview:large, max-video-preview:-1\" \/>\n<link rel=\"canonical\" href=\"https:\/\/casinoreturn.com\/es\/baccarat-en-linea\/\" \/>\n<meta property=\"og:locale\" content=\"es_ES\" \/>\n<meta property=\"og:type\" content=\"article\" \/>\n<meta property=\"og:title\" content=\"Baccarat en l\u00ednea - casinoreturn\" \/>\n<meta property=\"og:description\" content=\"El Baccarat online es uno de los juegos m\u00e1s antiguos que se conocen, originario de N\u00e1poles. Lee aqu\u00ed c\u00f3mo jugar al Baccarat online.\" \/>\n<meta property=\"og:url\" content=\"https:\/\/casinoreturn.com\/es\/baccarat-en-linea\/\" \/>\n<meta property=\"og:site_name\" content=\"casinoreturn\" \/>\n<meta property=\"article:modified_time\" content=\"2024-12-02T18:02:50+00:00\" \/>\n<meta property=\"og:image\" content=\"https:\/\/casinoreturn.com\/wp-content\/uploads\/2024\/11\/Online-Baccarat.png\" \/>\n\t<meta property=\"og:image:width\" content=\"376\" \/>\n\t<meta property=\"og:image:height\" content=\"250\" \/>\n\t<meta property=\"og:image:type\" content=\"image\/png\" \/>\n<meta name=\"twitter:card\" content=\"summary_large_image\" \/>\n<meta name=\"twitter:label1\" content=\"Tiempo de lectura\" \/>\n\t<meta name=\"twitter:data1\" content=\"6 minutos\" \/>\n<script type=\"application\/ld+json\" class=\"yoast-schema-graph\">{\"@context\":\"https:\/\/schema.org\",\"@graph\":[{\"@type\":\"WebPage\",\"@id\":\"https:\/\/casinoreturn.com\/es\/baccarat-en-linea\/\",\"url\":\"https:\/\/casinoreturn.com\/es\/baccarat-en-linea\/\",\"name\":\"Baccarat en l\u00ednea - casinoreturn\",\"isPartOf\":{\"@id\":\"https:\/\/casinoreturn.com\/#website\"},\"primaryImageOfPage\":{\"@id\":\"https:\/\/casinoreturn.com\/es\/baccarat-en-linea\/#primaryimage\"},\"image\":{\"@id\":\"https:\/\/casinoreturn.com\/es\/baccarat-en-linea\/#primaryimage\"},\"thumbnailUrl\":\"https:\/\/casinoreturn.com\/wp-content\/uploads\/2024\/11\/Online-Baccarat.png\",\"datePublished\":\"2024-11-21T14:27:34+00:00\",\"dateModified\":\"2024-12-02T18:02:50+00:00\",\"description\":\"El Baccarat online es uno de los juegos m\u00e1s antiguos que se conocen, originario de N\u00e1poles. Lee aqu\u00ed c\u00f3mo jugar al Baccarat online.\",\"breadcrumb\":{\"@id\":\"https:\/\/casinoreturn.com\/es\/baccarat-en-linea\/#breadcrumb\"},\"inLanguage\":\"es\",\"potentialAction\":[{\"@type\":\"ReadAction\",\"target\":[\"https:\/\/casinoreturn.com\/es\/baccarat-en-linea\/\"]}]},{\"@type\":\"ImageObject\",\"inLanguage\":\"es\",\"@id\":\"https:\/\/casinoreturn.com\/es\/baccarat-en-linea\/#primaryimage\",\"url\":\"https:\/\/casinoreturn.com\/wp-content\/uploads\/2024\/11\/Online-Baccarat.png\",\"contentUrl\":\"https:\/\/casinoreturn.com\/wp-content\/uploads\/2024\/11\/Online-Baccarat.png\"},{\"@type\":\"BreadcrumbList\",\"@id\":\"https:\/\/casinoreturn.com\/es\/baccarat-en-linea\/#breadcrumb\",\"itemListElement\":[{\"@type\":\"ListItem\",\"position\":1,\"name\":\"Home\",\"item\":\"https:\/\/casinoreturn.com\/es\/hogar\/\"},{\"@type\":\"ListItem\",\"position\":2,\"name\":\"Baccarat en l\u00ednea\"}]},{\"@type\":\"WebSite\",\"@id\":\"https:\/\/casinoreturn.com\/#website\",\"url\":\"https:\/\/casinoreturn.com\/\",\"name\":\"casinoreturn\",\"description\":\"\",\"publisher\":{\"@id\":\"https:\/\/casinoreturn.com\/#organization\"},\"potentialAction\":[{\"@type\":\"SearchAction\",\"target\":{\"@type\":\"EntryPoint\",\"urlTemplate\":\"https:\/\/casinoreturn.com\/?s={search_term_string}\"},\"query-input\":{\"@type\":\"PropertyValueSpecification\",\"valueRequired\":true,\"valueName\":\"search_term_string\"}}],\"inLanguage\":\"es\"},{\"@type\":\"Organization\",\"@id\":\"https:\/\/casinoreturn.com\/#organization\",\"name\":\"casinoreturn\",\"url\":\"https:\/\/casinoreturn.com\/\",\"logo\":{\"@type\":\"ImageObject\",\"inLanguage\":\"es\",\"@id\":\"https:\/\/casinoreturn.com\/#\/schema\/logo\/image\/\",\"url\":\"https:\/\/casinoreturn.com\/wp-content\/uploads\/2024\/09\/animal-favicon.png\",\"contentUrl\":\"https:\/\/casinoreturn.com\/wp-content\/uploads\/2024\/09\/animal-favicon.png\",\"width\":92,\"height\":92,\"caption\":\"casinoreturn\"},\"image\":{\"@id\":\"https:\/\/casinoreturn.com\/#\/schema\/logo\/image\/\"}}]}<\/script>\n<!-- \/ Yoast SEO plugin. -->","yoast_head_json":{"title":"Baccarat en l\u00ednea - casinoreturn","description":"El Baccarat online es uno de los juegos m\u00e1s antiguos que se conocen, originario de N\u00e1poles. Lee aqu\u00ed c\u00f3mo jugar al Baccarat online.","robots":{"index":"index","follow":"follow","max-snippet":"max-snippet:-1","max-image-preview":"max-image-preview:large","max-video-preview":"max-video-preview:-1"},"canonical":"https:\/\/casinoreturn.com\/es\/baccarat-en-linea\/","og_locale":"es_ES","og_type":"article","og_title":"Baccarat en l\u00ednea - casinoreturn","og_description":"El Baccarat online es uno de los juegos m\u00e1s antiguos que se conocen, originario de N\u00e1poles. Lee aqu\u00ed c\u00f3mo jugar al Baccarat online.","og_url":"https:\/\/casinoreturn.com\/es\/baccarat-en-linea\/","og_site_name":"casinoreturn","article_modified_time":"2024-12-02T18:02:50+00:00","og_image":[{"width":376,"height":250,"url":"https:\/\/casinoreturn.com\/wp-content\/uploads\/2024\/11\/Online-Baccarat.png","type":"image\/png"}],"twitter_card":"summary_large_image","twitter_misc":{"Tiempo de lectura":"6 minutos"},"schema":{"@context":"https:\/\/schema.org","@graph":[{"@type":"WebPage","@id":"https:\/\/casinoreturn.com\/es\/baccarat-en-linea\/","url":"https:\/\/casinoreturn.com\/es\/baccarat-en-linea\/","name":"Baccarat en l\u00ednea - casinoreturn","isPartOf":{"@id":"https:\/\/casinoreturn.com\/#website"},"primaryImageOfPage":{"@id":"https:\/\/casinoreturn.com\/es\/baccarat-en-linea\/#primaryimage"},"image":{"@id":"https:\/\/casinoreturn.com\/es\/baccarat-en-linea\/#primaryimage"},"thumbnailUrl":"https:\/\/casinoreturn.com\/wp-content\/uploads\/2024\/11\/Online-Baccarat.png","datePublished":"2024-11-21T14:27:34+00:00","dateModified":"2024-12-02T18:02:50+00:00","description":"El Baccarat online es uno de los juegos m\u00e1s antiguos que se conocen, originario de N\u00e1poles. Lee aqu\u00ed c\u00f3mo jugar al Baccarat online.","breadcrumb":{"@id":"https:\/\/casinoreturn.com\/es\/baccarat-en-linea\/#breadcrumb"},"inLanguage":"es","potentialAction":[{"@type":"ReadAction","target":["https:\/\/casinoreturn.com\/es\/baccarat-en-linea\/"]}]},{"@type":"ImageObject","inLanguage":"es","@id":"https:\/\/casinoreturn.com\/es\/baccarat-en-linea\/#primaryimage","url":"https:\/\/casinoreturn.com\/wp-content\/uploads\/2024\/11\/Online-Baccarat.png","contentUrl":"https:\/\/casinoreturn.com\/wp-content\/uploads\/2024\/11\/Online-Baccarat.png"},{"@type":"BreadcrumbList","@id":"https:\/\/casinoreturn.com\/es\/baccarat-en-linea\/#breadcrumb","itemListElement":[{"@type":"ListItem","position":1,"name":"Home","item":"https:\/\/casinoreturn.com\/es\/hogar\/"},{"@type":"ListItem","position":2,"name":"Baccarat en l\u00ednea"}]},{"@type":"WebSite","@id":"https:\/\/casinoreturn.com\/#website","url":"https:\/\/casinoreturn.com\/","name":"casinoreturn","description":"","publisher":{"@id":"https:\/\/casinoreturn.com\/#organization"},"potentialAction":[{"@type":"SearchAction","target":{"@type":"EntryPoint","urlTemplate":"https:\/\/casinoreturn.com\/?s={search_term_string}"},"query-input":{"@type":"PropertyValueSpecification","valueRequired":true,"valueName":"search_term_string"}}],"inLanguage":"es"},{"@type":"Organization","@id":"https:\/\/casinoreturn.com\/#organization","name":"casinoreturn","url":"https:\/\/casinoreturn.com\/","logo":{"@type":"ImageObject","inLanguage":"es","@id":"https:\/\/casinoreturn.com\/#\/schema\/logo\/image\/","url":"https:\/\/casinoreturn.com\/wp-content\/uploads\/2024\/09\/animal-favicon.png","contentUrl":"https:\/\/casinoreturn.com\/wp-content\/uploads\/2024\/09\/animal-favicon.png","width":92,"height":92,"caption":"casinoreturn"},"image":{"@id":"https:\/\/casinoreturn.com\/#\/schema\/logo\/image\/"}}]}},"_links":{"self":[{"href":"https:\/\/casinoreturn.com\/es\/wp-json\/wp\/v2\/pages\/4662","targetHints":{"allow":["GET"]}}],"collection":[{"href":"https:\/\/casinoreturn.com\/es\/wp-json\/wp\/v2\/pages"}],"about":[{"href":"https:\/\/casinoreturn.com\/es\/wp-json\/wp\/v2\/types\/page"}],"author":[{"embeddable":true,"href":"https:\/\/casinoreturn.com\/es\/wp-json\/wp\/v2\/users\/1"}],"replies":[{"embeddable":true,"href":"https:\/\/casinoreturn.com\/es\/wp-json\/wp\/v2\/comments?post=4662"}],"version-history":[{"count":1,"href":"https:\/\/casinoreturn.com\/es\/wp-json\/wp\/v2\/pages\/4662\/revisions"}],"predecessor-version":[{"id":4663,"href":"https:\/\/casinoreturn.com\/es\/wp-json\/wp\/v2\/pages\/4662\/revisions\/4663"}],"wp:attachment":[{"href":"https:\/\/casinoreturn.com\/es\/wp-json\/wp\/v2\/media?parent=4662"}],"curies":[{"name":"wp","href":"https:\/\/api.w.org\/{rel}","templated":true}]}}