{"id":4684,"date":"2024-11-20T12:23:31","date_gmt":"2024-11-20T12:23:31","guid":{"rendered":"https:\/\/casinoreturn.com\/torneos-de-casino-online\/"},"modified":"2024-12-02T18:10:33","modified_gmt":"2024-12-02T18:10:33","slug":"torneos-de-casino-online","status":"publish","type":"page","link":"https:\/\/casinoreturn.com\/es\/torneos-de-casino-online\/","title":{"rendered":"Torneos de Casino Online"},"content":{"rendered":"\t\t<div data-elementor-type=\"wp-page\" data-elementor-id=\"4684\" class=\"elementor elementor-4684\" data-elementor-post-type=\"page\">\n\t\t\t\t<div class=\"elementor-element elementor-element-e2d2e3c e-con-full e-flex e-con e-parent\" data-id=\"e2d2e3c\" data-element_type=\"container\">\n\t\t\t\t<div class=\"elementor-element elementor-element-94f3d15 elementor-widget elementor-widget-image\" data-id=\"94f3d15\" data-element_type=\"widget\" data-widget_type=\"image.default\">\n\t\t\t\t<div class=\"elementor-widget-container\">\n\t\t\t\t\t\t\t\t\t\t\t\t\t\t\t<img fetchpriority=\"high\" decoding=\"async\" width=\"400\" height=\"133\" src=\"https:\/\/casinoreturn.com\/wp-content\/uploads\/2024\/11\/Online-Casino-Tournaments.jpg\" class=\"attachment-large size-large wp-image-3607\" alt=\"Online Casino Tournaments\" srcset=\"https:\/\/casinoreturn.com\/wp-content\/uploads\/2024\/11\/Online-Casino-Tournaments.jpg 400w, https:\/\/casinoreturn.com\/wp-content\/uploads\/2024\/11\/Online-Casino-Tournaments-300x100.jpg 300w\" sizes=\"(max-width: 400px) 100vw, 400px\" \/>\t\t\t\t\t\t\t\t\t\t\t\t\t\t\t<\/div>\n\t\t\t\t<\/div>\n\t\t\t\t<div class=\"elementor-element elementor-element-ad01b6e elementor-widget elementor-widget-heading\" data-id=\"ad01b6e\" data-element_type=\"widget\" data-widget_type=\"heading.default\">\n\t\t\t\t<div class=\"elementor-widget-container\">\n\t\t\t\t\t<h1 class=\"elementor-heading-title elementor-size-default\">Torneos de Casino Online<\/h1>\t\t\t\t<\/div>\n\t\t\t\t<\/div>\n\t\t\t\t<div class=\"elementor-element elementor-element-49b94ed elementor-widget elementor-widget-text-editor\" data-id=\"49b94ed\" data-element_type=\"widget\" data-widget_type=\"text-editor.default\">\n\t\t\t\t<div class=\"elementor-widget-container\">\n\t\t\t\t\t\t\t\t\t<p><strong>Tu Gu\u00eda sobre Torneos y c\u00f3mo jugar Torneos  <\/strong><\/p>\n\t\t\t\t\t\t\t\t<\/div>\n\t\t\t\t<\/div>\n\t\t\t\t<div class=\"elementor-element elementor-element-84abe2f elementor-widget elementor-widget-text-editor\" data-id=\"84abe2f\" data-element_type=\"widget\" data-widget_type=\"text-editor.default\">\n\t\t\t\t<div class=\"elementor-widget-container\">\n\t\t\t\t\t\t\t\t\t<p>Los Torneos de Casino Online y el juego en las m\u00e1quinas tragaperras no son juegos comunitarios. A menos que te re\u00fanas con amigos o conocidos in situ en un sal\u00f3n recreativo y jugu\u00e9is juntos, suele ocurrir que cada uno juega para s\u00ed mismo en sus m\u00e1quinas tragaperras. La ola de las tragaperras online ha vuelto a cautivar a los jugadores frente a la pantalla.  <\/p>\n<p>Mientras tanto, se han desarrollado diferentes versiones del juego. Esto hace posible que varios jugadores participen en una partida al mismo tiempo. Las tragaperras multijugador y los torneos de tragaperras online permiten una actividad m\u00e1s o menos conjunta.  <\/p>\n\t\t\t\t\t\t\t\t<\/div>\n\t\t\t\t<\/div>\n\t\t\t\t<div class=\"elementor-element elementor-element-1ca90c0 elementor-widget elementor-widget-heading\" data-id=\"1ca90c0\" data-element_type=\"widget\" data-widget_type=\"heading.default\">\n\t\t\t\t<div class=\"elementor-widget-container\">\n\t\t\t\t\t<h2 class=\"elementor-heading-title elementor-size-default\">\u00bfQu\u00e9 son los Torneos de Tragaperras Online?  <\/h2>\t\t\t\t<\/div>\n\t\t\t\t<\/div>\n\t\t\t\t<div class=\"elementor-element elementor-element-4a0a433 elementor-widget elementor-widget-text-editor\" data-id=\"4a0a433\" data-element_type=\"widget\" data-widget_type=\"text-editor.default\">\n\t\t\t\t<div class=\"elementor-widget-container\">\n\t\t\t\t\t\t\t\t\t<p>Los Torneos de Tragaperras Online suelen promoverse en Casinos Online o en casinos f\u00edsicos. Suelen basarse en el mismo principio b\u00e1sico: varios jugadores individuales compiten entre s\u00ed en uno o m\u00e1s juegos al mismo tiempo. Antes de que empiece el juego, normalmente tienes que pagar una cuota de participaci\u00f3n. As\u00ed, dependiendo del coste, el juego comienza con varios cr\u00e9ditos. Lo bueno es que todos los jugadores empiezan con el mismo n\u00famero de cr\u00e9ditos, por lo que son m\u00e1s o menos iguales y tienen exactamente las mismas posibilidades.    <\/p>\n<p>La principal diferencia entre los torneos de tragaperras individuales es la cuota que hay que pagar para participar y las tragaperras que se juegan. La siguiente diferencia tambi\u00e9n est\u00e1 en la posibilidad de comprar pr\u00e9stamos. <\/p>\n<p>Si has descubierto un gran inter\u00e9s por los distintos torneos de tragaperras, deber\u00edas decidirte por un tipo de oferta antes de empezar a jugar. En BestCasinoListe.com pensamos que los torneos de tragaperras sin recompra son mucho m\u00e1s justos para el jugador. Por supuesto, tambi\u00e9n es importante que te guste personalmente el tipo de torneo de tragaperras y que est\u00e9s familiarizado con \u00e9l. Estos puntos te dan un buen punto de partida.    <\/p>\n\t\t\t\t\t\t\t\t<\/div>\n\t\t\t\t<\/div>\n\t\t\t\t<div class=\"elementor-element elementor-element-763878d elementor-widget elementor-widget-heading\" data-id=\"763878d\" data-element_type=\"widget\" data-widget_type=\"heading.default\">\n\t\t\t\t<div class=\"elementor-widget-container\">\n\t\t\t\t\t<h2 class=\"elementor-heading-title elementor-size-default\">\u00bfC\u00f3mo participar en un concurso de tragaperras online?<\/h2>\t\t\t\t<\/div>\n\t\t\t\t<\/div>\n\t\t\t\t<div class=\"elementor-element elementor-element-8500e97 elementor-widget elementor-widget-text-editor\" data-id=\"8500e97\" data-element_type=\"widget\" data-widget_type=\"text-editor.default\">\n\t\t\t\t<div class=\"elementor-widget-container\">\n\t\t\t\t\t\t\t\t\t<p>Si has decidido participar en un torneo de tragaperras online, puedes buscarlo expl\u00edcitamente. La mayor\u00eda de las salas de juego online, especialmente los grandes y reputados casinos online, suelen tener una buena oferta abierta para ti. <\/p>\n<p>\u00bfA\u00fan no tienes cuenta en un sal\u00f3n de juego online? Entonces, echa un vistazo a varios proveedores de salas de juego online. R\u00e1pidamente te dar\u00e1s cuenta de que todos tienen ofertas diferentes, unas m\u00e1s altas y otras m\u00e1s bajas. Las diferencias pueden ser tan extremas que los jugadores pueden cambiar una y otra vez de sala de juego online, ya que tambi\u00e9n merece la pena.   <\/p>\n<p>Algunos casinos online son muy amigos de los jugadores, por lo que a veces se ofrecen torneos de tragaperras gratuitos. Para el jugador, esto es un aut\u00e9ntico regalo de bienvenida, porque si lo piensas l\u00f3gicamente, como jugador, no tienes nada que perder en un supuesto torneo de tragaperras gratis: s\u00f3lo puedes ganar. Por desgracia, los torneos gratuitos de tragaperras online no son lo normal en un casino y, por tanto, son algo raro para los jugadores. Por lo general, hay que pagar una cuota de participaci\u00f3n y, despu\u00e9s, s\u00f3lo ver uno de los primeros puestos. As\u00ed que disfr\u00fatalo al m\u00e1ximo si alguna vez pillas una oferta as\u00ed.    <\/p>\n\t\t\t\t\t\t\t\t<\/div>\n\t\t\t\t<\/div>\n\t\t\t\t<div class=\"elementor-element elementor-element-a439f8a elementor-widget elementor-widget-heading\" data-id=\"a439f8a\" data-element_type=\"widget\" data-widget_type=\"heading.default\">\n\t\t\t\t<div class=\"elementor-widget-container\">\n\t\t\t\t\t<h2 class=\"elementor-heading-title elementor-size-default\">\u00bfQu\u00e9 tipos de torneos de poker online hay?<\/h2>\t\t\t\t<\/div>\n\t\t\t\t<\/div>\n\t\t\t\t<div class=\"elementor-element elementor-element-70785d3 elementor-widget elementor-widget-text-editor\" data-id=\"70785d3\" data-element_type=\"widget\" data-widget_type=\"text-editor.default\">\n\t\t\t\t<div class=\"elementor-widget-container\">\n\t\t\t\t\t\t\t\t\t<p>En el mundo de las tragaperras, existen algunas versiones diferentes de torneos de tragaperras online. Como ya se ha mencionado, hay torneos gratuitos y los llamados torneos buy-in, en los que se establece inicialmente una cuota de participaci\u00f3n. Adem\u00e1s de estos tipos de torneos, tambi\u00e9n existen los llamados torneos VIP, en los que s\u00f3lo pueden participar los miembros VIP de la sala correspondiente.  <\/p>\n<p>La mayor\u00eda de los torneos de tragaperras se desarrollan de forma que el jugador con m\u00e1s cr\u00e9ditos gana al final de la ronda. En algunos formatos de torneo, algunos casinos tienen en cuenta cu\u00e1ntas tiradas se necesitaron para la ronda y utilizan este criterio para determinar el ganador. Unas pocas tiradas suelen tener mayor puntuaci\u00f3n, ya que podr\u00edas conseguir una media de ganancias m\u00e1s alta.  <\/p>\n<p>Puedes comparar f\u00e1cilmente la cuota de inscripci\u00f3n con el n\u00famero de participantes en el torneo y la posible ganancia, decidiendo si merece la pena correr el riesgo.<\/p>\n\t\t\t\t\t\t\t\t<\/div>\n\t\t\t\t<\/div>\n\t\t\t\t<div class=\"elementor-element elementor-element-b978530 elementor-widget elementor-widget-heading\" data-id=\"b978530\" data-element_type=\"widget\" data-widget_type=\"heading.default\">\n\t\t\t\t<div class=\"elementor-widget-container\">\n\t\t\t\t\t<h2 class=\"elementor-heading-title elementor-size-default\">\u00bfQu\u00e9 reglas hay en los torneos de tragamonedas?<\/h2>\t\t\t\t<\/div>\n\t\t\t\t<\/div>\n\t\t\t\t<\/div>\n\t\t<div class=\"elementor-element elementor-element-ee8b044 e-con-full e-flex e-con e-parent\" data-id=\"ee8b044\" data-element_type=\"container\">\n\t\t\t\t<div class=\"elementor-element elementor-element-bc504dd elementor-widget elementor-widget-text-editor\" data-id=\"bc504dd\" data-element_type=\"widget\" data-widget_type=\"text-editor.default\">\n\t\t\t\t<div class=\"elementor-widget-container\">\n\t\t\t\t\t\t\t\t\t<p>El principio b\u00e1sico de un torneo de tragaperras online es b\u00e1sicamente el mismo que el de una tragaperras normal. La diferencia suele ser que est\u00e1s en una partida m\u00e1s grande, lo que da lugar a unas condiciones de juego ligeramente diferentes. <\/p>\n<p>Las infracciones de las condiciones o reglas de juego no suelen ser posibles durante un torneo de este tipo, ya que las salas de juego online dise\u00f1an ciertos sistemas para este tipo de torneos con el fin de evitar dichas infracciones. Supongamos que la apuesta m\u00e1xima por tirada es de 1 \u20ac, y que no puedes apostar nada m\u00e1s que eso en este torneo. <\/p>\n<p>Te rogamos encarecidamente que leas las condiciones de participaci\u00f3n y las reglas del torneo antes de cada torneo de tragaperras online, para evitar sorpresas desagradables al final. Te recomendamos que te asegures de que no hay opci\u00f3n de recompra, ya que son arriesgadas, y los torneos con esta opci\u00f3n duran mucho m\u00e1s que otros. Por supuesto, tambi\u00e9n es importante disponer de la tragaperras a la que te gusta jugar y del tiempo suficiente para jugar sin que te molesten.  <\/p>\n\t\t\t\t\t\t\t\t<\/div>\n\t\t\t\t<\/div>\n\t\t\t\t<div class=\"elementor-element elementor-element-7c2d005 elementor-widget elementor-widget-heading\" data-id=\"7c2d005\" data-element_type=\"widget\" data-widget_type=\"heading.default\">\n\t\t\t\t<div class=\"elementor-widget-container\">\n\t\t\t\t\t<h2 class=\"elementor-heading-title elementor-size-default\">Conclusi\u00f3n de los Torneos Online.<\/h2>\t\t\t\t<\/div>\n\t\t\t\t<\/div>\n\t\t\t\t<div class=\"elementor-element elementor-element-98cdf6b elementor-widget elementor-widget-text-editor\" data-id=\"98cdf6b\" data-element_type=\"widget\" data-widget_type=\"text-editor.default\">\n\t\t\t\t<div class=\"elementor-widget-container\">\n\t\t\t\t\t\t\t\t\t<p>Nosotros, como equipo de Casinoreturn.com, esperamos que te haya gustado el art\u00edculo sobre torneos de tragaperras online que hemos preparado para ti y que ahora sepas un poco m\u00e1s sobre el tema. Por supuesto, es un hecho que la mayor parte del conocimiento se adquiere con la experiencia. Por eso recomendamos a nuestros jugadores que prueben y vean qu\u00e9 especies les convienen y cu\u00e1les no. Despu\u00e9s de probarlo, te dar\u00e1s cuenta r\u00e1pidamente de por qu\u00e9 los torneos de tragaperras online est\u00e1n entre los favoritos de los jugadores.   <\/p>\n<p>A pesar del factor diversi\u00f3n, te pedimos que te tomes los juegos en serio. As\u00ed que recuerda los t\u00e9rminos y condiciones, juega s\u00f3lo en torneos de tragaperras online conocidos y no te dejes molestar durante el juego para mantener la concentraci\u00f3n. <\/p><\/p>\n\t\t\t\t\t\t\t\t<\/div>\n\t\t\t\t<\/div>\n\t\t\t\t<div class=\"elementor-element elementor-element-43a52f4 elementor-widget elementor-widget-button\" data-id=\"43a52f4\" data-element_type=\"widget\" data-widget_type=\"button.default\">\n\t\t\t\t<div class=\"elementor-widget-container\">\n\t\t\t\t\t\t\t\t\t<div class=\"elementor-button-wrapper\">\n\t\t\t\t\t<a class=\"elementor-button elementor-button-link elementor-size-sm\" href=\"https:\/\/casinoreturn.com\/online-poker-casinos\/\">\n\t\t\t\t\t\t<span class=\"elementor-button-content-wrapper\">\n\t\t\t\t\t\t\t\t\t<span class=\"elementor-button-text\">Informaci\u00f3n sobre casinos de p\u00f3quer<\/span>\n\t\t\t\t\t<\/span>\n\t\t\t\t\t<\/a>\n\t\t\t\t<\/div>\n\t\t\t\t\t\t\t\t<\/div>\n\t\t\t\t<\/div>\n\t\t\t\t<div class=\"elementor-element elementor-element-498599f elementor--h-position-center elementor--v-position-middle elementor-arrows-position-inside elementor-pagination-position-inside elementor-widget elementor-widget-slides\" data-id=\"498599f\" data-element_type=\"widget\" data-settings=\"{&quot;navigation&quot;:&quot;both&quot;,&quot;autoplay&quot;:&quot;yes&quot;,&quot;pause_on_hover&quot;:&quot;yes&quot;,&quot;pause_on_interaction&quot;:&quot;yes&quot;,&quot;autoplay_speed&quot;:5000,&quot;infinite&quot;:&quot;yes&quot;,&quot;transition&quot;:&quot;slide&quot;,&quot;transition_speed&quot;:500}\" data-widget_type=\"slides.default\">\n\t\t\t\t<div class=\"elementor-widget-container\">\n\t\t\t\t\t\t\t<div class=\"elementor-swiper\">\n\t\t\t<div class=\"elementor-slides-wrapper elementor-main-swiper swiper-container\" dir=\"ltr\" data-animation=\"fadeInUp\">\n\t\t\t\t<div class=\"swiper-wrapper elementor-slides\">\n\t\t\t\t\t\t\t\t\t\t<div class=\"elementor-repeater-item-768f507 swiper-slide\"><div class=\"swiper-slide-bg\" role=\"img\"><\/div><div class=\"swiper-slide-inner\" ><div class=\"swiper-slide-contents\"><div class=\"elementor-slide-heading\">Torneo de Poker 888<\/div><div class=\"elementor-slide-description\"><p>Forma parte de una gran comunidad de entusiastas del P\u00f3quer  <\/p>\n<\/div><div  class=\"elementor-button elementor-slide-button elementor-size-sm\">Haz clic aqu\u00ed<\/div><\/div><\/div><\/div><div class=\"elementor-repeater-item-26d9523 swiper-slide\"><div class=\"swiper-slide-bg\" role=\"img\"><\/div><div class=\"swiper-slide-inner\" ><div class=\"swiper-slide-contents\"><div class=\"elementor-slide-heading\">Torneo Pokerstars<\/div><div class=\"elementor-slide-description\"><p>\u00bfQui\u00e9n no conoce esta casa llamada casino? Que lo disfrutes \ud83d\ude42   <\/p>\n<\/div><div  class=\"elementor-button elementor-slide-button elementor-size-sm\">Haz clic aqu\u00ed<\/div><\/div><\/div><\/div><div class=\"elementor-repeater-item-9cfd5f9 swiper-slide\"><div class=\"swiper-slide-bg\" role=\"img\"><\/div><div class=\"swiper-slide-inner\" ><div class=\"swiper-slide-contents\"><div class=\"elementor-slide-heading\">Torneo de Poker GG<\/div><div class=\"elementor-slide-description\"><p>Moderno y emocionante. \u00danete desde el m\u00f3vil o el ordenador.   <\/p>\n<\/div><div  class=\"elementor-button elementor-slide-button elementor-size-sm\">Haz clic aqu\u00ed<\/div><\/div><\/div><\/div>\t\t\t\t<\/div>\n\t\t\t\t\t\t\t\t\t\t\t\t\t\t\t<div class=\"swiper-pagination\"><\/div>\n\t\t\t\t\t\t\t\t\t\t\t\t\t\t\t\t<div class=\"elementor-swiper-button elementor-swiper-button-prev\" role=\"button\" tabindex=\"0\">\n\t\t\t\t\t\t\t<i aria-hidden=\"true\" class=\"eicon-chevron-left\"><\/i>\t\t\t\t\t\t\t<span class=\"elementor-screen-only\">Previous slide<\/span>\n\t\t\t\t\t\t<\/div>\n\t\t\t\t\t\t<div class=\"elementor-swiper-button elementor-swiper-button-next\" role=\"button\" tabindex=\"0\">\n\t\t\t\t\t\t\t<i aria-hidden=\"true\" class=\"eicon-chevron-right\"><\/i>\t\t\t\t\t\t\t<span class=\"elementor-screen-only\">Next slide<\/span>\n\t\t\t\t\t\t<\/div>\n\t\t\t\t\t\t\t\t\t\t\t\t<\/div>\n\t\t<\/div>\n\t\t\t\t\t\t<\/div>\n\t\t\t\t<\/div>\n\t\t\t\t<\/div>\n\t\t\t\t<\/div>\n\t\t","protected":false},"excerpt":{"rendered":"<p>Torneos de Casino Online Tu Gu\u00eda sobre Torneos y c\u00f3mo jugar Torneos Los Torneos de Casino Online y el juego en las m\u00e1quinas tragaperras no son juegos comunitarios. A menos que te re\u00fanas con amigos o conocidos in situ en un sal\u00f3n recreativo y jugu\u00e9is juntos, suele ocurrir que cada uno juega para s\u00ed mismo [&hellip;]<\/p>\n","protected":false},"author":1,"featured_media":0,"parent":0,"menu_order":0,"comment_status":"closed","ping_status":"closed","template":"","meta":{"footnotes":""},"class_list":["post-4684","page","type-page","status-publish","hentry"],"blocksy_meta":[],"acf":[],"yoast_head":"<!-- This site is optimized with the Yoast SEO plugin v24.1 - https:\/\/yoast.com\/wordpress\/plugins\/seo\/ -->\n<title>Torneos de Casino Online - casinoreturn<\/title>\n<meta name=\"description\" content=\"Los Torneos de Casino Online son una forma maravillosa de conectar e intercambiar. Juega aqu\u00ed a los \u00faltimos Torneos de Tragaperras de Casino Online.\" \/>\n<meta name=\"robots\" content=\"index, follow, max-snippet:-1, max-image-preview:large, max-video-preview:-1\" \/>\n<link rel=\"canonical\" href=\"https:\/\/casinoreturn.com\/es\/torneos-de-casino-online\/\" \/>\n<meta property=\"og:locale\" content=\"es_ES\" \/>\n<meta property=\"og:type\" content=\"article\" \/>\n<meta property=\"og:title\" content=\"Torneos de Casino Online - casinoreturn\" \/>\n<meta property=\"og:description\" content=\"Los Torneos de Casino Online son una forma maravillosa de conectar e intercambiar. Juega aqu\u00ed a los \u00faltimos Torneos de Tragaperras de Casino Online.\" \/>\n<meta property=\"og:url\" content=\"https:\/\/casinoreturn.com\/es\/torneos-de-casino-online\/\" \/>\n<meta property=\"og:site_name\" content=\"casinoreturn\" \/>\n<meta property=\"article:modified_time\" content=\"2024-12-02T18:10:33+00:00\" \/>\n<meta property=\"og:image\" content=\"https:\/\/casinoreturn.com\/wp-content\/uploads\/2024\/11\/Online-Casino-Tournaments.jpg\" \/>\n\t<meta property=\"og:image:width\" content=\"400\" \/>\n\t<meta property=\"og:image:height\" content=\"133\" \/>\n\t<meta property=\"og:image:type\" content=\"image\/jpeg\" \/>\n<meta name=\"twitter:card\" content=\"summary_large_image\" \/>\n<meta name=\"twitter:label1\" content=\"Tiempo de lectura\" \/>\n\t<meta name=\"twitter:data1\" content=\"6 minutos\" \/>\n<script type=\"application\/ld+json\" class=\"yoast-schema-graph\">{\"@context\":\"https:\/\/schema.org\",\"@graph\":[{\"@type\":\"WebPage\",\"@id\":\"https:\/\/casinoreturn.com\/es\/torneos-de-casino-online\/\",\"url\":\"https:\/\/casinoreturn.com\/es\/torneos-de-casino-online\/\",\"name\":\"Torneos de Casino Online - casinoreturn\",\"isPartOf\":{\"@id\":\"https:\/\/casinoreturn.com\/#website\"},\"primaryImageOfPage\":{\"@id\":\"https:\/\/casinoreturn.com\/es\/torneos-de-casino-online\/#primaryimage\"},\"image\":{\"@id\":\"https:\/\/casinoreturn.com\/es\/torneos-de-casino-online\/#primaryimage\"},\"thumbnailUrl\":\"https:\/\/casinoreturn.com\/wp-content\/uploads\/2024\/11\/Online-Casino-Tournaments.jpg\",\"datePublished\":\"2024-11-20T12:23:31+00:00\",\"dateModified\":\"2024-12-02T18:10:33+00:00\",\"description\":\"Los Torneos de Casino Online son una forma maravillosa de conectar e intercambiar. Juega aqu\u00ed a los \u00faltimos Torneos de Tragaperras de Casino Online.\",\"breadcrumb\":{\"@id\":\"https:\/\/casinoreturn.com\/es\/torneos-de-casino-online\/#breadcrumb\"},\"inLanguage\":\"es\",\"potentialAction\":[{\"@type\":\"ReadAction\",\"target\":[\"https:\/\/casinoreturn.com\/es\/torneos-de-casino-online\/\"]}]},{\"@type\":\"ImageObject\",\"inLanguage\":\"es\",\"@id\":\"https:\/\/casinoreturn.com\/es\/torneos-de-casino-online\/#primaryimage\",\"url\":\"https:\/\/casinoreturn.com\/wp-content\/uploads\/2024\/11\/Online-Casino-Tournaments.jpg\",\"contentUrl\":\"https:\/\/casinoreturn.com\/wp-content\/uploads\/2024\/11\/Online-Casino-Tournaments.jpg\"},{\"@type\":\"BreadcrumbList\",\"@id\":\"https:\/\/casinoreturn.com\/es\/torneos-de-casino-online\/#breadcrumb\",\"itemListElement\":[{\"@type\":\"ListItem\",\"position\":1,\"name\":\"Home\",\"item\":\"https:\/\/casinoreturn.com\/es\/hogar\/\"},{\"@type\":\"ListItem\",\"position\":2,\"name\":\"Torneos de Casino Online\"}]},{\"@type\":\"WebSite\",\"@id\":\"https:\/\/casinoreturn.com\/#website\",\"url\":\"https:\/\/casinoreturn.com\/\",\"name\":\"casinoreturn\",\"description\":\"\",\"publisher\":{\"@id\":\"https:\/\/casinoreturn.com\/#organization\"},\"potentialAction\":[{\"@type\":\"SearchAction\",\"target\":{\"@type\":\"EntryPoint\",\"urlTemplate\":\"https:\/\/casinoreturn.com\/?s={search_term_string}\"},\"query-input\":{\"@type\":\"PropertyValueSpecification\",\"valueRequired\":true,\"valueName\":\"search_term_string\"}}],\"inLanguage\":\"es\"},{\"@type\":\"Organization\",\"@id\":\"https:\/\/casinoreturn.com\/#organization\",\"name\":\"casinoreturn\",\"url\":\"https:\/\/casinoreturn.com\/\",\"logo\":{\"@type\":\"ImageObject\",\"inLanguage\":\"es\",\"@id\":\"https:\/\/casinoreturn.com\/#\/schema\/logo\/image\/\",\"url\":\"https:\/\/casinoreturn.com\/wp-content\/uploads\/2024\/09\/animal-favicon.png\",\"contentUrl\":\"https:\/\/casinoreturn.com\/wp-content\/uploads\/2024\/09\/animal-favicon.png\",\"width\":92,\"height\":92,\"caption\":\"casinoreturn\"},\"image\":{\"@id\":\"https:\/\/casinoreturn.com\/#\/schema\/logo\/image\/\"}}]}<\/script>\n<!-- \/ Yoast SEO plugin. -->","yoast_head_json":{"title":"Torneos de Casino Online - casinoreturn","description":"Los Torneos de Casino Online son una forma maravillosa de conectar e intercambiar. Juega aqu\u00ed a los \u00faltimos Torneos de Tragaperras de Casino Online.","robots":{"index":"index","follow":"follow","max-snippet":"max-snippet:-1","max-image-preview":"max-image-preview:large","max-video-preview":"max-video-preview:-1"},"canonical":"https:\/\/casinoreturn.com\/es\/torneos-de-casino-online\/","og_locale":"es_ES","og_type":"article","og_title":"Torneos de Casino Online - casinoreturn","og_description":"Los Torneos de Casino Online son una forma maravillosa de conectar e intercambiar. Juega aqu\u00ed a los \u00faltimos Torneos de Tragaperras de Casino Online.","og_url":"https:\/\/casinoreturn.com\/es\/torneos-de-casino-online\/","og_site_name":"casinoreturn","article_modified_time":"2024-12-02T18:10:33+00:00","og_image":[{"width":400,"height":133,"url":"https:\/\/casinoreturn.com\/wp-content\/uploads\/2024\/11\/Online-Casino-Tournaments.jpg","type":"image\/jpeg"}],"twitter_card":"summary_large_image","twitter_misc":{"Tiempo de lectura":"6 minutos"},"schema":{"@context":"https:\/\/schema.org","@graph":[{"@type":"WebPage","@id":"https:\/\/casinoreturn.com\/es\/torneos-de-casino-online\/","url":"https:\/\/casinoreturn.com\/es\/torneos-de-casino-online\/","name":"Torneos de Casino Online - casinoreturn","isPartOf":{"@id":"https:\/\/casinoreturn.com\/#website"},"primaryImageOfPage":{"@id":"https:\/\/casinoreturn.com\/es\/torneos-de-casino-online\/#primaryimage"},"image":{"@id":"https:\/\/casinoreturn.com\/es\/torneos-de-casino-online\/#primaryimage"},"thumbnailUrl":"https:\/\/casinoreturn.com\/wp-content\/uploads\/2024\/11\/Online-Casino-Tournaments.jpg","datePublished":"2024-11-20T12:23:31+00:00","dateModified":"2024-12-02T18:10:33+00:00","description":"Los Torneos de Casino Online son una forma maravillosa de conectar e intercambiar. Juega aqu\u00ed a los \u00faltimos Torneos de Tragaperras de Casino Online.","breadcrumb":{"@id":"https:\/\/casinoreturn.com\/es\/torneos-de-casino-online\/#breadcrumb"},"inLanguage":"es","potentialAction":[{"@type":"ReadAction","target":["https:\/\/casinoreturn.com\/es\/torneos-de-casino-online\/"]}]},{"@type":"ImageObject","inLanguage":"es","@id":"https:\/\/casinoreturn.com\/es\/torneos-de-casino-online\/#primaryimage","url":"https:\/\/casinoreturn.com\/wp-content\/uploads\/2024\/11\/Online-Casino-Tournaments.jpg","contentUrl":"https:\/\/casinoreturn.com\/wp-content\/uploads\/2024\/11\/Online-Casino-Tournaments.jpg"},{"@type":"BreadcrumbList","@id":"https:\/\/casinoreturn.com\/es\/torneos-de-casino-online\/#breadcrumb","itemListElement":[{"@type":"ListItem","position":1,"name":"Home","item":"https:\/\/casinoreturn.com\/es\/hogar\/"},{"@type":"ListItem","position":2,"name":"Torneos de Casino Online"}]},{"@type":"WebSite","@id":"https:\/\/casinoreturn.com\/#website","url":"https:\/\/casinoreturn.com\/","name":"casinoreturn","description":"","publisher":{"@id":"https:\/\/casinoreturn.com\/#organization"},"potentialAction":[{"@type":"SearchAction","target":{"@type":"EntryPoint","urlTemplate":"https:\/\/casinoreturn.com\/?s={search_term_string}"},"query-input":{"@type":"PropertyValueSpecification","valueRequired":true,"valueName":"search_term_string"}}],"inLanguage":"es"},{"@type":"Organization","@id":"https:\/\/casinoreturn.com\/#organization","name":"casinoreturn","url":"https:\/\/casinoreturn.com\/","logo":{"@type":"ImageObject","inLanguage":"es","@id":"https:\/\/casinoreturn.com\/#\/schema\/logo\/image\/","url":"https:\/\/casinoreturn.com\/wp-content\/uploads\/2024\/09\/animal-favicon.png","contentUrl":"https:\/\/casinoreturn.com\/wp-content\/uploads\/2024\/09\/animal-favicon.png","width":92,"height":92,"caption":"casinoreturn"},"image":{"@id":"https:\/\/casinoreturn.com\/#\/schema\/logo\/image\/"}}]}},"_links":{"self":[{"href":"https:\/\/casinoreturn.com\/es\/wp-json\/wp\/v2\/pages\/4684","targetHints":{"allow":["GET"]}}],"collection":[{"href":"https:\/\/casinoreturn.com\/es\/wp-json\/wp\/v2\/pages"}],"about":[{"href":"https:\/\/casinoreturn.com\/es\/wp-json\/wp\/v2\/types\/page"}],"author":[{"embeddable":true,"href":"https:\/\/casinoreturn.com\/es\/wp-json\/wp\/v2\/users\/1"}],"replies":[{"embeddable":true,"href":"https:\/\/casinoreturn.com\/es\/wp-json\/wp\/v2\/comments?post=4684"}],"version-history":[{"count":1,"href":"https:\/\/casinoreturn.com\/es\/wp-json\/wp\/v2\/pages\/4684\/revisions"}],"predecessor-version":[{"id":4685,"href":"https:\/\/casinoreturn.com\/es\/wp-json\/wp\/v2\/pages\/4684\/revisions\/4685"}],"wp:attachment":[{"href":"https:\/\/casinoreturn.com\/es\/wp-json\/wp\/v2\/media?parent=4684"}],"curies":[{"name":"wp","href":"https:\/\/api.w.org\/{rel}","templated":true}]}}