{"id":4974,"date":"2024-11-13T14:22:59","date_gmt":"2024-11-13T14:22:59","guid":{"rendered":"https:\/\/casinoreturn.com\/casinos-de-apuestas-de-fantasy-football\/"},"modified":"2025-10-31T13:40:39","modified_gmt":"2025-10-31T13:40:39","slug":"casinos-de-apuestas-de-fantasy-football","status":"publish","type":"page","link":"https:\/\/casinoreturn.com\/es\/casinos-de-apuestas-de-fantasy-football\/","title":{"rendered":"Casinos de apuestas de Fantasy Football"},"content":{"rendered":"\t\t<div data-elementor-type=\"wp-page\" data-elementor-id=\"4974\" class=\"elementor elementor-4974\" data-elementor-post-type=\"page\">\n\t\t\t\t<div class=\"elementor-element elementor-element-642d999 e-con-full e-flex e-con e-parent\" data-id=\"642d999\" data-element_type=\"container\">\n\t\t\t\t<div class=\"elementor-element elementor-element-d027b58 elementor-widget elementor-widget-image\" data-id=\"d027b58\" data-element_type=\"widget\" data-widget_type=\"image.default\">\n\t\t\t\t<div class=\"elementor-widget-container\">\n\t\t\t\t\t\t\t\t\t\t\t\t\t\t\t<img decoding=\"async\" src=\"https:\/\/casinoreturn.com\/wp-content\/uploads\/elementor\/thumbs\/Fantasy-Football-Casino-qx0213mld26kmw2y2bvw2cqpmcar1kh6oms60z1sr4.jpg\" title=\"Fantasy Football Casino\" alt=\"Fantasy Football Casino Betting\" loading=\"lazy\" \/>\t\t\t\t\t\t\t\t\t\t\t\t\t\t\t<\/div>\n\t\t\t\t<\/div>\n\t\t\t\t<div class=\"elementor-element elementor-element-1095682 elementor-widget elementor-widget-heading\" data-id=\"1095682\" data-element_type=\"widget\" data-widget_type=\"heading.default\">\n\t\t\t\t<div class=\"elementor-widget-container\">\n\t\t\t\t\t<h2 class=\"elementor-heading-title elementor-size-default\">Apuestas de Fantasy Football Casino<\/h2>\t\t\t\t<\/div>\n\t\t\t\t<\/div>\n\t\t\t\t<div class=\"elementor-element elementor-element-77d5a60 elementor-widget elementor-widget-text-editor\" data-id=\"77d5a60\" data-element_type=\"widget\" data-widget_type=\"text-editor.default\">\n\t\t\t\t<div class=\"elementor-widget-container\">\n\t\t\t\t\t\t\t\t\t<h3>\u00bfQu\u00e9 es el f\u00fatbol fantas\u00eda?<\/h3>\n<p>\u00bfQu\u00e9 es exactamente el f\u00fatbol fantas\u00eda? De esta forma, puedes convertirte en el director general de tu equipo de f\u00fatbol, donde t\u00fa -y s\u00f3lo t\u00fa- decides qu\u00e9 jugadores quieres. <\/p>\n<h5>Selecci\u00f3n de tus propios jugadores<\/h5>\n<p>Seleccionas una lista de jugadores de la NFL para tu equipo y utilizas sus datos reales para competir con otros equipos seleccionados de forma similar y determinar qu\u00e9 jefe rinde mejor. Durante cada semana de la temporada de f\u00fatbol americano, el rendimiento de los jugadores que pongas en la alineaci\u00f3n inicial determina el \u00e9xito o el fracaso de tu equipo de fantas\u00eda. <\/p>\n<h5>Sustituye a tus jugadores<\/h5>\n<p>Puedes elegir jugadores de reemplazo que se queden en el banquillo, trabajar en la l\u00ednea libre para conseguir piezas calientes, o intentar deshacerte de un veterano envejecido antes de que caiga la rueda a cambio de un novato a punto de incendiarse. Una vez que te hayas registrado en tu ludoteca online, elige primero tu liga favorita, \u00a1y tu primera apuesta en Fantasy Football ya no ser\u00e1 un obst\u00e1culo! Al elegir una liga, tambi\u00e9n debes tener en cuenta los siguientes puntos:  <\/p>\n<h4>Cosas a tener en cuenta en el Fantasy Football<\/h4>\n<p>Hay ligas de todos los tama\u00f1os, y puedes elegir entre participar en s\u00f3lo cuatro equipos o en hasta 30 equipos. Cuantos menos propietarios, m\u00e1s superestrellas en cada plantilla. Sin embargo, si tu liga tiene demasiados equipos y quieres organizar una lista una vez a la semana, puede que necesites saber el nombre del extremo cerrado de la cuarta fila. Esto puede ser m\u00e1s masticable que los aficionados normales.   <\/p>\n<h5>Liga de 12 Equipos<\/h5>\n<p>Para m\u00ed, 12 es el tama\u00f1o perfecto para la Liga Fant\u00e1stica de F\u00fatbol. De esta forma, cada equipo tendr\u00e1 finalmente una buena mezcla de talentos; cada equipo no s\u00f3lo tendr\u00e1 varios jugadores, sino que el propietario tambi\u00e9n tendr\u00e1 que buscar m\u00e1s en la reserva de jugadores para completar la lista de jugadores. Sin embargo, es probable que haya buenos jugadores si se completan todas las listas de jugadores. As\u00ed, cuando la temporada est\u00e9 en pleno apogeo, los jefes podr\u00e1n mejorar su territorio.   <\/p>\n\t\t\t\t\t\t\t\t<\/div>\n\t\t\t\t<\/div>\n\t\t\t\t<div class=\"elementor-element elementor-element-b8c877b elementor-widget elementor-widget-heading\" data-id=\"b8c877b\" data-element_type=\"widget\" data-widget_type=\"heading.default\">\n\t\t\t\t<div class=\"elementor-widget-container\">\n\t\t\t\t\t<h3 class=\"elementor-heading-title elementor-size-default\">\u00bfC\u00f3mo apostar en Fantasy Football?<\/h3>\t\t\t\t<\/div>\n\t\t\t\t<\/div>\n\t\t\t\t<div class=\"elementor-element elementor-element-65d3835 elementor-widget elementor-widget-text-editor\" data-id=\"65d3835\" data-element_type=\"widget\" data-widget_type=\"text-editor.default\">\n\t\t\t\t<div class=\"elementor-widget-container\">\n\t\t\t\t\t\t\t\t\t<p>En el siguiente art\u00edculo, trataremos la cuesti\u00f3n de c\u00f3mo funciona el Fantasy Football o \u00ab\u00bfC\u00f3mo funciona el Fantasy Football de la NFL? O \u00ab\u00bfC\u00f3mo funciona el Draft de Fantasy Football\u00bb? Adem\u00e1s, investigaremos la cuesti\u00f3n de hasta qu\u00e9 punto se asigna un propietario de fantas\u00eda a un jugador concreto.  <\/p>\n<h5>\u00bfC\u00f3mo funciona el Fantasy Draft de la NFL?<\/h5>\n<p>La mayor\u00eda de las ligas seleccionan drafts, en los que el jefe selecciona por turnos a los jugadores que a\u00fan no han sido asignados al equipo. Normalmente, el dise\u00f1o se hace en cola, votando el equipo primero en una ronda y el \u00faltimo en la siguiente para garantizar el equilibrio del equipo. Otra forma de difusi\u00f3n es mediante subastas.<\/p>\n<h5>\u00bfQu\u00e9 ocurre en una Subasta para jugadores de equipo?<\/h5>\n<p>En el formato de subasta, todos los equipos empiezan con la misma cantidad de dinero fantas\u00eda y luego nominan a un jugador. La oferta m\u00e1s alta por un jugador concreto gana, pero, por supuesto, el propietario ganador tiene ahora menos dinero disponible para pujar por los jugadores siguientes. As\u00ed que, aunque la subasta permite a cada jefe hacerse con los jugadores que desee, cada jefe tiene que prestar atenci\u00f3n a un presupuesto razonable, de lo contrario puede tener tres candidatos junto a un mont\u00f3n de \u00abarbustos\u00bb. \u00bb  <\/p>\n\t\t\t\t\t\t\t\t<\/div>\n\t\t\t\t<\/div>\n\t\t\t\t<div class=\"elementor-element elementor-element-f39cfac elementor-widget elementor-widget-image\" data-id=\"f39cfac\" data-element_type=\"widget\" data-widget_type=\"image.default\">\n\t\t\t\t<div class=\"elementor-widget-container\">\n\t\t\t\t\t\t\t\t\t\t\t\t\t\t\t<img decoding=\"async\" src=\"https:\/\/casinoreturn.com\/wp-content\/uploads\/elementor\/thumbs\/Fantasy-Football-Betting-qx02bndcu9ujrxxwe1uggpwkyijm1f47ij8zsbghxs.jpg\" title=\"Fantasy Football Betting\" alt=\"Fantasy Football Betting\" loading=\"lazy\" \/>\t\t\t\t\t\t\t\t\t\t\t\t\t\t\t<\/div>\n\t\t\t\t<\/div>\n\t\t\t\t<div class=\"elementor-element elementor-element-9a86ccb elementor-widget elementor-widget-heading\" data-id=\"9a86ccb\" data-element_type=\"widget\" data-widget_type=\"heading.default\">\n\t\t\t\t<div class=\"elementor-widget-container\">\n\t\t\t\t\t<h3 class=\"elementor-heading-title elementor-size-default\">Los mejores consejos para apostar en Fantasy Football:<\/h3>\t\t\t\t<\/div>\n\t\t\t\t<\/div>\n\t\t\t\t<div class=\"elementor-element elementor-element-74ad2b2 elementor-widget elementor-widget-text-editor\" data-id=\"74ad2b2\" data-element_type=\"widget\" data-widget_type=\"text-editor.default\">\n\t\t\t\t<div class=\"elementor-widget-container\">\n\t\t\t\t\t\t\t\t\t<p>Algunas ligas tienen un nuevo draft al principio de cada temporada. Otras, sin embargo, ofrecen a los propietarios la opci\u00f3n de mantener a los jugadores en sus equipos durante varias temporadas. <\/p>\n<h5>La hora de la verdad en el F\u00fatbol Fantas\u00eda<\/h5>\n<p>Sin embargo, la decisi\u00f3n debe tomarse lo antes posible, ya que entonces sabr\u00e1s si un jugador permanecer\u00e1 en el equipo mucho o poco tiempo. Independientemente del m\u00e9todo que elijas al final, en general deber\u00edas hacerte una idea de c\u00f3mo es y funciona un draft, y mejor antes de empezarlo. <\/p>\n\t\t\t\t\t\t\t\t<\/div>\n\t\t\t\t<\/div>\n\t\t\t\t<div class=\"elementor-element elementor-element-f389443 elementor-widget elementor-widget-heading\" data-id=\"f389443\" data-element_type=\"widget\" data-widget_type=\"heading.default\">\n\t\t\t\t<div class=\"elementor-widget-container\">\n\t\t\t\t\t<h3 class=\"elementor-heading-title elementor-size-default\">\u00bfLos mejores casinos de apuestas para Fantasy Football?<\/h3>\t\t\t\t<\/div>\n\t\t\t\t<\/div>\n\t\t\t\t<div class=\"elementor-element elementor-element-44ba9f8 elementor-widget elementor-widget-text-editor\" data-id=\"44ba9f8\" data-element_type=\"widget\" data-widget_type=\"text-editor.default\">\n\t\t\t\t<div class=\"elementor-widget-container\">\n\t\t\t\t\t\t\t\t\t<ul>\n<li>Lorem ipsum dolor sit amet, consectetur adipiscing elit. Ut elit tellus, luctus nec ullamcorper mattis, pulvinar dapibus leo. <\/li>\n<\/ul>\n\t\t\t\t\t\t\t\t<\/div>\n\t\t\t\t<\/div>\n\t\t\t\t<\/div>\n\t\t\t\t<\/div>\n\t\t","protected":false},"excerpt":{"rendered":"<p>Apuestas de Fantasy Football Casino \u00bfQu\u00e9 es el f\u00fatbol fantas\u00eda? \u00bfQu\u00e9 es exactamente el f\u00fatbol fantas\u00eda? De esta forma, puedes convertirte en el director general de tu equipo de f\u00fatbol, donde t\u00fa -y s\u00f3lo t\u00fa- decides qu\u00e9 jugadores quieres. Selecci\u00f3n de tus propios jugadores Seleccionas una lista de jugadores de la NFL para tu equipo [&hellip;]<\/p>\n","protected":false},"author":1,"featured_media":0,"parent":0,"menu_order":0,"comment_status":"closed","ping_status":"closed","template":"","meta":{"footnotes":""},"class_list":["post-4974","page","type-page","status-publish","hentry"],"blocksy_meta":[],"acf":[],"yoast_head":"<!-- This site is optimized with the Yoast SEO plugin v24.1 - https:\/\/yoast.com\/wordpress\/plugins\/seo\/ -->\n<title>Casinos de apuestas de Fantasy Football - casinoreturn<\/title>\n<meta name=\"description\" content=\"Los casinos de apuestas de Fantasy Football no son los m\u00e1s comunes. Participar e intercambiar resultados y hablar sobre ello, es clave para los jugadores.\" \/>\n<meta name=\"robots\" content=\"index, follow, max-snippet:-1, max-image-preview:large, max-video-preview:-1\" \/>\n<link rel=\"canonical\" href=\"https:\/\/casinoreturn.com\/es\/casinos-de-apuestas-de-fantasy-football\/\" \/>\n<meta property=\"og:locale\" content=\"es_ES\" \/>\n<meta property=\"og:type\" content=\"article\" \/>\n<meta property=\"og:title\" content=\"Casinos de apuestas de Fantasy Football - casinoreturn\" \/>\n<meta property=\"og:description\" content=\"Los casinos de apuestas de Fantasy Football no son los m\u00e1s comunes. Participar e intercambiar resultados y hablar sobre ello, es clave para los jugadores.\" \/>\n<meta property=\"og:url\" content=\"https:\/\/casinoreturn.com\/es\/casinos-de-apuestas-de-fantasy-football\/\" \/>\n<meta property=\"og:site_name\" content=\"casinoreturn\" \/>\n<meta property=\"article:modified_time\" content=\"2025-10-31T13:40:39+00:00\" \/>\n<meta property=\"og:image\" content=\"https:\/\/casinoreturn.com\/wp-content\/uploads\/elementor\/thumbs\/Fantasy-Football-Casino-qx0213mld26kmw2y2bvw2cqpmcar1kh6oms60z1sr4.jpg\" \/>\n<meta name=\"twitter:card\" content=\"summary_large_image\" \/>\n<meta name=\"twitter:label1\" content=\"Tiempo de lectura\" \/>\n\t<meta name=\"twitter:data1\" content=\"4 minutos\" \/>\n<script type=\"application\/ld+json\" class=\"yoast-schema-graph\">{\"@context\":\"https:\/\/schema.org\",\"@graph\":[{\"@type\":\"WebPage\",\"@id\":\"https:\/\/casinoreturn.com\/es\/casinos-de-apuestas-de-fantasy-football\/\",\"url\":\"https:\/\/casinoreturn.com\/es\/casinos-de-apuestas-de-fantasy-football\/\",\"name\":\"Casinos de apuestas de Fantasy Football - casinoreturn\",\"isPartOf\":{\"@id\":\"https:\/\/casinoreturn.com\/#website\"},\"primaryImageOfPage\":{\"@id\":\"https:\/\/casinoreturn.com\/es\/casinos-de-apuestas-de-fantasy-football\/#primaryimage\"},\"image\":{\"@id\":\"https:\/\/casinoreturn.com\/es\/casinos-de-apuestas-de-fantasy-football\/#primaryimage\"},\"thumbnailUrl\":\"https:\/\/casinoreturn.com\/wp-content\/uploads\/elementor\/thumbs\/Fantasy-Football-Casino-qx0213mld26kmw2y2bvw2cqpmcar1kh6oms60z1sr4.jpg\",\"datePublished\":\"2024-11-13T14:22:59+00:00\",\"dateModified\":\"2025-10-31T13:40:39+00:00\",\"description\":\"Los casinos de apuestas de Fantasy Football no son los m\u00e1s comunes. Participar e intercambiar resultados y hablar sobre ello, es clave para los jugadores.\",\"breadcrumb\":{\"@id\":\"https:\/\/casinoreturn.com\/es\/casinos-de-apuestas-de-fantasy-football\/#breadcrumb\"},\"inLanguage\":\"es\",\"potentialAction\":[{\"@type\":\"ReadAction\",\"target\":[\"https:\/\/casinoreturn.com\/es\/casinos-de-apuestas-de-fantasy-football\/\"]}]},{\"@type\":\"ImageObject\",\"inLanguage\":\"es\",\"@id\":\"https:\/\/casinoreturn.com\/es\/casinos-de-apuestas-de-fantasy-football\/#primaryimage\",\"url\":\"https:\/\/casinoreturn.com\/wp-content\/uploads\/elementor\/thumbs\/Fantasy-Football-Casino-qx0213mld26kmw2y2bvw2cqpmcar1kh6oms60z1sr4.jpg\",\"contentUrl\":\"https:\/\/casinoreturn.com\/wp-content\/uploads\/elementor\/thumbs\/Fantasy-Football-Casino-qx0213mld26kmw2y2bvw2cqpmcar1kh6oms60z1sr4.jpg\"},{\"@type\":\"BreadcrumbList\",\"@id\":\"https:\/\/casinoreturn.com\/es\/casinos-de-apuestas-de-fantasy-football\/#breadcrumb\",\"itemListElement\":[{\"@type\":\"ListItem\",\"position\":1,\"name\":\"Home\",\"item\":\"https:\/\/casinoreturn.com\/es\/hogar\/\"},{\"@type\":\"ListItem\",\"position\":2,\"name\":\"Casinos de apuestas de Fantasy Football\"}]},{\"@type\":\"WebSite\",\"@id\":\"https:\/\/casinoreturn.com\/#website\",\"url\":\"https:\/\/casinoreturn.com\/\",\"name\":\"casinoreturn\",\"description\":\"\",\"publisher\":{\"@id\":\"https:\/\/casinoreturn.com\/#organization\"},\"potentialAction\":[{\"@type\":\"SearchAction\",\"target\":{\"@type\":\"EntryPoint\",\"urlTemplate\":\"https:\/\/casinoreturn.com\/?s={search_term_string}\"},\"query-input\":{\"@type\":\"PropertyValueSpecification\",\"valueRequired\":true,\"valueName\":\"search_term_string\"}}],\"inLanguage\":\"es\"},{\"@type\":\"Organization\",\"@id\":\"https:\/\/casinoreturn.com\/#organization\",\"name\":\"casinoreturn\",\"url\":\"https:\/\/casinoreturn.com\/\",\"logo\":{\"@type\":\"ImageObject\",\"inLanguage\":\"es\",\"@id\":\"https:\/\/casinoreturn.com\/#\/schema\/logo\/image\/\",\"url\":\"https:\/\/casinoreturn.com\/wp-content\/uploads\/2024\/09\/animal-favicon.png\",\"contentUrl\":\"https:\/\/casinoreturn.com\/wp-content\/uploads\/2024\/09\/animal-favicon.png\",\"width\":92,\"height\":92,\"caption\":\"casinoreturn\"},\"image\":{\"@id\":\"https:\/\/casinoreturn.com\/#\/schema\/logo\/image\/\"}}]}<\/script>\n<!-- \/ Yoast SEO plugin. -->","yoast_head_json":{"title":"Casinos de apuestas de Fantasy Football - casinoreturn","description":"Los casinos de apuestas de Fantasy Football no son los m\u00e1s comunes. Participar e intercambiar resultados y hablar sobre ello, es clave para los jugadores.","robots":{"index":"index","follow":"follow","max-snippet":"max-snippet:-1","max-image-preview":"max-image-preview:large","max-video-preview":"max-video-preview:-1"},"canonical":"https:\/\/casinoreturn.com\/es\/casinos-de-apuestas-de-fantasy-football\/","og_locale":"es_ES","og_type":"article","og_title":"Casinos de apuestas de Fantasy Football - casinoreturn","og_description":"Los casinos de apuestas de Fantasy Football no son los m\u00e1s comunes. Participar e intercambiar resultados y hablar sobre ello, es clave para los jugadores.","og_url":"https:\/\/casinoreturn.com\/es\/casinos-de-apuestas-de-fantasy-football\/","og_site_name":"casinoreturn","article_modified_time":"2025-10-31T13:40:39+00:00","og_image":[{"url":"https:\/\/casinoreturn.com\/wp-content\/uploads\/elementor\/thumbs\/Fantasy-Football-Casino-qx0213mld26kmw2y2bvw2cqpmcar1kh6oms60z1sr4.jpg","type":"","width":"","height":""}],"twitter_card":"summary_large_image","twitter_misc":{"Tiempo de lectura":"4 minutos"},"schema":{"@context":"https:\/\/schema.org","@graph":[{"@type":"WebPage","@id":"https:\/\/casinoreturn.com\/es\/casinos-de-apuestas-de-fantasy-football\/","url":"https:\/\/casinoreturn.com\/es\/casinos-de-apuestas-de-fantasy-football\/","name":"Casinos de apuestas de Fantasy Football - casinoreturn","isPartOf":{"@id":"https:\/\/casinoreturn.com\/#website"},"primaryImageOfPage":{"@id":"https:\/\/casinoreturn.com\/es\/casinos-de-apuestas-de-fantasy-football\/#primaryimage"},"image":{"@id":"https:\/\/casinoreturn.com\/es\/casinos-de-apuestas-de-fantasy-football\/#primaryimage"},"thumbnailUrl":"https:\/\/casinoreturn.com\/wp-content\/uploads\/elementor\/thumbs\/Fantasy-Football-Casino-qx0213mld26kmw2y2bvw2cqpmcar1kh6oms60z1sr4.jpg","datePublished":"2024-11-13T14:22:59+00:00","dateModified":"2025-10-31T13:40:39+00:00","description":"Los casinos de apuestas de Fantasy Football no son los m\u00e1s comunes. Participar e intercambiar resultados y hablar sobre ello, es clave para los jugadores.","breadcrumb":{"@id":"https:\/\/casinoreturn.com\/es\/casinos-de-apuestas-de-fantasy-football\/#breadcrumb"},"inLanguage":"es","potentialAction":[{"@type":"ReadAction","target":["https:\/\/casinoreturn.com\/es\/casinos-de-apuestas-de-fantasy-football\/"]}]},{"@type":"ImageObject","inLanguage":"es","@id":"https:\/\/casinoreturn.com\/es\/casinos-de-apuestas-de-fantasy-football\/#primaryimage","url":"https:\/\/casinoreturn.com\/wp-content\/uploads\/elementor\/thumbs\/Fantasy-Football-Casino-qx0213mld26kmw2y2bvw2cqpmcar1kh6oms60z1sr4.jpg","contentUrl":"https:\/\/casinoreturn.com\/wp-content\/uploads\/elementor\/thumbs\/Fantasy-Football-Casino-qx0213mld26kmw2y2bvw2cqpmcar1kh6oms60z1sr4.jpg"},{"@type":"BreadcrumbList","@id":"https:\/\/casinoreturn.com\/es\/casinos-de-apuestas-de-fantasy-football\/#breadcrumb","itemListElement":[{"@type":"ListItem","position":1,"name":"Home","item":"https:\/\/casinoreturn.com\/es\/hogar\/"},{"@type":"ListItem","position":2,"name":"Casinos de apuestas de Fantasy Football"}]},{"@type":"WebSite","@id":"https:\/\/casinoreturn.com\/#website","url":"https:\/\/casinoreturn.com\/","name":"casinoreturn","description":"","publisher":{"@id":"https:\/\/casinoreturn.com\/#organization"},"potentialAction":[{"@type":"SearchAction","target":{"@type":"EntryPoint","urlTemplate":"https:\/\/casinoreturn.com\/?s={search_term_string}"},"query-input":{"@type":"PropertyValueSpecification","valueRequired":true,"valueName":"search_term_string"}}],"inLanguage":"es"},{"@type":"Organization","@id":"https:\/\/casinoreturn.com\/#organization","name":"casinoreturn","url":"https:\/\/casinoreturn.com\/","logo":{"@type":"ImageObject","inLanguage":"es","@id":"https:\/\/casinoreturn.com\/#\/schema\/logo\/image\/","url":"https:\/\/casinoreturn.com\/wp-content\/uploads\/2024\/09\/animal-favicon.png","contentUrl":"https:\/\/casinoreturn.com\/wp-content\/uploads\/2024\/09\/animal-favicon.png","width":92,"height":92,"caption":"casinoreturn"},"image":{"@id":"https:\/\/casinoreturn.com\/#\/schema\/logo\/image\/"}}]}},"_links":{"self":[{"href":"https:\/\/casinoreturn.com\/es\/wp-json\/wp\/v2\/pages\/4974","targetHints":{"allow":["GET"]}}],"collection":[{"href":"https:\/\/casinoreturn.com\/es\/wp-json\/wp\/v2\/pages"}],"about":[{"href":"https:\/\/casinoreturn.com\/es\/wp-json\/wp\/v2\/types\/page"}],"author":[{"embeddable":true,"href":"https:\/\/casinoreturn.com\/es\/wp-json\/wp\/v2\/users\/1"}],"replies":[{"embeddable":true,"href":"https:\/\/casinoreturn.com\/es\/wp-json\/wp\/v2\/comments?post=4974"}],"version-history":[{"count":3,"href":"https:\/\/casinoreturn.com\/es\/wp-json\/wp\/v2\/pages\/4974\/revisions"}],"predecessor-version":[{"id":15884,"href":"https:\/\/casinoreturn.com\/es\/wp-json\/wp\/v2\/pages\/4974\/revisions\/15884"}],"wp:attachment":[{"href":"https:\/\/casinoreturn.com\/es\/wp-json\/wp\/v2\/media?parent=4974"}],"curies":[{"name":"wp","href":"https:\/\/api.w.org\/{rel}","templated":true}]}}