{"id":4998,"date":"2024-11-03T10:12:19","date_gmt":"2024-11-03T10:12:19","guid":{"rendered":"https:\/\/casinoreturn.com\/futbol-americano-canada-para-principiantes\/"},"modified":"2025-02-12T15:50:04","modified_gmt":"2025-02-12T15:50:04","slug":"futbol-americano-canada-para-principiantes","status":"publish","type":"page","link":"https:\/\/casinoreturn.com\/es\/futbol-americano-canada-para-principiantes\/","title":{"rendered":"F\u00fatbol americano Canad\u00e1 para principiantes"},"content":{"rendered":"\t\t<div data-elementor-type=\"wp-page\" data-elementor-id=\"4998\" class=\"elementor elementor-4998\" data-elementor-post-type=\"page\">\n\t\t\t\t<div class=\"elementor-element elementor-element-192ee5b7 e-flex e-con-boxed e-con e-parent\" data-id=\"192ee5b7\" data-element_type=\"container\">\n\t\t\t\t\t<div class=\"e-con-inner\">\n\t\t\t\t<div class=\"elementor-element elementor-element-266bc16c elementor-widget elementor-widget-text-editor\" data-id=\"266bc16c\" data-element_type=\"widget\" data-widget_type=\"text-editor.default\">\n\t\t\t\t<div class=\"elementor-widget-container\">\n\t\t\t\t\t\t\t\t\t<h4 class=\"wp-block-heading\">F\u00fatbol Americano Canad\u00e1 y sus reglas b\u00e1sicas.<\/h4>\n<p><strong>Pero lo primero es lo primero: echa un vistazo al Casino Lucky Days y a su Rese\u00f1a del Casino.<\/strong> <\/p>\n<div id=\"element-384\" class=\"widget item-absolute headline \" data-at=\"headline\">\n<div class=\"contents\">\n<h1><span class=\"x_949eba9a x_7911f47e\"><span class=\"x_f2074b6c\">HASTA 1500 CAD$<\/span><span class=\"x_f2074b6c\"> EN BONOS + 100 GIROS GRATIS <\/span> <\/span><\/h1>\n<p><a href=\"https:\/\/media.luckydaysaffiliates.com\/redirect.aspx?pid=13114&amp;bid=1586\" target=\"_blank\" rel=\"noopener\"><strong>Reclama tu Bono Exclusivo D\u00edas de Suerte AQU\u00cd<\/strong><\/a><\/p>\n<p>Se aplican las condiciones generales  <\/p>\n<\/div>\n<\/div>\n<p><img fetchpriority=\"high\" decoding=\"async\" class=\"size-medium wp-image-6372\" src=\"https:\/\/casinoreturn.com\/wp-content\/uploads\/2024\/12\/Lucky-Days-casino-300x300.png\" alt=\"Lucky-Days-casino\" width=\"300\" height=\"300\" srcset=\"https:\/\/casinoreturn.com\/wp-content\/uploads\/2024\/12\/Lucky-Days-casino-300x300.png 300w, https:\/\/casinoreturn.com\/wp-content\/uploads\/2024\/12\/Lucky-Days-casino-150x150.png 150w, https:\/\/casinoreturn.com\/wp-content\/uploads\/2024\/12\/Lucky-Days-casino.png 500w\" sizes=\"(max-width: 300px) 100vw, 300px\" \/><\/p>\n<h5>\u00bfCu\u00e1les son las condiciones del Bono del Casino Lucky Days?<\/h5>\n<p>Deposita 20 CAD$ o m\u00e1s. Apuesta 30x. Apuesta m\u00e1xima de CAD$5 por apuesta. Los fondos propios se utilizan primero. Caducidad de 30 d\u00edas. Las Tiradas Gratis caducan a las 24 horas. Deben apostarse 25x en los juegos seleccionados.      <\/p>\n<h5>\u00bfCu\u00e1les son los fundamentos del F\u00fatbol Americano Canad\u00e1?<\/h5>\n<p>El F\u00fatbol Americano es uno de los deportes m\u00e1s populares en Canad\u00e1. Vamos a explicar c\u00f3mo est\u00e1 estructurado el juego.<br \/>Empecemos por el objetivo del juego. El juego tiene un objetivo principal: los jugadores intentan llevar el bal\u00f3n a la zona de anotaci\u00f3n del adversario para marcar puntos. Gana quien m\u00e1s puntos tenga al final del partido.   <\/p>\n<h4 class=\"wp-block-heading\">\u00bfC\u00f3mo funciona un partido de f\u00fatbol?<\/h4>\n<p>La duraci\u00f3n de una partida suele ser de 2,5-3 horas. Durante el juego, un equipo siempre tiene el llamado \u00abderecho de ataque\u00bb, y el otro equipo est\u00e1 en la \u00abdefensa\u00bb. \u00abEl llamado \u00abderecho de ataque\u00bb siempre se alterna. El comienzo de una partida empieza con el lanzamiento de una moneda para determinar el principiante. La pelota de juego se coloca en la l\u00ednea del campo, y el equipo principiante debe chutarla lo m\u00e1s lejos posible. Tras el primer tiro, el equipo contrario intenta atrapar la pelota y llevarla lo m\u00e1s lejos posible. El punto en el que el equipo contrario consigue llegar con el bal\u00f3n es tambi\u00e9n donde comienza el juego en el campo.<br \/>Ofensiva. . . Pases. . . Correr            <\/p>\n<h4 class=\"wp-block-heading\">Ahora ha comenzado el juego favorito de los estadounidenses, pero \u00bfc\u00f3mo continuar\u00e1?<\/h4>\n<p>El equipo que posee el bal\u00f3n se llama atacante (Ofensiva). Intentan ganar espacio lanzando y corriendo hacia los otros compa\u00f1eros de juego. En el mejor de los casos, esto termina en la llamada zona de anotaci\u00f3n. Mientras los atacantes corren con el bal\u00f3n de juguete, el equipo contrario debe impedir en lo posible que los atacantes ganen espacio e intentar hacerse con el bal\u00f3n. Los atacantes tienen un total de cuatro intentos y deben ganar un espacio de diez yardas. En caso de fallo, se cambian las posiciones.     <\/p>\n<h4 class=\"wp-block-heading\">\u00bfQu\u00e9 significa Touchdown en el f\u00fatbol americano?<\/h4>\n<p>Un Touchdown en el F\u00fatbol Americano Canad\u00e1 y NFL ( US ) es el m\u00e9todo m\u00e1s conocido para anotar puntos en el F\u00fatbol Americano. El touchdown aporta al equipo un total de seis puntos. Se consigue cuando el bal\u00f3n se lleva por encima de la l\u00ednea de meta del equipo contrario o cuando se atrapa en la llamada zona de anotaci\u00f3n.<br \/>Si el equipo consigue lanzar el bal\u00f3n a trav\u00e9s de la porter\u00eda despu\u00e9s de un touchdown, puede ganar otro punto.<br \/>Si no es posible hacer un touchdown desde un estado determinado, el equipo puede salir del juego e intentar chutar el bal\u00f3n a la porter\u00eda. Esto plantea otro punto.   <\/p>\n<h4 class=\"wp-block-heading\">\u00bfQu\u00e9 es la seguridad en un partido de f\u00fatbol?<\/h4>\n<p>La seguridad tambi\u00e9n es un m\u00e9todo para ganar puntos durante el juego. Para ello, el equipo defensor debe derrotar al equipo atacante en su zona de anotaci\u00f3n. En este caso, el equipo recibe dos puntos adicionales.  <\/p>\n<h3 class=\"wp-block-heading\">Apuestas de f\u00fatbol americano Canad\u00e1. . \u00bfqu\u00e9 debes saber?   <\/h3>\n<h4 class=\"wp-block-heading\">\u00bfQu\u00e9 son las apuestas h\u00e1ndicap y spread en el f\u00fatbol americano canadiense?<\/h4>\n<p>En el Casino Online, hay dos tipos principales de apuestas en el F\u00fatbol Americano. Est\u00e1 la llamada apuesta de h\u00e1ndicap o spread betting. Este tipo es una de las formas de apuesta favoritas en el F\u00fatbol Americano. Aqu\u00ed, es bastante sencillo diferenciar una determinada apuesta de resultado. En otras palabras, se apuesta a la diferencia entre las especificaciones que hace el proveedor de apuestas y el resultado. Es cierto: \u00abCuanto mayor sea la diferencia, mayor ser\u00e1 la cuota y, por tanto, la ganancia o la p\u00e9rdida. \u00bb Encuentra tu mejor Bookie para <a href=\"https:\/\/casinoreturn.com\/es\/apuestas-de-futbol-americano-canada\/\">Apuestas de F\u00fatbol Americano Canad\u00e1 AQU\u00cd<\/a><br \/>Por lo tanto, el proveedor de apuestas establece un cierto rango utilizando las cuotas m\u00e1xima y m\u00ednima, que describe el resultado del evento deportivo sobre el que se est\u00e1 apostando. El tiempo especula si el resultado es superior o inferior al rango establecido por la casa de apuestas en funci\u00f3n de su posici\u00f3n de apuesta. No se realiza ninguna apuesta si el pron\u00f3stico del Souffleur coincide con el pron\u00f3stico del corredor de apuestas. Por tanto, la apuesta spread es una valoraci\u00f3n meteorol\u00f3gica del resultado o acontecimiento de un evento deportivo, como la valoraci\u00f3n de un determinado n\u00famero de puntos, goles, tarjetas amarillas o faltas. Si tu pron\u00f3stico est\u00e1 fuera del rango del proveedor de apuestas, el llamado l\u00edmite, entonces pron\u00fancialo. Si la cuota supera el l\u00edmite establecido por el corredor de apuestas, las ganancias y las p\u00e9rdidas se calculan del siguiente modo:          <\/p>\n<h5 class=\"wp-block-heading\">\u00bfC\u00f3mo calcular la suma?<\/h5>\n<p>La suma de lo anterior = bonificaci\u00f3n de la apuesta = n\u00famero de apuestas (la suma de las acciones menos el l\u00edmite). La suma de lo siguiente = p\u00e9rdida de la apuesta = n\u00famero de ganadores principales (el l\u00edmite menos la suma de las acciones). Si el valor introducido est\u00e1 por debajo del alcance de la casa de apuestas, el c\u00e1lculo se invierte: La suma de las siguientes cantidades: = bonificaci\u00f3n de la apuesta = n\u00famero de apuestas (el l\u00edmite inferior menos la suma de la promoci\u00f3n) La suma de las anteriores = p\u00e9rdida de la apuesta = n\u00famero de principales (el l\u00edmite superior menos la suma de la promoci\u00f3n)  <\/p>\n<h4 class=\"wp-block-heading\">\u00bfCu\u00e1l es la puntuaci\u00f3n total apostada para el F\u00fatbol Americano Canad\u00e1?<\/h4>\n<p>Adem\u00e1s, para el F\u00fatbol Americano, todas las casas de apuestas conocidas ofrecen la posibilidad de apostar al resultado final del partido en apuestas altas\/bajas. No se trata de predecir cu\u00e1ntos puntos marcar\u00e1 un equipo, sino la puntuaci\u00f3n total que ambos equipos conseguir\u00e1n al final del partido. Por ejemplo, una casa de apuestas puede utilizar un l\u00edmite de 49,5 puntos, y entonces t\u00fa tienes que decidir si quieres conseguir m\u00e1s o menos puntos. Con este tipo de apuesta, las cuotas suelen rondar el 1. 90.<br \/>Por supuesto, en el F\u00fatbol Americano, tambi\u00e9n puedes apostar por la ventaja del equipo al final del partido. Las casas de apuestas suelen ofrecer diferentes apuestas de ventaja para los dos equipos. Por ejemplo, puedes apostar a que el Equipo A gana el partido por 1-6 puntos. Tambi\u00e9n es posible poner una ventaja de 19-24 puntos para el equipo favorito. La casa de apuestas estima que cuanto menor sea el margen de beneficio del equipo, mayor ser\u00e1 la cuota de la apuesta.         <\/p>\n<h4 class=\"wp-block-heading\">Apuestas de f\u00fatbol americano con las mejores cuotas<\/h4>\n<p>\u00bfC\u00f3mo identificar las mejores cuotas para las apuestas de f\u00fatbol americano?<\/p>\n<p>Visita hoy nuestro sitio web, Casinoreturn.com, y encuentra las mejores apuestas online con las mejores cuotas de apuestas. Nosotros, como equipo de Casinoreturn, siempre intentamos encontrar los mejores proveedores para proporcionarte la mejor experiencia de juego posible.<br \/>Las apuestas no son algo nuevo en el mundo moderno de hoy en d\u00eda, sin embargo, parecen ser tan populares y populares como siempre. Ya sea una apuesta amistosa, entre amigos, una apuesta en el estadio con desconocidos que se hacen amigos con el coraz\u00f3n en la manga, o lo que es indispensable hoy en d\u00eda: online.<br \/>La emoci\u00f3n y la alegr\u00eda son las mismas. Nunca resulta aburrido, porque siempre hay algo nuevo por lo que apostar. La oferta es m\u00e1s abundante de lo que ha sido durante mucho tiempo, gracias a las redes sociales y a las numerosas plataformas online en las que registrarse hoy en d\u00eda. El valor del entretenimiento aumenta significativamente, ya que el n\u00famero de plataformas incrementa no s\u00f3lo el abanico de oportunidades para apostar, sino tambi\u00e9n el n\u00famero de proveedores.     <\/p>\n<h4 class=\"wp-block-heading\">F\u00fatbol Americano Estatus Social<\/h4>\n<p>\u00bfQu\u00e9 importancia tienen la NFL y la Liga Canadiense de F\u00fatbol?<\/p>\n<p>El deporte significa rivalidad y competici\u00f3n, pero tambi\u00e9n amistad y alianza. Es algo que une a la gente pero, por otro lado, tambi\u00e9n puede dividir en opiniones. Los jugadores de eventos individuales y los resultados r\u00e9cord nos fascinan desde siempre y nos atraen bajo su hechizo.<br \/>Como uno de los pasatiempos m\u00e1s populares, el casino online est\u00e1 representado por una gran variedad de proveedores. La oferta es muy diversa, y nosotros, como equipo, estamos aqu\u00ed para ayudarte a encontrar tu mejor casino online entre la variedad.<br \/>Echa un vistazo a Casinoreturn.com, en nuestro Top 10 tienes todos los buenos casinos de un vistazo. La lista de los 10 mejores casinos, te muestra los mejores y m\u00e1s reputados casinos online que se caracterizan por sus excelentes ofertas deportivas y de casino.<br \/>En nuestra lista de los 10 mejores encontrar\u00e1s una lista detallada de los mejores proveedores de apuestas y ofertas de apuestas para 2025.<br \/>Los mejores casinos online deben tener un servicio 24 horas al d\u00eda, 7 d\u00edas a la semana, en el que puedas ponerte en contacto por chat, correo electr\u00f3nico o tel\u00e9fono. Los m\u00e9todos de dep\u00f3sito y retirada deben estar claramente identificados. Las condiciones de venta claras y la transparencia tambi\u00e9n forman parte de esto. Adem\u00e1s, en el portal debe haber suficiente informaci\u00f3n y consejos.       <\/p>\n\t\t\t\t\t\t\t\t<\/div>\n\t\t\t\t<\/div>\n\t\t\t\t\t<\/div>\n\t\t\t\t<\/div>\n\t\t\t\t<\/div>\n\t\t","protected":false},"excerpt":{"rendered":"<p>F\u00fatbol Americano Canad\u00e1 y sus reglas b\u00e1sicas. Pero lo primero es lo primero: echa un vistazo al Casino Lucky Days y a su Rese\u00f1a del Casino. HASTA 1500 CAD$ EN BONOS + 100 GIROS GRATIS Reclama tu Bono Exclusivo D\u00edas de Suerte AQU\u00cd Se aplican las condiciones generales \u00bfCu\u00e1les son las condiciones del Bono del [&hellip;]<\/p>\n","protected":false},"author":1,"featured_media":0,"parent":0,"menu_order":0,"comment_status":"closed","ping_status":"closed","template":"","meta":{"footnotes":""},"class_list":["post-4998","page","type-page","status-publish","hentry"],"blocksy_meta":[],"acf":[],"yoast_head":"<!-- This site is optimized with the Yoast SEO plugin v24.1 - https:\/\/yoast.com\/wordpress\/plugins\/seo\/ -->\n<title>F\u00fatbol americano Canad\u00e1 para principiantes - casinoreturn<\/title>\n<meta name=\"description\" content=\"F\u00fatbol Americano Canad\u00e1 para principiantes es el ABC esencial del F\u00fatbol Americano o Reglas del F\u00fatbol Americano para Dummies. Si\u00e9ntate y disfruta.\" \/>\n<meta name=\"robots\" content=\"index, follow, max-snippet:-1, max-image-preview:large, max-video-preview:-1\" \/>\n<link rel=\"canonical\" href=\"https:\/\/casinoreturn.com\/es\/futbol-americano-canada-para-principiantes\/\" \/>\n<meta property=\"og:locale\" content=\"es_ES\" \/>\n<meta property=\"og:type\" content=\"article\" \/>\n<meta property=\"og:title\" content=\"F\u00fatbol americano Canad\u00e1 para principiantes - casinoreturn\" \/>\n<meta property=\"og:description\" content=\"F\u00fatbol Americano Canad\u00e1 para principiantes es el ABC esencial del F\u00fatbol Americano o Reglas del F\u00fatbol Americano para Dummies. Si\u00e9ntate y disfruta.\" \/>\n<meta property=\"og:url\" content=\"https:\/\/casinoreturn.com\/es\/futbol-americano-canada-para-principiantes\/\" \/>\n<meta property=\"og:site_name\" content=\"casinoreturn\" \/>\n<meta property=\"article:modified_time\" content=\"2025-02-12T15:50:04+00:00\" \/>\n<meta property=\"og:image\" content=\"https:\/\/casinoreturn.com\/wp-content\/uploads\/2024\/12\/Lucky-Days-casino.png\" \/>\n\t<meta property=\"og:image:width\" content=\"500\" \/>\n\t<meta property=\"og:image:height\" content=\"500\" \/>\n\t<meta property=\"og:image:type\" content=\"image\/png\" \/>\n<meta name=\"twitter:card\" content=\"summary_large_image\" \/>\n<meta name=\"twitter:label1\" content=\"Tiempo de lectura\" \/>\n\t<meta name=\"twitter:data1\" content=\"8 minutos\" \/>\n<script type=\"application\/ld+json\" class=\"yoast-schema-graph\">{\"@context\":\"https:\/\/schema.org\",\"@graph\":[{\"@type\":\"WebPage\",\"@id\":\"https:\/\/casinoreturn.com\/es\/futbol-americano-canada-para-principiantes\/\",\"url\":\"https:\/\/casinoreturn.com\/es\/futbol-americano-canada-para-principiantes\/\",\"name\":\"F\u00fatbol americano Canad\u00e1 para principiantes - casinoreturn\",\"isPartOf\":{\"@id\":\"https:\/\/casinoreturn.com\/#website\"},\"primaryImageOfPage\":{\"@id\":\"https:\/\/casinoreturn.com\/es\/futbol-americano-canada-para-principiantes\/#primaryimage\"},\"image\":{\"@id\":\"https:\/\/casinoreturn.com\/es\/futbol-americano-canada-para-principiantes\/#primaryimage\"},\"thumbnailUrl\":\"https:\/\/casinoreturn.com\/wp-content\/uploads\/2024\/12\/Lucky-Days-casino-300x300.png\",\"datePublished\":\"2024-11-03T10:12:19+00:00\",\"dateModified\":\"2025-02-12T15:50:04+00:00\",\"description\":\"F\u00fatbol Americano Canad\u00e1 para principiantes es el ABC esencial del F\u00fatbol Americano o Reglas del F\u00fatbol Americano para Dummies. Si\u00e9ntate y disfruta.\",\"breadcrumb\":{\"@id\":\"https:\/\/casinoreturn.com\/es\/futbol-americano-canada-para-principiantes\/#breadcrumb\"},\"inLanguage\":\"es\",\"potentialAction\":[{\"@type\":\"ReadAction\",\"target\":[\"https:\/\/casinoreturn.com\/es\/futbol-americano-canada-para-principiantes\/\"]}]},{\"@type\":\"ImageObject\",\"inLanguage\":\"es\",\"@id\":\"https:\/\/casinoreturn.com\/es\/futbol-americano-canada-para-principiantes\/#primaryimage\",\"url\":\"https:\/\/casinoreturn.com\/wp-content\/uploads\/2024\/12\/Lucky-Days-casino-300x300.png\",\"contentUrl\":\"https:\/\/casinoreturn.com\/wp-content\/uploads\/2024\/12\/Lucky-Days-casino-300x300.png\"},{\"@type\":\"BreadcrumbList\",\"@id\":\"https:\/\/casinoreturn.com\/es\/futbol-americano-canada-para-principiantes\/#breadcrumb\",\"itemListElement\":[{\"@type\":\"ListItem\",\"position\":1,\"name\":\"Home\",\"item\":\"https:\/\/casinoreturn.com\/es\/hogar\/\"},{\"@type\":\"ListItem\",\"position\":2,\"name\":\"F\u00fatbol americano Canad\u00e1 para principiantes\"}]},{\"@type\":\"WebSite\",\"@id\":\"https:\/\/casinoreturn.com\/#website\",\"url\":\"https:\/\/casinoreturn.com\/\",\"name\":\"casinoreturn\",\"description\":\"\",\"publisher\":{\"@id\":\"https:\/\/casinoreturn.com\/#organization\"},\"potentialAction\":[{\"@type\":\"SearchAction\",\"target\":{\"@type\":\"EntryPoint\",\"urlTemplate\":\"https:\/\/casinoreturn.com\/?s={search_term_string}\"},\"query-input\":{\"@type\":\"PropertyValueSpecification\",\"valueRequired\":true,\"valueName\":\"search_term_string\"}}],\"inLanguage\":\"es\"},{\"@type\":\"Organization\",\"@id\":\"https:\/\/casinoreturn.com\/#organization\",\"name\":\"casinoreturn\",\"url\":\"https:\/\/casinoreturn.com\/\",\"logo\":{\"@type\":\"ImageObject\",\"inLanguage\":\"es\",\"@id\":\"https:\/\/casinoreturn.com\/#\/schema\/logo\/image\/\",\"url\":\"https:\/\/casinoreturn.com\/wp-content\/uploads\/2024\/09\/animal-favicon.png\",\"contentUrl\":\"https:\/\/casinoreturn.com\/wp-content\/uploads\/2024\/09\/animal-favicon.png\",\"width\":92,\"height\":92,\"caption\":\"casinoreturn\"},\"image\":{\"@id\":\"https:\/\/casinoreturn.com\/#\/schema\/logo\/image\/\"}}]}<\/script>\n<!-- \/ Yoast SEO plugin. -->","yoast_head_json":{"title":"F\u00fatbol americano Canad\u00e1 para principiantes - casinoreturn","description":"F\u00fatbol Americano Canad\u00e1 para principiantes es el ABC esencial del F\u00fatbol Americano o Reglas del F\u00fatbol Americano para Dummies. Si\u00e9ntate y disfruta.","robots":{"index":"index","follow":"follow","max-snippet":"max-snippet:-1","max-image-preview":"max-image-preview:large","max-video-preview":"max-video-preview:-1"},"canonical":"https:\/\/casinoreturn.com\/es\/futbol-americano-canada-para-principiantes\/","og_locale":"es_ES","og_type":"article","og_title":"F\u00fatbol americano Canad\u00e1 para principiantes - casinoreturn","og_description":"F\u00fatbol Americano Canad\u00e1 para principiantes es el ABC esencial del F\u00fatbol Americano o Reglas del F\u00fatbol Americano para Dummies. Si\u00e9ntate y disfruta.","og_url":"https:\/\/casinoreturn.com\/es\/futbol-americano-canada-para-principiantes\/","og_site_name":"casinoreturn","article_modified_time":"2025-02-12T15:50:04+00:00","og_image":[{"width":500,"height":500,"url":"https:\/\/casinoreturn.com\/wp-content\/uploads\/2024\/12\/Lucky-Days-casino.png","type":"image\/png"}],"twitter_card":"summary_large_image","twitter_misc":{"Tiempo de lectura":"8 minutos"},"schema":{"@context":"https:\/\/schema.org","@graph":[{"@type":"WebPage","@id":"https:\/\/casinoreturn.com\/es\/futbol-americano-canada-para-principiantes\/","url":"https:\/\/casinoreturn.com\/es\/futbol-americano-canada-para-principiantes\/","name":"F\u00fatbol americano Canad\u00e1 para principiantes - casinoreturn","isPartOf":{"@id":"https:\/\/casinoreturn.com\/#website"},"primaryImageOfPage":{"@id":"https:\/\/casinoreturn.com\/es\/futbol-americano-canada-para-principiantes\/#primaryimage"},"image":{"@id":"https:\/\/casinoreturn.com\/es\/futbol-americano-canada-para-principiantes\/#primaryimage"},"thumbnailUrl":"https:\/\/casinoreturn.com\/wp-content\/uploads\/2024\/12\/Lucky-Days-casino-300x300.png","datePublished":"2024-11-03T10:12:19+00:00","dateModified":"2025-02-12T15:50:04+00:00","description":"F\u00fatbol Americano Canad\u00e1 para principiantes es el ABC esencial del F\u00fatbol Americano o Reglas del F\u00fatbol Americano para Dummies. Si\u00e9ntate y disfruta.","breadcrumb":{"@id":"https:\/\/casinoreturn.com\/es\/futbol-americano-canada-para-principiantes\/#breadcrumb"},"inLanguage":"es","potentialAction":[{"@type":"ReadAction","target":["https:\/\/casinoreturn.com\/es\/futbol-americano-canada-para-principiantes\/"]}]},{"@type":"ImageObject","inLanguage":"es","@id":"https:\/\/casinoreturn.com\/es\/futbol-americano-canada-para-principiantes\/#primaryimage","url":"https:\/\/casinoreturn.com\/wp-content\/uploads\/2024\/12\/Lucky-Days-casino-300x300.png","contentUrl":"https:\/\/casinoreturn.com\/wp-content\/uploads\/2024\/12\/Lucky-Days-casino-300x300.png"},{"@type":"BreadcrumbList","@id":"https:\/\/casinoreturn.com\/es\/futbol-americano-canada-para-principiantes\/#breadcrumb","itemListElement":[{"@type":"ListItem","position":1,"name":"Home","item":"https:\/\/casinoreturn.com\/es\/hogar\/"},{"@type":"ListItem","position":2,"name":"F\u00fatbol americano Canad\u00e1 para principiantes"}]},{"@type":"WebSite","@id":"https:\/\/casinoreturn.com\/#website","url":"https:\/\/casinoreturn.com\/","name":"casinoreturn","description":"","publisher":{"@id":"https:\/\/casinoreturn.com\/#organization"},"potentialAction":[{"@type":"SearchAction","target":{"@type":"EntryPoint","urlTemplate":"https:\/\/casinoreturn.com\/?s={search_term_string}"},"query-input":{"@type":"PropertyValueSpecification","valueRequired":true,"valueName":"search_term_string"}}],"inLanguage":"es"},{"@type":"Organization","@id":"https:\/\/casinoreturn.com\/#organization","name":"casinoreturn","url":"https:\/\/casinoreturn.com\/","logo":{"@type":"ImageObject","inLanguage":"es","@id":"https:\/\/casinoreturn.com\/#\/schema\/logo\/image\/","url":"https:\/\/casinoreturn.com\/wp-content\/uploads\/2024\/09\/animal-favicon.png","contentUrl":"https:\/\/casinoreturn.com\/wp-content\/uploads\/2024\/09\/animal-favicon.png","width":92,"height":92,"caption":"casinoreturn"},"image":{"@id":"https:\/\/casinoreturn.com\/#\/schema\/logo\/image\/"}}]}},"_links":{"self":[{"href":"https:\/\/casinoreturn.com\/es\/wp-json\/wp\/v2\/pages\/4998","targetHints":{"allow":["GET"]}}],"collection":[{"href":"https:\/\/casinoreturn.com\/es\/wp-json\/wp\/v2\/pages"}],"about":[{"href":"https:\/\/casinoreturn.com\/es\/wp-json\/wp\/v2\/types\/page"}],"author":[{"embeddable":true,"href":"https:\/\/casinoreturn.com\/es\/wp-json\/wp\/v2\/users\/1"}],"replies":[{"embeddable":true,"href":"https:\/\/casinoreturn.com\/es\/wp-json\/wp\/v2\/comments?post=4998"}],"version-history":[{"count":2,"href":"https:\/\/casinoreturn.com\/es\/wp-json\/wp\/v2\/pages\/4998\/revisions"}],"predecessor-version":[{"id":7955,"href":"https:\/\/casinoreturn.com\/es\/wp-json\/wp\/v2\/pages\/4998\/revisions\/7955"}],"wp:attachment":[{"href":"https:\/\/casinoreturn.com\/es\/wp-json\/wp\/v2\/media?parent=4998"}],"curies":[{"name":"wp","href":"https:\/\/api.w.org\/{rel}","templated":true}]}}