{"id":5020,"date":"2024-11-13T17:29:31","date_gmt":"2024-11-13T17:29:31","guid":{"rendered":"https:\/\/casinoreturn.com\/reglas-del-keno-online\/"},"modified":"2024-12-04T13:40:55","modified_gmt":"2024-12-04T13:40:55","slug":"reglas-del-keno-online","status":"publish","type":"page","link":"https:\/\/casinoreturn.com\/es\/reglas-del-keno-online\/","title":{"rendered":"Reglas del Keno online"},"content":{"rendered":"\t\t<div data-elementor-type=\"wp-page\" data-elementor-id=\"5020\" class=\"elementor elementor-5020\" data-elementor-post-type=\"page\">\n\t\t\t\t<div class=\"elementor-element elementor-element-e950284 e-con-full e-flex e-con e-parent\" data-id=\"e950284\" data-element_type=\"container\" data-e-type=\"container\">\n\t\t\t\t<div class=\"elementor-element elementor-element-274b4dc elementor-widget elementor-widget-image\" data-id=\"274b4dc\" data-element_type=\"widget\" data-e-type=\"widget\" data-widget_type=\"image.default\">\n\t\t\t\t<div class=\"elementor-widget-container\">\n\t\t\t\t\t\t\t\t\t\t\t\t\t\t\t<img decoding=\"async\" width=\"200\" height=\"200\" src=\"https:\/\/casinoreturn.com\/wp-content\/uploads\/2024\/11\/Online-Keno-Rules.png\" class=\"attachment-large size-large wp-image-3310\" alt=\"Online Keno Rules\" srcset=\"https:\/\/casinoreturn.com\/wp-content\/uploads\/2024\/11\/Online-Keno-Rules.png 200w, https:\/\/casinoreturn.com\/wp-content\/uploads\/2024\/11\/Online-Keno-Rules-150x150.png 150w\" sizes=\"(max-width: 200px) 100vw, 200px\" \/>\t\t\t\t\t\t\t\t\t\t\t\t\t\t\t<\/div>\n\t\t\t\t<\/div>\n\t\t\t\t<div class=\"elementor-element elementor-element-c6bc008 elementor-widget elementor-widget-heading\" data-id=\"c6bc008\" data-element_type=\"widget\" data-e-type=\"widget\" data-widget_type=\"heading.default\">\n\t\t\t\t<div class=\"elementor-widget-container\">\n\t\t\t\t\t<h2 class=\"elementor-heading-title elementor-size-default\">Reglas y estrategias del Keno online<\/h2>\t\t\t\t<\/div>\n\t\t\t\t<\/div>\n\t\t\t\t<div class=\"elementor-element elementor-element-04d6c59 elementor-widget elementor-widget-text-editor\" data-id=\"04d6c59\" data-element_type=\"widget\" data-e-type=\"widget\" data-widget_type=\"text-editor.default\">\n\t\t\t\t<div class=\"elementor-widget-container\">\n\t\t\t\t\t\t\t\t\t<p><strong>Reglas del Keno online y su historia<\/strong><\/p>\n<p>El juego Keno, creado en China, fue llevado a Estados Unidos por inmigrantes chinos a finales del siglo XIX. Originalmente, el Keno se jugaba con 80 caracteres chinos, que m\u00e1s tarde se sustituyeron por 80 n\u00fameros ar\u00e1bigos en Estados Unidos. <\/p>\n<p><strong>\u00a1Caballo de carreras llamado Keno!<\/strong><\/p>\n<p>Durante cierto tiempo, en Nevada, los n\u00fameros individuales se titulaban con el nombre de un caballo de carreras. Como resultado, el juego se conoci\u00f3 como \u00abKeno de caballos de carreras\u00bb. \u00abEn 1951, se revocaron los nombres de los caballos. Uno de los motivos fue que se hab\u00eda impuesto un impuesto sobre las apuestas fuera del hip\u00f3dromo. L\u00f3gicamente, los operadores de la \u00e9poca no quer\u00edan confundir el juego con las cl\u00e1sicas apuestas h\u00edpicas. Hoy en d\u00eda, todav\u00eda se pueden encontrar restos del juego de carreras de caballos keno. Si investigas, te dar\u00e1s cuenta de que muchos juegos siguen llam\u00e1ndose \u00abcarreras\u00bb si apuestas a m\u00e1s de un juego a la vez. As\u00ed es como se compra un boleto para m\u00e1s de una carrera.      <\/p>\n\t\t\t\t\t\t\t\t<\/div>\n\t\t\t\t<\/div>\n\t\t\t\t<div class=\"elementor-element elementor-element-c14ad00 elementor-widget elementor-widget-heading\" data-id=\"c14ad00\" data-element_type=\"widget\" data-e-type=\"widget\" data-widget_type=\"heading.default\">\n\t\t\t\t<div class=\"elementor-widget-container\">\n\t\t\t\t\t<h3 class=\"elementor-heading-title elementor-size-default\">\u00bfC\u00f3mo se juega al keno?<\/h3>\t\t\t\t<\/div>\n\t\t\t\t<\/div>\n\t\t\t\t<div class=\"elementor-element elementor-element-1f3affb elementor-widget elementor-widget-text-editor\" data-id=\"1f3affb\" data-element_type=\"widget\" data-e-type=\"widget\" data-widget_type=\"text-editor.default\">\n\t\t\t\t<div class=\"elementor-widget-container\">\n\t\t\t\t\t\t\t\t\t<p>El juego es f\u00e1cil de entender y de jugar, lo que lo convierte en una gran oportunidad para los jugadores online principiantes. Al jugar al Keno, puedes seleccionar uno o m\u00e1s n\u00fameros del campo compuesto por 80 d\u00edgitos. El objetivo es que uno de los n\u00fameros seleccionados coincida con los n\u00fameros llamados y as\u00ed gane tu apuesta.  <\/p>\n<p>Hoy en d\u00eda, en las salas de juego online, como Digibet, los n\u00fameros se seleccionan aleatoriamente mediante el llamado valor RNG. Si seleccionas un n\u00famero correctamente y coincide con el n\u00famero al que llamas, esto tambi\u00e9n se llama \u00abpillar\u00bb en keno. <\/p>\n<p>Si has elegido el juego, tiene sentido elegir primero una m\u00e1quina recreativa online y luego un juego de keno online. En el siguiente paso, selecciona los n\u00fameros a los que quieres apostar y espera a que los llamen. <\/p>\n\t\t\t\t\t\t\t\t<\/div>\n\t\t\t\t<\/div>\n\t\t\t\t<div class=\"elementor-element elementor-element-8424c0b elementor-widget elementor-widget-heading\" data-id=\"8424c0b\" data-element_type=\"widget\" data-e-type=\"widget\" data-widget_type=\"heading.default\">\n\t\t\t\t<div class=\"elementor-widget-container\">\n\t\t\t\t\t<h2 class=\"elementor-heading-title elementor-size-default\">\u00bfCu\u00e1les son las probabilidades de ganar en el Keno?<\/h2>\t\t\t\t<\/div>\n\t\t\t\t<\/div>\n\t\t\t\t<div class=\"elementor-element elementor-element-4c6c49a elementor-widget elementor-widget-text-editor\" data-id=\"4c6c49a\" data-element_type=\"widget\" data-e-type=\"widget\" data-widget_type=\"text-editor.default\">\n\t\t\t\t<div class=\"elementor-widget-container\">\n\t\t\t\t\t\t\t\t\t<p>Keno tambi\u00e9n es uno de los juegos de azar cl\u00e1sicos. Esto significa que puedes elegir los n\u00fameros que quieras. Independientemente del n\u00famero que elijas, las probabilidades siguen siendo las mismas. Un dato interesante que puede interesarte La probabilidad de ganar los 20 n\u00fameros es exactamente 1 entre 3.535.316.142.212.174.320. Los jugadores experimentados saben que en el juego del Keno, la ventaja de la casa es muy alta, de alrededor del 35%. Por eso, muchos jugadores optan tambi\u00e9n por otros juegos en los que la ventaja de la casa es menor.     <\/p>\n\t\t\t\t\t\t\t\t<\/div>\n\t\t\t\t<\/div>\n\t\t\t\t<div class=\"elementor-element elementor-element-81cfd46 elementor-widget elementor-widget-heading\" data-id=\"81cfd46\" data-element_type=\"widget\" data-e-type=\"widget\" data-widget_type=\"heading.default\">\n\t\t\t\t<div class=\"elementor-widget-container\">\n\t\t\t\t\t<h2 class=\"elementor-heading-title elementor-size-default\">\u00bfQu\u00e9 posibilidades hay de ganar en el Keno Online?<\/h2>\t\t\t\t<\/div>\n\t\t\t\t<\/div>\n\t\t\t\t<div class=\"elementor-element elementor-element-fa4acd0 elementor-widget elementor-widget-text-editor\" data-id=\"fa4acd0\" data-element_type=\"widget\" data-e-type=\"widget\" data-widget_type=\"text-editor.default\">\n\t\t\t\t<div class=\"elementor-widget-container\">\n\t\t\t\t\t\t\t\t\t<p>Para comprender las probabilidades de ganar al Keno, primero debes entender perfectamente la funci\u00f3n combinatoria. En una loter\u00eda, por ejemplo, el jugador elige 6 de 49 n\u00fameros. Entonces la loter\u00eda sortea 6 n\u00fameros de 49, y si los 6 n\u00fameros coinciden (el orden no importa), el jugador gana. Si no sabes que las probabilidades de ganar son de 1 entre 13.983.816, tienes que comprobar la funci\u00f3n combinatoria antes de continuar. En el keno, la m\u00e1quina tragaperras extrae 20 de los 80 n\u00fameros sin sustituirlos. Previamente, los jugadores pueden extraer de 1 a 15 (o m\u00e1s) n\u00fameros. \u00abAcierta\u00bb es el n\u00famero que el jugador marca y extrae de la biblioteca del juego. \u00abFallar\u00bb es un n\u00famero seleccionado por el jugador, que no se extrae de la biblioteca del juego. Los jugadores cobran en funci\u00f3n del n\u00famero de n\u00fameros extra\u00eddos y acertados.        <\/p>\n<p>Combinaciones (80. 20) = 3.535.316.142.212.180.000 opciones \u00bfC\u00f3mo saca el casino 20 de 80 n\u00fameros? Muchas calculadoras no admiten n\u00fameros tan grandes. Para reducir el tama\u00f1o de la combinaci\u00f3n, suponemos que la biblioteca del juego extraer\u00e1 primero los premios, pero mantendr\u00e1 los n\u00fameros en secreto y los jugadores intentar\u00e1n acertar los n\u00fameros ya extra\u00eddos.  <\/p>\n\t\t\t\t\t\t\t\t<\/div>\n\t\t\t\t<\/div>\n\t\t\t\t<div class=\"elementor-element elementor-element-ddd17b4 elementor-widget elementor-widget-heading\" data-id=\"ddd17b4\" data-element_type=\"widget\" data-e-type=\"widget\" data-widget_type=\"heading.default\">\n\t\t\t\t<div class=\"elementor-widget-container\">\n\t\t\t\t\t<h2 class=\"elementor-heading-title elementor-size-default\">Tipos de Keno Online - Keno de una sola partida:<\/h2>\t\t\t\t<\/div>\n\t\t\t\t<\/div>\n\t\t\t\t<div class=\"elementor-element elementor-element-6082c88 elementor-widget elementor-widget-text-editor\" data-id=\"6082c88\" data-element_type=\"widget\" data-e-type=\"widget\" data-widget_type=\"text-editor.default\">\n\t\t\t\t<div class=\"elementor-widget-container\">\n\t\t\t\t\t\t\t\t\t<p>Keno de una sola partida: Despu\u00e9s, tienes que reclamar el premio antes de empezar otra partida, de lo contrario puedes perder la partida. En los casinos tradicionales, s\u00f3lo transcurren unos cinco minutos entre el final de una partida de keno y el comienzo de la siguiente. Si no entregas tu billete de loter\u00eda a tiempo, normalmente perder\u00e1s tu premio. Por eso la biblioteca de juegos ha desarrollado el Keno Multicarrera, que te permite jugar m\u00e1s de una partida de keno seguida sin tener que levantarte al final de cada partida. Bono.    <\/p>\n<p>Keno con m\u00faltiples carreras\/ La probabilidad de ganar Multi Keno<\/p>\n\t\t\t\t\t\t\t\t<\/div>\n\t\t\t\t<\/div>\n\t\t\t\t<div class=\"elementor-element elementor-element-90e71a5 elementor-widget elementor-widget-heading\" data-id=\"90e71a5\" data-element_type=\"widget\" data-e-type=\"widget\" data-widget_type=\"heading.default\">\n\t\t\t\t<div class=\"elementor-widget-container\">\n\t\t\t\t\t<h3 class=\"elementor-heading-title elementor-size-default\">Pagos de keno<\/h3>\t\t\t\t<\/div>\n\t\t\t\t<\/div>\n\t\t\t\t<div class=\"elementor-element elementor-element-4de6a37 elementor-widget elementor-widget-text-editor\" data-id=\"4de6a37\" data-element_type=\"widget\" data-e-type=\"widget\" data-widget_type=\"text-editor.default\">\n\t\t\t\t<div class=\"elementor-widget-container\">\n\t\t\t\t\t\t\t\t\t<p>El keno multirruleta requiere que juegues el mismo n\u00famero en una serie de partidas consecutivas, entre 2 y 20 partidas, y (normalmente) s\u00f3lo puedes reclamar tus ganancias despu\u00e9s de la \u00faltima partida de la serie. Tambi\u00e9n debes pagar la cantidad m\u00ednima por cada partida. Por ejemplo, para un juego de keno de 15 partidas, tienes que pagar 2,30 euros.  <\/p>\n\t\t\t\t\t\t\t\t<\/div>\n\t\t\t\t<\/div>\n\t\t\t\t<div class=\"elementor-element elementor-element-04b4d1b elementor-widget elementor-widget-heading\" data-id=\"04b4d1b\" data-element_type=\"widget\" data-e-type=\"widget\" data-widget_type=\"heading.default\">\n\t\t\t\t<div class=\"elementor-widget-container\">\n\t\t\t\t\t<h3 class=\"elementor-heading-title elementor-size-default\">Nuestros consejos y trucos de keno:<\/h3>\t\t\t\t<\/div>\n\t\t\t\t<\/div>\n\t\t\t\t<div class=\"elementor-element elementor-element-b3019bf elementor-widget elementor-widget-text-editor\" data-id=\"b3019bf\" data-element_type=\"widget\" data-e-type=\"widget\" data-widget_type=\"text-editor.default\">\n\t\t\t\t<div class=\"elementor-widget-container\">\n\t\t\t\t\t\t\t\t\t<p>Keno es un juego de puro azar. No existe una \u00abestrategia\u00bb real que mejore tus posibilidades de sacar n\u00fameros. Sin embargo, puedes aumentar tus ganancias eligiendo menos n\u00fameros y esperando elegir un mayor porcentaje de los n\u00fameros de keno correctos.  <\/p>\n<p>Para empezar, es una buena idea jugar a la versi\u00f3n gratuita online de Keno en una <a href=\"https:\/\/casinoreturn.com\/es\/demo-tragaperras-de-casino\/\">versi\u00f3n demo de Keno<\/a>. As\u00ed podr\u00e1s experimentar la biblioteca de juegos online, y si juegas gratis, podr\u00e1s probar distintas variantes de keno online. La mayor\u00eda de las m\u00e1quinas tragaperras tienen una versi\u00f3n gratuita o un modo de pr\u00e1ctica. Esto est\u00e1 pensado para que los nuevos jugadores puedan jugar sin tener que hacerlo con dinero real. Una vez que te hayas familiarizado con la plataforma online, puedes empezar a jugar al keno con dinero real. Para maximizar la diversi\u00f3n, recuerda prestar mucha atenci\u00f3n a tu saldo y no apostar nunca m\u00e1s de lo que est\u00e9s dispuesto a perder. En Keno, es posible que quieras jugar varias partidas, as\u00ed que apuesta en consecuencia para mantener la diversi\u00f3n. Tambi\u00e9n deber\u00e1s comprobar las distintas ofertas de bonificaci\u00f3n de la biblioteca de juegos, que pueden aumentar el valor del entretenimiento. Lo que debes recordar es que el keno es un juego de azar. Para ti, esto significa que las posibilidades de ganar siempre ser\u00e1n similares.         <\/p>\n\t\t\t\t\t\t\t\t<\/div>\n\t\t\t\t<\/div>\n\t\t\t\t<\/div>\n\t\t\t\t<\/div>\n\t\t","protected":false},"excerpt":{"rendered":"<p>Reglas y estrategias del Keno online Reglas del Keno online y su historia El juego Keno, creado en China, fue llevado a Estados Unidos por inmigrantes chinos a finales del siglo XIX. Originalmente, el Keno se jugaba con 80 caracteres chinos, que m\u00e1s tarde se sustituyeron por 80 n\u00fameros ar\u00e1bigos en Estados Unidos. \u00a1Caballo de [&hellip;]<\/p>\n","protected":false},"author":1,"featured_media":0,"parent":0,"menu_order":0,"comment_status":"closed","ping_status":"closed","template":"","meta":{"footnotes":""},"class_list":["post-5020","page","type-page","status-publish","hentry"],"blocksy_meta":[],"acf":[],"yoast_head":"<!-- This site is optimized with the Yoast SEO plugin v24.1 - https:\/\/yoast.com\/wordpress\/plugins\/seo\/ -->\n<title>Reglas del Keno online - casinoreturn<\/title>\n<meta name=\"description\" content=\"Reglas del Keno online y su historia. Uno de los juegos m\u00e1s populares de los \u00faltimos a\u00f1os. \u00danete a nosotros y lee m\u00e1s sobre estrategias y estrategias de Keno.\" \/>\n<meta name=\"robots\" content=\"index, follow, max-snippet:-1, max-image-preview:large, max-video-preview:-1\" \/>\n<link rel=\"canonical\" href=\"https:\/\/casinoreturn.com\/es\/reglas-del-keno-online\/\" \/>\n<meta property=\"og:locale\" content=\"es_ES\" \/>\n<meta property=\"og:type\" content=\"article\" \/>\n<meta property=\"og:title\" content=\"Reglas del Keno online - casinoreturn\" \/>\n<meta property=\"og:description\" content=\"Reglas del Keno online y su historia. Uno de los juegos m\u00e1s populares de los \u00faltimos a\u00f1os. \u00danete a nosotros y lee m\u00e1s sobre estrategias y estrategias de Keno.\" \/>\n<meta property=\"og:url\" content=\"https:\/\/casinoreturn.com\/es\/reglas-del-keno-online\/\" \/>\n<meta property=\"og:site_name\" content=\"casinoreturn\" \/>\n<meta property=\"article:modified_time\" content=\"2024-12-04T13:40:55+00:00\" \/>\n<meta property=\"og:image\" content=\"https:\/\/casinoreturn.com\/wp-content\/uploads\/2024\/11\/Online-Keno-Rules.png\" \/>\n\t<meta property=\"og:image:width\" content=\"200\" \/>\n\t<meta property=\"og:image:height\" content=\"200\" \/>\n\t<meta property=\"og:image:type\" content=\"image\/png\" \/>\n<meta name=\"twitter:card\" content=\"summary_large_image\" \/>\n<meta name=\"twitter:label1\" content=\"Tiempo de lectura\" \/>\n\t<meta name=\"twitter:data1\" content=\"5 minutos\" \/>\n<script type=\"application\/ld+json\" class=\"yoast-schema-graph\">{\"@context\":\"https:\/\/schema.org\",\"@graph\":[{\"@type\":\"WebPage\",\"@id\":\"https:\/\/casinoreturn.com\/es\/reglas-del-keno-online\/\",\"url\":\"https:\/\/casinoreturn.com\/es\/reglas-del-keno-online\/\",\"name\":\"Reglas del Keno online - casinoreturn\",\"isPartOf\":{\"@id\":\"https:\/\/casinoreturn.com\/#website\"},\"primaryImageOfPage\":{\"@id\":\"https:\/\/casinoreturn.com\/es\/reglas-del-keno-online\/#primaryimage\"},\"image\":{\"@id\":\"https:\/\/casinoreturn.com\/es\/reglas-del-keno-online\/#primaryimage\"},\"thumbnailUrl\":\"https:\/\/casinoreturn.com\/wp-content\/uploads\/2024\/11\/Online-Keno-Rules.png\",\"datePublished\":\"2024-11-13T17:29:31+00:00\",\"dateModified\":\"2024-12-04T13:40:55+00:00\",\"description\":\"Reglas del Keno online y su historia. Uno de los juegos m\u00e1s populares de los \u00faltimos a\u00f1os. \u00danete a nosotros y lee m\u00e1s sobre estrategias y estrategias de Keno.\",\"breadcrumb\":{\"@id\":\"https:\/\/casinoreturn.com\/es\/reglas-del-keno-online\/#breadcrumb\"},\"inLanguage\":\"es\",\"potentialAction\":[{\"@type\":\"ReadAction\",\"target\":[\"https:\/\/casinoreturn.com\/es\/reglas-del-keno-online\/\"]}]},{\"@type\":\"ImageObject\",\"inLanguage\":\"es\",\"@id\":\"https:\/\/casinoreturn.com\/es\/reglas-del-keno-online\/#primaryimage\",\"url\":\"https:\/\/casinoreturn.com\/wp-content\/uploads\/2024\/11\/Online-Keno-Rules.png\",\"contentUrl\":\"https:\/\/casinoreturn.com\/wp-content\/uploads\/2024\/11\/Online-Keno-Rules.png\"},{\"@type\":\"BreadcrumbList\",\"@id\":\"https:\/\/casinoreturn.com\/es\/reglas-del-keno-online\/#breadcrumb\",\"itemListElement\":[{\"@type\":\"ListItem\",\"position\":1,\"name\":\"Home\",\"item\":\"https:\/\/casinoreturn.com\/es\/hogar\/\"},{\"@type\":\"ListItem\",\"position\":2,\"name\":\"Reglas del Keno online\"}]},{\"@type\":\"WebSite\",\"@id\":\"https:\/\/casinoreturn.com\/#website\",\"url\":\"https:\/\/casinoreturn.com\/\",\"name\":\"casinoreturn\",\"description\":\"\",\"publisher\":{\"@id\":\"https:\/\/casinoreturn.com\/#organization\"},\"potentialAction\":[{\"@type\":\"SearchAction\",\"target\":{\"@type\":\"EntryPoint\",\"urlTemplate\":\"https:\/\/casinoreturn.com\/?s={search_term_string}\"},\"query-input\":{\"@type\":\"PropertyValueSpecification\",\"valueRequired\":true,\"valueName\":\"search_term_string\"}}],\"inLanguage\":\"es\"},{\"@type\":\"Organization\",\"@id\":\"https:\/\/casinoreturn.com\/#organization\",\"name\":\"casinoreturn\",\"url\":\"https:\/\/casinoreturn.com\/\",\"logo\":{\"@type\":\"ImageObject\",\"inLanguage\":\"es\",\"@id\":\"https:\/\/casinoreturn.com\/#\/schema\/logo\/image\/\",\"url\":\"https:\/\/casinoreturn.com\/wp-content\/uploads\/2024\/09\/animal-favicon.png\",\"contentUrl\":\"https:\/\/casinoreturn.com\/wp-content\/uploads\/2024\/09\/animal-favicon.png\",\"width\":92,\"height\":92,\"caption\":\"casinoreturn\"},\"image\":{\"@id\":\"https:\/\/casinoreturn.com\/#\/schema\/logo\/image\/\"}}]}<\/script>\n<!-- \/ Yoast SEO plugin. -->","yoast_head_json":{"title":"Reglas del Keno online - casinoreturn","description":"Reglas del Keno online y su historia. Uno de los juegos m\u00e1s populares de los \u00faltimos a\u00f1os. \u00danete a nosotros y lee m\u00e1s sobre estrategias y estrategias de Keno.","robots":{"index":"index","follow":"follow","max-snippet":"max-snippet:-1","max-image-preview":"max-image-preview:large","max-video-preview":"max-video-preview:-1"},"canonical":"https:\/\/casinoreturn.com\/es\/reglas-del-keno-online\/","og_locale":"es_ES","og_type":"article","og_title":"Reglas del Keno online - casinoreturn","og_description":"Reglas del Keno online y su historia. Uno de los juegos m\u00e1s populares de los \u00faltimos a\u00f1os. \u00danete a nosotros y lee m\u00e1s sobre estrategias y estrategias de Keno.","og_url":"https:\/\/casinoreturn.com\/es\/reglas-del-keno-online\/","og_site_name":"casinoreturn","article_modified_time":"2024-12-04T13:40:55+00:00","og_image":[{"width":200,"height":200,"url":"https:\/\/casinoreturn.com\/wp-content\/uploads\/2024\/11\/Online-Keno-Rules.png","type":"image\/png"}],"twitter_card":"summary_large_image","twitter_misc":{"Tiempo de lectura":"5 minutos"},"schema":{"@context":"https:\/\/schema.org","@graph":[{"@type":"WebPage","@id":"https:\/\/casinoreturn.com\/es\/reglas-del-keno-online\/","url":"https:\/\/casinoreturn.com\/es\/reglas-del-keno-online\/","name":"Reglas del Keno online - casinoreturn","isPartOf":{"@id":"https:\/\/casinoreturn.com\/#website"},"primaryImageOfPage":{"@id":"https:\/\/casinoreturn.com\/es\/reglas-del-keno-online\/#primaryimage"},"image":{"@id":"https:\/\/casinoreturn.com\/es\/reglas-del-keno-online\/#primaryimage"},"thumbnailUrl":"https:\/\/casinoreturn.com\/wp-content\/uploads\/2024\/11\/Online-Keno-Rules.png","datePublished":"2024-11-13T17:29:31+00:00","dateModified":"2024-12-04T13:40:55+00:00","description":"Reglas del Keno online y su historia. Uno de los juegos m\u00e1s populares de los \u00faltimos a\u00f1os. \u00danete a nosotros y lee m\u00e1s sobre estrategias y estrategias de Keno.","breadcrumb":{"@id":"https:\/\/casinoreturn.com\/es\/reglas-del-keno-online\/#breadcrumb"},"inLanguage":"es","potentialAction":[{"@type":"ReadAction","target":["https:\/\/casinoreturn.com\/es\/reglas-del-keno-online\/"]}]},{"@type":"ImageObject","inLanguage":"es","@id":"https:\/\/casinoreturn.com\/es\/reglas-del-keno-online\/#primaryimage","url":"https:\/\/casinoreturn.com\/wp-content\/uploads\/2024\/11\/Online-Keno-Rules.png","contentUrl":"https:\/\/casinoreturn.com\/wp-content\/uploads\/2024\/11\/Online-Keno-Rules.png"},{"@type":"BreadcrumbList","@id":"https:\/\/casinoreturn.com\/es\/reglas-del-keno-online\/#breadcrumb","itemListElement":[{"@type":"ListItem","position":1,"name":"Home","item":"https:\/\/casinoreturn.com\/es\/hogar\/"},{"@type":"ListItem","position":2,"name":"Reglas del Keno online"}]},{"@type":"WebSite","@id":"https:\/\/casinoreturn.com\/#website","url":"https:\/\/casinoreturn.com\/","name":"casinoreturn","description":"","publisher":{"@id":"https:\/\/casinoreturn.com\/#organization"},"potentialAction":[{"@type":"SearchAction","target":{"@type":"EntryPoint","urlTemplate":"https:\/\/casinoreturn.com\/?s={search_term_string}"},"query-input":{"@type":"PropertyValueSpecification","valueRequired":true,"valueName":"search_term_string"}}],"inLanguage":"es"},{"@type":"Organization","@id":"https:\/\/casinoreturn.com\/#organization","name":"casinoreturn","url":"https:\/\/casinoreturn.com\/","logo":{"@type":"ImageObject","inLanguage":"es","@id":"https:\/\/casinoreturn.com\/#\/schema\/logo\/image\/","url":"https:\/\/casinoreturn.com\/wp-content\/uploads\/2024\/09\/animal-favicon.png","contentUrl":"https:\/\/casinoreturn.com\/wp-content\/uploads\/2024\/09\/animal-favicon.png","width":92,"height":92,"caption":"casinoreturn"},"image":{"@id":"https:\/\/casinoreturn.com\/#\/schema\/logo\/image\/"}}]}},"_links":{"self":[{"href":"https:\/\/casinoreturn.com\/es\/wp-json\/wp\/v2\/pages\/5020","targetHints":{"allow":["GET"]}}],"collection":[{"href":"https:\/\/casinoreturn.com\/es\/wp-json\/wp\/v2\/pages"}],"about":[{"href":"https:\/\/casinoreturn.com\/es\/wp-json\/wp\/v2\/types\/page"}],"author":[{"embeddable":true,"href":"https:\/\/casinoreturn.com\/es\/wp-json\/wp\/v2\/users\/1"}],"replies":[{"embeddable":true,"href":"https:\/\/casinoreturn.com\/es\/wp-json\/wp\/v2\/comments?post=5020"}],"version-history":[{"count":1,"href":"https:\/\/casinoreturn.com\/es\/wp-json\/wp\/v2\/pages\/5020\/revisions"}],"predecessor-version":[{"id":5021,"href":"https:\/\/casinoreturn.com\/es\/wp-json\/wp\/v2\/pages\/5020\/revisions\/5021"}],"wp:attachment":[{"href":"https:\/\/casinoreturn.com\/es\/wp-json\/wp\/v2\/media?parent=5020"}],"curies":[{"name":"wp","href":"https:\/\/api.w.org\/{rel}","templated":true}]}}