{"id":5064,"date":"2024-11-20T16:41:12","date_gmt":"2024-11-20T16:41:12","guid":{"rendered":"https:\/\/casinoreturn.com\/escalera-real-en-el-poquer\/"},"modified":"2024-12-04T14:01:20","modified_gmt":"2024-12-04T14:01:20","slug":"escalera-real-en-el-poquer","status":"publish","type":"page","link":"https:\/\/casinoreturn.com\/es\/escalera-real-en-el-poquer\/","title":{"rendered":"Escalera real en el p\u00f3quer"},"content":{"rendered":"\t\t<div data-elementor-type=\"wp-page\" data-elementor-id=\"5064\" class=\"elementor elementor-5064\" data-elementor-post-type=\"page\">\n\t\t\t\t<div class=\"elementor-element elementor-element-544c1d6 e-con-full e-flex e-con e-parent\" data-id=\"544c1d6\" data-element_type=\"container\">\n\t\t\t\t<div class=\"elementor-element elementor-element-7598f05 elementor-widget elementor-widget-heading\" data-id=\"7598f05\" data-element_type=\"widget\" data-widget_type=\"heading.default\">\n\t\t\t\t<div class=\"elementor-widget-container\">\n\t\t\t\t\t<h2 class=\"elementor-heading-title elementor-size-default\">Escalera Real en el P\u00f3quer - \"Esa mano \u00fanica en el P\u00f3quer\"<\/h2>\t\t\t\t<\/div>\n\t\t\t\t<\/div>\n\t\t\t\t<div class=\"elementor-element elementor-element-c8fb580 elementor-widget elementor-widget-image\" data-id=\"c8fb580\" data-element_type=\"widget\" data-widget_type=\"image.default\">\n\t\t\t\t<div class=\"elementor-widget-container\">\n\t\t\t\t\t\t\t\t\t\t\t\t\t\t\t<img fetchpriority=\"high\" decoding=\"async\" width=\"522\" height=\"360\" src=\"https:\/\/casinoreturn.com\/wp-content\/uploads\/2024\/11\/Royal-Flush-in-Poker.jpg\" class=\"attachment-large size-large wp-image-3699\" alt=\"creator-television-and-poker-world-tour-align\" srcset=\"https:\/\/casinoreturn.com\/wp-content\/uploads\/2024\/11\/Royal-Flush-in-Poker.jpg 522w, https:\/\/casinoreturn.com\/wp-content\/uploads\/2024\/11\/Royal-Flush-in-Poker-300x207.jpg 300w\" sizes=\"(max-width: 522px) 100vw, 522px\" \/>\t\t\t\t\t\t\t\t\t\t\t\t\t\t\t<\/div>\n\t\t\t\t<\/div>\n\t\t\t\t<div class=\"elementor-element elementor-element-4a45df4 elementor-widget elementor-widget-heading\" data-id=\"4a45df4\" data-element_type=\"widget\" data-widget_type=\"heading.default\">\n\t\t\t\t<div class=\"elementor-widget-container\">\n\t\t\t\t\t<h2 class=\"elementor-heading-title elementor-size-default\">\u00bfQu\u00e9 es una Escalera Real en el P\u00f3quer?<\/h2>\t\t\t\t<\/div>\n\t\t\t\t<\/div>\n\t\t\t\t<div class=\"elementor-element elementor-element-91fa191 elementor-button-success elementor-align-center elementor-widget elementor-widget-button\" data-id=\"91fa191\" data-element_type=\"widget\" data-widget_type=\"button.default\">\n\t\t\t\t<div class=\"elementor-widget-container\">\n\t\t\t\t\t\t\t\t\t<div class=\"elementor-button-wrapper\">\n\t\t\t\t\t<a class=\"elementor-button elementor-button-link elementor-size-sm\" href=\"https:\/\/casinoreturn.com\/es\/casinos-de-poker-online\/\">\n\t\t\t\t\t\t<span class=\"elementor-button-content-wrapper\">\n\t\t\t\t\t\t\t\t\t<span class=\"elementor-button-text\">Juega al p\u00f3quer aqu\u00ed<\/span>\n\t\t\t\t\t<\/span>\n\t\t\t\t\t<\/a>\n\t\t\t\t<\/div>\n\t\t\t\t\t\t\t\t<\/div>\n\t\t\t\t<\/div>\n\t\t\t\t<div class=\"elementor-element elementor-element-ffeecd1 elementor-widget elementor-widget-text-editor\" data-id=\"ffeecd1\" data-element_type=\"widget\" data-widget_type=\"text-editor.default\">\n\t\t\t\t<div class=\"elementor-widget-container\">\n\t\t\t\t\t\t\t\t\t<p>La Escalera Real en el P\u00f3quer, la madre de todas las manos en el p\u00f3quer. Es una combinaci\u00f3n determinada de cartas que se puede utilizar en el p\u00f3quer. Como ya se ha dicho, no es cualquier combinaci\u00f3n; siempre gana la combinaci\u00f3n de mayor valor. Una Escalera Real o Escalera Real consiste en cinco cartas consecutivas, como 6, 7, 8, 9 y 10. Lo especial de una Escalera Real es que la secuencia (tambi\u00e9n Escalera o Calle) es del orden m\u00e1s alto: 10, Jota, Reina, Rey y As, y por si fuera poco, las cartas de la Escalera Real deben ser del mismo palo, independientemente de cu\u00e1l sea. De hecho, la Escalera Real es la mejor. Una escalera siempre est\u00e1 formada por cinco cartas del mismo palo. Por tanto, si son todas las cartas m\u00e1s altas de un palo, tienes una Escalera Real.       <\/p>\n\t\t\t\t\t\t\t\t<\/div>\n\t\t\t\t<\/div>\n\t\t\t\t<div class=\"elementor-element elementor-element-83611db elementor-widget elementor-widget-heading\" data-id=\"83611db\" data-element_type=\"widget\" data-widget_type=\"heading.default\">\n\t\t\t\t<div class=\"elementor-widget-container\">\n\t\t\t\t\t<h3 class=\"elementor-heading-title elementor-size-default\">Valoraci\u00f3n de la Mano Escalera Real<\/h3>\t\t\t\t<\/div>\n\t\t\t\t<\/div>\n\t\t\t\t<div class=\"elementor-element elementor-element-59a7e45 elementor-widget elementor-widget-text-editor\" data-id=\"59a7e45\" data-element_type=\"widget\" data-widget_type=\"text-editor.default\">\n\t\t\t\t<div class=\"elementor-widget-container\">\n\t\t\t\t\t\t\t\t\t<p>No puedes equivocarte con una mano de Escalera Real. Esto se debe a que ya tienes la mejor combinaci\u00f3n posible. Pero con una Escalera Real, hay que tener en cuenta algunas cosas, aunque ya tengas cuatro cartas seguidas del mismo palo. No significa que la quinta carta correspondiente se a\u00f1ada al final. Si la carta correcta no llega al final, intentar conseguir una Escalera Real en el p\u00f3quer suele resultar en una mano final tormentosa. El riesgo es grande.     <\/p>\n\t\t\t\t\t\t\t\t<\/div>\n\t\t\t\t<\/div>\n\t\t\t\t<div class=\"elementor-element elementor-element-fc7dee4 elementor-widget elementor-widget-heading\" data-id=\"fc7dee4\" data-element_type=\"widget\" data-widget_type=\"heading.default\">\n\t\t\t\t<div class=\"elementor-widget-container\">\n\t\t\t\t\t<h3 class=\"elementor-heading-title elementor-size-default\">La estrategia \u00f3ptima para una Escalera Real<\/h3>\t\t\t\t<\/div>\n\t\t\t\t<\/div>\n\t\t\t\t<div class=\"elementor-element elementor-element-8889405 elementor-widget elementor-widget-text-editor\" data-id=\"8889405\" data-element_type=\"widget\" data-widget_type=\"text-editor.default\">\n\t\t\t\t<div class=\"elementor-widget-container\">\n\t\t\t\t\t\t\t\t\t<p>Si quieres una Escalera Real, jugar s\u00f3lo manos prometedoras de Escalera Real ser\u00eda lo m\u00e1s rentable. Retira todas las dem\u00e1s cartas, pero \u00e9sta no es la mejor estrategia. A menudo es m\u00e1s prometedor apostar por otra combinaci\u00f3n de cartas, que es m\u00e1s probable. Tambi\u00e9n es importante vigilar el comportamiento de los dem\u00e1s jugadores. Para ello, tienes que analizar su comportamiento de juego con mucho cuidado. En \u00faltima instancia, s\u00f3lo necesitas una Escalera Real para tenerla una vez y vencer a otras buenas manos. Como \u00e9stas tambi\u00e9n son bastante raras, la Escalera Real rara vez es necesaria. Tambi\u00e9n es importante que, si hay una alta probabilidad de que tu oponente no est\u00e9 demasiado inseguro por una Escalera Real y pide, porque, desgraciadamente, tu Escalera Real no te sirve de nada si tus oponentes se retiran prematuramente. Obviamente, es diferente cuando juegas al v\u00eddeo p\u00f3quer. Como en el v\u00eddeo p\u00f3quer puedes obtener un beneficio desproporcionado con una Escalera Real, deber\u00edas jugar siempre con una Escalera Real. Como aqu\u00ed no tienes enemigos, no juegues ese papel.          <\/p>\n\t\t\t\t\t\t\t\t<\/div>\n\t\t\t\t<\/div>\n\t\t\t\t<div class=\"elementor-element elementor-element-863e8de elementor-widget elementor-widget-heading\" data-id=\"863e8de\" data-element_type=\"widget\" data-widget_type=\"heading.default\">\n\t\t\t\t<div class=\"elementor-widget-container\">\n\t\t\t\t\t<h3 class=\"elementor-heading-title elementor-size-default\">\u00bfVariantes de p\u00f3quer en Escalera Real?<\/h3>\t\t\t\t<\/div>\n\t\t\t\t<\/div>\n\t\t\t\t<div class=\"elementor-element elementor-element-80672b1 elementor-widget elementor-widget-text-editor\" data-id=\"80672b1\" data-element_type=\"widget\" data-widget_type=\"text-editor.default\">\n\t\t\t\t<div class=\"elementor-widget-container\">\n\t\t\t\t\t\t\t\t\t<p>La Escalera Real se encuentra en todas las variantes de p\u00f3quer que se siguen jugando hoy en d\u00eda, como Texas Hold&#8217;em, Five Card Draw y Seven Card Stud. Como ya se ha dicho, es casi tan dif\u00edcil encontrar una variante de p\u00f3quer sin Escalera Real como conseguir una. <\/p>\n\t\t\t\t\t\t\t\t<\/div>\n\t\t\t\t<\/div>\n\t\t\t\t<\/div>\n\t\t\t\t<\/div>\n\t\t","protected":false},"excerpt":{"rendered":"<p>Escalera Real en el P\u00f3quer &#8211; \u00abEsa mano \u00fanica en el P\u00f3quer\u00bb \u00bfQu\u00e9 es una Escalera Real en el P\u00f3quer? Juega al p\u00f3quer aqu\u00ed La Escalera Real en el P\u00f3quer, la madre de todas las manos en el p\u00f3quer. Es una combinaci\u00f3n determinada de cartas que se puede utilizar en el p\u00f3quer. Como ya se [&hellip;]<\/p>\n","protected":false},"author":1,"featured_media":0,"parent":0,"menu_order":0,"comment_status":"closed","ping_status":"closed","template":"","meta":{"footnotes":""},"class_list":["post-5064","page","type-page","status-publish","hentry"],"blocksy_meta":[],"acf":[],"yoast_head":"<!-- This site is optimized with the Yoast SEO plugin v24.1 - https:\/\/yoast.com\/wordpress\/plugins\/seo\/ -->\n<title>Escalera real en el p\u00f3quer - casinoreturn<\/title>\n<meta name=\"description\" content=\"Escalera Real en el P\u00f3quer, la gran dama de todas las manos. Olv\u00eddate de los cuatro iguales y los ases. Nuestra peque\u00f1a gu\u00eda te dar\u00e1 informaci\u00f3n.\" \/>\n<meta name=\"robots\" content=\"index, follow, max-snippet:-1, max-image-preview:large, max-video-preview:-1\" \/>\n<link rel=\"canonical\" href=\"https:\/\/casinoreturn.com\/es\/escalera-real-en-el-poquer\/\" \/>\n<meta property=\"og:locale\" content=\"es_ES\" \/>\n<meta property=\"og:type\" content=\"article\" \/>\n<meta property=\"og:title\" content=\"Escalera real en el p\u00f3quer - casinoreturn\" \/>\n<meta property=\"og:description\" content=\"Escalera Real en el P\u00f3quer, la gran dama de todas las manos. Olv\u00eddate de los cuatro iguales y los ases. Nuestra peque\u00f1a gu\u00eda te dar\u00e1 informaci\u00f3n.\" \/>\n<meta property=\"og:url\" content=\"https:\/\/casinoreturn.com\/es\/escalera-real-en-el-poquer\/\" \/>\n<meta property=\"og:site_name\" content=\"casinoreturn\" \/>\n<meta property=\"article:modified_time\" content=\"2024-12-04T14:01:20+00:00\" \/>\n<meta property=\"og:image\" content=\"https:\/\/casinoreturn.com\/wp-content\/uploads\/2024\/11\/Royal-Flush-in-Poker.jpg\" \/>\n\t<meta property=\"og:image:width\" content=\"522\" \/>\n\t<meta property=\"og:image:height\" content=\"360\" \/>\n\t<meta property=\"og:image:type\" content=\"image\/jpeg\" \/>\n<meta name=\"twitter:card\" content=\"summary_large_image\" \/>\n<meta name=\"twitter:label1\" content=\"Tiempo de lectura\" \/>\n\t<meta name=\"twitter:data1\" content=\"3 minutos\" \/>\n<script type=\"application\/ld+json\" class=\"yoast-schema-graph\">{\"@context\":\"https:\/\/schema.org\",\"@graph\":[{\"@type\":\"WebPage\",\"@id\":\"https:\/\/casinoreturn.com\/es\/escalera-real-en-el-poquer\/\",\"url\":\"https:\/\/casinoreturn.com\/es\/escalera-real-en-el-poquer\/\",\"name\":\"Escalera real en el p\u00f3quer - casinoreturn\",\"isPartOf\":{\"@id\":\"https:\/\/casinoreturn.com\/#website\"},\"primaryImageOfPage\":{\"@id\":\"https:\/\/casinoreturn.com\/es\/escalera-real-en-el-poquer\/#primaryimage\"},\"image\":{\"@id\":\"https:\/\/casinoreturn.com\/es\/escalera-real-en-el-poquer\/#primaryimage\"},\"thumbnailUrl\":\"https:\/\/casinoreturn.com\/wp-content\/uploads\/2024\/11\/Royal-Flush-in-Poker.jpg\",\"datePublished\":\"2024-11-20T16:41:12+00:00\",\"dateModified\":\"2024-12-04T14:01:20+00:00\",\"description\":\"Escalera Real en el P\u00f3quer, la gran dama de todas las manos. Olv\u00eddate de los cuatro iguales y los ases. Nuestra peque\u00f1a gu\u00eda te dar\u00e1 informaci\u00f3n.\",\"breadcrumb\":{\"@id\":\"https:\/\/casinoreturn.com\/es\/escalera-real-en-el-poquer\/#breadcrumb\"},\"inLanguage\":\"es\",\"potentialAction\":[{\"@type\":\"ReadAction\",\"target\":[\"https:\/\/casinoreturn.com\/es\/escalera-real-en-el-poquer\/\"]}]},{\"@type\":\"ImageObject\",\"inLanguage\":\"es\",\"@id\":\"https:\/\/casinoreturn.com\/es\/escalera-real-en-el-poquer\/#primaryimage\",\"url\":\"https:\/\/casinoreturn.com\/wp-content\/uploads\/2024\/11\/Royal-Flush-in-Poker.jpg\",\"contentUrl\":\"https:\/\/casinoreturn.com\/wp-content\/uploads\/2024\/11\/Royal-Flush-in-Poker.jpg\"},{\"@type\":\"BreadcrumbList\",\"@id\":\"https:\/\/casinoreturn.com\/es\/escalera-real-en-el-poquer\/#breadcrumb\",\"itemListElement\":[{\"@type\":\"ListItem\",\"position\":1,\"name\":\"Home\",\"item\":\"https:\/\/casinoreturn.com\/es\/hogar\/\"},{\"@type\":\"ListItem\",\"position\":2,\"name\":\"Escalera real en el p\u00f3quer\"}]},{\"@type\":\"WebSite\",\"@id\":\"https:\/\/casinoreturn.com\/#website\",\"url\":\"https:\/\/casinoreturn.com\/\",\"name\":\"casinoreturn\",\"description\":\"\",\"publisher\":{\"@id\":\"https:\/\/casinoreturn.com\/#organization\"},\"potentialAction\":[{\"@type\":\"SearchAction\",\"target\":{\"@type\":\"EntryPoint\",\"urlTemplate\":\"https:\/\/casinoreturn.com\/?s={search_term_string}\"},\"query-input\":{\"@type\":\"PropertyValueSpecification\",\"valueRequired\":true,\"valueName\":\"search_term_string\"}}],\"inLanguage\":\"es\"},{\"@type\":\"Organization\",\"@id\":\"https:\/\/casinoreturn.com\/#organization\",\"name\":\"casinoreturn\",\"url\":\"https:\/\/casinoreturn.com\/\",\"logo\":{\"@type\":\"ImageObject\",\"inLanguage\":\"es\",\"@id\":\"https:\/\/casinoreturn.com\/#\/schema\/logo\/image\/\",\"url\":\"https:\/\/casinoreturn.com\/wp-content\/uploads\/2024\/09\/animal-favicon.png\",\"contentUrl\":\"https:\/\/casinoreturn.com\/wp-content\/uploads\/2024\/09\/animal-favicon.png\",\"width\":92,\"height\":92,\"caption\":\"casinoreturn\"},\"image\":{\"@id\":\"https:\/\/casinoreturn.com\/#\/schema\/logo\/image\/\"}}]}<\/script>\n<!-- \/ Yoast SEO plugin. -->","yoast_head_json":{"title":"Escalera real en el p\u00f3quer - casinoreturn","description":"Escalera Real en el P\u00f3quer, la gran dama de todas las manos. Olv\u00eddate de los cuatro iguales y los ases. Nuestra peque\u00f1a gu\u00eda te dar\u00e1 informaci\u00f3n.","robots":{"index":"index","follow":"follow","max-snippet":"max-snippet:-1","max-image-preview":"max-image-preview:large","max-video-preview":"max-video-preview:-1"},"canonical":"https:\/\/casinoreturn.com\/es\/escalera-real-en-el-poquer\/","og_locale":"es_ES","og_type":"article","og_title":"Escalera real en el p\u00f3quer - casinoreturn","og_description":"Escalera Real en el P\u00f3quer, la gran dama de todas las manos. Olv\u00eddate de los cuatro iguales y los ases. Nuestra peque\u00f1a gu\u00eda te dar\u00e1 informaci\u00f3n.","og_url":"https:\/\/casinoreturn.com\/es\/escalera-real-en-el-poquer\/","og_site_name":"casinoreturn","article_modified_time":"2024-12-04T14:01:20+00:00","og_image":[{"width":522,"height":360,"url":"https:\/\/casinoreturn.com\/wp-content\/uploads\/2024\/11\/Royal-Flush-in-Poker.jpg","type":"image\/jpeg"}],"twitter_card":"summary_large_image","twitter_misc":{"Tiempo de lectura":"3 minutos"},"schema":{"@context":"https:\/\/schema.org","@graph":[{"@type":"WebPage","@id":"https:\/\/casinoreturn.com\/es\/escalera-real-en-el-poquer\/","url":"https:\/\/casinoreturn.com\/es\/escalera-real-en-el-poquer\/","name":"Escalera real en el p\u00f3quer - casinoreturn","isPartOf":{"@id":"https:\/\/casinoreturn.com\/#website"},"primaryImageOfPage":{"@id":"https:\/\/casinoreturn.com\/es\/escalera-real-en-el-poquer\/#primaryimage"},"image":{"@id":"https:\/\/casinoreturn.com\/es\/escalera-real-en-el-poquer\/#primaryimage"},"thumbnailUrl":"https:\/\/casinoreturn.com\/wp-content\/uploads\/2024\/11\/Royal-Flush-in-Poker.jpg","datePublished":"2024-11-20T16:41:12+00:00","dateModified":"2024-12-04T14:01:20+00:00","description":"Escalera Real en el P\u00f3quer, la gran dama de todas las manos. Olv\u00eddate de los cuatro iguales y los ases. Nuestra peque\u00f1a gu\u00eda te dar\u00e1 informaci\u00f3n.","breadcrumb":{"@id":"https:\/\/casinoreturn.com\/es\/escalera-real-en-el-poquer\/#breadcrumb"},"inLanguage":"es","potentialAction":[{"@type":"ReadAction","target":["https:\/\/casinoreturn.com\/es\/escalera-real-en-el-poquer\/"]}]},{"@type":"ImageObject","inLanguage":"es","@id":"https:\/\/casinoreturn.com\/es\/escalera-real-en-el-poquer\/#primaryimage","url":"https:\/\/casinoreturn.com\/wp-content\/uploads\/2024\/11\/Royal-Flush-in-Poker.jpg","contentUrl":"https:\/\/casinoreturn.com\/wp-content\/uploads\/2024\/11\/Royal-Flush-in-Poker.jpg"},{"@type":"BreadcrumbList","@id":"https:\/\/casinoreturn.com\/es\/escalera-real-en-el-poquer\/#breadcrumb","itemListElement":[{"@type":"ListItem","position":1,"name":"Home","item":"https:\/\/casinoreturn.com\/es\/hogar\/"},{"@type":"ListItem","position":2,"name":"Escalera real en el p\u00f3quer"}]},{"@type":"WebSite","@id":"https:\/\/casinoreturn.com\/#website","url":"https:\/\/casinoreturn.com\/","name":"casinoreturn","description":"","publisher":{"@id":"https:\/\/casinoreturn.com\/#organization"},"potentialAction":[{"@type":"SearchAction","target":{"@type":"EntryPoint","urlTemplate":"https:\/\/casinoreturn.com\/?s={search_term_string}"},"query-input":{"@type":"PropertyValueSpecification","valueRequired":true,"valueName":"search_term_string"}}],"inLanguage":"es"},{"@type":"Organization","@id":"https:\/\/casinoreturn.com\/#organization","name":"casinoreturn","url":"https:\/\/casinoreturn.com\/","logo":{"@type":"ImageObject","inLanguage":"es","@id":"https:\/\/casinoreturn.com\/#\/schema\/logo\/image\/","url":"https:\/\/casinoreturn.com\/wp-content\/uploads\/2024\/09\/animal-favicon.png","contentUrl":"https:\/\/casinoreturn.com\/wp-content\/uploads\/2024\/09\/animal-favicon.png","width":92,"height":92,"caption":"casinoreturn"},"image":{"@id":"https:\/\/casinoreturn.com\/#\/schema\/logo\/image\/"}}]}},"_links":{"self":[{"href":"https:\/\/casinoreturn.com\/es\/wp-json\/wp\/v2\/pages\/5064","targetHints":{"allow":["GET"]}}],"collection":[{"href":"https:\/\/casinoreturn.com\/es\/wp-json\/wp\/v2\/pages"}],"about":[{"href":"https:\/\/casinoreturn.com\/es\/wp-json\/wp\/v2\/types\/page"}],"author":[{"embeddable":true,"href":"https:\/\/casinoreturn.com\/es\/wp-json\/wp\/v2\/users\/1"}],"replies":[{"embeddable":true,"href":"https:\/\/casinoreturn.com\/es\/wp-json\/wp\/v2\/comments?post=5064"}],"version-history":[{"count":1,"href":"https:\/\/casinoreturn.com\/es\/wp-json\/wp\/v2\/pages\/5064\/revisions"}],"predecessor-version":[{"id":5065,"href":"https:\/\/casinoreturn.com\/es\/wp-json\/wp\/v2\/pages\/5064\/revisions\/5065"}],"wp:attachment":[{"href":"https:\/\/casinoreturn.com\/es\/wp-json\/wp\/v2\/media?parent=5064"}],"curies":[{"name":"wp","href":"https:\/\/api.w.org\/{rel}","templated":true}]}}