{"id":6162,"date":"2024-11-12T22:30:29","date_gmt":"2024-11-12T22:30:29","guid":{"rendered":"https:\/\/casinoreturn.com\/bonos-de-casino-sin-apuestas-canada\/"},"modified":"2024-12-20T00:43:36","modified_gmt":"2024-12-20T00:43:36","slug":"bonos-de-casino-sin-apuestas-canada","status":"publish","type":"page","link":"https:\/\/casinoreturn.com\/es\/bonos-de-casino-sin-apuestas-canada\/","title":{"rendered":"Bonos de casino sin apuestas Canad\u00e1"},"content":{"rendered":"\t\t<div data-elementor-type=\"wp-page\" data-elementor-id=\"6162\" class=\"elementor elementor-6162\" data-elementor-post-type=\"page\">\n\t\t\t\t<div class=\"elementor-element elementor-element-099340e e-con-full e-flex e-con e-parent\" data-id=\"099340e\" data-element_type=\"container\">\n\t\t\t\t<div class=\"elementor-element elementor-element-9452dd6 elementor-widget elementor-widget-heading\" data-id=\"9452dd6\" data-element_type=\"widget\" data-widget_type=\"heading.default\">\n\t\t\t\t<div class=\"elementor-widget-container\">\n\t\t\t\t\t<h4 class=\"elementor-heading-title elementor-size-default\">Los Bonos de Casino sin Apuestas de Canad\u00e1 son bastante escasos. Hemos enumerado un pu\u00f1ado de esos bonos sin apuestas para ti.   <\/h4>\t\t\t\t<\/div>\n\t\t\t\t<\/div>\n\t\t\t\t<div class=\"elementor-element elementor-element-206107d elementor-widget elementor-widget-image\" data-id=\"206107d\" data-element_type=\"widget\" data-widget_type=\"image.default\">\n\t\t\t\t<div class=\"elementor-widget-container\">\n\t\t\t\t\t\t\t\t\t\t\t\t\t\t\t<img fetchpriority=\"high\" decoding=\"async\" width=\"300\" height=\"300\" src=\"https:\/\/casinoreturn.com\/wp-content\/uploads\/2024\/11\/No-Wagering-Casino-Bonuses.png\" class=\"attachment-large size-large wp-image-3189\" alt=\"No Wagering Casino Bonuses\" srcset=\"https:\/\/casinoreturn.com\/wp-content\/uploads\/2024\/11\/No-Wagering-Casino-Bonuses.png 300w, https:\/\/casinoreturn.com\/wp-content\/uploads\/2024\/11\/No-Wagering-Casino-Bonuses-150x150.png 150w\" sizes=\"(max-width: 300px) 100vw, 300px\" \/>\t\t\t\t\t\t\t\t\t\t\t\t\t\t\t<\/div>\n\t\t\t\t<\/div>\n\t\t\t\t<div class=\"elementor-element elementor-element-a282737 elementor-widget elementor-widget-heading\" data-id=\"a282737\" data-element_type=\"widget\" data-widget_type=\"heading.default\">\n\t\t\t\t<div class=\"elementor-widget-container\">\n\t\t\t\t\t<h4 class=\"elementor-heading-title elementor-size-default\">Nuestra mejor selecci\u00f3n de Bonos Sin Apuestas en Canad\u00e1.  <\/h4>\t\t\t\t<\/div>\n\t\t\t\t<\/div>\n\t\t\t\t<div class=\"elementor-element elementor-element-a7c48aa elementor-button-success elementor-align-center elementor-widget elementor-widget-button\" data-id=\"a7c48aa\" data-element_type=\"widget\" data-widget_type=\"button.default\">\n\t\t\t\t<div class=\"elementor-widget-container\">\n\t\t\t\t\t\t\t\t\t<div class=\"elementor-button-wrapper\">\n\t\t\t\t\t<a class=\"elementor-button elementor-button-link elementor-size-sm\" href=\"#\">\n\t\t\t\t\t\t<span class=\"elementor-button-content-wrapper\">\n\t\t\t\t\t\t\t\t\t<span class=\"elementor-button-text\">50 Tiradas Gratis Sin Apuesta en THOR - \u00a1Juega al Casino OJO hoy mismo!<\/span>\n\t\t\t\t\t<\/span>\n\t\t\t\t\t<\/a>\n\t\t\t\t<\/div>\n\t\t\t\t\t\t\t\t<\/div>\n\t\t\t\t<\/div>\n\t\t\t\t<div class=\"elementor-element elementor-element-4236979 elementor-countdown--label-block elementor-widget elementor-widget-countdown\" data-id=\"4236979\" data-element_type=\"widget\" data-widget_type=\"countdown.default\">\n\t\t\t\t<div class=\"elementor-widget-container\">\n\t\t\t\t\t\t\t<div data-expire-actions=\"[{&quot;type&quot;:&quot;message&quot;}]\" class=\"elementor-countdown-wrapper\" data-date=\"1767224100\">\n\t\t\t<div class=\"elementor-countdown-item\"><span class=\"elementor-countdown-digits elementor-countdown-days\"><\/span> <span class=\"elementor-countdown-label\">D\u00edas<\/span><\/div><div class=\"elementor-countdown-item\"><span class=\"elementor-countdown-digits elementor-countdown-hours\"><\/span> <span class=\"elementor-countdown-label\">Horas<\/span><\/div><div class=\"elementor-countdown-item\"><span class=\"elementor-countdown-digits elementor-countdown-minutes\"><\/span> <span class=\"elementor-countdown-label\">Actas<\/span><\/div><div class=\"elementor-countdown-item\"><span class=\"elementor-countdown-digits elementor-countdown-seconds\"><\/span> <span class=\"elementor-countdown-label\">Segundos<\/span><\/div>\t\t<\/div>\n\t\t\t\t\t\t<div class=\"elementor-countdown-expire--message\">\n\t\t\t\t\tReclama 50 Tiradas Gratis Sin Requisito de Apuesta en THOR - Juega hoy a las Tiradas Gratis SIN Apuesta de OJO Casino\t\t\t\t<\/div>\n\t\t\t\t\t\t\t\t<\/div>\n\t\t\t\t<\/div>\n\t\t\t\t<div class=\"elementor-element elementor-element-a9b8b0a elementor-widget elementor-widget-image\" data-id=\"a9b8b0a\" data-element_type=\"widget\" data-widget_type=\"image.default\">\n\t\t\t\t<div class=\"elementor-widget-container\">\n\t\t\t\t\t\t\t\t\t\t\t\t\t\t\t<img decoding=\"async\" width=\"300\" height=\"150\" src=\"https:\/\/casinoreturn.com\/wp-content\/uploads\/2024\/12\/Play-Ojo-no-wagering-free-spins.png\" class=\"attachment-large size-large wp-image-6119\" alt=\"Play Ojo no wagering free spins\" \/>\t\t\t\t\t\t\t\t\t\t\t\t\t\t\t<\/div>\n\t\t\t\t<\/div>\n\t\t\t\t<div class=\"elementor-element elementor-element-ccbe21f elementor-widget elementor-widget-heading\" data-id=\"ccbe21f\" data-element_type=\"widget\" data-widget_type=\"heading.default\">\n\t\t\t\t<div class=\"elementor-widget-container\">\n\t\t\t\t\t<h4 class=\"elementor-heading-title elementor-size-default\">M\u00e1s informaci\u00f3n sobre Sin apuestas, Giros gratis sin dep\u00f3sito y Bonos sin dep\u00f3sito en Canad\u00e1 y Ontario.<\/h4>\t\t\t\t<\/div>\n\t\t\t\t<\/div>\n\t\t\t\t<div class=\"elementor-element elementor-element-e56fee4 elementor-widget elementor-widget-text-editor\" data-id=\"e56fee4\" data-element_type=\"widget\" data-widget_type=\"text-editor.default\">\n\t\t\t\t<div class=\"elementor-widget-container\">\n\t\t\t\t\t\t\t\t\t<h5><strong>\u00bfC\u00f3mo reclamo 50 Tiradas Gratis Sin Apuesta?<\/strong><\/h5>\n<p>Para reclamar esas 50 tiradas sin apuesta s\u00f3lo hay que seguir unos pocos pasos.<\/p>\n<ul>\n<li>Reg\u00edstrate en PlayOJO<\/li>\n<li>El n\u00famero de tel\u00e9fono y tu fecha de nacimiento s\u00f3lo son necesarios para abrir una cuenta en el Casino PlayOJO<\/li>\n<li>Deposita y juega tus tiradas gratis ( <a href=\"https:\/\/www.playojo.com\/en\/reward-policy\/?appName=PlayOJO\">Se aplican los C&amp;C<\/a>)<\/li>\n<\/ul>\n\t\t\t\t\t\t\t\t<\/div>\n\t\t\t\t<\/div>\n\t\t\t\t<div class=\"elementor-element elementor-element-8ab4dfd elementor-widget elementor-widget-image\" data-id=\"8ab4dfd\" data-element_type=\"widget\" data-widget_type=\"image.default\">\n\t\t\t\t<div class=\"elementor-widget-container\">\n\t\t\t\t\t\t\t\t\t\t\t\t\t\t\t<img decoding=\"async\" width=\"514\" height=\"388\" src=\"https:\/\/casinoreturn.com\/wp-content\/uploads\/2024\/12\/50-No-Wagering-Free-Spins.png\" class=\"attachment-large size-large wp-image-6131\" alt=\"50 No Wagering Free Spins\" srcset=\"https:\/\/casinoreturn.com\/wp-content\/uploads\/2024\/12\/50-No-Wagering-Free-Spins.png 514w, https:\/\/casinoreturn.com\/wp-content\/uploads\/2024\/12\/50-No-Wagering-Free-Spins-300x226.png 300w\" sizes=\"(max-width: 514px) 100vw, 514px\" \/>\t\t\t\t\t\t\t\t\t\t\t\t\t\t\t<\/div>\n\t\t\t\t<\/div>\n\t\t\t\t<div class=\"elementor-element elementor-element-f04881c elementor-widget elementor-widget-heading\" data-id=\"f04881c\" data-element_type=\"widget\" data-widget_type=\"heading.default\">\n\t\t\t\t<div class=\"elementor-widget-container\">\n\t\t\t\t\t<h4 class=\"elementor-heading-title elementor-size-default\">\u00bfQu\u00e9 son las apuestas en el casino?<\/h4>\t\t\t\t<\/div>\n\t\t\t\t<\/div>\n\t\t\t\t<div class=\"elementor-element elementor-element-380aa18 elementor-widget elementor-widget-text-editor\" data-id=\"380aa18\" data-element_type=\"widget\" data-widget_type=\"text-editor.default\">\n\t\t\t\t<div class=\"elementor-widget-container\">\n\t\t\t\t\t\t\t\t\t<p>Apostar en el Casino es el proceso de completar los T\u00e9rminos de las condiciones de cualquier bono gratuito o bono general de casino que se conceda. Aqu\u00ed tienes algunos ejemplos de c\u00f3mo funcionan las apuestas en el casino online. Empecemos con las 50 tiradas gratuitas sin apuestas de PlayOJO. Los T\u00e9rminos y Condiciones dicen que se dan 50 tiradas:     <\/p>\n<ul>\n<li>Se debe realizar un primer dep\u00f3sito admisible<\/li>\n<li>THOR &#8211; Tragaperras para usar s\u00f3lo con apuestas m\u00ednimas de CAD$0.10<\/li>\n<li><a href=\"https:\/\/www.playojo.com\/en\/reward-policy\/?appName=PlayOJO\">Se aplican las C&amp;C  <\/a><\/li>\n<\/ul>\n<p>Como no hay requisito de apuesta, cada una de las cincuenta tiradas puede convertirse en una ganancia en met\u00e1lico.  <\/p>\n<p><strong>Por ejemplo, para un requisito de apuesta de 50 veces.<\/strong><\/p>\n<ul>\n<li>Se debe realizar un primer dep\u00f3sito admisible<\/li>\n<li>THOR &#8211; Tragaperras para usar s\u00f3lo con apuestas m\u00ednimas de CAD$0.10<\/li>\n<li>Se aplican las C&amp;C  <\/li>\n<li>Requisito de apuesta 50 veces<\/li>\n<\/ul>\n<p>Para completar la apuesta y poder retirar las ganancias obtenidas, el jugador debe apostar 50 veces.  <strong>Por ejemplo, la ganancia total de las 50 Tiradas Gratis es de 50 cr\u00e9ditos. Un jugador debe apostar 50 x 50 Cr\u00e9ditos = 250 Cr\u00e9ditos con una l\u00ednea de cr\u00e9dito m\u00ednima de 0,10 euros. <\/strong>  Cualquier ganancia restante se convierte autom\u00e1ticamente en dinero real.<\/p>\n\t\t\t\t\t\t\t\t<\/div>\n\t\t\t\t<\/div>\n\t\t\t\t<div class=\"elementor-element elementor-element-859f500 elementor-widget elementor-widget-heading\" data-id=\"859f500\" data-element_type=\"widget\" data-widget_type=\"heading.default\">\n\t\t\t\t<div class=\"elementor-widget-container\">\n\t\t\t\t\t<h4 class=\"elementor-heading-title elementor-size-default\">\u00bfCu\u00e1les son las ventajas de un Bono sin apuestas?<\/h4>\t\t\t\t<\/div>\n\t\t\t\t<\/div>\n\t\t\t\t<div class=\"elementor-element elementor-element-ad45116 elementor-widget elementor-widget-text-editor\" data-id=\"ad45116\" data-element_type=\"widget\" data-widget_type=\"text-editor.default\">\n\t\t\t\t<div class=\"elementor-widget-container\">\n\t\t\t\t\t\t\t\t\t<p>La ventaja de un Bono sin apuestas es que se convierte en dinero real al instante. No es muy habitual y tiene un coste considerable para los casinos online. Su uso es promocional, como regalos de cumplea\u00f1os, o para atraer a nuevos jugadores.    <\/p>\n<p><strong><span style=\"text-decoration: underline;\">Ventajas de la bonificaci\u00f3n sin apuestas<\/span><\/strong><\/p>\n<p>Menor riesgo para los jugadores<\/p>\n<p>Gana al instante<\/p>\n<p><strong><span style=\"text-decoration: underline;\">Contra&#8217;s para Sin Requisitos de Apuesta<\/span><\/strong><\/p>\n<p>Los T\u00e9rminos y Condiciones vinculados a la bonificaci\u00f3n deben leerse con atenci\u00f3n  <\/p>\n<p>Se requiere un dep\u00f3sito m\u00ednimo<\/p>\n<p>La retirada suele estar vinculada al proceso KYC  <\/p>\n\t\t\t\t\t\t\t\t<\/div>\n\t\t\t\t<\/div>\n\t\t\t\t<\/div>\n\t\t\t\t<\/div>\n\t\t","protected":false},"excerpt":{"rendered":"<p>Los Bonos de Casino sin Apuestas de Canad\u00e1 son bastante escasos. Hemos enumerado un pu\u00f1ado de esos bonos sin apuestas para ti. Nuestra mejor selecci\u00f3n de Bonos Sin Apuestas en Canad\u00e1. 50 Tiradas Gratis Sin Apuesta en THOR &#8211; \u00a1Juega al Casino OJO hoy mismo! D\u00edas Horas Actas Segundos Reclama 50 Tiradas Gratis Sin Requisito [&hellip;]<\/p>\n","protected":false},"author":1,"featured_media":0,"parent":0,"menu_order":0,"comment_status":"closed","ping_status":"closed","template":"","meta":{"footnotes":""},"class_list":["post-6162","page","type-page","status-publish","hentry"],"blocksy_meta":[],"acf":[],"yoast_head":"<!-- This site is optimized with the Yoast SEO plugin v24.1 - https:\/\/yoast.com\/wordpress\/plugins\/seo\/ -->\n<title>Bonos de casino sin apuestas Canad\u00e1 - casinoreturn<\/title>\n<meta name=\"description\" content=\"Los Bonos de Casino sin Apuesta de Canad\u00e1 son una forma estupenda de atraer a nuevos jugadores. Intensificados con Bonos Sin Dep\u00f3sito o Tiradas Gratis Sin Dep\u00f3sito.\" \/>\n<meta name=\"robots\" content=\"index, follow, max-snippet:-1, max-image-preview:large, max-video-preview:-1\" \/>\n<link rel=\"canonical\" href=\"https:\/\/casinoreturn.com\/es\/bonos-de-casino-sin-apuestas-canada\/\" \/>\n<meta property=\"og:locale\" content=\"es_ES\" \/>\n<meta property=\"og:type\" content=\"article\" \/>\n<meta property=\"og:title\" content=\"Bonos de casino sin apuestas Canad\u00e1 - casinoreturn\" \/>\n<meta property=\"og:description\" content=\"Los Bonos de Casino sin Apuesta de Canad\u00e1 son una forma estupenda de atraer a nuevos jugadores. Intensificados con Bonos Sin Dep\u00f3sito o Tiradas Gratis Sin Dep\u00f3sito.\" \/>\n<meta property=\"og:url\" content=\"https:\/\/casinoreturn.com\/es\/bonos-de-casino-sin-apuestas-canada\/\" \/>\n<meta property=\"og:site_name\" content=\"casinoreturn\" \/>\n<meta property=\"article:modified_time\" content=\"2024-12-20T00:43:36+00:00\" \/>\n<meta property=\"og:image\" content=\"https:\/\/casinoreturn.com\/wp-content\/uploads\/2024\/11\/No-Wagering-Casino-Bonuses.png\" \/>\n\t<meta property=\"og:image:width\" content=\"300\" \/>\n\t<meta property=\"og:image:height\" content=\"300\" \/>\n\t<meta property=\"og:image:type\" content=\"image\/png\" \/>\n<meta name=\"twitter:card\" content=\"summary_large_image\" \/>\n<meta name=\"twitter:label1\" content=\"Tiempo de lectura\" \/>\n\t<meta name=\"twitter:data1\" content=\"2 minutos\" \/>\n<script type=\"application\/ld+json\" class=\"yoast-schema-graph\">{\"@context\":\"https:\/\/schema.org\",\"@graph\":[{\"@type\":\"WebPage\",\"@id\":\"https:\/\/casinoreturn.com\/es\/bonos-de-casino-sin-apuestas-canada\/\",\"url\":\"https:\/\/casinoreturn.com\/es\/bonos-de-casino-sin-apuestas-canada\/\",\"name\":\"Bonos de casino sin apuestas Canad\u00e1 - casinoreturn\",\"isPartOf\":{\"@id\":\"https:\/\/casinoreturn.com\/#website\"},\"primaryImageOfPage\":{\"@id\":\"https:\/\/casinoreturn.com\/es\/bonos-de-casino-sin-apuestas-canada\/#primaryimage\"},\"image\":{\"@id\":\"https:\/\/casinoreturn.com\/es\/bonos-de-casino-sin-apuestas-canada\/#primaryimage\"},\"thumbnailUrl\":\"https:\/\/casinoreturn.com\/wp-content\/uploads\/2024\/11\/No-Wagering-Casino-Bonuses.png\",\"datePublished\":\"2024-11-12T22:30:29+00:00\",\"dateModified\":\"2024-12-20T00:43:36+00:00\",\"description\":\"Los Bonos de Casino sin Apuesta de Canad\u00e1 son una forma estupenda de atraer a nuevos jugadores. Intensificados con Bonos Sin Dep\u00f3sito o Tiradas Gratis Sin Dep\u00f3sito.\",\"breadcrumb\":{\"@id\":\"https:\/\/casinoreturn.com\/es\/bonos-de-casino-sin-apuestas-canada\/#breadcrumb\"},\"inLanguage\":\"es\",\"potentialAction\":[{\"@type\":\"ReadAction\",\"target\":[\"https:\/\/casinoreturn.com\/es\/bonos-de-casino-sin-apuestas-canada\/\"]}]},{\"@type\":\"ImageObject\",\"inLanguage\":\"es\",\"@id\":\"https:\/\/casinoreturn.com\/es\/bonos-de-casino-sin-apuestas-canada\/#primaryimage\",\"url\":\"https:\/\/casinoreturn.com\/wp-content\/uploads\/2024\/11\/No-Wagering-Casino-Bonuses.png\",\"contentUrl\":\"https:\/\/casinoreturn.com\/wp-content\/uploads\/2024\/11\/No-Wagering-Casino-Bonuses.png\"},{\"@type\":\"BreadcrumbList\",\"@id\":\"https:\/\/casinoreturn.com\/es\/bonos-de-casino-sin-apuestas-canada\/#breadcrumb\",\"itemListElement\":[{\"@type\":\"ListItem\",\"position\":1,\"name\":\"Home\",\"item\":\"https:\/\/casinoreturn.com\/es\/hogar\/\"},{\"@type\":\"ListItem\",\"position\":2,\"name\":\"Bonos de casino sin apuestas Canad\u00e1\"}]},{\"@type\":\"WebSite\",\"@id\":\"https:\/\/casinoreturn.com\/#website\",\"url\":\"https:\/\/casinoreturn.com\/\",\"name\":\"casinoreturn\",\"description\":\"\",\"publisher\":{\"@id\":\"https:\/\/casinoreturn.com\/#organization\"},\"potentialAction\":[{\"@type\":\"SearchAction\",\"target\":{\"@type\":\"EntryPoint\",\"urlTemplate\":\"https:\/\/casinoreturn.com\/?s={search_term_string}\"},\"query-input\":{\"@type\":\"PropertyValueSpecification\",\"valueRequired\":true,\"valueName\":\"search_term_string\"}}],\"inLanguage\":\"es\"},{\"@type\":\"Organization\",\"@id\":\"https:\/\/casinoreturn.com\/#organization\",\"name\":\"casinoreturn\",\"url\":\"https:\/\/casinoreturn.com\/\",\"logo\":{\"@type\":\"ImageObject\",\"inLanguage\":\"es\",\"@id\":\"https:\/\/casinoreturn.com\/#\/schema\/logo\/image\/\",\"url\":\"https:\/\/casinoreturn.com\/wp-content\/uploads\/2024\/09\/animal-favicon.png\",\"contentUrl\":\"https:\/\/casinoreturn.com\/wp-content\/uploads\/2024\/09\/animal-favicon.png\",\"width\":92,\"height\":92,\"caption\":\"casinoreturn\"},\"image\":{\"@id\":\"https:\/\/casinoreturn.com\/#\/schema\/logo\/image\/\"}}]}<\/script>\n<!-- \/ Yoast SEO plugin. -->","yoast_head_json":{"title":"Bonos de casino sin apuestas Canad\u00e1 - casinoreturn","description":"Los Bonos de Casino sin Apuesta de Canad\u00e1 son una forma estupenda de atraer a nuevos jugadores. Intensificados con Bonos Sin Dep\u00f3sito o Tiradas Gratis Sin Dep\u00f3sito.","robots":{"index":"index","follow":"follow","max-snippet":"max-snippet:-1","max-image-preview":"max-image-preview:large","max-video-preview":"max-video-preview:-1"},"canonical":"https:\/\/casinoreturn.com\/es\/bonos-de-casino-sin-apuestas-canada\/","og_locale":"es_ES","og_type":"article","og_title":"Bonos de casino sin apuestas Canad\u00e1 - casinoreturn","og_description":"Los Bonos de Casino sin Apuesta de Canad\u00e1 son una forma estupenda de atraer a nuevos jugadores. Intensificados con Bonos Sin Dep\u00f3sito o Tiradas Gratis Sin Dep\u00f3sito.","og_url":"https:\/\/casinoreturn.com\/es\/bonos-de-casino-sin-apuestas-canada\/","og_site_name":"casinoreturn","article_modified_time":"2024-12-20T00:43:36+00:00","og_image":[{"width":300,"height":300,"url":"https:\/\/casinoreturn.com\/wp-content\/uploads\/2024\/11\/No-Wagering-Casino-Bonuses.png","type":"image\/png"}],"twitter_card":"summary_large_image","twitter_misc":{"Tiempo de lectura":"2 minutos"},"schema":{"@context":"https:\/\/schema.org","@graph":[{"@type":"WebPage","@id":"https:\/\/casinoreturn.com\/es\/bonos-de-casino-sin-apuestas-canada\/","url":"https:\/\/casinoreturn.com\/es\/bonos-de-casino-sin-apuestas-canada\/","name":"Bonos de casino sin apuestas Canad\u00e1 - casinoreturn","isPartOf":{"@id":"https:\/\/casinoreturn.com\/#website"},"primaryImageOfPage":{"@id":"https:\/\/casinoreturn.com\/es\/bonos-de-casino-sin-apuestas-canada\/#primaryimage"},"image":{"@id":"https:\/\/casinoreturn.com\/es\/bonos-de-casino-sin-apuestas-canada\/#primaryimage"},"thumbnailUrl":"https:\/\/casinoreturn.com\/wp-content\/uploads\/2024\/11\/No-Wagering-Casino-Bonuses.png","datePublished":"2024-11-12T22:30:29+00:00","dateModified":"2024-12-20T00:43:36+00:00","description":"Los Bonos de Casino sin Apuesta de Canad\u00e1 son una forma estupenda de atraer a nuevos jugadores. Intensificados con Bonos Sin Dep\u00f3sito o Tiradas Gratis Sin Dep\u00f3sito.","breadcrumb":{"@id":"https:\/\/casinoreturn.com\/es\/bonos-de-casino-sin-apuestas-canada\/#breadcrumb"},"inLanguage":"es","potentialAction":[{"@type":"ReadAction","target":["https:\/\/casinoreturn.com\/es\/bonos-de-casino-sin-apuestas-canada\/"]}]},{"@type":"ImageObject","inLanguage":"es","@id":"https:\/\/casinoreturn.com\/es\/bonos-de-casino-sin-apuestas-canada\/#primaryimage","url":"https:\/\/casinoreturn.com\/wp-content\/uploads\/2024\/11\/No-Wagering-Casino-Bonuses.png","contentUrl":"https:\/\/casinoreturn.com\/wp-content\/uploads\/2024\/11\/No-Wagering-Casino-Bonuses.png"},{"@type":"BreadcrumbList","@id":"https:\/\/casinoreturn.com\/es\/bonos-de-casino-sin-apuestas-canada\/#breadcrumb","itemListElement":[{"@type":"ListItem","position":1,"name":"Home","item":"https:\/\/casinoreturn.com\/es\/hogar\/"},{"@type":"ListItem","position":2,"name":"Bonos de casino sin apuestas Canad\u00e1"}]},{"@type":"WebSite","@id":"https:\/\/casinoreturn.com\/#website","url":"https:\/\/casinoreturn.com\/","name":"casinoreturn","description":"","publisher":{"@id":"https:\/\/casinoreturn.com\/#organization"},"potentialAction":[{"@type":"SearchAction","target":{"@type":"EntryPoint","urlTemplate":"https:\/\/casinoreturn.com\/?s={search_term_string}"},"query-input":{"@type":"PropertyValueSpecification","valueRequired":true,"valueName":"search_term_string"}}],"inLanguage":"es"},{"@type":"Organization","@id":"https:\/\/casinoreturn.com\/#organization","name":"casinoreturn","url":"https:\/\/casinoreturn.com\/","logo":{"@type":"ImageObject","inLanguage":"es","@id":"https:\/\/casinoreturn.com\/#\/schema\/logo\/image\/","url":"https:\/\/casinoreturn.com\/wp-content\/uploads\/2024\/09\/animal-favicon.png","contentUrl":"https:\/\/casinoreturn.com\/wp-content\/uploads\/2024\/09\/animal-favicon.png","width":92,"height":92,"caption":"casinoreturn"},"image":{"@id":"https:\/\/casinoreturn.com\/#\/schema\/logo\/image\/"}}]}},"_links":{"self":[{"href":"https:\/\/casinoreturn.com\/es\/wp-json\/wp\/v2\/pages\/6162","targetHints":{"allow":["GET"]}}],"collection":[{"href":"https:\/\/casinoreturn.com\/es\/wp-json\/wp\/v2\/pages"}],"about":[{"href":"https:\/\/casinoreturn.com\/es\/wp-json\/wp\/v2\/types\/page"}],"author":[{"embeddable":true,"href":"https:\/\/casinoreturn.com\/es\/wp-json\/wp\/v2\/users\/1"}],"replies":[{"embeddable":true,"href":"https:\/\/casinoreturn.com\/es\/wp-json\/wp\/v2\/comments?post=6162"}],"version-history":[{"count":1,"href":"https:\/\/casinoreturn.com\/es\/wp-json\/wp\/v2\/pages\/6162\/revisions"}],"predecessor-version":[{"id":6163,"href":"https:\/\/casinoreturn.com\/es\/wp-json\/wp\/v2\/pages\/6162\/revisions\/6163"}],"wp:attachment":[{"href":"https:\/\/casinoreturn.com\/es\/wp-json\/wp\/v2\/media?parent=6162"}],"curies":[{"name":"wp","href":"https:\/\/api.w.org\/{rel}","templated":true}]}}