{"id":7919,"date":"2024-11-11T14:31:40","date_gmt":"2024-11-11T14:31:40","guid":{"rendered":"https:\/\/casinoreturn.com\/ontario-casinos-canada\/"},"modified":"2025-03-13T17:11:01","modified_gmt":"2025-03-13T17:11:01","slug":"ontario-casinos-canada","status":"publish","type":"page","link":"https:\/\/casinoreturn.com\/es\/ontario-casinos-canada\/","title":{"rendered":"Ontario Casinos Canad\u00e1"},"content":{"rendered":"\t\t<div data-elementor-type=\"wp-page\" data-elementor-id=\"7919\" class=\"elementor elementor-7919\" data-elementor-post-type=\"page\">\n\t\t\t\t<div class=\"elementor-element elementor-element-0319f61 e-con-full e-flex e-con e-parent\" data-id=\"0319f61\" data-element_type=\"container\">\n\t\t\t\t<div class=\"elementor-element elementor-element-c9a4faf elementor-widget elementor-widget-heading\" data-id=\"c9a4faf\" data-element_type=\"widget\" data-widget_type=\"heading.default\">\n\t\t\t\t<div class=\"elementor-widget-container\">\n\t\t\t\t\t<h3 class=\"elementor-heading-title elementor-size-default\">Ontario Casinos Canada - \u00bfQu\u00e9 necesitas saber?<\/h3>\t\t\t\t<\/div>\n\t\t\t\t<\/div>\n\t\t\t\t<div class=\"elementor-element elementor-element-69ae674 elementor-widget elementor-widget-text-editor\" data-id=\"69ae674\" data-element_type=\"widget\" data-widget_type=\"text-editor.default\">\n\t\t\t\t<div class=\"elementor-widget-container\">\n\t\t\t\t\t\t\t\t\t<p>Autoridad y Reglamentos del Juego de Ontario. AGCO y OLG e iGaming Ontario <\/p>\n<ol>\n<li>\u00bfQu\u00e9 es la AGCO? AGCO son las siglas de Alcohol and Gaming Commission of Ontario (Comisi\u00f3n de Alcohol y Juego de Ontario), el organismo regulador que supervisa el alcohol, el juego y las carreras. <\/li>\n<li>\u00bfQu\u00e9 es OLG? Ontario Lottery and Gaming Corporation, responsable del casino y la loter\u00eda terrestres. <\/li>\n<li>\u00bfQu\u00e9 es iGaming Ontario? Organizaci\u00f3n encargada de supervisar las licencias y la legalidad en Ontario. <\/li>\n<\/ol>\n\t\t\t\t\t\t\t\t<\/div>\n\t\t\t\t<\/div>\n\t\t\t\t<div class=\"elementor-element elementor-element-4bf69de elementor-button-success elementor-align-center elementor-widget elementor-widget-button\" data-id=\"4bf69de\" data-element_type=\"widget\" data-widget_type=\"button.default\">\n\t\t\t\t<div class=\"elementor-widget-container\">\n\t\t\t\t\t\t\t\t\t<div class=\"elementor-button-wrapper\">\n\t\t\t\t\t<a class=\"elementor-button elementor-button-link elementor-size-sm\" href=\"https:\/\/casinoreturn.com\/es\/ontario-casinos-canada\/#topten\">\n\t\t\t\t\t\t<span class=\"elementor-button-content-wrapper\">\n\t\t\t\t\t\t\t\t\t<span class=\"elementor-button-text\">Los 10 mejores casinos de Ontario - Casinos con licencia de Ontario<\/span>\n\t\t\t\t\t<\/span>\n\t\t\t\t\t<\/a>\n\t\t\t\t<\/div>\n\t\t\t\t\t\t\t\t<\/div>\n\t\t\t\t<\/div>\n\t\t\t\t<div class=\"elementor-element elementor-element-9081e7f elementor-button-success elementor-align-center elementor-widget elementor-widget-button\" data-id=\"9081e7f\" data-element_type=\"widget\" data-widget_type=\"button.default\">\n\t\t\t\t<div class=\"elementor-widget-container\">\n\t\t\t\t\t\t\t\t\t<div class=\"elementor-button-wrapper\">\n\t\t\t\t\t<a class=\"elementor-button elementor-button-link elementor-size-sm\" href=\"https:\/\/casinoreturn.com\/es\/casino-de-canada\/\">\n\t\t\t\t\t\t<span class=\"elementor-button-content-wrapper\">\n\t\t\t\t\t\t\t\t\t<span class=\"elementor-button-text\">Canada Casino - Apuestas deportivas y alternativas de casino en l\u00ednea<\/span>\n\t\t\t\t\t<\/span>\n\t\t\t\t\t<\/a>\n\t\t\t\t<\/div>\n\t\t\t\t\t\t\t\t<\/div>\n\t\t\t\t<\/div>\n\t\t\t\t<div class=\"elementor-element elementor-element-6f15be7 elementor-widget elementor-widget-image\" data-id=\"6f15be7\" data-element_type=\"widget\" data-widget_type=\"image.default\">\n\t\t\t\t<div class=\"elementor-widget-container\">\n\t\t\t\t\t\t\t\t\t\t\t\t\t\t\t<img fetchpriority=\"high\" decoding=\"async\" width=\"548\" height=\"300\" src=\"https:\/\/casinoreturn.com\/wp-content\/uploads\/2024\/12\/Alcohol-and-Gaming-Commission-of-Ontario.jpg\" class=\"attachment-large size-large wp-image-6360\" alt=\"Alcohol-and-Gaming-Commission-of-Ontario\" srcset=\"https:\/\/casinoreturn.com\/wp-content\/uploads\/2024\/12\/Alcohol-and-Gaming-Commission-of-Ontario.jpg 548w, https:\/\/casinoreturn.com\/wp-content\/uploads\/2024\/12\/Alcohol-and-Gaming-Commission-of-Ontario-300x164.jpg 300w\" sizes=\"(max-width: 548px) 100vw, 548px\" \/>\t\t\t\t\t\t\t\t\t\t\t\t\t\t\t<\/div>\n\t\t\t\t<\/div>\n\t\t\t\t<div class=\"elementor-element elementor-element-336ae12 elementor-widget elementor-widget-heading\" data-id=\"336ae12\" data-element_type=\"widget\" id=\"who\" data-widget_type=\"heading.default\">\n\t\t\t\t<div class=\"elementor-widget-container\">\n\t\t\t\t\t<h3 class=\"elementor-heading-title elementor-size-default\">\u00bfQui\u00e9n puede jugar en los casinos de Ontario?<\/h3>\t\t\t\t<\/div>\n\t\t\t\t<\/div>\n\t\t\t\t<div class=\"elementor-element elementor-element-6cea1ba elementor-widget elementor-widget-text-editor\" data-id=\"6cea1ba\" data-element_type=\"widget\" data-widget_type=\"text-editor.default\">\n\t\t\t\t<div class=\"elementor-widget-container\">\n\t\t\t\t\t\t\t\t\t<p>Los jugadores que utilicen los Casinos de Ontario deben presentar un documento de identidad legal. Tener m\u00e1s de 19 a\u00f1os. Deben residir en la provincia de Ontario. Un estricto proceso KYC es un requisito legal para operar en los Casinos Online de Ontario. La geolocalizaci\u00f3n de la residencia debe ser proporcionada por los jugadores re Documentaci\u00f3n legal como comprobante de domicilio, comprobante de M\u00e9todos de pago CAD$, Identificaci\u00f3n legal, Verificaci\u00f3n de correo electr\u00f3nico y domicilio.      <\/p>\n\t\t\t\t\t\t\t\t<\/div>\n\t\t\t\t<\/div>\n\t\t\t\t<div class=\"elementor-element elementor-element-8efa135 elementor-widget elementor-widget-heading\" data-id=\"8efa135\" data-element_type=\"widget\" data-widget_type=\"heading.default\">\n\t\t\t\t<div class=\"elementor-widget-container\">\n\t\t\t\t\t<h4 class=\"elementor-heading-title elementor-size-default\">\u00bfQu\u00e9 m\u00e9todos de pago se aceptan en los casinos online de Ontario?<\/h4>\t\t\t\t<\/div>\n\t\t\t\t<\/div>\n\t\t\t\t<div class=\"elementor-element elementor-element-9d2e2ad elementor-widget elementor-widget-text-editor\" data-id=\"9d2e2ad\" data-element_type=\"widget\" data-widget_type=\"text-editor.default\">\n\t\t\t\t<div class=\"elementor-widget-container\">\n\t\t\t\t\t\t\t\t\t<p>Ontario ha limitado sus m\u00e9todos de pago y ha excluido las criptomonedas. Es fundamental que compruebes primero si el casino de Ontario que has elegido tiene una licencia v\u00e1lida en Ontario (haz clic en el logotipo de la licencia y comprueba el n\u00famero y la validaci\u00f3n: las ovejas negras muestran una licencia pero no tienen una licencia v\u00e1lida).   <\/p>\n\t\t\t\t\t\t\t\t<\/div>\n\t\t\t\t<\/div>\n\t\t\t\t<div class=\"elementor-element elementor-element-7e6ad6e elementor-widget elementor-widget-text-editor\" data-id=\"7e6ad6e\" data-element_type=\"widget\" data-widget_type=\"text-editor.default\">\n\t\t\t\t<div class=\"elementor-widget-container\">\n\t\t\t\t\t\t\t\t\t<ul>\n<li>Monederos electr\u00f3nicos<\/li>\n<li>Tarjetas de d\u00e9bito  <\/li>\n<li>Transferencias bancarias online<\/li>\n<li>Tarjetas de prepago<\/li>\n<li><strong>Interac ( El m\u00e9todo de pago m\u00e1s popular de Ontario)<\/strong><\/li>\n<li>Instadebit<\/li>\n<\/ul>\n\t\t\t\t\t\t\t\t<\/div>\n\t\t\t\t<\/div>\n\t\t\t\t<div class=\"elementor-element elementor-element-98ea00d elementor-widget elementor-widget-heading\" data-id=\"98ea00d\" data-element_type=\"widget\" data-widget_type=\"heading.default\">\n\t\t\t\t<div class=\"elementor-widget-container\">\n\t\t\t\t\t<h4 class=\"elementor-heading-title elementor-size-default\">\u00bfQu\u00e9 juegos est\u00e1n autorizados en los casinos de Ontario?<\/h4>\t\t\t\t<\/div>\n\t\t\t\t<\/div>\n\t\t\t\t<div class=\"elementor-element elementor-element-f8e0ae3 elementor-widget elementor-widget-text-editor\" data-id=\"f8e0ae3\" data-element_type=\"widget\" data-widget_type=\"text-editor.default\">\n\t\t\t\t<div class=\"elementor-widget-container\">\n\t\t\t\t\t\t\t\t\t<p>Juegos con licencia legal en Ontario:<\/p>\n<ul>\n<li>Casino y Tragaperras  <\/li>\n<li>Apuestas deportivas y apuestas de carreras<\/li>\n<li>Loter\u00eda  <\/li>\n<li>Bingo<\/li>\n<\/ul>\n\t\t\t\t\t\t\t\t<\/div>\n\t\t\t\t<\/div>\n\t\t\t\t<div class=\"elementor-element elementor-element-67a6ce0 elementor-widget elementor-widget-heading\" data-id=\"67a6ce0\" data-element_type=\"widget\" id=\"topten\" data-widget_type=\"heading.default\">\n\t\t\t\t<div class=\"elementor-widget-container\">\n\t\t\t\t\t<h4 class=\"elementor-heading-title elementor-size-default\">Los 10 mejores casinos de Ontario - Casinos con licencia de Ontario<\/h4>\t\t\t\t<\/div>\n\t\t\t\t<\/div>\n\t\t<div class=\"elementor-element elementor-element-3d369fc e-flex e-con-boxed e-con e-child\" data-id=\"3d369fc\" data-element_type=\"container\" data-settings=\"{&quot;background_background&quot;:&quot;classic&quot;}\">\n\t\t\t\t\t<div class=\"e-con-inner\">\n\t\t\t\t<div class=\"elementor-element elementor-element-ce9e79b elementor-widget elementor-widget-image\" data-id=\"ce9e79b\" data-element_type=\"widget\" data-widget_type=\"image.default\">\n\t\t\t\t<div class=\"elementor-widget-container\">\n\t\t\t\t\t\t\t\t\t\t\t\t\t\t\t\t<a href=\"https:\/\/site.knightslots.com\/index.php?aname=slotstarscookiedough\" target=\"_blank\" rel=\"nofollow\">\n\t\t\t\t\t\t\t<img decoding=\"async\" src=\"https:\/\/casinoreturn.com\/wp-content\/uploads\/elementor\/thumbs\/knight-slots-casino-r2snv7434tcarz5s9r23sgqpqwcr7hq6i81txtjtms.png\" title=\"knight slots casino\" alt=\"knight slots casino\" loading=\"lazy\" \/>\t\t\t\t\t\t\t\t<\/a>\n\t\t\t\t\t\t\t\t\t\t\t\t\t\t\t<\/div>\n\t\t\t\t<\/div>\n\t\t\t\t<div class=\"elementor-element elementor-element-4985015 elementor-widget elementor-widget-heading\" data-id=\"4985015\" data-element_type=\"widget\" data-widget_type=\"heading.default\">\n\t\t\t\t<div class=\"elementor-widget-container\">\n\t\t\t\t\t<h4 class=\"elementor-heading-title elementor-size-default\"><a href=\"https:\/\/site.knightslots.com\/index.php?aname=slotstarscookiedough\" target=\"_blank\" rel=\"nofollow\">Knight Slots Casino Ontario<\/a><\/h4>\t\t\t\t<\/div>\n\t\t\t\t<\/div>\n\t\t\t\t<div class=\"elementor-element elementor-element-414ba18 elementor-widget elementor-widget-text-editor\" data-id=\"414ba18\" data-element_type=\"widget\" data-widget_type=\"text-editor.default\">\n\t\t\t\t<div class=\"elementor-widget-container\">\n\t\t\t\t\t\t\t\t\t<ul>\n<li>Licencia de juego de Ontario<\/li>\n<li>Bono de Bienvenida del Casino del 100% hasta 100 C$ + 50 FS en BOD<\/li>\n<li>Bono de buen casino Apuesta 30x  <\/li>\n<li>F\u00e1cil de navegar en el m\u00f3vil<\/li>\n<\/ul>\n\t\t\t\t\t\t\t\t<\/div>\n\t\t\t\t<\/div>\n\t\t\t\t<div class=\"elementor-element elementor-element-1add6c2 elementor-button-success elementor-align-center elementor-widget elementor-widget-button\" data-id=\"1add6c2\" data-element_type=\"widget\" data-widget_type=\"button.default\">\n\t\t\t\t<div class=\"elementor-widget-container\">\n\t\t\t\t\t\t\t\t\t<div class=\"elementor-button-wrapper\">\n\t\t\t\t\t<a class=\"elementor-button elementor-button-link elementor-size-sm\" href=\"https:\/\/site.knightslots.com\/index.php?aname=slotstarscookiedough\" target=\"_blank\" rel=\"nofollow\">\n\t\t\t\t\t\t<span class=\"elementor-button-content-wrapper\">\n\t\t\t\t\t\t\t\t\t<span class=\"elementor-button-text\">Reclamar bonificaci\u00f3n<\/span>\n\t\t\t\t\t<\/span>\n\t\t\t\t\t<\/a>\n\t\t\t\t<\/div>\n\t\t\t\t\t\t\t\t<\/div>\n\t\t\t\t<\/div>\n\t\t\t\t\t<\/div>\n\t\t\t\t<\/div>\n\t\t<div class=\"elementor-element elementor-element-069cd3c e-flex e-con-boxed e-con e-child\" data-id=\"069cd3c\" data-element_type=\"container\" data-settings=\"{&quot;background_background&quot;:&quot;classic&quot;}\">\n\t\t\t\t\t<div class=\"e-con-inner\">\n\t\t\t\t<div class=\"elementor-element elementor-element-d13329e elementor-widget elementor-widget-image\" data-id=\"d13329e\" data-element_type=\"widget\" data-widget_type=\"image.default\">\n\t\t\t\t<div class=\"elementor-widget-container\">\n\t\t\t\t\t\t\t\t\t\t\t\t\t\t\t<img decoding=\"async\" src=\"https:\/\/casinoreturn.com\/wp-content\/uploads\/elementor\/thumbs\/TonyBet-Sports-Betting-r1eg3fpu53a27qlbupycfxl1sclsvc5hnnnlt3cuhs.jpg\" title=\"TonyBet Sports Betting\" alt=\"TonyBet Sports Betting\" loading=\"lazy\" \/>\t\t\t\t\t\t\t\t\t\t\t\t\t\t\t<\/div>\n\t\t\t\t<\/div>\n\t\t\t\t<div class=\"elementor-element elementor-element-583b62f elementor-widget elementor-widget-heading\" data-id=\"583b62f\" data-element_type=\"widget\" data-widget_type=\"heading.default\">\n\t\t\t\t<div class=\"elementor-widget-container\">\n\t\t\t\t\t<h4 class=\"elementor-heading-title elementor-size-default\">ToniBet Casino y Apuestas Deportivas Ontario<\/h4>\t\t\t\t<\/div>\n\t\t\t\t<\/div>\n\t\t\t\t<div class=\"elementor-element elementor-element-16861cd elementor-widget elementor-widget-text-editor\" data-id=\"16861cd\" data-element_type=\"widget\" data-widget_type=\"text-editor.default\">\n\t\t\t\t<div class=\"elementor-widget-container\">\n\t\t\t\t\t\t\t\t\t<ul>\n<li>Licencia de juego de Ontario<\/li>\n<li>Bono de Bienvenida del Casino del 100% hasta C$350 + 50 FS en BOD<\/li>\n<li>Bono de buen casino Apuesta 30x  <\/li>\n<li>F\u00e1cil de navegar en el m\u00f3vil<\/li>\n<\/ul>\n\t\t\t\t\t\t\t\t<\/div>\n\t\t\t\t<\/div>\n\t\t\t\t<div class=\"elementor-element elementor-element-71fba47 elementor-button-success elementor-align-center elementor-widget elementor-widget-button\" data-id=\"71fba47\" data-element_type=\"widget\" data-widget_type=\"button.default\">\n\t\t\t\t<div class=\"elementor-widget-container\">\n\t\t\t\t\t\t\t\t\t<div class=\"elementor-button-wrapper\">\n\t\t\t\t\t<a class=\"elementor-button elementor-size-sm\" role=\"button\">\n\t\t\t\t\t\t<span class=\"elementor-button-content-wrapper\">\n\t\t\t\t\t\t\t\t\t<span class=\"elementor-button-text\">Reclamar bonificaci\u00f3n<\/span>\n\t\t\t\t\t<\/span>\n\t\t\t\t\t<\/a>\n\t\t\t\t<\/div>\n\t\t\t\t\t\t\t\t<\/div>\n\t\t\t\t<\/div>\n\t\t\t\t\t<\/div>\n\t\t\t\t<\/div>\n\t\t\t\t<\/div>\n\t\t<div class=\"elementor-element elementor-element-2cd1199 e-flex e-con-boxed e-con e-parent\" data-id=\"2cd1199\" data-element_type=\"container\">\n\t\t\t\t\t<div class=\"e-con-inner\">\n\t\t\t\t<div class=\"elementor-element elementor-element-87de80c elementor-widget elementor-widget-video\" data-id=\"87de80c\" data-element_type=\"widget\" data-settings=\"{&quot;youtube_url&quot;:&quot;https:\\\/\\\/www.youtube.com\\\/watch?v=XHOmBV4js_E&quot;,&quot;video_type&quot;:&quot;youtube&quot;,&quot;controls&quot;:&quot;yes&quot;}\" data-widget_type=\"video.default\">\n\t\t\t\t<div class=\"elementor-widget-container\">\n\t\t\t\t\t\t\t<div class=\"elementor-wrapper elementor-open-inline\">\n\t\t\t<div class=\"elementor-video\"><\/div>\t\t<\/div>\n\t\t\t\t\t\t<\/div>\n\t\t\t\t<\/div>\n\t\t\t\t\t<\/div>\n\t\t\t\t<\/div>\n\t\t\t\t<\/div>\n\t\t","protected":false},"excerpt":{"rendered":"<p>Ontario Casinos Canada &#8211; \u00bfQu\u00e9 necesitas saber? Autoridad y Reglamentos del Juego de Ontario. AGCO y OLG e iGaming Ontario \u00bfQu\u00e9 es la AGCO? AGCO son las siglas de Alcohol and Gaming Commission of Ontario (Comisi\u00f3n de Alcohol y Juego de Ontario), el organismo regulador que supervisa el alcohol, el juego y las carreras. \u00bfQu\u00e9 [&hellip;]<\/p>\n","protected":false},"author":1,"featured_media":0,"parent":0,"menu_order":0,"comment_status":"closed","ping_status":"closed","template":"","meta":{"footnotes":""},"class_list":["post-7919","page","type-page","status-publish","hentry"],"blocksy_meta":[],"acf":[],"yoast_head":"<!-- This site is optimized with the Yoast SEO plugin v24.1 - https:\/\/yoast.com\/wordpress\/plugins\/seo\/ -->\n<title>Ontario Casinos Canad\u00e1 - casinoreturn<\/title>\n<meta name=\"description\" content=\"Ontario Casinos Canada tiene una lista de casinos online con licencia de casino en Ontario. Averig\u00fcemos qui\u00e9n es qui\u00e9n en Ontario.\" \/>\n<meta name=\"robots\" content=\"index, follow, max-snippet:-1, max-image-preview:large, max-video-preview:-1\" \/>\n<link rel=\"canonical\" href=\"https:\/\/casinoreturn.com\/es\/ontario-casinos-canada\/\" \/>\n<meta property=\"og:locale\" content=\"es_ES\" \/>\n<meta property=\"og:type\" content=\"article\" \/>\n<meta property=\"og:title\" content=\"Ontario Casinos Canad\u00e1 - casinoreturn\" \/>\n<meta property=\"og:description\" content=\"Ontario Casinos Canada tiene una lista de casinos online con licencia de casino en Ontario. Averig\u00fcemos qui\u00e9n es qui\u00e9n en Ontario.\" \/>\n<meta property=\"og:url\" content=\"https:\/\/casinoreturn.com\/es\/ontario-casinos-canada\/\" \/>\n<meta property=\"og:site_name\" content=\"casinoreturn\" \/>\n<meta property=\"article:modified_time\" content=\"2025-03-13T17:11:01+00:00\" \/>\n<meta property=\"og:image\" content=\"https:\/\/casinoreturn.com\/wp-content\/uploads\/2024\/12\/Alcohol-and-Gaming-Commission-of-Ontario.jpg\" \/>\n\t<meta property=\"og:image:width\" content=\"548\" \/>\n\t<meta property=\"og:image:height\" content=\"300\" \/>\n\t<meta property=\"og:image:type\" content=\"image\/jpeg\" \/>\n<meta name=\"twitter:card\" content=\"summary_large_image\" \/>\n<meta name=\"twitter:label1\" content=\"Tiempo de lectura\" \/>\n\t<meta name=\"twitter:data1\" content=\"2 minutos\" \/>\n<script type=\"application\/ld+json\" class=\"yoast-schema-graph\">{\"@context\":\"https:\/\/schema.org\",\"@graph\":[{\"@type\":\"WebPage\",\"@id\":\"https:\/\/casinoreturn.com\/es\/ontario-casinos-canada\/\",\"url\":\"https:\/\/casinoreturn.com\/es\/ontario-casinos-canada\/\",\"name\":\"Ontario Casinos Canad\u00e1 - casinoreturn\",\"isPartOf\":{\"@id\":\"https:\/\/casinoreturn.com\/#website\"},\"primaryImageOfPage\":{\"@id\":\"https:\/\/casinoreturn.com\/es\/ontario-casinos-canada\/#primaryimage\"},\"image\":{\"@id\":\"https:\/\/casinoreturn.com\/es\/ontario-casinos-canada\/#primaryimage\"},\"thumbnailUrl\":\"https:\/\/casinoreturn.com\/wp-content\/uploads\/2024\/12\/Alcohol-and-Gaming-Commission-of-Ontario.jpg\",\"datePublished\":\"2024-11-11T14:31:40+00:00\",\"dateModified\":\"2025-03-13T17:11:01+00:00\",\"description\":\"Ontario Casinos Canada tiene una lista de casinos online con licencia de casino en Ontario. Averig\u00fcemos qui\u00e9n es qui\u00e9n en Ontario.\",\"breadcrumb\":{\"@id\":\"https:\/\/casinoreturn.com\/es\/ontario-casinos-canada\/#breadcrumb\"},\"inLanguage\":\"es\",\"potentialAction\":[{\"@type\":\"ReadAction\",\"target\":[\"https:\/\/casinoreturn.com\/es\/ontario-casinos-canada\/\"]}]},{\"@type\":\"ImageObject\",\"inLanguage\":\"es\",\"@id\":\"https:\/\/casinoreturn.com\/es\/ontario-casinos-canada\/#primaryimage\",\"url\":\"https:\/\/casinoreturn.com\/wp-content\/uploads\/2024\/12\/Alcohol-and-Gaming-Commission-of-Ontario.jpg\",\"contentUrl\":\"https:\/\/casinoreturn.com\/wp-content\/uploads\/2024\/12\/Alcohol-and-Gaming-Commission-of-Ontario.jpg\"},{\"@type\":\"BreadcrumbList\",\"@id\":\"https:\/\/casinoreturn.com\/es\/ontario-casinos-canada\/#breadcrumb\",\"itemListElement\":[{\"@type\":\"ListItem\",\"position\":1,\"name\":\"Home\",\"item\":\"https:\/\/casinoreturn.com\/es\/hogar\/\"},{\"@type\":\"ListItem\",\"position\":2,\"name\":\"Ontario Casinos Canad\u00e1\"}]},{\"@type\":\"WebSite\",\"@id\":\"https:\/\/casinoreturn.com\/#website\",\"url\":\"https:\/\/casinoreturn.com\/\",\"name\":\"casinoreturn\",\"description\":\"\",\"publisher\":{\"@id\":\"https:\/\/casinoreturn.com\/#organization\"},\"potentialAction\":[{\"@type\":\"SearchAction\",\"target\":{\"@type\":\"EntryPoint\",\"urlTemplate\":\"https:\/\/casinoreturn.com\/?s={search_term_string}\"},\"query-input\":{\"@type\":\"PropertyValueSpecification\",\"valueRequired\":true,\"valueName\":\"search_term_string\"}}],\"inLanguage\":\"es\"},{\"@type\":\"Organization\",\"@id\":\"https:\/\/casinoreturn.com\/#organization\",\"name\":\"casinoreturn\",\"url\":\"https:\/\/casinoreturn.com\/\",\"logo\":{\"@type\":\"ImageObject\",\"inLanguage\":\"es\",\"@id\":\"https:\/\/casinoreturn.com\/#\/schema\/logo\/image\/\",\"url\":\"https:\/\/casinoreturn.com\/wp-content\/uploads\/2024\/09\/animal-favicon.png\",\"contentUrl\":\"https:\/\/casinoreturn.com\/wp-content\/uploads\/2024\/09\/animal-favicon.png\",\"width\":92,\"height\":92,\"caption\":\"casinoreturn\"},\"image\":{\"@id\":\"https:\/\/casinoreturn.com\/#\/schema\/logo\/image\/\"}}]}<\/script>\n<!-- \/ Yoast SEO plugin. -->","yoast_head_json":{"title":"Ontario Casinos Canad\u00e1 - casinoreturn","description":"Ontario Casinos Canada tiene una lista de casinos online con licencia de casino en Ontario. Averig\u00fcemos qui\u00e9n es qui\u00e9n en Ontario.","robots":{"index":"index","follow":"follow","max-snippet":"max-snippet:-1","max-image-preview":"max-image-preview:large","max-video-preview":"max-video-preview:-1"},"canonical":"https:\/\/casinoreturn.com\/es\/ontario-casinos-canada\/","og_locale":"es_ES","og_type":"article","og_title":"Ontario Casinos Canad\u00e1 - casinoreturn","og_description":"Ontario Casinos Canada tiene una lista de casinos online con licencia de casino en Ontario. Averig\u00fcemos qui\u00e9n es qui\u00e9n en Ontario.","og_url":"https:\/\/casinoreturn.com\/es\/ontario-casinos-canada\/","og_site_name":"casinoreturn","article_modified_time":"2025-03-13T17:11:01+00:00","og_image":[{"width":548,"height":300,"url":"https:\/\/casinoreturn.com\/wp-content\/uploads\/2024\/12\/Alcohol-and-Gaming-Commission-of-Ontario.jpg","type":"image\/jpeg"}],"twitter_card":"summary_large_image","twitter_misc":{"Tiempo de lectura":"2 minutos"},"schema":{"@context":"https:\/\/schema.org","@graph":[{"@type":"WebPage","@id":"https:\/\/casinoreturn.com\/es\/ontario-casinos-canada\/","url":"https:\/\/casinoreturn.com\/es\/ontario-casinos-canada\/","name":"Ontario Casinos Canad\u00e1 - casinoreturn","isPartOf":{"@id":"https:\/\/casinoreturn.com\/#website"},"primaryImageOfPage":{"@id":"https:\/\/casinoreturn.com\/es\/ontario-casinos-canada\/#primaryimage"},"image":{"@id":"https:\/\/casinoreturn.com\/es\/ontario-casinos-canada\/#primaryimage"},"thumbnailUrl":"https:\/\/casinoreturn.com\/wp-content\/uploads\/2024\/12\/Alcohol-and-Gaming-Commission-of-Ontario.jpg","datePublished":"2024-11-11T14:31:40+00:00","dateModified":"2025-03-13T17:11:01+00:00","description":"Ontario Casinos Canada tiene una lista de casinos online con licencia de casino en Ontario. Averig\u00fcemos qui\u00e9n es qui\u00e9n en Ontario.","breadcrumb":{"@id":"https:\/\/casinoreturn.com\/es\/ontario-casinos-canada\/#breadcrumb"},"inLanguage":"es","potentialAction":[{"@type":"ReadAction","target":["https:\/\/casinoreturn.com\/es\/ontario-casinos-canada\/"]}]},{"@type":"ImageObject","inLanguage":"es","@id":"https:\/\/casinoreturn.com\/es\/ontario-casinos-canada\/#primaryimage","url":"https:\/\/casinoreturn.com\/wp-content\/uploads\/2024\/12\/Alcohol-and-Gaming-Commission-of-Ontario.jpg","contentUrl":"https:\/\/casinoreturn.com\/wp-content\/uploads\/2024\/12\/Alcohol-and-Gaming-Commission-of-Ontario.jpg"},{"@type":"BreadcrumbList","@id":"https:\/\/casinoreturn.com\/es\/ontario-casinos-canada\/#breadcrumb","itemListElement":[{"@type":"ListItem","position":1,"name":"Home","item":"https:\/\/casinoreturn.com\/es\/hogar\/"},{"@type":"ListItem","position":2,"name":"Ontario Casinos Canad\u00e1"}]},{"@type":"WebSite","@id":"https:\/\/casinoreturn.com\/#website","url":"https:\/\/casinoreturn.com\/","name":"casinoreturn","description":"","publisher":{"@id":"https:\/\/casinoreturn.com\/#organization"},"potentialAction":[{"@type":"SearchAction","target":{"@type":"EntryPoint","urlTemplate":"https:\/\/casinoreturn.com\/?s={search_term_string}"},"query-input":{"@type":"PropertyValueSpecification","valueRequired":true,"valueName":"search_term_string"}}],"inLanguage":"es"},{"@type":"Organization","@id":"https:\/\/casinoreturn.com\/#organization","name":"casinoreturn","url":"https:\/\/casinoreturn.com\/","logo":{"@type":"ImageObject","inLanguage":"es","@id":"https:\/\/casinoreturn.com\/#\/schema\/logo\/image\/","url":"https:\/\/casinoreturn.com\/wp-content\/uploads\/2024\/09\/animal-favicon.png","contentUrl":"https:\/\/casinoreturn.com\/wp-content\/uploads\/2024\/09\/animal-favicon.png","width":92,"height":92,"caption":"casinoreturn"},"image":{"@id":"https:\/\/casinoreturn.com\/#\/schema\/logo\/image\/"}}]}},"_links":{"self":[{"href":"https:\/\/casinoreturn.com\/es\/wp-json\/wp\/v2\/pages\/7919","targetHints":{"allow":["GET"]}}],"collection":[{"href":"https:\/\/casinoreturn.com\/es\/wp-json\/wp\/v2\/pages"}],"about":[{"href":"https:\/\/casinoreturn.com\/es\/wp-json\/wp\/v2\/types\/page"}],"author":[{"embeddable":true,"href":"https:\/\/casinoreturn.com\/es\/wp-json\/wp\/v2\/users\/1"}],"replies":[{"embeddable":true,"href":"https:\/\/casinoreturn.com\/es\/wp-json\/wp\/v2\/comments?post=7919"}],"version-history":[{"count":5,"href":"https:\/\/casinoreturn.com\/es\/wp-json\/wp\/v2\/pages\/7919\/revisions"}],"predecessor-version":[{"id":11350,"href":"https:\/\/casinoreturn.com\/es\/wp-json\/wp\/v2\/pages\/7919\/revisions\/11350"}],"wp:attachment":[{"href":"https:\/\/casinoreturn.com\/es\/wp-json\/wp\/v2\/media?parent=7919"}],"curies":[{"name":"wp","href":"https:\/\/api.w.org\/{rel}","templated":true}]}}