{"id":12481,"date":"2024-09-10T11:38:04","date_gmt":"2024-09-10T11:38:04","guid":{"rendered":"https:\/\/casinoreturn.com\/tietosuojakaytanto\/"},"modified":"2025-03-21T09:36:34","modified_gmt":"2025-03-21T09:36:34","slug":"tietosuojakaytanto","status":"publish","type":"page","link":"https:\/\/casinoreturn.com\/fi\/tietosuojakaytanto\/","title":{"rendered":"Tietosuojak\u00e4yt\u00e4nt\u00f6"},"content":{"rendered":"\t\t<div data-elementor-type=\"wp-page\" data-elementor-id=\"12481\" class=\"elementor elementor-12481\" data-elementor-post-type=\"page\">\n\t\t\t\t<div class=\"elementor-element elementor-element-1857f910 e-flex e-con-boxed e-con e-parent\" data-id=\"1857f910\" data-element_type=\"container\">\n\t\t\t\t\t<div class=\"e-con-inner\">\n\t\t\t\t<div class=\"elementor-element elementor-element-3d53ec11 elementor-widget elementor-widget-text-editor\" data-id=\"3d53ec11\" data-element_type=\"widget\" data-widget_type=\"text-editor.default\">\n\t\t\t\t<div class=\"elementor-widget-container\">\n\t\t\t\t\t\t\t\t\t<h2 class=\"wp-block-heading\">Keit\u00e4 me olemme<\/h2>\n<p><b><a href=\"https:\/\/towerhouseaffiliates.net\/\">Tower House Affiliates<\/a><\/b><\/p>\n<h2 class=\"wp-block-heading\">Kommentit<\/h2>\n<p>Kun k\u00e4vij\u00e4t j\u00e4tt\u00e4v\u00e4t kommentteja sivustolle, ker\u00e4\u00e4mme kommenttilomakkeessa n\u00e4kyv\u00e4t tiedot, k\u00e4vij\u00e4n IP-osoitteen ja selaimen k\u00e4ytt\u00e4j\u00e4agenttijonon roskapostin havaitsemiseksi.<\/p>\n<p>Gravatar-palvelulle voidaan toimittaa s\u00e4hk\u00f6postiosoitteestasi luotu anonyymi merkkijono (jota kutsutaan my\u00f6s hashiksi), jotta voidaan n\u00e4hd\u00e4, k\u00e4yt\u00e4tk\u00f6 sit\u00e4. Gravatar-palvelun tietosuojak\u00e4yt\u00e4nt\u00f6 on saatavilla t\u00e4\u00e4ll\u00e4: https:\/\/automattic.com\/privacy\/. Kun kommenttisi on hyv\u00e4ksytty, profiilikuvasi n\u00e4kyy yleis\u00f6lle kommenttisi yhteydess\u00e4. <strong class=\"privacy-policy-tutorial\"> <\/strong>Jos lataat kuvia verkkosivustolle, sinun on v\u00e4ltett\u00e4v\u00e4 upotettujen sijaintitietojen (EXIF GPS) k\u00e4ytt\u00f6\u00e4. Vierailijat voivat ladata ja poimia sijaintitietoja verkkosivuston kuvista.<\/p>\n<h2 class=\"wp-block-heading\">Ev\u00e4steet<\/h2>\n<p>Jos j\u00e4t\u00e4t kommentin sivustollemme, voit halutessasi tallentaa nimesi, s\u00e4hk\u00f6postiosoitteesi ja verkkosivustosi ev\u00e4steisiin. N\u00e4m\u00e4 ev\u00e4steet kest\u00e4v\u00e4t yhden vuoden, ja ne on tarkoitettu sinulle, jotta sinun ei tarvitse t\u00e4ytt\u00e4\u00e4 tietojasi uudelleen, kun j\u00e4t\u00e4t uuden kommentin.<\/p>\n<p>Jos k\u00e4yt kirjautumissivullamme, asetamme v\u00e4liaikaisen ev\u00e4steen m\u00e4\u00e4ritt\u00e4\u00e4ksemme, hyv\u00e4ksyyk\u00f6 selaimesi ev\u00e4steet. T\u00e4m\u00e4 ev\u00e4ste ei sis\u00e4ll\u00e4 henkil\u00f6tietoja, ja se h\u00e4vitet\u00e4\u00e4n, kun suljet selaimesi. <\/p>\n<p>Kun kirjaudut sis\u00e4\u00e4n, asetamme useita ev\u00e4steit\u00e4 tallentaaksemme kirjautumistietosi ja n\u00e4ytt\u00f6valintasi. Sis\u00e4\u00e4nkirjautumisev\u00e4steet kest\u00e4v\u00e4t kaksi p\u00e4iv\u00e4\u00e4, ja n\u00e4ytt\u00f6asetusten ev\u00e4steet kest\u00e4v\u00e4t vuoden. Jos valitset &#8221;Muista minut&#8221;, kirjautumisesi s\u00e4ilyy kaksi viikkoa. Jos kirjaudut ulos tililt\u00e4si, kirjautumisev\u00e4steet poistetaan.<\/p>\n<p>Jos muokkaat tai julkaiset artikkelin, selaimeesi tallennetaan toinen ev\u00e4ste. T\u00e4m\u00e4 ev\u00e4ste ei sis\u00e4ll\u00e4 henkil\u00f6tietoja, ja se ilmoittaa juuri muokkaamasi artikkelin postitustunnuksen. Se vanhenee 1 p\u00e4iv\u00e4n kuluttua.<\/p>\n<h2 class=\"wp-block-heading\">Muiden verkkosivustojen upotettu sis\u00e4lt\u00f6<\/h2>\n<p>T\u00e4m\u00e4n sivuston artikkelit voivat sis\u00e4lt\u00e4\u00e4 upotettua sis\u00e4lt\u00f6\u00e4 (esim. videoita, kuvia, artikkeleita jne.). Muiden verkkosivustojen upotettu sis\u00e4lt\u00f6 k\u00e4ytt\u00e4ytyy t\u00e4sm\u00e4lleen samalla tavalla kuin jos k\u00e4vij\u00e4 olisi vieraillut toisella verkkosivustolla.<\/p>\n<p>N\u00e4m\u00e4 verkkosivustot voivat ker\u00e4t\u00e4 tietoja sinusta, k\u00e4ytt\u00e4\u00e4 ev\u00e4steit\u00e4, upottaa kolmannen osapuolen lis\u00e4seurantaa ja seurata vuorovaikutustasi upotetun sis\u00e4ll\u00f6n kanssa, mukaan lukien vuorovaikutuksen seuraaminen upotetun sis\u00e4ll\u00f6n kanssa, jos sinulla on tili ja olet kirjautunut sis\u00e4\u00e4n kyseiselle verkkosivustolle.<\/p>\n<h2 class=\"wp-block-heading\">Kenen kanssa jaamme tietojasi<\/h2>\n<p>Jos pyyd\u00e4t salasanan palautusta, IP-osoitteesi sis\u00e4llytet\u00e4\u00e4n palautuss\u00e4hk\u00f6postiin.<\/p>\n<h2 class=\"wp-block-heading\">Kuinka kauan s\u00e4ilyt\u00e4mme tietojasi<\/h2>\n<p>Jos j\u00e4t\u00e4t kommentin, kommentti ja sen metatiedot s\u00e4ilytet\u00e4\u00e4n loputtomiin. N\u00e4in voimme automaattisesti tunnistaa ja hyv\u00e4ksy\u00e4 kaikki seurantakommentit sen sijaan, ett\u00e4 pit\u00e4isimme niit\u00e4 moderointijonossa.<\/p>\n<p>Tallennamme verkkosivustolle rekister\u00f6ityneiden k\u00e4ytt\u00e4jien (jos sellaisia on) antamat henkil\u00f6tiedot heid\u00e4n k\u00e4ytt\u00e4j\u00e4profiileihinsa. Kaikki k\u00e4ytt\u00e4j\u00e4t voivat milloin tahansa n\u00e4hd\u00e4, muokata tai poistaa henkil\u00f6kohtaisia tietojaan (paitsi ett\u00e4 he eiv\u00e4t voi muuttaa k\u00e4ytt\u00e4j\u00e4tunnustaan). Verkkosivuston yll\u00e4pit\u00e4j\u00e4t voivat my\u00f6s n\u00e4hd\u00e4 ja muokata n\u00e4it\u00e4 tietoja.<\/p>\n<h2 class=\"wp-block-heading\">Mit\u00e4 oikeuksia sinulla on tietojesi suhteen<\/h2>\n<p>Jos sinulla on tili t\u00e4ll\u00e4 sivustolla tai olet j\u00e4tt\u00e4nyt kommentteja, voit pyyt\u00e4\u00e4, ett\u00e4 sinulle l\u00e4hetet\u00e4\u00e4n tiedosto sinusta hallussamme olevista henkil\u00f6tiedoista, mukaan lukien kaikki meille antamasi tiedot. Voit my\u00f6s pyyt\u00e4\u00e4, ett\u00e4 poistamme hallussamme olevat henkil\u00f6tietosi. T\u00e4m\u00e4 ei sis\u00e4ll\u00e4 tietoja, jotka meid\u00e4n on s\u00e4ilytett\u00e4v\u00e4 hallinnollisista, oikeudellisista tai turvallisuussyist\u00e4.<\/p>\n<h2 class=\"wp-block-heading\">Minne tietosi l\u00e4hetet\u00e4\u00e4n<\/h2>\n<p>Vierailijoiden kommentit voidaan tarkistaa automaattisen roskapostin havaitsemispalvelun avulla.<\/p>\n\t\t\t\t\t\t\t\t<\/div>\n\t\t\t\t<\/div>\n\t\t\t\t\t<\/div>\n\t\t\t\t<\/div>\n\t\t\t\t<\/div>\n\t\t","protected":false},"excerpt":{"rendered":"<p>Keit\u00e4 me olemme Tower House Affiliates Kommentit Kun k\u00e4vij\u00e4t j\u00e4tt\u00e4v\u00e4t kommentteja sivustolle, ker\u00e4\u00e4mme kommenttilomakkeessa n\u00e4kyv\u00e4t tiedot, k\u00e4vij\u00e4n IP-osoitteen ja selaimen k\u00e4ytt\u00e4j\u00e4agenttijonon roskapostin havaitsemiseksi. Gravatar-palvelulle voidaan toimittaa s\u00e4hk\u00f6postiosoitteestasi luotu anonyymi merkkijono (jota kutsutaan my\u00f6s hashiksi), jotta voidaan n\u00e4hd\u00e4, k\u00e4yt\u00e4tk\u00f6 sit\u00e4. Gravatar-palvelun tietosuojak\u00e4yt\u00e4nt\u00f6 on saatavilla t\u00e4\u00e4ll\u00e4: https:\/\/automattic.com\/privacy\/. Kun kommenttisi on hyv\u00e4ksytty, profiilikuvasi n\u00e4kyy yleis\u00f6lle kommenttisi yhteydess\u00e4. Jos [&hellip;]<\/p>\n","protected":false},"author":1,"featured_media":0,"parent":0,"menu_order":0,"comment_status":"closed","ping_status":"closed","template":"","meta":{"footnotes":""},"class_list":["post-12481","page","type-page","status-publish","hentry"],"blocksy_meta":[],"acf":[],"yoast_head":"<!-- This site is optimized with the Yoast SEO plugin v24.1 - https:\/\/yoast.com\/wordpress\/plugins\/seo\/ -->\n<title>Tietosuojak\u00e4yt\u00e4nt\u00f6 - casinoreturn<\/title>\n<meta name=\"robots\" content=\"index, follow, max-snippet:-1, max-image-preview:large, max-video-preview:-1\" \/>\n<link rel=\"canonical\" href=\"https:\/\/casinoreturn.com\/fi\/tietosuojakaytanto\/\" \/>\n<meta property=\"og:locale\" content=\"fi_FI\" \/>\n<meta property=\"og:type\" content=\"article\" \/>\n<meta property=\"og:title\" content=\"Tietosuojak\u00e4yt\u00e4nt\u00f6 - casinoreturn\" \/>\n<meta property=\"og:description\" content=\"Keit\u00e4 me olemme Tower House Affiliates Kommentit Kun k\u00e4vij\u00e4t j\u00e4tt\u00e4v\u00e4t kommentteja sivustolle, ker\u00e4\u00e4mme kommenttilomakkeessa n\u00e4kyv\u00e4t tiedot, k\u00e4vij\u00e4n IP-osoitteen ja selaimen k\u00e4ytt\u00e4j\u00e4agenttijonon roskapostin havaitsemiseksi. Gravatar-palvelulle voidaan toimittaa s\u00e4hk\u00f6postiosoitteestasi luotu anonyymi merkkijono (jota kutsutaan my\u00f6s hashiksi), jotta voidaan n\u00e4hd\u00e4, k\u00e4yt\u00e4tk\u00f6 sit\u00e4. Gravatar-palvelun tietosuojak\u00e4yt\u00e4nt\u00f6 on saatavilla t\u00e4\u00e4ll\u00e4: https:\/\/automattic.com\/privacy\/. Kun kommenttisi on hyv\u00e4ksytty, profiilikuvasi n\u00e4kyy yleis\u00f6lle kommenttisi yhteydess\u00e4. Jos [&hellip;]\" \/>\n<meta property=\"og:url\" content=\"https:\/\/casinoreturn.com\/fi\/tietosuojakaytanto\/\" \/>\n<meta property=\"og:site_name\" content=\"casinoreturn\" \/>\n<meta property=\"article:modified_time\" content=\"2025-03-21T09:36:34+00:00\" \/>\n<meta name=\"twitter:card\" content=\"summary_large_image\" \/>\n<meta name=\"twitter:label1\" content=\"Arvioitu lukuaika\" \/>\n\t<meta name=\"twitter:data1\" content=\"3 minuuttia\" \/>\n<script type=\"application\/ld+json\" class=\"yoast-schema-graph\">{\"@context\":\"https:\/\/schema.org\",\"@graph\":[{\"@type\":\"WebPage\",\"@id\":\"https:\/\/casinoreturn.com\/fi\/tietosuojakaytanto\/\",\"url\":\"https:\/\/casinoreturn.com\/fi\/tietosuojakaytanto\/\",\"name\":\"Tietosuojak\u00e4yt\u00e4nt\u00f6 - casinoreturn\",\"isPartOf\":{\"@id\":\"https:\/\/casinoreturn.com\/#website\"},\"datePublished\":\"2024-09-10T11:38:04+00:00\",\"dateModified\":\"2025-03-21T09:36:34+00:00\",\"breadcrumb\":{\"@id\":\"https:\/\/casinoreturn.com\/fi\/tietosuojakaytanto\/#breadcrumb\"},\"inLanguage\":\"fi\",\"potentialAction\":[{\"@type\":\"ReadAction\",\"target\":[\"https:\/\/casinoreturn.com\/fi\/tietosuojakaytanto\/\"]}]},{\"@type\":\"BreadcrumbList\",\"@id\":\"https:\/\/casinoreturn.com\/fi\/tietosuojakaytanto\/#breadcrumb\",\"itemListElement\":[{\"@type\":\"ListItem\",\"position\":1,\"name\":\"Home\",\"item\":\"https:\/\/casinoreturn.com\/fi\/home\/\"},{\"@type\":\"ListItem\",\"position\":2,\"name\":\"Tietosuojak\u00e4yt\u00e4nt\u00f6\"}]},{\"@type\":\"WebSite\",\"@id\":\"https:\/\/casinoreturn.com\/#website\",\"url\":\"https:\/\/casinoreturn.com\/\",\"name\":\"casinoreturn\",\"description\":\"\",\"publisher\":{\"@id\":\"https:\/\/casinoreturn.com\/#organization\"},\"potentialAction\":[{\"@type\":\"SearchAction\",\"target\":{\"@type\":\"EntryPoint\",\"urlTemplate\":\"https:\/\/casinoreturn.com\/?s={search_term_string}\"},\"query-input\":{\"@type\":\"PropertyValueSpecification\",\"valueRequired\":true,\"valueName\":\"search_term_string\"}}],\"inLanguage\":\"fi\"},{\"@type\":\"Organization\",\"@id\":\"https:\/\/casinoreturn.com\/#organization\",\"name\":\"casinoreturn\",\"url\":\"https:\/\/casinoreturn.com\/\",\"logo\":{\"@type\":\"ImageObject\",\"inLanguage\":\"fi\",\"@id\":\"https:\/\/casinoreturn.com\/#\/schema\/logo\/image\/\",\"url\":\"https:\/\/casinoreturn.com\/wp-content\/uploads\/2024\/09\/animal-favicon.png\",\"contentUrl\":\"https:\/\/casinoreturn.com\/wp-content\/uploads\/2024\/09\/animal-favicon.png\",\"width\":92,\"height\":92,\"caption\":\"casinoreturn\"},\"image\":{\"@id\":\"https:\/\/casinoreturn.com\/#\/schema\/logo\/image\/\"}}]}<\/script>\n<!-- \/ Yoast SEO plugin. -->","yoast_head_json":{"title":"Tietosuojak\u00e4yt\u00e4nt\u00f6 - casinoreturn","robots":{"index":"index","follow":"follow","max-snippet":"max-snippet:-1","max-image-preview":"max-image-preview:large","max-video-preview":"max-video-preview:-1"},"canonical":"https:\/\/casinoreturn.com\/fi\/tietosuojakaytanto\/","og_locale":"fi_FI","og_type":"article","og_title":"Tietosuojak\u00e4yt\u00e4nt\u00f6 - casinoreturn","og_description":"Keit\u00e4 me olemme Tower House Affiliates Kommentit Kun k\u00e4vij\u00e4t j\u00e4tt\u00e4v\u00e4t kommentteja sivustolle, ker\u00e4\u00e4mme kommenttilomakkeessa n\u00e4kyv\u00e4t tiedot, k\u00e4vij\u00e4n IP-osoitteen ja selaimen k\u00e4ytt\u00e4j\u00e4agenttijonon roskapostin havaitsemiseksi. Gravatar-palvelulle voidaan toimittaa s\u00e4hk\u00f6postiosoitteestasi luotu anonyymi merkkijono (jota kutsutaan my\u00f6s hashiksi), jotta voidaan n\u00e4hd\u00e4, k\u00e4yt\u00e4tk\u00f6 sit\u00e4. Gravatar-palvelun tietosuojak\u00e4yt\u00e4nt\u00f6 on saatavilla t\u00e4\u00e4ll\u00e4: https:\/\/automattic.com\/privacy\/. Kun kommenttisi on hyv\u00e4ksytty, profiilikuvasi n\u00e4kyy yleis\u00f6lle kommenttisi yhteydess\u00e4. Jos [&hellip;]","og_url":"https:\/\/casinoreturn.com\/fi\/tietosuojakaytanto\/","og_site_name":"casinoreturn","article_modified_time":"2025-03-21T09:36:34+00:00","twitter_card":"summary_large_image","twitter_misc":{"Arvioitu lukuaika":"3 minuuttia"},"schema":{"@context":"https:\/\/schema.org","@graph":[{"@type":"WebPage","@id":"https:\/\/casinoreturn.com\/fi\/tietosuojakaytanto\/","url":"https:\/\/casinoreturn.com\/fi\/tietosuojakaytanto\/","name":"Tietosuojak\u00e4yt\u00e4nt\u00f6 - casinoreturn","isPartOf":{"@id":"https:\/\/casinoreturn.com\/#website"},"datePublished":"2024-09-10T11:38:04+00:00","dateModified":"2025-03-21T09:36:34+00:00","breadcrumb":{"@id":"https:\/\/casinoreturn.com\/fi\/tietosuojakaytanto\/#breadcrumb"},"inLanguage":"fi","potentialAction":[{"@type":"ReadAction","target":["https:\/\/casinoreturn.com\/fi\/tietosuojakaytanto\/"]}]},{"@type":"BreadcrumbList","@id":"https:\/\/casinoreturn.com\/fi\/tietosuojakaytanto\/#breadcrumb","itemListElement":[{"@type":"ListItem","position":1,"name":"Home","item":"https:\/\/casinoreturn.com\/fi\/home\/"},{"@type":"ListItem","position":2,"name":"Tietosuojak\u00e4yt\u00e4nt\u00f6"}]},{"@type":"WebSite","@id":"https:\/\/casinoreturn.com\/#website","url":"https:\/\/casinoreturn.com\/","name":"casinoreturn","description":"","publisher":{"@id":"https:\/\/casinoreturn.com\/#organization"},"potentialAction":[{"@type":"SearchAction","target":{"@type":"EntryPoint","urlTemplate":"https:\/\/casinoreturn.com\/?s={search_term_string}"},"query-input":{"@type":"PropertyValueSpecification","valueRequired":true,"valueName":"search_term_string"}}],"inLanguage":"fi"},{"@type":"Organization","@id":"https:\/\/casinoreturn.com\/#organization","name":"casinoreturn","url":"https:\/\/casinoreturn.com\/","logo":{"@type":"ImageObject","inLanguage":"fi","@id":"https:\/\/casinoreturn.com\/#\/schema\/logo\/image\/","url":"https:\/\/casinoreturn.com\/wp-content\/uploads\/2024\/09\/animal-favicon.png","contentUrl":"https:\/\/casinoreturn.com\/wp-content\/uploads\/2024\/09\/animal-favicon.png","width":92,"height":92,"caption":"casinoreturn"},"image":{"@id":"https:\/\/casinoreturn.com\/#\/schema\/logo\/image\/"}}]}},"_links":{"self":[{"href":"https:\/\/casinoreturn.com\/fi\/wp-json\/wp\/v2\/pages\/12481","targetHints":{"allow":["GET"]}}],"collection":[{"href":"https:\/\/casinoreturn.com\/fi\/wp-json\/wp\/v2\/pages"}],"about":[{"href":"https:\/\/casinoreturn.com\/fi\/wp-json\/wp\/v2\/types\/page"}],"author":[{"embeddable":true,"href":"https:\/\/casinoreturn.com\/fi\/wp-json\/wp\/v2\/users\/1"}],"replies":[{"embeddable":true,"href":"https:\/\/casinoreturn.com\/fi\/wp-json\/wp\/v2\/comments?post=12481"}],"version-history":[{"count":1,"href":"https:\/\/casinoreturn.com\/fi\/wp-json\/wp\/v2\/pages\/12481\/revisions"}],"predecessor-version":[{"id":12482,"href":"https:\/\/casinoreturn.com\/fi\/wp-json\/wp\/v2\/pages\/12481\/revisions\/12482"}],"wp:attachment":[{"href":"https:\/\/casinoreturn.com\/fi\/wp-json\/wp\/v2\/media?parent=12481"}],"curies":[{"name":"wp","href":"https:\/\/api.w.org\/{rel}","templated":true}]}}