{"id":15913,"date":"2025-10-11T18:19:15","date_gmt":"2025-10-11T18:19:15","guid":{"rendered":"https:\/\/casinoreturn.com\/new-yorkin-arpajaiset-kasinot\/"},"modified":"2025-10-31T13:54:43","modified_gmt":"2025-10-31T13:54:43","slug":"new-yorkin-arpajaiset-kasinot","status":"publish","type":"page","link":"https:\/\/casinoreturn.com\/fi\/new-yorkin-arpajaiset-kasinot\/","title":{"rendered":"NEW YORKIN ARPAJAISET KASINOT"},"content":{"rendered":"\t\t<div data-elementor-type=\"wp-page\" data-elementor-id=\"15913\" class=\"elementor elementor-15913\" data-elementor-post-type=\"page\">\n\t\t\t\t<div class=\"elementor-element elementor-element-5891e80 e-con-full e-flex e-con e-parent\" data-id=\"5891e80\" data-element_type=\"container\">\n\t\t\t\t<div class=\"elementor-element elementor-element-de3f704 elementor-widget elementor-widget-heading\" data-id=\"de3f704\" data-element_type=\"widget\" data-widget_type=\"heading.default\">\n\t\t\t\t<div class=\"elementor-widget-container\">\n\t\t\t\t\t<h3 class=\"elementor-heading-title elementor-size-default\">New Yorkin arpajaiset kasinot<\/h3>\t\t\t\t<\/div>\n\t\t\t\t<\/div>\n\t\t\t\t<div class=\"elementor-element elementor-element-aca02a0 elementor-widget elementor-widget-image\" data-id=\"aca02a0\" data-element_type=\"widget\" data-widget_type=\"image.default\">\n\t\t\t\t<div class=\"elementor-widget-container\">\n\t\t\t\t\t\t\t\t\t\t\t\t\t\t\t<img decoding=\"async\" src=\"https:\/\/casinoreturn.com\/wp-content\/uploads\/elementor\/thumbs\/New-York-Sweepstake-Casinos-rd23wzpasemxcohkego565ha06m5qbetcnhfh3ocrs.jpg\" title=\"New York reports betting record\" alt=\"New York reports betting record\" loading=\"lazy\" \/>\t\t\t\t\t\t\t\t\t\t\t\t\t\t\t<\/div>\n\t\t\t\t<\/div>\n\t\t\t\t<div class=\"elementor-element elementor-element-8f2674d elementor-widget elementor-widget-text-editor\" data-id=\"8f2674d\" data-element_type=\"widget\" data-widget_type=\"text-editor.default\">\n\t\t\t\t<div class=\"elementor-widget-container\">\n\t\t\t\t\t\t\t\t\t<p>New Yorkin arvontakasinot vuonna 2025 eiv\u00e4t ole varsinaisesti runsaita ja helppoja valita. Mutta olemme kuitenkin listanneet hyv\u00e4n kourallisen ehdokkaita New Yorkin luotetuista kasinoista vuonna 2025.  <\/p>\n<p>Mit\u00e4 tied\u00e4mme toistaiseksi New Yorkin nykytilanteesta ja mit\u00e4 s\u00e4\u00e4nn\u00f6ksi\u00e4 on annettu.  <\/p>\n<p><strong>T\u00e4ss\u00e4 artikkelissa <\/strong><\/p>\n<ul>\n<li>Ovatko Arpajaiset kasinot laillisia New Yorkissa?  <\/li>\n<li>Onko urheiluvedonly\u00f6nti laillista New Yorkissa<\/li>\n<li>Maalla sijaitsevat kasinot New Yorkissa<\/li>\n<li>\n<h5><strong>Luettelo Sweepstake kasinot<\/strong><\/h5>\n<\/li>\n<li>Mit\u00e4 eroa on sosiaalisilla kasinoilla ja oikean rahan kasinoilla?  <\/li>\n<li>UKK Arpajaiset kasinot New Yorkissa<\/li>\n<\/ul>\n\t\t\t\t\t\t\t\t<\/div>\n\t\t\t\t<\/div>\n\t\t\t\t<div class=\"elementor-element elementor-element-27fe264 elementor-widget elementor-widget-heading\" data-id=\"27fe264\" data-element_type=\"widget\" data-widget_type=\"heading.default\">\n\t\t\t\t<div class=\"elementor-widget-container\">\n\t\t\t\t\t<h3 class=\"elementor-heading-title elementor-size-default\">Ovatko arvontakasinot laillisia New Yorkissa?<\/h3>\t\t\t\t<\/div>\n\t\t\t\t<\/div>\n\t\t\t\t<div class=\"elementor-element elementor-element-c74cf1b elementor-widget elementor-widget-text-editor\" data-id=\"c74cf1b\" data-element_type=\"widget\" data-widget_type=\"text-editor.default\">\n\t\t\t\t<div class=\"elementor-widget-container\">\n\t\t\t\t\t\t\t\t\t<p>Arpajaiskasinot on julistettu laittomiksi New Yorkissa. New Yorkin osavaltio hyv\u00e4ksyy ja sallii <a href=\"https:\/\/casinoreturn.com\/sweep-stake-casino-return-usa\/#social\">sosiaaliset kasinot<\/a>. Mik\u00e4 tarkoittaa, ett\u00e4 kunnes oikean rahan kasinot ovat sallittuja tai sosiaaliset kasinot pysyv\u00e4t ainoana vaihtoehtona online-operaattoreille.  <\/p>\n<p>New Yorkin oikeusministeri Letiticia James ilmoitti 6. kes\u00e4kuuta 2025, ett\u00e4 kaikkien New Yorkissa toimivien arpajaiskasinoiden on lopetettava toimintansa. T\u00e4ll\u00e4 nopealla liikkeell\u00e4 New Yorkin pelikomissio ja valtakunnansyytt\u00e4j\u00e4nvirasto ovat sulkeneet oven olemassa oleville verkkoalustoille New Yorkissa, Yhdysvalloissa. T\u00e4h\u00e4n kuuluu virtuaalisten kolikoiden tarjoaminen kasinoilla, joissa pelaajat voivat lunastaa kultakolikoita ja premium-kolikoita k\u00e4teist\u00e4 tai k\u00e4teispalkintoja vastaan.  <\/p>\n<h5><strong>Mit\u00e4 asianajajan toimistosta sanottiin?  <\/strong><\/h5>\n<p>Lainaten l\u00e4hdett\u00e4 syytt\u00e4j\u00e4nvirastosta <strong>&#8221;N\u00e4m\u00e4 niin sanotut &#8217;arvontapelit&#8217; ovat h\u00e4ik\u00e4ilem\u00e4tt\u00f6mi\u00e4, turvattomia ja laittomia&#8221;, sanoi New Yorkin osavaltion pelikomission puheenjohtaja Brian O&#8217;Dwyer<\/strong>. Ja edelleen <strong>: &#8221;Olen puhunut kovaan \u00e4\u00e4neen tarpeesta puuttua n\u00e4ihin operaatioihin, ja olen innoissani siit\u00e4, ett\u00e4 oikeusministeri James on ottanut t\u00e4m\u00e4n merkitt\u00e4v\u00e4n askeleen laittomien uhkapelimarkkinoiden kitkemiseksi. Kannustamme t\u00e4ysi-ik\u00e4isi\u00e4, jotka haluavat pelata uhkapelej\u00e4, tekem\u00e4\u00e4n sen laillisten toimijoiden kanssa.&#8221;<\/strong><\/p>\n<p><img decoding=\"async\" class=\"alignnone size-medium wp-image-14813\" src=\"https:\/\/casinoreturn.com\/wp-content\/uploads\/2025\/10\/Sweep-stake-casino-return-300x166.jpg\" alt=\"Sweep panos kasino palautus\" width=\"300\" height=\"166\" srcset=\"https:\/\/casinoreturn.com\/wp-content\/uploads\/2025\/10\/Sweep-stake-casino-return-300x166.jpg 300w, https:\/\/casinoreturn.com\/wp-content\/uploads\/2025\/10\/Sweep-stake-casino-return-768x424.jpg 768w, https:\/\/casinoreturn.com\/wp-content\/uploads\/2025\/10\/Sweep-stake-casino-return.jpg 906w\" sizes=\"(max-width: 300px) 100vw, 300px\" \/><\/p>\n<p>Pelikomissio totesi ja ilmoitti kirjeess\u00e4, ett\u00e4 kaikki toiminta on lopetettava v\u00e4litt\u00f6m\u00e4sti. New Yorkissa 26:lle arvontoja tarjoavalle toimijalle ilmoitettiin asiasta, ja niit\u00e4 kiellettiin jatkamasta arvontoja.  <\/p>\n\t\t\t\t\t\t\t\t<\/div>\n\t\t\t\t<\/div>\n\t\t\t\t<div class=\"elementor-element elementor-element-4f8688c elementor-widget elementor-widget-heading\" data-id=\"4f8688c\" data-element_type=\"widget\" data-widget_type=\"heading.default\">\n\t\t\t\t<div class=\"elementor-widget-container\">\n\t\t\t\t\t<h3 class=\"elementor-heading-title elementor-size-default\">Onko urheiluvedonly\u00f6nti laillista New Yorkissa?<\/h3>\t\t\t\t<\/div>\n\t\t\t\t<\/div>\n\t\t\t\t<div class=\"elementor-element elementor-element-b79cd76 elementor-widget elementor-widget-text-editor\" data-id=\"b79cd76\" data-element_type=\"widget\" data-widget_type=\"text-editor.default\">\n\t\t\t\t<div class=\"elementor-widget-container\">\n\t\t\t\t\t\t\t\t\t<p>Urheiluvedonly\u00f6nti New Yorkissa on laillista mutta eritt\u00e4in rajoitettua valtavilla kilpailumarkkinoilla. Alle tusina tuotemerkkej\u00e4 on p\u00e4\u00e4ssyt mukaan New Yorkin urheiluvedonly\u00f6nnin edist\u00e4miseen. V\u00e4hitt\u00e4isurheiluvedonly\u00f6nnin tarjoajille on annettu mahdollisuus parantaa tarjontaansa online-vedonly\u00f6nnin avulla tammikuusta 2022 l\u00e4htien. T\u00e4ss\u00e4 on joitakin v\u00e4hitt\u00e4ismyyji\u00e4 ja online-vedonly\u00f6ntiliikkeit\u00e4  <\/p>\n<ul>\n<li>FanDuel<\/li>\n<li>Draft Kings<\/li>\n<li>Ceasars<\/li>\n<li>Fanaatikot<\/li>\n<li>NetMGM<\/li>\n<\/ul>\n<p>New Yorkin osavaltiosta tuli yksi ensimm\u00e4isist\u00e4 Yhdysvaltojen osavaltioista, joka kielsi rahapelit perustuslailla vuonna 1821. Kuitenkin 2oo vuotta my\u00f6hemmin ja monien taistelujen j\u00e4lkeen yhdysvaltalainen tuomioistuin p\u00e4\u00e4tti kumota kiellon. Laki ammatti- ja amat\u00f6\u00f6riurheilun suojelemisesta vuonna 2018.  <\/p>\n<h4>T\u00e4rke\u00e4\u00e4 tiet\u00e4\u00e4  <\/h4>\n<p>Vedonly\u00f6nti suurissa liigoissa, kuten NFL:ss\u00e4, NBA:ssa, MLB:ss\u00e4 ja NHL:ss\u00e4, on sallittua ja sit\u00e4 tuetaan mobiilisovelluksilla. Vedonly\u00f6nti sis\u00e4lt\u00e4\u00e4 suosituimmat urheilulajit, kuten nyrkkeilyverkot, golf, tennisvedot, yleisurheilu, mailaurheiluvedonly\u00f6nti ja moottoriurheiluvedonly\u00f6nti, NASCAR, Formula1 ja perinteinen Indycar.  <\/p>\n<p><strong>Vaikka urheiluvedonly\u00f6nti on sallittua New Yorkissa, New Yorkin osavaltion k\u00e4ytt\u00e4j\u00e4 EI voi ly\u00f6d\u00e4 vetoa osavaltion sis\u00e4isist\u00e4 collegejoukkueista tai osavaltiossa j\u00e4rjestett\u00e4vist\u00e4 college-urheilutapahtumista.  <\/strong><\/p>\n\t\t\t\t\t\t\t\t<\/div>\n\t\t\t\t<\/div>\n\t\t\t\t<div class=\"elementor-element elementor-element-17d76fd elementor-widget elementor-widget-heading\" data-id=\"17d76fd\" data-element_type=\"widget\" data-widget_type=\"heading.default\">\n\t\t\t\t<div class=\"elementor-widget-container\">\n\t\t\t\t\t<h3 class=\"elementor-heading-title elementor-size-default\">Maalla sijaitsevat kasinot New Yorkissa  <\/h3>\t\t\t\t<\/div>\n\t\t\t\t<\/div>\n\t\t\t\t<div class=\"elementor-element elementor-element-7ad66ec elementor-widget elementor-widget-text-editor\" data-id=\"7ad66ec\" data-element_type=\"widget\" data-widget_type=\"text-editor.default\">\n\t\t\t\t<div class=\"elementor-widget-container\">\n\t\t\t\t\t\t\t\t\t<p>Uhkapelaaminen New Yorkin maalla sijaitsevilla kasinoilla jatkuu edelleen ja vet\u00e4\u00e4 puoleensa suuria ihmisjoukkoja. T\u00e4ss\u00e4 ovat parhaat kasinot, joihin kannattaa menn\u00e4.  <\/p>\n<ul>\n<li class=\"BK5CCe cS4Vcb-pGL6qe-fwJd0c\">Resorts World New York City<\/li>\n<li class=\"BK5CCe cS4Vcb-pGL6qe-fwJd0c\"><span class=\"OSrXXb\">Turning Stone Resort Casino<\/span><\/li>\n<li class=\"BK5CCe cS4Vcb-pGL6qe-fwJd0c\">Empire City Casin<\/li>\n<li class=\"BK5CCe cS4Vcb-pGL6qe-fwJd0c\">Tioga Downs Casino Resort<\/li>\n<li class=\"BK5CCe cS4Vcb-pGL6qe-fwJd0c\">Resorts World Catskills<\/li>\n<li class=\"BK5CCe cS4Vcb-pGL6qe-fwJd0c\">Resorts World Hudson Valley<\/li>\n<li class=\"BK5CCe cS4Vcb-pGL6qe-fwJd0c\">Rivers Casino ja lomakeskus Schenecttady<\/li>\n<li class=\"BK5CCe cS4Vcb-pGL6qe-fwJd0c\">Del Lago Resort Casino<\/li>\n<li class=\"BK5CCe cS4Vcb-pGL6qe-fwJd0c\">Big Deal Speakeasy Casino tapahtumat<\/li>\n<li class=\"BK5CCe cS4Vcb-pGL6qe-fwJd0c\">Mount Airy Casino Resort  <\/li>\n<\/ul>\n<div class=\"VkpGBb\"> <\/div>\n\t\t\t\t\t\t\t\t<\/div>\n\t\t\t\t<\/div>\n\t\t\t\t<div class=\"elementor-element elementor-element-1abca4d elementor-widget elementor-widget-heading\" data-id=\"1abca4d\" data-element_type=\"widget\" data-widget_type=\"heading.default\">\n\t\t\t\t<div class=\"elementor-widget-container\">\n\t\t\t\t\t<h3 class=\"elementor-heading-title elementor-size-default\">Luettelo New Yorkin arvontakasinoista  <\/h3>\t\t\t\t<\/div>\n\t\t\t\t<\/div>\n\t\t\t\t<div class=\"elementor-element elementor-element-b17d3ef elementor-widget elementor-widget-text-editor\" data-id=\"b17d3ef\" data-element_type=\"widget\" data-widget_type=\"text-editor.default\">\n\t\t\t\t<div class=\"elementor-widget-container\">\n\t\t\t\t\t\t\t\t\t<p>Virallisesti NewYorkin osavaltiossa ei ole en\u00e4\u00e4 tarjouksia Sweepstake-kasinoille.<\/p>\n<p>T\u00e4ss\u00e4 on kuitenkin aakkosj\u00e4rjestyksess\u00e4 luettelo ilmoitetuista verkkoalustoista, joille asianajajan toimisto on ilmoittanut 6. kes\u00e4kuuta 2025 lopettavansa toiminnan New Yorkissa.<\/p>\n<table>\n<tbody>\n<tr>\n<td>Baba Casino<\/td>\n<\/tr>\n<tr>\n<td>Casino.Click<\/td>\n<\/tr>\n<tr>\n<td>Klubit Casino<\/td>\n<\/tr>\n<tr>\n<td>CrownCoins Casino<\/td>\n<\/tr>\n<tr>\n<td>Dara Casino<\/td>\n<\/tr>\n<tr>\n<td>Funrize<\/td>\n<\/tr>\n<tr>\n<td>Kulta-aarre<\/td>\n<\/tr>\n<tr>\n<td>HelloMillions<\/td>\n<\/tr>\n<tr>\n<td>High5 Casino<\/td>\n<\/tr>\n<tr>\n<td>Jackpota<\/td>\n<\/tr>\n<tr>\n<td>Legendz<\/td>\n<\/tr>\n<tr>\n<td>Luckybird<\/td>\n<\/tr>\n<tr>\n<td>McLuck<\/td>\n<\/tr>\n<tr>\n<td>MegaBonanza<\/td>\n<\/tr>\n<tr>\n<td>Mega Frenzy<\/td>\n<\/tr>\n<tr>\n<td>Moozi<\/td>\n<\/tr>\n<tr>\n<td>MyPrize<\/td>\n<\/tr>\n<tr>\n<td>NoLimitCoins<\/td>\n<\/tr>\n<tr>\n<td>PlayFame<\/td>\n<\/tr>\n<tr>\n<td>Pulsz<\/td>\n<\/tr>\n<tr>\n<td>RealPrize<\/td>\n<\/tr>\n<tr>\n<td>Rolling Riches<\/td>\n<\/tr>\n<tr>\n<td>Sidepot<\/td>\n<\/tr>\n<tr>\n<td>Spinfinite<\/td>\n<\/tr>\n<tr>\n<td>Spree<\/td>\n<\/tr>\n<tr>\n<td>Seiv\u00e4st\u00e4j\u00e4<\/td>\n<\/tr>\n<tr>\n<td>Rahatehdas<\/td>\n<\/tr>\n<tr>\n<td>WowVegas<\/td>\n<\/tr>\n<\/tbody>\n<\/table><\/p>\n\t\t\t\t\t\t\t\t<\/div>\n\t\t\t\t<\/div>\n\t\t\t\t<div class=\"elementor-element elementor-element-443895b elementor-widget elementor-widget-heading\" data-id=\"443895b\" data-element_type=\"widget\" data-widget_type=\"heading.default\">\n\t\t\t\t<div class=\"elementor-widget-container\">\n\t\t\t\t\t<h3 class=\"elementor-heading-title elementor-size-default\">FAQs Arpajaiset kasinot New York, US<\/h3>\t\t\t\t<\/div>\n\t\t\t\t<\/div>\n\t\t\t\t<div class=\"elementor-element elementor-element-7e9db5d elementor-widget elementor-widget-elementskit-faq\" data-id=\"7e9db5d\" data-element_type=\"widget\" data-widget_type=\"elementskit-faq.default\">\n\t\t\t\t<div class=\"elementor-widget-container\">\n\t\t\t\t\t<div class=\"ekit-wid-con\" >\n                <div class=\"elementskit-single-faq elementor-repeater-item-60fad0d\">\n            <div class=\"elementskit-faq-header\">\n                <h2 class=\"elementskit-faq-title\">Are Sweepstake casinos legal in New York? <\/h2>\n            <\/div>\n            <div class=\"elementskit-faq-body\">\n                In 6th June 2025 The Attorney General Office of New York issued notice to all 26 identified online operators, offering Sweepstakes. With immediate effect, those notified had to cease operation and advertising. Social Casinos are still allowed and have been in growing demand.             <\/div>\n        <\/div>\n                <div class=\"elementskit-single-faq elementor-repeater-item-0e454e7\">\n            <div class=\"elementskit-faq-header\">\n                <h2 class=\"elementskit-faq-title\">How old do I need to be to gamble?<\/h2>\n            <\/div>\n            <div class=\"elementskit-faq-body\">\n                The legal gambling age in New York is 21 Years and older.             <\/div>\n        <\/div>\n                <div class=\"elementskit-single-faq elementor-repeater-item-3ba07aa\">\n            <div class=\"elementskit-faq-header\">\n                <h2 class=\"elementskit-faq-title\">How can I place Sports betting in New New York?<\/h2>\n            <\/div>\n            <div class=\"elementskit-faq-body\">\n                Sports Betting in New York is legal in New York, however with some restrictions. Retailers can operate and since 2022 those with a granted licence are allowed to offer mobile apps for betting.             <\/div>\n        <\/div>\n                \n    <\/div>\t\t\t\t<\/div>\n\t\t\t\t<\/div>\n\t\t\t\t<\/div>\n\t\t\t\t<\/div>\n\t\t","protected":false},"excerpt":{"rendered":"<p>New Yorkin arpajaiset kasinot New Yorkin arvontakasinot vuonna 2025 eiv\u00e4t ole varsinaisesti runsaita ja helppoja valita. Mutta olemme kuitenkin listanneet hyv\u00e4n kourallisen ehdokkaita New Yorkin luotetuista kasinoista vuonna 2025. Mit\u00e4 tied\u00e4mme toistaiseksi New Yorkin nykytilanteesta ja mit\u00e4 s\u00e4\u00e4nn\u00f6ksi\u00e4 on annettu. T\u00e4ss\u00e4 artikkelissa Ovatko Arpajaiset kasinot laillisia New Yorkissa? Onko urheiluvedonly\u00f6nti laillista New Yorkissa Maalla sijaitsevat [&hellip;]<\/p>\n","protected":false},"author":1,"featured_media":15156,"parent":0,"menu_order":0,"comment_status":"closed","ping_status":"closed","template":"","meta":{"footnotes":""},"class_list":["post-15913","page","type-page","status-publish","has-post-thumbnail","hentry"],"blocksy_meta":[],"acf":[],"yoast_head":"<!-- This site is optimized with the Yoast SEO plugin v24.1 - https:\/\/yoast.com\/wordpress\/plugins\/seo\/ -->\n<title>NEW YORKIN ARPAJAISET KASINOT - casinoreturn<\/title>\n<meta name=\"description\" content=\"NEW YORK SWEEPSTAKE CASINOS AND WHAT IS TO KNOW ABOUT GOLDCOINS AND CO. T\u00c4YDELLINEN OPPAAMME SOSIAALISISTA PALVELUISTA JA ARVONNOISTA.\" \/>\n<meta name=\"robots\" content=\"index, follow, max-snippet:-1, max-image-preview:large, max-video-preview:-1\" \/>\n<link rel=\"canonical\" href=\"https:\/\/casinoreturn.com\/fi\/new-yorkin-arpajaiset-kasinot\/\" \/>\n<meta property=\"og:locale\" content=\"fi_FI\" \/>\n<meta property=\"og:type\" content=\"article\" \/>\n<meta property=\"og:title\" content=\"NEW YORKIN ARPAJAISET KASINOT - casinoreturn\" \/>\n<meta property=\"og:description\" content=\"NEW YORK SWEEPSTAKE CASINOS AND WHAT IS TO KNOW ABOUT GOLDCOINS AND CO. T\u00c4YDELLINEN OPPAAMME SOSIAALISISTA PALVELUISTA JA ARVONNOISTA.\" \/>\n<meta property=\"og:url\" content=\"https:\/\/casinoreturn.com\/fi\/new-yorkin-arpajaiset-kasinot\/\" \/>\n<meta property=\"og:site_name\" content=\"casinoreturn\" \/>\n<meta property=\"article:modified_time\" content=\"2025-10-31T13:54:43+00:00\" \/>\n<meta property=\"og:image\" content=\"https:\/\/casinoreturn.com\/wp-content\/uploads\/2025\/10\/New-York-Sweepstake-Casinos.jpg\" \/>\n\t<meta property=\"og:image:width\" content=\"1280\" \/>\n\t<meta property=\"og:image:height\" content=\"1280\" \/>\n\t<meta property=\"og:image:type\" content=\"image\/jpeg\" \/>\n<meta name=\"twitter:card\" content=\"summary_large_image\" \/>\n<meta name=\"twitter:label1\" content=\"Arvioitu lukuaika\" \/>\n\t<meta name=\"twitter:data1\" content=\"4 minuuttia\" \/>\n<script type=\"application\/ld+json\" class=\"yoast-schema-graph\">{\"@context\":\"https:\/\/schema.org\",\"@graph\":[{\"@type\":\"WebPage\",\"@id\":\"https:\/\/casinoreturn.com\/fi\/new-yorkin-arpajaiset-kasinot\/\",\"url\":\"https:\/\/casinoreturn.com\/fi\/new-yorkin-arpajaiset-kasinot\/\",\"name\":\"NEW YORKIN ARPAJAISET KASINOT - casinoreturn\",\"isPartOf\":{\"@id\":\"https:\/\/casinoreturn.com\/#website\"},\"primaryImageOfPage\":{\"@id\":\"https:\/\/casinoreturn.com\/fi\/new-yorkin-arpajaiset-kasinot\/#primaryimage\"},\"image\":{\"@id\":\"https:\/\/casinoreturn.com\/fi\/new-yorkin-arpajaiset-kasinot\/#primaryimage\"},\"thumbnailUrl\":\"https:\/\/casinoreturn.com\/wp-content\/uploads\/2025\/10\/New-York-Sweepstake-Casinos.jpg\",\"datePublished\":\"2025-10-11T18:19:15+00:00\",\"dateModified\":\"2025-10-31T13:54:43+00:00\",\"description\":\"NEW YORK SWEEPSTAKE CASINOS AND WHAT IS TO KNOW ABOUT GOLDCOINS AND CO. T\u00c4YDELLINEN OPPAAMME SOSIAALISISTA PALVELUISTA JA ARVONNOISTA.\",\"breadcrumb\":{\"@id\":\"https:\/\/casinoreturn.com\/fi\/new-yorkin-arpajaiset-kasinot\/#breadcrumb\"},\"inLanguage\":\"fi\",\"potentialAction\":[{\"@type\":\"ReadAction\",\"target\":[\"https:\/\/casinoreturn.com\/fi\/new-yorkin-arpajaiset-kasinot\/\"]}]},{\"@type\":\"ImageObject\",\"inLanguage\":\"fi\",\"@id\":\"https:\/\/casinoreturn.com\/fi\/new-yorkin-arpajaiset-kasinot\/#primaryimage\",\"url\":\"https:\/\/casinoreturn.com\/wp-content\/uploads\/2025\/10\/New-York-Sweepstake-Casinos.jpg\",\"contentUrl\":\"https:\/\/casinoreturn.com\/wp-content\/uploads\/2025\/10\/New-York-Sweepstake-Casinos.jpg\",\"width\":1280,\"height\":1280,\"caption\":\"New York Sweepstake Casinos\"},{\"@type\":\"BreadcrumbList\",\"@id\":\"https:\/\/casinoreturn.com\/fi\/new-yorkin-arpajaiset-kasinot\/#breadcrumb\",\"itemListElement\":[{\"@type\":\"ListItem\",\"position\":1,\"name\":\"Home\",\"item\":\"https:\/\/casinoreturn.com\/fi\/home\/\"},{\"@type\":\"ListItem\",\"position\":2,\"name\":\"NEW YORKIN ARPAJAISET KASINOT\"}]},{\"@type\":\"WebSite\",\"@id\":\"https:\/\/casinoreturn.com\/#website\",\"url\":\"https:\/\/casinoreturn.com\/\",\"name\":\"casinoreturn\",\"description\":\"\",\"publisher\":{\"@id\":\"https:\/\/casinoreturn.com\/#organization\"},\"potentialAction\":[{\"@type\":\"SearchAction\",\"target\":{\"@type\":\"EntryPoint\",\"urlTemplate\":\"https:\/\/casinoreturn.com\/?s={search_term_string}\"},\"query-input\":{\"@type\":\"PropertyValueSpecification\",\"valueRequired\":true,\"valueName\":\"search_term_string\"}}],\"inLanguage\":\"fi\"},{\"@type\":\"Organization\",\"@id\":\"https:\/\/casinoreturn.com\/#organization\",\"name\":\"casinoreturn\",\"url\":\"https:\/\/casinoreturn.com\/\",\"logo\":{\"@type\":\"ImageObject\",\"inLanguage\":\"fi\",\"@id\":\"https:\/\/casinoreturn.com\/#\/schema\/logo\/image\/\",\"url\":\"https:\/\/casinoreturn.com\/wp-content\/uploads\/2024\/09\/animal-favicon.png\",\"contentUrl\":\"https:\/\/casinoreturn.com\/wp-content\/uploads\/2024\/09\/animal-favicon.png\",\"width\":92,\"height\":92,\"caption\":\"casinoreturn\"},\"image\":{\"@id\":\"https:\/\/casinoreturn.com\/#\/schema\/logo\/image\/\"}}]}<\/script>\n<!-- \/ Yoast SEO plugin. -->","yoast_head_json":{"title":"NEW YORKIN ARPAJAISET KASINOT - casinoreturn","description":"NEW YORK SWEEPSTAKE CASINOS AND WHAT IS TO KNOW ABOUT GOLDCOINS AND CO. T\u00c4YDELLINEN OPPAAMME SOSIAALISISTA PALVELUISTA JA ARVONNOISTA.","robots":{"index":"index","follow":"follow","max-snippet":"max-snippet:-1","max-image-preview":"max-image-preview:large","max-video-preview":"max-video-preview:-1"},"canonical":"https:\/\/casinoreturn.com\/fi\/new-yorkin-arpajaiset-kasinot\/","og_locale":"fi_FI","og_type":"article","og_title":"NEW YORKIN ARPAJAISET KASINOT - casinoreturn","og_description":"NEW YORK SWEEPSTAKE CASINOS AND WHAT IS TO KNOW ABOUT GOLDCOINS AND CO. T\u00c4YDELLINEN OPPAAMME SOSIAALISISTA PALVELUISTA JA ARVONNOISTA.","og_url":"https:\/\/casinoreturn.com\/fi\/new-yorkin-arpajaiset-kasinot\/","og_site_name":"casinoreturn","article_modified_time":"2025-10-31T13:54:43+00:00","og_image":[{"width":1280,"height":1280,"url":"https:\/\/casinoreturn.com\/wp-content\/uploads\/2025\/10\/New-York-Sweepstake-Casinos.jpg","type":"image\/jpeg"}],"twitter_card":"summary_large_image","twitter_misc":{"Arvioitu lukuaika":"4 minuuttia"},"schema":{"@context":"https:\/\/schema.org","@graph":[{"@type":"WebPage","@id":"https:\/\/casinoreturn.com\/fi\/new-yorkin-arpajaiset-kasinot\/","url":"https:\/\/casinoreturn.com\/fi\/new-yorkin-arpajaiset-kasinot\/","name":"NEW YORKIN ARPAJAISET KASINOT - casinoreturn","isPartOf":{"@id":"https:\/\/casinoreturn.com\/#website"},"primaryImageOfPage":{"@id":"https:\/\/casinoreturn.com\/fi\/new-yorkin-arpajaiset-kasinot\/#primaryimage"},"image":{"@id":"https:\/\/casinoreturn.com\/fi\/new-yorkin-arpajaiset-kasinot\/#primaryimage"},"thumbnailUrl":"https:\/\/casinoreturn.com\/wp-content\/uploads\/2025\/10\/New-York-Sweepstake-Casinos.jpg","datePublished":"2025-10-11T18:19:15+00:00","dateModified":"2025-10-31T13:54:43+00:00","description":"NEW YORK SWEEPSTAKE CASINOS AND WHAT IS TO KNOW ABOUT GOLDCOINS AND CO. T\u00c4YDELLINEN OPPAAMME SOSIAALISISTA PALVELUISTA JA ARVONNOISTA.","breadcrumb":{"@id":"https:\/\/casinoreturn.com\/fi\/new-yorkin-arpajaiset-kasinot\/#breadcrumb"},"inLanguage":"fi","potentialAction":[{"@type":"ReadAction","target":["https:\/\/casinoreturn.com\/fi\/new-yorkin-arpajaiset-kasinot\/"]}]},{"@type":"ImageObject","inLanguage":"fi","@id":"https:\/\/casinoreturn.com\/fi\/new-yorkin-arpajaiset-kasinot\/#primaryimage","url":"https:\/\/casinoreturn.com\/wp-content\/uploads\/2025\/10\/New-York-Sweepstake-Casinos.jpg","contentUrl":"https:\/\/casinoreturn.com\/wp-content\/uploads\/2025\/10\/New-York-Sweepstake-Casinos.jpg","width":1280,"height":1280,"caption":"New York Sweepstake Casinos"},{"@type":"BreadcrumbList","@id":"https:\/\/casinoreturn.com\/fi\/new-yorkin-arpajaiset-kasinot\/#breadcrumb","itemListElement":[{"@type":"ListItem","position":1,"name":"Home","item":"https:\/\/casinoreturn.com\/fi\/home\/"},{"@type":"ListItem","position":2,"name":"NEW YORKIN ARPAJAISET KASINOT"}]},{"@type":"WebSite","@id":"https:\/\/casinoreturn.com\/#website","url":"https:\/\/casinoreturn.com\/","name":"casinoreturn","description":"","publisher":{"@id":"https:\/\/casinoreturn.com\/#organization"},"potentialAction":[{"@type":"SearchAction","target":{"@type":"EntryPoint","urlTemplate":"https:\/\/casinoreturn.com\/?s={search_term_string}"},"query-input":{"@type":"PropertyValueSpecification","valueRequired":true,"valueName":"search_term_string"}}],"inLanguage":"fi"},{"@type":"Organization","@id":"https:\/\/casinoreturn.com\/#organization","name":"casinoreturn","url":"https:\/\/casinoreturn.com\/","logo":{"@type":"ImageObject","inLanguage":"fi","@id":"https:\/\/casinoreturn.com\/#\/schema\/logo\/image\/","url":"https:\/\/casinoreturn.com\/wp-content\/uploads\/2024\/09\/animal-favicon.png","contentUrl":"https:\/\/casinoreturn.com\/wp-content\/uploads\/2024\/09\/animal-favicon.png","width":92,"height":92,"caption":"casinoreturn"},"image":{"@id":"https:\/\/casinoreturn.com\/#\/schema\/logo\/image\/"}}]}},"_links":{"self":[{"href":"https:\/\/casinoreturn.com\/fi\/wp-json\/wp\/v2\/pages\/15913","targetHints":{"allow":["GET"]}}],"collection":[{"href":"https:\/\/casinoreturn.com\/fi\/wp-json\/wp\/v2\/pages"}],"about":[{"href":"https:\/\/casinoreturn.com\/fi\/wp-json\/wp\/v2\/types\/page"}],"author":[{"embeddable":true,"href":"https:\/\/casinoreturn.com\/fi\/wp-json\/wp\/v2\/users\/1"}],"replies":[{"embeddable":true,"href":"https:\/\/casinoreturn.com\/fi\/wp-json\/wp\/v2\/comments?post=15913"}],"version-history":[{"count":1,"href":"https:\/\/casinoreturn.com\/fi\/wp-json\/wp\/v2\/pages\/15913\/revisions"}],"predecessor-version":[{"id":15914,"href":"https:\/\/casinoreturn.com\/fi\/wp-json\/wp\/v2\/pages\/15913\/revisions\/15914"}],"wp:featuredmedia":[{"embeddable":true,"href":"https:\/\/casinoreturn.com\/fi\/wp-json\/wp\/v2\/media\/15156"}],"wp:attachment":[{"href":"https:\/\/casinoreturn.com\/fi\/wp-json\/wp\/v2\/media?parent=15913"}],"curies":[{"name":"wp","href":"https:\/\/api.w.org\/{rel}","templated":true}]}}