{"id":15965,"date":"2025-10-20T11:35:56","date_gmt":"2025-10-20T11:35:56","guid":{"rendered":"https:\/\/casinoreturn.com\/arpajaiset-kasinot-virginia\/"},"modified":"2025-10-31T14:09:56","modified_gmt":"2025-10-31T14:09:56","slug":"arpajaiset-kasinot-virginia","status":"publish","type":"page","link":"https:\/\/casinoreturn.com\/fi\/arpajaiset-kasinot-virginia\/","title":{"rendered":"Arpajaiset kasinot Virginia"},"content":{"rendered":"\t\t<div data-elementor-type=\"wp-page\" data-elementor-id=\"15965\" class=\"elementor elementor-15965\" data-elementor-post-type=\"page\">\n\t\t\t\t<div class=\"elementor-element elementor-element-047734d e-con-full e-flex e-con e-parent\" data-id=\"047734d\" data-element_type=\"container\">\n\t\t\t\t<div class=\"elementor-element elementor-element-1de28d0 elementor-widget elementor-widget-heading\" data-id=\"1de28d0\" data-element_type=\"widget\" data-widget_type=\"heading.default\">\n\t\t\t\t<div class=\"elementor-widget-container\">\n\t\t\t\t\t<h2 class=\"elementor-heading-title elementor-size-default\">Arpajaiset kasinot Virginia<\/h2>\t\t\t\t<\/div>\n\t\t\t\t<\/div>\n\t\t\t\t<div class=\"elementor-element elementor-element-84aa821 elementor-widget elementor-widget-text-editor\" data-id=\"84aa821\" data-element_type=\"widget\" data-widget_type=\"text-editor.default\">\n\t\t\t\t<div class=\"elementor-widget-container\">\n\t\t\t\t\t\t\t\t\t<p>Arpajaiset kasinot Virginiassa eiv\u00e4t ole uhkapelej\u00e4, koska ne ovat ilmaisen sis\u00e4\u00e4np\u00e4\u00e4syn reittimalli. Muut osavaltiot, kuten New York ja Kalifornia, ovat ottaneet tiukemman kannan arpajaiskasinoihin. Lue lis\u00e4\u00e4 <a href=\"https:\/\/casinoreturn.com\/fi\/new-yorkin-arpajaiset-kasinot\/\">New Yorkista ja sen nykyisest\u00e4 oikeudellisesta l\u00e4hestymistavasta arpajaiskasinoihin<\/a>. Ja t\u00e4ss\u00e4 on t\u00e4ydellinen katsaus <a href=\"https:\/\/casinoreturn.com\/california-bans-social-sweepstake-games\/\">Kalifornian suhtautumisesta voittopalkintokasinoihin<\/a>.<\/p>\n<p><img fetchpriority=\"high\" decoding=\"async\" class=\"alignnone size-medium wp-image-15603\" src=\"https:\/\/casinoreturn.com\/wp-content\/uploads\/2025\/10\/Sweepstake-Casinos-in-Virginia-300x300.png\" alt=\"Arpajaiset kasinot Virginia\" width=\"300\" height=\"300\" srcset=\"https:\/\/casinoreturn.com\/wp-content\/uploads\/2025\/10\/Sweepstake-Casinos-in-Virginia-300x300.png 300w, https:\/\/casinoreturn.com\/wp-content\/uploads\/2025\/10\/Sweepstake-Casinos-in-Virginia-150x150.png 150w, https:\/\/casinoreturn.com\/wp-content\/uploads\/2025\/10\/Sweepstake-Casinos-in-Virginia-768x768.png 768w, https:\/\/casinoreturn.com\/wp-content\/uploads\/2025\/10\/Sweepstake-Casinos-in-Virginia.png 1024w\" sizes=\"(max-width: 300px) 100vw, 300px\" \/><\/p>\n<p>T\u00e4ss\u00e4 artikkelissa:  <\/p>\n<ul>\n<li><a href=\"https:\/\/casinoreturn.com\/fi\/arpajaiset-kasinot-virginia\/#virginia\">Arpajaiset Virginiassa  <\/a><\/li>\n<li><a href=\"https:\/\/casinoreturn.com\/fi\/arpajaiset-kasinot-virginia\/#sport\">Urheiluvedonly\u00f6nti Virginiassa  <\/a><\/li>\n<li><a href=\"https:\/\/casinoreturn.com\/fi\/arpajaiset-kasinot-virginia\/#list\">Luettelo Sweepstake kasinot Virginia  <\/a><\/li>\n<li><a href=\"https:\/\/casinoreturn.com\/fi\/arpajaiset-kasinot-virginia\/#land\">Maalla Real Monay kasinot Viginia<\/a><\/li>\n<li><a href=\"https:\/\/casinoreturn.com\/fi\/arpajaiset-kasinot-virginia\/#faq\">FQA:n arvonnat Virginiassa<\/a><\/li>\n<\/ul>\n\t\t\t\t\t\t\t\t<\/div>\n\t\t\t\t<\/div>\n\t\t\t\t<div class=\"elementor-element elementor-element-8978e42 elementor-widget elementor-widget-heading\" data-id=\"8978e42\" data-element_type=\"widget\" data-widget_type=\"heading.default\">\n\t\t\t\t<div class=\"elementor-widget-container\">\n\t\t\t\t\t<h3 class=\"elementor-heading-title elementor-size-default\">Arpajaiset Virginiassa<\/h3>\t\t\t\t<\/div>\n\t\t\t\t<\/div>\n\t\t\t\t<div class=\"elementor-element elementor-element-48ec529 elementor-widget elementor-widget-text-editor\" data-id=\"48ec529\" data-element_type=\"widget\" id=\"virginia\" data-widget_type=\"text-editor.default\">\n\t\t\t\t<div class=\"elementor-widget-container\">\n\t\t\t\t\t\t\t\t\t<p>Arpajaiset ovat uusi tapa parantaa pelikokemusta panostamatta oikeaan rahaan. Muut kuin oikean rahan nettikasinot tarjoavat mukavasti helppoa p\u00e4\u00e4sy\u00e4 pelaamaan sosiaalisilla kasinoilla, joihin on lis\u00e4tty kampanjoita. Ostoa ei tarvita ja niin sanotut kultakolikot annetaan ilmaiseksi. Lue lis\u00e4\u00e4 sosiaalisista kasinoista osiossamme <a href=\"https:\/\/casinoreturn.com\/sweep-stake-casino-return-usa\/\">sweepstake casino return USA<\/a>, josta l\u00f6yd\u00e4t yksityiskohtaisia vastauksia kultakolikoista, kampanjoista, s\u00e4\u00e4d\u00f6ksist\u00e4 ja sosiaalisen kasinon ja sweepstake-kasinon erosta.  <\/p>\n<p><img decoding=\"async\" class=\"alignnone size-medium wp-image-14813\" src=\"https:\/\/casinoreturn.com\/wp-content\/uploads\/2025\/10\/Sweep-stake-casino-return-300x166.jpg\" alt=\"Sweep panos kasino palautus\" width=\"300\" height=\"166\" srcset=\"https:\/\/casinoreturn.com\/wp-content\/uploads\/2025\/10\/Sweep-stake-casino-return-300x166.jpg 300w, https:\/\/casinoreturn.com\/wp-content\/uploads\/2025\/10\/Sweep-stake-casino-return-768x424.jpg 768w, https:\/\/casinoreturn.com\/wp-content\/uploads\/2025\/10\/Sweep-stake-casino-return.jpg 906w\" sizes=\"(max-width: 300px) 100vw, 300px\" \/><\/p>\n<p>Hyv\u00e4 uutinen Virginian pelaajille on siis se, ett\u00e4 se on laillista, elleiv\u00e4t operaattorit tarjoa piilotettuja tapoja pelata oikealla rahalla, mit\u00e4 pidett\u00e4isiin laittomana.  <\/p>\n\t\t\t\t\t\t\t\t<\/div>\n\t\t\t\t<\/div>\n\t\t\t\t<div class=\"elementor-element elementor-element-601b0c0 elementor-widget elementor-widget-heading\" data-id=\"601b0c0\" data-element_type=\"widget\" data-widget_type=\"heading.default\">\n\t\t\t\t<div class=\"elementor-widget-container\">\n\t\t\t\t\t<h3 class=\"elementor-heading-title elementor-size-default\">Urheiluvedonly\u00f6nti Virginiassa<\/h3>\t\t\t\t<\/div>\n\t\t\t\t<\/div>\n\t\t\t\t<div class=\"elementor-element elementor-element-a402086 elementor-widget elementor-widget-text-editor\" data-id=\"a402086\" data-element_type=\"widget\" id=\"sport\" data-widget_type=\"text-editor.default\">\n\t\t\t\t<div class=\"elementor-widget-container\">\n\t\t\t\t\t\t\t\t\t<p>Urheiluvedonly\u00f6nti on sallittua Virginian osavaltiossa luvun 40 2 artiklan nojalla, ja osasto Virginia Code 58.1. Kuulostaa monimutkaiselta? Ei ole. Pelaajien on oltava 21-vuotiaita ja sijaittava Virginiassa. Mobiilivedonly\u00f6nti\u00e4 tarjoavilla operaattoreilla PIT\u00c4\u00c4 olla paikallinen ( Virginiassa sijaitseva ) lisenssi.  <\/p>\n<p><strong>Kuten useimmissa Yhdysvaltojen osavaltioissa, vedonly\u00f6nti korkeakoulujen urheilutapahtumista ja kaikista urheilulajeista, joissa on mukana alaik\u00e4isi\u00e4, on kielletty, jos kyseess\u00e4 on esimerkiksi Virginian joukkue.  <\/strong><\/p>\n<p>Virginiassa toimivien toimijoiden on noudatettava turvallisuuss\u00e4\u00e4nt\u00f6j\u00e4 ja -m\u00e4\u00e4r\u00e4yksi\u00e4 vastuullisen pelaamisen takaamiseksi. Niiden lisenssi m\u00e4\u00e4r\u00e4\u00e4 my\u00f6s maksamaan 15 prosentin GGR-veron tuloista.  <\/p>\n\t\t\t\t\t\t\t\t<\/div>\n\t\t\t\t<\/div>\n\t\t\t\t<div class=\"elementor-element elementor-element-2f1924c elementor-widget elementor-widget-heading\" data-id=\"2f1924c\" data-element_type=\"widget\" data-widget_type=\"heading.default\">\n\t\t\t\t<div class=\"elementor-widget-container\">\n\t\t\t\t\t<h2 class=\"elementor-heading-title elementor-size-default\">Luettelo Virginian urheiluvedonly\u00f6ntioperaattoreista<\/h2>\t\t\t\t<\/div>\n\t\t\t\t<\/div>\n\t\t\t\t<div class=\"elementor-element elementor-element-72b28f4 elementor-widget elementor-widget-text-editor\" data-id=\"72b28f4\" data-element_type=\"widget\" id=\"list\" data-widget_type=\"text-editor.default\">\n\t\t\t\t<div class=\"elementor-widget-container\">\n\t\t\t\t\t\t\t\t\t<p>Luettelo Virginian urheiluvedonly\u00f6ntioperaattoreista. Kuten huomaatte, seuraavassa luettelossa on hyvin v\u00e4h\u00e4n yll\u00e4tyksi\u00e4. Yhdysvaltain vedonly\u00f6nnin kolme suurta pelisivustoa ovat l\u00e4sn\u00e4, samoin kuin jotkut eurooppalaiset sivustot, joilla on samanlaiset tai jopa paremmat vedonly\u00f6ntialustat.  <\/p>\n<p>T\u00e4ss\u00e4 ovat top 5 Virginia-vedonly\u00f6ntisivustoamme:  <\/p>\n<ul>\n<li>Bet365 &#8211; Kent\u00e4n mestari, todellinen pelaaja<\/li>\n<li>BetMGM &#8211; Suuri nimi Yhdysvalloissa, sijoittui 4. sijalle liikevaihdossa vuonna 2025.<\/li>\n<li>Ceasars Sportsbook &#8211; sijoittui viidenneksi tuloissa, mutta sill\u00e4 on vahva salkku  <\/li>\n<li>FanDuel &#8211; ei tarvitse enemp\u00e4\u00e4 esittely\u00e4, tulossa suurin kasvu vuonna 2025<\/li>\n<li>Fanatics &#8211; sijoittui 2 parhaan joukkoon , markkinajohtaja koko Yhdysvalloissa.  <\/li>\n<\/ul>\n\t\t\t\t\t\t\t\t<\/div>\n\t\t\t\t<\/div>\n\t\t\t\t<div class=\"elementor-element elementor-element-80164e0 elementor-widget elementor-widget-heading\" data-id=\"80164e0\" data-element_type=\"widget\" data-widget_type=\"heading.default\">\n\t\t\t\t<div class=\"elementor-widget-container\">\n\t\t\t\t\t<h3 class=\"elementor-heading-title elementor-size-default\">Maalla toimivat kasinot Virginiassa  <\/h3>\t\t\t\t<\/div>\n\t\t\t\t<\/div>\n\t\t\t\t<div class=\"elementor-element elementor-element-3d78c2a elementor-widget elementor-widget-text-editor\" data-id=\"3d78c2a\" data-element_type=\"widget\" id=\"land\" data-widget_type=\"text-editor.default\">\n\t\t\t\t<div class=\"elementor-widget-container\">\n\t\t\t\t\t\t\t\t\t<p>Maalla toimivia kasinoita Virginiassa, Yhdysvalloissa on hyvin v\u00e4h\u00e4n. Vuonna 2020 maakasinoille my\u00f6nnettiin vain 5 toimilupaa. Viidest\u00e4 kasinosta kolme on t\u00e4ll\u00e4 hetkell\u00e4 toiminnassa, ja kaksi kasinoa on kehitteill\u00e4. N\u00e4m\u00e4 kolme kasinoa Bristolissa, Yhdysvalloissa, Portsmouthissa, Yhdysvalloissa ja Danvilless\u00e4 ovat omissa oikeuksissaan jo melko vaikuttavia tilastoja. Pelk\u00e4st\u00e4\u00e4n vuonna 2024 pelien kokonaistulot ovat 1,4 miljardia Yhdysvaltain dollaria. T\u00e4m\u00e4n toiminnan tulot luodaan oikean rahan kasinoilla: Kolikkopelit, p\u00f6yt\u00e4pelit, live-j\u00e4lleenmyyj\u00e4pelit, vedonly\u00f6nti ja v\u00e4hitt\u00e4isvedonly\u00f6ntikoneet.  <\/p>\n\t\t\t\t\t\t\t\t<\/div>\n\t\t\t\t<\/div>\n\t\t\t\t<div class=\"elementor-element elementor-element-d7fd54d elementor-widget elementor-widget-heading\" data-id=\"d7fd54d\" data-element_type=\"widget\" data-widget_type=\"heading.default\">\n\t\t\t\t<div class=\"elementor-widget-container\">\n\t\t\t\t\t<h3 class=\"elementor-heading-title elementor-size-default\">UKK:n arvonta kasinot Virginaissa<\/h3>\t\t\t\t<\/div>\n\t\t\t\t<\/div>\n\t\t\t\t<div class=\"elementor-element elementor-element-59fc1da elementor-widget elementor-widget-elementskit-faq\" data-id=\"59fc1da\" data-element_type=\"widget\" id=\"faq\" data-widget_type=\"elementskit-faq.default\">\n\t\t\t\t<div class=\"elementor-widget-container\">\n\t\t\t\t\t<div class=\"ekit-wid-con\" >\n                <div class=\"elementskit-single-faq elementor-repeater-item-8a3ec80\">\n            <div class=\"elementskit-faq-header\">\n                <h2 class=\"elementskit-faq-title\">What are Gold Coins in Sweepstake casinos?<\/h2>\n            <\/div>\n            <div class=\"elementskit-faq-body\">\n                Other than Real money casinos, Gold coins are a free giveaway in online Social Casinos. Gold coins are a promotional addition and can be part of a social Casino without a purchase.             <\/div>\n        <\/div>\n                <div class=\"elementskit-single-faq elementor-repeater-item-c0e40d1\">\n            <div class=\"elementskit-faq-header\">\n                <h2 class=\"elementskit-faq-title\">Can I bet on College football in Virginia, US? <\/h2>\n            <\/div>\n            <div class=\"elementskit-faq-body\">\n                The answer is NO. you can't bet on College football, or college sport events in Virginia. Same applies to any event involving minors.            <\/div>\n        <\/div>\n                <div class=\"elementskit-single-faq elementor-repeater-item-7190428\">\n            <div class=\"elementskit-faq-header\">\n                <h2 class=\"elementskit-faq-title\">Where can I play casino with real money in Virginia?<\/h2>\n            <\/div>\n            <div class=\"elementskit-faq-body\">\n                Real money casinos are land-based only. With currently 3 out of 5 land-based Casinos running, the choice is limited.             <\/div>\n        <\/div>\n                \n    <\/div>\t\t\t\t<\/div>\n\t\t\t\t<\/div>\n\t\t\t\t<\/div>\n\t\t\t\t<\/div>\n\t\t","protected":false},"excerpt":{"rendered":"<p>Arpajaiset kasinot Virginia Arpajaiset kasinot Virginiassa eiv\u00e4t ole uhkapelej\u00e4, koska ne ovat ilmaisen sis\u00e4\u00e4np\u00e4\u00e4syn reittimalli. Muut osavaltiot, kuten New York ja Kalifornia, ovat ottaneet tiukemman kannan arpajaiskasinoihin. Lue lis\u00e4\u00e4 New Yorkista ja sen nykyisest\u00e4 oikeudellisesta l\u00e4hestymistavasta arpajaiskasinoihin. Ja t\u00e4ss\u00e4 on t\u00e4ydellinen katsaus Kalifornian suhtautumisesta voittopalkintokasinoihin. T\u00e4ss\u00e4 artikkelissa: Arpajaiset Virginiassa Urheiluvedonly\u00f6nti Virginiassa Luettelo Sweepstake kasinot Virginia [&hellip;]<\/p>\n","protected":false},"author":1,"featured_media":15604,"parent":0,"menu_order":0,"comment_status":"closed","ping_status":"closed","template":"","meta":{"footnotes":""},"class_list":["post-15965","page","type-page","status-publish","has-post-thumbnail","hentry"],"blocksy_meta":[],"acf":[],"yoast_head":"<!-- This site is optimized with the Yoast SEO plugin v24.1 - https:\/\/yoast.com\/wordpress\/plugins\/seo\/ -->\n<title>Arpajaiset kasinot Virginia - casinoreturn<\/title>\n<meta name=\"description\" content=\"Arpajaiskasinot Virginiassa ovat laillisia - toistaiseksi. Myynninedist\u00e4mistarkoituksessa j\u00e4rjestett\u00e4v\u00e4t arvonnat ovat avainasemassa, jotta ne pysyv\u00e4t laillisina ilman k\u00e4teisrahan vaihtoa.\" \/>\n<meta name=\"robots\" content=\"index, follow, max-snippet:-1, max-image-preview:large, max-video-preview:-1\" \/>\n<link rel=\"canonical\" href=\"https:\/\/casinoreturn.com\/fi\/arpajaiset-kasinot-virginia\/\" \/>\n<meta property=\"og:locale\" content=\"fi_FI\" \/>\n<meta property=\"og:type\" content=\"article\" \/>\n<meta property=\"og:title\" content=\"Arpajaiset kasinot Virginia - casinoreturn\" \/>\n<meta property=\"og:description\" content=\"Arpajaiskasinot Virginiassa ovat laillisia - toistaiseksi. Myynninedist\u00e4mistarkoituksessa j\u00e4rjestett\u00e4v\u00e4t arvonnat ovat avainasemassa, jotta ne pysyv\u00e4t laillisina ilman k\u00e4teisrahan vaihtoa.\" \/>\n<meta property=\"og:url\" content=\"https:\/\/casinoreturn.com\/fi\/arpajaiset-kasinot-virginia\/\" \/>\n<meta property=\"og:site_name\" content=\"casinoreturn\" \/>\n<meta property=\"article:modified_time\" content=\"2025-10-31T14:09:56+00:00\" \/>\n<meta property=\"og:image\" content=\"https:\/\/casinoreturn.com\/wp-content\/uploads\/2025\/10\/Sweepstake-Casinos-in-Virginia.png\" \/>\n\t<meta property=\"og:image:width\" content=\"1024\" \/>\n\t<meta property=\"og:image:height\" content=\"1024\" \/>\n\t<meta property=\"og:image:type\" content=\"image\/png\" \/>\n<meta name=\"twitter:card\" content=\"summary_large_image\" \/>\n<meta name=\"twitter:label1\" content=\"Arvioitu lukuaika\" \/>\n\t<meta name=\"twitter:data1\" content=\"3 minuuttia\" \/>\n<script type=\"application\/ld+json\" class=\"yoast-schema-graph\">{\"@context\":\"https:\/\/schema.org\",\"@graph\":[{\"@type\":\"WebPage\",\"@id\":\"https:\/\/casinoreturn.com\/fi\/arpajaiset-kasinot-virginia\/\",\"url\":\"https:\/\/casinoreturn.com\/fi\/arpajaiset-kasinot-virginia\/\",\"name\":\"Arpajaiset kasinot Virginia - casinoreturn\",\"isPartOf\":{\"@id\":\"https:\/\/casinoreturn.com\/#website\"},\"primaryImageOfPage\":{\"@id\":\"https:\/\/casinoreturn.com\/fi\/arpajaiset-kasinot-virginia\/#primaryimage\"},\"image\":{\"@id\":\"https:\/\/casinoreturn.com\/fi\/arpajaiset-kasinot-virginia\/#primaryimage\"},\"thumbnailUrl\":\"https:\/\/casinoreturn.com\/wp-content\/uploads\/2025\/10\/Sweepstake-Casinos-in-Virginia.png\",\"datePublished\":\"2025-10-20T11:35:56+00:00\",\"dateModified\":\"2025-10-31T14:09:56+00:00\",\"description\":\"Arpajaiskasinot Virginiassa ovat laillisia - toistaiseksi. Myynninedist\u00e4mistarkoituksessa j\u00e4rjestett\u00e4v\u00e4t arvonnat ovat avainasemassa, jotta ne pysyv\u00e4t laillisina ilman k\u00e4teisrahan vaihtoa.\",\"breadcrumb\":{\"@id\":\"https:\/\/casinoreturn.com\/fi\/arpajaiset-kasinot-virginia\/#breadcrumb\"},\"inLanguage\":\"fi\",\"potentialAction\":[{\"@type\":\"ReadAction\",\"target\":[\"https:\/\/casinoreturn.com\/fi\/arpajaiset-kasinot-virginia\/\"]}]},{\"@type\":\"ImageObject\",\"inLanguage\":\"fi\",\"@id\":\"https:\/\/casinoreturn.com\/fi\/arpajaiset-kasinot-virginia\/#primaryimage\",\"url\":\"https:\/\/casinoreturn.com\/wp-content\/uploads\/2025\/10\/Sweepstake-Casinos-in-Virginia.png\",\"contentUrl\":\"https:\/\/casinoreturn.com\/wp-content\/uploads\/2025\/10\/Sweepstake-Casinos-in-Virginia.png\",\"width\":1024,\"height\":1024,\"caption\":\"Sweepstake Casinos in Virginia\"},{\"@type\":\"BreadcrumbList\",\"@id\":\"https:\/\/casinoreturn.com\/fi\/arpajaiset-kasinot-virginia\/#breadcrumb\",\"itemListElement\":[{\"@type\":\"ListItem\",\"position\":1,\"name\":\"Home\",\"item\":\"https:\/\/casinoreturn.com\/fi\/home\/\"},{\"@type\":\"ListItem\",\"position\":2,\"name\":\"Arpajaiset kasinot Virginia\"}]},{\"@type\":\"WebSite\",\"@id\":\"https:\/\/casinoreturn.com\/#website\",\"url\":\"https:\/\/casinoreturn.com\/\",\"name\":\"casinoreturn\",\"description\":\"\",\"publisher\":{\"@id\":\"https:\/\/casinoreturn.com\/#organization\"},\"potentialAction\":[{\"@type\":\"SearchAction\",\"target\":{\"@type\":\"EntryPoint\",\"urlTemplate\":\"https:\/\/casinoreturn.com\/?s={search_term_string}\"},\"query-input\":{\"@type\":\"PropertyValueSpecification\",\"valueRequired\":true,\"valueName\":\"search_term_string\"}}],\"inLanguage\":\"fi\"},{\"@type\":\"Organization\",\"@id\":\"https:\/\/casinoreturn.com\/#organization\",\"name\":\"casinoreturn\",\"url\":\"https:\/\/casinoreturn.com\/\",\"logo\":{\"@type\":\"ImageObject\",\"inLanguage\":\"fi\",\"@id\":\"https:\/\/casinoreturn.com\/#\/schema\/logo\/image\/\",\"url\":\"https:\/\/casinoreturn.com\/wp-content\/uploads\/2024\/09\/animal-favicon.png\",\"contentUrl\":\"https:\/\/casinoreturn.com\/wp-content\/uploads\/2024\/09\/animal-favicon.png\",\"width\":92,\"height\":92,\"caption\":\"casinoreturn\"},\"image\":{\"@id\":\"https:\/\/casinoreturn.com\/#\/schema\/logo\/image\/\"}}]}<\/script>\n<!-- \/ Yoast SEO plugin. -->","yoast_head_json":{"title":"Arpajaiset kasinot Virginia - casinoreturn","description":"Arpajaiskasinot Virginiassa ovat laillisia - toistaiseksi. Myynninedist\u00e4mistarkoituksessa j\u00e4rjestett\u00e4v\u00e4t arvonnat ovat avainasemassa, jotta ne pysyv\u00e4t laillisina ilman k\u00e4teisrahan vaihtoa.","robots":{"index":"index","follow":"follow","max-snippet":"max-snippet:-1","max-image-preview":"max-image-preview:large","max-video-preview":"max-video-preview:-1"},"canonical":"https:\/\/casinoreturn.com\/fi\/arpajaiset-kasinot-virginia\/","og_locale":"fi_FI","og_type":"article","og_title":"Arpajaiset kasinot Virginia - casinoreturn","og_description":"Arpajaiskasinot Virginiassa ovat laillisia - toistaiseksi. Myynninedist\u00e4mistarkoituksessa j\u00e4rjestett\u00e4v\u00e4t arvonnat ovat avainasemassa, jotta ne pysyv\u00e4t laillisina ilman k\u00e4teisrahan vaihtoa.","og_url":"https:\/\/casinoreturn.com\/fi\/arpajaiset-kasinot-virginia\/","og_site_name":"casinoreturn","article_modified_time":"2025-10-31T14:09:56+00:00","og_image":[{"width":1024,"height":1024,"url":"https:\/\/casinoreturn.com\/wp-content\/uploads\/2025\/10\/Sweepstake-Casinos-in-Virginia.png","type":"image\/png"}],"twitter_card":"summary_large_image","twitter_misc":{"Arvioitu lukuaika":"3 minuuttia"},"schema":{"@context":"https:\/\/schema.org","@graph":[{"@type":"WebPage","@id":"https:\/\/casinoreturn.com\/fi\/arpajaiset-kasinot-virginia\/","url":"https:\/\/casinoreturn.com\/fi\/arpajaiset-kasinot-virginia\/","name":"Arpajaiset kasinot Virginia - casinoreturn","isPartOf":{"@id":"https:\/\/casinoreturn.com\/#website"},"primaryImageOfPage":{"@id":"https:\/\/casinoreturn.com\/fi\/arpajaiset-kasinot-virginia\/#primaryimage"},"image":{"@id":"https:\/\/casinoreturn.com\/fi\/arpajaiset-kasinot-virginia\/#primaryimage"},"thumbnailUrl":"https:\/\/casinoreturn.com\/wp-content\/uploads\/2025\/10\/Sweepstake-Casinos-in-Virginia.png","datePublished":"2025-10-20T11:35:56+00:00","dateModified":"2025-10-31T14:09:56+00:00","description":"Arpajaiskasinot Virginiassa ovat laillisia - toistaiseksi. Myynninedist\u00e4mistarkoituksessa j\u00e4rjestett\u00e4v\u00e4t arvonnat ovat avainasemassa, jotta ne pysyv\u00e4t laillisina ilman k\u00e4teisrahan vaihtoa.","breadcrumb":{"@id":"https:\/\/casinoreturn.com\/fi\/arpajaiset-kasinot-virginia\/#breadcrumb"},"inLanguage":"fi","potentialAction":[{"@type":"ReadAction","target":["https:\/\/casinoreturn.com\/fi\/arpajaiset-kasinot-virginia\/"]}]},{"@type":"ImageObject","inLanguage":"fi","@id":"https:\/\/casinoreturn.com\/fi\/arpajaiset-kasinot-virginia\/#primaryimage","url":"https:\/\/casinoreturn.com\/wp-content\/uploads\/2025\/10\/Sweepstake-Casinos-in-Virginia.png","contentUrl":"https:\/\/casinoreturn.com\/wp-content\/uploads\/2025\/10\/Sweepstake-Casinos-in-Virginia.png","width":1024,"height":1024,"caption":"Sweepstake Casinos in Virginia"},{"@type":"BreadcrumbList","@id":"https:\/\/casinoreturn.com\/fi\/arpajaiset-kasinot-virginia\/#breadcrumb","itemListElement":[{"@type":"ListItem","position":1,"name":"Home","item":"https:\/\/casinoreturn.com\/fi\/home\/"},{"@type":"ListItem","position":2,"name":"Arpajaiset kasinot Virginia"}]},{"@type":"WebSite","@id":"https:\/\/casinoreturn.com\/#website","url":"https:\/\/casinoreturn.com\/","name":"casinoreturn","description":"","publisher":{"@id":"https:\/\/casinoreturn.com\/#organization"},"potentialAction":[{"@type":"SearchAction","target":{"@type":"EntryPoint","urlTemplate":"https:\/\/casinoreturn.com\/?s={search_term_string}"},"query-input":{"@type":"PropertyValueSpecification","valueRequired":true,"valueName":"search_term_string"}}],"inLanguage":"fi"},{"@type":"Organization","@id":"https:\/\/casinoreturn.com\/#organization","name":"casinoreturn","url":"https:\/\/casinoreturn.com\/","logo":{"@type":"ImageObject","inLanguage":"fi","@id":"https:\/\/casinoreturn.com\/#\/schema\/logo\/image\/","url":"https:\/\/casinoreturn.com\/wp-content\/uploads\/2024\/09\/animal-favicon.png","contentUrl":"https:\/\/casinoreturn.com\/wp-content\/uploads\/2024\/09\/animal-favicon.png","width":92,"height":92,"caption":"casinoreturn"},"image":{"@id":"https:\/\/casinoreturn.com\/#\/schema\/logo\/image\/"}}]}},"_links":{"self":[{"href":"https:\/\/casinoreturn.com\/fi\/wp-json\/wp\/v2\/pages\/15965","targetHints":{"allow":["GET"]}}],"collection":[{"href":"https:\/\/casinoreturn.com\/fi\/wp-json\/wp\/v2\/pages"}],"about":[{"href":"https:\/\/casinoreturn.com\/fi\/wp-json\/wp\/v2\/types\/page"}],"author":[{"embeddable":true,"href":"https:\/\/casinoreturn.com\/fi\/wp-json\/wp\/v2\/users\/1"}],"replies":[{"embeddable":true,"href":"https:\/\/casinoreturn.com\/fi\/wp-json\/wp\/v2\/comments?post=15965"}],"version-history":[{"count":1,"href":"https:\/\/casinoreturn.com\/fi\/wp-json\/wp\/v2\/pages\/15965\/revisions"}],"predecessor-version":[{"id":15966,"href":"https:\/\/casinoreturn.com\/fi\/wp-json\/wp\/v2\/pages\/15965\/revisions\/15966"}],"wp:featuredmedia":[{"embeddable":true,"href":"https:\/\/casinoreturn.com\/fi\/wp-json\/wp\/v2\/media\/15604"}],"wp:attachment":[{"href":"https:\/\/casinoreturn.com\/fi\/wp-json\/wp\/v2\/media?parent=15965"}],"curies":[{"name":"wp","href":"https:\/\/api.w.org\/{rel}","templated":true}]}}