{"id":16021,"date":"2025-10-17T16:07:39","date_gmt":"2025-10-17T16:07:39","guid":{"rendered":"https:\/\/casinoreturn.com\/arpajaiset-kasinot-floridassa\/"},"modified":"2025-10-31T14:21:27","modified_gmt":"2025-10-31T14:21:27","slug":"arpajaiset-kasinot-floridassa","status":"publish","type":"page","link":"https:\/\/casinoreturn.com\/fi\/arpajaiset-kasinot-floridassa\/","title":{"rendered":"Arpajaiset kasinot Floridassa"},"content":{"rendered":"\t\t<div data-elementor-type=\"wp-page\" data-elementor-id=\"16021\" class=\"elementor elementor-16021\" data-elementor-post-type=\"page\">\n\t\t\t\t<div class=\"elementor-element elementor-element-550cc17 e-con-full e-flex e-con e-parent\" data-id=\"550cc17\" data-element_type=\"container\">\n\t\t\t\t<div class=\"elementor-element elementor-element-5396053 elementor-widget elementor-widget-heading\" data-id=\"5396053\" data-element_type=\"widget\" data-widget_type=\"heading.default\">\n\t\t\t\t<div class=\"elementor-widget-container\">\n\t\t\t\t\t<h3 class=\"elementor-heading-title elementor-size-default\">Arpajaiset kasinot Floridassa<\/h3>\t\t\t\t<\/div>\n\t\t\t\t<\/div>\n\t\t\t\t<div class=\"elementor-element elementor-element-4383f5b elementor-widget elementor-widget-text-editor\" data-id=\"4383f5b\" data-element_type=\"widget\" data-widget_type=\"text-editor.default\">\n\t\t\t\t<div class=\"elementor-widget-container\">\n\t\t\t\t\t\t\t\t\t<p>Arpajaiset kasinot Floridassa pidet\u00e4\u00e4n t\u00e4ll\u00e4 hetkell\u00e4 myynninedist\u00e4miskilpailuina, ei uhkapelein\u00e4. T\u00e4m\u00e4 on hyv\u00e4 uutinen. Florida Gaming Control Commission ei ole viel\u00e4 kielt\u00e4nyt arvontoja ja niiden kultakolikoita. Vuonna 2025 tehtiin kuitenkin ehdotuksia, joiden tarkoituksena on luokitella arpajaiskasinot Internet-rahapeleiksi. Molemmat osapuolet, arvontojen j\u00e4rjest\u00e4j\u00e4t ja s\u00e4\u00e4ntelyviranomaiset, laativat parhaillaan luonnoksia tapaustensa tueksi. Vapaa leikki voi Yhdysvaltain osavaltioissa olla tulossa tarkastelun kohteeksi. <a href=\"https:\/\/casinoreturn.com\/sweep-stake-casino-return-usa\/\">Sosiaaliset kasinot<\/a>, jotka ovat monissa osavaltioissa edelleen laillisia, ovat tulilinjalla ja yh\u00e4 useammat osavaltiot julistavat ne laittomiksi.<\/p>\n<p><strong>T\u00e4ss\u00e4 artikkelissa:<\/strong><\/p>\n<ul>\n<li>Luettelo arpajaiset Kasinot<\/li>\n<li>S\u00e4\u00e4nn\u00f6kset Floridassa<\/li>\n<li>Luettelo urheiluvedonly\u00f6nti kasinot Florida<\/li>\n<li>UKK Arvonta Florida kasinot<\/li>\n<\/ul>\n<p><img decoding=\"async\" class=\"alignnone wp-image-15496\" src=\"https:\/\/casinoreturn.com\/wp-content\/uploads\/2025\/10\/Sweepstake-Casinos-in-Florida.png\" alt=\"Arpajaiset kasinot Floridassa\" width=\"125\" height=\"125\" srcset=\"https:\/\/casinoreturn.com\/wp-content\/uploads\/2025\/10\/Sweepstake-Casinos-in-Florida.png 225w, https:\/\/casinoreturn.com\/wp-content\/uploads\/2025\/10\/Sweepstake-Casinos-in-Florida-150x150.png 150w\" sizes=\"(max-width: 125px) 100vw, 125px\" \/><\/p>\n\t\t\t\t\t\t\t\t<\/div>\n\t\t\t\t<\/div>\n\t\t\t\t<div class=\"elementor-element elementor-element-d15c0ae elementor-widget elementor-widget-heading\" data-id=\"d15c0ae\" data-element_type=\"widget\" data-widget_type=\"heading.default\">\n\t\t\t\t<div class=\"elementor-widget-container\">\n\t\t\t\t\t<h3 class=\"elementor-heading-title elementor-size-default\">Luettelo arvontaan kasinot Florida<\/h3>\t\t\t\t<\/div>\n\t\t\t\t<\/div>\n\t\t\t\t<div class=\"elementor-element elementor-element-fe42027 elementor-widget elementor-widget-text-editor\" data-id=\"fe42027\" data-element_type=\"widget\" data-widget_type=\"text-editor.default\">\n\t\t\t\t<div class=\"elementor-widget-container\">\n\t\t\t\t\t\t\t\t\t<p>Arpajaiskasinot Floridassa eiv\u00e4t ole aivan yht\u00e4 runsaita. Rekister\u00f6ityj\u00e4 ei ole enemp\u00e4\u00e4 kuin kymmenkunta, mutta jotkut toimijat tarjoavat arpajaiskultaa joillakin harmailla alueilla. Ilman tietty\u00e4 j\u00e4rjestyst\u00e4 tai paremmuusj\u00e4rjestyst\u00e4:<\/p>\n<ul>\n<li>Mr Luck, rekister\u00f6ity  <\/li>\n<li>High5 Casino, rekister\u00f6ity<\/li>\n<li>Hei Miljoonat, rekister\u00f6ityneet<\/li>\n<li>Crown Coins,rekister\u00f6ity<\/li>\n<li>WOW Vegas, rekister\u00f6ity<\/li>\n<li>Stake.us ,rekister\u00f6ity<\/li>\n<\/ul>\n<p>Maalla sijaitsevia kasinoita eli henkil\u00f6kohtaisia kasinoita py\u00f6ritt\u00e4v\u00e4t heimot tai yritykset sellaisenaan.<\/p>\n<ul>\n<li>Seminole Hard Rock Hotel &amp; Casino (Tampa &amp; HollywoodSeminole)<\/li>\n<li>Brighton Casino Seminole<\/li>\n<li>Miccosukee Resort &amp; Gaming (Miami)<\/li>\n<li>Casino Immokale<\/li>\n<li>Seminole Casino Immokale<\/li>\n<\/ul>\n<p>Oikean rahan kasinoiden ja nettikasinoiden laillisuudesta keskustellaan eri puolilla Yhdysvaltoja, ja Floridassa on n\u00e4hty samanlaisia liikkeit\u00e4 kohti t\u00e4yskieltoa tulevaisuudessa.  <\/p>\n\t\t\t\t\t\t\t\t<\/div>\n\t\t\t\t<\/div>\n\t\t\t\t<div class=\"elementor-element elementor-element-c3cd23d elementor-widget elementor-widget-heading\" data-id=\"c3cd23d\" data-element_type=\"widget\" data-widget_type=\"heading.default\">\n\t\t\t\t<div class=\"elementor-widget-container\">\n\t\t\t\t\t<h3 class=\"elementor-heading-title elementor-size-default\">S\u00e4\u00e4nn\u00f6kset Floridassa<\/h3>\t\t\t\t<\/div>\n\t\t\t\t<\/div>\n\t\t\t\t<div class=\"elementor-element elementor-element-328690d elementor-widget elementor-widget-text-editor\" data-id=\"328690d\" data-element_type=\"widget\" data-widget_type=\"text-editor.default\">\n\t\t\t\t<div class=\"elementor-widget-container\">\n\t\t\t\t\t\t\t\t\t<p>Floridan s\u00e4\u00e4ntelyyn kohdistuu yh\u00e4 enemm\u00e4n paineita kielt\u00e4\u00e4 tai rajoittaa arpajaiskasinoiden k\u00e4ytt\u00f6\u00e4.  <\/p><\/p>\n\t\t\t\t\t\t\t\t<\/div>\n\t\t\t\t<\/div>\n\t\t\t\t<\/div>\n\t\t<div class=\"elementor-element elementor-element-9509de3 e-grid e-con-full e-con e-parent\" data-id=\"9509de3\" data-element_type=\"container\" data-settings=\"{&quot;background_background&quot;:&quot;classic&quot;}\">\n\t\t\t\t<div class=\"elementor-element elementor-element-a246602 elementor-widget elementor-widget-text-editor\" data-id=\"a246602\" data-element_type=\"widget\" data-widget_type=\"text-editor.default\">\n\t\t\t\t<div class=\"elementor-widget-container\">\n\t\t\t\t\t\t\t\t\t<p><strong>Oikean rahan kasinot tai nettikasinot, jotka hyv\u00e4ksyv\u00e4t oikeaa rahaa, ovat laittomia Floridassa.  <\/strong><\/p>\n<p><strong>Voinko pelata oikealla rahalla maalla sijaitsevissa kasinoissa?<\/strong><\/p>\n<p><strong>Kyll\u00e4, n\u00e4m\u00e4 maalla toimivat kasinot ovat laillisia<\/strong><\/p>\n\t\t\t\t\t\t\t\t<\/div>\n\t\t\t\t<\/div>\n\t\t\t\t<div class=\"elementor-element elementor-element-347bbf8 elementor-widget elementor-widget-image\" data-id=\"347bbf8\" data-element_type=\"widget\" data-widget_type=\"image.default\">\n\t\t\t\t<div class=\"elementor-widget-container\">\n\t\t\t\t\t\t\t\t\t\t\t\t\t\t\t<img fetchpriority=\"high\" decoding=\"async\" width=\"225\" height=\"225\" src=\"https:\/\/casinoreturn.com\/wp-content\/uploads\/2025\/10\/Sweepstake-Casinos-in-Florida.png\" class=\"attachment-large size-large wp-image-15496\" alt=\"Sweepstake Casinos in Florida\" srcset=\"https:\/\/casinoreturn.com\/wp-content\/uploads\/2025\/10\/Sweepstake-Casinos-in-Florida.png 225w, https:\/\/casinoreturn.com\/wp-content\/uploads\/2025\/10\/Sweepstake-Casinos-in-Florida-150x150.png 150w\" sizes=\"(max-width: 225px) 100vw, 225px\" \/>\t\t\t\t\t\t\t\t\t\t\t\t\t\t\t<\/div>\n\t\t\t\t<\/div>\n\t\t\t\t<div class=\"elementor-element elementor-element-eb23194 elementor-widget elementor-widget-text-editor\" data-id=\"eb23194\" data-element_type=\"widget\" data-widget_type=\"text-editor.default\">\n\t\t\t\t<div class=\"elementor-widget-container\">\n\t\t\t\t\t\t\t\t\t<p><strong>Arpajaiset Kasinot pidet\u00e4\u00e4n edelleen laillisina, mutta ehdotus on jo k\u00e4ynniss\u00e4 kultakolikkokampanjoiden ja arpajaisten kielt\u00e4miseksi Floridassa yleens\u00e4.<\/strong><\/p>\n<p>esim. Stake.us ja Chumba casino.<\/p><\/p>\n\t\t\t\t\t\t\t\t<\/div>\n\t\t\t\t<\/div>\n\t\t\t\t<div class=\"elementor-element elementor-element-d7dd2e5 elementor-widget elementor-widget-text-editor\" data-id=\"d7dd2e5\" data-element_type=\"widget\" data-widget_type=\"text-editor.default\">\n\t\t\t\t<div class=\"elementor-widget-container\">\n\t\t\t\t\t\t\t\t\t<p><strong>Onko urheiluvedonly\u00f6nti laillista Floridassa?  <\/strong><\/p>\n<p><strong>T\u00e4ss\u00e4 on potkaisija, se on laillista Floridassa, MUTTA ainoa laillinen toimija on Hard Rock Bet (operoi Seminole Tribe of Florida) .  <\/strong><\/p>\n<p><strong>Koko Floridassa on alle tusina muuta Seminole-heimon johtamaa v\u00e4hitt\u00e4iskauppaa.  <\/strong><\/p>\n\t\t\t\t\t\t\t\t<\/div>\n\t\t\t\t<\/div>\n\t\t\t\t<div class=\"elementor-element elementor-element-e4c9e61 elementor-widget elementor-widget-image\" data-id=\"e4c9e61\" data-element_type=\"widget\" data-widget_type=\"image.default\">\n\t\t\t\t<div class=\"elementor-widget-container\">\n\t\t\t\t\t\t\t\t\t\t\t\t\t\t\t<img decoding=\"async\" width=\"906\" height=\"500\" src=\"https:\/\/casinoreturn.com\/wp-content\/uploads\/2025\/10\/Sweep-stake-casino-return.jpg\" class=\"attachment-large size-large wp-image-14813\" alt=\"Sweep stake casino return\" srcset=\"https:\/\/casinoreturn.com\/wp-content\/uploads\/2025\/10\/Sweep-stake-casino-return.jpg 906w, https:\/\/casinoreturn.com\/wp-content\/uploads\/2025\/10\/Sweep-stake-casino-return-300x166.jpg 300w, https:\/\/casinoreturn.com\/wp-content\/uploads\/2025\/10\/Sweep-stake-casino-return-768x424.jpg 768w\" sizes=\"(max-width: 906px) 100vw, 906px\" \/>\t\t\t\t\t\t\t\t\t\t\t\t\t\t\t<\/div>\n\t\t\t\t<\/div>\n\t\t\t\t<div class=\"elementor-element elementor-element-366b516 elementor-widget elementor-widget-text-editor\" data-id=\"366b516\" data-element_type=\"widget\" data-widget_type=\"text-editor.default\">\n\t\t\t\t<div class=\"elementor-widget-container\">\n\t\t\t\t\t\t\t\t\t<p><strong>Koska Seminolella on monopoliasema urheiluvedonly\u00f6nniss\u00e4 Floridassa, monet uskovat, ett\u00e4 markkinat ovat liian rajoitetut, ja jotkut v\u00e4itt\u00e4v\u00e4t, ett\u00e4 ne ovat liian rajalliset.  <\/strong><\/p>\n<p><strong>Tuomioistuimet ovat toistaiseksi hyv\u00e4ksyneet kaikki liittovaltion lakia koskevat valitukset, ja heimot voivat hallita vedonly\u00f6ntimaailmaa Floridassa.  <\/strong><\/p>\n\t\t\t\t\t\t\t\t<\/div>\n\t\t\t\t<\/div>\n\t\t\t\t<\/div>\n\t\t\t\t<\/div>\n\t\t","protected":false},"excerpt":{"rendered":"<p>Arpajaiset kasinot Floridassa Arpajaiset kasinot Floridassa pidet\u00e4\u00e4n t\u00e4ll\u00e4 hetkell\u00e4 myynninedist\u00e4miskilpailuina, ei uhkapelein\u00e4. T\u00e4m\u00e4 on hyv\u00e4 uutinen. Florida Gaming Control Commission ei ole viel\u00e4 kielt\u00e4nyt arvontoja ja niiden kultakolikoita. Vuonna 2025 tehtiin kuitenkin ehdotuksia, joiden tarkoituksena on luokitella arpajaiskasinot Internet-rahapeleiksi. Molemmat osapuolet, arvontojen j\u00e4rjest\u00e4j\u00e4t ja s\u00e4\u00e4ntelyviranomaiset, laativat parhaillaan luonnoksia tapaustensa tueksi. Vapaa leikki voi Yhdysvaltain osavaltioissa [&hellip;]<\/p>\n","protected":false},"author":1,"featured_media":15497,"parent":0,"menu_order":0,"comment_status":"closed","ping_status":"closed","template":"","meta":{"footnotes":""},"class_list":["post-16021","page","type-page","status-publish","has-post-thumbnail","hentry"],"blocksy_meta":[],"acf":[],"yoast_head":"<!-- This site is optimized with the Yoast SEO plugin v24.1 - https:\/\/yoast.com\/wordpress\/plugins\/seo\/ -->\n<title>Arpajaiset kasinot Floridassa - casinoreturn<\/title>\n<meta name=\"description\" content=\"Arpajaiset Floridan kasinot ovat k\u00e4ynniss\u00e4 auringonpaisteen osavaltiossa myynninedist\u00e4miskilpailuina, eiv\u00e4t puhtaasti uhkapelein\u00e4, joten se on laillista toistaiseksi.\" \/>\n<meta name=\"robots\" content=\"index, follow, max-snippet:-1, max-image-preview:large, max-video-preview:-1\" \/>\n<link rel=\"canonical\" href=\"https:\/\/casinoreturn.com\/fi\/arpajaiset-kasinot-floridassa\/\" \/>\n<meta property=\"og:locale\" content=\"fi_FI\" \/>\n<meta property=\"og:type\" content=\"article\" \/>\n<meta property=\"og:title\" content=\"Arpajaiset kasinot Floridassa - casinoreturn\" \/>\n<meta property=\"og:description\" content=\"Arpajaiset Floridan kasinot ovat k\u00e4ynniss\u00e4 auringonpaisteen osavaltiossa myynninedist\u00e4miskilpailuina, eiv\u00e4t puhtaasti uhkapelein\u00e4, joten se on laillista toistaiseksi.\" \/>\n<meta property=\"og:url\" content=\"https:\/\/casinoreturn.com\/fi\/arpajaiset-kasinot-floridassa\/\" \/>\n<meta property=\"og:site_name\" content=\"casinoreturn\" \/>\n<meta property=\"article:modified_time\" content=\"2025-10-31T14:21:27+00:00\" \/>\n<meta property=\"og:image\" content=\"https:\/\/casinoreturn.com\/wp-content\/uploads\/2025\/10\/Sweepstake-Casinos-in-Florida.png\" \/>\n\t<meta property=\"og:image:width\" content=\"225\" \/>\n\t<meta property=\"og:image:height\" content=\"225\" \/>\n\t<meta property=\"og:image:type\" content=\"image\/png\" \/>\n<meta name=\"twitter:card\" content=\"summary_large_image\" \/>\n<meta name=\"twitter:label1\" content=\"Arvioitu lukuaika\" \/>\n\t<meta name=\"twitter:data1\" content=\"2 minuuttia\" \/>\n<script type=\"application\/ld+json\" class=\"yoast-schema-graph\">{\"@context\":\"https:\/\/schema.org\",\"@graph\":[{\"@type\":\"WebPage\",\"@id\":\"https:\/\/casinoreturn.com\/fi\/arpajaiset-kasinot-floridassa\/\",\"url\":\"https:\/\/casinoreturn.com\/fi\/arpajaiset-kasinot-floridassa\/\",\"name\":\"Arpajaiset kasinot Floridassa - casinoreturn\",\"isPartOf\":{\"@id\":\"https:\/\/casinoreturn.com\/#website\"},\"primaryImageOfPage\":{\"@id\":\"https:\/\/casinoreturn.com\/fi\/arpajaiset-kasinot-floridassa\/#primaryimage\"},\"image\":{\"@id\":\"https:\/\/casinoreturn.com\/fi\/arpajaiset-kasinot-floridassa\/#primaryimage\"},\"thumbnailUrl\":\"https:\/\/casinoreturn.com\/wp-content\/uploads\/2025\/10\/Sweepstake-Casinos-in-Florida.png\",\"datePublished\":\"2025-10-17T16:07:39+00:00\",\"dateModified\":\"2025-10-31T14:21:27+00:00\",\"description\":\"Arpajaiset Floridan kasinot ovat k\u00e4ynniss\u00e4 auringonpaisteen osavaltiossa myynninedist\u00e4miskilpailuina, eiv\u00e4t puhtaasti uhkapelein\u00e4, joten se on laillista toistaiseksi.\",\"breadcrumb\":{\"@id\":\"https:\/\/casinoreturn.com\/fi\/arpajaiset-kasinot-floridassa\/#breadcrumb\"},\"inLanguage\":\"fi\",\"potentialAction\":[{\"@type\":\"ReadAction\",\"target\":[\"https:\/\/casinoreturn.com\/fi\/arpajaiset-kasinot-floridassa\/\"]}]},{\"@type\":\"ImageObject\",\"inLanguage\":\"fi\",\"@id\":\"https:\/\/casinoreturn.com\/fi\/arpajaiset-kasinot-floridassa\/#primaryimage\",\"url\":\"https:\/\/casinoreturn.com\/wp-content\/uploads\/2025\/10\/Sweepstake-Casinos-in-Florida.png\",\"contentUrl\":\"https:\/\/casinoreturn.com\/wp-content\/uploads\/2025\/10\/Sweepstake-Casinos-in-Florida.png\",\"width\":225,\"height\":225,\"caption\":\"Sweepstake Casinos in Florida\"},{\"@type\":\"BreadcrumbList\",\"@id\":\"https:\/\/casinoreturn.com\/fi\/arpajaiset-kasinot-floridassa\/#breadcrumb\",\"itemListElement\":[{\"@type\":\"ListItem\",\"position\":1,\"name\":\"Home\",\"item\":\"https:\/\/casinoreturn.com\/fi\/home\/\"},{\"@type\":\"ListItem\",\"position\":2,\"name\":\"Arpajaiset kasinot Floridassa\"}]},{\"@type\":\"WebSite\",\"@id\":\"https:\/\/casinoreturn.com\/#website\",\"url\":\"https:\/\/casinoreturn.com\/\",\"name\":\"casinoreturn\",\"description\":\"\",\"publisher\":{\"@id\":\"https:\/\/casinoreturn.com\/#organization\"},\"potentialAction\":[{\"@type\":\"SearchAction\",\"target\":{\"@type\":\"EntryPoint\",\"urlTemplate\":\"https:\/\/casinoreturn.com\/?s={search_term_string}\"},\"query-input\":{\"@type\":\"PropertyValueSpecification\",\"valueRequired\":true,\"valueName\":\"search_term_string\"}}],\"inLanguage\":\"fi\"},{\"@type\":\"Organization\",\"@id\":\"https:\/\/casinoreturn.com\/#organization\",\"name\":\"casinoreturn\",\"url\":\"https:\/\/casinoreturn.com\/\",\"logo\":{\"@type\":\"ImageObject\",\"inLanguage\":\"fi\",\"@id\":\"https:\/\/casinoreturn.com\/#\/schema\/logo\/image\/\",\"url\":\"https:\/\/casinoreturn.com\/wp-content\/uploads\/2024\/09\/animal-favicon.png\",\"contentUrl\":\"https:\/\/casinoreturn.com\/wp-content\/uploads\/2024\/09\/animal-favicon.png\",\"width\":92,\"height\":92,\"caption\":\"casinoreturn\"},\"image\":{\"@id\":\"https:\/\/casinoreturn.com\/#\/schema\/logo\/image\/\"}}]}<\/script>\n<!-- \/ Yoast SEO plugin. -->","yoast_head_json":{"title":"Arpajaiset kasinot Floridassa - casinoreturn","description":"Arpajaiset Floridan kasinot ovat k\u00e4ynniss\u00e4 auringonpaisteen osavaltiossa myynninedist\u00e4miskilpailuina, eiv\u00e4t puhtaasti uhkapelein\u00e4, joten se on laillista toistaiseksi.","robots":{"index":"index","follow":"follow","max-snippet":"max-snippet:-1","max-image-preview":"max-image-preview:large","max-video-preview":"max-video-preview:-1"},"canonical":"https:\/\/casinoreturn.com\/fi\/arpajaiset-kasinot-floridassa\/","og_locale":"fi_FI","og_type":"article","og_title":"Arpajaiset kasinot Floridassa - casinoreturn","og_description":"Arpajaiset Floridan kasinot ovat k\u00e4ynniss\u00e4 auringonpaisteen osavaltiossa myynninedist\u00e4miskilpailuina, eiv\u00e4t puhtaasti uhkapelein\u00e4, joten se on laillista toistaiseksi.","og_url":"https:\/\/casinoreturn.com\/fi\/arpajaiset-kasinot-floridassa\/","og_site_name":"casinoreturn","article_modified_time":"2025-10-31T14:21:27+00:00","og_image":[{"width":225,"height":225,"url":"https:\/\/casinoreturn.com\/wp-content\/uploads\/2025\/10\/Sweepstake-Casinos-in-Florida.png","type":"image\/png"}],"twitter_card":"summary_large_image","twitter_misc":{"Arvioitu lukuaika":"2 minuuttia"},"schema":{"@context":"https:\/\/schema.org","@graph":[{"@type":"WebPage","@id":"https:\/\/casinoreturn.com\/fi\/arpajaiset-kasinot-floridassa\/","url":"https:\/\/casinoreturn.com\/fi\/arpajaiset-kasinot-floridassa\/","name":"Arpajaiset kasinot Floridassa - casinoreturn","isPartOf":{"@id":"https:\/\/casinoreturn.com\/#website"},"primaryImageOfPage":{"@id":"https:\/\/casinoreturn.com\/fi\/arpajaiset-kasinot-floridassa\/#primaryimage"},"image":{"@id":"https:\/\/casinoreturn.com\/fi\/arpajaiset-kasinot-floridassa\/#primaryimage"},"thumbnailUrl":"https:\/\/casinoreturn.com\/wp-content\/uploads\/2025\/10\/Sweepstake-Casinos-in-Florida.png","datePublished":"2025-10-17T16:07:39+00:00","dateModified":"2025-10-31T14:21:27+00:00","description":"Arpajaiset Floridan kasinot ovat k\u00e4ynniss\u00e4 auringonpaisteen osavaltiossa myynninedist\u00e4miskilpailuina, eiv\u00e4t puhtaasti uhkapelein\u00e4, joten se on laillista toistaiseksi.","breadcrumb":{"@id":"https:\/\/casinoreturn.com\/fi\/arpajaiset-kasinot-floridassa\/#breadcrumb"},"inLanguage":"fi","potentialAction":[{"@type":"ReadAction","target":["https:\/\/casinoreturn.com\/fi\/arpajaiset-kasinot-floridassa\/"]}]},{"@type":"ImageObject","inLanguage":"fi","@id":"https:\/\/casinoreturn.com\/fi\/arpajaiset-kasinot-floridassa\/#primaryimage","url":"https:\/\/casinoreturn.com\/wp-content\/uploads\/2025\/10\/Sweepstake-Casinos-in-Florida.png","contentUrl":"https:\/\/casinoreturn.com\/wp-content\/uploads\/2025\/10\/Sweepstake-Casinos-in-Florida.png","width":225,"height":225,"caption":"Sweepstake Casinos in Florida"},{"@type":"BreadcrumbList","@id":"https:\/\/casinoreturn.com\/fi\/arpajaiset-kasinot-floridassa\/#breadcrumb","itemListElement":[{"@type":"ListItem","position":1,"name":"Home","item":"https:\/\/casinoreturn.com\/fi\/home\/"},{"@type":"ListItem","position":2,"name":"Arpajaiset kasinot Floridassa"}]},{"@type":"WebSite","@id":"https:\/\/casinoreturn.com\/#website","url":"https:\/\/casinoreturn.com\/","name":"casinoreturn","description":"","publisher":{"@id":"https:\/\/casinoreturn.com\/#organization"},"potentialAction":[{"@type":"SearchAction","target":{"@type":"EntryPoint","urlTemplate":"https:\/\/casinoreturn.com\/?s={search_term_string}"},"query-input":{"@type":"PropertyValueSpecification","valueRequired":true,"valueName":"search_term_string"}}],"inLanguage":"fi"},{"@type":"Organization","@id":"https:\/\/casinoreturn.com\/#organization","name":"casinoreturn","url":"https:\/\/casinoreturn.com\/","logo":{"@type":"ImageObject","inLanguage":"fi","@id":"https:\/\/casinoreturn.com\/#\/schema\/logo\/image\/","url":"https:\/\/casinoreturn.com\/wp-content\/uploads\/2024\/09\/animal-favicon.png","contentUrl":"https:\/\/casinoreturn.com\/wp-content\/uploads\/2024\/09\/animal-favicon.png","width":92,"height":92,"caption":"casinoreturn"},"image":{"@id":"https:\/\/casinoreturn.com\/#\/schema\/logo\/image\/"}}]}},"_links":{"self":[{"href":"https:\/\/casinoreturn.com\/fi\/wp-json\/wp\/v2\/pages\/16021","targetHints":{"allow":["GET"]}}],"collection":[{"href":"https:\/\/casinoreturn.com\/fi\/wp-json\/wp\/v2\/pages"}],"about":[{"href":"https:\/\/casinoreturn.com\/fi\/wp-json\/wp\/v2\/types\/page"}],"author":[{"embeddable":true,"href":"https:\/\/casinoreturn.com\/fi\/wp-json\/wp\/v2\/users\/1"}],"replies":[{"embeddable":true,"href":"https:\/\/casinoreturn.com\/fi\/wp-json\/wp\/v2\/comments?post=16021"}],"version-history":[{"count":1,"href":"https:\/\/casinoreturn.com\/fi\/wp-json\/wp\/v2\/pages\/16021\/revisions"}],"predecessor-version":[{"id":16022,"href":"https:\/\/casinoreturn.com\/fi\/wp-json\/wp\/v2\/pages\/16021\/revisions\/16022"}],"wp:featuredmedia":[{"embeddable":true,"href":"https:\/\/casinoreturn.com\/fi\/wp-json\/wp\/v2\/media\/15497"}],"wp:attachment":[{"href":"https:\/\/casinoreturn.com\/fi\/wp-json\/wp\/v2\/media?parent=16021"}],"curies":[{"name":"wp","href":"https:\/\/api.w.org\/{rel}","templated":true}]}}