{"id":16063,"date":"2025-10-15T10:15:30","date_gmt":"2025-10-15T10:15:30","guid":{"rendered":"https:\/\/casinoreturn.com\/pennsylvanian-arvonta-kasinot\/"},"modified":"2025-10-31T14:38:13","modified_gmt":"2025-10-31T14:38:13","slug":"pennsylvanian-arvonta-kasinot","status":"publish","type":"page","link":"https:\/\/casinoreturn.com\/fi\/pennsylvanian-arvonta-kasinot\/","title":{"rendered":"Pennsylvanian arvonta kasinot"},"content":{"rendered":"\t\t<div data-elementor-type=\"wp-page\" data-elementor-id=\"16063\" class=\"elementor elementor-16063\" data-elementor-post-type=\"page\">\n\t\t\t\t<div class=\"elementor-element elementor-element-feed78d e-con-full e-flex e-con e-parent\" data-id=\"feed78d\" data-element_type=\"container\">\n\t\t\t\t<div class=\"elementor-element elementor-element-61285ac elementor-widget elementor-widget-heading\" data-id=\"61285ac\" data-element_type=\"widget\" data-widget_type=\"heading.default\">\n\t\t\t\t<div class=\"elementor-widget-container\">\n\t\t\t\t\t<h3 class=\"elementor-heading-title elementor-size-default\">Pennsylvanian arvonta kasinot<\/h3>\t\t\t\t<\/div>\n\t\t\t\t<\/div>\n\t\t\t\t<div class=\"elementor-element elementor-element-d2600d4 elementor-widget elementor-widget-text-editor\" data-id=\"d2600d4\" data-element_type=\"widget\" data-widget_type=\"text-editor.default\">\n\t\t\t\t<div class=\"elementor-widget-container\">\n\t\t\t\t\t\t\t\t\t<p>Arpajaiskasinot Pennsylvaniassa ovat Limbossa sen j\u00e4lkeen, kun PGCB, The Pennsylvania Gaming Control Board, antoi ilmoituksen 18 aktiiviselle arpajaisoperaattorille.  <\/p>\n<p><img decoding=\"async\" class=\"alignnone size-medium wp-image-14813\" src=\"https:\/\/casinoreturn.com\/wp-content\/uploads\/2025\/10\/Sweep-stake-casino-return-300x166.jpg\" alt=\"Sweep panos kasino palautus\" width=\"300\" height=\"166\" srcset=\"https:\/\/casinoreturn.com\/wp-content\/uploads\/2025\/10\/Sweep-stake-casino-return-300x166.jpg 300w, https:\/\/casinoreturn.com\/wp-content\/uploads\/2025\/10\/Sweep-stake-casino-return-768x424.jpg 768w, https:\/\/casinoreturn.com\/wp-content\/uploads\/2025\/10\/Sweep-stake-casino-return.jpg 906w\" sizes=\"(max-width: 300px) 100vw, 300px\" \/><\/p>\n<p>Huhtikuussa 2025 kyseisille yrityksille annettiin kirje, jossa ne lopettivat toimintansa Pennsylvaniassa. Monet toimijat ovat jo lopettaneet tarjouksensa asukkaille ja lopettaneet liiketoimintansa. PGCB:n tiedottajat pit\u00e4v\u00e4t arpajaiskasinoita laittomina ja ovat ottaneet tiukemman kannan ilmoituksen t\u00e4yt\u00e4nt\u00f6\u00f6npanemiseksi.  <\/p>\n<p><strong>T\u00e4ss\u00e4 artikkelissa <\/strong><\/p>\n<ul>\n<li><a href=\"https:\/\/casinoreturn.com\/fi\/pennsylvanian-arvonta-kasinot\/#legal\">Onko vedonly\u00f6nti laillista Pennsylvaniassa?<\/a><\/li>\n<li>Mobiilioperaattorit tarjoavat urheiluvedonly\u00f6nti\u00e4 PA:ssa<\/li>\n<li><a href=\"https:\/\/casinoreturn.com\/pennsylvania-sweepstake#list\">Luettelo kasinoista Pennsylvaniassa  <\/a><\/li>\n<li><a href=\"https:\/\/casinoreturn.com\/pennsylvania-sweepstake#real\">Voinko pelata oikealla rahalla Pennsylvaniassa?<\/a><\/li>\n<li><a href=\"https:\/\/casinoreturn.com\/pennsylvania-sweepstake#faq\">UKK Arpajaiset kasinot Pennsylvaniassa  <\/a><\/li>\n<\/ul>\n<p><img decoding=\"async\" class=\"alignnone wp-image-15387\" src=\"https:\/\/casinoreturn.com\/wp-content\/uploads\/2025\/10\/Pennsylvania-Sweepstake-Casinos-300x215.jpg\" alt=\"Pennsylvanian arvonta kasinot\" width=\"250\" height=\"179\" srcset=\"https:\/\/casinoreturn.com\/wp-content\/uploads\/2025\/10\/Pennsylvania-Sweepstake-Casinos-300x215.jpg 300w, https:\/\/casinoreturn.com\/wp-content\/uploads\/2025\/10\/Pennsylvania-Sweepstake-Casinos-768x549.jpg 768w, https:\/\/casinoreturn.com\/wp-content\/uploads\/2025\/10\/Pennsylvania-Sweepstake-Casinos.jpg 800w\" sizes=\"(max-width: 250px) 100vw, 250px\" \/><\/p>\n\t\t\t\t\t\t\t\t<\/div>\n\t\t\t\t<\/div>\n\t\t\t\t<div class=\"elementor-element elementor-element-3291067 elementor-widget elementor-widget-heading\" data-id=\"3291067\" data-element_type=\"widget\" id=\"legal\" data-widget_type=\"heading.default\">\n\t\t\t\t<div class=\"elementor-widget-container\">\n\t\t\t\t\t<h3 class=\"elementor-heading-title elementor-size-default\">Onko urheiluvedonly\u00f6nti laillista Pennsylvaniassa?  <\/h3>\t\t\t\t<\/div>\n\t\t\t\t<\/div>\n\t\t\t\t<div class=\"elementor-element elementor-element-5ef6b05 elementor-widget elementor-widget-text-editor\" data-id=\"5ef6b05\" data-element_type=\"widget\" data-widget_type=\"text-editor.default\">\n\t\t\t\t<div class=\"elementor-widget-container\">\n\t\t\t\t\t\t\t\t\t<p>Urheiluvedonly\u00f6nti Pennsylvaniassa on laillista ja sit\u00e4 s\u00e4\u00e4ntelee PGCB, The Pennsylvania Gaming Control Board vuodesta 2017 l\u00e4htien House Bill 271:n nojalla. Jotta tuotemerkki voi hakea lisenssi\u00e4 v\u00e4hitt\u00e4ismyynti- ja mobiilivedonly\u00f6ntitoiminnan harjoittamiseen, sen on haettava PGCB:lt\u00e4 itse urheiluvedonly\u00f6ntitodistusta ja maksettava muhkea 10 miljoonan dollarin lisenssimaksu. Verot ovat 36 prosenttia melko korkeat, mik\u00e4 on p\u00e4\u00e4syy siihen, ett\u00e4 vain kymmenill\u00e4 tuotemerkeill\u00e4 on lisenssi.  <\/p>\n<p>Mutta rajoituksia on olemassa. Pennsylvania EI salli High School -vedonly\u00f6nti\u00e4, kuten ei muuten muutkaan Yhdysvaltojen osavaltiot. Sama p\u00e4tee kotimaassa j\u00e4rjestett\u00e4viin korkeakoulujen urheilutapahtumiin.  <\/p>\n<p>Yksi rajoitus erottuu muista, ja se on politiikkaan liittyv\u00e4 vedonly\u00f6nti. T\u00e4m\u00e4 ei onnistu Pennsylvaniassa.  <\/p>\n<p>My\u00f6s eSport-vedonly\u00f6nti on toistaiseksi suljettu pois PGCB:n lain ja toimivallan alaisuudesta.  <\/p>\n<h4>Urheiluvedonly\u00f6nti\u00e4 PA:ssa tarjoavat mobiiliverkko-operaattorit<\/h4>\n<ul>\n<li>FanDuel, lisensoitu vuodesta 2021, Luotettava, hyv\u00e4maineinen vedonly\u00f6ntimerkki<\/li>\n<li>DraftKings, lisensoitu vuodesta 2020, yhdysvaltalainen operaattori, jolla on valtava seuraajam\u00e4\u00e4r\u00e4<\/li>\n<li>BetMGM, lisensoitu vuodesta 2020, 5 suurimman pelaajan joukossa Yhdysvalloissa<\/li>\n<li>bet365, lisensoitu vuodesta 2025, Euroopan vastaus Fanduelille ja Co:lle.<\/li>\n<li>Pala Interactive, toimilupa my\u00f6nnetty vuodesta 2022, keskisuuri toimija PA:ssa.<\/li>\n<li>UniBet, hyv\u00e4ksytty kasinolle ja urheiluvedonly\u00f6nnille<\/li>\n<li>SBTech Malta Ltd, alusta urheiluvedonly\u00f6nti\u00e4 tarjoaville tuotemerkeille  <\/li>\n<li>American Wagering, hyv\u00e4ksynt\u00e4\u00e4 odotetaan<\/li>\n<\/ul>\n\t\t\t\t\t\t\t\t<\/div>\n\t\t\t\t<\/div>\n\t\t\t\t<div class=\"elementor-element elementor-element-35f12d6 elementor-widget elementor-widget-heading\" data-id=\"35f12d6\" data-element_type=\"widget\" id=\"list\" data-widget_type=\"heading.default\">\n\t\t\t\t<div class=\"elementor-widget-container\">\n\t\t\t\t\t<h3 class=\"elementor-heading-title elementor-size-default\">Luettelo kasinoista Pennsylvaniassa<\/h3>\t\t\t\t<\/div>\n\t\t\t\t<\/div>\n\t\t\t\t<div class=\"elementor-element elementor-element-7dcb10b elementor-view-default elementor-widget elementor-widget-icon\" data-id=\"7dcb10b\" data-element_type=\"widget\" data-widget_type=\"icon.default\">\n\t\t\t\t<div class=\"elementor-widget-container\">\n\t\t\t\t\t\t\t<div class=\"elementor-icon-wrapper\">\n\t\t\t<div class=\"elementor-icon\">\n\t\t\t<i aria-hidden=\"true\" class=\"fas fa-star\"><\/i>\t\t\t<\/div>\n\t\t<\/div>\n\t\t\t\t\t\t<\/div>\n\t\t\t\t<\/div>\n\t\t\t\t<div class=\"elementor-element elementor-element-eb36c18 elementor-widget elementor-widget-text-editor\" data-id=\"eb36c18\" data-element_type=\"widget\" data-widget_type=\"text-editor.default\">\n\t\t\t\t<div class=\"elementor-widget-container\">\n\t\t\t\t\t\t\t\t\t<h4>Bet365 Urheiluvedonly\u00f6nti  <\/h4>\n<ul>\n<li>100% tervetuliaisbonus jopa USD $ 1000 + 500 kierrosta<\/li>\n<li>Minimitalletus USD$10  <\/li>\n<li>Alhainen panostus vain 25 kertaa<\/li>\n<li>Yksi parhaista saatavilla olevista urheiluvedonly\u00f6ntisovelluksista<\/li>\n<li> <\/li>\n<\/ul>\n\t\t\t\t\t\t\t\t<\/div>\n\t\t\t\t<\/div>\n\t\t\t\t<div class=\"elementor-element elementor-element-da802c6 elementor-align-center elementor-widget elementor-widget-button\" data-id=\"da802c6\" data-element_type=\"widget\" data-widget_type=\"button.default\">\n\t\t\t\t<div class=\"elementor-widget-container\">\n\t\t\t\t\t\t\t\t\t<div class=\"elementor-button-wrapper\">\n\t\t\t\t\t<a class=\"elementor-button elementor-button-link elementor-size-sm\" href=\"#\">\n\t\t\t\t\t\t<span class=\"elementor-button-content-wrapper\">\n\t\t\t\t\t\t\t\t\t<span class=\"elementor-button-text\">Lunasta t\u00e4\u00e4ll\u00e4 Bet365:lle  <\/span>\n\t\t\t\t\t<\/span>\n\t\t\t\t\t<\/a>\n\t\t\t\t<\/div>\n\t\t\t\t\t\t\t\t<\/div>\n\t\t\t\t<\/div>\n\t\t\t\t<div class=\"elementor-element elementor-element-ff1e285 elementor-widget elementor-widget-heading\" data-id=\"ff1e285\" data-element_type=\"widget\" id=\"real\" data-widget_type=\"heading.default\">\n\t\t\t\t<div class=\"elementor-widget-container\">\n\t\t\t\t\t<h3 class=\"elementor-heading-title elementor-size-default\">Voinko pelata oikealla rahalla Pennsylvaniassa?<\/h3>\t\t\t\t<\/div>\n\t\t\t\t<\/div>\n\t\t\t\t<div class=\"elementor-element elementor-element-f23df3a elementor-widget elementor-widget-text-editor\" data-id=\"f23df3a\" data-element_type=\"widget\" data-widget_type=\"text-editor.default\">\n\t\t\t\t<div class=\"elementor-widget-container\">\n\t\t\t\t\t\t\t\t\t<p>Kyll\u00e4, Pennsylvanian asukkaat voivat pelata oikealla rahalla kasinoilla. V\u00e4himm\u00e4isik\u00e4 21+. Olemme koonneet luettelon nykyisist\u00e4 maalla toimivista kasinoista Pennsylvaniassa.  <\/p>\n<p><strong>Maalla sijaitsevat kasinot PA, US<\/strong><\/p>\n<ul>\n<li>Harrahs PA Casino ja kilparata, Chesteriss\u00e4<\/li>\n<li>Rivers Casino PA,  <\/li>\n<li>Parx Casino ja kilpaurheilu, Bensalem<\/li>\n<li>Live! Hotelli ja kasino, PA<\/li>\n<li>Valley Forge Resort, King of Prussia<\/li>\n<li>Hollywood Casino at Penn National Race Course, Grantville<\/li>\n<li>Mohegan Sun Pocono, Wilkes-Barre<\/li>\n<li>Lady Luck Casino, Farmington<\/li>\n<\/ul>\n\t\t\t\t\t\t\t\t<\/div>\n\t\t\t\t<\/div>\n\t\t\t\t<div class=\"elementor-element elementor-element-f9f4919 elementor-widget elementor-widget-heading\" data-id=\"f9f4919\" data-element_type=\"widget\" id=\"faq\" data-widget_type=\"heading.default\">\n\t\t\t\t<div class=\"elementor-widget-container\">\n\t\t\t\t\t<h3 class=\"elementor-heading-title elementor-size-default\">UKK Arpajaiset kasinot Pennsylvaniassa<\/h3>\t\t\t\t<\/div>\n\t\t\t\t<\/div>\n\t\t\t\t<div class=\"elementor-element elementor-element-3f14f5d elementor-widget elementor-widget-elementskit-faq\" data-id=\"3f14f5d\" data-element_type=\"widget\" data-widget_type=\"elementskit-faq.default\">\n\t\t\t\t<div class=\"elementor-widget-container\">\n\t\t\t\t\t<div class=\"ekit-wid-con\" >\n                <div class=\"elementskit-single-faq elementor-repeater-item-f98fd40\">\n            <div class=\"elementskit-faq-header\">\n                <h2 class=\"elementskit-faq-title\">Are Social Casinos legal in PA?<\/h2>\n            <\/div>\n            <div class=\"elementskit-faq-body\">\n                Social casinos offering sweepstakes promotions were prohibited in April 2025 by the PGCB. Those operators were deemed illegal and therefore faced a shutdown. 18 known brands received a letter of cease-and-desist from the board            <\/div>\n        <\/div>\n                <div class=\"elementskit-single-faq elementor-repeater-item-dde268b\">\n            <div class=\"elementskit-faq-header\">\n                <h2 class=\"elementskit-faq-title\">Which legal casinos can I visit in PA?<\/h2>\n            <\/div>\n            <div class=\"elementskit-faq-body\">\n                Player of the age of 21+ are allowed to visit land-based casinos. The PCGB also issues licences to Online Casinos, Mobile Sports Betting operators, Online Poker, and Fantasy sports.            <\/div>\n        <\/div>\n                <div class=\"elementskit-single-faq elementor-repeater-item-525abea\">\n            <div class=\"elementskit-faq-header\">\n                <h2 class=\"elementskit-faq-title\">Can I bet on Colleague Football in PA?<\/h2>\n            <\/div>\n            <div class=\"elementskit-faq-body\">\n                The answer is NO, you can't. \n\nBetting on High school events are illegal \nBetting on Colleague events are illegal\nBetting on Politics are illegal\neSports Betting is illegal             <\/div>\n        <\/div>\n                \n    <\/div>\t\t\t\t<\/div>\n\t\t\t\t<\/div>\n\t\t\t\t<\/div>\n\t\t\t\t<\/div>\n\t\t","protected":false},"excerpt":{"rendered":"<p>Pennsylvanian arvonta kasinot Arpajaiskasinot Pennsylvaniassa ovat Limbossa sen j\u00e4lkeen, kun PGCB, The Pennsylvania Gaming Control Board, antoi ilmoituksen 18 aktiiviselle arpajaisoperaattorille. Huhtikuussa 2025 kyseisille yrityksille annettiin kirje, jossa ne lopettivat toimintansa Pennsylvaniassa. Monet toimijat ovat jo lopettaneet tarjouksensa asukkaille ja lopettaneet liiketoimintansa. PGCB:n tiedottajat pit\u00e4v\u00e4t arpajaiskasinoita laittomina ja ovat ottaneet tiukemman kannan ilmoituksen t\u00e4yt\u00e4nt\u00f6\u00f6npanemiseksi. T\u00e4ss\u00e4 [&hellip;]<\/p>\n","protected":false},"author":1,"featured_media":15388,"parent":0,"menu_order":0,"comment_status":"closed","ping_status":"closed","template":"","meta":{"footnotes":""},"class_list":["post-16063","page","type-page","status-publish","has-post-thumbnail","hentry"],"blocksy_meta":[],"acf":[],"yoast_head":"<!-- This site is optimized with the Yoast SEO plugin v24.1 - https:\/\/yoast.com\/wordpress\/plugins\/seo\/ -->\n<title>Pennsylvanian arvonta kasinot - casinoreturn<\/title>\n<meta name=\"description\" content=\"Pennsylvanian Sweepstake-kasinot Gaming Control Boardin valvonnassa. 18 arpajaisoperaattoria sai ilmoituksen vet\u00e4\u00e4 tuotemerkkins\u00e4 pois.\" \/>\n<meta name=\"robots\" content=\"index, follow, max-snippet:-1, max-image-preview:large, max-video-preview:-1\" \/>\n<link rel=\"canonical\" href=\"https:\/\/casinoreturn.com\/fi\/pennsylvanian-arvonta-kasinot\/\" \/>\n<meta property=\"og:locale\" content=\"fi_FI\" \/>\n<meta property=\"og:type\" content=\"article\" \/>\n<meta property=\"og:title\" content=\"Pennsylvanian arvonta kasinot - casinoreturn\" \/>\n<meta property=\"og:description\" content=\"Pennsylvanian Sweepstake-kasinot Gaming Control Boardin valvonnassa. 18 arpajaisoperaattoria sai ilmoituksen vet\u00e4\u00e4 tuotemerkkins\u00e4 pois.\" \/>\n<meta property=\"og:url\" content=\"https:\/\/casinoreturn.com\/fi\/pennsylvanian-arvonta-kasinot\/\" \/>\n<meta property=\"og:site_name\" content=\"casinoreturn\" \/>\n<meta property=\"article:modified_time\" content=\"2025-10-31T14:38:13+00:00\" \/>\n<meta property=\"og:image\" content=\"https:\/\/casinoreturn.com\/wp-content\/uploads\/2025\/10\/Pennsylvania-Sweepstake-Casinos.jpg\" \/>\n\t<meta property=\"og:image:width\" content=\"800\" \/>\n\t<meta property=\"og:image:height\" content=\"572\" \/>\n\t<meta property=\"og:image:type\" content=\"image\/jpeg\" \/>\n<meta name=\"twitter:card\" content=\"summary_large_image\" \/>\n<meta name=\"twitter:label1\" content=\"Arvioitu lukuaika\" \/>\n\t<meta name=\"twitter:data1\" content=\"2 minuuttia\" \/>\n<script type=\"application\/ld+json\" class=\"yoast-schema-graph\">{\"@context\":\"https:\/\/schema.org\",\"@graph\":[{\"@type\":\"WebPage\",\"@id\":\"https:\/\/casinoreturn.com\/fi\/pennsylvanian-arvonta-kasinot\/\",\"url\":\"https:\/\/casinoreturn.com\/fi\/pennsylvanian-arvonta-kasinot\/\",\"name\":\"Pennsylvanian arvonta kasinot - casinoreturn\",\"isPartOf\":{\"@id\":\"https:\/\/casinoreturn.com\/#website\"},\"primaryImageOfPage\":{\"@id\":\"https:\/\/casinoreturn.com\/fi\/pennsylvanian-arvonta-kasinot\/#primaryimage\"},\"image\":{\"@id\":\"https:\/\/casinoreturn.com\/fi\/pennsylvanian-arvonta-kasinot\/#primaryimage\"},\"thumbnailUrl\":\"https:\/\/casinoreturn.com\/wp-content\/uploads\/2025\/10\/Pennsylvania-Sweepstake-Casinos.jpg\",\"datePublished\":\"2025-10-15T10:15:30+00:00\",\"dateModified\":\"2025-10-31T14:38:13+00:00\",\"description\":\"Pennsylvanian Sweepstake-kasinot Gaming Control Boardin valvonnassa. 18 arpajaisoperaattoria sai ilmoituksen vet\u00e4\u00e4 tuotemerkkins\u00e4 pois.\",\"breadcrumb\":{\"@id\":\"https:\/\/casinoreturn.com\/fi\/pennsylvanian-arvonta-kasinot\/#breadcrumb\"},\"inLanguage\":\"fi\",\"potentialAction\":[{\"@type\":\"ReadAction\",\"target\":[\"https:\/\/casinoreturn.com\/fi\/pennsylvanian-arvonta-kasinot\/\"]}]},{\"@type\":\"ImageObject\",\"inLanguage\":\"fi\",\"@id\":\"https:\/\/casinoreturn.com\/fi\/pennsylvanian-arvonta-kasinot\/#primaryimage\",\"url\":\"https:\/\/casinoreturn.com\/wp-content\/uploads\/2025\/10\/Pennsylvania-Sweepstake-Casinos.jpg\",\"contentUrl\":\"https:\/\/casinoreturn.com\/wp-content\/uploads\/2025\/10\/Pennsylvania-Sweepstake-Casinos.jpg\",\"width\":800,\"height\":572,\"caption\":\"Pennsylvania Sweepstake Casinos\"},{\"@type\":\"BreadcrumbList\",\"@id\":\"https:\/\/casinoreturn.com\/fi\/pennsylvanian-arvonta-kasinot\/#breadcrumb\",\"itemListElement\":[{\"@type\":\"ListItem\",\"position\":1,\"name\":\"Home\",\"item\":\"https:\/\/casinoreturn.com\/fi\/home\/\"},{\"@type\":\"ListItem\",\"position\":2,\"name\":\"Pennsylvanian arvonta kasinot\"}]},{\"@type\":\"WebSite\",\"@id\":\"https:\/\/casinoreturn.com\/#website\",\"url\":\"https:\/\/casinoreturn.com\/\",\"name\":\"casinoreturn\",\"description\":\"\",\"publisher\":{\"@id\":\"https:\/\/casinoreturn.com\/#organization\"},\"potentialAction\":[{\"@type\":\"SearchAction\",\"target\":{\"@type\":\"EntryPoint\",\"urlTemplate\":\"https:\/\/casinoreturn.com\/?s={search_term_string}\"},\"query-input\":{\"@type\":\"PropertyValueSpecification\",\"valueRequired\":true,\"valueName\":\"search_term_string\"}}],\"inLanguage\":\"fi\"},{\"@type\":\"Organization\",\"@id\":\"https:\/\/casinoreturn.com\/#organization\",\"name\":\"casinoreturn\",\"url\":\"https:\/\/casinoreturn.com\/\",\"logo\":{\"@type\":\"ImageObject\",\"inLanguage\":\"fi\",\"@id\":\"https:\/\/casinoreturn.com\/#\/schema\/logo\/image\/\",\"url\":\"https:\/\/casinoreturn.com\/wp-content\/uploads\/2024\/09\/animal-favicon.png\",\"contentUrl\":\"https:\/\/casinoreturn.com\/wp-content\/uploads\/2024\/09\/animal-favicon.png\",\"width\":92,\"height\":92,\"caption\":\"casinoreturn\"},\"image\":{\"@id\":\"https:\/\/casinoreturn.com\/#\/schema\/logo\/image\/\"}}]}<\/script>\n<!-- \/ Yoast SEO plugin. -->","yoast_head_json":{"title":"Pennsylvanian arvonta kasinot - casinoreturn","description":"Pennsylvanian Sweepstake-kasinot Gaming Control Boardin valvonnassa. 18 arpajaisoperaattoria sai ilmoituksen vet\u00e4\u00e4 tuotemerkkins\u00e4 pois.","robots":{"index":"index","follow":"follow","max-snippet":"max-snippet:-1","max-image-preview":"max-image-preview:large","max-video-preview":"max-video-preview:-1"},"canonical":"https:\/\/casinoreturn.com\/fi\/pennsylvanian-arvonta-kasinot\/","og_locale":"fi_FI","og_type":"article","og_title":"Pennsylvanian arvonta kasinot - casinoreturn","og_description":"Pennsylvanian Sweepstake-kasinot Gaming Control Boardin valvonnassa. 18 arpajaisoperaattoria sai ilmoituksen vet\u00e4\u00e4 tuotemerkkins\u00e4 pois.","og_url":"https:\/\/casinoreturn.com\/fi\/pennsylvanian-arvonta-kasinot\/","og_site_name":"casinoreturn","article_modified_time":"2025-10-31T14:38:13+00:00","og_image":[{"width":800,"height":572,"url":"https:\/\/casinoreturn.com\/wp-content\/uploads\/2025\/10\/Pennsylvania-Sweepstake-Casinos.jpg","type":"image\/jpeg"}],"twitter_card":"summary_large_image","twitter_misc":{"Arvioitu lukuaika":"2 minuuttia"},"schema":{"@context":"https:\/\/schema.org","@graph":[{"@type":"WebPage","@id":"https:\/\/casinoreturn.com\/fi\/pennsylvanian-arvonta-kasinot\/","url":"https:\/\/casinoreturn.com\/fi\/pennsylvanian-arvonta-kasinot\/","name":"Pennsylvanian arvonta kasinot - casinoreturn","isPartOf":{"@id":"https:\/\/casinoreturn.com\/#website"},"primaryImageOfPage":{"@id":"https:\/\/casinoreturn.com\/fi\/pennsylvanian-arvonta-kasinot\/#primaryimage"},"image":{"@id":"https:\/\/casinoreturn.com\/fi\/pennsylvanian-arvonta-kasinot\/#primaryimage"},"thumbnailUrl":"https:\/\/casinoreturn.com\/wp-content\/uploads\/2025\/10\/Pennsylvania-Sweepstake-Casinos.jpg","datePublished":"2025-10-15T10:15:30+00:00","dateModified":"2025-10-31T14:38:13+00:00","description":"Pennsylvanian Sweepstake-kasinot Gaming Control Boardin valvonnassa. 18 arpajaisoperaattoria sai ilmoituksen vet\u00e4\u00e4 tuotemerkkins\u00e4 pois.","breadcrumb":{"@id":"https:\/\/casinoreturn.com\/fi\/pennsylvanian-arvonta-kasinot\/#breadcrumb"},"inLanguage":"fi","potentialAction":[{"@type":"ReadAction","target":["https:\/\/casinoreturn.com\/fi\/pennsylvanian-arvonta-kasinot\/"]}]},{"@type":"ImageObject","inLanguage":"fi","@id":"https:\/\/casinoreturn.com\/fi\/pennsylvanian-arvonta-kasinot\/#primaryimage","url":"https:\/\/casinoreturn.com\/wp-content\/uploads\/2025\/10\/Pennsylvania-Sweepstake-Casinos.jpg","contentUrl":"https:\/\/casinoreturn.com\/wp-content\/uploads\/2025\/10\/Pennsylvania-Sweepstake-Casinos.jpg","width":800,"height":572,"caption":"Pennsylvania Sweepstake Casinos"},{"@type":"BreadcrumbList","@id":"https:\/\/casinoreturn.com\/fi\/pennsylvanian-arvonta-kasinot\/#breadcrumb","itemListElement":[{"@type":"ListItem","position":1,"name":"Home","item":"https:\/\/casinoreturn.com\/fi\/home\/"},{"@type":"ListItem","position":2,"name":"Pennsylvanian arvonta kasinot"}]},{"@type":"WebSite","@id":"https:\/\/casinoreturn.com\/#website","url":"https:\/\/casinoreturn.com\/","name":"casinoreturn","description":"","publisher":{"@id":"https:\/\/casinoreturn.com\/#organization"},"potentialAction":[{"@type":"SearchAction","target":{"@type":"EntryPoint","urlTemplate":"https:\/\/casinoreturn.com\/?s={search_term_string}"},"query-input":{"@type":"PropertyValueSpecification","valueRequired":true,"valueName":"search_term_string"}}],"inLanguage":"fi"},{"@type":"Organization","@id":"https:\/\/casinoreturn.com\/#organization","name":"casinoreturn","url":"https:\/\/casinoreturn.com\/","logo":{"@type":"ImageObject","inLanguage":"fi","@id":"https:\/\/casinoreturn.com\/#\/schema\/logo\/image\/","url":"https:\/\/casinoreturn.com\/wp-content\/uploads\/2024\/09\/animal-favicon.png","contentUrl":"https:\/\/casinoreturn.com\/wp-content\/uploads\/2024\/09\/animal-favicon.png","width":92,"height":92,"caption":"casinoreturn"},"image":{"@id":"https:\/\/casinoreturn.com\/#\/schema\/logo\/image\/"}}]}},"_links":{"self":[{"href":"https:\/\/casinoreturn.com\/fi\/wp-json\/wp\/v2\/pages\/16063","targetHints":{"allow":["GET"]}}],"collection":[{"href":"https:\/\/casinoreturn.com\/fi\/wp-json\/wp\/v2\/pages"}],"about":[{"href":"https:\/\/casinoreturn.com\/fi\/wp-json\/wp\/v2\/types\/page"}],"author":[{"embeddable":true,"href":"https:\/\/casinoreturn.com\/fi\/wp-json\/wp\/v2\/users\/1"}],"replies":[{"embeddable":true,"href":"https:\/\/casinoreturn.com\/fi\/wp-json\/wp\/v2\/comments?post=16063"}],"version-history":[{"count":1,"href":"https:\/\/casinoreturn.com\/fi\/wp-json\/wp\/v2\/pages\/16063\/revisions"}],"predecessor-version":[{"id":16064,"href":"https:\/\/casinoreturn.com\/fi\/wp-json\/wp\/v2\/pages\/16063\/revisions\/16064"}],"wp:featuredmedia":[{"embeddable":true,"href":"https:\/\/casinoreturn.com\/fi\/wp-json\/wp\/v2\/media\/15388"}],"wp:attachment":[{"href":"https:\/\/casinoreturn.com\/fi\/wp-json\/wp\/v2\/media?parent=16063"}],"curies":[{"name":"wp","href":"https:\/\/api.w.org\/{rel}","templated":true}]}}