{"id":16214,"date":"2025-11-04T22:06:23","date_gmt":"2025-11-04T22:06:23","guid":{"rendered":"https:\/\/casinoreturn.com\/lansi-virginian-arvonta-nettikasino\/"},"modified":"2025-11-04T22:51:25","modified_gmt":"2025-11-04T22:51:25","slug":"lansi-virginian-arvonta-nettikasino","status":"publish","type":"page","link":"https:\/\/casinoreturn.com\/fi\/lansi-virginian-arvonta-nettikasino\/","title":{"rendered":"L\u00e4nsi-Virginian arvonta nettikasino"},"content":{"rendered":"\t\t<div data-elementor-type=\"wp-page\" data-elementor-id=\"16214\" class=\"elementor elementor-16214\" data-elementor-post-type=\"page\">\n\t\t\t\t<div class=\"elementor-element elementor-element-a25ba4b e-con-full e-flex e-con e-parent\" data-id=\"a25ba4b\" data-element_type=\"container\" data-settings=\"{&quot;background_background&quot;:&quot;gradient&quot;}\">\n\t\t\t\t<div class=\"elementor-element elementor-element-d034d04 elementor-widget elementor-widget-heading\" data-id=\"d034d04\" data-element_type=\"widget\" data-widget_type=\"heading.default\">\n\t\t\t\t<div class=\"elementor-widget-container\">\n\t\t\t\t\t<h3 class=\"elementor-heading-title elementor-size-default\">Virginia Sweepstake nettikasino<\/h3>\t\t\t\t<\/div>\n\t\t\t\t<\/div>\n\t\t\t\t<div class=\"elementor-element elementor-element-18d8fc5 elementor-widget elementor-widget-text-editor\" data-id=\"18d8fc5\" data-element_type=\"widget\" data-widget_type=\"text-editor.default\">\n\t\t\t\t<div class=\"elementor-widget-container\">\n\t\t\t\t\t\t\t\t\t<p>West Virginia Sweepstake Online Casino s\u00e4\u00e4nn\u00f6t ovat ohuella j\u00e4\u00e4ll\u00e4 toistaiseksi. T\u00e4m\u00e4 tarkoittaa, ett\u00e4 nettikasinot, jotka tarjoavat p\u00e4\u00e4syn tallettamalla rahaa pelaamaan ja voittamaan k\u00e4teist\u00e4, eiv\u00e4t itse asiassa ole laillisia. Sweepstake-kasinot toimivat niin sanotun kaksoisvaluuttamallin mukaisesti. T\u00e4m\u00e4 kaksoisvaluuttamalli antaa pelaajille p\u00e4\u00e4syn alustalle, mutta talletusta ei tarvita. K\u00e4teist\u00e4 ei voi voittaa suoraan tai vaihtaa. Arpajaiset toimivat lunastettavilla kolikoilla, jotka voidaan sitten vaihtaa.  <a href=\"https:\/\/casinoreturn.com\/fi\/sweep-stake-casino-return-usa\/\">Lis\u00e4\u00e4 tietoa lakauksista ja kultakolikoista l\u00f6yd\u00e4t t\u00e4\u00e4lt\u00e4.  <\/a><\/p>\n<p>Pelaajat voivat my\u00f6s l\u00f6yt\u00e4\u00e4 lis\u00e4tietoja yksitt\u00e4isten Yhdysvaltojen osavaltioiden lains\u00e4\u00e4d\u00e4nn\u00f6st\u00e4, kuten <a href=\"https:\/\/casinoreturn.com\/fi\/new-yorkin-arpajaiset-kasinot\/\">New Yorkin voittokasinot<\/a> tai <a href=\"https:\/\/casinoreturn.com\/california-bans-social-sweepstake-games\/\">Kalifornian voittokasinoiden kielto. <\/a> <\/p>\n<p>T\u00e4ss\u00e4 artikkelissa selit\u00e4mme:  <\/p>\n<ul>\n<li><a href=\"https:\/\/casinoreturn.com\/fi\/lansi-virginian-arvonta-nettikasino\/#curr\">L\u00e4nsi-Virginian nykyiset arvontoja koskevat s\u00e4\u00e4nn\u00f6kset<\/a><\/li>\n<li>Maalla sijaitsevat kasinot West Virginia  <\/li>\n<li><a href=\"https:\/\/casinoreturn.com\/fi\/lansi-virginian-arvonta-nettikasino\/#top\">Top 10 voittokasinot West Virginia<\/a> <\/li>\n<li><a href=\"https:\/\/casinoreturn.com\/fi\/lansi-virginian-arvonta-nettikasino\/#sport\">Urheiluvedonly\u00f6nti L\u00e4nsi-Virginiassa<\/a><\/li>\n<li><a href=\"https:\/\/casinoreturn.com\/fi\/lansi-virginian-arvonta-nettikasino\/#faq\">UKK L\u00e4nsi-Virginian arvontakasinot<\/a><\/li>\n<li><a href=\"https:\/\/casinoreturn.com\/fi\/lansi-virginian-arvonta-nettikasino\/#curio\">L\u00e4nsi-Virginiasta, Yhdysvallat<\/a><\/li>\n<\/ul>\n\t\t\t\t\t\t\t\t<\/div>\n\t\t\t\t<\/div>\n\t\t\t\t<\/div>\n\t\t<div class=\"elementor-element elementor-element-920cb2f e-con-full e-flex e-con e-parent\" data-id=\"920cb2f\" data-element_type=\"container\" data-settings=\"{&quot;background_background&quot;:&quot;gradient&quot;}\">\n\t\t\t\t<div class=\"elementor-element elementor-element-5ede9b0 elementor-widget__width-initial elementor-widget elementor-widget-image\" data-id=\"5ede9b0\" data-element_type=\"widget\" data-widget_type=\"image.default\">\n\t\t\t\t<div class=\"elementor-widget-container\">\n\t\t\t\t\t\t\t\t\t\t\t\t\t\t\t<img decoding=\"async\" src=\"https:\/\/casinoreturn.com\/wp-content\/uploads\/elementor\/thumbs\/Sweep-stake-casino-return-rcsvuhhg8ru7ojla0mlxbz0ez2n9j5cipfa82r7ohw.jpg\" title=\"Sweep stake casino return\" alt=\"Sweep stake casino return\" loading=\"lazy\" \/>\t\t\t\t\t\t\t\t\t\t\t\t\t\t\t<\/div>\n\t\t\t\t<\/div>\n\t\t\t\t<div class=\"elementor-element elementor-element-21b3226 elementor-widget elementor-widget-heading\" data-id=\"21b3226\" data-element_type=\"widget\" id=\"curr\" data-widget_type=\"heading.default\">\n\t\t\t\t<div class=\"elementor-widget-container\">\n\t\t\t\t\t<h3 class=\"elementor-heading-title elementor-size-default\">L\u00e4nsi-Virginian nykyiset arpajaiss\u00e4\u00e4nn\u00f6kset<\/h3>\t\t\t\t<\/div>\n\t\t\t\t<\/div>\n\t\t\t\t<\/div>\n\t\t<div class=\"elementor-element elementor-element-165ad87 e-con-full e-flex e-con e-parent\" data-id=\"165ad87\" data-element_type=\"container\">\n\t\t\t\t<div class=\"elementor-element elementor-element-8fc0205 elementor-widget elementor-widget-text-editor\" data-id=\"8fc0205\" data-element_type=\"widget\" data-widget_type=\"text-editor.default\">\n\t\t\t\t<div class=\"elementor-widget-container\">\n\t\t\t\t\t\t\t\t\t<p>L\u00e4nsi-Virginian arpajaiskasinoiden nykytilanne on l\u00f6ys\u00e4ll\u00e4 pohjalla, mutta se on edelleen laillinen. W&#8217;Virginian lains\u00e4\u00e4t\u00e4j\u00e4t pit\u00e4v\u00e4t kaksivaluuttamallia k\u00e4ytt\u00e4vi\u00e4 toimijoita rahapelien ulkopuolisena toimintana. T\u00e4t\u00e4 mallia tarkastellaan yh\u00e4 tarkemmin kaikilta tahoilta. Kalifornian ja <a href=\"https:\/\/casinoreturn.com\/fi\/pennsylvanian-arvonta-kasinot\/\">Pennsylvanian kaltaiset osavaltiot joko kielt\u00e4v\u00e4t tai kielt\u00e4v\u00e4t arvonnat .<\/a><\/p>\n<p>Ajatus ilmaisesta sis\u00e4\u00e4np\u00e4\u00e4syst\u00e4 nettikasinoilla pidet\u00e4\u00e4n toistaiseksi voimassa. Pelaajat voivat sy\u00f6tt\u00e4\u00e4 alustoja ilmaiseksi ja pelata sosiaalisia kasinopelej\u00e4 ja voittaa kultakolikoita. N\u00e4it\u00e4 kultakolikoita ei voi vaihtaa k\u00e4teiseksi, joten niit\u00e4 ei lain mukaan pidet\u00e4 rahapelein\u00e4. Arpajaiskasinot eiv\u00e4t ole virallisesti lisensoituja, ja ne pysyv\u00e4t osavaltion lains\u00e4\u00e4d\u00e4nn\u00f6n valvovan silm\u00e4n alla, eiv\u00e4tk\u00e4 kuulu L\u00e4nsi-Virginian osavaltion lain 18.2-325 artiklan soveltamisalaan.  <\/p>\n<p>Pelaajien on oltava yli 18-vuotiaita sosiaalisilla kasinoilla ja yli 21-vuotiaita ja asuttava L\u00e4nsi-Virginiassa urheiluvedonly\u00f6nti\u00e4 varten.  <\/p>\t\t\t\t\t\t\t\t<\/div>\n\t\t\t\t<\/div>\n\t\t\t\t<div class=\"elementor-element elementor-element-5118fa1 elementor-widget elementor-widget-heading\" data-id=\"5118fa1\" data-element_type=\"widget\" id=\"top\" data-widget_type=\"heading.default\">\n\t\t\t\t<div class=\"elementor-widget-container\">\n\t\t\t\t\t<h3 class=\"elementor-heading-title elementor-size-default\">Top 10 Arpajaiset kasinot West Virginia<\/h3>\t\t\t\t<\/div>\n\t\t\t\t<\/div>\n\t\t\t\t<div class=\"elementor-element elementor-element-7957e13 elementor-widget elementor-widget-image\" data-id=\"7957e13\" data-element_type=\"widget\" data-widget_type=\"image.default\">\n\t\t\t\t<div class=\"elementor-widget-container\">\n\t\t\t\t\t\t\t\t\t\t\t\t\t\t\t<img decoding=\"async\" src=\"https:\/\/casinoreturn.com\/wp-content\/uploads\/elementor\/thumbs\/West-Virginia-Sweepstake-online-Casino-re8be3avp0f8cq7oyjzacwqfm1upd5dp2x3x9hkbic.png\" title=\"West Virginia Sweepstake online Casino\" alt=\"West Virginia Sweepstake online Casino\" loading=\"lazy\" \/>\t\t\t\t\t\t\t\t\t\t\t\t\t\t\t<\/div>\n\t\t\t\t<\/div>\n\t\t\t\t<div class=\"elementor-element elementor-element-9c8bfae elementor-widget elementor-widget-text-editor\" data-id=\"9c8bfae\" data-element_type=\"widget\" data-widget_type=\"text-editor.default\">\n\t\t\t\t<div class=\"elementor-widget-container\">\n\t\t\t\t\t\t\t\t\t<p>Kun oikean rahan nettikasinot on vahvistettu laittomiksi, seuraavat arvontakasinot tarjoavat sosiaalisia kasinomahdollisuuksia. eli osallistuminen on ilmaista, eik\u00e4 talletusta tarvitse tehd\u00e4. Vaikka kultakolikoita voi voittaa ja palkintoja on saatavilla vaihdossa, niill\u00e4 ei ole rahallista arvoa tai k\u00e4teist\u00e4 voitettavaa. Ilman erityist\u00e4 t\u00e4rkeysj\u00e4rjestyst\u00e4:  <\/p>\n<p>Vaikka vuonna render\u00f6ity laittomia, useita kasinot tarjoavat Arpajaiset kasinot verkossa ovat poistuneet markkinoilta. Vuonna 2025 oikeusministeri John B. McCusky antoi vajaat 50 haastetta toiminnanharjoittajille. Puolet on toistaiseksi lopettanut toimintansa. Jotkut toimivat edelleen harmaalla vy\u00f6hykkeell\u00e4.  <\/p>\n<h4>Maalla sijaitsevat kasinot West Virginia<\/h4>\n<p>Virginiassa sijaitsevat maakasinot tarjoavat paljon odotetun pelikokemuksen oikealla rahalla. Haluaisimme antaa sinulle Top 5 maalla toimivaa kasinoa L\u00e4nsi-Virginiassa, mutta virallisesti vain 3 toimii t\u00e4ysin. Luvat my\u00f6nnettiin vuonna 2020 Bristol US, Danville US, Norfolk US, Portsmouth US ja Richmond US.  <\/p>\n<ul>\n<li>Hollywood Casino at Charles Town Races on johtava viihdett\u00e4 tarjoava paikka. Tarjoaa t\u00e4yden pelikokemuksen Live-p\u00f6yt\u00e4pokerista, kolikkopeleist\u00e4, bingosta ja blackjackista. Joitakin vedonly\u00f6ntiasemia on my\u00f6s paikalla<\/li>\n<li>Mardi Gras &#8211; yhdist\u00e4\u00e4 hotellin ja kasinon t\u00e4ydellisen toiminnan.<\/li>\n<li>The Casino Club at The Greenbrier &#8211; Suuri br\u00e4ndi tukee t\u00e4t\u00e4 viihdepelikeskusta.<\/li>\n<\/ul>\t\t\t\t\t\t\t\t<\/div>\n\t\t\t\t<\/div>\n\t\t\t\t<div class=\"elementor-element elementor-element-0a7b52c elementor-widget elementor-widget-heading\" data-id=\"0a7b52c\" data-element_type=\"widget\" id=\"sport\" data-widget_type=\"heading.default\">\n\t\t\t\t<div class=\"elementor-widget-container\">\n\t\t\t\t\t<h3 class=\"elementor-heading-title elementor-size-default\">Urheiluvedonly\u00f6nti L\u00e4nsi-Virginiassa  <\/h3>\t\t\t\t<\/div>\n\t\t\t\t<\/div>\n\t\t\t\t<div class=\"elementor-element elementor-element-0a1012d elementor-widget elementor-widget-text-editor\" data-id=\"0a1012d\" data-element_type=\"widget\" data-widget_type=\"text-editor.default\">\n\t\t\t\t<div class=\"elementor-widget-container\">\n\t\t\t\t\t\t\t\t\t<p>Urheiluvedonly\u00f6nti L\u00e4nsi-Virginiassa on laillista ja asukkaille ja toimijoille on my\u00f6nnetty toimilupa. Urheiluvedonly\u00f6ntialustojen on noudatettava tiukasti ik\u00e4varmennusta, 21+ vuotta. Vedot on asetettava Virginian osavaltiossa.  <\/p>\n<p>Muiden Yhdysvaltojen osavaltioiden tapaan vedonly\u00f6nti nuorten urheilutapahtumissa ja korkeakoulujen urheilutapahtumissa on laitonta. Suuret nimet, jotka tarjoavat vedonly\u00f6ntisovelluksia vedonly\u00f6ntiin, ovat FanDuel. DraftKings, BetMGM ja Caesars.<\/p>\t\t\t\t\t\t\t\t<\/div>\n\t\t\t\t<\/div>\n\t\t\t\t<div class=\"elementor-element elementor-element-9a3e94e elementor-widget elementor-widget-heading\" data-id=\"9a3e94e\" data-element_type=\"widget\" id=\"faq\" data-widget_type=\"heading.default\">\n\t\t\t\t<div class=\"elementor-widget-container\">\n\t\t\t\t\t<h2 class=\"elementor-heading-title elementor-size-default\">UKK L\u00e4nsi-Virginian arvontakasinot<\/h2>\t\t\t\t<\/div>\n\t\t\t\t<\/div>\n\t\t\t\t<div class=\"elementor-element elementor-element-6a966d4 elementor-widget elementor-widget-elementskit-faq\" data-id=\"6a966d4\" data-element_type=\"widget\" data-widget_type=\"elementskit-faq.default\">\n\t\t\t\t<div class=\"elementor-widget-container\">\n\t\t\t\t\t<div class=\"ekit-wid-con\" >\n                <div class=\"elementskit-single-faq elementor-repeater-item-e0176ff\">\n            <div class=\"elementskit-faq-header\">\n                <h2 class=\"elementskit-faq-title\">Are Sweepstake casinos legal in West Virginia?<\/h2>\n            <\/div>\n            <div class=\"elementskit-faq-body\">\n                Sweepstake casinos are not illegal. if the set up provides a complete social casino structure, without real-money. Meaning, the online casino cannot accept or reward players with anything but Goldcoins, or similar token.            <\/div>\n        <\/div>\n                <div class=\"elementskit-single-faq elementor-repeater-item-140a2d1\">\n            <div class=\"elementskit-faq-header\">\n                <h2 class=\"elementskit-faq-title\">Is sports betting legal in West Virginia?<\/h2>\n            <\/div>\n            <div class=\"elementskit-faq-body\">\n                Yes sports betting is legal. Residents older than 21+ of age can wager on sport and events.             <\/div>\n        <\/div>\n                <div class=\"elementskit-single-faq elementor-repeater-item-35c1273\">\n            <div class=\"elementskit-faq-header\">\n                <h2 class=\"elementskit-faq-title\">Can I bet on a Virginia team outside of the state of West Virginia?<\/h2>\n            <\/div>\n            <div class=\"elementskit-faq-body\">\n                If you are resident of West Virginia, and want to place a wager on a team playing outside of West Virginia, it's not possible. However, players can bet on teams from West Virginia if their residency is outside from West Virginia.             <\/div>\n        <\/div>\n                \n    <\/div>\t\t\t\t<\/div>\n\t\t\t\t<\/div>\n\t\t\t\t<div class=\"elementor-element elementor-element-6631937 elementor-widget elementor-widget-heading\" data-id=\"6631937\" data-element_type=\"widget\" id=\"curio\" data-widget_type=\"heading.default\">\n\t\t\t\t<div class=\"elementor-widget-container\">\n\t\t\t\t\t<h3 class=\"elementor-heading-title elementor-size-default\">L\u00e4nsi-Virginiasta, Yhdysvallat<\/h3>\t\t\t\t<\/div>\n\t\t\t\t<\/div>\n\t\t\t\t<div class=\"elementor-element elementor-element-50e0b85 elementor-widget elementor-widget-text-editor\" data-id=\"50e0b85\" data-element_type=\"widget\" data-widget_type=\"text-editor.default\">\n\t\t\t\t<div class=\"elementor-widget-container\">\n\t\t\t\t\t\t\t\t\t<p>Seuraavassa on muutamia L\u00e4nsi-Virginiasta kertovia kuriositeetteja. Yhdysvaltain osavaltiolla on joitakin eritt\u00e4in merkitt\u00e4vi\u00e4 poliittisia nimi\u00e4.  <\/p>\n<p><img fetchpriority=\"high\" decoding=\"async\" class=\"alignnone wp-image-16194 size-full\" src=\"https:\/\/casinoreturn.com\/wp-content\/uploads\/2025\/11\/West-Virginia-Sweepstake-online-Casino.png\" alt=\"L\u00e4nsi-Virginian arvonta nettikasino\" width=\"237\" height=\"212\"><\/p>\n<ul>\n<li>L\u00e4nsi-Virginian alue on t\u00e4ysin Appalakkien yl\u00e4tasanko.  <\/li>\n<li>Maailman suurimman Steer-teleskoopin koti.  <\/li>\n<li>New River on yksi maailman vanhimmista joista.<\/li>\n<li>L\u00e4nsi-Virginiassa on enemm\u00e4n jokia, rotkoja ja koskia &#8211; enemm\u00e4n kuin kaikissa Yhdysvaltain osavaltioissa yhteens\u00e4.<\/li>\n<\/ul>\n<p> <\/p>\t\t\t\t\t\t\t\t<\/div>\n\t\t\t\t<\/div>\n\t\t\t\t<\/div>\n\t\t\t\t<\/div>\n\t\t","protected":false},"excerpt":{"rendered":"<p>Virginia Sweepstake nettikasino West Virginia Sweepstake Online Casino s\u00e4\u00e4nn\u00f6t ovat ohuella j\u00e4\u00e4ll\u00e4 toistaiseksi. T\u00e4m\u00e4 tarkoittaa, ett\u00e4 nettikasinot, jotka tarjoavat p\u00e4\u00e4syn tallettamalla rahaa pelaamaan ja voittamaan k\u00e4teist\u00e4, eiv\u00e4t itse asiassa ole laillisia. Sweepstake-kasinot toimivat niin sanotun kaksoisvaluuttamallin mukaisesti. T\u00e4m\u00e4 kaksoisvaluuttamalli antaa pelaajille p\u00e4\u00e4syn alustalle, mutta talletusta ei tarvita. K\u00e4teist\u00e4 ei voi voittaa suoraan tai vaihtaa. Arpajaiset [&hellip;]<\/p>\n","protected":false},"author":1,"featured_media":16195,"parent":0,"menu_order":0,"comment_status":"closed","ping_status":"closed","template":"","meta":{"footnotes":""},"class_list":["post-16214","page","type-page","status-publish","has-post-thumbnail","hentry"],"blocksy_meta":[],"acf":[],"yoast_head":"<!-- This site is optimized with the Yoast SEO plugin v24.1 - https:\/\/yoast.com\/wordpress\/plugins\/seo\/ -->\n<title>L\u00e4nsi-Virginian arvonta nettikasino - casinoreturn<\/title>\n<meta name=\"description\" content=\"West Virginia Sweepstake Online Casino voi toimia toistaiseksi. Arpajaisia tarjoavat nettikasinot ovat tulilinjalla, mutta toistaiseksi niit\u00e4 ei pidet\u00e4 uhkapelin\u00e4.\" \/>\n<meta name=\"robots\" content=\"index, follow, max-snippet:-1, max-image-preview:large, max-video-preview:-1\" \/>\n<link rel=\"canonical\" href=\"https:\/\/casinoreturn.com\/fi\/lansi-virginian-arvonta-nettikasino\/\" \/>\n<meta property=\"og:locale\" content=\"fi_FI\" \/>\n<meta property=\"og:type\" content=\"article\" \/>\n<meta property=\"og:title\" content=\"L\u00e4nsi-Virginian arvonta nettikasino - casinoreturn\" \/>\n<meta property=\"og:description\" content=\"West Virginia Sweepstake Online Casino voi toimia toistaiseksi. Arpajaisia tarjoavat nettikasinot ovat tulilinjalla, mutta toistaiseksi niit\u00e4 ei pidet\u00e4 uhkapelin\u00e4.\" \/>\n<meta property=\"og:url\" content=\"https:\/\/casinoreturn.com\/fi\/lansi-virginian-arvonta-nettikasino\/\" \/>\n<meta property=\"og:site_name\" content=\"casinoreturn\" \/>\n<meta property=\"article:modified_time\" content=\"2025-11-04T22:51:25+00:00\" \/>\n<meta property=\"og:image\" content=\"https:\/\/casinoreturn.com\/wp-content\/uploads\/2025\/11\/West-Virginia-Sweepstake-online-Casino.png\" \/>\n\t<meta property=\"og:image:width\" content=\"237\" \/>\n\t<meta property=\"og:image:height\" content=\"212\" \/>\n\t<meta property=\"og:image:type\" content=\"image\/png\" \/>\n<meta name=\"twitter:card\" content=\"summary_large_image\" \/>\n<meta name=\"twitter:label1\" content=\"Arvioitu lukuaika\" \/>\n\t<meta name=\"twitter:data1\" content=\"3 minuuttia\" \/>\n<script type=\"application\/ld+json\" class=\"yoast-schema-graph\">{\"@context\":\"https:\/\/schema.org\",\"@graph\":[{\"@type\":\"WebPage\",\"@id\":\"https:\/\/casinoreturn.com\/fi\/lansi-virginian-arvonta-nettikasino\/\",\"url\":\"https:\/\/casinoreturn.com\/fi\/lansi-virginian-arvonta-nettikasino\/\",\"name\":\"L\u00e4nsi-Virginian arvonta nettikasino - casinoreturn\",\"isPartOf\":{\"@id\":\"https:\/\/casinoreturn.com\/#website\"},\"primaryImageOfPage\":{\"@id\":\"https:\/\/casinoreturn.com\/fi\/lansi-virginian-arvonta-nettikasino\/#primaryimage\"},\"image\":{\"@id\":\"https:\/\/casinoreturn.com\/fi\/lansi-virginian-arvonta-nettikasino\/#primaryimage\"},\"thumbnailUrl\":\"https:\/\/casinoreturn.com\/wp-content\/uploads\/2025\/11\/West-Virginia-Sweepstake-online-Casino.png\",\"datePublished\":\"2025-11-04T22:06:23+00:00\",\"dateModified\":\"2025-11-04T22:51:25+00:00\",\"description\":\"West Virginia Sweepstake Online Casino voi toimia toistaiseksi. Arpajaisia tarjoavat nettikasinot ovat tulilinjalla, mutta toistaiseksi niit\u00e4 ei pidet\u00e4 uhkapelin\u00e4.\",\"breadcrumb\":{\"@id\":\"https:\/\/casinoreturn.com\/fi\/lansi-virginian-arvonta-nettikasino\/#breadcrumb\"},\"inLanguage\":\"fi\",\"potentialAction\":[{\"@type\":\"ReadAction\",\"target\":[\"https:\/\/casinoreturn.com\/fi\/lansi-virginian-arvonta-nettikasino\/\"]}]},{\"@type\":\"ImageObject\",\"inLanguage\":\"fi\",\"@id\":\"https:\/\/casinoreturn.com\/fi\/lansi-virginian-arvonta-nettikasino\/#primaryimage\",\"url\":\"https:\/\/casinoreturn.com\/wp-content\/uploads\/2025\/11\/West-Virginia-Sweepstake-online-Casino.png\",\"contentUrl\":\"https:\/\/casinoreturn.com\/wp-content\/uploads\/2025\/11\/West-Virginia-Sweepstake-online-Casino.png\",\"width\":237,\"height\":212,\"caption\":\"West Virginia Sweepstake online Casino\"},{\"@type\":\"BreadcrumbList\",\"@id\":\"https:\/\/casinoreturn.com\/fi\/lansi-virginian-arvonta-nettikasino\/#breadcrumb\",\"itemListElement\":[{\"@type\":\"ListItem\",\"position\":1,\"name\":\"Home\",\"item\":\"https:\/\/casinoreturn.com\/fi\/home\/\"},{\"@type\":\"ListItem\",\"position\":2,\"name\":\"L\u00e4nsi-Virginian arvonta nettikasino\"}]},{\"@type\":\"WebSite\",\"@id\":\"https:\/\/casinoreturn.com\/#website\",\"url\":\"https:\/\/casinoreturn.com\/\",\"name\":\"casinoreturn\",\"description\":\"\",\"publisher\":{\"@id\":\"https:\/\/casinoreturn.com\/#organization\"},\"potentialAction\":[{\"@type\":\"SearchAction\",\"target\":{\"@type\":\"EntryPoint\",\"urlTemplate\":\"https:\/\/casinoreturn.com\/?s={search_term_string}\"},\"query-input\":{\"@type\":\"PropertyValueSpecification\",\"valueRequired\":true,\"valueName\":\"search_term_string\"}}],\"inLanguage\":\"fi\"},{\"@type\":\"Organization\",\"@id\":\"https:\/\/casinoreturn.com\/#organization\",\"name\":\"casinoreturn\",\"url\":\"https:\/\/casinoreturn.com\/\",\"logo\":{\"@type\":\"ImageObject\",\"inLanguage\":\"fi\",\"@id\":\"https:\/\/casinoreturn.com\/#\/schema\/logo\/image\/\",\"url\":\"https:\/\/casinoreturn.com\/wp-content\/uploads\/2024\/09\/animal-favicon.png\",\"contentUrl\":\"https:\/\/casinoreturn.com\/wp-content\/uploads\/2024\/09\/animal-favicon.png\",\"width\":92,\"height\":92,\"caption\":\"casinoreturn\"},\"image\":{\"@id\":\"https:\/\/casinoreturn.com\/#\/schema\/logo\/image\/\"}}]}<\/script>\n<!-- \/ Yoast SEO plugin. -->","yoast_head_json":{"title":"L\u00e4nsi-Virginian arvonta nettikasino - casinoreturn","description":"West Virginia Sweepstake Online Casino voi toimia toistaiseksi. Arpajaisia tarjoavat nettikasinot ovat tulilinjalla, mutta toistaiseksi niit\u00e4 ei pidet\u00e4 uhkapelin\u00e4.","robots":{"index":"index","follow":"follow","max-snippet":"max-snippet:-1","max-image-preview":"max-image-preview:large","max-video-preview":"max-video-preview:-1"},"canonical":"https:\/\/casinoreturn.com\/fi\/lansi-virginian-arvonta-nettikasino\/","og_locale":"fi_FI","og_type":"article","og_title":"L\u00e4nsi-Virginian arvonta nettikasino - casinoreturn","og_description":"West Virginia Sweepstake Online Casino voi toimia toistaiseksi. Arpajaisia tarjoavat nettikasinot ovat tulilinjalla, mutta toistaiseksi niit\u00e4 ei pidet\u00e4 uhkapelin\u00e4.","og_url":"https:\/\/casinoreturn.com\/fi\/lansi-virginian-arvonta-nettikasino\/","og_site_name":"casinoreturn","article_modified_time":"2025-11-04T22:51:25+00:00","og_image":[{"width":237,"height":212,"url":"https:\/\/casinoreturn.com\/wp-content\/uploads\/2025\/11\/West-Virginia-Sweepstake-online-Casino.png","type":"image\/png"}],"twitter_card":"summary_large_image","twitter_misc":{"Arvioitu lukuaika":"3 minuuttia"},"schema":{"@context":"https:\/\/schema.org","@graph":[{"@type":"WebPage","@id":"https:\/\/casinoreturn.com\/fi\/lansi-virginian-arvonta-nettikasino\/","url":"https:\/\/casinoreturn.com\/fi\/lansi-virginian-arvonta-nettikasino\/","name":"L\u00e4nsi-Virginian arvonta nettikasino - casinoreturn","isPartOf":{"@id":"https:\/\/casinoreturn.com\/#website"},"primaryImageOfPage":{"@id":"https:\/\/casinoreturn.com\/fi\/lansi-virginian-arvonta-nettikasino\/#primaryimage"},"image":{"@id":"https:\/\/casinoreturn.com\/fi\/lansi-virginian-arvonta-nettikasino\/#primaryimage"},"thumbnailUrl":"https:\/\/casinoreturn.com\/wp-content\/uploads\/2025\/11\/West-Virginia-Sweepstake-online-Casino.png","datePublished":"2025-11-04T22:06:23+00:00","dateModified":"2025-11-04T22:51:25+00:00","description":"West Virginia Sweepstake Online Casino voi toimia toistaiseksi. Arpajaisia tarjoavat nettikasinot ovat tulilinjalla, mutta toistaiseksi niit\u00e4 ei pidet\u00e4 uhkapelin\u00e4.","breadcrumb":{"@id":"https:\/\/casinoreturn.com\/fi\/lansi-virginian-arvonta-nettikasino\/#breadcrumb"},"inLanguage":"fi","potentialAction":[{"@type":"ReadAction","target":["https:\/\/casinoreturn.com\/fi\/lansi-virginian-arvonta-nettikasino\/"]}]},{"@type":"ImageObject","inLanguage":"fi","@id":"https:\/\/casinoreturn.com\/fi\/lansi-virginian-arvonta-nettikasino\/#primaryimage","url":"https:\/\/casinoreturn.com\/wp-content\/uploads\/2025\/11\/West-Virginia-Sweepstake-online-Casino.png","contentUrl":"https:\/\/casinoreturn.com\/wp-content\/uploads\/2025\/11\/West-Virginia-Sweepstake-online-Casino.png","width":237,"height":212,"caption":"West Virginia Sweepstake online Casino"},{"@type":"BreadcrumbList","@id":"https:\/\/casinoreturn.com\/fi\/lansi-virginian-arvonta-nettikasino\/#breadcrumb","itemListElement":[{"@type":"ListItem","position":1,"name":"Home","item":"https:\/\/casinoreturn.com\/fi\/home\/"},{"@type":"ListItem","position":2,"name":"L\u00e4nsi-Virginian arvonta nettikasino"}]},{"@type":"WebSite","@id":"https:\/\/casinoreturn.com\/#website","url":"https:\/\/casinoreturn.com\/","name":"casinoreturn","description":"","publisher":{"@id":"https:\/\/casinoreturn.com\/#organization"},"potentialAction":[{"@type":"SearchAction","target":{"@type":"EntryPoint","urlTemplate":"https:\/\/casinoreturn.com\/?s={search_term_string}"},"query-input":{"@type":"PropertyValueSpecification","valueRequired":true,"valueName":"search_term_string"}}],"inLanguage":"fi"},{"@type":"Organization","@id":"https:\/\/casinoreturn.com\/#organization","name":"casinoreturn","url":"https:\/\/casinoreturn.com\/","logo":{"@type":"ImageObject","inLanguage":"fi","@id":"https:\/\/casinoreturn.com\/#\/schema\/logo\/image\/","url":"https:\/\/casinoreturn.com\/wp-content\/uploads\/2024\/09\/animal-favicon.png","contentUrl":"https:\/\/casinoreturn.com\/wp-content\/uploads\/2024\/09\/animal-favicon.png","width":92,"height":92,"caption":"casinoreturn"},"image":{"@id":"https:\/\/casinoreturn.com\/#\/schema\/logo\/image\/"}}]}},"_links":{"self":[{"href":"https:\/\/casinoreturn.com\/fi\/wp-json\/wp\/v2\/pages\/16214","targetHints":{"allow":["GET"]}}],"collection":[{"href":"https:\/\/casinoreturn.com\/fi\/wp-json\/wp\/v2\/pages"}],"about":[{"href":"https:\/\/casinoreturn.com\/fi\/wp-json\/wp\/v2\/types\/page"}],"author":[{"embeddable":true,"href":"https:\/\/casinoreturn.com\/fi\/wp-json\/wp\/v2\/users\/1"}],"replies":[{"embeddable":true,"href":"https:\/\/casinoreturn.com\/fi\/wp-json\/wp\/v2\/comments?post=16214"}],"version-history":[{"count":1,"href":"https:\/\/casinoreturn.com\/fi\/wp-json\/wp\/v2\/pages\/16214\/revisions"}],"predecessor-version":[{"id":16215,"href":"https:\/\/casinoreturn.com\/fi\/wp-json\/wp\/v2\/pages\/16214\/revisions\/16215"}],"wp:featuredmedia":[{"embeddable":true,"href":"https:\/\/casinoreturn.com\/fi\/wp-json\/wp\/v2\/media\/16195"}],"wp:attachment":[{"href":"https:\/\/casinoreturn.com\/fi\/wp-json\/wp\/v2\/media?parent=16214"}],"curies":[{"name":"wp","href":"https:\/\/api.w.org\/{rel}","templated":true}]}}