{"id":16298,"date":"2025-11-06T02:30:14","date_gmt":"2025-11-06T02:30:14","guid":{"rendered":"https:\/\/casinoreturn.com\/oikean-rahan-kasinot-ilman-kyc\/"},"modified":"2025-11-06T02:50:07","modified_gmt":"2025-11-06T02:50:07","slug":"oikean-rahan-kasinot-ilman-kyc","status":"publish","type":"page","link":"https:\/\/casinoreturn.com\/fi\/oikean-rahan-kasinot-ilman-kyc\/","title":{"rendered":"Oikean rahan kasinot ilman KYC"},"content":{"rendered":"\t\t<div data-elementor-type=\"wp-page\" data-elementor-id=\"16298\" class=\"elementor elementor-16298\" data-elementor-post-type=\"page\">\n\t\t\t\t<div class=\"elementor-element elementor-element-05740a5 e-con-full e-flex e-con e-parent\" data-id=\"05740a5\" data-element_type=\"container\">\n\t\t\t\t<div class=\"elementor-element elementor-element-f7d6fff elementor-widget elementor-widget-heading\" data-id=\"f7d6fff\" data-element_type=\"widget\" data-widget_type=\"heading.default\">\n\t\t\t\t<div class=\"elementor-widget-container\">\n\t\t\t\t\t<h2 class=\"elementor-heading-title elementor-size-default\">Oikean rahan kasinot ilman KYC<\/h2>\t\t\t\t<\/div>\n\t\t\t\t<\/div>\n\t\t\t\t<div class=\"elementor-element elementor-element-1f87074 elementor-widget elementor-widget-text-editor\" data-id=\"1f87074\" data-element_type=\"widget\" data-widget_type=\"text-editor.default\">\n\t\t\t\t<div class=\"elementor-widget-container\">\n\t\t\t\t\t\t\t\t\t<p class=\"page-title\">Oikean rahan kasinot ilman KYC:t\u00e4 eiv\u00e4t ole niin runsaita kuin luulisi. Artikkelimme valottaa Non-KYC-kasinoiden etuja ja haittoja. Seuraavassa artikkelissa k\u00e4ymme l\u00e4pi KYC:n prosessin ja sen, mit\u00e4 vaaditaan. Tarkastelemme KYC:n ottamisen hy\u00f6tyj\u00e4 ja haittoja.<\/p>\n<ul>\n<li><a href=\"https:\/\/casinoreturn.com\/fi\/oikean-rahan-kasinot-ilman-kyc\/#what\">Mik\u00e4 on niin sanottu KYC-prosessi?<\/a> <\/li>\n<li>Mit\u00e4 asiakirjoja KYC:hen yleens\u00e4 kuuluu?  <\/li>\n<li>Joitakin vinkkej\u00e4 onnistuneeseen KYC:hen<\/li>\n<li>\n<h5><a href=\"https:\/\/casinoreturn.com\/fi\/oikean-rahan-kasinot-ilman-kyc\/#2up\">2up.io Casino Review &#8211; operaattorimme ilman KYC:t\u00e4<\/a><\/h5>\n<\/li>\n<li><a href=\"https:\/\/casinoreturn.com\/fi\/oikean-rahan-kasinot-ilman-kyc\/#pro\">Pro ja Cons Kasinot ilman KYC<\/a><\/li>\n<li><a href=\"https:\/\/casinoreturn.com\/fi\/musta-listattu-kasinot\/\">Mustat listatut kasinot<\/a> <\/li>\n<li><a href=\"https:\/\/casinoreturn.com\/fi\/kasinolisenssit\/\">Kasinolisenssit ja mit\u00e4 etsi\u00e4<\/a><\/li>\n<li><a href=\"https:\/\/casinoreturn.com\/fi\/oikean-rahan-kasinot\/\">Muut oikean rahan kasinot KYC<\/a><\/li>\n<\/ul>\n\t\t\t\t\t\t\t\t<\/div>\n\t\t\t\t<\/div>\n\t\t\t\t<div class=\"elementor-element elementor-element-0b277ee elementor-widget elementor-widget-heading\" data-id=\"0b277ee\" data-element_type=\"widget\" id=\"what\" data-widget_type=\"heading.default\">\n\t\t\t\t<div class=\"elementor-widget-container\">\n\t\t\t\t\t<h3 class=\"elementor-heading-title elementor-size-default\">Mik\u00e4 on niin sanottu KYC-prosessi?  <\/h3>\t\t\t\t<\/div>\n\t\t\t\t<\/div>\n\t\t\t\t<div class=\"elementor-element elementor-element-decfeac elementor-widget elementor-widget-text-editor\" data-id=\"decfeac\" data-element_type=\"widget\" data-widget_type=\"text-editor.default\">\n\t\t\t\t<div class=\"elementor-widget-container\">\n\t\t\t\t\t\t\t\t\t<h5><strong>Mik\u00e4 on niin sanottu KYC-prosessi nettipelaamisessa?  <\/strong><\/h5>\n<p><strong>KYC tarkoittaa:  <\/strong><\/p>\n<ul>\n<li><strong>K &#8211; Tied\u00e4<\/strong><\/li>\n<li><strong>Y &#8211; Sinun  <\/strong><\/li>\n<li><strong>C &#8211; Asiakas<\/strong> (joskus asiakas)  <\/li>\n<\/ul>\n<p><img fetchpriority=\"high\" decoding=\"async\" class=\"size-medium wp-image-16251 aligncenter\" src=\"https:\/\/casinoreturn.com\/wp-content\/uploads\/2025\/11\/KYC-for-Online-Gambling-300x300.jpg\" alt=\"KYC online-rahapelien osalta\" width=\"300\" height=\"300\" srcset=\"https:\/\/casinoreturn.com\/wp-content\/uploads\/2025\/11\/KYC-for-Online-Gambling-300x300.jpg 300w, https:\/\/casinoreturn.com\/wp-content\/uploads\/2025\/11\/KYC-for-Online-Gambling-150x150.jpg 150w, https:\/\/casinoreturn.com\/wp-content\/uploads\/2025\/11\/KYC-for-Online-Gambling-768x768.jpg 768w, https:\/\/casinoreturn.com\/wp-content\/uploads\/2025\/11\/KYC-for-Online-Gambling.jpg 980w\" sizes=\"(max-width: 300px) 100vw, 300px\" \/><\/p>\n<p>Henkil\u00f6llisyyden ja i\u00e4n todentamiseksi tarvittavien asiakirjojen toimittamista kutsutaan KYC-prosessiksi. Prosessiin kuuluu yleens\u00e4 henkil\u00f6llisyystodistus, osoitetodistus ja todiste maksutavasta.  <\/p>\n<h5>Mit\u00e4 asiakirjoja voin k\u00e4ytt\u00e4\u00e4 henkil\u00f6llisyystodistukseni toimittamiseen?  <\/h5>\n<p>Useimmissa KYC-tapauksissa henkil\u00f6llisyystodistukseksi pyydet\u00e4\u00e4n jokin seuraavista asiakirjoista:  <\/p>\n<ul>\n<li>Voimassa oleva henkil\u00f6kortti, tyypillisesti vaaditaan kuvia etu- ja takapuolelta.  <\/li>\n<li>Passi, Passin on oltava voimassa, eik\u00e4 siin\u00e4 saa olla heijastuksia.  <\/li>\n<li>Jotkut operaattorit hyv\u00e4ksyv\u00e4t ajokortin, jos syntym\u00e4aika, valokuva ja voimassaoloaika ovat n\u00e4kyviss\u00e4.<\/li>\n<li>Jotkut operaattorit hyv\u00e4ksyv\u00e4t syntym\u00e4todistuksen ja vanhentuneen (hiljattain vanhentuneen) henkil\u00f6kortin tai passin, mutta pelaajan on pyritt\u00e4v\u00e4 korvaamaan vanhentunut henkil\u00f6kortti tai passi, jotta v\u00e4ltyt\u00e4\u00e4n viiv\u00e4styksilt\u00e4 nostoissa tai maksutapahtumissa.  <\/li>\n<\/ul>\n<h5>Mit\u00e4 asiakirjoja voin k\u00e4ytt\u00e4\u00e4 osoitetodistukseni toimittamiseen?  <\/h5>\n<p>Monilla on vaikeuksia l\u00f6yt\u00e4\u00e4 riitt\u00e4v\u00e4\u00e4 POA:ta tai osoitetodistusta fyysisess\u00e4 muodossa. Seuraavassa on joitakin vinkkej\u00e4 ja ehdotuksia POA:n asiakirjoja varten:  <\/p>\n<ul>\n<li>Pankkitiliotteet, joissa on t\u00e4ydellinen nimi ja osoite, enint\u00e4\u00e4n 3 kuukautta vanhat pdf-muodossa tai tulostettuna.  <\/li>\n<li>S\u00e4hk\u00f6laitoksen lasku, jossa on t\u00e4ydellinen nimi ja osoite ja joka ei ole yli 3 kuukautta vanha. T\u00e4m\u00e4 voi olla kaasulasku, s\u00e4hk\u00f6lasku, vesi- tai j\u00e4tevesilasku.<\/li>\n<li>Vaaliluetteloasiakirjat, jotka eiv\u00e4t saa olla 3 kuukautta vanhempia.  <\/li>\n<li>Mik\u00e4 tahansa puhelinlasku lankapuhelimesta tai matkapuhelimesta.<\/li>\n<li>Joissakin tapauksissa voidaan k\u00e4ytt\u00e4\u00e4 oikeudellisia asiakirjoja, jotka ovat per\u00e4isin tuomioistuimista tai virallisista oikeusl\u00e4hteist\u00e4, esim. tuomioistuimista, asianajajista ja verotuksesta.<\/li>\n<li>Luottokorttilaskut, jotka eiv\u00e4t saa olla yli 3 kuukautta vanhempia ja joista k\u00e4y ilmi osoite ja koko nimimaksu.<\/li>\n<\/ul>\n<h5>Mit\u00e4 asiakirjoja voin k\u00e4ytt\u00e4\u00e4 maksutositteena?  <\/h5>\n<p>POP tai maksutodistus on usein sama asiakirja kuin POA, osoitetodistus, jos koko nimesi, osoitteesi ja enint\u00e4\u00e4n 3 kuukautta vanha.  <\/p>\n<ul>\n<li>Pankki- tai luottokorttitiliote, jossa on t\u00e4ydellinen nimi ja osoite ja joka ei ole yli 3 kuukautta vanhempi.<\/li>\n<li>Jos k\u00e4yt\u00e4t pankkikorttia tallettamiseen tai nostamiseen, operaattori saattaa pyyt\u00e4\u00e4 sinua esitt\u00e4m\u00e4\u00e4n kortin etu- ja takakannen.<\/li>\n<li>Kuvakaappaus Internet-pankkipalvelustasi, jos IBAN ja koko nimi ovat n\u00e4kyviss\u00e4, muista, ett\u00e4 on t\u00e4rke\u00e4\u00e4, ett\u00e4 n\u00e4et, ett\u00e4 olet kirjautunut sis\u00e4\u00e4n ja ett\u00e4 tili on aktiivinen.<\/li>\n<\/ul>\n<h5>Seuraavassa on muutamia vinkkej\u00e4 onnistuneeseen KYC:hen<\/h5>\n<ul>\n<li>Toimita asiakirjat heti, sill\u00e4 t\u00e4m\u00e4 voi lyhent\u00e4\u00e4 my\u00f6hemp\u00e4\u00e4 peruuttamisprosessia.<\/li>\n<li>Ota kuvia valkoisella tai hyvin vaalealla taustalla, v\u00e4lt\u00e4 heijastuksia (heijastukset voivat tehd\u00e4 osat n\u00e4kym\u00e4tt\u00f6miksi, ja asiakirjasi hyl\u00e4t\u00e4\u00e4n).  <\/li>\n<li>T\u00e4ysi kuva &#8211; Kaikkien reunojen ja osien on oltava n\u00e4kyviss\u00e4 ( voit peitt\u00e4\u00e4 tietyt asiat, esim. henkil\u00f6kohtaisen liiketoimen viitteen ).  <\/li>\n<li>Mik\u00e4 tahansa asiakirja, joka ei ole 3 kuukautta vanhempi; jos asiakirjasi on vanhentumassa, hanki uusi asiakirja ja toimita se.<\/li>\n<li>Jos l\u00e4het\u00e4t kuvakaappauksia, varmista, ett\u00e4 niiss\u00e4 n\u00e4kyy nimesi, IBAN-tilinumero, pankin logo ja ett\u00e4 olet kirjautunut sis\u00e4\u00e4n.  <\/li>\n<\/ul>\n<p><img decoding=\"async\" class=\"size-medium wp-image-16266 aligncenter\" src=\"https:\/\/casinoreturn.com\/wp-content\/uploads\/2025\/11\/Some-tips-for-a-successful-KYC-300x268.jpg\" alt=\"Joitakin vinkkej\u00e4 onnistuneeseen KYC:hen\" width=\"300\" height=\"268\" srcset=\"https:\/\/casinoreturn.com\/wp-content\/uploads\/2025\/11\/Some-tips-for-a-successful-KYC-300x268.jpg 300w, https:\/\/casinoreturn.com\/wp-content\/uploads\/2025\/11\/Some-tips-for-a-successful-KYC.jpg 626w\" sizes=\"(max-width: 300px) 100vw, 300px\" \/><\/p>\n\t\t\t\t\t\t\t\t<\/div>\n\t\t\t\t<\/div>\n\t\t\t\t<\/div>\n\t\t<div class=\"elementor-element elementor-element-cbdc116 e-con-full e-flex e-con e-parent\" data-id=\"cbdc116\" data-element_type=\"container\">\n\t\t\t\t<div class=\"elementor-element elementor-element-a4f915d elementor-widget elementor-widget-heading\" data-id=\"a4f915d\" data-element_type=\"widget\" id=\"pro\" data-widget_type=\"heading.default\">\n\t\t\t\t<div class=\"elementor-widget-container\">\n\t\t\t\t\t<h3 class=\"elementor-heading-title elementor-size-default\">Pro ja Cons Kasinot ilman KYC<\/h3>\t\t\t\t<\/div>\n\t\t\t\t<\/div>\n\t\t\t\t<div class=\"elementor-element elementor-element-2835619 elementor-widget elementor-widget-text-editor\" data-id=\"2835619\" data-element_type=\"widget\" data-widget_type=\"text-editor.default\">\n\t\t\t\t<div class=\"elementor-widget-container\">\n\t\t\t\t\t\t\t\t\t<p>Rekister\u00f6ityminen nettikasinoille on yleens\u00e4 hyvin helppoa ja tapahtuu muutamassa vaiheessa. Seuraavassa kuvassa on yksi esimerkki mahdollisesta rekister\u00f6intisivusta yhteisty\u00f6kumppaniltamme Betplays-kasinolta.  <\/p>\n<h5>Yksinkertaiset rekister\u00f6intitiedot ovat:  <\/h5>\n<ul>\n<li>K\u00e4ytt\u00e4j\u00e4tunnus ( mieleenpainuva nimi )  <\/li>\n<li>Koko nimi  <\/li>\n<li>s\u00e4hk\u00f6posti ( s\u00e4hk\u00f6postin vahvistus)  <\/li>\n<li>Salasana<\/li>\n<\/ul>\n<h5>Jotkin maat vaativat ennakkotietoja:<\/h5>\n<ul>\n<li>Koko nimi<\/li>\n<li>I\u00e4n todentaminen<\/li>\n<li>Puhelinnumeron tarkistaminen  <\/li>\n<li>s\u00e4hk\u00f6postivarmennus  <\/li>\n<li>Asuinmaa  <\/li>\n<li>Valuutta<\/li>\n<li>Salasana<\/li>\n<\/ul>\n<p><img decoding=\"async\" class=\"size-medium wp-image-8201 aligncenter\" src=\"https:\/\/casinoreturn.com\/wp-content\/uploads\/2025\/02\/Betplays-Registration-146x300.jpg\" alt=\"Betplays rekister\u00f6inti\" width=\"146\" height=\"300\" srcset=\"https:\/\/casinoreturn.com\/wp-content\/uploads\/2025\/02\/Betplays-Registration-146x300.jpg 146w, https:\/\/casinoreturn.com\/wp-content\/uploads\/2025\/02\/Betplays-Registration.jpg 354w\" sizes=\"(max-width: 146px) 100vw, 146px\" \/><\/p>\n<h4>KYC-kasinoiden edut<\/h4>\n<p>Ei ole ep\u00e4ilyst\u00e4k\u00e4\u00e4n siit\u00e4, etteik\u00f6 jokaisen ihmisen pit\u00e4isi jossain vaiheessa el\u00e4m\u00e4ss\u00e4\u00e4n tehd\u00e4 KYC. Kaikkien rahoituslaitosten on v\u00e4hennett\u00e4v\u00e4 rahanpesun riski\u00e4 toimittamalla asiakastiedot.  <\/p>\n<p><strong>KYC:n edut :<\/strong><\/p>\n<p>Tilisi on turvallinen, eiv\u00e4tk\u00e4 alaik\u00e4iset tai muut kuin sin\u00e4 itse voi huijata sit\u00e4.  <\/p>\n<p>Pelaajatilisi on turvallinen ja hallitsee talletuksia ja nostoja.<\/p>\n<p>Voit p\u00e4\u00e4tt\u00e4\u00e4, mit\u00e4 talletusmenetelmi\u00e4 ja nostoja k\u00e4ytet\u00e4\u00e4n.<\/p>\n<p>Yrityksill\u00e4, joilla on vankka KYC-prosessi, on yleens\u00e4 parempi maine ja turvaprosessi.<\/p>\n<p><strong>KYC:n haittapuoli  <\/strong><\/p>\n<p>Tilisi voi mahdollisesti altistua alaik\u00e4isille ja huijareille.  <\/p>\n<p>Pidempi odotusaika rekister\u00f6itymiselle tai varojen nostamiselle, jos KYC-asiakirjoja ei ole t\u00e4ytetty.  <\/p><\/p>\n\t\t\t\t\t\t\t\t<\/div>\n\t\t\t\t<\/div>\n\t\t\t\t<div class=\"elementor-element elementor-element-529c2aa elementor-widget elementor-widget-heading\" data-id=\"529c2aa\" data-element_type=\"widget\" id=\"2up\" data-widget_type=\"heading.default\">\n\t\t\t\t<div class=\"elementor-widget-container\">\n\t\t\t\t\t<h3 class=\"elementor-heading-title elementor-size-default\">2up.io Casino Review - operaattorimme ilman KYC:t\u00e4<\/h3>\t\t\t\t<\/div>\n\t\t\t\t<\/div>\n\t\t\t\t<div class=\"elementor-element elementor-element-3917c40 elementor-widget elementor-widget-text-editor\" data-id=\"3917c40\" data-element_type=\"widget\" data-widget_type=\"text-editor.default\">\n\t\t\t\t<div class=\"elementor-widget-container\">\n\t\t\t\t\t\t\t\t\t<p><strong>2up.io Casino Review<\/strong> &#8211; operaattorimme ilman KYC:t\u00e4  <\/p>\n<p><img loading=\"lazy\" decoding=\"async\" class=\"aligncenter wp-image-16236 size-full\" src=\"https:\/\/casinoreturn.com\/wp-content\/uploads\/2025\/11\/logo.png\" alt=\"Oikean rahan kasinot ilman KYC\" width=\"120\" height=\"120\"><\/p>\n\t\t\t\t\t\t\t\t<\/div>\n\t\t\t\t<\/div>\n\t\t\t\t<div class=\"elementor-element elementor-element-eceae71 elementor-button-warning elementor-align-center elementor-widget__width-initial elementor-widget elementor-widget-button\" data-id=\"eceae71\" data-element_type=\"widget\" data-widget_type=\"button.default\">\n\t\t\t\t<div class=\"elementor-widget-container\">\n\t\t\t\t\t\t\t\t\t<div class=\"elementor-button-wrapper\">\n\t\t\t\t\t<a class=\"elementor-button elementor-button-link elementor-size-sm\" href=\"https:\/\/go.2up.io\/visit\/?bta=35244&#038;nci=5371\">\n\t\t\t\t\t\t<span class=\"elementor-button-content-wrapper\">\n\t\t\t\t\t\t\t\t\t<span class=\"elementor-button-text\">Ei KYC-rekister\u00f6inti\u00e4 2up.io:ssa  <\/span>\n\t\t\t\t\t<\/span>\n\t\t\t\t\t<\/a>\n\t\t\t\t<\/div>\n\t\t\t\t\t\t\t\t<\/div>\n\t\t\t\t<\/div>\n\t\t\t\t<\/div>\n\t\t<div class=\"elementor-element elementor-element-77dfeff e-grid e-con-full e-con e-parent\" data-id=\"77dfeff\" data-element_type=\"container\">\n\t\t\t\t<div class=\"elementor-element elementor-element-0c98a27 elementor-widget elementor-widget-text-editor\" data-id=\"0c98a27\" data-element_type=\"widget\" data-widget_type=\"text-editor.default\">\n\t\t\t\t<div class=\"elementor-widget-container\">\n\t\t\t\t\t\t\t\t\t<p>Tarkistuksemme aikana rekister\u00f6intiin ja foorumille p\u00e4\u00e4syyn ei tarvittu KYC-tunnuksia.  <\/p>\n\t\t\t\t\t\t\t\t<\/div>\n\t\t\t\t<\/div>\n\t\t\t\t<div class=\"elementor-element elementor-element-bfbf0e9 elementor-widget elementor-widget-text-editor\" data-id=\"bfbf0e9\" data-element_type=\"widget\" data-widget_type=\"text-editor.default\">\n\t\t\t\t<div class=\"elementor-widget-container\">\n\t\t\t\t\t\t\t\t\t<p>Marraskuussa 2up.iolla on 100 ilmaiskierroksen ilmaiskierroskampanja rekister\u00f6itymisen yhteydess\u00e4. T\u00e4m\u00e4 on rajoitettu, ja operaattori voi peruuttaa sen halutessaan.  <\/p>\n\t\t\t\t\t\t\t\t<\/div>\n\t\t\t\t<\/div>\n\t\t\t\t<div class=\"elementor-element elementor-element-915db00 elementor-widget elementor-widget-text-editor\" data-id=\"915db00\" data-element_type=\"widget\" data-widget_type=\"text-editor.default\">\n\t\t\t\t<div class=\"elementor-widget-container\">\n\t\t\t\t\t\t\t\t\t<p>@up.iolla on Curacaon lisenssi ja se toimii useilla kielivaihtoehdoilla.  <\/p>\n\t\t\t\t\t\t\t\t<\/div>\n\t\t\t\t<\/div>\n\t\t\t\t<div class=\"elementor-element elementor-element-5ff788b elementor-widget elementor-widget-text-editor\" data-id=\"5ff788b\" data-element_type=\"widget\" data-widget_type=\"text-editor.default\">\n\t\t\t\t<div class=\"elementor-widget-container\">\n\t\t\t\t\t\t\t\t\t<p>2up.io tervetuliaisbonus<\/p>\n<p class=\"modal-title__3\">200% bonus, jopa 2000 dollaria<\/p>\n<p class=\"modal-title__3\">+ 500 ilmaiskierrosta!<\/p>\n<p>PLUS 1oo ilmaiskierrosta rekister\u00f6inniss\u00e4, jossa kierr\u00e4tys on vain 5 kertaa, k\u00e4ytt\u00e4m\u00e4ll\u00e4 kasinobonuskoodia &#8221;CASSTiger&#8221;.<\/p>\n<p>T\u00e4m\u00e4 tarjous voidaan peruuttaa milloin tahansa.  <\/p>\n\t\t\t\t\t\t\t\t<\/div>\n\t\t\t\t<\/div>\n\t\t\t\t<div class=\"elementor-element elementor-element-38697f5 elementor-widget elementor-widget-text-editor\" data-id=\"38697f5\" data-element_type=\"widget\" data-widget_type=\"text-editor.default\">\n\t\t\t\t<div class=\"elementor-widget-container\">\n\t\t\t\t\t\t\t\t\t<p>2up.io Asiakastuen s\u00e4hk\u00f6postiosoite on: support@2up.io<\/p>\n<p>Chat on 24\/7 useilla kielill\u00e4<\/p>\n<p>Ei puhelinlinjoja<\/p><\/p>\n\t\t\t\t\t\t\t\t<\/div>\n\t\t\t\t<\/div>\n\t\t\t\t<div class=\"elementor-element elementor-element-f02b6ed elementor-widget elementor-widget-text-editor\" data-id=\"f02b6ed\" data-element_type=\"widget\" data-widget_type=\"text-editor.default\">\n\t\t\t\t<div class=\"elementor-widget-container\">\n\t\t\t\t\t\t\t\t\t<p>Minimitalletus on 10 dollaria useimmille valuutoille. Kryptovaluutat ovat tervetulleita.  <\/p>\n<p>Kasino tarjoaa urheiluvedonly\u00f6nti\u00e4, live-kasinon ja online-kasinon.  <\/p>\n\t\t\t\t\t\t\t\t<\/div>\n\t\t\t\t<\/div>\n\t\t\t\t<\/div>\n\t\t\t\t<\/div>\n\t\t","protected":false},"excerpt":{"rendered":"<p>Oikean rahan kasinot ilman KYC Oikean rahan kasinot ilman KYC:t\u00e4 eiv\u00e4t ole niin runsaita kuin luulisi. Artikkelimme valottaa Non-KYC-kasinoiden etuja ja haittoja. Seuraavassa artikkelissa k\u00e4ymme l\u00e4pi KYC:n prosessin ja sen, mit\u00e4 vaaditaan. Tarkastelemme KYC:n ottamisen hy\u00f6tyj\u00e4 ja haittoja. Mik\u00e4 on niin sanottu KYC-prosessi? Mit\u00e4 asiakirjoja KYC:hen yleens\u00e4 kuuluu? Joitakin vinkkej\u00e4 onnistuneeseen KYC:hen 2up.io Casino Review [&hellip;]<\/p>\n","protected":false},"author":1,"featured_media":0,"parent":0,"menu_order":0,"comment_status":"closed","ping_status":"closed","template":"","meta":{"footnotes":""},"class_list":["post-16298","page","type-page","status-publish","hentry"],"blocksy_meta":[],"acf":[],"yoast_head":"<!-- This site is optimized with the Yoast SEO plugin v24.1 - https:\/\/yoast.com\/wordpress\/plugins\/seo\/ -->\n<title>Oikean rahan kasinot ilman KYC - casinoreturn<\/title>\n<meta name=\"description\" content=\"Oikean rahan kasinot ilman KYC on the Go. Pelaajien on joskus hankala ilmoittautua, kun ulkomailla tai paperit eiv\u00e4t ole k\u00e4sill\u00e4.\" \/>\n<meta name=\"robots\" content=\"index, follow, max-snippet:-1, max-image-preview:large, max-video-preview:-1\" \/>\n<link rel=\"canonical\" href=\"https:\/\/casinoreturn.com\/fi\/oikean-rahan-kasinot-ilman-kyc\/\" \/>\n<meta property=\"og:locale\" content=\"fi_FI\" \/>\n<meta property=\"og:type\" content=\"article\" \/>\n<meta property=\"og:title\" content=\"Oikean rahan kasinot ilman KYC - casinoreturn\" \/>\n<meta property=\"og:description\" content=\"Oikean rahan kasinot ilman KYC on the Go. Pelaajien on joskus hankala ilmoittautua, kun ulkomailla tai paperit eiv\u00e4t ole k\u00e4sill\u00e4.\" \/>\n<meta property=\"og:url\" content=\"https:\/\/casinoreturn.com\/fi\/oikean-rahan-kasinot-ilman-kyc\/\" \/>\n<meta property=\"og:site_name\" content=\"casinoreturn\" \/>\n<meta property=\"article:modified_time\" content=\"2025-11-06T02:50:07+00:00\" \/>\n<meta property=\"og:image\" content=\"https:\/\/casinoreturn.com\/wp-content\/uploads\/2025\/11\/KYC-for-Online-Gambling.jpg\" \/>\n\t<meta property=\"og:image:width\" content=\"980\" \/>\n\t<meta property=\"og:image:height\" content=\"980\" \/>\n\t<meta property=\"og:image:type\" content=\"image\/jpeg\" \/>\n<meta name=\"twitter:card\" content=\"summary_large_image\" \/>\n<meta name=\"twitter:label1\" content=\"Arvioitu lukuaika\" \/>\n\t<meta name=\"twitter:data1\" content=\"4 minuuttia\" \/>\n<script type=\"application\/ld+json\" class=\"yoast-schema-graph\">{\"@context\":\"https:\/\/schema.org\",\"@graph\":[{\"@type\":\"WebPage\",\"@id\":\"https:\/\/casinoreturn.com\/fi\/oikean-rahan-kasinot-ilman-kyc\/\",\"url\":\"https:\/\/casinoreturn.com\/fi\/oikean-rahan-kasinot-ilman-kyc\/\",\"name\":\"Oikean rahan kasinot ilman KYC - casinoreturn\",\"isPartOf\":{\"@id\":\"https:\/\/casinoreturn.com\/#website\"},\"primaryImageOfPage\":{\"@id\":\"https:\/\/casinoreturn.com\/fi\/oikean-rahan-kasinot-ilman-kyc\/#primaryimage\"},\"image\":{\"@id\":\"https:\/\/casinoreturn.com\/fi\/oikean-rahan-kasinot-ilman-kyc\/#primaryimage\"},\"thumbnailUrl\":\"https:\/\/casinoreturn.com\/wp-content\/uploads\/2025\/11\/KYC-for-Online-Gambling-300x300.jpg\",\"datePublished\":\"2025-11-06T02:30:14+00:00\",\"dateModified\":\"2025-11-06T02:50:07+00:00\",\"description\":\"Oikean rahan kasinot ilman KYC on the Go. Pelaajien on joskus hankala ilmoittautua, kun ulkomailla tai paperit eiv\u00e4t ole k\u00e4sill\u00e4.\",\"breadcrumb\":{\"@id\":\"https:\/\/casinoreturn.com\/fi\/oikean-rahan-kasinot-ilman-kyc\/#breadcrumb\"},\"inLanguage\":\"fi\",\"potentialAction\":[{\"@type\":\"ReadAction\",\"target\":[\"https:\/\/casinoreturn.com\/fi\/oikean-rahan-kasinot-ilman-kyc\/\"]}]},{\"@type\":\"ImageObject\",\"inLanguage\":\"fi\",\"@id\":\"https:\/\/casinoreturn.com\/fi\/oikean-rahan-kasinot-ilman-kyc\/#primaryimage\",\"url\":\"https:\/\/casinoreturn.com\/wp-content\/uploads\/2025\/11\/KYC-for-Online-Gambling-300x300.jpg\",\"contentUrl\":\"https:\/\/casinoreturn.com\/wp-content\/uploads\/2025\/11\/KYC-for-Online-Gambling-300x300.jpg\"},{\"@type\":\"BreadcrumbList\",\"@id\":\"https:\/\/casinoreturn.com\/fi\/oikean-rahan-kasinot-ilman-kyc\/#breadcrumb\",\"itemListElement\":[{\"@type\":\"ListItem\",\"position\":1,\"name\":\"Home\",\"item\":\"https:\/\/casinoreturn.com\/fi\/home\/\"},{\"@type\":\"ListItem\",\"position\":2,\"name\":\"Oikean rahan kasinot ilman KYC\"}]},{\"@type\":\"WebSite\",\"@id\":\"https:\/\/casinoreturn.com\/#website\",\"url\":\"https:\/\/casinoreturn.com\/\",\"name\":\"casinoreturn\",\"description\":\"\",\"publisher\":{\"@id\":\"https:\/\/casinoreturn.com\/#organization\"},\"potentialAction\":[{\"@type\":\"SearchAction\",\"target\":{\"@type\":\"EntryPoint\",\"urlTemplate\":\"https:\/\/casinoreturn.com\/?s={search_term_string}\"},\"query-input\":{\"@type\":\"PropertyValueSpecification\",\"valueRequired\":true,\"valueName\":\"search_term_string\"}}],\"inLanguage\":\"fi\"},{\"@type\":\"Organization\",\"@id\":\"https:\/\/casinoreturn.com\/#organization\",\"name\":\"casinoreturn\",\"url\":\"https:\/\/casinoreturn.com\/\",\"logo\":{\"@type\":\"ImageObject\",\"inLanguage\":\"fi\",\"@id\":\"https:\/\/casinoreturn.com\/#\/schema\/logo\/image\/\",\"url\":\"https:\/\/casinoreturn.com\/wp-content\/uploads\/2024\/09\/animal-favicon.png\",\"contentUrl\":\"https:\/\/casinoreturn.com\/wp-content\/uploads\/2024\/09\/animal-favicon.png\",\"width\":92,\"height\":92,\"caption\":\"casinoreturn\"},\"image\":{\"@id\":\"https:\/\/casinoreturn.com\/#\/schema\/logo\/image\/\"}}]}<\/script>\n<!-- \/ Yoast SEO plugin. -->","yoast_head_json":{"title":"Oikean rahan kasinot ilman KYC - casinoreturn","description":"Oikean rahan kasinot ilman KYC on the Go. Pelaajien on joskus hankala ilmoittautua, kun ulkomailla tai paperit eiv\u00e4t ole k\u00e4sill\u00e4.","robots":{"index":"index","follow":"follow","max-snippet":"max-snippet:-1","max-image-preview":"max-image-preview:large","max-video-preview":"max-video-preview:-1"},"canonical":"https:\/\/casinoreturn.com\/fi\/oikean-rahan-kasinot-ilman-kyc\/","og_locale":"fi_FI","og_type":"article","og_title":"Oikean rahan kasinot ilman KYC - casinoreturn","og_description":"Oikean rahan kasinot ilman KYC on the Go. Pelaajien on joskus hankala ilmoittautua, kun ulkomailla tai paperit eiv\u00e4t ole k\u00e4sill\u00e4.","og_url":"https:\/\/casinoreturn.com\/fi\/oikean-rahan-kasinot-ilman-kyc\/","og_site_name":"casinoreturn","article_modified_time":"2025-11-06T02:50:07+00:00","og_image":[{"width":980,"height":980,"url":"https:\/\/casinoreturn.com\/wp-content\/uploads\/2025\/11\/KYC-for-Online-Gambling.jpg","type":"image\/jpeg"}],"twitter_card":"summary_large_image","twitter_misc":{"Arvioitu lukuaika":"4 minuuttia"},"schema":{"@context":"https:\/\/schema.org","@graph":[{"@type":"WebPage","@id":"https:\/\/casinoreturn.com\/fi\/oikean-rahan-kasinot-ilman-kyc\/","url":"https:\/\/casinoreturn.com\/fi\/oikean-rahan-kasinot-ilman-kyc\/","name":"Oikean rahan kasinot ilman KYC - casinoreturn","isPartOf":{"@id":"https:\/\/casinoreturn.com\/#website"},"primaryImageOfPage":{"@id":"https:\/\/casinoreturn.com\/fi\/oikean-rahan-kasinot-ilman-kyc\/#primaryimage"},"image":{"@id":"https:\/\/casinoreturn.com\/fi\/oikean-rahan-kasinot-ilman-kyc\/#primaryimage"},"thumbnailUrl":"https:\/\/casinoreturn.com\/wp-content\/uploads\/2025\/11\/KYC-for-Online-Gambling-300x300.jpg","datePublished":"2025-11-06T02:30:14+00:00","dateModified":"2025-11-06T02:50:07+00:00","description":"Oikean rahan kasinot ilman KYC on the Go. Pelaajien on joskus hankala ilmoittautua, kun ulkomailla tai paperit eiv\u00e4t ole k\u00e4sill\u00e4.","breadcrumb":{"@id":"https:\/\/casinoreturn.com\/fi\/oikean-rahan-kasinot-ilman-kyc\/#breadcrumb"},"inLanguage":"fi","potentialAction":[{"@type":"ReadAction","target":["https:\/\/casinoreturn.com\/fi\/oikean-rahan-kasinot-ilman-kyc\/"]}]},{"@type":"ImageObject","inLanguage":"fi","@id":"https:\/\/casinoreturn.com\/fi\/oikean-rahan-kasinot-ilman-kyc\/#primaryimage","url":"https:\/\/casinoreturn.com\/wp-content\/uploads\/2025\/11\/KYC-for-Online-Gambling-300x300.jpg","contentUrl":"https:\/\/casinoreturn.com\/wp-content\/uploads\/2025\/11\/KYC-for-Online-Gambling-300x300.jpg"},{"@type":"BreadcrumbList","@id":"https:\/\/casinoreturn.com\/fi\/oikean-rahan-kasinot-ilman-kyc\/#breadcrumb","itemListElement":[{"@type":"ListItem","position":1,"name":"Home","item":"https:\/\/casinoreturn.com\/fi\/home\/"},{"@type":"ListItem","position":2,"name":"Oikean rahan kasinot ilman KYC"}]},{"@type":"WebSite","@id":"https:\/\/casinoreturn.com\/#website","url":"https:\/\/casinoreturn.com\/","name":"casinoreturn","description":"","publisher":{"@id":"https:\/\/casinoreturn.com\/#organization"},"potentialAction":[{"@type":"SearchAction","target":{"@type":"EntryPoint","urlTemplate":"https:\/\/casinoreturn.com\/?s={search_term_string}"},"query-input":{"@type":"PropertyValueSpecification","valueRequired":true,"valueName":"search_term_string"}}],"inLanguage":"fi"},{"@type":"Organization","@id":"https:\/\/casinoreturn.com\/#organization","name":"casinoreturn","url":"https:\/\/casinoreturn.com\/","logo":{"@type":"ImageObject","inLanguage":"fi","@id":"https:\/\/casinoreturn.com\/#\/schema\/logo\/image\/","url":"https:\/\/casinoreturn.com\/wp-content\/uploads\/2024\/09\/animal-favicon.png","contentUrl":"https:\/\/casinoreturn.com\/wp-content\/uploads\/2024\/09\/animal-favicon.png","width":92,"height":92,"caption":"casinoreturn"},"image":{"@id":"https:\/\/casinoreturn.com\/#\/schema\/logo\/image\/"}}]}},"_links":{"self":[{"href":"https:\/\/casinoreturn.com\/fi\/wp-json\/wp\/v2\/pages\/16298","targetHints":{"allow":["GET"]}}],"collection":[{"href":"https:\/\/casinoreturn.com\/fi\/wp-json\/wp\/v2\/pages"}],"about":[{"href":"https:\/\/casinoreturn.com\/fi\/wp-json\/wp\/v2\/types\/page"}],"author":[{"embeddable":true,"href":"https:\/\/casinoreturn.com\/fi\/wp-json\/wp\/v2\/users\/1"}],"replies":[{"embeddable":true,"href":"https:\/\/casinoreturn.com\/fi\/wp-json\/wp\/v2\/comments?post=16298"}],"version-history":[{"count":3,"href":"https:\/\/casinoreturn.com\/fi\/wp-json\/wp\/v2\/pages\/16298\/revisions"}],"predecessor-version":[{"id":16301,"href":"https:\/\/casinoreturn.com\/fi\/wp-json\/wp\/v2\/pages\/16298\/revisions\/16301"}],"wp:attachment":[{"href":"https:\/\/casinoreturn.com\/fi\/wp-json\/wp\/v2\/media?parent=16298"}],"curies":[{"name":"wp","href":"https:\/\/api.w.org\/{rel}","templated":true}]}}