{"id":4506,"date":"2024-11-11T14:01:17","date_gmt":"2024-11-11T14:01:17","guid":{"rendered":"https:\/\/casinoreturn.com\/kasinolisenssit\/"},"modified":"2024-12-02T12:12:57","modified_gmt":"2024-12-02T12:12:57","slug":"kasinolisenssit","status":"publish","type":"page","link":"https:\/\/casinoreturn.com\/fi\/kasinolisenssit\/","title":{"rendered":"Kasinolisenssit"},"content":{"rendered":"\t\t<div data-elementor-type=\"wp-page\" data-elementor-id=\"4506\" class=\"elementor elementor-4506\" data-elementor-post-type=\"page\">\n\t\t\t\t<div class=\"elementor-element elementor-element-25ab31d e-con-full e-flex e-con e-parent\" data-id=\"25ab31d\" data-element_type=\"container\">\n\t\t\t\t<div class=\"elementor-element elementor-element-e2d7818 elementor-widget elementor-widget-image\" data-id=\"e2d7818\" data-element_type=\"widget\" data-widget_type=\"image.default\">\n\t\t\t\t<div class=\"elementor-widget-container\">\n\t\t\t\t\t\t\t\t\t\t\t\t\t\t\t<img fetchpriority=\"high\" decoding=\"async\" width=\"1024\" height=\"538\" src=\"https:\/\/casinoreturn.com\/wp-content\/uploads\/2024\/12\/Online-Casino-Licences-1024x538.png\" class=\"attachment-large size-large wp-image-4475\" alt=\"Online Casino Licences\" srcset=\"https:\/\/casinoreturn.com\/wp-content\/uploads\/2024\/12\/Online-Casino-Licences-1024x538.png 1024w, https:\/\/casinoreturn.com\/wp-content\/uploads\/2024\/12\/Online-Casino-Licences-300x158.png 300w, https:\/\/casinoreturn.com\/wp-content\/uploads\/2024\/12\/Online-Casino-Licences-768x403.png 768w, https:\/\/casinoreturn.com\/wp-content\/uploads\/2024\/12\/Online-Casino-Licences.png 1200w\" sizes=\"(max-width: 1024px) 100vw, 1024px\" \/>\t\t\t\t\t\t\t\t\t\t\t\t\t\t\t<\/div>\n\t\t\t\t<\/div>\n\t\t\t\t<div class=\"elementor-element elementor-element-91388ca elementor-widget elementor-widget-heading\" data-id=\"91388ca\" data-element_type=\"widget\" data-widget_type=\"heading.default\">\n\t\t\t\t<div class=\"elementor-widget-container\">\n\t\t\t\t\t<h3 class=\"elementor-heading-title elementor-size-default\">Nettikasinolisenssit uhkapeleiss\u00e4 ja urheiluvedonly\u00f6nniss\u00e4<\/h3>\t\t\t\t<\/div>\n\t\t\t\t<\/div>\n\t\t\t\t<div class=\"elementor-element elementor-element-b90a94d elementor-widget elementor-widget-text-editor\" data-id=\"b90a94d\" data-element_type=\"widget\" data-widget_type=\"text-editor.default\">\n\t\t\t\t<div class=\"elementor-widget-container\">\n\t\t\t\t\t\t\t\t\t<p>Kasinoiden verkkolisenssit ovat elint\u00e4rkeit\u00e4, jotta ne voivat s\u00e4\u00e4nnell\u00e4 ja tarjota turvapaikan online-rahapelien pelaamiselle. IGaming-ala koki r\u00e4j\u00e4hdysm\u00e4isen kysynn\u00e4n ja suosion kasvun. On arvioitu, ett\u00e4 maailmanlaajuiset rahapelimarkkinat ylitt\u00e4v\u00e4t 270 miljardia Yhdysvaltain dollaria. COVID-19 vuonna 2019 teki lommon t\u00e4h\u00e4n lukuun, mutta toipuminen oli nopeaa, ja markkinat kasvoivat r\u00e4j\u00e4hdysm\u00e4isesti.     <\/p>\n\t\t\t\t\t\t\t\t<\/div>\n\t\t\t\t<\/div>\n\t\t\t\t<div class=\"elementor-element elementor-element-349a86e elementor-widget elementor-widget-heading\" data-id=\"349a86e\" data-element_type=\"widget\" data-widget_type=\"heading.default\">\n\t\t\t\t<div class=\"elementor-widget-container\">\n\t\t\t\t\t<h3 class=\"elementor-heading-title elementor-size-default\">Valkoiset, harmaat ja mustat markkinat - pelaajien on aika tehd\u00e4 p\u00e4\u00e4t\u00f6ksi\u00e4<\/h3>\t\t\t\t<\/div>\n\t\t\t\t<\/div>\n\t\t\t\t<div class=\"elementor-element elementor-element-fbe3b09 elementor-widget elementor-widget-text-editor\" data-id=\"fbe3b09\" data-element_type=\"widget\" data-widget_type=\"text-editor.default\">\n\t\t\t\t<div class=\"elementor-widget-container\">\n\t\t\t\t\t\t\t\t\t<p>Valkoisista, harmaista ja mustista markkinoista keskusteltaessa  <span style=\"box-sizing: border-box; margin: 0px; padding: 0px;\">viittaavat tiettyihin lisensseihin tai joissakin tapauksissa ei lisenssi\u00e4. <a href=\"https:\/\/upgaming.com\/white-grey-and-black-igaming-markets\/\" target=\"_blank\" rel=\"noopener\">Lis\u00e4tietoja<\/a> <\/span><a href=\"https:\/\/upgaming.com\/white-grey-and-black-igaming-markets\/\">  voidaan lukea t\u00e4\u00e4lt\u00e4.<\/a><\/p>\n<h4><strong>Valkoiset i-pelimarkkinat &#8211; i-pelaamisen s\u00e4\u00e4nnellyt markkinat<\/strong><\/h4>\n<p>Valkoisten markkinoiden kasinoita pidet\u00e4\u00e4n turvallisempina, ja ne toimivat maissa, joissa nettipelaaminen on sallittu. Suurimmassa osassa Eurooppaa on voimassa s\u00e4\u00e4nn\u00f6ksi\u00e4 kasinoiden valvomiseksi ja s\u00e4\u00e4ntelemiseksi. Juridiikat ovat asettaneet tiukkoja s\u00e4\u00e4nt\u00f6j\u00e4 ja ottaneet k\u00e4ytt\u00f6\u00f6n vastuullisen pelaamisen. S\u00e4\u00e4ntelyviranomaiset pakottivat nettikasinot paljastamaan tulonsa ja vastuullisen pelaamisen ennakoivia toimiaan. Jotkut laink\u00e4ytt\u00f6alueet meniv\u00e4t jopa niin pitk\u00e4lle, ett\u00e4 urheiluvedonly\u00f6nti ja nettikasinot erotettiin toisistaan. Erotettiin toisistaan tervetuliaisbonus, ilmaiset vedot, ilmaiskierrokset ja minimipanokset, joita voi asettaa.       <\/p>\n<p>T\u00e4m\u00e4 tulee kalliiksi operaattoreille ja operaattoreille, jotka k\u00e4ytt\u00e4v\u00e4t MGA-lisenssej\u00e4, Mansaaren, Kahnawaken ja Yhdistyneen kuningaskunnan lisenssej\u00e4.  <\/p>\n<h4><strong>Harmaat i-Gaming-markkinat &#8211; l\u00e4hell\u00e4 mutta ei niin l\u00e4hell\u00e4<\/strong><\/h4>\n<p>Ero valkoisten ja harmaiden markkinoiden v\u00e4lill\u00e4 on melko helppo havaita. Harmaat markkinat sallivat nettikasino- ja maalla tapahtuvan toiminnan, mutta v\u00e4hemmill\u00e4 s\u00e4\u00e4nn\u00f6ksill\u00e4 ja rajoituksilla. Kasinot voivat toimia kansainv\u00e4lisill\u00e4 lisensseill\u00e4, kuten Curacaon lisensseill\u00e4. Operaattorit voivat halutessaan yll\u00e4pit\u00e4\u00e4 useampaa kuin yht\u00e4 nettikasinoa t\u00e4llaisen lisenssin alla, jota sen paikalliset lains\u00e4\u00e4t\u00e4j\u00e4t s\u00e4\u00e4ntelev\u00e4t v\u00e4hemm\u00e4n todenn\u00e4k\u00f6isesti. Harmailla markkinoilla on tapahtunut my\u00f6nteisi\u00e4 parannuksia, ja yh\u00e4 useammat harmaiden markkinoiden kasinot ovat vapaaehtoisesti sopeutumassa vastuulliseen pelaamiseen. Harmailla markkinoilla on kuitenkin edelleen etuly\u00f6ntiasema volatiliteetin ja t\u00e4ysin l\u00e4pin\u00e4kyv\u00e4n kuvan tarjoamisen suhteen.       <\/p>\n<h4><strong>Mustat i-pelimarkkinat &#8211; Asiat, jotka sinun tulisi ottaa huomioon<\/strong><\/h4>\n<p>Mustat markkinat ovat markkinoita, joilla uhkapelaaminen tai online-uhkapelaaminen on kielletty. T\u00e4m\u00e4 voi johtua uskomuksista, kulttuurisista, eettisist\u00e4 tai poliittisista syist\u00e4. N\u00e4ill\u00e4 markkinoilla toimivat kasinot suljetaan yleens\u00e4 nopeasti, ja niihin voi tulla rikossyytteit\u00e4, kun ne saapuvat kyseisiin maihin. Muslimeihin suuntautuneet valtiot, jotkin Afrikan valtiot ja Aasia ovat ensisijaisia mustia markkinoita. Vastuullinen pelaaminen on olematonta, ja pankkitoiminta, tallettaminen ja kotiuttaminen ovat muuttuneet yh\u00e4 ep\u00e4vakaammiksi. Kasinoiden k\u00e4ytt\u00e4minen ilman lisenssi\u00e4 ei ole suositeltavaa.       <\/p>\n\t\t\t\t\t\t\t\t<\/div>\n\t\t\t\t<\/div>\n\t\t\t\t<div class=\"elementor-element elementor-element-cbb0223 elementor-widget elementor-widget-image\" data-id=\"cbb0223\" data-element_type=\"widget\" data-widget_type=\"image.default\">\n\t\t\t\t<div class=\"elementor-widget-container\">\n\t\t\t\t\t\t\t\t\t\t\t\t\t\t\t<img decoding=\"async\" width=\"225\" height=\"225\" src=\"https:\/\/casinoreturn.com\/wp-content\/uploads\/2024\/12\/Black-market-igaming.png\" class=\"attachment-large size-large wp-image-4487\" alt=\"Black market igaming\" srcset=\"https:\/\/casinoreturn.com\/wp-content\/uploads\/2024\/12\/Black-market-igaming.png 225w, https:\/\/casinoreturn.com\/wp-content\/uploads\/2024\/12\/Black-market-igaming-150x150.png 150w\" sizes=\"(max-width: 225px) 100vw, 225px\" \/>\t\t\t\t\t\t\t\t\t\t\t\t\t\t\t<\/div>\n\t\t\t\t<\/div>\n\t\t\t\t<div class=\"elementor-element elementor-element-e5d1860 elementor-widget elementor-widget-heading\" data-id=\"e5d1860\" data-element_type=\"widget\" data-widget_type=\"heading.default\">\n\t\t\t\t<div class=\"elementor-widget-container\">\n\t\t\t\t\t<h3 class=\"elementor-heading-title elementor-size-default\">Esteet ja haasteet  <\/h3>\t\t\t\t<\/div>\n\t\t\t\t<\/div>\n\t\t\t\t<div class=\"elementor-element elementor-element-1cd3dce elementor-widget elementor-widget-text-editor\" data-id=\"1cd3dce\" data-element_type=\"widget\" data-widget_type=\"text-editor.default\">\n\t\t\t\t<div class=\"elementor-widget-container\">\n\t\t\t\t\t\t\t\t\t<p>Ilman ajokorttia on kuin pelaisi ven\u00e4l\u00e4ist\u00e4 rulettia. Laki on varpaillaan, ja toimijaa uhkaa sulkeminen ja rikossakot. Syyteharkinta ja vankeusrangaistus ovat joitakin odotettavissa olevia etuja. Asiakkaat kohtaavat kovaa vastarintaa ja mahdollisuuden sulkea tilins\u00e4 ilman, ett\u00e4 he voivat kyseenalaistaa asiaa.     <\/p>\n<p>On parempi ajatella pitk\u00e4ll\u00e4 aikav\u00e4lill\u00e4 ja jatkaa kasinolisenssin kanssa, jotta voidaan tarjota hyv\u00e4\u00e4 palvelua ja merkkituotteita. Harmailla markkinoilla ja valkoisilla pelimarkkinoilla mainonta on mahdollista tai rajoitettu vain osiin. Pelaajat keskittyv\u00e4t nyky\u00e4\u00e4n lisensseihin ennen rekister\u00f6itymist\u00e4.  <\/p>\n\t\t\t\t\t\t\t\t<\/div>\n\t\t\t\t<\/div>\n\t\t\t\t<\/div>\n\t\t\t\t<\/div>\n\t\t","protected":false},"excerpt":{"rendered":"<p>Nettikasinolisenssit uhkapeleiss\u00e4 ja urheiluvedonly\u00f6nniss\u00e4 Kasinoiden verkkolisenssit ovat elint\u00e4rkeit\u00e4, jotta ne voivat s\u00e4\u00e4nnell\u00e4 ja tarjota turvapaikan online-rahapelien pelaamiselle. IGaming-ala koki r\u00e4j\u00e4hdysm\u00e4isen kysynn\u00e4n ja suosion kasvun. On arvioitu, ett\u00e4 maailmanlaajuiset rahapelimarkkinat ylitt\u00e4v\u00e4t 270 miljardia Yhdysvaltain dollaria. COVID-19 vuonna 2019 teki lommon t\u00e4h\u00e4n lukuun, mutta toipuminen oli nopeaa, ja markkinat kasvoivat r\u00e4j\u00e4hdysm\u00e4isesti. Valkoiset, harmaat ja mustat markkinat &#8211; [&hellip;]<\/p>\n","protected":false},"author":1,"featured_media":0,"parent":0,"menu_order":0,"comment_status":"closed","ping_status":"closed","template":"","meta":{"footnotes":""},"class_list":["post-4506","page","type-page","status-publish","hentry"],"blocksy_meta":[],"acf":[],"yoast_head":"<!-- This site is optimized with the Yoast SEO plugin v24.1 - https:\/\/yoast.com\/wordpress\/plugins\/seo\/ -->\n<title>Kasinolisenssit - casinoreturn<\/title>\n<meta name=\"description\" content=\"Kasinolisenssit voivat m\u00e4\u00e4ritt\u00e4\u00e4 p\u00e4\u00e4t\u00f6ksesi rekister\u00f6ity\u00e4 ja pelata nettikasinolla. T\u00e4ss\u00e4 on joitakin kasinolisenssej\u00e4 ja kasinoita.\" \/>\n<meta name=\"robots\" content=\"index, follow, max-snippet:-1, max-image-preview:large, max-video-preview:-1\" \/>\n<link rel=\"canonical\" href=\"https:\/\/casinoreturn.com\/fi\/kasinolisenssit\/\" \/>\n<meta property=\"og:locale\" content=\"fi_FI\" \/>\n<meta property=\"og:type\" content=\"article\" \/>\n<meta property=\"og:title\" content=\"Kasinolisenssit - casinoreturn\" \/>\n<meta property=\"og:description\" content=\"Kasinolisenssit voivat m\u00e4\u00e4ritt\u00e4\u00e4 p\u00e4\u00e4t\u00f6ksesi rekister\u00f6ity\u00e4 ja pelata nettikasinolla. T\u00e4ss\u00e4 on joitakin kasinolisenssej\u00e4 ja kasinoita.\" \/>\n<meta property=\"og:url\" content=\"https:\/\/casinoreturn.com\/fi\/kasinolisenssit\/\" \/>\n<meta property=\"og:site_name\" content=\"casinoreturn\" \/>\n<meta property=\"article:modified_time\" content=\"2024-12-02T12:12:57+00:00\" \/>\n<meta property=\"og:image\" content=\"https:\/\/casinoreturn.com\/wp-content\/uploads\/2024\/12\/Online-Casino-Licences.png\" \/>\n\t<meta property=\"og:image:width\" content=\"1200\" \/>\n\t<meta property=\"og:image:height\" content=\"630\" \/>\n\t<meta property=\"og:image:type\" content=\"image\/png\" \/>\n<meta name=\"twitter:card\" content=\"summary_large_image\" \/>\n<meta name=\"twitter:label1\" content=\"Arvioitu lukuaika\" \/>\n\t<meta name=\"twitter:data1\" content=\"2 minuuttia\" \/>\n<script type=\"application\/ld+json\" class=\"yoast-schema-graph\">{\"@context\":\"https:\/\/schema.org\",\"@graph\":[{\"@type\":\"WebPage\",\"@id\":\"https:\/\/casinoreturn.com\/fi\/kasinolisenssit\/\",\"url\":\"https:\/\/casinoreturn.com\/fi\/kasinolisenssit\/\",\"name\":\"Kasinolisenssit - casinoreturn\",\"isPartOf\":{\"@id\":\"https:\/\/casinoreturn.com\/#website\"},\"primaryImageOfPage\":{\"@id\":\"https:\/\/casinoreturn.com\/fi\/kasinolisenssit\/#primaryimage\"},\"image\":{\"@id\":\"https:\/\/casinoreturn.com\/fi\/kasinolisenssit\/#primaryimage\"},\"thumbnailUrl\":\"https:\/\/casinoreturn.com\/wp-content\/uploads\/2024\/12\/Online-Casino-Licences-1024x538.png\",\"datePublished\":\"2024-11-11T14:01:17+00:00\",\"dateModified\":\"2024-12-02T12:12:57+00:00\",\"description\":\"Kasinolisenssit voivat m\u00e4\u00e4ritt\u00e4\u00e4 p\u00e4\u00e4t\u00f6ksesi rekister\u00f6ity\u00e4 ja pelata nettikasinolla. T\u00e4ss\u00e4 on joitakin kasinolisenssej\u00e4 ja kasinoita.\",\"breadcrumb\":{\"@id\":\"https:\/\/casinoreturn.com\/fi\/kasinolisenssit\/#breadcrumb\"},\"inLanguage\":\"fi\",\"potentialAction\":[{\"@type\":\"ReadAction\",\"target\":[\"https:\/\/casinoreturn.com\/fi\/kasinolisenssit\/\"]}]},{\"@type\":\"ImageObject\",\"inLanguage\":\"fi\",\"@id\":\"https:\/\/casinoreturn.com\/fi\/kasinolisenssit\/#primaryimage\",\"url\":\"https:\/\/casinoreturn.com\/wp-content\/uploads\/2024\/12\/Online-Casino-Licences-1024x538.png\",\"contentUrl\":\"https:\/\/casinoreturn.com\/wp-content\/uploads\/2024\/12\/Online-Casino-Licences-1024x538.png\"},{\"@type\":\"BreadcrumbList\",\"@id\":\"https:\/\/casinoreturn.com\/fi\/kasinolisenssit\/#breadcrumb\",\"itemListElement\":[{\"@type\":\"ListItem\",\"position\":1,\"name\":\"Home\",\"item\":\"https:\/\/casinoreturn.com\/fi\/home\/\"},{\"@type\":\"ListItem\",\"position\":2,\"name\":\"Kasinolisenssit\"}]},{\"@type\":\"WebSite\",\"@id\":\"https:\/\/casinoreturn.com\/#website\",\"url\":\"https:\/\/casinoreturn.com\/\",\"name\":\"casinoreturn\",\"description\":\"\",\"publisher\":{\"@id\":\"https:\/\/casinoreturn.com\/#organization\"},\"potentialAction\":[{\"@type\":\"SearchAction\",\"target\":{\"@type\":\"EntryPoint\",\"urlTemplate\":\"https:\/\/casinoreturn.com\/?s={search_term_string}\"},\"query-input\":{\"@type\":\"PropertyValueSpecification\",\"valueRequired\":true,\"valueName\":\"search_term_string\"}}],\"inLanguage\":\"fi\"},{\"@type\":\"Organization\",\"@id\":\"https:\/\/casinoreturn.com\/#organization\",\"name\":\"casinoreturn\",\"url\":\"https:\/\/casinoreturn.com\/\",\"logo\":{\"@type\":\"ImageObject\",\"inLanguage\":\"fi\",\"@id\":\"https:\/\/casinoreturn.com\/#\/schema\/logo\/image\/\",\"url\":\"https:\/\/casinoreturn.com\/wp-content\/uploads\/2024\/09\/animal-favicon.png\",\"contentUrl\":\"https:\/\/casinoreturn.com\/wp-content\/uploads\/2024\/09\/animal-favicon.png\",\"width\":92,\"height\":92,\"caption\":\"casinoreturn\"},\"image\":{\"@id\":\"https:\/\/casinoreturn.com\/#\/schema\/logo\/image\/\"}}]}<\/script>\n<!-- \/ Yoast SEO plugin. -->","yoast_head_json":{"title":"Kasinolisenssit - casinoreturn","description":"Kasinolisenssit voivat m\u00e4\u00e4ritt\u00e4\u00e4 p\u00e4\u00e4t\u00f6ksesi rekister\u00f6ity\u00e4 ja pelata nettikasinolla. T\u00e4ss\u00e4 on joitakin kasinolisenssej\u00e4 ja kasinoita.","robots":{"index":"index","follow":"follow","max-snippet":"max-snippet:-1","max-image-preview":"max-image-preview:large","max-video-preview":"max-video-preview:-1"},"canonical":"https:\/\/casinoreturn.com\/fi\/kasinolisenssit\/","og_locale":"fi_FI","og_type":"article","og_title":"Kasinolisenssit - casinoreturn","og_description":"Kasinolisenssit voivat m\u00e4\u00e4ritt\u00e4\u00e4 p\u00e4\u00e4t\u00f6ksesi rekister\u00f6ity\u00e4 ja pelata nettikasinolla. T\u00e4ss\u00e4 on joitakin kasinolisenssej\u00e4 ja kasinoita.","og_url":"https:\/\/casinoreturn.com\/fi\/kasinolisenssit\/","og_site_name":"casinoreturn","article_modified_time":"2024-12-02T12:12:57+00:00","og_image":[{"width":1200,"height":630,"url":"https:\/\/casinoreturn.com\/wp-content\/uploads\/2024\/12\/Online-Casino-Licences.png","type":"image\/png"}],"twitter_card":"summary_large_image","twitter_misc":{"Arvioitu lukuaika":"2 minuuttia"},"schema":{"@context":"https:\/\/schema.org","@graph":[{"@type":"WebPage","@id":"https:\/\/casinoreturn.com\/fi\/kasinolisenssit\/","url":"https:\/\/casinoreturn.com\/fi\/kasinolisenssit\/","name":"Kasinolisenssit - casinoreturn","isPartOf":{"@id":"https:\/\/casinoreturn.com\/#website"},"primaryImageOfPage":{"@id":"https:\/\/casinoreturn.com\/fi\/kasinolisenssit\/#primaryimage"},"image":{"@id":"https:\/\/casinoreturn.com\/fi\/kasinolisenssit\/#primaryimage"},"thumbnailUrl":"https:\/\/casinoreturn.com\/wp-content\/uploads\/2024\/12\/Online-Casino-Licences-1024x538.png","datePublished":"2024-11-11T14:01:17+00:00","dateModified":"2024-12-02T12:12:57+00:00","description":"Kasinolisenssit voivat m\u00e4\u00e4ritt\u00e4\u00e4 p\u00e4\u00e4t\u00f6ksesi rekister\u00f6ity\u00e4 ja pelata nettikasinolla. T\u00e4ss\u00e4 on joitakin kasinolisenssej\u00e4 ja kasinoita.","breadcrumb":{"@id":"https:\/\/casinoreturn.com\/fi\/kasinolisenssit\/#breadcrumb"},"inLanguage":"fi","potentialAction":[{"@type":"ReadAction","target":["https:\/\/casinoreturn.com\/fi\/kasinolisenssit\/"]}]},{"@type":"ImageObject","inLanguage":"fi","@id":"https:\/\/casinoreturn.com\/fi\/kasinolisenssit\/#primaryimage","url":"https:\/\/casinoreturn.com\/wp-content\/uploads\/2024\/12\/Online-Casino-Licences-1024x538.png","contentUrl":"https:\/\/casinoreturn.com\/wp-content\/uploads\/2024\/12\/Online-Casino-Licences-1024x538.png"},{"@type":"BreadcrumbList","@id":"https:\/\/casinoreturn.com\/fi\/kasinolisenssit\/#breadcrumb","itemListElement":[{"@type":"ListItem","position":1,"name":"Home","item":"https:\/\/casinoreturn.com\/fi\/home\/"},{"@type":"ListItem","position":2,"name":"Kasinolisenssit"}]},{"@type":"WebSite","@id":"https:\/\/casinoreturn.com\/#website","url":"https:\/\/casinoreturn.com\/","name":"casinoreturn","description":"","publisher":{"@id":"https:\/\/casinoreturn.com\/#organization"},"potentialAction":[{"@type":"SearchAction","target":{"@type":"EntryPoint","urlTemplate":"https:\/\/casinoreturn.com\/?s={search_term_string}"},"query-input":{"@type":"PropertyValueSpecification","valueRequired":true,"valueName":"search_term_string"}}],"inLanguage":"fi"},{"@type":"Organization","@id":"https:\/\/casinoreturn.com\/#organization","name":"casinoreturn","url":"https:\/\/casinoreturn.com\/","logo":{"@type":"ImageObject","inLanguage":"fi","@id":"https:\/\/casinoreturn.com\/#\/schema\/logo\/image\/","url":"https:\/\/casinoreturn.com\/wp-content\/uploads\/2024\/09\/animal-favicon.png","contentUrl":"https:\/\/casinoreturn.com\/wp-content\/uploads\/2024\/09\/animal-favicon.png","width":92,"height":92,"caption":"casinoreturn"},"image":{"@id":"https:\/\/casinoreturn.com\/#\/schema\/logo\/image\/"}}]}},"_links":{"self":[{"href":"https:\/\/casinoreturn.com\/fi\/wp-json\/wp\/v2\/pages\/4506","targetHints":{"allow":["GET"]}}],"collection":[{"href":"https:\/\/casinoreturn.com\/fi\/wp-json\/wp\/v2\/pages"}],"about":[{"href":"https:\/\/casinoreturn.com\/fi\/wp-json\/wp\/v2\/types\/page"}],"author":[{"embeddable":true,"href":"https:\/\/casinoreturn.com\/fi\/wp-json\/wp\/v2\/users\/1"}],"replies":[{"embeddable":true,"href":"https:\/\/casinoreturn.com\/fi\/wp-json\/wp\/v2\/comments?post=4506"}],"version-history":[{"count":1,"href":"https:\/\/casinoreturn.com\/fi\/wp-json\/wp\/v2\/pages\/4506\/revisions"}],"predecessor-version":[{"id":4507,"href":"https:\/\/casinoreturn.com\/fi\/wp-json\/wp\/v2\/pages\/4506\/revisions\/4507"}],"wp:attachment":[{"href":"https:\/\/casinoreturn.com\/fi\/wp-json\/wp\/v2\/media?parent=4506"}],"curies":[{"name":"wp","href":"https:\/\/api.w.org\/{rel}","templated":true}]}}