{"id":4549,"date":"2024-11-02T10:47:02","date_gmt":"2024-11-02T10:47:02","guid":{"rendered":"https:\/\/casinoreturn.com\/casino-vaikuttaja\/"},"modified":"2025-03-12T10:53:40","modified_gmt":"2025-03-12T10:53:40","slug":"casino-vaikuttaja","status":"publish","type":"page","link":"https:\/\/casinoreturn.com\/fi\/casino-vaikuttaja\/","title":{"rendered":"Casino Vaikuttaja"},"content":{"rendered":"\t\t<div data-elementor-type=\"wp-page\" data-elementor-id=\"4549\" class=\"elementor elementor-4549\" data-elementor-post-type=\"page\">\n\t\t\t\t<div class=\"elementor-element elementor-element-55b8a04 e-flex e-con-boxed e-con e-parent\" data-id=\"55b8a04\" data-element_type=\"container\">\n\t\t\t\t\t<div class=\"e-con-inner\">\n\t\t\t\t<div class=\"elementor-element elementor-element-56141af elementor-widget elementor-widget-text-editor\" data-id=\"56141af\" data-element_type=\"widget\" data-widget_type=\"text-editor.default\">\n\t\t\t\t<div class=\"elementor-widget-container\">\n\t\t\t\t\t\t\t\t\t<h3>Sosiaalista mediaa k\u00e4ytt\u00e4v\u00e4t kasinovaikuttajat ovat nousemassa vahvasti maineeseen, ja monet toimijat j\u00e4tt\u00e4v\u00e4t t\u00e4m\u00e4n usein huomiotta.  <\/h3>\n\t\t\t\t\t\t\t\t<\/div>\n\t\t\t\t<\/div>\n\t\t\t\t\t<\/div>\n\t\t\t\t<\/div>\n\t\t<div class=\"elementor-element elementor-element-fbf2875 e-flex e-con-boxed e-con e-parent\" data-id=\"fbf2875\" data-element_type=\"container\">\n\t\t\t\t\t<div class=\"e-con-inner\">\n\t\t\t\t<div class=\"elementor-element elementor-element-c338f23 elementor-widget elementor-widget-text-editor\" data-id=\"c338f23\" data-element_type=\"widget\" data-widget_type=\"text-editor.default\">\n\t\t\t\t<div class=\"elementor-widget-container\">\n\t\t\t\t\t\t\t\t\t<p>Nykyp\u00e4iv\u00e4n alati muuttuvien trendien maailmassa yhdest\u00e4 ryhm\u00e4st\u00e4 on tullut kiistatta liikkeellepaneva voima online-rahapelialalla. Puhumme sosiaalisten nettikasinovaikuttajien huikeasta noususta. Mik\u00e4 rooli heill\u00e4 on pelaajayhteis\u00f6ss\u00e4? Mitk\u00e4 ovat vaikuttajien edut pelaamisessa? Ja monia muita mielenkiintoisia faktoja, jotka haluamme esitell\u00e4 sinulle, loppukuluttajalle. Klikkaa <strong>T\u00c4\u00c4LT\u00c4<\/strong>, jos haluat sitoutua kuukauden striimaajaamme ja lukea Casino return -streamerin arvostelumme.       <\/p>\n\t\t\t\t\t\t\t\t<\/div>\n\t\t\t\t<\/div>\n\t\t\t\t\t<\/div>\n\t\t\t\t<\/div>\n\t\t<div class=\"elementor-element elementor-element-f3bb186 e-flex e-con-boxed e-con e-parent\" data-id=\"f3bb186\" data-element_type=\"container\">\n\t\t\t\t\t<div class=\"e-con-inner\">\n\t\t\t\t<div class=\"elementor-element elementor-element-0c927c6 elementor-widget elementor-widget-heading\" data-id=\"0c927c6\" data-element_type=\"widget\" data-widget_type=\"heading.default\">\n\t\t\t\t<div class=\"elementor-widget-container\">\n\t\t\t\t\t<h4 class=\"elementor-heading-title elementor-size-default\">Rahapelialan vaikuttajat<\/h4>\t\t\t\t<\/div>\n\t\t\t\t<\/div>\n\t\t\t\t\t<\/div>\n\t\t\t\t<\/div>\n\t\t<div class=\"elementor-element elementor-element-a4caf4b e-flex e-con-boxed e-con e-parent\" data-id=\"a4caf4b\" data-element_type=\"container\">\n\t\t\t\t\t<div class=\"e-con-inner\">\n\t\t\t\t<div class=\"elementor-element elementor-element-9bb9446 elementor-widget elementor-widget-text-editor\" data-id=\"9bb9446\" data-element_type=\"widget\" data-widget_type=\"text-editor.default\">\n\t\t\t\t<div class=\"elementor-widget-container\">\n\t\t\t\t\t\t\t\t\t<p>Sosiaalisen median alustojen huiman nousun j\u00e4lkeen joukko ihmisi\u00e4 on sopeutunut ja siirtynyt muodista, urheilusta ja ruoasta online-rahapelien pariin. <a href=\"https:\/\/casinoreturn.com\/fi\/nettikasino-vaikuttaja\/\">Vaikuttajat<\/a> markkinoinnissa eiv\u00e4t ole mit\u00e4\u00e4n uutta, ja aiemmin ne olivat usein urheiluihmisi\u00e4 tai muusikoita, jotka mainostivat tuotteitaan julkisesti. Ajat ovat kuitenkin menneet eteenp\u00e4in, ja koska useimmilla meist\u00e4 on matkapuhelin ja internet, yh\u00e4 useammat vaikuttajat ovat ryhtyneet edist\u00e4m\u00e4\u00e4n online-rahapelituotteita. T\u00e4llainen tuotemerkin tukeminen on avannut oven hyville, pahoille ja rumille, toisin sanoen nykyajan vaikuttajien on my\u00f6s osallistuttava vastuulliseen pelaamiseen. Katsotaanpa siis, mit\u00e4 etuja vaikuttajilla on rahapelaamisessa ja mit\u00e4 haasteita ja huolenaiheita voimme ehk\u00e4 k\u00e4sitell\u00e4.     <\/p>\n\t\t\t\t\t\t\t\t<\/div>\n\t\t\t\t<\/div>\n\t\t\t\t\t<\/div>\n\t\t\t\t<\/div>\n\t\t<div class=\"elementor-element elementor-element-f340639 e-flex e-con-boxed e-con e-parent\" data-id=\"f340639\" data-element_type=\"container\">\n\t\t\t\t\t<div class=\"e-con-inner\">\n\t\t\t\t<div class=\"elementor-element elementor-element-42ea645 elementor-widget elementor-widget-heading\" data-id=\"42ea645\" data-element_type=\"widget\" data-widget_type=\"heading.default\">\n\t\t\t\t<div class=\"elementor-widget-container\">\n\t\t\t\t\t<h4 class=\"elementor-heading-title elementor-size-default\">Vaikuttajien edut uhkapeleiss\u00e4<\/h4>\t\t\t\t<\/div>\n\t\t\t\t<\/div>\n\t\t\t\t\t<\/div>\n\t\t\t\t<\/div>\n\t\t<div class=\"elementor-element elementor-element-a89ec35 e-flex e-con-boxed e-con e-parent\" data-id=\"a89ec35\" data-element_type=\"container\">\n\t\t\t\t\t<div class=\"e-con-inner\">\n\t\t\t\t<div class=\"elementor-element elementor-element-8ec5cde elementor-widget elementor-widget-text-editor\" data-id=\"8ec5cde\" data-element_type=\"widget\" data-widget_type=\"text-editor.default\">\n\t\t\t\t<div class=\"elementor-widget-container\">\n\t\t\t\t\t\t\t\t\t<p>Seuraavat edut tekev\u00e4t vaikuttajista yleisesti ottaen erinomaisen markkinoijan:  <\/p>\n<ul>\n<li><strong>Vaikuttajat lis\u00e4\u00e4v\u00e4t br\u00e4ndin tunnettuutta.<\/strong>  Heid\u00e4n roolinsa hyv\u00e4n br\u00e4ndin edist\u00e4misess\u00e4 on erityisen t\u00e4rke\u00e4, sill\u00e4 seuraajat luottavat suosituksiin ja sitoutuvat todenn\u00e4k\u00f6isemmin br\u00e4ndiin.  <\/li>\n<li><strong>Asiantuntemus ja kokemus<\/strong> ovat kaksi t\u00e4rke\u00e4\u00e4 seikkaa. Vaikuttajat ovat yleens\u00e4 paremmin perill\u00e4 br\u00e4ndist\u00e4 tai tuotteesta. Uskottavuuden ja luottamuksen rakentaminen saa enemm\u00e4n seuraajia testaamaan mainostettua tuotemerkki\u00e4 tai tuotetta. Esimerkiksi kuuluisa urheilupersoona mainostaa kanavallaan uutta urheilukenk\u00e4sarjaa. Tuloksena on, ett\u00e4 n\u00e4iden kenkien myynti nousee kattoon, koska ne perustuvat suosituksiin ja siihen, ett\u00e4 ikoni k\u00e4ytt\u00e4\u00e4 samoja kenki\u00e4. Vaikuttajat ovat roolimalleja, ja seuraajat voivat samaistua tai antaa lausuntoja k\u00e4ytt\u00e4m\u00e4ll\u00e4 samaa tuotemerkki\u00e4.       <\/li>\n<li><strong>Sitoutuminen ja samaistumisen voima<\/strong>. Vaikuttajat ovat usein itse alansa ammattilaisia tai ovat ker\u00e4nneet ja osoittaneet korkeampaa asiantuntemusta. T\u00e4m\u00e4n asian havainnollistamiseksi tarkastellaan urheilun, pokerin ja jalkapallon vaikuttajia. Koripallot\u00e4hdet mainostavat tietty\u00e4 tuotemerkki\u00e4, mink\u00e4 ansiosta h\u00e4n on yksi ensimm\u00e4isist\u00e4 urheilijoista, jotka ansaitsevat 500 miljoonan myyntiprovision. Pokerinpelaajat kutsutaan Las Vegasiin ja kosiskelu n\u00e4iden huippupokerinpelaajien saamiseksi on huikeaa. Kuuluisa brittil\u00e4inen jalkapalloilija on muuttanut kampaustyyli\u00e4\u00e4n, ja sen seurauksena nuoret pojat rynt\u00e4\u00e4v\u00e4t my\u00f6s parturiin samaistumaan siihen.       <\/li>\n<\/ul>\n\t\t\t\t\t\t\t\t<\/div>\n\t\t\t\t<\/div>\n\t\t\t\t\t<\/div>\n\t\t\t\t<\/div>\n\t\t<div class=\"elementor-element elementor-element-49db073 e-flex e-con-boxed e-con e-parent\" data-id=\"49db073\" data-element_type=\"container\">\n\t\t\t\t\t<div class=\"e-con-inner\">\n\t\t\t\t<div class=\"elementor-element elementor-element-95ecd9c elementor-widget elementor-widget-heading\" data-id=\"95ecd9c\" data-element_type=\"widget\" data-widget_type=\"heading.default\">\n\t\t\t\t<div class=\"elementor-widget-container\">\n\t\t\t\t\t<h4 class=\"elementor-heading-title elementor-size-default\">Haasteet ja vastuut<\/h4>\t\t\t\t<\/div>\n\t\t\t\t<\/div>\n\t\t\t\t\t<\/div>\n\t\t\t\t<\/div>\n\t\t<div class=\"elementor-element elementor-element-d90b400 e-flex e-con-boxed e-con e-parent\" data-id=\"d90b400\" data-element_type=\"container\">\n\t\t\t\t\t<div class=\"e-con-inner\">\n\t\t\t\t<div class=\"elementor-element elementor-element-40c1321 elementor-widget elementor-widget-text-editor\" data-id=\"40c1321\" data-element_type=\"widget\" data-widget_type=\"text-editor.default\">\n\t\t\t\t<div class=\"elementor-widget-container\">\n\t\t\t\t\t\t\t\t\t<p>Kasinon markkinointi ja nettikasinoalustat ovat s\u00e4\u00e4nneltyj\u00e4, eik\u00e4 ole yll\u00e4tt\u00e4v\u00e4\u00e4, ett\u00e4 suurempaa m\u00e4\u00e4r\u00e4\u00e4 ei s\u00e4\u00e4nnell\u00e4. Mit\u00e4 haasteita kasinovaikuttajilla ja kasino-operaattoreilla on edess\u00e4\u00e4n? Edess\u00e4 olevat haasteet voivat vaihdella, muutamia mainitakseni:  <\/p>\n\t\t\t\t\t\t\t\t<\/div>\n\t\t\t\t<\/div>\n\t\t\t\t\t<\/div>\n\t\t\t\t<\/div>\n\t\t<div class=\"elementor-element elementor-element-836bdc3 e-flex e-con-boxed e-con e-parent\" data-id=\"836bdc3\" data-element_type=\"container\">\n\t\t\t\t\t<div class=\"e-con-inner\">\n\t\t\t\t<div class=\"elementor-element elementor-element-5ecded3 elementor-widget elementor-widget-text-editor\" data-id=\"5ecded3\" data-element_type=\"widget\" data-widget_type=\"text-editor.default\">\n\t\t\t\t<div class=\"elementor-widget-container\">\n\t\t\t\t\t\t\t\t\t<ul>\n<li><strong>Verkkopelaamisen edist\u00e4minen julkisesti on usein punainen vaate<\/strong> joillekin s\u00e4\u00e4ntelyviranomaisille, ja jotkin maat, kuten Saksa, Espanja, Hollanti, osa Yhdysvalloista ja Iso-Britannia, ovat ryhtyneet tehokkaisiin toimiin tunnistaakseen sis\u00e4isen vihollisen. Aika on kuitenkin osoittanut, ett\u00e4 pelaajien kielt\u00e4misen ja s\u00e4\u00e4ntelyn peitt\u00e4misen sijasta on usein hy\u00f6dyllisemp\u00e4\u00e4 k\u00e4yd\u00e4 vuoropuhelua operaattoreiden kanssa ja avata vuoropuhelu, jonka tavoitteena on luoda turvallisempi uhkapeliymp\u00e4rist\u00f6. Parempi, kun tiet\u00e4\u00e4 paholaisen.    <\/li>\n<\/ul>\n\t\t\t\t\t\t\t\t<\/div>\n\t\t\t\t<\/div>\n\t\t\t\t\t<\/div>\n\t\t\t\t<\/div>\n\t\t<div class=\"elementor-element elementor-element-91b3109 e-flex e-con-boxed e-con e-parent\" data-id=\"91b3109\" data-element_type=\"container\">\n\t\t\t\t\t<div class=\"e-con-inner\">\n\t\t\t\t<div class=\"elementor-element elementor-element-3a1d9be elementor-widget elementor-widget-text-editor\" data-id=\"3a1d9be\" data-element_type=\"widget\" data-widget_type=\"text-editor.default\">\n\t\t\t\t<div class=\"elementor-widget-container\">\n\t\t\t\t\t\t\t\t\t<ul>\n<li><strong>Vaikuttajilla on my\u00f6s vastuu<\/strong> suojella seuraajiaan ja yhteis\u00f6\u00e4 yhteisty\u00f6lt\u00e4 sellaisten br\u00e4ndikumppaneiden kanssa, jotka eiv\u00e4t ole halukkaita tukemaan vastuullista rahapelaamista ja noudattamaan markkinastandardeja.  <\/li>\n<\/ul>\n\t\t\t\t\t\t\t\t<\/div>\n\t\t\t\t<\/div>\n\t\t\t\t\t<\/div>\n\t\t\t\t<\/div>\n\t\t<div class=\"elementor-element elementor-element-8138a19 e-flex e-con-boxed e-con e-parent\" data-id=\"8138a19\" data-element_type=\"container\">\n\t\t\t\t\t<div class=\"e-con-inner\">\n\t\t\t\t<div class=\"elementor-element elementor-element-f004e45 elementor-widget elementor-widget-heading\" data-id=\"f004e45\" data-element_type=\"widget\" data-widget_type=\"heading.default\">\n\t\t\t\t<div class=\"elementor-widget-container\">\n\t\t\t\t\t<h5 class=\"elementor-heading-title elementor-size-default\">Mik\u00e4 on edess\u00e4 vaikuttajille nettikasinolla?<\/h5>\t\t\t\t<\/div>\n\t\t\t\t<\/div>\n\t\t\t\t\t<\/div>\n\t\t\t\t<\/div>\n\t\t<div class=\"elementor-element elementor-element-e26ded2 e-flex e-con-boxed e-con e-parent\" data-id=\"e26ded2\" data-element_type=\"container\">\n\t\t\t\t\t<div class=\"e-con-inner\">\n\t\t\t\t<div class=\"elementor-element elementor-element-83be952 elementor-widget elementor-widget-text-editor\" data-id=\"83be952\" data-element_type=\"widget\" data-widget_type=\"text-editor.default\">\n\t\t\t\t<div class=\"elementor-widget-container\">\n\t\t\t\t\t\t\t\t\t<p>Sosiaalisen median tulevaisuus on nopea ja v\u00e4rik\u00e4s. On odotettavissa, ett\u00e4 ennemmin tai my\u00f6hemmin valtava m\u00e4\u00e4r\u00e4 vain katoaa, koska valtava m\u00e4\u00e4r\u00e4 yritt\u00e4\u00e4 tehd\u00e4 merkitt\u00e4v\u00e4\u00e4 vaikutusta. T\u00e4rkeint\u00e4 ja asiaa voimakkaasti korostaen on pit\u00e4\u00e4 pelaajat turvassa vastuullisilla pelik\u00e4yt\u00e4nn\u00f6ill\u00e4 ja eettisesti haastavilla vaikuttajilla, jotka ottavat t\u00e4rke\u00e4n roolinsa yhteiskunnassa vakavasti. Kun otetaan huomioon edell\u00e4 mainitut seikat, uskomme, ett\u00e4 tulevaisuus on valoisa, kun kaikki n\u00e4k\u00f6kohdat otetaan huomioon.     <\/p>\n\t\t\t\t\t\t\t\t<\/div>\n\t\t\t\t<\/div>\n\t\t\t\t\t<\/div>\n\t\t\t\t<\/div>\n\t\t\t\t<\/div>\n\t\t","protected":false},"excerpt":{"rendered":"<p>Sosiaalista mediaa k\u00e4ytt\u00e4v\u00e4t kasinovaikuttajat ovat nousemassa vahvasti maineeseen, ja monet toimijat j\u00e4tt\u00e4v\u00e4t t\u00e4m\u00e4n usein huomiotta. Nykyp\u00e4iv\u00e4n alati muuttuvien trendien maailmassa yhdest\u00e4 ryhm\u00e4st\u00e4 on tullut kiistatta liikkeellepaneva voima online-rahapelialalla. Puhumme sosiaalisten nettikasinovaikuttajien huikeasta noususta. Mik\u00e4 rooli heill\u00e4 on pelaajayhteis\u00f6ss\u00e4? Mitk\u00e4 ovat vaikuttajien edut pelaamisessa? Ja monia muita mielenkiintoisia faktoja, jotka haluamme esitell\u00e4 sinulle, loppukuluttajalle. Klikkaa T\u00c4\u00c4LT\u00c4, [&hellip;]<\/p>\n","protected":false},"author":1,"featured_media":0,"parent":0,"menu_order":0,"comment_status":"closed","ping_status":"closed","template":"","meta":{"footnotes":""},"class_list":["post-4549","page","type-page","status-publish","hentry"],"blocksy_meta":[],"acf":[],"yoast_head":"<!-- This site is optimized with the Yoast SEO plugin v24.1 - https:\/\/yoast.com\/wordpress\/plugins\/seo\/ -->\n<title>Casino Vaikuttaja - casinoreturn<\/title>\n<meta name=\"description\" content=\"Casino Influencer on ottanut suuren harppauksen sosiaalisesta mediasta saapuakseen nettikasinolle. Seuraa meit\u00e4 t\u00e4\u00e4lt\u00e4 ja katso kuka on kuka ja mit\u00e4 uutta Twitchiss\u00e4.\" \/>\n<meta name=\"robots\" content=\"index, follow, max-snippet:-1, max-image-preview:large, max-video-preview:-1\" \/>\n<link rel=\"canonical\" href=\"https:\/\/casinoreturn.com\/fi\/casino-vaikuttaja\/\" \/>\n<meta property=\"og:locale\" content=\"fi_FI\" \/>\n<meta property=\"og:type\" content=\"article\" \/>\n<meta property=\"og:title\" content=\"Casino Vaikuttaja - casinoreturn\" \/>\n<meta property=\"og:description\" content=\"Casino Influencer on ottanut suuren harppauksen sosiaalisesta mediasta saapuakseen nettikasinolle. Seuraa meit\u00e4 t\u00e4\u00e4lt\u00e4 ja katso kuka on kuka ja mit\u00e4 uutta Twitchiss\u00e4.\" \/>\n<meta property=\"og:url\" content=\"https:\/\/casinoreturn.com\/fi\/casino-vaikuttaja\/\" \/>\n<meta property=\"og:site_name\" content=\"casinoreturn\" \/>\n<meta property=\"article:modified_time\" content=\"2025-03-12T10:53:40+00:00\" \/>\n<meta name=\"twitter:card\" content=\"summary_large_image\" \/>\n<meta name=\"twitter:label1\" content=\"Arvioitu lukuaika\" \/>\n\t<meta name=\"twitter:data1\" content=\"3 minuuttia\" \/>\n<script type=\"application\/ld+json\" class=\"yoast-schema-graph\">{\"@context\":\"https:\/\/schema.org\",\"@graph\":[{\"@type\":\"WebPage\",\"@id\":\"https:\/\/casinoreturn.com\/fi\/casino-vaikuttaja\/\",\"url\":\"https:\/\/casinoreturn.com\/fi\/casino-vaikuttaja\/\",\"name\":\"Casino Vaikuttaja - casinoreturn\",\"isPartOf\":{\"@id\":\"https:\/\/casinoreturn.com\/#website\"},\"datePublished\":\"2024-11-02T10:47:02+00:00\",\"dateModified\":\"2025-03-12T10:53:40+00:00\",\"description\":\"Casino Influencer on ottanut suuren harppauksen sosiaalisesta mediasta saapuakseen nettikasinolle. Seuraa meit\u00e4 t\u00e4\u00e4lt\u00e4 ja katso kuka on kuka ja mit\u00e4 uutta Twitchiss\u00e4.\",\"breadcrumb\":{\"@id\":\"https:\/\/casinoreturn.com\/fi\/casino-vaikuttaja\/#breadcrumb\"},\"inLanguage\":\"fi\",\"potentialAction\":[{\"@type\":\"ReadAction\",\"target\":[\"https:\/\/casinoreturn.com\/fi\/casino-vaikuttaja\/\"]}]},{\"@type\":\"BreadcrumbList\",\"@id\":\"https:\/\/casinoreturn.com\/fi\/casino-vaikuttaja\/#breadcrumb\",\"itemListElement\":[{\"@type\":\"ListItem\",\"position\":1,\"name\":\"Home\",\"item\":\"https:\/\/casinoreturn.com\/fi\/home\/\"},{\"@type\":\"ListItem\",\"position\":2,\"name\":\"Casino Vaikuttaja\"}]},{\"@type\":\"WebSite\",\"@id\":\"https:\/\/casinoreturn.com\/#website\",\"url\":\"https:\/\/casinoreturn.com\/\",\"name\":\"casinoreturn\",\"description\":\"\",\"publisher\":{\"@id\":\"https:\/\/casinoreturn.com\/#organization\"},\"potentialAction\":[{\"@type\":\"SearchAction\",\"target\":{\"@type\":\"EntryPoint\",\"urlTemplate\":\"https:\/\/casinoreturn.com\/?s={search_term_string}\"},\"query-input\":{\"@type\":\"PropertyValueSpecification\",\"valueRequired\":true,\"valueName\":\"search_term_string\"}}],\"inLanguage\":\"fi\"},{\"@type\":\"Organization\",\"@id\":\"https:\/\/casinoreturn.com\/#organization\",\"name\":\"casinoreturn\",\"url\":\"https:\/\/casinoreturn.com\/\",\"logo\":{\"@type\":\"ImageObject\",\"inLanguage\":\"fi\",\"@id\":\"https:\/\/casinoreturn.com\/#\/schema\/logo\/image\/\",\"url\":\"https:\/\/casinoreturn.com\/wp-content\/uploads\/2024\/09\/animal-favicon.png\",\"contentUrl\":\"https:\/\/casinoreturn.com\/wp-content\/uploads\/2024\/09\/animal-favicon.png\",\"width\":92,\"height\":92,\"caption\":\"casinoreturn\"},\"image\":{\"@id\":\"https:\/\/casinoreturn.com\/#\/schema\/logo\/image\/\"}}]}<\/script>\n<!-- \/ Yoast SEO plugin. -->","yoast_head_json":{"title":"Casino Vaikuttaja - casinoreturn","description":"Casino Influencer on ottanut suuren harppauksen sosiaalisesta mediasta saapuakseen nettikasinolle. Seuraa meit\u00e4 t\u00e4\u00e4lt\u00e4 ja katso kuka on kuka ja mit\u00e4 uutta Twitchiss\u00e4.","robots":{"index":"index","follow":"follow","max-snippet":"max-snippet:-1","max-image-preview":"max-image-preview:large","max-video-preview":"max-video-preview:-1"},"canonical":"https:\/\/casinoreturn.com\/fi\/casino-vaikuttaja\/","og_locale":"fi_FI","og_type":"article","og_title":"Casino Vaikuttaja - casinoreturn","og_description":"Casino Influencer on ottanut suuren harppauksen sosiaalisesta mediasta saapuakseen nettikasinolle. Seuraa meit\u00e4 t\u00e4\u00e4lt\u00e4 ja katso kuka on kuka ja mit\u00e4 uutta Twitchiss\u00e4.","og_url":"https:\/\/casinoreturn.com\/fi\/casino-vaikuttaja\/","og_site_name":"casinoreturn","article_modified_time":"2025-03-12T10:53:40+00:00","twitter_card":"summary_large_image","twitter_misc":{"Arvioitu lukuaika":"3 minuuttia"},"schema":{"@context":"https:\/\/schema.org","@graph":[{"@type":"WebPage","@id":"https:\/\/casinoreturn.com\/fi\/casino-vaikuttaja\/","url":"https:\/\/casinoreturn.com\/fi\/casino-vaikuttaja\/","name":"Casino Vaikuttaja - casinoreturn","isPartOf":{"@id":"https:\/\/casinoreturn.com\/#website"},"datePublished":"2024-11-02T10:47:02+00:00","dateModified":"2025-03-12T10:53:40+00:00","description":"Casino Influencer on ottanut suuren harppauksen sosiaalisesta mediasta saapuakseen nettikasinolle. Seuraa meit\u00e4 t\u00e4\u00e4lt\u00e4 ja katso kuka on kuka ja mit\u00e4 uutta Twitchiss\u00e4.","breadcrumb":{"@id":"https:\/\/casinoreturn.com\/fi\/casino-vaikuttaja\/#breadcrumb"},"inLanguage":"fi","potentialAction":[{"@type":"ReadAction","target":["https:\/\/casinoreturn.com\/fi\/casino-vaikuttaja\/"]}]},{"@type":"BreadcrumbList","@id":"https:\/\/casinoreturn.com\/fi\/casino-vaikuttaja\/#breadcrumb","itemListElement":[{"@type":"ListItem","position":1,"name":"Home","item":"https:\/\/casinoreturn.com\/fi\/home\/"},{"@type":"ListItem","position":2,"name":"Casino Vaikuttaja"}]},{"@type":"WebSite","@id":"https:\/\/casinoreturn.com\/#website","url":"https:\/\/casinoreturn.com\/","name":"casinoreturn","description":"","publisher":{"@id":"https:\/\/casinoreturn.com\/#organization"},"potentialAction":[{"@type":"SearchAction","target":{"@type":"EntryPoint","urlTemplate":"https:\/\/casinoreturn.com\/?s={search_term_string}"},"query-input":{"@type":"PropertyValueSpecification","valueRequired":true,"valueName":"search_term_string"}}],"inLanguage":"fi"},{"@type":"Organization","@id":"https:\/\/casinoreturn.com\/#organization","name":"casinoreturn","url":"https:\/\/casinoreturn.com\/","logo":{"@type":"ImageObject","inLanguage":"fi","@id":"https:\/\/casinoreturn.com\/#\/schema\/logo\/image\/","url":"https:\/\/casinoreturn.com\/wp-content\/uploads\/2024\/09\/animal-favicon.png","contentUrl":"https:\/\/casinoreturn.com\/wp-content\/uploads\/2024\/09\/animal-favicon.png","width":92,"height":92,"caption":"casinoreturn"},"image":{"@id":"https:\/\/casinoreturn.com\/#\/schema\/logo\/image\/"}}]}},"_links":{"self":[{"href":"https:\/\/casinoreturn.com\/fi\/wp-json\/wp\/v2\/pages\/4549","targetHints":{"allow":["GET"]}}],"collection":[{"href":"https:\/\/casinoreturn.com\/fi\/wp-json\/wp\/v2\/pages"}],"about":[{"href":"https:\/\/casinoreturn.com\/fi\/wp-json\/wp\/v2\/types\/page"}],"author":[{"embeddable":true,"href":"https:\/\/casinoreturn.com\/fi\/wp-json\/wp\/v2\/users\/1"}],"replies":[{"embeddable":true,"href":"https:\/\/casinoreturn.com\/fi\/wp-json\/wp\/v2\/comments?post=4549"}],"version-history":[{"count":4,"href":"https:\/\/casinoreturn.com\/fi\/wp-json\/wp\/v2\/pages\/4549\/revisions"}],"predecessor-version":[{"id":11009,"href":"https:\/\/casinoreturn.com\/fi\/wp-json\/wp\/v2\/pages\/4549\/revisions\/11009"}],"wp:attachment":[{"href":"https:\/\/casinoreturn.com\/fi\/wp-json\/wp\/v2\/media?parent=4549"}],"curies":[{"name":"wp","href":"https:\/\/api.w.org\/{rel}","templated":true}]}}