{"id":4571,"date":"2024-11-13T01:13:25","date_gmt":"2024-11-13T01:13:25","guid":{"rendered":"https:\/\/casinoreturn.com\/cash-noire-kolikkopeli\/"},"modified":"2024-12-02T13:57:40","modified_gmt":"2024-12-02T13:57:40","slug":"cash-noire-kolikkopeli","status":"publish","type":"page","link":"https:\/\/casinoreturn.com\/fi\/cash-noire-kolikkopeli\/","title":{"rendered":"Cash Noire kolikkopeli"},"content":{"rendered":"\t\t<div data-elementor-type=\"wp-page\" data-elementor-id=\"4571\" class=\"elementor elementor-4571\" data-elementor-post-type=\"page\">\n\t\t\t\t<div class=\"elementor-element elementor-element-1d0a071 e-con-full e-flex e-con e-parent\" data-id=\"1d0a071\" data-element_type=\"container\">\n\t\t\t\t<div class=\"elementor-element elementor-element-d98a0e7 elementor-widget elementor-widget-heading\" data-id=\"d98a0e7\" data-element_type=\"widget\" data-widget_type=\"heading.default\">\n\t\t\t\t<div class=\"elementor-widget-container\">\n\t\t\t\t\t<h3 class=\"elementor-heading-title elementor-size-default\">Mit\u00e4 sinun on tiedett\u00e4v\u00e4 Cash Noiresta?<\/h3>\t\t\t\t<\/div>\n\t\t\t\t<\/div>\n\t\t\t\t<\/div>\n\t\t<div class=\"elementor-element elementor-element-ece14c5 e-con-full e-flex e-con e-parent\" data-id=\"ece14c5\" data-element_type=\"container\">\n\t\t\t\t<div class=\"elementor-element elementor-element-927ac14 elementor-widget elementor-widget-text-editor\" data-id=\"927ac14\" data-element_type=\"widget\" data-widget_type=\"text-editor.default\">\n\t\t\t\t<div class=\"elementor-widget-container\">\n\t\t\t\t\t\t\t\t\t<p>Cash-Noire-kolikkopeli on korkeimman luokan innovatiivinen kolikkopeli, joka vakuuttaa pelaajia ja pelaajia online-kolikkopeleill\u00e4\u00e4n. Kolikkopelin on valmistanut hyv\u00e4maineinen ja tunnettu ohjelmistokehitt\u00e4j\u00e4 NetEnt, joten sit\u00e4 pidet\u00e4\u00e4n korkealaatuisena. Haluatko tiet\u00e4\u00e4, mist\u00e4 kolikkopeliss\u00e4 on kyse? Peli vakuuttaa mystisell\u00e4 luonteellaan, se py\u00f6rii selvitt\u00e4m\u00e4tt\u00f6m\u00e4n murhan ymp\u00e4rill\u00e4. Suunnittelun tummat vivahteet antavat koko pelille erityisen tumman ominaispiirteen. Pelaajana ne sijaitsevat San Cayetanossa ja liittyv\u00e4t pelikaveriinsa,     <\/p>\n\t\t\t\t\t\t\t\t<\/div>\n\t\t\t\t<\/div>\n\t\t\t\t<\/div>\n\t\t<div class=\"elementor-element elementor-element-a73bf5b e-con-full e-flex e-con e-parent\" data-id=\"a73bf5b\" data-element_type=\"container\">\n\t\t\t\t<div class=\"elementor-element elementor-element-ada4c5b elementor-widget elementor-widget-image\" data-id=\"ada4c5b\" data-element_type=\"widget\" data-widget_type=\"image.default\">\n\t\t\t\t<div class=\"elementor-widget-container\">\n\t\t\t\t\t\t\t\t\t\t\t\t\t\t\t<img fetchpriority=\"high\" decoding=\"async\" width=\"600\" height=\"840\" src=\"https:\/\/casinoreturn.com\/wp-content\/uploads\/2024\/11\/Cash-noire-Slot-game.jpg\" class=\"attachment-large size-large wp-image-3233\" alt=\"Cash noire Slot game\" srcset=\"https:\/\/casinoreturn.com\/wp-content\/uploads\/2024\/11\/Cash-noire-Slot-game.jpg 600w, https:\/\/casinoreturn.com\/wp-content\/uploads\/2024\/11\/Cash-noire-Slot-game-214x300.jpg 214w\" sizes=\"(max-width: 600px) 100vw, 600px\" \/>\t\t\t\t\t\t\t\t\t\t\t\t\t\t\t<\/div>\n\t\t\t\t<\/div>\n\t\t\t\t<\/div>\n\t\t<div class=\"elementor-element elementor-element-83b2661 e-con-full e-flex e-con e-parent\" data-id=\"83b2661\" data-element_type=\"container\">\n\t\t\t\t<div class=\"elementor-element elementor-element-47cf452 elementor-widget elementor-widget-heading\" data-id=\"47cf452\" data-element_type=\"widget\" data-widget_type=\"heading.default\">\n\t\t\t\t<div class=\"elementor-widget-container\">\n\t\t\t\t\t<h3 class=\"elementor-heading-title elementor-size-default\">Kuka on etsiv\u00e4 Flint Cash Noire -kolikkopeliss\u00e4?<\/h3>\t\t\t\t<\/div>\n\t\t\t\t<\/div>\n\t\t\t\t<\/div>\n\t\t<div class=\"elementor-element elementor-element-6e9a3d5 e-con-full e-flex e-con e-parent\" data-id=\"6e9a3d5\" data-element_type=\"container\">\n\t\t\t\t<div class=\"elementor-element elementor-element-9c661f6 elementor-widget elementor-widget-text-editor\" data-id=\"9c661f6\" data-element_type=\"widget\" data-widget_type=\"text-editor.default\">\n\t\t\t\t<div class=\"elementor-widget-container\">\n\t\t\t\t\t\t\t\t\t<p>Etsiv\u00e4 Flint. Yhdess\u00e4 yrit\u00e4tte mets\u00e4st\u00e4\u00e4 rikollisia, joita ei l\u00f6ydy. Koska h\u00e4n haluaa n\u00e4hd\u00e4 Green-Acen murhista vastuussa olevan syyllisen. Tutki kaupunkia etsiv\u00e4n kanssa ja pid\u00e4 taukoa baarissa. Baari on yht\u00e4 salaper\u00e4inen kuin peli, sill\u00e4 siell\u00e4 pelataan laittomia pokeripelej\u00e4. Ja siell\u00e4 tapaat sen yhden naisen . .<br \/>Oletko utelias? Haluatko ratkaista murhan? Pysy sitten kuulolla, sill\u00e4 annamme sinulle lis\u00e4\u00e4 hy\u00f6dyllist\u00e4 tietoa.         <\/p>\n\t\t\t\t\t\t\t\t<\/div>\n\t\t\t\t<\/div>\n\t\t\t\t<\/div>\n\t\t<div class=\"elementor-element elementor-element-5bb25f2 e-con-full e-flex e-con e-parent\" data-id=\"5bb25f2\" data-element_type=\"container\">\n\t\t\t\t<div class=\"elementor-element elementor-element-e08a986 elementor-widget elementor-widget-heading\" data-id=\"e08a986\" data-element_type=\"widget\" data-widget_type=\"heading.default\">\n\t\t\t\t<div class=\"elementor-widget-container\">\n\t\t\t\t\t<h3 class=\"elementor-heading-title elementor-size-default\">Cash Noire V\u00e4himm\u00e4iskierrokset<\/h3>\t\t\t\t<\/div>\n\t\t\t\t<\/div>\n\t\t\t\t<\/div>\n\t\t<div class=\"elementor-element elementor-element-cd0632e e-con-full e-flex e-con e-parent\" data-id=\"cd0632e\" data-element_type=\"container\">\n\t\t\t\t<div class=\"elementor-element elementor-element-9be3876 elementor-widget elementor-widget-text-editor\" data-id=\"9be3876\" data-element_type=\"widget\" data-widget_type=\"text-editor.default\">\n\t\t\t\t<div class=\"elementor-widget-container\">\n\t\t\t\t\t\t\t\t\t<p>Film Noiren innoittama peli vakuuttaa meid\u00e4t ainutlaatuisella tyylill\u00e4\u00e4n. Yli 1024 voittomahdollisuuden ja viiden rullan ansiosta peli tarjoaa monia houkuttelevia mahdollisuuksia. Voit pelata kolikkopeli\u00e4 panoksilla, jotka alkavat <strong>0. 20 per<\/strong> <strong>kierros<\/strong>. Plussaa on my\u00f6s se, ett\u00e4 peli\u00e4 tuetaan monilla eri palvelimilla. Cash Noirella on my\u00f6s muita loistavia tarjouksia, jotka ilahduttavat pelaajan syd\u00e4nt\u00e4. Anna ilmaiskierrosten, ilmaiskierrosten ilman talletusta ja bonusten ilman talletusta vakuuttaa itsesi. Saat viel\u00e4 lis\u00e4\u00e4 palkintoja pelaamalla pelin l\u00e4pi ja auttamalla etsiv\u00e4\u00e4 h\u00e4nen matkallaan. Jokainen hyv\u00e4 teko palkitaan!       <\/p>\n\t\t\t\t\t\t\t\t<\/div>\n\t\t\t\t<\/div>\n\t\t\t\t<\/div>\n\t\t<div class=\"elementor-element elementor-element-21d84f5 e-con-full e-flex e-con e-parent\" data-id=\"21d84f5\" data-element_type=\"container\">\n\t\t\t\t<div class=\"elementor-element elementor-element-e77fdbf elementor-widget elementor-widget-heading\" data-id=\"e77fdbf\" data-element_type=\"widget\" data-widget_type=\"heading.default\">\n\t\t\t\t<div class=\"elementor-widget-container\">\n\t\t\t\t\t<h3 class=\"elementor-heading-title elementor-size-default\">Kuinka pelata Cash Noire -kolikkopeli\u00e4?<\/h3>\t\t\t\t<\/div>\n\t\t\t\t<\/div>\n\t\t\t\t<\/div>\n\t\t<div class=\"elementor-element elementor-element-8abd081 e-con-full e-flex e-con e-parent\" data-id=\"8abd081\" data-element_type=\"container\">\n\t\t\t\t<div class=\"elementor-element elementor-element-59700d3 elementor-widget elementor-widget-image\" data-id=\"59700d3\" data-element_type=\"widget\" data-widget_type=\"image.default\">\n\t\t\t\t<div class=\"elementor-widget-container\">\n\t\t\t\t\t\t\t\t\t\t\t\t\t\t\t<img decoding=\"async\" width=\"680\" height=\"280\" src=\"https:\/\/casinoreturn.com\/wp-content\/uploads\/2024\/11\/Cash-Noire-5-Reels-Spins.jpg\" class=\"attachment-large size-large wp-image-3258\" alt=\"Cash Noire 5 Reels Spins\" srcset=\"https:\/\/casinoreturn.com\/wp-content\/uploads\/2024\/11\/Cash-Noire-5-Reels-Spins.jpg 680w, https:\/\/casinoreturn.com\/wp-content\/uploads\/2024\/11\/Cash-Noire-5-Reels-Spins-300x124.jpg 300w\" sizes=\"(max-width: 680px) 100vw, 680px\" \/>\t\t\t\t\t\t\t\t\t\t\t\t\t\t\t<\/div>\n\t\t\t\t<\/div>\n\t\t\t\t<div class=\"elementor-element elementor-element-f1817fa elementor-widget elementor-widget-text-editor\" data-id=\"f1817fa\" data-element_type=\"widget\" data-widget_type=\"text-editor.default\">\n\t\t\t\t<div class=\"elementor-widget-container\">\n\t\t\t\t\t\t\t\t\t<p>Cash Noire -peli on jaettu viiteen eri luokkaan, tarkemmin sanottuna viiteen eri rikosalueeseen. Saat kertoimen jokaiselle ilmaiskierrokselle, alkaen 1x. Jos osut erikoisvy\u00f6hykkeiden kortteihin, voit k\u00e4ytt\u00e4\u00e4 voittokertoimen voittoihisi, sill\u00e4 se voi kasvattaa voittojasi. Haluatko kasvattaa kerrointa? Noudata sitten seuraavia ohjeita: Jos saat t\u00e4m\u00e4n kortin erikoisvy\u00f6hykkeelle ja laskeudut merkin p\u00e4\u00e4lle, voit lis\u00e4t\u00e4 sen kertoimen 1x ja 10x v\u00e4lill\u00e4 peliss\u00e4. Haluatko lis\u00e4\u00e4 ilmaiskierroksia? Jos haluat lis\u00e4\u00e4 ilmaiskierroksia, aseta niiden kerroin. Jos onni on puolellasi, saat kortin, jossa on kerroin, sek\u00e4 ilmaiskierroksia. Haluatko ilmaiskierroksia ilman talletusta? Pysy kuulolla. Cash Noire -kolikkopeliss\u00e4 ei ole villi\u00e4 symbolia, joten se ei voi tarjota progressiivista jackpotia.          <\/p>\n\t\t\t\t\t\t\t\t<\/div>\n\t\t\t\t<\/div>\n\t\t\t\t<div class=\"elementor-element elementor-element-50d6c9c elementor-widget elementor-widget-heading\" data-id=\"50d6c9c\" data-element_type=\"widget\" data-widget_type=\"heading.default\">\n\t\t\t\t<div class=\"elementor-widget-container\">\n\t\t\t\t\t<h2 class=\"elementor-heading-title elementor-size-default\">Mysteeri symboli Cash Noire kolikkopeliss\u00e4<\/h2>\t\t\t\t<\/div>\n\t\t\t\t<\/div>\n\t\t\t\t<div class=\"elementor-element elementor-element-6ea3519 elementor-widget elementor-widget-text-editor\" data-id=\"6ea3519\" data-element_type=\"widget\" data-widget_type=\"text-editor.default\">\n\t\t\t\t<div class=\"elementor-widget-container\">\n\t\t\t\t\t\t\t\t\t<p>Palveluntarjoaja NetEnt on varmasti tunnettu pelien keskuudessa yhdest\u00e4 asiasta: paljon hyvi\u00e4 bonusvaihtoehtoja, palkintoja, kuten Free No Deposit Bonus, Free Spins No Deposit, ja paljon muuta vakuuttaa sinut. Aina kun teet niin sanotun voittoyhdistelm\u00e4n, laukaiset lumivy\u00f6ryn. Kun t\u00e4m\u00e4 tapahtuu, niiden yhdistelm\u00e4n muodostaneet symbolit eiv\u00e4t en\u00e4\u00e4 n\u00e4y ruudulla, vaan ne syrj\u00e4ytet\u00e4\u00e4n muilla symboleilla. Oletko koskaan kuullut mysteerisymbolista? Me selit\u00e4mme sen. T\u00e4m\u00e4 symboli on v\u00e4ist\u00e4m\u00e4t\u00f6n osa peli\u00e4. Jos et osu kierroksella voittoyhdistelm\u00e4\u00e4n ja osut sen sijaan arvoitussymboliin, se muuttuu automaattisesti tavalliseksi satunnaiseksi symboliksi. Jos laskeudut rikosalueelle, symbolit monistuvat ja n\u00e4ytt\u00e4v\u00e4t samoja symboleja. Jos kuitenkin laskeudut t\u00e4m\u00e4n niin sanotun rikosvy\u00f6hykkeen ulkopuolelle, n\u00e4et tavallisen symbolin. My\u00f6s rikosvy\u00f6hyke on olemassa. Jos olet t\u00e4ll\u00e4 vy\u00f6hykkeell\u00e4, ne ovat punaisella vy\u00f6hykkeell\u00e4. T\u00e4m\u00e4 on t\u00e4ynn\u00e4 hotspotteja ja se n\u00e4kyy jokaisella py\u00f6r\u00e4ytyksell\u00e4. Py\u00f6r\u00e4ytys alkaa kolmesta pisteest\u00e4 ja voi nousta nelj\u00e4\u00e4n tai jopa viiteen pisteeseen. Haluatko lis\u00e4\u00e4 palkintoja, ei talletusbonusta, ei talletusbonusta, ei talletusta ilmaiskierroksia? Pysy kuulolla ratkaistaksesi lis\u00e4\u00e4 arvoituksia, tulkita mystisi\u00e4 symboleja voittaa runsaasti ilmaiskierroksia ja kertoimia, ja napata niin monta palkintoa kuin mahdollista.              <\/p>\n\t\t\t\t\t\t\t\t<\/div>\n\t\t\t\t<\/div>\n\t\t\t\t<div class=\"elementor-element elementor-element-2a740a2 elementor-widget elementor-widget-heading\" data-id=\"2a740a2\" data-element_type=\"widget\" data-widget_type=\"heading.default\">\n\t\t\t\t<div class=\"elementor-widget-container\">\n\t\t\t\t\t<h3 class=\"elementor-heading-title elementor-size-default\">Cash Noire RTP - Paluu pelaajalle<\/h3>\t\t\t\t<\/div>\n\t\t\t\t<\/div>\n\t\t\t\t<div class=\"elementor-element elementor-element-db68b73 elementor-widget elementor-widget-text-editor\" data-id=\"db68b73\" data-element_type=\"widget\" data-widget_type=\"text-editor.default\">\n\t\t\t\t<div class=\"elementor-widget-container\">\n\t\t\t\t\t\t\t\t\t<p>Tietenkin nettikasinopelin voittamiseen liittyy paljon onnea. Ihmettelet varmaan, kuinka todenn\u00e4k\u00f6ist\u00e4 se on, mutta onko se voittoa vai maksimivoittoa? N\u00e4m\u00e4 tiedot ja faktat ovat erityisen t\u00e4rkeit\u00e4 sinulle, mink\u00e4 vuoksi me BestCasinoListess\u00e4. Com haluaisimme kertoa sinulle.<br \/>T\u00e4ss\u00e4 yhteydess\u00e4 haluamme selitt\u00e4\u00e4 lyhenteen RTP. RTP on lyhenne sanoista Return to Player (palautus pelaajalle) ja tarkoittaa &#8221;takaisin pelaajalle&#8221;. &#8221; Voittomahdollisuudet nettikolikkopeliss\u00e4 lasketaan siis aina niin sanotun RTP:n avulla. Cash-Noire-kolikkopelin RTP on noin 96. 06%. T\u00e4m\u00e4 arvo on hieman keskim\u00e4\u00e4r\u00e4ist\u00e4 korkeampi verrattuna muihin online-kolikkopeleihin. Vaikka nettikasinoilla on varmasti olemassa kolikkopelej\u00e4, joiden arvo on paljon korkeampi, on se kuitenkin my\u00f6s n\u00e4kemisen arvoinen.        <\/p>\n\t\t\t\t\t\t\t\t<\/div>\n\t\t\t\t<\/div>\n\t\t\t\t<div class=\"elementor-element elementor-element-77a03b0 elementor-widget elementor-widget-heading\" data-id=\"77a03b0\" data-element_type=\"widget\" data-widget_type=\"heading.default\">\n\t\t\t\t<div class=\"elementor-widget-container\">\n\t\t\t\t\t<h2 class=\"elementor-heading-title elementor-size-default\">Satunnaislukugeneraattori Cash Noiressa<\/h2>\t\t\t\t<\/div>\n\t\t\t\t<\/div>\n\t\t\t\t<div class=\"elementor-element elementor-element-6c337f8 elementor-widget elementor-widget-text-editor\" data-id=\"6c337f8\" data-element_type=\"widget\" data-widget_type=\"text-editor.default\">\n\t\t\t\t<div class=\"elementor-widget-container\">\n\t\t\t\t\t\t\t\t\t<p>Sitten on niin sanottu RNG (Random Number Generator), joka tarkoittaa saksaksi: Random Number Generator. On t\u00e4rke\u00e4\u00e4 muistaa, ett\u00e4 poikkeuksetta jokaista nettikasinon kolikkopeli\u00e4 ohjaa RNG. N\u00e4in jaetaan my\u00f6s j\u00e4ttipotit, ja kortit.<br \/>Uudet kasinot Saksassa 2021, Casino testi verkossa, Book of Dead ilmaiskierrokset. . ja paljon muuta.     <\/p>\n\t\t\t\t\t\t\t\t<\/div>\n\t\t\t\t<\/div>\n\t\t\t\t<div class=\"elementor-element elementor-element-3c236a4 elementor-widget elementor-widget-heading\" data-id=\"3c236a4\" data-element_type=\"widget\" data-widget_type=\"heading.default\">\n\t\t\t\t<div class=\"elementor-widget-container\">\n\t\t\t\t\t<h2 class=\"elementor-heading-title elementor-size-default\">Mobiiliyst\u00e4v\u00e4llinen Cash Noire -kolikkopeli<\/h2>\t\t\t\t<\/div>\n\t\t\t\t<\/div>\n\t\t\t\t<div class=\"elementor-element elementor-element-4d99a43 elementor-widget elementor-widget-text-editor\" data-id=\"4d99a43\" data-element_type=\"widget\" data-widget_type=\"text-editor.default\">\n\t\t\t\t<div class=\"elementor-widget-container\">\n\t\t\t\t\t\t\t\t\t<p>Matkustatko paljon? On tosiasia, ett\u00e4 nyky\u00e4\u00e4n l\u00e4hes kaikki laitteet ovat mobiililaitteita. Olet aina k\u00e4ytett\u00e4viss\u00e4si miss\u00e4 tahansa ja voit l\u00e4hes aina surffata internetiss\u00e4. Sinun ei siis ole pakko pysty\u00e4 pit\u00e4m\u00e4\u00e4n hauskaa vain kotona, vaan voit kokea koko homman my\u00f6s tien p\u00e4\u00e4ll\u00e4. T\u00e4m\u00e4 tarjoaa my\u00f6s suuren edun, sill\u00e4 Cash-Noire-kolikkopeli on saatavilla my\u00f6s mobiiliversiona. Sinun ei tarvitse olla huolissasi kolikkopelin laadusta, sill\u00e4 Cash Noire -kolikkopeli tekee vaikutuksen paitsi ainutlaatuisella muotoilullaan, my\u00f6s laadukkaalla resoluutiollaan jopa mobiililaitteessasi. Olipa kyseess\u00e4 sitten matkapuhelin tai tabletti, lataa peli ja anna itsesi vakuuttua pelin laadusta ja hauskuudesta.      <\/p>\n\t\t\t\t\t\t\t\t<\/div>\n\t\t\t\t<\/div>\n\t\t\t\t<\/div>\n\t\t\t\t<\/div>\n\t\t","protected":false},"excerpt":{"rendered":"<p>Mit\u00e4 sinun on tiedett\u00e4v\u00e4 Cash Noiresta? Cash-Noire-kolikkopeli on korkeimman luokan innovatiivinen kolikkopeli, joka vakuuttaa pelaajia ja pelaajia online-kolikkopeleill\u00e4\u00e4n. Kolikkopelin on valmistanut hyv\u00e4maineinen ja tunnettu ohjelmistokehitt\u00e4j\u00e4 NetEnt, joten sit\u00e4 pidet\u00e4\u00e4n korkealaatuisena. Haluatko tiet\u00e4\u00e4, mist\u00e4 kolikkopeliss\u00e4 on kyse? Peli vakuuttaa mystisell\u00e4 luonteellaan, se py\u00f6rii selvitt\u00e4m\u00e4tt\u00f6m\u00e4n murhan ymp\u00e4rill\u00e4. Suunnittelun tummat vivahteet antavat koko pelille erityisen tumman ominaispiirteen. Pelaajana [&hellip;]<\/p>\n","protected":false},"author":1,"featured_media":0,"parent":0,"menu_order":0,"comment_status":"closed","ping_status":"closed","template":"","meta":{"footnotes":""},"class_list":["post-4571","page","type-page","status-publish","hentry"],"blocksy_meta":[],"acf":[],"yoast_head":"<!-- This site is optimized with the Yoast SEO plugin v24.1 - https:\/\/yoast.com\/wordpress\/plugins\/seo\/ -->\n<title>Cash Noire kolikkopeli - casinoreturn<\/title>\n<meta name=\"description\" content=\"Cash Noire -kolikkopeli on yksi NetEntin tunnetuimmista nettikasinokolikkopeleist\u00e4. Tutustu Cash Noiren ominaisuuksiin, RTP:hen ja paljon muuhun.\" \/>\n<meta name=\"robots\" content=\"index, follow, max-snippet:-1, max-image-preview:large, max-video-preview:-1\" \/>\n<link rel=\"canonical\" href=\"https:\/\/casinoreturn.com\/fi\/cash-noire-kolikkopeli\/\" \/>\n<meta property=\"og:locale\" content=\"fi_FI\" \/>\n<meta property=\"og:type\" content=\"article\" \/>\n<meta property=\"og:title\" content=\"Cash Noire kolikkopeli - casinoreturn\" \/>\n<meta property=\"og:description\" content=\"Cash Noire -kolikkopeli on yksi NetEntin tunnetuimmista nettikasinokolikkopeleist\u00e4. Tutustu Cash Noiren ominaisuuksiin, RTP:hen ja paljon muuhun.\" \/>\n<meta property=\"og:url\" content=\"https:\/\/casinoreturn.com\/fi\/cash-noire-kolikkopeli\/\" \/>\n<meta property=\"og:site_name\" content=\"casinoreturn\" \/>\n<meta property=\"article:modified_time\" content=\"2024-12-02T13:57:40+00:00\" \/>\n<meta property=\"og:image\" content=\"https:\/\/casinoreturn.com\/wp-content\/uploads\/2024\/11\/Cash-noire-Slot-game.jpg\" \/>\n\t<meta property=\"og:image:width\" content=\"600\" \/>\n\t<meta property=\"og:image:height\" content=\"840\" \/>\n\t<meta property=\"og:image:type\" content=\"image\/jpeg\" \/>\n<meta name=\"twitter:card\" content=\"summary_large_image\" \/>\n<meta name=\"twitter:label1\" content=\"Arvioitu lukuaika\" \/>\n\t<meta name=\"twitter:data1\" content=\"4 minuuttia\" \/>\n<script type=\"application\/ld+json\" class=\"yoast-schema-graph\">{\"@context\":\"https:\/\/schema.org\",\"@graph\":[{\"@type\":\"WebPage\",\"@id\":\"https:\/\/casinoreturn.com\/fi\/cash-noire-kolikkopeli\/\",\"url\":\"https:\/\/casinoreturn.com\/fi\/cash-noire-kolikkopeli\/\",\"name\":\"Cash Noire kolikkopeli - casinoreturn\",\"isPartOf\":{\"@id\":\"https:\/\/casinoreturn.com\/#website\"},\"primaryImageOfPage\":{\"@id\":\"https:\/\/casinoreturn.com\/fi\/cash-noire-kolikkopeli\/#primaryimage\"},\"image\":{\"@id\":\"https:\/\/casinoreturn.com\/fi\/cash-noire-kolikkopeli\/#primaryimage\"},\"thumbnailUrl\":\"https:\/\/casinoreturn.com\/wp-content\/uploads\/2024\/11\/Cash-noire-Slot-game.jpg\",\"datePublished\":\"2024-11-13T01:13:25+00:00\",\"dateModified\":\"2024-12-02T13:57:40+00:00\",\"description\":\"Cash Noire -kolikkopeli on yksi NetEntin tunnetuimmista nettikasinokolikkopeleist\u00e4. Tutustu Cash Noiren ominaisuuksiin, RTP:hen ja paljon muuhun.\",\"breadcrumb\":{\"@id\":\"https:\/\/casinoreturn.com\/fi\/cash-noire-kolikkopeli\/#breadcrumb\"},\"inLanguage\":\"fi\",\"potentialAction\":[{\"@type\":\"ReadAction\",\"target\":[\"https:\/\/casinoreturn.com\/fi\/cash-noire-kolikkopeli\/\"]}]},{\"@type\":\"ImageObject\",\"inLanguage\":\"fi\",\"@id\":\"https:\/\/casinoreturn.com\/fi\/cash-noire-kolikkopeli\/#primaryimage\",\"url\":\"https:\/\/casinoreturn.com\/wp-content\/uploads\/2024\/11\/Cash-noire-Slot-game.jpg\",\"contentUrl\":\"https:\/\/casinoreturn.com\/wp-content\/uploads\/2024\/11\/Cash-noire-Slot-game.jpg\"},{\"@type\":\"BreadcrumbList\",\"@id\":\"https:\/\/casinoreturn.com\/fi\/cash-noire-kolikkopeli\/#breadcrumb\",\"itemListElement\":[{\"@type\":\"ListItem\",\"position\":1,\"name\":\"Home\",\"item\":\"https:\/\/casinoreturn.com\/fi\/home\/\"},{\"@type\":\"ListItem\",\"position\":2,\"name\":\"Cash Noire kolikkopeli\"}]},{\"@type\":\"WebSite\",\"@id\":\"https:\/\/casinoreturn.com\/#website\",\"url\":\"https:\/\/casinoreturn.com\/\",\"name\":\"casinoreturn\",\"description\":\"\",\"publisher\":{\"@id\":\"https:\/\/casinoreturn.com\/#organization\"},\"potentialAction\":[{\"@type\":\"SearchAction\",\"target\":{\"@type\":\"EntryPoint\",\"urlTemplate\":\"https:\/\/casinoreturn.com\/?s={search_term_string}\"},\"query-input\":{\"@type\":\"PropertyValueSpecification\",\"valueRequired\":true,\"valueName\":\"search_term_string\"}}],\"inLanguage\":\"fi\"},{\"@type\":\"Organization\",\"@id\":\"https:\/\/casinoreturn.com\/#organization\",\"name\":\"casinoreturn\",\"url\":\"https:\/\/casinoreturn.com\/\",\"logo\":{\"@type\":\"ImageObject\",\"inLanguage\":\"fi\",\"@id\":\"https:\/\/casinoreturn.com\/#\/schema\/logo\/image\/\",\"url\":\"https:\/\/casinoreturn.com\/wp-content\/uploads\/2024\/09\/animal-favicon.png\",\"contentUrl\":\"https:\/\/casinoreturn.com\/wp-content\/uploads\/2024\/09\/animal-favicon.png\",\"width\":92,\"height\":92,\"caption\":\"casinoreturn\"},\"image\":{\"@id\":\"https:\/\/casinoreturn.com\/#\/schema\/logo\/image\/\"}}]}<\/script>\n<!-- \/ Yoast SEO plugin. -->","yoast_head_json":{"title":"Cash Noire kolikkopeli - casinoreturn","description":"Cash Noire -kolikkopeli on yksi NetEntin tunnetuimmista nettikasinokolikkopeleist\u00e4. Tutustu Cash Noiren ominaisuuksiin, RTP:hen ja paljon muuhun.","robots":{"index":"index","follow":"follow","max-snippet":"max-snippet:-1","max-image-preview":"max-image-preview:large","max-video-preview":"max-video-preview:-1"},"canonical":"https:\/\/casinoreturn.com\/fi\/cash-noire-kolikkopeli\/","og_locale":"fi_FI","og_type":"article","og_title":"Cash Noire kolikkopeli - casinoreturn","og_description":"Cash Noire -kolikkopeli on yksi NetEntin tunnetuimmista nettikasinokolikkopeleist\u00e4. Tutustu Cash Noiren ominaisuuksiin, RTP:hen ja paljon muuhun.","og_url":"https:\/\/casinoreturn.com\/fi\/cash-noire-kolikkopeli\/","og_site_name":"casinoreturn","article_modified_time":"2024-12-02T13:57:40+00:00","og_image":[{"width":600,"height":840,"url":"https:\/\/casinoreturn.com\/wp-content\/uploads\/2024\/11\/Cash-noire-Slot-game.jpg","type":"image\/jpeg"}],"twitter_card":"summary_large_image","twitter_misc":{"Arvioitu lukuaika":"4 minuuttia"},"schema":{"@context":"https:\/\/schema.org","@graph":[{"@type":"WebPage","@id":"https:\/\/casinoreturn.com\/fi\/cash-noire-kolikkopeli\/","url":"https:\/\/casinoreturn.com\/fi\/cash-noire-kolikkopeli\/","name":"Cash Noire kolikkopeli - casinoreturn","isPartOf":{"@id":"https:\/\/casinoreturn.com\/#website"},"primaryImageOfPage":{"@id":"https:\/\/casinoreturn.com\/fi\/cash-noire-kolikkopeli\/#primaryimage"},"image":{"@id":"https:\/\/casinoreturn.com\/fi\/cash-noire-kolikkopeli\/#primaryimage"},"thumbnailUrl":"https:\/\/casinoreturn.com\/wp-content\/uploads\/2024\/11\/Cash-noire-Slot-game.jpg","datePublished":"2024-11-13T01:13:25+00:00","dateModified":"2024-12-02T13:57:40+00:00","description":"Cash Noire -kolikkopeli on yksi NetEntin tunnetuimmista nettikasinokolikkopeleist\u00e4. Tutustu Cash Noiren ominaisuuksiin, RTP:hen ja paljon muuhun.","breadcrumb":{"@id":"https:\/\/casinoreturn.com\/fi\/cash-noire-kolikkopeli\/#breadcrumb"},"inLanguage":"fi","potentialAction":[{"@type":"ReadAction","target":["https:\/\/casinoreturn.com\/fi\/cash-noire-kolikkopeli\/"]}]},{"@type":"ImageObject","inLanguage":"fi","@id":"https:\/\/casinoreturn.com\/fi\/cash-noire-kolikkopeli\/#primaryimage","url":"https:\/\/casinoreturn.com\/wp-content\/uploads\/2024\/11\/Cash-noire-Slot-game.jpg","contentUrl":"https:\/\/casinoreturn.com\/wp-content\/uploads\/2024\/11\/Cash-noire-Slot-game.jpg"},{"@type":"BreadcrumbList","@id":"https:\/\/casinoreturn.com\/fi\/cash-noire-kolikkopeli\/#breadcrumb","itemListElement":[{"@type":"ListItem","position":1,"name":"Home","item":"https:\/\/casinoreturn.com\/fi\/home\/"},{"@type":"ListItem","position":2,"name":"Cash Noire kolikkopeli"}]},{"@type":"WebSite","@id":"https:\/\/casinoreturn.com\/#website","url":"https:\/\/casinoreturn.com\/","name":"casinoreturn","description":"","publisher":{"@id":"https:\/\/casinoreturn.com\/#organization"},"potentialAction":[{"@type":"SearchAction","target":{"@type":"EntryPoint","urlTemplate":"https:\/\/casinoreturn.com\/?s={search_term_string}"},"query-input":{"@type":"PropertyValueSpecification","valueRequired":true,"valueName":"search_term_string"}}],"inLanguage":"fi"},{"@type":"Organization","@id":"https:\/\/casinoreturn.com\/#organization","name":"casinoreturn","url":"https:\/\/casinoreturn.com\/","logo":{"@type":"ImageObject","inLanguage":"fi","@id":"https:\/\/casinoreturn.com\/#\/schema\/logo\/image\/","url":"https:\/\/casinoreturn.com\/wp-content\/uploads\/2024\/09\/animal-favicon.png","contentUrl":"https:\/\/casinoreturn.com\/wp-content\/uploads\/2024\/09\/animal-favicon.png","width":92,"height":92,"caption":"casinoreturn"},"image":{"@id":"https:\/\/casinoreturn.com\/#\/schema\/logo\/image\/"}}]}},"_links":{"self":[{"href":"https:\/\/casinoreturn.com\/fi\/wp-json\/wp\/v2\/pages\/4571","targetHints":{"allow":["GET"]}}],"collection":[{"href":"https:\/\/casinoreturn.com\/fi\/wp-json\/wp\/v2\/pages"}],"about":[{"href":"https:\/\/casinoreturn.com\/fi\/wp-json\/wp\/v2\/types\/page"}],"author":[{"embeddable":true,"href":"https:\/\/casinoreturn.com\/fi\/wp-json\/wp\/v2\/users\/1"}],"replies":[{"embeddable":true,"href":"https:\/\/casinoreturn.com\/fi\/wp-json\/wp\/v2\/comments?post=4571"}],"version-history":[{"count":1,"href":"https:\/\/casinoreturn.com\/fi\/wp-json\/wp\/v2\/pages\/4571\/revisions"}],"predecessor-version":[{"id":4572,"href":"https:\/\/casinoreturn.com\/fi\/wp-json\/wp\/v2\/pages\/4571\/revisions\/4572"}],"wp:attachment":[{"href":"https:\/\/casinoreturn.com\/fi\/wp-json\/wp\/v2\/media?parent=4571"}],"curies":[{"name":"wp","href":"https:\/\/api.w.org\/{rel}","templated":true}]}}