{"id":4593,"date":"2024-10-08T12:47:07","date_gmt":"2024-10-08T12:47:07","guid":{"rendered":"https:\/\/casinoreturn.com\/kirjoittaja-domini\/"},"modified":"2024-12-02T14:04:02","modified_gmt":"2024-12-02T14:04:02","slug":"kirjoittaja-domini","status":"publish","type":"page","link":"https:\/\/casinoreturn.com\/fi\/kirjoittaja-domini\/","title":{"rendered":"Kirjoittaja domini"},"content":{"rendered":"\t\t<div data-elementor-type=\"wp-page\" data-elementor-id=\"4593\" class=\"elementor elementor-4593\" data-elementor-post-type=\"page\">\n\t\t\t\t<div class=\"elementor-element elementor-element-487b8c8 e-flex e-con-boxed e-con e-parent\" data-id=\"487b8c8\" data-element_type=\"container\" data-settings=\"{&quot;background_background&quot;:&quot;classic&quot;}\">\n\t\t\t\t\t<div class=\"e-con-inner\">\n\t\t\t\t<div class=\"elementor-element elementor-element-053e7bf elementor-widget elementor-widget-heading\" data-id=\"053e7bf\" data-element_type=\"widget\" data-widget_type=\"heading.default\">\n\t\t\t\t<div class=\"elementor-widget-container\">\n\t\t\t\t\t<h2 class=\"elementor-heading-title elementor-size-default\">Kirjoittaja : Tower House Team<\/h2>\t\t\t\t<\/div>\n\t\t\t\t<\/div>\n\t\t\t\t\t<\/div>\n\t\t\t\t<\/div>\n\t\t<div class=\"elementor-element elementor-element-72c42d1 e-flex e-con-boxed e-con e-parent\" data-id=\"72c42d1\" data-element_type=\"container\">\n\t\t\t\t\t<div class=\"e-con-inner\">\n\t\t<div class=\"elementor-element elementor-element-5aafae2 e-con-full e-flex e-con e-child\" data-id=\"5aafae2\" data-element_type=\"container\">\n\t\t<div class=\"elementor-element elementor-element-b159f64 e-con-full e-flex e-con e-child\" data-id=\"b159f64\" data-element_type=\"container\" data-settings=\"{&quot;background_background&quot;:&quot;classic&quot;}\">\n\t\t<div class=\"elementor-element elementor-element-129e9d4 e-con-full e-flex e-con e-child\" data-id=\"129e9d4\" data-element_type=\"container\" data-settings=\"{&quot;background_background&quot;:&quot;classic&quot;}\">\n\t\t\t\t<div class=\"elementor-element elementor-element-b3fb6bb elementor-widget elementor-widget-heading\" data-id=\"b3fb6bb\" data-element_type=\"widget\" data-widget_type=\"heading.default\">\n\t\t\t\t<div class=\"elementor-widget-container\">\n\t\t\t\t\t<h2 class=\"elementor-heading-title elementor-size-default\">Tietoa Tower House -tiimist\u00e4<\/h2>\t\t\t\t<\/div>\n\t\t\t\t<\/div>\n\t\t\t\t<div class=\"elementor-element elementor-element-f33bd2e elementor-widget elementor-widget-image\" data-id=\"f33bd2e\" data-element_type=\"widget\" data-widget_type=\"image.default\">\n\t\t\t\t<div class=\"elementor-widget-container\">\n\t\t\t\t\t\t\t\t\t\t\t\t\t\t\t<img decoding=\"async\" width=\"150\" height=\"150\" src=\"https:\/\/casinoreturn.com\/wp-content\/uploads\/2024\/10\/pikaso_edit-150x150.jpeg\" class=\"attachment-thumbnail size-thumbnail wp-image-818\" alt=\"\" srcset=\"https:\/\/casinoreturn.com\/wp-content\/uploads\/2024\/10\/pikaso_edit-150x150.jpeg 150w, https:\/\/casinoreturn.com\/wp-content\/uploads\/2024\/10\/pikaso_edit-300x300.jpeg 300w, https:\/\/casinoreturn.com\/wp-content\/uploads\/2024\/10\/pikaso_edit-1024x1024.jpeg 1024w, https:\/\/casinoreturn.com\/wp-content\/uploads\/2024\/10\/pikaso_edit-768x768.jpeg 768w, https:\/\/casinoreturn.com\/wp-content\/uploads\/2024\/10\/pikaso_edit-1536x1536.jpeg 1536w, https:\/\/casinoreturn.com\/wp-content\/uploads\/2024\/10\/pikaso_edit.jpeg 2000w\" sizes=\"(max-width: 150px) 100vw, 150px\" \/>\t\t\t\t\t\t\t\t\t\t\t\t\t\t\t<\/div>\n\t\t\t\t<\/div>\n\t\t\t\t<div class=\"elementor-element elementor-element-7103dd2 elementor-widget elementor-widget-text-editor\" data-id=\"7103dd2\" data-element_type=\"widget\" data-widget_type=\"text-editor.default\">\n\t\t\t\t<div class=\"elementor-widget-container\">\n\t\t\t\t\t\t\t\t\t<div>\n<p><b>THT tai paremmin tunnettu nimell\u00e4 Tower House Affiliate Team on niputtanut yhteen nettikasinon hyv\u00e4t, huonot ja rumat puolet. Emme ole t\u00e4\u00e4ll\u00e4 keksim\u00e4ss\u00e4 py\u00f6r\u00e4\u00e4 uudelleen. Lis\u00e4\u00e4mme mausteeksi suolaa ja pippuria viesteihimme, kommentteihimme ja arvosteluihimme. Ty\u00f6skentelemme faktojen pohjalta, ja me my\u00f6s loooooooove juorut <a href=\"https:\/\/casinoreturn.com\/fi\/premier-league-vedonlyonti\/\">T\u00c4SS\u00c4<\/a>. Kasinoarvostelut ovat t\u00e4rkeit\u00e4 ja arvostelun kirjoittaminen urheiluvedonly\u00f6nnist\u00e4 ja kasinosta on elint\u00e4rke\u00e4\u00e4 sinulle, pelaajalle. Tutustu kasinoon. Testaa kasino demokasinotilassa. Saat tuntuman siit\u00e4, miten asiat kuumenevat, kun KYC:i\u00e4 ei hyv\u00e4ksyt\u00e4. Mik\u00e4 maksutapa on paras sinulle. Toisin sanoen, valitse oma valintasi. T\u00e4rkeint\u00e4 nettikasinossa on nauttia suosikkisi nettikolikkopelist\u00e4. Juhli voittavaa panostasi kavereidesi kanssa.           <\/b><\/p>\n<\/div>\n<p>Keit\u00e4 me olemme?<\/p>\n<p>Olemme joukko vanhoja kasinoihmisi\u00e4. Yhdess\u00e4 meill\u00e4 on varmasti vuosikymmenten kokemus ja olemme n\u00e4hneet asioita. Voi kyll\u00e4! Jos haluat kuulla lis\u00e4\u00e4 tai ottaa yhteytt\u00e4 meihin, k\u00e4yt\u00e4 <a href=\"https:\/\/casinoreturn.com\/contact\/\">linkki\u00e4<\/a>.     <\/p>\n<div> <\/div>\n\t\t\t\t\t\t\t\t<\/div>\n\t\t\t\t<\/div>\n\t\t\t\t<div class=\"elementor-element elementor-element-25ee8e0 elementor-shape-circle elementor-grid-0 e-grid-align-center elementor-widget elementor-widget-social-icons\" data-id=\"25ee8e0\" data-element_type=\"widget\" data-widget_type=\"social-icons.default\">\n\t\t\t\t<div class=\"elementor-widget-container\">\n\t\t\t\t\t\t\t<div class=\"elementor-social-icons-wrapper elementor-grid\" role=\"list\">\n\t\t\t\t\t\t\t<span class=\"elementor-grid-item\" role=\"listitem\">\n\t\t\t\t\t<a class=\"elementor-icon elementor-social-icon elementor-social-icon-facebook elementor-repeater-item-47ce264\" href=\"http:\/\/blah.com\" target=\"_blank\">\n\t\t\t\t\t\t<span class=\"elementor-screen-only\">Facebook<\/span>\n\t\t\t\t\t\t<i aria-hidden=\"true\" class=\"fab fa-facebook\"><\/i>\t\t\t\t\t<\/a>\n\t\t\t\t<\/span>\n\t\t\t\t\t\t\t<span class=\"elementor-grid-item\" role=\"listitem\">\n\t\t\t\t\t<a class=\"elementor-icon elementor-social-icon elementor-social-icon-twitter elementor-repeater-item-d400d96\" target=\"_blank\">\n\t\t\t\t\t\t<span class=\"elementor-screen-only\">Twitter<\/span>\n\t\t\t\t\t\t<i aria-hidden=\"true\" class=\"fab fa-twitter\"><\/i>\t\t\t\t\t<\/a>\n\t\t\t\t<\/span>\n\t\t\t\t\t\t\t<span class=\"elementor-grid-item\" role=\"listitem\">\n\t\t\t\t\t<a class=\"elementor-icon elementor-social-icon elementor-social-icon-youtube elementor-repeater-item-f639b0c\" target=\"_blank\">\n\t\t\t\t\t\t<span class=\"elementor-screen-only\">Youtube<\/span>\n\t\t\t\t\t\t<i aria-hidden=\"true\" class=\"fab fa-youtube\"><\/i>\t\t\t\t\t<\/a>\n\t\t\t\t<\/span>\n\t\t\t\t\t<\/div>\n\t\t\t\t\t\t<\/div>\n\t\t\t\t<\/div>\n\t\t\t\t<\/div>\n\t\t\t\t<\/div>\n\t\t<div class=\"elementor-element elementor-element-434d551 e-con-full e-flex e-con e-child\" data-id=\"434d551\" data-element_type=\"container\">\n\t\t\t\t<div class=\"elementor-element elementor-element-8becfe3 elementor-widget elementor-widget-heading\" data-id=\"8becfe3\" data-element_type=\"widget\" data-widget_type=\"heading.default\">\n\t\t\t\t<div class=\"elementor-widget-container\">\n\t\t\t\t\t<h3 class=\"elementor-heading-title elementor-size-default\">Kaikki viestit THT ( Tower House Team)<\/h3>\t\t\t\t<\/div>\n\t\t\t\t<\/div>\n\t\t\t\t<div class=\"elementor-element elementor-element-b50bf83 elementor-grid-1 elementor-grid-tablet-1 elementor-grid-mobile-1 elementor-posts--thumbnail-top elementor-widget elementor-widget-posts\" data-id=\"b50bf83\" data-element_type=\"widget\" data-settings=\"{&quot;classic_columns&quot;:&quot;1&quot;,&quot;classic_columns_tablet&quot;:&quot;1&quot;,&quot;classic_columns_mobile&quot;:&quot;1&quot;,&quot;classic_row_gap&quot;:{&quot;unit&quot;:&quot;px&quot;,&quot;size&quot;:35,&quot;sizes&quot;:[]},&quot;classic_row_gap_tablet&quot;:{&quot;unit&quot;:&quot;px&quot;,&quot;size&quot;:&quot;&quot;,&quot;sizes&quot;:[]},&quot;classic_row_gap_mobile&quot;:{&quot;unit&quot;:&quot;px&quot;,&quot;size&quot;:&quot;&quot;,&quot;sizes&quot;:[]}}\" data-widget_type=\"posts.classic\">\n\t\t\t\t<div class=\"elementor-widget-container\">\n\t\t\t\t\t\t\t<div class=\"elementor-posts-container elementor-posts elementor-posts--skin-classic elementor-grid\">\n\t\t\t\t<article class=\"elementor-post elementor-grid-item post-16124 post type-post status-publish format-standard has-post-thumbnail hentry category-uncategorized-fi\">\n\t\t\t\t<a class=\"elementor-post__thumbnail__link\" href=\"https:\/\/casinoreturn.com\/fi\/cockfight-vedonlyonti-laittomasti-tehty\/\" tabindex=\"-1\" >\n\t\t\t<div class=\"elementor-post__thumbnail\"><img fetchpriority=\"high\" decoding=\"async\" width=\"300\" height=\"210\" src=\"https:\/\/casinoreturn.com\/wp-content\/uploads\/2025\/10\/Cockfight-Betting-illegally-done-300x210.jpg\" class=\"attachment-medium size-medium wp-image-15871\" alt=\"Cockfight Betting illegally done\" srcset=\"https:\/\/casinoreturn.com\/wp-content\/uploads\/2025\/10\/Cockfight-Betting-illegally-done-300x210.jpg 300w, https:\/\/casinoreturn.com\/wp-content\/uploads\/2025\/10\/Cockfight-Betting-illegally-done.jpg 514w\" sizes=\"(max-width: 300px) 100vw, 300px\" \/><\/div>\n\t\t<\/a>\n\t\t\t\t<div class=\"elementor-post__text\">\n\t\t\t\t<h3 class=\"elementor-post__title\">\n\t\t\t<a href=\"https:\/\/casinoreturn.com\/fi\/cockfight-vedonlyonti-laittomasti-tehty\/\" >\n\t\t\t\tCockfight Vedonly\u00f6nti laittomasti tehty\t\t\t<\/a>\n\t\t<\/h3>\n\t\t\t\t<div class=\"elementor-post__meta-data\">\n\t\t\t\t\t<span class=\"elementor-post-date\">\n\t\t\t3 marraskuun, 2025\t\t<\/span>\n\t\t\t\t<span class=\"elementor-post-avatar\">\n\t\t\tEi kommentteja\t\t<\/span>\n\t\t\t\t<\/div>\n\t\t\t\t<div class=\"elementor-post__excerpt\">\n\t\t\t<p>Cockfight-vedonly\u00f6nti riekaleina Intiassa laittomasti tehdyt kukkotappeluvedonly\u00f6nnit joutuivat paikallisten viranomaisten hampaisiin.<\/p>\n\t\t<\/div>\n\t\t\n\t\t<a class=\"elementor-post__read-more\" href=\"https:\/\/casinoreturn.com\/fi\/cockfight-vedonlyonti-laittomasti-tehty\/\" aria-label=\"Read more about Cockfight Vedonly\u00f6nti laittomasti tehty\" tabindex=\"-1\" >\n\t\t\tLue lis\u00e4\u00e4 \"\t\t<\/a>\n\n\t\t\t\t<\/div>\n\t\t\t\t<\/article>\n\t\t\t\t<article class=\"elementor-post elementor-grid-item post-15888 post type-post status-publish format-standard has-post-thumbnail hentry category-uncategorized-fi\">\n\t\t\t\t<a class=\"elementor-post__thumbnail__link\" href=\"https:\/\/casinoreturn.com\/fi\/gaming-regulations-in-turkey\/\" tabindex=\"-1\" >\n\t\t\t<div class=\"elementor-post__thumbnail\"><img decoding=\"async\" width=\"300\" height=\"200\" src=\"https:\/\/casinoreturn.com\/wp-content\/uploads\/2025\/10\/Gaming-regulations-in-Turkey-300x200.jpg\" class=\"attachment-medium size-medium wp-image-15777\" alt=\"Gaming regulations in Turkey\" srcset=\"https:\/\/casinoreturn.com\/wp-content\/uploads\/2025\/10\/Gaming-regulations-in-Turkey-300x200.jpg 300w, https:\/\/casinoreturn.com\/wp-content\/uploads\/2025\/10\/Gaming-regulations-in-Turkey.jpg 740w\" sizes=\"(max-width: 300px) 100vw, 300px\" \/><\/div>\n\t\t<\/a>\n\t\t\t\t<div class=\"elementor-post__text\">\n\t\t\t\t<h3 class=\"elementor-post__title\">\n\t\t\t<a href=\"https:\/\/casinoreturn.com\/fi\/gaming-regulations-in-turkey\/\" >\n\t\t\t\tGaming regulations in Turkey\t\t\t<\/a>\n\t\t<\/h3>\n\t\t\t\t<div class=\"elementor-post__meta-data\">\n\t\t\t\t\t<span class=\"elementor-post-date\">\n\t\t\t30 lokakuun, 2025\t\t<\/span>\n\t\t\t\t<span class=\"elementor-post-avatar\">\n\t\t\tEi kommentteja\t\t<\/span>\n\t\t\t\t<\/div>\n\t\t\t\t<div class=\"elementor-post__excerpt\">\n\t\t\t<p>Gaming regulations in Turkey Turkin pelis\u00e4\u00e4nn\u00f6kset ovat rajoitettuja, ja uhkapelej\u00e4<\/p>\n\t\t<\/div>\n\t\t\n\t\t<a class=\"elementor-post__read-more\" href=\"https:\/\/casinoreturn.com\/fi\/gaming-regulations-in-turkey\/\" aria-label=\"Read more about Gaming regulations in Turkey\" tabindex=\"-1\" >\n\t\t\tLue lis\u00e4\u00e4 \"\t\t<\/a>\n\n\t\t\t\t<\/div>\n\t\t\t\t<\/article>\n\t\t\t\t<\/div>\n\t\t\n\t\t\t\t\t\t<\/div>\n\t\t\t\t<\/div>\n\t\t\t\t<\/div>\n\t\t\t\t<\/div>\n\t\t\t\t\t<\/div>\n\t\t\t\t<\/div>\n\t\t\t\t<\/div>\n\t\t","protected":false},"excerpt":{"rendered":"<p>Kirjoittaja : Tower House Team Tietoa Tower House -tiimist\u00e4 THT tai paremmin tunnettu nimell\u00e4 Tower House Affiliate Team on niputtanut yhteen nettikasinon hyv\u00e4t, huonot ja rumat puolet. Emme ole t\u00e4\u00e4ll\u00e4 keksim\u00e4ss\u00e4 py\u00f6r\u00e4\u00e4 uudelleen. Lis\u00e4\u00e4mme mausteeksi suolaa ja pippuria viesteihimme, kommentteihimme ja arvosteluihimme. Ty\u00f6skentelemme faktojen pohjalta, ja me my\u00f6s loooooooove juorut T\u00c4SS\u00c4. Kasinoarvostelut ovat t\u00e4rkeit\u00e4 ja [&hellip;]<\/p>\n","protected":false},"author":2,"featured_media":3017,"parent":0,"menu_order":0,"comment_status":"closed","ping_status":"closed","template":"elementor_header_footer","meta":{"footnotes":""},"class_list":["post-4593","page","type-page","status-publish","has-post-thumbnail","hentry"],"blocksy_meta":[],"acf":[],"yoast_head":"<!-- This site is optimized with the Yoast SEO plugin v24.1 - https:\/\/yoast.com\/wordpress\/plugins\/seo\/ -->\n<title>Kirjoittaja domini - casinoreturn<\/title>\n<meta name=\"description\" content=\"Rehelliset kasinoarvostelut, joissa on eroa. Korostamme hyv\u00e4n, huonon ja ruman totuuden parhaasta paikastasi.\" \/>\n<meta name=\"robots\" content=\"index, follow, max-snippet:-1, max-image-preview:large, max-video-preview:-1\" \/>\n<link rel=\"canonical\" href=\"https:\/\/casinoreturn.com\/fi\/kirjoittaja-domini\/\" \/>\n<meta property=\"og:locale\" content=\"fi_FI\" \/>\n<meta property=\"og:type\" content=\"article\" \/>\n<meta property=\"og:title\" content=\"Kirjoittaja domini - casinoreturn\" \/>\n<meta property=\"og:description\" content=\"Rehelliset kasinoarvostelut, joissa on eroa. Korostamme hyv\u00e4n, huonon ja ruman totuuden parhaasta paikastasi.\" \/>\n<meta property=\"og:url\" content=\"https:\/\/casinoreturn.com\/fi\/kirjoittaja-domini\/\" \/>\n<meta property=\"og:site_name\" content=\"casinoreturn\" \/>\n<meta property=\"article:modified_time\" content=\"2024-12-02T14:04:02+00:00\" \/>\n<meta property=\"og:image\" content=\"https:\/\/casinoreturn.com\/wp-content\/uploads\/2024\/11\/Honest-casino-review.webp\" \/>\n\t<meta property=\"og:image:width\" content=\"600\" \/>\n\t<meta property=\"og:image:height\" content=\"424\" \/>\n\t<meta property=\"og:image:type\" content=\"image\/webp\" \/>\n<meta name=\"twitter:card\" content=\"summary_large_image\" \/>\n<meta name=\"twitter:label1\" content=\"Arvioitu lukuaika\" \/>\n\t<meta name=\"twitter:data1\" content=\"1 minuutti\" \/>\n<script type=\"application\/ld+json\" class=\"yoast-schema-graph\">{\"@context\":\"https:\/\/schema.org\",\"@graph\":[{\"@type\":\"WebPage\",\"@id\":\"https:\/\/casinoreturn.com\/fi\/kirjoittaja-domini\/\",\"url\":\"https:\/\/casinoreturn.com\/fi\/kirjoittaja-domini\/\",\"name\":\"Kirjoittaja domini - casinoreturn\",\"isPartOf\":{\"@id\":\"https:\/\/casinoreturn.com\/#website\"},\"primaryImageOfPage\":{\"@id\":\"https:\/\/casinoreturn.com\/fi\/kirjoittaja-domini\/#primaryimage\"},\"image\":{\"@id\":\"https:\/\/casinoreturn.com\/fi\/kirjoittaja-domini\/#primaryimage\"},\"thumbnailUrl\":\"https:\/\/casinoreturn.com\/wp-content\/uploads\/2024\/11\/Honest-casino-review.webp\",\"datePublished\":\"2024-10-08T12:47:07+00:00\",\"dateModified\":\"2024-12-02T14:04:02+00:00\",\"description\":\"Rehelliset kasinoarvostelut, joissa on eroa. Korostamme hyv\u00e4n, huonon ja ruman totuuden parhaasta paikastasi.\",\"breadcrumb\":{\"@id\":\"https:\/\/casinoreturn.com\/fi\/kirjoittaja-domini\/#breadcrumb\"},\"inLanguage\":\"fi\",\"potentialAction\":[{\"@type\":\"ReadAction\",\"target\":[\"https:\/\/casinoreturn.com\/fi\/kirjoittaja-domini\/\"]}]},{\"@type\":\"ImageObject\",\"inLanguage\":\"fi\",\"@id\":\"https:\/\/casinoreturn.com\/fi\/kirjoittaja-domini\/#primaryimage\",\"url\":\"https:\/\/casinoreturn.com\/wp-content\/uploads\/2024\/11\/Honest-casino-review.webp\",\"contentUrl\":\"https:\/\/casinoreturn.com\/wp-content\/uploads\/2024\/11\/Honest-casino-review.webp\",\"width\":600,\"height\":424,\"caption\":\"Honest casino review\"},{\"@type\":\"BreadcrumbList\",\"@id\":\"https:\/\/casinoreturn.com\/fi\/kirjoittaja-domini\/#breadcrumb\",\"itemListElement\":[{\"@type\":\"ListItem\",\"position\":1,\"name\":\"Home\",\"item\":\"https:\/\/casinoreturn.com\/fi\/home\/\"},{\"@type\":\"ListItem\",\"position\":2,\"name\":\"Kirjoittaja domini\"}]},{\"@type\":\"WebSite\",\"@id\":\"https:\/\/casinoreturn.com\/#website\",\"url\":\"https:\/\/casinoreturn.com\/\",\"name\":\"casinoreturn\",\"description\":\"\",\"publisher\":{\"@id\":\"https:\/\/casinoreturn.com\/#organization\"},\"potentialAction\":[{\"@type\":\"SearchAction\",\"target\":{\"@type\":\"EntryPoint\",\"urlTemplate\":\"https:\/\/casinoreturn.com\/?s={search_term_string}\"},\"query-input\":{\"@type\":\"PropertyValueSpecification\",\"valueRequired\":true,\"valueName\":\"search_term_string\"}}],\"inLanguage\":\"fi\"},{\"@type\":\"Organization\",\"@id\":\"https:\/\/casinoreturn.com\/#organization\",\"name\":\"casinoreturn\",\"url\":\"https:\/\/casinoreturn.com\/\",\"logo\":{\"@type\":\"ImageObject\",\"inLanguage\":\"fi\",\"@id\":\"https:\/\/casinoreturn.com\/#\/schema\/logo\/image\/\",\"url\":\"https:\/\/casinoreturn.com\/wp-content\/uploads\/2024\/09\/animal-favicon.png\",\"contentUrl\":\"https:\/\/casinoreturn.com\/wp-content\/uploads\/2024\/09\/animal-favicon.png\",\"width\":92,\"height\":92,\"caption\":\"casinoreturn\"},\"image\":{\"@id\":\"https:\/\/casinoreturn.com\/#\/schema\/logo\/image\/\"}}]}<\/script>\n<!-- \/ Yoast SEO plugin. -->","yoast_head_json":{"title":"Kirjoittaja domini - casinoreturn","description":"Rehelliset kasinoarvostelut, joissa on eroa. Korostamme hyv\u00e4n, huonon ja ruman totuuden parhaasta paikastasi.","robots":{"index":"index","follow":"follow","max-snippet":"max-snippet:-1","max-image-preview":"max-image-preview:large","max-video-preview":"max-video-preview:-1"},"canonical":"https:\/\/casinoreturn.com\/fi\/kirjoittaja-domini\/","og_locale":"fi_FI","og_type":"article","og_title":"Kirjoittaja domini - casinoreturn","og_description":"Rehelliset kasinoarvostelut, joissa on eroa. Korostamme hyv\u00e4n, huonon ja ruman totuuden parhaasta paikastasi.","og_url":"https:\/\/casinoreturn.com\/fi\/kirjoittaja-domini\/","og_site_name":"casinoreturn","article_modified_time":"2024-12-02T14:04:02+00:00","og_image":[{"width":600,"height":424,"url":"https:\/\/casinoreturn.com\/wp-content\/uploads\/2024\/11\/Honest-casino-review.webp","type":"image\/webp"}],"twitter_card":"summary_large_image","twitter_misc":{"Arvioitu lukuaika":"1 minuutti"},"schema":{"@context":"https:\/\/schema.org","@graph":[{"@type":"WebPage","@id":"https:\/\/casinoreturn.com\/fi\/kirjoittaja-domini\/","url":"https:\/\/casinoreturn.com\/fi\/kirjoittaja-domini\/","name":"Kirjoittaja domini - casinoreturn","isPartOf":{"@id":"https:\/\/casinoreturn.com\/#website"},"primaryImageOfPage":{"@id":"https:\/\/casinoreturn.com\/fi\/kirjoittaja-domini\/#primaryimage"},"image":{"@id":"https:\/\/casinoreturn.com\/fi\/kirjoittaja-domini\/#primaryimage"},"thumbnailUrl":"https:\/\/casinoreturn.com\/wp-content\/uploads\/2024\/11\/Honest-casino-review.webp","datePublished":"2024-10-08T12:47:07+00:00","dateModified":"2024-12-02T14:04:02+00:00","description":"Rehelliset kasinoarvostelut, joissa on eroa. Korostamme hyv\u00e4n, huonon ja ruman totuuden parhaasta paikastasi.","breadcrumb":{"@id":"https:\/\/casinoreturn.com\/fi\/kirjoittaja-domini\/#breadcrumb"},"inLanguage":"fi","potentialAction":[{"@type":"ReadAction","target":["https:\/\/casinoreturn.com\/fi\/kirjoittaja-domini\/"]}]},{"@type":"ImageObject","inLanguage":"fi","@id":"https:\/\/casinoreturn.com\/fi\/kirjoittaja-domini\/#primaryimage","url":"https:\/\/casinoreturn.com\/wp-content\/uploads\/2024\/11\/Honest-casino-review.webp","contentUrl":"https:\/\/casinoreturn.com\/wp-content\/uploads\/2024\/11\/Honest-casino-review.webp","width":600,"height":424,"caption":"Honest casino review"},{"@type":"BreadcrumbList","@id":"https:\/\/casinoreturn.com\/fi\/kirjoittaja-domini\/#breadcrumb","itemListElement":[{"@type":"ListItem","position":1,"name":"Home","item":"https:\/\/casinoreturn.com\/fi\/home\/"},{"@type":"ListItem","position":2,"name":"Kirjoittaja domini"}]},{"@type":"WebSite","@id":"https:\/\/casinoreturn.com\/#website","url":"https:\/\/casinoreturn.com\/","name":"casinoreturn","description":"","publisher":{"@id":"https:\/\/casinoreturn.com\/#organization"},"potentialAction":[{"@type":"SearchAction","target":{"@type":"EntryPoint","urlTemplate":"https:\/\/casinoreturn.com\/?s={search_term_string}"},"query-input":{"@type":"PropertyValueSpecification","valueRequired":true,"valueName":"search_term_string"}}],"inLanguage":"fi"},{"@type":"Organization","@id":"https:\/\/casinoreturn.com\/#organization","name":"casinoreturn","url":"https:\/\/casinoreturn.com\/","logo":{"@type":"ImageObject","inLanguage":"fi","@id":"https:\/\/casinoreturn.com\/#\/schema\/logo\/image\/","url":"https:\/\/casinoreturn.com\/wp-content\/uploads\/2024\/09\/animal-favicon.png","contentUrl":"https:\/\/casinoreturn.com\/wp-content\/uploads\/2024\/09\/animal-favicon.png","width":92,"height":92,"caption":"casinoreturn"},"image":{"@id":"https:\/\/casinoreturn.com\/#\/schema\/logo\/image\/"}}]}},"_links":{"self":[{"href":"https:\/\/casinoreturn.com\/fi\/wp-json\/wp\/v2\/pages\/4593","targetHints":{"allow":["GET"]}}],"collection":[{"href":"https:\/\/casinoreturn.com\/fi\/wp-json\/wp\/v2\/pages"}],"about":[{"href":"https:\/\/casinoreturn.com\/fi\/wp-json\/wp\/v2\/types\/page"}],"author":[{"embeddable":true,"href":"https:\/\/casinoreturn.com\/fi\/wp-json\/wp\/v2\/users\/2"}],"replies":[{"embeddable":true,"href":"https:\/\/casinoreturn.com\/fi\/wp-json\/wp\/v2\/comments?post=4593"}],"version-history":[{"count":1,"href":"https:\/\/casinoreturn.com\/fi\/wp-json\/wp\/v2\/pages\/4593\/revisions"}],"predecessor-version":[{"id":4595,"href":"https:\/\/casinoreturn.com\/fi\/wp-json\/wp\/v2\/pages\/4593\/revisions\/4595"}],"wp:featuredmedia":[{"embeddable":true,"href":"https:\/\/casinoreturn.com\/fi\/wp-json\/wp\/v2\/media\/3017"}],"wp:attachment":[{"href":"https:\/\/casinoreturn.com\/fi\/wp-json\/wp\/v2\/media?parent=4593"}],"curies":[{"name":"wp","href":"https:\/\/api.w.org\/{rel}","templated":true}]}}