{"id":4621,"date":"2024-11-20T13:24:12","date_gmt":"2024-11-20T13:24:12","guid":{"rendered":"https:\/\/casinoreturn.com\/esport-kasinot\/"},"modified":"2024-12-02T14:23:24","modified_gmt":"2024-12-02T14:23:24","slug":"esport-kasinot","status":"publish","type":"page","link":"https:\/\/casinoreturn.com\/fi\/esport-kasinot\/","title":{"rendered":"eSport kasinot"},"content":{"rendered":"\t\t<div data-elementor-type=\"wp-page\" data-elementor-id=\"4621\" class=\"elementor elementor-4621\" data-elementor-post-type=\"page\">\n\t\t\t\t<div class=\"elementor-element elementor-element-fdf3628 e-con-full e-flex e-con e-parent\" data-id=\"fdf3628\" data-element_type=\"container\">\n\t\t\t\t<div class=\"elementor-element elementor-element-d39e98f elementor-widget elementor-widget-heading\" data-id=\"d39e98f\" data-element_type=\"widget\" data-widget_type=\"heading.default\">\n\t\t\t\t<div class=\"elementor-widget-container\">\n\t\t\t\t\t<h1 class=\"elementor-heading-title elementor-size-default\">ESport kasinot ja Esport Casino vedonly\u00f6nti<\/h1>\t\t\t\t<\/div>\n\t\t\t\t<\/div>\n\t\t\t\t<div class=\"elementor-element elementor-element-f722aef elementor-widget elementor-widget-image\" data-id=\"f722aef\" data-element_type=\"widget\" data-widget_type=\"image.default\">\n\t\t\t\t<div class=\"elementor-widget-container\">\n\t\t\t\t\t\t\t\t\t\t\t\t\t\t\t<img fetchpriority=\"high\" decoding=\"async\" width=\"360\" height=\"360\" src=\"https:\/\/casinoreturn.com\/wp-content\/uploads\/2024\/11\/esport-casinos.jpg\" class=\"attachment-large size-large wp-image-3671\" alt=\"esport casinos\" srcset=\"https:\/\/casinoreturn.com\/wp-content\/uploads\/2024\/11\/esport-casinos.jpg 360w, https:\/\/casinoreturn.com\/wp-content\/uploads\/2024\/11\/esport-casinos-300x300.jpg 300w, https:\/\/casinoreturn.com\/wp-content\/uploads\/2024\/11\/esport-casinos-150x150.jpg 150w\" sizes=\"(max-width: 360px) 100vw, 360px\" \/>\t\t\t\t\t\t\t\t\t\t\t\t\t\t\t<\/div>\n\t\t\t\t<\/div>\n\t\t\t\t<div class=\"elementor-element elementor-element-edb1ad6 elementor-widget elementor-widget-text-editor\" data-id=\"edb1ad6\" data-element_type=\"widget\" data-widget_type=\"text-editor.default\">\n\t\t\t\t<div class=\"elementor-widget-container\">\n\t\t\t\t\t\t\t\t\t<h3><strong>eSport-kasinot ja Esports-vedonly\u00f6nti &#8211; nopeasti muuttuva mobiilisovellusmaailma  <\/strong><\/h3>\n\t\t\t\t\t\t\t\t<\/div>\n\t\t\t\t<\/div>\n\t\t\t\t<div class=\"elementor-element elementor-element-16e733a elementor-widget elementor-widget-text-editor\" data-id=\"16e733a\" data-element_type=\"widget\" data-widget_type=\"text-editor.default\">\n\t\t\t\t<div class=\"elementor-widget-container\">\n\t\t\t\t\t\t\t\t\t<p>eSport Casinos vedonly\u00f6nti &#8211; Ei vain harrastus ja intohimo useimmille meist\u00e4, mutta samalla, jos tied\u00e4t sen hyvin, loistava tapa ansaita sivutuloja, jos osaat sen.<\/p>\n<p>E-urheilussa j\u00e4rjestet\u00e4\u00e4n niin sanottuja turnauksia, joissa parhaat pelaajat palkitaan. T\u00e4llaisessa e-urheilussa j\u00e4rjestet\u00e4\u00e4n s\u00e4\u00e4nn\u00f6llisesti jopa maailmanmestaruuskilpailuja. N\u00e4in eSports-fanaatikot voivat ly\u00f6d\u00e4 vetoa suosikkijoukkueistaan ja -pelaajistaan verkossa.  <\/p>\n<p>Seuraavassa artikkelissa opit kaiken, mit\u00e4 sinun tarvitsee tiet\u00e4\u00e4 eSports-vedonly\u00f6nnist\u00e4, kuten mit\u00e4 pelaajia voit ly\u00f6d\u00e4 vetoa eSports-vedonly\u00f6nniss\u00e4, mit\u00e4 sinun on varottava jne. Meilt\u00e4 saat yksinoikeudella tietoa siit\u00e4, mihin sinun on kiinnitett\u00e4v\u00e4 huomiota. Haluamme antaa sinulle vinkkej\u00e4, jotka edist\u00e4v\u00e4t menestyst\u00e4si eSports-vedonly\u00f6nnin maailmassa, jotta voit menesty\u00e4.  <\/p>\n\t\t\t\t\t\t\t\t<\/div>\n\t\t\t\t<\/div>\n\t\t\t\t<div class=\"elementor-element elementor-element-9bc958b elementor-button-success elementor-widget elementor-widget-button\" data-id=\"9bc958b\" data-element_type=\"widget\" data-widget_type=\"button.default\">\n\t\t\t\t<div class=\"elementor-widget-container\">\n\t\t\t\t\t\t\t\t\t<div class=\"elementor-button-wrapper\">\n\t\t\t\t\t<a class=\"elementor-button elementor-button-link elementor-size-sm\" href=\"https:\/\/lvbet.com\/sports\/en\/esport\/\" target=\"_blank\">\n\t\t\t\t\t\t<span class=\"elementor-button-content-wrapper\">\n\t\t\t\t\t\t\t\t\t<span class=\"elementor-button-text\">Epsort Vedonly\u00f6nti LVBetill\u00e4  <\/span>\n\t\t\t\t\t<\/span>\n\t\t\t\t\t<\/a>\n\t\t\t\t<\/div>\n\t\t\t\t\t\t\t\t<\/div>\n\t\t\t\t<\/div>\n\t\t\t\t<div class=\"elementor-element elementor-element-bcac7df elementor-widget elementor-widget-heading\" data-id=\"bcac7df\" data-element_type=\"widget\" data-widget_type=\"heading.default\">\n\t\t\t\t<div class=\"elementor-widget-container\">\n\t\t\t\t\t<h3 class=\"elementor-heading-title elementor-size-default\">Mit\u00e4 eSports-vedot tarkalleen ottaen ovat?<\/h3>\t\t\t\t<\/div>\n\t\t\t\t<\/div>\n\t\t\t\t<div class=\"elementor-element elementor-element-3426893 elementor-widget elementor-widget-text-editor\" data-id=\"3426893\" data-element_type=\"widget\" data-widget_type=\"text-editor.default\">\n\t\t\t\t<div class=\"elementor-widget-container\">\n\t\t\t\t\t\t\t\t\t<p>ESport-vedot eSport-kasinoissa kuuluvat uudempiin online-vedonly\u00f6nnin lajeihin. Viime vuosina kiinnostus eSportsia kohtaan on kasvanut tasaisesti, ja se on nyt yksi suosituimmista online-vedonly\u00f6nnin versioista. T\u00e4m\u00e4n seurauksena eSports-vedonly\u00f6nnin tarjoajien m\u00e4\u00e4r\u00e4 kasvaa jatkuvasti. Nyt saatat jo tuntea jonkun, joka on eSports-fanaatikko tai syventynyt alaan ja on siit\u00e4 innokkaasti kiinnostunut.   <\/p>\n\t\t\t\t\t\t\t\t<\/div>\n\t\t\t\t<\/div>\n\t\t\t\t<div class=\"elementor-element elementor-element-c3b9f87 elementor-widget elementor-widget-button\" data-id=\"c3b9f87\" data-element_type=\"widget\" data-widget_type=\"button.default\">\n\t\t\t\t<div class=\"elementor-widget-container\">\n\t\t\t\t\t\t\t\t\t<div class=\"elementor-button-wrapper\">\n\t\t\t\t\t<a class=\"elementor-button elementor-button-link elementor-size-sm\" href=\"#\">\n\t\t\t\t\t\t<span class=\"elementor-button-content-wrapper\">\n\t\t\t\t\t\t\t\t\t<span class=\"elementor-button-text\">Esport-vedonly\u00f6nti Bitkingzin kanssa<\/span>\n\t\t\t\t\t<\/span>\n\t\t\t\t\t<\/a>\n\t\t\t\t<\/div>\n\t\t\t\t\t\t\t\t<\/div>\n\t\t\t\t<\/div>\n\t\t\t\t<div class=\"elementor-element elementor-element-9d858c2 elementor-widget elementor-widget-heading\" data-id=\"9d858c2\" data-element_type=\"widget\" data-widget_type=\"heading.default\">\n\t\t\t\t<div class=\"elementor-widget-container\">\n\t\t\t\t\t<h3 class=\"elementor-heading-title elementor-size-default\">Mitk\u00e4 pelit ovat saatavilla eSportsissa?<\/h3>\t\t\t\t<\/div>\n\t\t\t\t<\/div>\n\t\t\t\t<div class=\"elementor-element elementor-element-7ba9fd5 elementor-widget elementor-widget-text-editor\" data-id=\"7ba9fd5\" data-element_type=\"widget\" data-widget_type=\"text-editor.default\">\n\t\t\t\t<div class=\"elementor-widget-container\">\n\t\t\t\t\t\t\t\t\t<p>CS: GO-vedonly\u00f6nti on yksi <strong>eSports-vedonly\u00f6nnin<\/strong> suosituimmista peleist\u00e4. T\u00e4m\u00e4 muuttuu kuitenkin jatkuvasti eksponentiaalisen kasvun ja jatkuvasti lis\u00e4\u00e4ntyv\u00e4n kilpailun vuoksi. Uusia pelej\u00e4, kuten Battle-Royale-genre, mukaan lukien Fortnite ja PUBG, lis\u00e4t\u00e4\u00e4n jatkuvasti. My\u00f6s MOBA-pelit ovat s\u00e4ilytt\u00e4neet loistonsa ja kiehtovat pelaajia. Niinp\u00e4 LoL ja DotA saavuttavat edelleen hyvi\u00e4 arvosteluja.    <\/p>\n<p><strong>Counterstrike Global Offensive,<\/strong> lyhyesti<strong> CSGO<\/strong>, on Valven ja Hidden Path Entertainmentin kehitt\u00e4m\u00e4 r\u00e4iskint\u00e4peli. Peli on yksi moninpeleist\u00e4. Pelaa peli\u00e4 Windowsilla, OS X:ll\u00e4, Xbox 360:ll\u00e4 ja PlayStation 3:lla. Peli on kehitetty vuonna 2012.   <\/p>\n<p><strong>Epic Games julkaisi ja kehitti Fortniten vuonna 2017<\/strong>. Verkkovideopeli sis\u00e4lt\u00e4\u00e4 yhteisty\u00f6h\u00f6n perustuvia r\u00e4iskint\u00e4pelin selviytymiselementtej\u00e4, ja se on saatavilla Windowsille, Mac OS:lle, Nintendo Switchille, PlayStation 4:lle, PlayStation 5:lle, Xbox Onelle, Xbox Series X:lle ja Androidille. <\/p>\n<p>Viimeinen esimerkkimme on peli <strong>LoL-League of Legends<\/strong>, jonka on kehitt\u00e4nyt ja julkaissut Riot Games. T\u00e4m\u00e4 peli on online-moninpeli, joka tapahtuu taisteluareenalla, ja se on saatavilla Windows- ja Mac OS -ohjelmistoille. <\/p>\n\t\t\t\t\t\t\t\t<\/div>\n\t\t\t\t<\/div>\n\t\t\t\t<\/div>\n\t\t<div class=\"elementor-element elementor-element-22f6be3 e-con-full e-flex e-con e-parent\" data-id=\"22f6be3\" data-element_type=\"container\">\n\t\t\t\t<div class=\"elementor-element elementor-element-78d5df1 elementor-widget elementor-widget-heading\" data-id=\"78d5df1\" data-element_type=\"widget\" data-widget_type=\"heading.default\">\n\t\t\t\t<div class=\"elementor-widget-container\">\n\t\t\t\t\t<h3 class=\"elementor-heading-title elementor-size-default\">eSports-vedot vs. urheiluvedot?<\/h3>\t\t\t\t<\/div>\n\t\t\t\t<\/div>\n\t\t\t\t<div class=\"elementor-element elementor-element-007718b elementor-widget elementor-widget-text-editor\" data-id=\"007718b\" data-element_type=\"widget\" data-widget_type=\"text-editor.default\">\n\t\t\t\t<div class=\"elementor-widget-container\">\n\t\t\t\t\t\t\t\t\t<p>Jos verrataan eSports-vedonly\u00f6nti\u00e4 muihin suosittuihin urheiluvedonly\u00f6nteihin, n\u00e4m\u00e4 kaksi vedonly\u00f6ntityyppi\u00e4 n\u00e4ytt\u00e4v\u00e4t ensisilm\u00e4yksell\u00e4 hyvin samanlaisilta. Molemmat liittyv\u00e4t tiettyyn urheilulajiin, mutta sinun kannattaa tutustua lajiin tarkemmin ennen kuin aloitat, sill\u00e4 on olemassa turnauksia, mestaruuskilpailuja ja cup-pelej\u00e4. Saatat siis ajatella, ett\u00e4 niiden v\u00e4lill\u00e4 ei ole suuria eroja. Verkkovedonly\u00f6nti eSportsia tulisi pelata samalla tavalla kuin kaikkia muitakin verkkovedonly\u00f6ntilajeja, mahdollisella pienell\u00e4 rahoitukseen ja yksitt\u00e4isiin palveluntarjoajiin liittyv\u00e4ll\u00e4 erolla, joka ei kuitenkaan merkitse suurta eroa heille uhkapelaajille.   <\/p>\n\t\t\t\t\t\t\t\t<\/div>\n\t\t\t\t<\/div>\n\t\t\t\t<div class=\"elementor-element elementor-element-049f4af elementor-widget elementor-widget-heading\" data-id=\"049f4af\" data-element_type=\"widget\" data-widget_type=\"heading.default\">\n\t\t\t\t<div class=\"elementor-widget-container\">\n\t\t\t\t\t<h3 class=\"elementor-heading-title elementor-size-default\">Tunnetuimmat pelit, joista voi ly\u00f6d\u00e4 vetoa<\/h3>\t\t\t\t<\/div>\n\t\t\t\t<\/div>\n\t\t\t\t<\/div>\n\t\t<div class=\"elementor-element elementor-element-4257928 e-con-full e-flex e-con e-parent\" data-id=\"4257928\" data-element_type=\"container\">\n\t\t\t\t<div class=\"elementor-element elementor-element-0a1e3a9 elementor-widget elementor-widget-text-editor\" data-id=\"0a1e3a9\" data-element_type=\"widget\" data-widget_type=\"text-editor.default\">\n\t\t\t\t<div class=\"elementor-widget-container\">\n\t\t\t\t\t\t\t\t\t<p>Seuraavassa artikkelissa voit oppia hieman lis\u00e4\u00e4 kahdesta suosikki-eSports-pelist\u00e4si. Olemme yritt\u00e4neet rajata valintamme, jotta sinun olisi helpompi p\u00e4\u00e4tt\u00e4\u00e4. Viittaamme siis peleihin CS: GO ja LoL. Olet jo saanut pelin tekniset avaintiedot, joten voimme nyt menn\u00e4 tarkempiin tietoihin pelist\u00e4.   <\/p>\n<p>Tulevat liigapelit, Riot Games LCS ja LCS:n kev\u00e4\u00e4n pudotuspelit mahdollistavat erilaiset vedonly\u00f6nnit pelaajille. Vaihtoehtoja on tietenkin useita, joten voit ly\u00f6d\u00e4 voittavan vedon siit\u00e4, mik\u00e4 joukkue voittaa tai tietyist\u00e4 henkil\u00f6ist\u00e4. <\/p>\n<p>eSport-kasinoissa voit ly\u00f6d\u00e4 vetoa erilaisista tapahtumista, jotka voivat tapahtua peliss\u00e4 LoL: Mik\u00e4 joukkue saa &#8221;First Bloodin&#8221;? Kumpi joukkue voittaa Team Baron Nashorin ensin tai voittaa pelin lyijykyn\u00e4ll\u00e4? Tavallisten vedonly\u00f6ntien lis\u00e4ksi erikoisvedot ovat saatavilla suurten turnausten, kuten League of Legendsin maailmanmestaruuskilpailujen tai MSI:n, aikana.  <\/p>\n<p>CS: GO-vedonly\u00f6nnin ammattilaiskentt\u00e4 on hyvin tunnettu, ja siit\u00e4 on tullut yksi alan vaikutusvaltaisimmista vedonly\u00f6ntiyrityksist\u00e4. Huippujoukkueista ja niiden pelaajista on tullut kulttimaineessa olevia hahmoja yhteis\u00f6ss\u00e4, ja yh\u00e4 useammissa turnauksissa on suuremmat palkintopotit kuin koskaan ennen. ESL One Cologne on t\u00e4ll\u00e4 hetkell\u00e4 kaikkien CS GO-fanien p\u00e4\u00e4aihe. Mutta se vaihtuu pian FACEIT Major Londoniin, josta tulee varmasti spektaakkeli. Ei ole ep\u00e4ilyst\u00e4k\u00e4\u00e4n siit\u00e4, ett\u00e4 CS: GO-peli on eritt\u00e4in vaikeaa, siirrot ovat yleisi\u00e4 ja vaihtelevia, peli on hermoja raastavaa ja tuloksia on vaikea ennustaa.    <\/p>\n\t\t\t\t\t\t\t\t<\/div>\n\t\t\t\t<\/div>\n\t\t\t\t<\/div>\n\t\t\t\t<\/div>\n\t\t","protected":false},"excerpt":{"rendered":"<p>ESport kasinot ja Esport Casino vedonly\u00f6nti eSport-kasinot ja Esports-vedonly\u00f6nti &#8211; nopeasti muuttuva mobiilisovellusmaailma eSport Casinos vedonly\u00f6nti &#8211; Ei vain harrastus ja intohimo useimmille meist\u00e4, mutta samalla, jos tied\u00e4t sen hyvin, loistava tapa ansaita sivutuloja, jos osaat sen. E-urheilussa j\u00e4rjestet\u00e4\u00e4n niin sanottuja turnauksia, joissa parhaat pelaajat palkitaan. T\u00e4llaisessa e-urheilussa j\u00e4rjestet\u00e4\u00e4n s\u00e4\u00e4nn\u00f6llisesti jopa maailmanmestaruuskilpailuja. N\u00e4in eSports-fanaatikot voivat [&hellip;]<\/p>\n","protected":false},"author":1,"featured_media":0,"parent":0,"menu_order":0,"comment_status":"closed","ping_status":"closed","template":"","meta":{"footnotes":""},"class_list":["post-4621","page","type-page","status-publish","hentry"],"blocksy_meta":[],"acf":[],"yoast_head":"<!-- This site is optimized with the Yoast SEO plugin v24.1 - https:\/\/yoast.com\/wordpress\/plugins\/seo\/ -->\n<title>eSport kasinot - casinoreturn<\/title>\n<meta name=\"description\" content=\"eSport-kasinot ovat oma pieni kokonaisuutensa. Kasvava eSport-mobiiliyhteis\u00f6, jossa on fantastisia pelej\u00e4 ja sosiaalista vuorovaikutusta.\" \/>\n<meta name=\"robots\" content=\"index, follow, max-snippet:-1, max-image-preview:large, max-video-preview:-1\" \/>\n<link rel=\"canonical\" href=\"https:\/\/casinoreturn.com\/fi\/esport-kasinot\/\" \/>\n<meta property=\"og:locale\" content=\"fi_FI\" \/>\n<meta property=\"og:type\" content=\"article\" \/>\n<meta property=\"og:title\" content=\"eSport kasinot - casinoreturn\" \/>\n<meta property=\"og:description\" content=\"eSport-kasinot ovat oma pieni kokonaisuutensa. Kasvava eSport-mobiiliyhteis\u00f6, jossa on fantastisia pelej\u00e4 ja sosiaalista vuorovaikutusta.\" \/>\n<meta property=\"og:url\" content=\"https:\/\/casinoreturn.com\/fi\/esport-kasinot\/\" \/>\n<meta property=\"og:site_name\" content=\"casinoreturn\" \/>\n<meta property=\"article:modified_time\" content=\"2024-12-02T14:23:24+00:00\" \/>\n<meta property=\"og:image\" content=\"https:\/\/casinoreturn.com\/wp-content\/uploads\/2024\/11\/esport-casinos.jpg\" \/>\n\t<meta property=\"og:image:width\" content=\"360\" \/>\n\t<meta property=\"og:image:height\" content=\"360\" \/>\n\t<meta property=\"og:image:type\" content=\"image\/jpeg\" \/>\n<meta name=\"twitter:card\" content=\"summary_large_image\" \/>\n<meta name=\"twitter:label1\" content=\"Arvioitu lukuaika\" \/>\n\t<meta name=\"twitter:data1\" content=\"3 minuuttia\" \/>\n<script type=\"application\/ld+json\" class=\"yoast-schema-graph\">{\"@context\":\"https:\/\/schema.org\",\"@graph\":[{\"@type\":\"WebPage\",\"@id\":\"https:\/\/casinoreturn.com\/fi\/esport-kasinot\/\",\"url\":\"https:\/\/casinoreturn.com\/fi\/esport-kasinot\/\",\"name\":\"eSport kasinot - casinoreturn\",\"isPartOf\":{\"@id\":\"https:\/\/casinoreturn.com\/#website\"},\"primaryImageOfPage\":{\"@id\":\"https:\/\/casinoreturn.com\/fi\/esport-kasinot\/#primaryimage\"},\"image\":{\"@id\":\"https:\/\/casinoreturn.com\/fi\/esport-kasinot\/#primaryimage\"},\"thumbnailUrl\":\"https:\/\/casinoreturn.com\/wp-content\/uploads\/2024\/11\/esport-casinos.jpg\",\"datePublished\":\"2024-11-20T13:24:12+00:00\",\"dateModified\":\"2024-12-02T14:23:24+00:00\",\"description\":\"eSport-kasinot ovat oma pieni kokonaisuutensa. Kasvava eSport-mobiiliyhteis\u00f6, jossa on fantastisia pelej\u00e4 ja sosiaalista vuorovaikutusta.\",\"breadcrumb\":{\"@id\":\"https:\/\/casinoreturn.com\/fi\/esport-kasinot\/#breadcrumb\"},\"inLanguage\":\"fi\",\"potentialAction\":[{\"@type\":\"ReadAction\",\"target\":[\"https:\/\/casinoreturn.com\/fi\/esport-kasinot\/\"]}]},{\"@type\":\"ImageObject\",\"inLanguage\":\"fi\",\"@id\":\"https:\/\/casinoreturn.com\/fi\/esport-kasinot\/#primaryimage\",\"url\":\"https:\/\/casinoreturn.com\/wp-content\/uploads\/2024\/11\/esport-casinos.jpg\",\"contentUrl\":\"https:\/\/casinoreturn.com\/wp-content\/uploads\/2024\/11\/esport-casinos.jpg\"},{\"@type\":\"BreadcrumbList\",\"@id\":\"https:\/\/casinoreturn.com\/fi\/esport-kasinot\/#breadcrumb\",\"itemListElement\":[{\"@type\":\"ListItem\",\"position\":1,\"name\":\"Home\",\"item\":\"https:\/\/casinoreturn.com\/fi\/home\/\"},{\"@type\":\"ListItem\",\"position\":2,\"name\":\"eSport kasinot\"}]},{\"@type\":\"WebSite\",\"@id\":\"https:\/\/casinoreturn.com\/#website\",\"url\":\"https:\/\/casinoreturn.com\/\",\"name\":\"casinoreturn\",\"description\":\"\",\"publisher\":{\"@id\":\"https:\/\/casinoreturn.com\/#organization\"},\"potentialAction\":[{\"@type\":\"SearchAction\",\"target\":{\"@type\":\"EntryPoint\",\"urlTemplate\":\"https:\/\/casinoreturn.com\/?s={search_term_string}\"},\"query-input\":{\"@type\":\"PropertyValueSpecification\",\"valueRequired\":true,\"valueName\":\"search_term_string\"}}],\"inLanguage\":\"fi\"},{\"@type\":\"Organization\",\"@id\":\"https:\/\/casinoreturn.com\/#organization\",\"name\":\"casinoreturn\",\"url\":\"https:\/\/casinoreturn.com\/\",\"logo\":{\"@type\":\"ImageObject\",\"inLanguage\":\"fi\",\"@id\":\"https:\/\/casinoreturn.com\/#\/schema\/logo\/image\/\",\"url\":\"https:\/\/casinoreturn.com\/wp-content\/uploads\/2024\/09\/animal-favicon.png\",\"contentUrl\":\"https:\/\/casinoreturn.com\/wp-content\/uploads\/2024\/09\/animal-favicon.png\",\"width\":92,\"height\":92,\"caption\":\"casinoreturn\"},\"image\":{\"@id\":\"https:\/\/casinoreturn.com\/#\/schema\/logo\/image\/\"}}]}<\/script>\n<!-- \/ Yoast SEO plugin. -->","yoast_head_json":{"title":"eSport kasinot - casinoreturn","description":"eSport-kasinot ovat oma pieni kokonaisuutensa. Kasvava eSport-mobiiliyhteis\u00f6, jossa on fantastisia pelej\u00e4 ja sosiaalista vuorovaikutusta.","robots":{"index":"index","follow":"follow","max-snippet":"max-snippet:-1","max-image-preview":"max-image-preview:large","max-video-preview":"max-video-preview:-1"},"canonical":"https:\/\/casinoreturn.com\/fi\/esport-kasinot\/","og_locale":"fi_FI","og_type":"article","og_title":"eSport kasinot - casinoreturn","og_description":"eSport-kasinot ovat oma pieni kokonaisuutensa. Kasvava eSport-mobiiliyhteis\u00f6, jossa on fantastisia pelej\u00e4 ja sosiaalista vuorovaikutusta.","og_url":"https:\/\/casinoreturn.com\/fi\/esport-kasinot\/","og_site_name":"casinoreturn","article_modified_time":"2024-12-02T14:23:24+00:00","og_image":[{"width":360,"height":360,"url":"https:\/\/casinoreturn.com\/wp-content\/uploads\/2024\/11\/esport-casinos.jpg","type":"image\/jpeg"}],"twitter_card":"summary_large_image","twitter_misc":{"Arvioitu lukuaika":"3 minuuttia"},"schema":{"@context":"https:\/\/schema.org","@graph":[{"@type":"WebPage","@id":"https:\/\/casinoreturn.com\/fi\/esport-kasinot\/","url":"https:\/\/casinoreturn.com\/fi\/esport-kasinot\/","name":"eSport kasinot - casinoreturn","isPartOf":{"@id":"https:\/\/casinoreturn.com\/#website"},"primaryImageOfPage":{"@id":"https:\/\/casinoreturn.com\/fi\/esport-kasinot\/#primaryimage"},"image":{"@id":"https:\/\/casinoreturn.com\/fi\/esport-kasinot\/#primaryimage"},"thumbnailUrl":"https:\/\/casinoreturn.com\/wp-content\/uploads\/2024\/11\/esport-casinos.jpg","datePublished":"2024-11-20T13:24:12+00:00","dateModified":"2024-12-02T14:23:24+00:00","description":"eSport-kasinot ovat oma pieni kokonaisuutensa. Kasvava eSport-mobiiliyhteis\u00f6, jossa on fantastisia pelej\u00e4 ja sosiaalista vuorovaikutusta.","breadcrumb":{"@id":"https:\/\/casinoreturn.com\/fi\/esport-kasinot\/#breadcrumb"},"inLanguage":"fi","potentialAction":[{"@type":"ReadAction","target":["https:\/\/casinoreturn.com\/fi\/esport-kasinot\/"]}]},{"@type":"ImageObject","inLanguage":"fi","@id":"https:\/\/casinoreturn.com\/fi\/esport-kasinot\/#primaryimage","url":"https:\/\/casinoreturn.com\/wp-content\/uploads\/2024\/11\/esport-casinos.jpg","contentUrl":"https:\/\/casinoreturn.com\/wp-content\/uploads\/2024\/11\/esport-casinos.jpg"},{"@type":"BreadcrumbList","@id":"https:\/\/casinoreturn.com\/fi\/esport-kasinot\/#breadcrumb","itemListElement":[{"@type":"ListItem","position":1,"name":"Home","item":"https:\/\/casinoreturn.com\/fi\/home\/"},{"@type":"ListItem","position":2,"name":"eSport kasinot"}]},{"@type":"WebSite","@id":"https:\/\/casinoreturn.com\/#website","url":"https:\/\/casinoreturn.com\/","name":"casinoreturn","description":"","publisher":{"@id":"https:\/\/casinoreturn.com\/#organization"},"potentialAction":[{"@type":"SearchAction","target":{"@type":"EntryPoint","urlTemplate":"https:\/\/casinoreturn.com\/?s={search_term_string}"},"query-input":{"@type":"PropertyValueSpecification","valueRequired":true,"valueName":"search_term_string"}}],"inLanguage":"fi"},{"@type":"Organization","@id":"https:\/\/casinoreturn.com\/#organization","name":"casinoreturn","url":"https:\/\/casinoreturn.com\/","logo":{"@type":"ImageObject","inLanguage":"fi","@id":"https:\/\/casinoreturn.com\/#\/schema\/logo\/image\/","url":"https:\/\/casinoreturn.com\/wp-content\/uploads\/2024\/09\/animal-favicon.png","contentUrl":"https:\/\/casinoreturn.com\/wp-content\/uploads\/2024\/09\/animal-favicon.png","width":92,"height":92,"caption":"casinoreturn"},"image":{"@id":"https:\/\/casinoreturn.com\/#\/schema\/logo\/image\/"}}]}},"_links":{"self":[{"href":"https:\/\/casinoreturn.com\/fi\/wp-json\/wp\/v2\/pages\/4621","targetHints":{"allow":["GET"]}}],"collection":[{"href":"https:\/\/casinoreturn.com\/fi\/wp-json\/wp\/v2\/pages"}],"about":[{"href":"https:\/\/casinoreturn.com\/fi\/wp-json\/wp\/v2\/types\/page"}],"author":[{"embeddable":true,"href":"https:\/\/casinoreturn.com\/fi\/wp-json\/wp\/v2\/users\/1"}],"replies":[{"embeddable":true,"href":"https:\/\/casinoreturn.com\/fi\/wp-json\/wp\/v2\/comments?post=4621"}],"version-history":[{"count":1,"href":"https:\/\/casinoreturn.com\/fi\/wp-json\/wp\/v2\/pages\/4621\/revisions"}],"predecessor-version":[{"id":4622,"href":"https:\/\/casinoreturn.com\/fi\/wp-json\/wp\/v2\/pages\/4621\/revisions\/4622"}],"wp:attachment":[{"href":"https:\/\/casinoreturn.com\/fi\/wp-json\/wp\/v2\/media?parent=4621"}],"curies":[{"name":"wp","href":"https:\/\/api.w.org\/{rel}","templated":true}]}}