{"id":4646,"date":"2024-11-21T14:27:34","date_gmt":"2024-11-21T14:27:34","guid":{"rendered":"https:\/\/casinoreturn.com\/online-baccarat\/"},"modified":"2024-12-02T17:59:33","modified_gmt":"2024-12-02T17:59:33","slug":"online-baccarat","status":"publish","type":"page","link":"https:\/\/casinoreturn.com\/fi\/online-baccarat\/","title":{"rendered":"Online Baccarat"},"content":{"rendered":"\t\t<div data-elementor-type=\"wp-page\" data-elementor-id=\"4646\" class=\"elementor elementor-4646\" data-elementor-post-type=\"page\">\n\t\t\t\t<div class=\"elementor-element elementor-element-54716bf e-con-full e-flex e-con e-parent\" data-id=\"54716bf\" data-element_type=\"container\">\n\t\t\t\t<div class=\"elementor-element elementor-element-e1d0de2 elementor-widget elementor-widget-image\" data-id=\"e1d0de2\" data-element_type=\"widget\" data-widget_type=\"image.default\">\n\t\t\t\t<div class=\"elementor-widget-container\">\n\t\t\t\t\t\t\t\t\t\t\t\t\t\t\t<img fetchpriority=\"high\" decoding=\"async\" width=\"376\" height=\"250\" src=\"https:\/\/casinoreturn.com\/wp-content\/uploads\/2024\/11\/Online-Baccarat.png\" class=\"attachment-large size-large wp-image-3744\" alt=\"Online Baccarat\" srcset=\"https:\/\/casinoreturn.com\/wp-content\/uploads\/2024\/11\/Online-Baccarat.png 376w, https:\/\/casinoreturn.com\/wp-content\/uploads\/2024\/11\/Online-Baccarat-300x199.png 300w\" sizes=\"(max-width: 376px) 100vw, 376px\" \/>\t\t\t\t\t\t\t\t\t\t\t\t\t\t\t<\/div>\n\t\t\t\t<\/div>\n\t\t\t\t<div class=\"elementor-element elementor-element-94a1cbc elementor-widget elementor-widget-heading\" data-id=\"94a1cbc\" data-element_type=\"widget\" data-widget_type=\"heading.default\">\n\t\t\t\t<div class=\"elementor-widget-container\">\n\t\t\t\t\t<h2 class=\"elementor-heading-title elementor-size-default\">Online Baccarat s\u00e4\u00e4nn\u00f6t ja tiedot<\/h2>\t\t\t\t<\/div>\n\t\t\t\t<\/div>\n\t\t\t\t<div class=\"elementor-element elementor-element-0c38f38 elementor-button-success elementor-align-center elementor-widget elementor-widget-button\" data-id=\"0c38f38\" data-element_type=\"widget\" data-widget_type=\"button.default\">\n\t\t\t\t<div class=\"elementor-widget-container\">\n\t\t\t\t\t\t\t\t\t<div class=\"elementor-button-wrapper\">\n\t\t\t\t\t<a class=\"elementor-button elementor-button-link elementor-size-sm\" href=\"#\">\n\t\t\t\t\t\t<span class=\"elementor-button-content-wrapper\">\n\t\t\t\t\t\t\t\t\t<span class=\"elementor-button-text\">Pelaa Baccaratia t\u00e4\u00e4ll\u00e4  <\/span>\n\t\t\t\t\t<\/span>\n\t\t\t\t\t<\/a>\n\t\t\t\t<\/div>\n\t\t\t\t\t\t\t\t<\/div>\n\t\t\t\t<\/div>\n\t\t\t\t<\/div>\n\t\t<div class=\"elementor-element elementor-element-8c4d838 e-con-full e-flex e-con e-parent\" data-id=\"8c4d838\" data-element_type=\"container\">\n\t\t\t\t<div class=\"elementor-element elementor-element-e7305df elementor-widget elementor-widget-text-editor\" data-id=\"e7305df\" data-element_type=\"widget\" data-widget_type=\"text-editor.default\">\n\t\t\t\t<div class=\"elementor-widget-container\">\n\t\t\t\t\t\t\t\t\t<p>Online Baccaratin s\u00e4\u00e4nn\u00f6t. T\u00e4m\u00e4 artikkeli esittelee sinulle suositun kolikkopelin Baccarat Online. Uskotaan, ett\u00e4 t\u00e4m\u00e4 peli sai alkunsa 1500-luvulla Napolissa. Siit\u00e4 l\u00e4htien peli on kuitenkin levinnyt ymp\u00e4ri maailmaa, ja se on yksi suosituimmista klassisista kolikkopeleist\u00e4. Etenkin Aasian alueella Baccarat-peli tunnetaan hyvin ja se on yksi pelihallien suosikeista. Suurin osa baccarat-p\u00f6ydist\u00e4 l\u00f6ytyy Macaosta.     <\/p>\n<p>Baccaratin etuna on se, ett\u00e4 se on helppo oppia ja ett\u00e4 siin\u00e4 on hyv\u00e4t voittomahdollisuudet. Koska panostat vain baccarat-pelin lopputuloksesta, sinun ei tarvitse itse opetella monimutkaisia strategioita hy\u00f6ty\u00e4ksesi hyv\u00e4st\u00e4 voittoprosentista &#8211; toisin kuin esimerkiksi blackjackissa, baccarat. jossa sinulla on vain mahdollisuus sis\u00e4ist\u00e4\u00e4 ainakin perussuunnitelma. Ajan my\u00f6t\u00e4 on kehittynyt monia nettikasinoiden baccarat-muunnelmia, ja t\u00e4n\u00e4\u00e4n haluamme esitell\u00e4 vain suosituimman muunnelman, &#8221;Punto Bancon&#8221;, sill\u00e4 se on ylivoimaisesti k\u00e4ytetyin muunnelma, jossa     <\/p>\n\t\t\t\t\t\t\t\t<\/div>\n\t\t\t\t<\/div>\n\t\t\t\t<div class=\"elementor-element elementor-element-4ab8244 elementor-widget elementor-widget-heading\" data-id=\"4ab8244\" data-element_type=\"widget\" data-widget_type=\"heading.default\">\n\t\t\t\t<div class=\"elementor-widget-container\">\n\t\t\t\t\t<h2 class=\"elementor-heading-title elementor-size-default\">Miten pelata baccaratia?<\/h2>\t\t\t\t<\/div>\n\t\t\t\t<\/div>\n\t\t\t\t<\/div>\n\t\t<div class=\"elementor-element elementor-element-2538271 e-con-full e-flex e-con e-parent\" data-id=\"2538271\" data-element_type=\"container\">\n\t\t\t\t<div class=\"elementor-element elementor-element-c07f515 elementor-widget elementor-widget-text-editor\" data-id=\"c07f515\" data-element_type=\"widget\" data-widget_type=\"text-editor.default\">\n\t\t\t\t<div class=\"elementor-widget-container\">\n\t\t\t\t\t\t\t\t\t<p>Se on hyvin tyls\u00e4 pelata online baccarat, koska ett\u00e4 taiteellinen johtaja tekee koko ty\u00f6n viel\u00e4 enemm\u00e4n, joten sinun t\u00e4ytyy p\u00e4\u00e4tt\u00e4\u00e4 kesken\u00e4\u00e4n, kumpi henkil\u00f6 t\u00e4m\u00e4 mestaruus saa koiran t\u00e4st\u00e4 l\u00e4htien, rahoituslaitos tai pelaajat. Tunnisteet ovat pienelt\u00e4 osin harhaanjohtavia, varsinkin kun pelaaja ei ole todellinen baccarat-pelaaja &#8211; pikemminkin virtuaalinen pelaaja. Joten sin\u00e4ns\u00e4 yksi veto baccarat ulos siit\u00e4, onko yksi tai vaihtoehto voittaa reunan. Ainoa ero suhteessa kahteen osapuoleen on se, miss\u00e4 vaiheessa, onko vaihtoehto nostettava vai ei.   <\/p>\n<p>Jotta voit seurata baccaratia, sinun on seurattava, kuinka paljon t\u00e4llainen lippu on arvokas. Asiantuntija on aina numero 1 yhteydess\u00e4 baccarat &#8211; muuten identtinen-blackjack, jossa t\u00e4m\u00e4 asiantuntija voi hyv\u00e4ksy\u00e4 my\u00f6s numero 11. Numero 2 n\u00e4kyy vain silloin, kun 9 baccaratissa; kuitenkin lis\u00e4ksi. . . painettu numero (identtinen blackjackin yhteydess\u00e4). Kuvakortit (j\u00e4tk\u00e4, kuningatar, kuningas) ovat baccaratissa 0 pisteen arvoisia &#8211; blackjackissa t\u00e4llaiset kortit tuottavat joka kerta numeron sivuilla 10.      <\/p>\n\t\t\t\t\t\t\t\t<\/div>\n\t\t\t\t<\/div>\n\t\t\t\t<div class=\"elementor-element elementor-element-e180f40 elementor-widget elementor-widget-heading\" data-id=\"e180f40\" data-element_type=\"widget\" data-widget_type=\"heading.default\">\n\t\t\t\t<div class=\"elementor-widget-container\">\n\t\t\t\t\t<h3 class=\"elementor-heading-title elementor-size-default\">Baccarat todenn\u00e4k\u00f6isyydet ja s\u00e4\u00e4nn\u00f6t:<\/h3>\t\t\t\t<\/div>\n\t\t\t\t<\/div>\n\t\t\t\t<div class=\"elementor-element elementor-element-189f9a7 elementor-widget elementor-widget-text-editor\" data-id=\"189f9a7\" data-element_type=\"widget\" data-widget_type=\"text-editor.default\">\n\t\t\t\t<div class=\"elementor-widget-container\">\n\t\t\t\t\t\t\t\t\t<p>Aloitetaan kertoimista. Todenn\u00e4k\u00f6isyys, ett\u00e4 peli p\u00e4\u00e4ttyy tasapeliin, on 14. 12%. Jos olet oikeassa t\u00e4m\u00e4n vedon kanssa, panoksesi maksetaan 8:1 &#8211; vaikuttava summa, pikemminkin pelaajan vahingoksi, kun taas muilla vedoilla on pitk\u00e4aikainen mahdollisuus voittaa. Kahden muun pelaajan kertoimet ovat noin 50 %, joten pankilla on t\u00e4ss\u00e4 pieni etu. Talon etu baccaratissa taataan vain 5 prosentin komissiolla, jos talo voittaa, muuten peli olisi melko reilu. Suurin voittomahdollisuus on ehdottomasti silloin, kun panostat &#8221;Banco&#8221;-panokseen, koska talon etu laskee t\u00e4ss\u00e4 tapauksessa 1,06 %:iin &#8211; t\u00e4m\u00e4 on yksi kaikkien kolikkopelien parhaista kertoimista.       <\/p>\n<p>Tullaan s\u00e4\u00e4nt\u00f6ihin. Peli alkaa yleens\u00e4 panosten asettamisen j\u00e4lkeen, jolloin kaikki p\u00e4\u00e4t\u00f6kset tehd\u00e4\u00e4n t\u00e4ysin automaattisesti, jotta pelaaja voi seurata kierrosta innolla. Joissakin s\u00e4\u00e4nn\u00f6iss\u00e4 m\u00e4\u00e4ritell\u00e4\u00e4n, milloin mik\u00e4kin pelaaja saa toisen kortin ja milloin ei. Menettely on my\u00f6s hyvin samankaltainen kuin blackjackissa &#8211; ainoa ero on, ett\u00e4 baccaratissa tarvitaan molemmat pelaajat. Koska tasapelin s\u00e4\u00e4nn\u00f6t vaihtelevat hieman baccarat-muunnosten v\u00e4lill\u00e4 eiv\u00e4tk\u00e4 ne ole v\u00e4ltt\u00e4m\u00e4tt\u00f6mi\u00e4 pelin todellisen ymm\u00e4rt\u00e4misen kannalta, j\u00e4t\u00e4mme selitykset toistaiseksi sivuun.    <\/p>\n\t\t\t\t\t\t\t\t<\/div>\n\t\t\t\t<\/div>\n\t\t\t\t<div class=\"elementor-element elementor-element-e0a4023 elementor-widget elementor-widget-heading\" data-id=\"e0a4023\" data-element_type=\"widget\" data-widget_type=\"heading.default\">\n\t\t\t\t<div class=\"elementor-widget-container\">\n\t\t\t\t\t<h3 class=\"elementor-heading-title elementor-size-default\">Baccarat vinkkej\u00e4 aloittelijoille<\/h3>\t\t\t\t<\/div>\n\t\t\t\t<\/div>\n\t\t\t\t<div class=\"elementor-element elementor-element-f5ddc21 elementor-widget elementor-widget-text-editor\" data-id=\"f5ddc21\" data-element_type=\"widget\" data-widget_type=\"text-editor.default\">\n\t\t\t\t<div class=\"elementor-widget-container\">\n\t\t\t\t\t\t\t\t\t<p>Jos olet vasta-alkaja baccarat-peliss\u00e4, l\u00f6yd\u00e4t parhaat vinkit ja niksit t\u00e4\u00e4lt\u00e4 BestCasinoListe. comista. <\/p>\n<p>Ker\u00e4\u00e4t parhaat vinkit ja niksit, kun istut baccarat-p\u00f6yd\u00e4ss\u00e4 ja aluksi laitat pienen minimipanoksen v\u00e4ltty\u00e4ksesi suurilta tappioilta. Kokemuksen kautta voit my\u00f6s kehitt\u00e4\u00e4 tuntumaa baccaratiin. Vinkki meilt\u00e4: \u00c4l\u00e4 panosta tasapeliin, sill\u00e4 silloin voittomahdollisuudet ovat pienimm\u00e4t. Jos katsot vanhoja James Bond -elokuvia, voit my\u00f6s ottaa muutaman vinkin.   <\/p>\n\t\t\t\t\t\t\t\t<\/div>\n\t\t\t\t<\/div>\n\t\t\t\t<div class=\"elementor-element elementor-element-1a432e1 elementor-widget elementor-widget-heading\" data-id=\"1a432e1\" data-element_type=\"widget\" data-widget_type=\"heading.default\">\n\t\t\t\t<div class=\"elementor-widget-container\">\n\t\t\t\t\t<h3 class=\"elementor-heading-title elementor-size-default\">Parhaat baccarat-strategiat:<\/h3>\t\t\t\t<\/div>\n\t\t\t\t<\/div>\n\t\t\t\t<div class=\"elementor-element elementor-element-00a0cfd elementor-widget elementor-widget-text-editor\" data-id=\"00a0cfd\" data-element_type=\"widget\" data-widget_type=\"text-editor.default\">\n\t\t\t\t<div class=\"elementor-widget-container\">\n\t\t\t\t\t\t\t\t\t<p>Baccaratin ik\u00e4 on johtanut mielenkiintoisten strategioiden kehittymiseen ajan my\u00f6t\u00e4; erityisesti baccaratin helppo ymm\u00e4rrett\u00e4vyys ja selke\u00e4t vedonly\u00f6ntimahdollisuudet ovat suosineet sen kehityst\u00e4, koska vedonly\u00f6nti yhdelle kahdesta pelaajasta on l\u00e4hes identtinen 50:50-vedonly\u00f6nnin kanssa, voit k\u00e4ytt\u00e4\u00e4 baccaratissa l\u00e4hes mit\u00e4 tahansa strategiaa.<\/p>\n\t\t\t\t\t\t\t\t<\/div>\n\t\t\t\t<\/div>\n\t\t\t\t<div class=\"elementor-element elementor-element-d7ac299 elementor-widget elementor-widget-heading\" data-id=\"d7ac299\" data-element_type=\"widget\" data-widget_type=\"heading.default\">\n\t\t\t\t<div class=\"elementor-widget-container\">\n\t\t\t\t\t<h3 class=\"elementor-heading-title elementor-size-default\">Baccarat Martingale strategia  <\/h3>\t\t\t\t<\/div>\n\t\t\t\t<\/div>\n\t\t\t\t<div class=\"elementor-element elementor-element-c070242 elementor-widget elementor-widget-text-editor\" data-id=\"c070242\" data-element_type=\"widget\" data-widget_type=\"text-editor.default\">\n\t\t\t\t<div class=\"elementor-widget-container\">\n\t\t\t\t\t\t\t\t\t<p>Martingale-strategian avulla tuplaat panoksesi jokaisella tappiolla. T\u00e4m\u00e4n vaiheittaisen l\u00e4hestymistavan avulla voit saada kaikki menetetyt rahat takaisin kerralla, jos voitat. T\u00e4m\u00e4 j\u00e4rjestelm\u00e4 on luokiteltu keskiturvalliseksi, ja sen haittapuolena on, ett\u00e4 saatat tarvita suuria summia hyvin nopeasti voidaksesi kaksinkertaistaa panoksesi.  <\/p>\n<p><strong>J\u00e4rjestelm\u00e4n sanat:<\/strong><\/p>\n<p>Paroli-j\u00e4rjestelm\u00e4 on suhteellisen samanlainen kuin Martingale-j\u00e4rjestelm\u00e4, sill\u00e4 ratkaisevalla erolla, ett\u00e4 t\u00e4ss\u00e4 tapauksessa kasvatat panostasi, jos voitat, ja jos h\u00e4vi\u00e4t kierroksen, v\u00e4henn\u00e4t panostasi voiton seurauksena, kuten kaksinkertaiset sanat. Voittotavoite ei saisi olla liian korkea, muuten saavutat sen harvoin tai et koskaan. Kolminkertaisen sanan pit\u00e4isi olla yl\u00e4raja maltillisille pelaajille.  <\/p>\n\t\t\t\t\t\t\t\t<\/div>\n\t\t\t\t<\/div>\n\t\t\t\t<div class=\"elementor-element elementor-element-564c748 elementor-widget elementor-widget-heading\" data-id=\"564c748\" data-element_type=\"widget\" data-widget_type=\"heading.default\">\n\t\t\t\t<div class=\"elementor-widget-container\">\n\t\t\t\t\t<h3 class=\"elementor-heading-title elementor-size-default\">Baccarat D'Lamberet -j\u00e4rjestelm\u00e4:<\/h3>\t\t\t\t<\/div>\n\t\t\t\t<\/div>\n\t\t\t\t<div class=\"elementor-element elementor-element-5db5e79 elementor-widget elementor-widget-text-editor\" data-id=\"5db5e79\" data-element_type=\"widget\" data-widget_type=\"text-editor.default\">\n\t\t\t\t<div class=\"elementor-widget-container\">\n\t\t\t\t\t\t\t\t\t<p>Lamberet-j\u00e4rjestelm\u00e4\u00e4 pidet\u00e4\u00e4n yhten\u00e4 turvallisimmista uhkapelij\u00e4rjestelmist\u00e4, mutta se tarkoittaa my\u00f6s sit\u00e4, ett\u00e4 suuria voittoja ei ole mahdollista saada nopeasti. T\u00e4ss\u00e4 j\u00e4rjestelm\u00e4ss\u00e4 muutat panostasi jopa jokaisen kierroksen j\u00e4lkeen. Jos voitat, kasvatat panosta yhdell\u00e4 yksik\u00f6ll\u00e4. Jos h\u00e4vi\u00e4t, v\u00e4henn\u00e4t panosta yhdell\u00e4 yksik\u00f6ll\u00e4, joten saat hyvin tasapainoisen pelikassan ja pysyt peliss\u00e4 mukana pitk\u00e4\u00e4n.   <\/p>\n\t\t\t\t\t\t\t\t<\/div>\n\t\t\t\t<\/div>\n\t\t\t\t<div class=\"elementor-element elementor-element-93e79b3 elementor-widget elementor-widget-text-editor\" data-id=\"93e79b3\" data-element_type=\"widget\" data-widget_type=\"text-editor.default\">\n\t\t\t\t<div class=\"elementor-widget-container\">\n\t\t\t\t\t\t\t\t\t<p><strong>Johtop\u00e4\u00e4t\u00f6kset<\/strong>:<\/p>\n<p>Toivottavasti nautit baccarat-artikkelistamme ja olet nyt ymm\u00e4rt\u00e4nyt pelin perusteet. Luota meihin, yksinkertaisempaa kolikkopeli\u00e4 ei olekaan. Kun siis seuraavan kerran k\u00e4yt pelihuoneessa, uskaltaudu baccarat-p\u00f6yt\u00e4\u00e4n ja hy\u00f6dynn\u00e4 talon minimaalista etua, joka antaa sinulle mahdollisuuden tehd\u00e4 suuria voittoja. Sama p\u00e4tee my\u00f6s nettibakaraattipeliin &#8211; kannattaa kokeilla live-baccaratia netiss\u00e4!   <\/p>\n\t\t\t\t\t\t\t\t<\/div>\n\t\t\t\t<\/div>\n\t\t\t\t<div class=\"elementor-element elementor-element-f5f08ad elementor-button-success elementor-align-center elementor-widget elementor-widget-button\" data-id=\"f5f08ad\" data-element_type=\"widget\" data-widget_type=\"button.default\">\n\t\t\t\t<div class=\"elementor-widget-container\">\n\t\t\t\t\t\t\t\t\t<div class=\"elementor-button-wrapper\">\n\t\t\t\t\t<a class=\"elementor-button elementor-button-link elementor-size-sm\" href=\"#\">\n\t\t\t\t\t\t<span class=\"elementor-button-content-wrapper\">\n\t\t\t\t\t\t\t\t\t<span class=\"elementor-button-text\">Pelaa Baccaratia t\u00e4\u00e4ll\u00e4<\/span>\n\t\t\t\t\t<\/span>\n\t\t\t\t\t<\/a>\n\t\t\t\t<\/div>\n\t\t\t\t\t\t\t\t<\/div>\n\t\t\t\t<\/div>\n\t\t\t\t<div class=\"elementor-element elementor-element-7fe8f30 elementor-headline--style-highlight elementor-widget elementor-widget-animated-headline\" data-id=\"7fe8f30\" data-element_type=\"widget\" data-settings=\"{&quot;highlighted_text&quot;:&quot;Zinkra Casino&quot;,&quot;headline_style&quot;:&quot;highlight&quot;,&quot;marker&quot;:&quot;circle&quot;,&quot;loop&quot;:&quot;yes&quot;,&quot;highlight_animation_duration&quot;:1200,&quot;highlight_iteration_delay&quot;:8000}\" data-widget_type=\"animated-headline.default\">\n\t\t\t\t<div class=\"elementor-widget-container\">\n\t\t\t\t\t\t\t\t<a href=\"https:\/\/zinkra.com\/en\/home\" target=\"_blank\">\n\n\t\t\t\t\t<h3 class=\"elementor-headline\">\n\t\t\t\t\t<span class=\"elementor-headline-plain-text elementor-headline-text-wrapper\">Toimittajat Top Baccarat Casino :  <\/span>\n\t\t\t\t<span class=\"elementor-headline-dynamic-wrapper elementor-headline-text-wrapper\">\n\t\t\t\t\t<span class=\"elementor-headline-dynamic-text elementor-headline-text-active\">Zinkra Casino<\/span>\n\t\t\t\t<\/span>\n\t\t\t\t<\/h3>\n\t\t<\/a>\t\t\t\t<\/div>\n\t\t\t\t<\/div>\n\t\t\t\t<\/div>\n\t\t\t\t<\/div>\n\t\t","protected":false},"excerpt":{"rendered":"<p>Online Baccarat s\u00e4\u00e4nn\u00f6t ja tiedot Pelaa Baccaratia t\u00e4\u00e4ll\u00e4 Online Baccaratin s\u00e4\u00e4nn\u00f6t. T\u00e4m\u00e4 artikkeli esittelee sinulle suositun kolikkopelin Baccarat Online. Uskotaan, ett\u00e4 t\u00e4m\u00e4 peli sai alkunsa 1500-luvulla Napolissa. Siit\u00e4 l\u00e4htien peli on kuitenkin levinnyt ymp\u00e4ri maailmaa, ja se on yksi suosituimmista klassisista kolikkopeleist\u00e4. Etenkin Aasian alueella Baccarat-peli tunnetaan hyvin ja se on yksi pelihallien suosikeista. Suurin [&hellip;]<\/p>\n","protected":false},"author":1,"featured_media":0,"parent":0,"menu_order":0,"comment_status":"closed","ping_status":"closed","template":"","meta":{"footnotes":""},"class_list":["post-4646","page","type-page","status-publish","hentry"],"blocksy_meta":[],"acf":[],"yoast_head":"<!-- This site is optimized with the Yoast SEO plugin v24.1 - https:\/\/yoast.com\/wordpress\/plugins\/seo\/ -->\n<title>Online Baccarat - casinoreturn<\/title>\n<meta name=\"description\" content=\"Online Baccarat on yksi vanhimmista tunnetuista peleist\u00e4, joka on alun perin per\u00e4isin Napolista. Lue t\u00e4\u00e4lt\u00e4, miten Baccaratia pelataan verkossa.\" \/>\n<meta name=\"robots\" content=\"index, follow, max-snippet:-1, max-image-preview:large, max-video-preview:-1\" \/>\n<link rel=\"canonical\" href=\"https:\/\/casinoreturn.com\/fi\/online-baccarat\/\" \/>\n<meta property=\"og:locale\" content=\"fi_FI\" \/>\n<meta property=\"og:type\" content=\"article\" \/>\n<meta property=\"og:title\" content=\"Online Baccarat - casinoreturn\" \/>\n<meta property=\"og:description\" content=\"Online Baccarat on yksi vanhimmista tunnetuista peleist\u00e4, joka on alun perin per\u00e4isin Napolista. Lue t\u00e4\u00e4lt\u00e4, miten Baccaratia pelataan verkossa.\" \/>\n<meta property=\"og:url\" content=\"https:\/\/casinoreturn.com\/fi\/online-baccarat\/\" \/>\n<meta property=\"og:site_name\" content=\"casinoreturn\" \/>\n<meta property=\"article:modified_time\" content=\"2024-12-02T17:59:33+00:00\" \/>\n<meta property=\"og:image\" content=\"https:\/\/casinoreturn.com\/wp-content\/uploads\/2024\/11\/Online-Baccarat.png\" \/>\n\t<meta property=\"og:image:width\" content=\"376\" \/>\n\t<meta property=\"og:image:height\" content=\"250\" \/>\n\t<meta property=\"og:image:type\" content=\"image\/png\" \/>\n<meta name=\"twitter:card\" content=\"summary_large_image\" \/>\n<meta name=\"twitter:label1\" content=\"Arvioitu lukuaika\" \/>\n\t<meta name=\"twitter:data1\" content=\"4 minuuttia\" \/>\n<script type=\"application\/ld+json\" class=\"yoast-schema-graph\">{\"@context\":\"https:\/\/schema.org\",\"@graph\":[{\"@type\":\"WebPage\",\"@id\":\"https:\/\/casinoreturn.com\/fi\/online-baccarat\/\",\"url\":\"https:\/\/casinoreturn.com\/fi\/online-baccarat\/\",\"name\":\"Online Baccarat - casinoreturn\",\"isPartOf\":{\"@id\":\"https:\/\/casinoreturn.com\/#website\"},\"primaryImageOfPage\":{\"@id\":\"https:\/\/casinoreturn.com\/fi\/online-baccarat\/#primaryimage\"},\"image\":{\"@id\":\"https:\/\/casinoreturn.com\/fi\/online-baccarat\/#primaryimage\"},\"thumbnailUrl\":\"https:\/\/casinoreturn.com\/wp-content\/uploads\/2024\/11\/Online-Baccarat.png\",\"datePublished\":\"2024-11-21T14:27:34+00:00\",\"dateModified\":\"2024-12-02T17:59:33+00:00\",\"description\":\"Online Baccarat on yksi vanhimmista tunnetuista peleist\u00e4, joka on alun perin per\u00e4isin Napolista. Lue t\u00e4\u00e4lt\u00e4, miten Baccaratia pelataan verkossa.\",\"breadcrumb\":{\"@id\":\"https:\/\/casinoreturn.com\/fi\/online-baccarat\/#breadcrumb\"},\"inLanguage\":\"fi\",\"potentialAction\":[{\"@type\":\"ReadAction\",\"target\":[\"https:\/\/casinoreturn.com\/fi\/online-baccarat\/\"]}]},{\"@type\":\"ImageObject\",\"inLanguage\":\"fi\",\"@id\":\"https:\/\/casinoreturn.com\/fi\/online-baccarat\/#primaryimage\",\"url\":\"https:\/\/casinoreturn.com\/wp-content\/uploads\/2024\/11\/Online-Baccarat.png\",\"contentUrl\":\"https:\/\/casinoreturn.com\/wp-content\/uploads\/2024\/11\/Online-Baccarat.png\"},{\"@type\":\"BreadcrumbList\",\"@id\":\"https:\/\/casinoreturn.com\/fi\/online-baccarat\/#breadcrumb\",\"itemListElement\":[{\"@type\":\"ListItem\",\"position\":1,\"name\":\"Home\",\"item\":\"https:\/\/casinoreturn.com\/fi\/home\/\"},{\"@type\":\"ListItem\",\"position\":2,\"name\":\"Online Baccarat\"}]},{\"@type\":\"WebSite\",\"@id\":\"https:\/\/casinoreturn.com\/#website\",\"url\":\"https:\/\/casinoreturn.com\/\",\"name\":\"casinoreturn\",\"description\":\"\",\"publisher\":{\"@id\":\"https:\/\/casinoreturn.com\/#organization\"},\"potentialAction\":[{\"@type\":\"SearchAction\",\"target\":{\"@type\":\"EntryPoint\",\"urlTemplate\":\"https:\/\/casinoreturn.com\/?s={search_term_string}\"},\"query-input\":{\"@type\":\"PropertyValueSpecification\",\"valueRequired\":true,\"valueName\":\"search_term_string\"}}],\"inLanguage\":\"fi\"},{\"@type\":\"Organization\",\"@id\":\"https:\/\/casinoreturn.com\/#organization\",\"name\":\"casinoreturn\",\"url\":\"https:\/\/casinoreturn.com\/\",\"logo\":{\"@type\":\"ImageObject\",\"inLanguage\":\"fi\",\"@id\":\"https:\/\/casinoreturn.com\/#\/schema\/logo\/image\/\",\"url\":\"https:\/\/casinoreturn.com\/wp-content\/uploads\/2024\/09\/animal-favicon.png\",\"contentUrl\":\"https:\/\/casinoreturn.com\/wp-content\/uploads\/2024\/09\/animal-favicon.png\",\"width\":92,\"height\":92,\"caption\":\"casinoreturn\"},\"image\":{\"@id\":\"https:\/\/casinoreturn.com\/#\/schema\/logo\/image\/\"}}]}<\/script>\n<!-- \/ Yoast SEO plugin. -->","yoast_head_json":{"title":"Online Baccarat - casinoreturn","description":"Online Baccarat on yksi vanhimmista tunnetuista peleist\u00e4, joka on alun perin per\u00e4isin Napolista. Lue t\u00e4\u00e4lt\u00e4, miten Baccaratia pelataan verkossa.","robots":{"index":"index","follow":"follow","max-snippet":"max-snippet:-1","max-image-preview":"max-image-preview:large","max-video-preview":"max-video-preview:-1"},"canonical":"https:\/\/casinoreturn.com\/fi\/online-baccarat\/","og_locale":"fi_FI","og_type":"article","og_title":"Online Baccarat - casinoreturn","og_description":"Online Baccarat on yksi vanhimmista tunnetuista peleist\u00e4, joka on alun perin per\u00e4isin Napolista. Lue t\u00e4\u00e4lt\u00e4, miten Baccaratia pelataan verkossa.","og_url":"https:\/\/casinoreturn.com\/fi\/online-baccarat\/","og_site_name":"casinoreturn","article_modified_time":"2024-12-02T17:59:33+00:00","og_image":[{"width":376,"height":250,"url":"https:\/\/casinoreturn.com\/wp-content\/uploads\/2024\/11\/Online-Baccarat.png","type":"image\/png"}],"twitter_card":"summary_large_image","twitter_misc":{"Arvioitu lukuaika":"4 minuuttia"},"schema":{"@context":"https:\/\/schema.org","@graph":[{"@type":"WebPage","@id":"https:\/\/casinoreturn.com\/fi\/online-baccarat\/","url":"https:\/\/casinoreturn.com\/fi\/online-baccarat\/","name":"Online Baccarat - casinoreturn","isPartOf":{"@id":"https:\/\/casinoreturn.com\/#website"},"primaryImageOfPage":{"@id":"https:\/\/casinoreturn.com\/fi\/online-baccarat\/#primaryimage"},"image":{"@id":"https:\/\/casinoreturn.com\/fi\/online-baccarat\/#primaryimage"},"thumbnailUrl":"https:\/\/casinoreturn.com\/wp-content\/uploads\/2024\/11\/Online-Baccarat.png","datePublished":"2024-11-21T14:27:34+00:00","dateModified":"2024-12-02T17:59:33+00:00","description":"Online Baccarat on yksi vanhimmista tunnetuista peleist\u00e4, joka on alun perin per\u00e4isin Napolista. Lue t\u00e4\u00e4lt\u00e4, miten Baccaratia pelataan verkossa.","breadcrumb":{"@id":"https:\/\/casinoreturn.com\/fi\/online-baccarat\/#breadcrumb"},"inLanguage":"fi","potentialAction":[{"@type":"ReadAction","target":["https:\/\/casinoreturn.com\/fi\/online-baccarat\/"]}]},{"@type":"ImageObject","inLanguage":"fi","@id":"https:\/\/casinoreturn.com\/fi\/online-baccarat\/#primaryimage","url":"https:\/\/casinoreturn.com\/wp-content\/uploads\/2024\/11\/Online-Baccarat.png","contentUrl":"https:\/\/casinoreturn.com\/wp-content\/uploads\/2024\/11\/Online-Baccarat.png"},{"@type":"BreadcrumbList","@id":"https:\/\/casinoreturn.com\/fi\/online-baccarat\/#breadcrumb","itemListElement":[{"@type":"ListItem","position":1,"name":"Home","item":"https:\/\/casinoreturn.com\/fi\/home\/"},{"@type":"ListItem","position":2,"name":"Online Baccarat"}]},{"@type":"WebSite","@id":"https:\/\/casinoreturn.com\/#website","url":"https:\/\/casinoreturn.com\/","name":"casinoreturn","description":"","publisher":{"@id":"https:\/\/casinoreturn.com\/#organization"},"potentialAction":[{"@type":"SearchAction","target":{"@type":"EntryPoint","urlTemplate":"https:\/\/casinoreturn.com\/?s={search_term_string}"},"query-input":{"@type":"PropertyValueSpecification","valueRequired":true,"valueName":"search_term_string"}}],"inLanguage":"fi"},{"@type":"Organization","@id":"https:\/\/casinoreturn.com\/#organization","name":"casinoreturn","url":"https:\/\/casinoreturn.com\/","logo":{"@type":"ImageObject","inLanguage":"fi","@id":"https:\/\/casinoreturn.com\/#\/schema\/logo\/image\/","url":"https:\/\/casinoreturn.com\/wp-content\/uploads\/2024\/09\/animal-favicon.png","contentUrl":"https:\/\/casinoreturn.com\/wp-content\/uploads\/2024\/09\/animal-favicon.png","width":92,"height":92,"caption":"casinoreturn"},"image":{"@id":"https:\/\/casinoreturn.com\/#\/schema\/logo\/image\/"}}]}},"_links":{"self":[{"href":"https:\/\/casinoreturn.com\/fi\/wp-json\/wp\/v2\/pages\/4646","targetHints":{"allow":["GET"]}}],"collection":[{"href":"https:\/\/casinoreturn.com\/fi\/wp-json\/wp\/v2\/pages"}],"about":[{"href":"https:\/\/casinoreturn.com\/fi\/wp-json\/wp\/v2\/types\/page"}],"author":[{"embeddable":true,"href":"https:\/\/casinoreturn.com\/fi\/wp-json\/wp\/v2\/users\/1"}],"replies":[{"embeddable":true,"href":"https:\/\/casinoreturn.com\/fi\/wp-json\/wp\/v2\/comments?post=4646"}],"version-history":[{"count":1,"href":"https:\/\/casinoreturn.com\/fi\/wp-json\/wp\/v2\/pages\/4646\/revisions"}],"predecessor-version":[{"id":4647,"href":"https:\/\/casinoreturn.com\/fi\/wp-json\/wp\/v2\/pages\/4646\/revisions\/4647"}],"wp:attachment":[{"href":"https:\/\/casinoreturn.com\/fi\/wp-json\/wp\/v2\/media?parent=4646"}],"curies":[{"name":"wp","href":"https:\/\/api.w.org\/{rel}","templated":true}]}}