{"id":4960,"date":"2024-11-13T14:22:59","date_gmt":"2024-11-13T14:22:59","guid":{"rendered":"https:\/\/casinoreturn.com\/fantasy-football-vedonlyonti-kasinot\/"},"modified":"2025-03-14T11:22:53","modified_gmt":"2025-03-14T11:22:53","slug":"fantasy-football-vedonlyonti-kasinot","status":"publish","type":"page","link":"https:\/\/casinoreturn.com\/fi\/fantasy-football-vedonlyonti-kasinot\/","title":{"rendered":"Fantasy Football vedonly\u00f6nti kasinot"},"content":{"rendered":"\t\t<div data-elementor-type=\"wp-page\" data-elementor-id=\"4960\" class=\"elementor elementor-4960\" data-elementor-post-type=\"page\">\n\t\t\t\t<div class=\"elementor-element elementor-element-642d999 e-con-full e-flex e-con e-parent\" data-id=\"642d999\" data-element_type=\"container\">\n\t\t\t\t<div class=\"elementor-element elementor-element-d027b58 elementor-widget elementor-widget-image\" data-id=\"d027b58\" data-element_type=\"widget\" data-widget_type=\"image.default\">\n\t\t\t\t<div class=\"elementor-widget-container\">\n\t\t\t\t\t\t\t\t\t\t\t\t\t\t\t<img decoding=\"async\" src=\"https:\/\/casinoreturn.com\/wp-content\/uploads\/elementor\/thumbs\/Fantasy-Football-Casino-qx0213mld26kmw2y2bvw2cqpmcar1kh6oms60z1sr4.jpg\" title=\"Fantasy Football Casino\" alt=\"Fantasy Football Casino Betting\" loading=\"lazy\" \/>\t\t\t\t\t\t\t\t\t\t\t\t\t\t\t<\/div>\n\t\t\t\t<\/div>\n\t\t\t\t<div class=\"elementor-element elementor-element-1095682 elementor-widget elementor-widget-heading\" data-id=\"1095682\" data-element_type=\"widget\" data-widget_type=\"heading.default\">\n\t\t\t\t<div class=\"elementor-widget-container\">\n\t\t\t\t\t<h2 class=\"elementor-heading-title elementor-size-default\">Fantasy Football Casino vedonly\u00f6nti<\/h2>\t\t\t\t<\/div>\n\t\t\t\t<\/div>\n\t\t\t\t<div class=\"elementor-element elementor-element-77d5a60 elementor-widget elementor-widget-text-editor\" data-id=\"77d5a60\" data-element_type=\"widget\" data-widget_type=\"text-editor.default\">\n\t\t\t\t<div class=\"elementor-widget-container\">\n\t\t\t\t\t\t\t\t\t<h3>Mit\u00e4 fantasiajalkapallo on?<\/h3>\n<p>Mit\u00e4 fantasiajalkapallo tarkalleen ottaen on? N\u00e4in sinusta voi tulla jalkapallojoukkueesi toimitusjohtaja, jossa sin\u00e4 &#8211; ja vain sin\u00e4 &#8211; p\u00e4\u00e4t\u00e4t haluamistasi pelaajista. <\/p>\n<h5>Omien pelaajien valinta<\/h5>\n<p>Valitset joukkueellesi luettelon NFL-pelaajista ja k\u00e4yt\u00e4t heid\u00e4n todellisia tietojaan kilpaillaksesi muiden vastaavalla tavalla valittujen joukkueiden kanssa ja selvitt\u00e4\u00e4ksesi, mik\u00e4 pomo menestyy paremmin. Jalkapallokauden jokaisella viikolla aloituskokoonpanoon asettamiesi pelaajien suorituskyky ratkaisee fantasiajoukkueesi menestyksen tai ep\u00e4onnistumisen. <\/p>\n<h5>Vaihda pelaajasi<\/h5>\n<p>Voit valita vaihtopelaajia, jotka istuvat penkill\u00e4, tehd\u00e4 t\u00f6it\u00e4 vapaalla linjalla saadaksesi kuumia osia tai yritt\u00e4\u00e4 p\u00e4\u00e4st\u00e4 eroon ik\u00e4\u00e4ntyv\u00e4st\u00e4 veteraanista ennen kuin py\u00f6r\u00e4 putoaa vaihdossa tulossa olevaan tulokkaaseen. Kun olet rekister\u00f6itynyt verkkopelikirjastoon, valitse ensin suosikkiliigasi, eik\u00e4 ensimm\u00e4inen panostuksesi Fantasy Footballissa ole en\u00e4\u00e4 tiell\u00e4! Liigaa valitessasi kannattaa ottaa huomioon my\u00f6s seuraavat seikat:  <\/p>\n<h4>Huomioon otettavia asioita fantasiajalkapallossa<\/h4>\n<p>Liigoja on kaikenkokoisia, ja voit valita, osallistutko vain nelj\u00e4n joukkueen vai jopa 30 joukkueen peliin. Mit\u00e4 v\u00e4hemm\u00e4n omistajia, sit\u00e4 enemm\u00e4n supert\u00e4hti\u00e4 kussakin joukkueessa. Jos liigassasi on kuitenkin liian monta joukkuetta ja haluat j\u00e4rjest\u00e4\u00e4 pelaajaluettelon kerran viikossa, sinun on ehk\u00e4 tiedett\u00e4v\u00e4 nelj\u00e4nnen rivin l\u00e4hipelaajan nimi. T\u00e4m\u00e4 voi olla pureskeltavampi kuin tavalliset fanit.   <\/p>\n<h5>12 joukkueen liiga<\/h5>\n<p>Minulle 12 on t\u00e4ydellinen koko fantasiajalkapalloliigalle. N\u00e4in jokaisessa joukkueessa on lopulta hyv\u00e4 sekoitus lahjakkuuksia; jokaisella joukkueella ei ole vain useita pelaajia, vaan omistaja joutuu my\u00f6s kurkistamaan syvemm\u00e4lle pelaajapooliin t\u00e4ydent\u00e4\u00e4kseen pelaajalistaa. Todenn\u00e4k\u00f6isesti hyvi\u00e4 pelaajia kuitenkin l\u00f6ytyy, jos kaikki pelaajalistat t\u00e4ytet\u00e4\u00e4n. Joten kun kausi on t\u00e4ydess\u00e4 vauhdissa, pomot voivat parantaa aluettaan.   <\/p>\n\t\t\t\t\t\t\t\t<\/div>\n\t\t\t\t<\/div>\n\t\t\t\t<div class=\"elementor-element elementor-element-b8c877b elementor-widget elementor-widget-heading\" data-id=\"b8c877b\" data-element_type=\"widget\" data-widget_type=\"heading.default\">\n\t\t\t\t<div class=\"elementor-widget-container\">\n\t\t\t\t\t<h3 class=\"elementor-heading-title elementor-size-default\">Miten ly\u00f6d\u00e4 vetoa Fantasy Footballissa?<\/h3>\t\t\t\t<\/div>\n\t\t\t\t<\/div>\n\t\t\t\t<div class=\"elementor-element elementor-element-65d3835 elementor-widget elementor-widget-text-editor\" data-id=\"65d3835\" data-element_type=\"widget\" data-widget_type=\"text-editor.default\">\n\t\t\t\t<div class=\"elementor-widget-container\">\n\t\t\t\t\t\t\t\t\t<p>Seuraavassa artikkelissa k\u00e4sittelemme kysymyst\u00e4 siit\u00e4, miten fantasiajalkapallo toimii tai &#8221;Miten NFL Fantasy Football toimii&#8221;? Tai &#8221;Miten Fantasy Football Draft toimii&#8221;? Lis\u00e4ksi tutkimme kysymyst\u00e4 siit\u00e4, miss\u00e4 m\u00e4\u00e4rin fantasia-omistaja on sitoutunut tiettyyn pelaajaan.  <\/p>\n<h5>Miten NFL Fantasy Draft toimii?<\/h5>\n<p>Useimmissa liigoissa valitaan drafti, jossa pomo valitsee vuorotellen pelaajia, joita ei ole viel\u00e4 nimetty joukkueeseen. Tyypillisesti suunnittelu tapahtuu jonossa, jossa joukkue \u00e4\u00e4nest\u00e4\u00e4 ensin yhdell\u00e4 kierroksella ja viimeisen\u00e4 seuraavalla kierroksella joukkueen tasapainon varmistamiseksi. Toinen levitt\u00e4mistapa on huutokauppa.  <\/p>\n<h5>Mit\u00e4 tapahtuu joukkueen pelaajien huutokaupassa?<\/h5>\n<p>Huutokauppamuodossa kaikki joukkueet aloittavat samalla m\u00e4\u00e4r\u00e4ll\u00e4 fantasiarahaa ja nime\u00e4v\u00e4t sitten yhden pelaajan. Korkeimman tarjouksen tietyst\u00e4 pelaajasta tehnyt pelaaja voittaa, mutta voittajalla on nyt tietenkin v\u00e4hemm\u00e4n rahaa k\u00e4ytett\u00e4viss\u00e4\u00e4n seuraaviin pelaajiin. Joten vaikka huutokauppa antaa jokaiselle pomolle mahdollisuuden huolehtia haluamistaan pelaajista, jokaisen pomon on kiinnitett\u00e4v\u00e4 huomiota j\u00e4rkev\u00e4\u00e4n budjettiin, muuten h\u00e4nell\u00e4 voi olla kolmen ehdokkaan vieress\u00e4 kasa &#8221;puskista&#8221;. &#8221;  <\/p>\n\t\t\t\t\t\t\t\t<\/div>\n\t\t\t\t<\/div>\n\t\t\t\t<div class=\"elementor-element elementor-element-f39cfac elementor-widget elementor-widget-image\" data-id=\"f39cfac\" data-element_type=\"widget\" data-widget_type=\"image.default\">\n\t\t\t\t<div class=\"elementor-widget-container\">\n\t\t\t\t\t\t\t\t\t\t\t\t\t\t\t<img decoding=\"async\" src=\"https:\/\/casinoreturn.com\/wp-content\/uploads\/elementor\/thumbs\/Fantasy-Football-Betting-qx02bndcu9ujrxxwe1uggpwkyijm1f47ij8zsbghxs.jpg\" title=\"Fantasy Football Betting\" alt=\"Fantasy Football Betting\" loading=\"lazy\" \/>\t\t\t\t\t\t\t\t\t\t\t\t\t\t\t<\/div>\n\t\t\t\t<\/div>\n\t\t\t\t<div class=\"elementor-element elementor-element-9a86ccb elementor-widget elementor-widget-heading\" data-id=\"9a86ccb\" data-element_type=\"widget\" data-widget_type=\"heading.default\">\n\t\t\t\t<div class=\"elementor-widget-container\">\n\t\t\t\t\t<h3 class=\"elementor-heading-title elementor-size-default\">Parhaat vedonly\u00f6ntivihjeet fantasiajalkapalloon:<\/h3>\t\t\t\t<\/div>\n\t\t\t\t<\/div>\n\t\t\t\t<div class=\"elementor-element elementor-element-74ad2b2 elementor-widget elementor-widget-text-editor\" data-id=\"74ad2b2\" data-element_type=\"widget\" data-widget_type=\"text-editor.default\">\n\t\t\t\t<div class=\"elementor-widget-container\">\n\t\t\t\t\t\t\t\t\t<p>Joissakin liigoissa on uusi draft jokaisen kauden alussa. Toisissa taas omistajat voivat pit\u00e4\u00e4 pelaajia joukkueissaan useita kausia. <\/p>\n<h5>P\u00e4\u00e4t\u00f6ksen aika Fantasy Foofballissa<\/h5>\n<p>P\u00e4\u00e4t\u00f6s olisi kuitenkin teht\u00e4v\u00e4 mahdollisimman aikaisessa vaiheessa, sill\u00e4 silloin tiedet\u00e4\u00e4n, pysyyk\u00f6 pelaaja joukkueessa pitk\u00e4\u00e4n vai lyhyeen. Riippumatta siit\u00e4, mink\u00e4 menetelm\u00e4n lopulta valitset, sinun pit\u00e4isi yleens\u00e4 saada k\u00e4sitys siit\u00e4, milt\u00e4 draft n\u00e4ytt\u00e4\u00e4 ja miten se toimii, ja parhaiten ennen sen aloittamista. <\/p>\n\t\t\t\t\t\t\t\t<\/div>\n\t\t\t\t<\/div>\n\t\t\t\t<div class=\"elementor-element elementor-element-f389443 elementor-widget elementor-widget-heading\" data-id=\"f389443\" data-element_type=\"widget\" data-widget_type=\"heading.default\">\n\t\t\t\t<div class=\"elementor-widget-container\">\n\t\t\t\t\t<h3 class=\"elementor-heading-title elementor-size-default\">Parhaat vedonly\u00f6ntikasinot Fantasy Footballille?<\/h3>\t\t\t\t<\/div>\n\t\t\t\t<\/div>\n\t\t\t\t<div class=\"elementor-element elementor-element-44ba9f8 elementor-widget elementor-widget-text-editor\" data-id=\"44ba9f8\" data-element_type=\"widget\" data-widget_type=\"text-editor.default\">\n\t\t\t\t<div class=\"elementor-widget-container\">\n\t\t\t\t\t\t\t\t\t<ul>\n<li>Lorem ipsum dolor sit amet, consectetur adipiscing elit. Ut elit tellus, luctus nec ullamcorper mattis, pulvinar dapibus leo. <\/li>\n<\/ul>\n\t\t\t\t\t\t\t\t<\/div>\n\t\t\t\t<\/div>\n\t\t\t\t<\/div>\n\t\t\t\t<\/div>\n\t\t","protected":false},"excerpt":{"rendered":"<p>Fantasy Football Casino vedonly\u00f6nti Mit\u00e4 fantasiajalkapallo on? Mit\u00e4 fantasiajalkapallo tarkalleen ottaen on? N\u00e4in sinusta voi tulla jalkapallojoukkueesi toimitusjohtaja, jossa sin\u00e4 &#8211; ja vain sin\u00e4 &#8211; p\u00e4\u00e4t\u00e4t haluamistasi pelaajista. Omien pelaajien valinta Valitset joukkueellesi luettelon NFL-pelaajista ja k\u00e4yt\u00e4t heid\u00e4n todellisia tietojaan kilpaillaksesi muiden vastaavalla tavalla valittujen joukkueiden kanssa ja selvitt\u00e4\u00e4ksesi, mik\u00e4 pomo menestyy paremmin. Jalkapallokauden jokaisella [&hellip;]<\/p>\n","protected":false},"author":1,"featured_media":0,"parent":0,"menu_order":0,"comment_status":"closed","ping_status":"closed","template":"","meta":{"footnotes":""},"class_list":["post-4960","page","type-page","status-publish","hentry"],"blocksy_meta":[],"acf":[],"yoast_head":"<!-- This site is optimized with the Yoast SEO plugin v24.1 - https:\/\/yoast.com\/wordpress\/plugins\/seo\/ -->\n<title>Fantasy Football vedonly\u00f6nti kasinot - casinoreturn<\/title>\n<meta name=\"description\" content=\"Fantasiajalkapallo-vedonly\u00f6ntikasinot eiv\u00e4t ole yleisimpi\u00e4. Mukaan l\u00e4hteminen ja tulosten vaihtaminen ja niist\u00e4 puhuminen on pelaajille avainasemassa.\" \/>\n<meta name=\"robots\" content=\"index, follow, max-snippet:-1, max-image-preview:large, max-video-preview:-1\" \/>\n<link rel=\"canonical\" href=\"https:\/\/casinoreturn.com\/fi\/fantasy-football-vedonlyonti-kasinot\/\" \/>\n<meta property=\"og:locale\" content=\"fi_FI\" \/>\n<meta property=\"og:type\" content=\"article\" \/>\n<meta property=\"og:title\" content=\"Fantasy Football vedonly\u00f6nti kasinot - casinoreturn\" \/>\n<meta property=\"og:description\" content=\"Fantasiajalkapallo-vedonly\u00f6ntikasinot eiv\u00e4t ole yleisimpi\u00e4. Mukaan l\u00e4hteminen ja tulosten vaihtaminen ja niist\u00e4 puhuminen on pelaajille avainasemassa.\" \/>\n<meta property=\"og:url\" content=\"https:\/\/casinoreturn.com\/fi\/fantasy-football-vedonlyonti-kasinot\/\" \/>\n<meta property=\"og:site_name\" content=\"casinoreturn\" \/>\n<meta property=\"article:modified_time\" content=\"2025-03-14T11:22:53+00:00\" \/>\n<meta property=\"og:image\" content=\"https:\/\/casinoreturn.com\/wp-content\/uploads\/elementor\/thumbs\/Fantasy-Football-Casino-qx0213mld26kmw2y2bvw2cqpmcar1kh6oms60z1sr4.jpg\" \/>\n<meta name=\"twitter:card\" content=\"summary_large_image\" \/>\n<meta name=\"twitter:label1\" content=\"Arvioitu lukuaika\" \/>\n\t<meta name=\"twitter:data1\" content=\"3 minuuttia\" \/>\n<script type=\"application\/ld+json\" class=\"yoast-schema-graph\">{\"@context\":\"https:\/\/schema.org\",\"@graph\":[{\"@type\":\"WebPage\",\"@id\":\"https:\/\/casinoreturn.com\/fi\/fantasy-football-vedonlyonti-kasinot\/\",\"url\":\"https:\/\/casinoreturn.com\/fi\/fantasy-football-vedonlyonti-kasinot\/\",\"name\":\"Fantasy Football vedonly\u00f6nti kasinot - casinoreturn\",\"isPartOf\":{\"@id\":\"https:\/\/casinoreturn.com\/#website\"},\"primaryImageOfPage\":{\"@id\":\"https:\/\/casinoreturn.com\/fi\/fantasy-football-vedonlyonti-kasinot\/#primaryimage\"},\"image\":{\"@id\":\"https:\/\/casinoreturn.com\/fi\/fantasy-football-vedonlyonti-kasinot\/#primaryimage\"},\"thumbnailUrl\":\"https:\/\/casinoreturn.com\/wp-content\/uploads\/elementor\/thumbs\/Fantasy-Football-Casino-qx0213mld26kmw2y2bvw2cqpmcar1kh6oms60z1sr4.jpg\",\"datePublished\":\"2024-11-13T14:22:59+00:00\",\"dateModified\":\"2025-03-14T11:22:53+00:00\",\"description\":\"Fantasiajalkapallo-vedonly\u00f6ntikasinot eiv\u00e4t ole yleisimpi\u00e4. Mukaan l\u00e4hteminen ja tulosten vaihtaminen ja niist\u00e4 puhuminen on pelaajille avainasemassa.\",\"breadcrumb\":{\"@id\":\"https:\/\/casinoreturn.com\/fi\/fantasy-football-vedonlyonti-kasinot\/#breadcrumb\"},\"inLanguage\":\"fi\",\"potentialAction\":[{\"@type\":\"ReadAction\",\"target\":[\"https:\/\/casinoreturn.com\/fi\/fantasy-football-vedonlyonti-kasinot\/\"]}]},{\"@type\":\"ImageObject\",\"inLanguage\":\"fi\",\"@id\":\"https:\/\/casinoreturn.com\/fi\/fantasy-football-vedonlyonti-kasinot\/#primaryimage\",\"url\":\"https:\/\/casinoreturn.com\/wp-content\/uploads\/elementor\/thumbs\/Fantasy-Football-Casino-qx0213mld26kmw2y2bvw2cqpmcar1kh6oms60z1sr4.jpg\",\"contentUrl\":\"https:\/\/casinoreturn.com\/wp-content\/uploads\/elementor\/thumbs\/Fantasy-Football-Casino-qx0213mld26kmw2y2bvw2cqpmcar1kh6oms60z1sr4.jpg\"},{\"@type\":\"BreadcrumbList\",\"@id\":\"https:\/\/casinoreturn.com\/fi\/fantasy-football-vedonlyonti-kasinot\/#breadcrumb\",\"itemListElement\":[{\"@type\":\"ListItem\",\"position\":1,\"name\":\"Home\",\"item\":\"https:\/\/casinoreturn.com\/fi\/home\/\"},{\"@type\":\"ListItem\",\"position\":2,\"name\":\"Fantasy Football vedonly\u00f6nti kasinot\"}]},{\"@type\":\"WebSite\",\"@id\":\"https:\/\/casinoreturn.com\/#website\",\"url\":\"https:\/\/casinoreturn.com\/\",\"name\":\"casinoreturn\",\"description\":\"\",\"publisher\":{\"@id\":\"https:\/\/casinoreturn.com\/#organization\"},\"potentialAction\":[{\"@type\":\"SearchAction\",\"target\":{\"@type\":\"EntryPoint\",\"urlTemplate\":\"https:\/\/casinoreturn.com\/?s={search_term_string}\"},\"query-input\":{\"@type\":\"PropertyValueSpecification\",\"valueRequired\":true,\"valueName\":\"search_term_string\"}}],\"inLanguage\":\"fi\"},{\"@type\":\"Organization\",\"@id\":\"https:\/\/casinoreturn.com\/#organization\",\"name\":\"casinoreturn\",\"url\":\"https:\/\/casinoreturn.com\/\",\"logo\":{\"@type\":\"ImageObject\",\"inLanguage\":\"fi\",\"@id\":\"https:\/\/casinoreturn.com\/#\/schema\/logo\/image\/\",\"url\":\"https:\/\/casinoreturn.com\/wp-content\/uploads\/2024\/09\/animal-favicon.png\",\"contentUrl\":\"https:\/\/casinoreturn.com\/wp-content\/uploads\/2024\/09\/animal-favicon.png\",\"width\":92,\"height\":92,\"caption\":\"casinoreturn\"},\"image\":{\"@id\":\"https:\/\/casinoreturn.com\/#\/schema\/logo\/image\/\"}}]}<\/script>\n<!-- \/ Yoast SEO plugin. -->","yoast_head_json":{"title":"Fantasy Football vedonly\u00f6nti kasinot - casinoreturn","description":"Fantasiajalkapallo-vedonly\u00f6ntikasinot eiv\u00e4t ole yleisimpi\u00e4. Mukaan l\u00e4hteminen ja tulosten vaihtaminen ja niist\u00e4 puhuminen on pelaajille avainasemassa.","robots":{"index":"index","follow":"follow","max-snippet":"max-snippet:-1","max-image-preview":"max-image-preview:large","max-video-preview":"max-video-preview:-1"},"canonical":"https:\/\/casinoreturn.com\/fi\/fantasy-football-vedonlyonti-kasinot\/","og_locale":"fi_FI","og_type":"article","og_title":"Fantasy Football vedonly\u00f6nti kasinot - casinoreturn","og_description":"Fantasiajalkapallo-vedonly\u00f6ntikasinot eiv\u00e4t ole yleisimpi\u00e4. Mukaan l\u00e4hteminen ja tulosten vaihtaminen ja niist\u00e4 puhuminen on pelaajille avainasemassa.","og_url":"https:\/\/casinoreturn.com\/fi\/fantasy-football-vedonlyonti-kasinot\/","og_site_name":"casinoreturn","article_modified_time":"2025-03-14T11:22:53+00:00","og_image":[{"url":"https:\/\/casinoreturn.com\/wp-content\/uploads\/elementor\/thumbs\/Fantasy-Football-Casino-qx0213mld26kmw2y2bvw2cqpmcar1kh6oms60z1sr4.jpg","type":"","width":"","height":""}],"twitter_card":"summary_large_image","twitter_misc":{"Arvioitu lukuaika":"3 minuuttia"},"schema":{"@context":"https:\/\/schema.org","@graph":[{"@type":"WebPage","@id":"https:\/\/casinoreturn.com\/fi\/fantasy-football-vedonlyonti-kasinot\/","url":"https:\/\/casinoreturn.com\/fi\/fantasy-football-vedonlyonti-kasinot\/","name":"Fantasy Football vedonly\u00f6nti kasinot - casinoreturn","isPartOf":{"@id":"https:\/\/casinoreturn.com\/#website"},"primaryImageOfPage":{"@id":"https:\/\/casinoreturn.com\/fi\/fantasy-football-vedonlyonti-kasinot\/#primaryimage"},"image":{"@id":"https:\/\/casinoreturn.com\/fi\/fantasy-football-vedonlyonti-kasinot\/#primaryimage"},"thumbnailUrl":"https:\/\/casinoreturn.com\/wp-content\/uploads\/elementor\/thumbs\/Fantasy-Football-Casino-qx0213mld26kmw2y2bvw2cqpmcar1kh6oms60z1sr4.jpg","datePublished":"2024-11-13T14:22:59+00:00","dateModified":"2025-03-14T11:22:53+00:00","description":"Fantasiajalkapallo-vedonly\u00f6ntikasinot eiv\u00e4t ole yleisimpi\u00e4. Mukaan l\u00e4hteminen ja tulosten vaihtaminen ja niist\u00e4 puhuminen on pelaajille avainasemassa.","breadcrumb":{"@id":"https:\/\/casinoreturn.com\/fi\/fantasy-football-vedonlyonti-kasinot\/#breadcrumb"},"inLanguage":"fi","potentialAction":[{"@type":"ReadAction","target":["https:\/\/casinoreturn.com\/fi\/fantasy-football-vedonlyonti-kasinot\/"]}]},{"@type":"ImageObject","inLanguage":"fi","@id":"https:\/\/casinoreturn.com\/fi\/fantasy-football-vedonlyonti-kasinot\/#primaryimage","url":"https:\/\/casinoreturn.com\/wp-content\/uploads\/elementor\/thumbs\/Fantasy-Football-Casino-qx0213mld26kmw2y2bvw2cqpmcar1kh6oms60z1sr4.jpg","contentUrl":"https:\/\/casinoreturn.com\/wp-content\/uploads\/elementor\/thumbs\/Fantasy-Football-Casino-qx0213mld26kmw2y2bvw2cqpmcar1kh6oms60z1sr4.jpg"},{"@type":"BreadcrumbList","@id":"https:\/\/casinoreturn.com\/fi\/fantasy-football-vedonlyonti-kasinot\/#breadcrumb","itemListElement":[{"@type":"ListItem","position":1,"name":"Home","item":"https:\/\/casinoreturn.com\/fi\/home\/"},{"@type":"ListItem","position":2,"name":"Fantasy Football vedonly\u00f6nti kasinot"}]},{"@type":"WebSite","@id":"https:\/\/casinoreturn.com\/#website","url":"https:\/\/casinoreturn.com\/","name":"casinoreturn","description":"","publisher":{"@id":"https:\/\/casinoreturn.com\/#organization"},"potentialAction":[{"@type":"SearchAction","target":{"@type":"EntryPoint","urlTemplate":"https:\/\/casinoreturn.com\/?s={search_term_string}"},"query-input":{"@type":"PropertyValueSpecification","valueRequired":true,"valueName":"search_term_string"}}],"inLanguage":"fi"},{"@type":"Organization","@id":"https:\/\/casinoreturn.com\/#organization","name":"casinoreturn","url":"https:\/\/casinoreturn.com\/","logo":{"@type":"ImageObject","inLanguage":"fi","@id":"https:\/\/casinoreturn.com\/#\/schema\/logo\/image\/","url":"https:\/\/casinoreturn.com\/wp-content\/uploads\/2024\/09\/animal-favicon.png","contentUrl":"https:\/\/casinoreturn.com\/wp-content\/uploads\/2024\/09\/animal-favicon.png","width":92,"height":92,"caption":"casinoreturn"},"image":{"@id":"https:\/\/casinoreturn.com\/#\/schema\/logo\/image\/"}}]}},"_links":{"self":[{"href":"https:\/\/casinoreturn.com\/fi\/wp-json\/wp\/v2\/pages\/4960","targetHints":{"allow":["GET"]}}],"collection":[{"href":"https:\/\/casinoreturn.com\/fi\/wp-json\/wp\/v2\/pages"}],"about":[{"href":"https:\/\/casinoreturn.com\/fi\/wp-json\/wp\/v2\/types\/page"}],"author":[{"embeddable":true,"href":"https:\/\/casinoreturn.com\/fi\/wp-json\/wp\/v2\/users\/1"}],"replies":[{"embeddable":true,"href":"https:\/\/casinoreturn.com\/fi\/wp-json\/wp\/v2\/comments?post=4960"}],"version-history":[{"count":3,"href":"https:\/\/casinoreturn.com\/fi\/wp-json\/wp\/v2\/pages\/4960\/revisions"}],"predecessor-version":[{"id":11573,"href":"https:\/\/casinoreturn.com\/fi\/wp-json\/wp\/v2\/pages\/4960\/revisions\/11573"}],"wp:attachment":[{"href":"https:\/\/casinoreturn.com\/fi\/wp-json\/wp\/v2\/media?parent=4960"}],"curies":[{"name":"wp","href":"https:\/\/api.w.org\/{rel}","templated":true}]}}